{"id":1036,"date":"2016-09-29T22:08:55","date_gmt":"2016-09-29T20:08:55","guid":{"rendered":"http:\/\/www.gemeinde-untermarchtal.de\/?page_id=1036"},"modified":"2018-07-21T09:24:24","modified_gmt":"2018-07-21T07:24:24","slug":"neubau-donauviadukt","status":"publish","type":"page","link":"https:\/\/www.gemeinde-untermarchtal.de\/index.php\/neubau-donauviadukt\/","title":{"rendered":"Neubau Donauviadukt - baubegleitende Berichterstattung"},"content":{"rendered":"<h2>Die Etappen bis zur Fertigstellung des neuen Donauviaduktes - Ende 2011\u00a0bis August 2014<\/h2>\r\n\r\n<p>Text und Bild: Hermann Josef Illenberger, Untermarchtal<\/p>\r\n\r\n\r\n<h4>Januar 2012<\/h4>\r\n<p>Zur Historie des Br\u00fcckenbaus in Untermarchtal, - <a href=\"https:\/\/www.gemeinde-untermarchtal.de\/index.php\/neubau-donauviadukt-januar-2012\/\"> ein paar Vorgeschichten<\/a> -, der Baubeginn Ende 2011.<\/p>\r\n\r\n<h4>April 2012<\/h4>\r\n<p>Erste Vorarbeiten Pfeiler, Wiederlager, Sprengungen. <a href=\"https:\/\/www.gemeinde-untermarchtal.de\/index.php\/neubau-donauviadukt-april-2012\/\">Zum Beitrag Neubau Donauviadukt &hellip;<\/a><\/p>\r\n\r\n<h4>Mai 2012<\/h4>\r\n<p><a href=\"https:\/\/www.gemeinde-untermarchtal.de\/index.php\/neubau-donauviadukt-mai-2012\/\">Baugrundsicherung<\/a> f\u00fcr Hilfspfeiler, St\u00fctzpfeiler und Wiederlager.<\/p>\r\n\r\n<h4>Juni 2012<\/h4>\r\n<p>Tiefenbohrungen am Widerlager, Erster Hilfspfeiler fertig, Schalungsarbeiten und Eisenbieger am Werk. <a href=\"https:\/\/www.gemeinde-untermarchtal.de\/index.php\/neubau-donauviadukt-juni-2012\/\">Dazu noch eine Familiengeschichte<\/a>.<\/p>\r\n\r\n<h4>August 2012<\/h4>\r\n<p><a href=\"https:\/\/www.gemeinde-untermarchtal.de\/index.php\/neubau-donauviadukt-august-2012\/\">Die ersten &#8222;Takte&#8220;<\/a> zum \u00dcberbau wurden geschoben, Pfeilerfertigung im Zeitplansoll.<\/p>\r\n\r\n<h4>Oktober 2012<\/h4>\r\n<p><a href=\"https:\/\/www.gemeinde-untermarchtal.de\/index.php\/neubau-donauviadukt-oktober-2012\/\">&#8222;Halbzeit&#8220;<\/a> am Br\u00fccken\u00fcberbau<\/p>\r\n\r\n<h4>November 2012<\/h4>\r\n<p>Am 12. November wurde der <a href=\"https:\/\/www.gemeinde-untermarchtal.de\/index.php\/neubau-donauviadukt-november-2012\/\">13. Br\u00fccken\u00fcberbautakt<\/a> geschoben - noch sind knapp 100 Meter &#8222;offen&#8220;.<\/p>\r\n\r\n<h4>Dezember 2012<\/h4>\r\n<p>Am 21. Dezember 2012, 15.55 Uhr, war der <a href=\"https:\/\/www.gemeinde-untermarchtal.de\/index.php\/neubau-donauviadukt-dezember-2012\/\">&#8222;Br\u00fcckenschlag&#8220;<\/a> \u00fcber die Donau als\u00a0Meilenstein beim Neubau.<\/p>\r\n\r\n<h4>Mai 2013<\/h4>\r\n<p><a href=\"https:\/\/www.gemeinde-untermarchtal.de\/index.php\/neubau-donauviadukt-mai-2013\/\">weiterf\u00fchrende Bauma\u00dfnahmen<\/a> im Fr\u00fchjahr.<\/p>\r\n\r\n<h4>Juli 2013<\/h4>\r\n<p>Stra\u00dfenbauanschl\u00fcsse Richtung Riedlingen und Ehingen, Gesimse-Kappenherstellung, <a href=\"https:\/\/www.gemeinde-untermarchtal.de\/index.php\/neubau-donauviadukt-juli-2013\/\">Steilwandbau Hanglage Riedlingen und deren Sicherungsbau<\/a>, Erdverbau und Naturschutz.<\/p>\r\n\r\n<h4>August 2013<\/h4>\r\n<p><a href=\"https:\/\/www.gemeinde-untermarchtal.de\/index.php\/neubau-donauviadukt-august-2013\/\">Baufortschritt im August 2013<\/a> auf der Br\u00fccke und den Stra\u00dfenanschl\u00fcssen, der Zeitplan steht.<\/p>\r\n\r\n<h4>September 2013<\/h4>\r\n<p>Arbeiten im Zeitplan, <a href=\"https:\/\/www.gemeinde-untermarchtal.de\/index.php\/neubau-donauviadukt-september-2013\/\">Fahrbahnbelag wird aufgebracht<\/a> \u2013 Kurzfristige Stra\u00dfensperren.<\/p>\r\n\r\n<h4>Oktober 2013<\/h4>\r\n<p><a href=\"https:\/\/www.gemeinde-untermarchtal.de\/index.php\/neubau-donauviadukt-oktober-2013\/\">Fertigstellung und Verkehrs\u00fcbergabe<\/a> - Ende Oktober 2013.<\/p>\r\n\r\n<h4>Oktober 2013<\/h4>\r\n<p>Neubau des Untermarchtaler <a href=\"https:\/\/www.gemeinde-untermarchtal.de\/index.php\/neubau-donauviadukt-verkehrsfreigabe-oktober-2013\/\">Donauviadukt f\u00fcr den Vehrkehr freigegeben<\/a>. Wir schreiben den 30. Oktober 2013.<\/p>\r\n\r\n<h4>November 2013<\/h4>\r\n<p>Wir schauen zur\u00fcck - <a href=\"https:\/\/www.gemeinde-untermarchtal.de\/index.php\/neubau-donauviadukt-november-2013\/\">Donauviadukt - 60 Jahre Bestand<\/a>.<\/p>\r\n\r\n<h4>Dezember 2013<\/h4>\r\n<p>Aktive Winterbaustelle beim <a href=\"https:\/\/www.gemeinde-untermarchtal.de\/index.php\/neubau-donauviadukt-dezember-2013\/\">Abbruch des alten Donautal-Viadukt<\/a> bei Untermarchtal.<\/p>\r\n\r\n<h4>Januar 2014<\/h4>\r\n<p><a href=\"https:\/\/www.gemeinde-untermarchtal.de\/index.php\/neubau-donauviadukt-januar-2014\/\">R\u00fcckbau des alten Donauviadukt im vollen Gange<\/a> \u2013 2 Bauabschnitte notwendig.<\/p>\r\n\r\n<h4>Februar 2014<\/h4>\r\n<p><a href=\"https:\/\/www.gemeinde-untermarchtal.de\/index.php\/neubau-donauviadukt-februar-2014\/\">Aktueller Stand der Abbrucharbeiten<\/a> des alten Viadukt<\/p>\r\n\r\n<h4>M\u00e4rz 2014<\/h4>\r\n<p>Ehemaliges Donauviadukt Untermarchtal: <a href=\"https:\/\/www.gemeinde-untermarchtal.de\/index.php\/neubau-donauviadukt-maerz-2014\/\">Abbruch des Bauwerk<\/a><\/p>\r\n\r\n<h4>April 2014<\/h4>\r\n<p>Aktueller Stand im Monat April 2014 der <a href=\"https:\/\/www.gemeinde-untermarchtal.de\/index.php\/neubau-donauviadukt-april-2014\/\">Abbrucharbeiten des alten Viadukt<\/a>.<\/p>\r\n\r\n<h4>Juni 2014<\/h4>\r\n<p><a href=\"https:\/\/www.gemeinde-untermarchtal.de\/index.php\/neubau-donauviadukt-juni-2014\/\">R\u00fcckbau des ehemaligen Viadukt<\/a> geht dem Ende entgegen.<\/p>\r\n\r\n<h4>Juli 2014<\/h4>\r\n<p>Neues Donautal-Viadukt bei Untermarchtal - <a href=\"https:\/\/www.gemeinde-untermarchtal.de\/index.php\/neubau-donauviadukt-juli-2014\/\">Abschluss und \u00dcbergabe<\/a>.<\/p>\r\n\r\n<h4>August 2014<\/h4>\r\n<p><a href=\"https:\/\/www.gemeinde-untermarchtal.de\/index.php\/neubau-donauviadukt-august-2014\/\">Wasserfledermauskolonie<\/a> beim Donauviadukt.<\/p>","protected":false},"excerpt":{"rendered":"<p>Die Etappen bis zur Fertigstellung des neuen Donauviaduktes - Ende 2011\u00a0bis August 2014 Text und Bild: Hermann Josef Illenberger, Untermarchtal Januar 2012 Zur Historie des Br\u00fcckenbaus in Untermarchtal, - ein paar Vorgeschichten -, der Baubeginn Ende 2011. April 2012 Erste Vorarbeiten Pfeiler, Wiederlager, Sprengungen. Zum Beitrag Neubau Donauviadukt &hellip; Mai 2012 Baugrundsicherung f\u00fcr Hilfspfeiler, St\u00fctzpfeiler [&hellip;]<\/p>\n","protected":false},"author":1,"featured_media":0,"parent":0,"menu_order":0,"comment_status":"closed","ping_status":"closed","template":"page-templates\/_template_aktuelle_beitraege.php","meta":{"_acf_changed":false,"footnotes":""},"class_list":["post-1036","page","type-page","status-publish","hentry"],"acf":[],"yoast_head":"<!-- This site is optimized with the Yoast SEO plugin v26.7 - https:\/\/yoast.com\/wordpress\/plugins\/seo\/ -->\n<title>Neubau Donauviadukt - baubegleitende Berichterstattung - Gemeinde Untermarchtal<\/title>\n<meta name=\"robots\" content=\"index, follow, max-snippet:-1, max-image-preview:large, max-video-preview:-1\" \/>\n<link rel=\"canonical\" href=\"https:\/\/www.gemeinde-untermarchtal.de\/index.php\/neubau-donauviadukt\/\" \/>\n<meta property=\"og:locale\" content=\"de_DE\" \/>\n<meta property=\"og:type\" content=\"article\" \/>\n<meta property=\"og:title\" content=\"Neubau Donauviadukt - baubegleitende Berichterstattung - Gemeinde Untermarchtal\" \/>\n<meta property=\"og:description\" content=\"Die Etappen bis zur Fertigstellung des neuen Donauviaduktes - Ende 2011\u00a0bis August 2014 Text und Bild: Hermann Josef Illenberger, Untermarchtal Januar 2012 Zur Historie des Br\u00fcckenbaus in Untermarchtal, - ein paar Vorgeschichten -, der Baubeginn Ende 2011. April 2012 Erste Vorarbeiten Pfeiler, Wiederlager, Sprengungen. Zum Beitrag Neubau Donauviadukt &hellip; Mai 2012 Baugrundsicherung f\u00fcr Hilfspfeiler, St\u00fctzpfeiler [&hellip;]\" \/>\n<meta property=\"og:url\" content=\"https:\/\/www.gemeinde-untermarchtal.de\/index.php\/neubau-donauviadukt\/\" \/>\n<meta property=\"og:site_name\" content=\"Gemeinde Untermarchtal\" \/>\n<meta property=\"article:modified_time\" content=\"2018-07-21T07:24:24+00:00\" \/>\n<meta name=\"twitter:card\" content=\"summary_large_image\" \/>\n<meta name=\"twitter:label1\" content=\"Gesch\u00e4tzte Lesezeit\" \/>\n\t<meta name=\"twitter:data1\" content=\"1\u00a0Minute\" \/>\n<script type=\"application\/ld+json\" class=\"yoast-schema-graph\">{\"@context\":\"https:\/\/schema.org\",\"@graph\":[{\"@type\":\"WebPage\",\"@id\":\"https:\/\/www.gemeinde-untermarchtal.de\/index.php\/neubau-donauviadukt\/\",\"url\":\"https:\/\/www.gemeinde-untermarchtal.de\/index.php\/neubau-donauviadukt\/\",\"name\":\"Neubau Donauviadukt - baubegleitende Berichterstattung - Gemeinde Untermarchtal\",\"isPartOf\":{\"@id\":\"https:\/\/www.gemeinde-untermarchtal.de\/#website\"},\"datePublished\":\"2016-09-29T20:08:55+00:00\",\"dateModified\":\"2018-07-21T07:24:24+00:00\",\"breadcrumb\":{\"@id\":\"https:\/\/www.gemeinde-untermarchtal.de\/index.php\/neubau-donauviadukt\/#breadcrumb\"},\"inLanguage\":\"de\",\"potentialAction\":[{\"@type\":\"ReadAction\",\"target\":[\"https:\/\/www.gemeinde-untermarchtal.de\/index.php\/neubau-donauviadukt\/\"]}]},{\"@type\":\"BreadcrumbList\",\"@id\":\"https:\/\/www.gemeinde-untermarchtal.de\/index.php\/neubau-donauviadukt\/#breadcrumb\",\"itemListElement\":[{\"@type\":\"ListItem\",\"position\":1,\"name\":\"Startseite\",\"item\":\"https:\/\/www.gemeinde-untermarchtal.de\/\"},{\"@type\":\"ListItem\",\"position\":2,\"name\":\"Neubau Donauviadukt - baubegleitende Berichterstattung\"}]},{\"@type\":\"WebSite\",\"@id\":\"https:\/\/www.gemeinde-untermarchtal.de\/#website\",\"url\":\"https:\/\/www.gemeinde-untermarchtal.de\/\",\"name\":\"Gemeinde Untermarchtal\",\"description\":\"Gemeinde Untermarchtal\",\"potentialAction\":[{\"@type\":\"SearchAction\",\"target\":{\"@type\":\"EntryPoint\",\"urlTemplate\":\"https:\/\/www.gemeinde-untermarchtal.de\/?s={search_term_string}\"},\"query-input\":{\"@type\":\"PropertyValueSpecification\",\"valueRequired\":true,\"valueName\":\"search_term_string\"}}],\"inLanguage\":\"de\"}]}<\/script>\n<!-- \/ Yoast SEO plugin. -->","yoast_head_json":{"title":"Neubau Donauviadukt - baubegleitende Berichterstattung - Gemeinde Untermarchtal","robots":{"index":"index","follow":"follow","max-snippet":"max-snippet:-1","max-image-preview":"max-image-preview:large","max-video-preview":"max-video-preview:-1"},"canonical":"https:\/\/www.gemeinde-untermarchtal.de\/index.php\/neubau-donauviadukt\/","og_locale":"de_DE","og_type":"article","og_title":"Neubau Donauviadukt - baubegleitende Berichterstattung - Gemeinde Untermarchtal","og_description":"Die Etappen bis zur Fertigstellung des neuen Donauviaduktes - Ende 2011\u00a0bis August 2014 Text und Bild: Hermann Josef Illenberger, Untermarchtal Januar 2012 Zur Historie des Br\u00fcckenbaus in Untermarchtal, - ein paar Vorgeschichten -, der Baubeginn Ende 2011. April 2012 Erste Vorarbeiten Pfeiler, Wiederlager, Sprengungen. Zum Beitrag Neubau Donauviadukt &hellip; Mai 2012 Baugrundsicherung f\u00fcr Hilfspfeiler, St\u00fctzpfeiler [&hellip;]","og_url":"https:\/\/www.gemeinde-untermarchtal.de\/index.php\/neubau-donauviadukt\/","og_site_name":"Gemeinde Untermarchtal","article_modified_time":"2018-07-21T07:24:24+00:00","twitter_card":"summary_large_image","twitter_misc":{"Gesch\u00e4tzte Lesezeit":"1\u00a0Minute"},"schema":{"@context":"https:\/\/schema.org","@graph":[{"@type":"WebPage","@id":"https:\/\/www.gemeinde-untermarchtal.de\/index.php\/neubau-donauviadukt\/","url":"https:\/\/www.gemeinde-untermarchtal.de\/index.php\/neubau-donauviadukt\/","name":"Neubau Donauviadukt - baubegleitende Berichterstattung - Gemeinde Untermarchtal","isPartOf":{"@id":"https:\/\/www.gemeinde-untermarchtal.de\/#website"},"datePublished":"2016-09-29T20:08:55+00:00","dateModified":"2018-07-21T07:24:24+00:00","breadcrumb":{"@id":"https:\/\/www.gemeinde-untermarchtal.de\/index.php\/neubau-donauviadukt\/#breadcrumb"},"inLanguage":"de","potentialAction":[{"@type":"ReadAction","target":["https:\/\/www.gemeinde-untermarchtal.de\/index.php\/neubau-donauviadukt\/"]}]},{"@type":"BreadcrumbList","@id":"https:\/\/www.gemeinde-untermarchtal.de\/index.php\/neubau-donauviadukt\/#breadcrumb","itemListElement":[{"@type":"ListItem","position":1,"name":"Startseite","item":"https:\/\/www.gemeinde-untermarchtal.de\/"},{"@type":"ListItem","position":2,"name":"Neubau Donauviadukt - baubegleitende Berichterstattung"}]},{"@type":"WebSite","@id":"https:\/\/www.gemeinde-untermarchtal.de\/#website","url":"https:\/\/www.gemeinde-untermarchtal.de\/","name":"Gemeinde Untermarchtal","description":"Gemeinde Untermarchtal","potentialAction":[{"@type":"SearchAction","target":{"@type":"EntryPoint","urlTemplate":"https:\/\/www.gemeinde-untermarchtal.de\/?s={search_term_string}"},"query-input":{"@type":"PropertyValueSpecification","valueRequired":true,"valueName":"search_term_string"}}],"inLanguage":"de"}]}},"_links":{"self":[{"href":"https:\/\/www.gemeinde-untermarchtal.de\/index.php\/wp-json\/wp\/v2\/pages\/1036","targetHints":{"allow":["GET"]}}],"collection":[{"href":"https:\/\/www.gemeinde-untermarchtal.de\/index.php\/wp-json\/wp\/v2\/pages"}],"about":[{"href":"https:\/\/www.gemeinde-untermarchtal.de\/index.php\/wp-json\/wp\/v2\/types\/page"}],"author":[{"embeddable":true,"href":"https:\/\/www.gemeinde-untermarchtal.de\/index.php\/wp-json\/wp\/v2\/users\/1"}],"replies":[{"embeddable":true,"href":"https:\/\/www.gemeinde-untermarchtal.de\/index.php\/wp-json\/wp\/v2\/comments?post=1036"}],"version-history":[{"count":83,"href":"https:\/\/www.gemeinde-untermarchtal.de\/index.php\/wp-json\/wp\/v2\/pages\/1036\/revisions"}],"predecessor-version":[{"id":1531,"href":"https:\/\/www.gemeinde-untermarchtal.de\/index.php\/wp-json\/wp\/v2\/pages\/1036\/revisions\/1531"}],"wp:attachment":[{"href":"https:\/\/www.gemeinde-untermarchtal.de\/index.php\/wp-json\/wp\/v2\/media?parent=1036"}],"curies":[{"name":"wp","href":"https:\/\/api.w.org\/{rel}","templated":true}]}}