{"id":104,"date":"2016-08-31T14:09:48","date_gmt":"2016-08-31T12:09:48","guid":{"rendered":"http:\/\/dev.gemeinde-untermarchtal.de\/?page_id=104"},"modified":"2026-01-22T14:39:37","modified_gmt":"2026-01-22T13:39:37","slug":"mehrzweckhalle","status":"publish","type":"page","link":"https:\/\/www.gemeinde-untermarchtal.de\/index.php\/mehrzweckhalle\/","title":{"rendered":"Mehrzweckhalle"},"content":{"rendered":"Im Jahr 1995 konnten wir unsere neue Mehrzweckhalle er\u00f6ffnen. Die Einrichtung dient neben der schulischen Nutzung vor allem den \u00f6rtlichen Vereinen und Gruppen f\u00fcr sportliche und dem Vereinszweck dienende Veranstaltungen und Kurse. Den Belegungsplan k\u00f6nnen Sie gerne bei der Gemeindeverwaltung anfordern.","protected":false},"excerpt":{"rendered":"<p>Im Jahr 1995 konnten wir unsere neue Mehrzweckhalle er\u00f6ffnen. Die Einrichtung dient neben der schulischen Nutzung vor allem den \u00f6rtlichen Vereinen und Gruppen f\u00fcr sportliche und dem Vereinszweck dienende Veranstaltungen und Kurse. Den Belegungsplan k\u00f6nnen Sie gerne bei der Gemeindeverwaltung anfordern.<\/p>\n","protected":false},"author":1,"featured_media":0,"parent":0,"menu_order":0,"comment_status":"closed","ping_status":"closed","template":"page-templates\/template_unterseite_sidebar.php","meta":{"_acf_changed":false,"footnotes":""},"class_list":["post-104","page","type-page","status-publish","hentry"],"acf":[],"yoast_head":"<!-- This site is optimized with the Yoast SEO plugin v26.7 - https:\/\/yoast.com\/wordpress\/plugins\/seo\/ -->\n<title>Mehrzweckhalle | \u00d6rtlichen Vereinen und Gruppen f\u00fcr sportliche Kurse<\/title>\n<meta name=\"description\" content=\"Mehrzweckhalle Untermarchtal die Einrichtung dient neben der schulischen vor allem den \u00f6rtlichen Vereinen und Gruppen f\u00fcr sportliche Nutzung und Vereinszweck.\" \/>\n<meta name=\"robots\" content=\"index, follow, max-snippet:-1, max-image-preview:large, max-video-preview:-1\" \/>\n<link rel=\"canonical\" href=\"https:\/\/www.gemeinde-untermarchtal.de\/index.php\/mehrzweckhalle\/\" \/>\n<meta property=\"og:locale\" content=\"de_DE\" \/>\n<meta property=\"og:type\" content=\"article\" \/>\n<meta property=\"og:title\" content=\"Mehrzweckhalle | \u00d6rtlichen Vereinen und Gruppen f\u00fcr sportliche Kurse\" \/>\n<meta property=\"og:description\" content=\"Mehrzweckhalle Untermarchtal die Einrichtung dient neben der schulischen vor allem den \u00f6rtlichen Vereinen und Gruppen f\u00fcr sportliche Nutzung und Vereinszweck.\" \/>\n<meta property=\"og:url\" content=\"https:\/\/www.gemeinde-untermarchtal.de\/index.php\/mehrzweckhalle\/\" \/>\n<meta property=\"og:site_name\" content=\"Gemeinde Untermarchtal\" \/>\n<meta property=\"article:modified_time\" content=\"2026-01-22T13:39:37+00:00\" \/>\n<meta name=\"twitter:card\" content=\"summary_large_image\" \/>\n<meta name=\"twitter:label1\" content=\"Gesch\u00e4tzte Lesezeit\" \/>\n\t<meta name=\"twitter:data1\" content=\"1\u00a0Minute\" \/>\n<script type=\"application\/ld+json\" class=\"yoast-schema-graph\">{\"@context\":\"https:\/\/schema.org\",\"@graph\":[{\"@type\":\"WebPage\",\"@id\":\"https:\/\/www.gemeinde-untermarchtal.de\/index.php\/mehrzweckhalle\/\",\"url\":\"https:\/\/www.gemeinde-untermarchtal.de\/index.php\/mehrzweckhalle\/\",\"name\":\"Mehrzweckhalle | \u00d6rtlichen Vereinen und Gruppen f\u00fcr sportliche Kurse\",\"isPartOf\":{\"@id\":\"https:\/\/www.gemeinde-untermarchtal.de\/#website\"},\"datePublished\":\"2016-08-31T12:09:48+00:00\",\"dateModified\":\"2026-01-22T13:39:37+00:00\",\"description\":\"Mehrzweckhalle Untermarchtal die Einrichtung dient neben der schulischen vor allem den \u00f6rtlichen Vereinen und Gruppen f\u00fcr sportliche Nutzung und Vereinszweck.\",\"breadcrumb\":{\"@id\":\"https:\/\/www.gemeinde-untermarchtal.de\/index.php\/mehrzweckhalle\/#breadcrumb\"},\"inLanguage\":\"de\",\"potentialAction\":[{\"@type\":\"ReadAction\",\"target\":[\"https:\/\/www.gemeinde-untermarchtal.de\/index.php\/mehrzweckhalle\/\"]}]},{\"@type\":\"BreadcrumbList\",\"@id\":\"https:\/\/www.gemeinde-untermarchtal.de\/index.php\/mehrzweckhalle\/#breadcrumb\",\"itemListElement\":[{\"@type\":\"ListItem\",\"position\":1,\"name\":\"Startseite\",\"item\":\"https:\/\/www.gemeinde-untermarchtal.de\/\"},{\"@type\":\"ListItem\",\"position\":2,\"name\":\"Mehrzweckhalle\"}]},{\"@type\":\"WebSite\",\"@id\":\"https:\/\/www.gemeinde-untermarchtal.de\/#website\",\"url\":\"https:\/\/www.gemeinde-untermarchtal.de\/\",\"name\":\"Gemeinde Untermarchtal\",\"description\":\"Gemeinde Untermarchtal\",\"potentialAction\":[{\"@type\":\"SearchAction\",\"target\":{\"@type\":\"EntryPoint\",\"urlTemplate\":\"https:\/\/www.gemeinde-untermarchtal.de\/?s={search_term_string}\"},\"query-input\":{\"@type\":\"PropertyValueSpecification\",\"valueRequired\":true,\"valueName\":\"search_term_string\"}}],\"inLanguage\":\"de\"}]}<\/script>\n<!-- \/ Yoast SEO plugin. -->","yoast_head_json":{"title":"Mehrzweckhalle | \u00d6rtlichen Vereinen und Gruppen f\u00fcr sportliche Kurse","description":"Mehrzweckhalle Untermarchtal die Einrichtung dient neben der schulischen vor allem den \u00f6rtlichen Vereinen und Gruppen f\u00fcr sportliche Nutzung und Vereinszweck.","robots":{"index":"index","follow":"follow","max-snippet":"max-snippet:-1","max-image-preview":"max-image-preview:large","max-video-preview":"max-video-preview:-1"},"canonical":"https:\/\/www.gemeinde-untermarchtal.de\/index.php\/mehrzweckhalle\/","og_locale":"de_DE","og_type":"article","og_title":"Mehrzweckhalle | \u00d6rtlichen Vereinen und Gruppen f\u00fcr sportliche Kurse","og_description":"Mehrzweckhalle Untermarchtal die Einrichtung dient neben der schulischen vor allem den \u00f6rtlichen Vereinen und Gruppen f\u00fcr sportliche Nutzung und Vereinszweck.","og_url":"https:\/\/www.gemeinde-untermarchtal.de\/index.php\/mehrzweckhalle\/","og_site_name":"Gemeinde Untermarchtal","article_modified_time":"2026-01-22T13:39:37+00:00","twitter_card":"summary_large_image","twitter_misc":{"Gesch\u00e4tzte Lesezeit":"1\u00a0Minute"},"schema":{"@context":"https:\/\/schema.org","@graph":[{"@type":"WebPage","@id":"https:\/\/www.gemeinde-untermarchtal.de\/index.php\/mehrzweckhalle\/","url":"https:\/\/www.gemeinde-untermarchtal.de\/index.php\/mehrzweckhalle\/","name":"Mehrzweckhalle | \u00d6rtlichen Vereinen und Gruppen f\u00fcr sportliche Kurse","isPartOf":{"@id":"https:\/\/www.gemeinde-untermarchtal.de\/#website"},"datePublished":"2016-08-31T12:09:48+00:00","dateModified":"2026-01-22T13:39:37+00:00","description":"Mehrzweckhalle Untermarchtal die Einrichtung dient neben der schulischen vor allem den \u00f6rtlichen Vereinen und Gruppen f\u00fcr sportliche Nutzung und Vereinszweck.","breadcrumb":{"@id":"https:\/\/www.gemeinde-untermarchtal.de\/index.php\/mehrzweckhalle\/#breadcrumb"},"inLanguage":"de","potentialAction":[{"@type":"ReadAction","target":["https:\/\/www.gemeinde-untermarchtal.de\/index.php\/mehrzweckhalle\/"]}]},{"@type":"BreadcrumbList","@id":"https:\/\/www.gemeinde-untermarchtal.de\/index.php\/mehrzweckhalle\/#breadcrumb","itemListElement":[{"@type":"ListItem","position":1,"name":"Startseite","item":"https:\/\/www.gemeinde-untermarchtal.de\/"},{"@type":"ListItem","position":2,"name":"Mehrzweckhalle"}]},{"@type":"WebSite","@id":"https:\/\/www.gemeinde-untermarchtal.de\/#website","url":"https:\/\/www.gemeinde-untermarchtal.de\/","name":"Gemeinde Untermarchtal","description":"Gemeinde Untermarchtal","potentialAction":[{"@type":"SearchAction","target":{"@type":"EntryPoint","urlTemplate":"https:\/\/www.gemeinde-untermarchtal.de\/?s={search_term_string}"},"query-input":{"@type":"PropertyValueSpecification","valueRequired":true,"valueName":"search_term_string"}}],"inLanguage":"de"}]}},"_links":{"self":[{"href":"https:\/\/www.gemeinde-untermarchtal.de\/index.php\/wp-json\/wp\/v2\/pages\/104","targetHints":{"allow":["GET"]}}],"collection":[{"href":"https:\/\/www.gemeinde-untermarchtal.de\/index.php\/wp-json\/wp\/v2\/pages"}],"about":[{"href":"https:\/\/www.gemeinde-untermarchtal.de\/index.php\/wp-json\/wp\/v2\/types\/page"}],"author":[{"embeddable":true,"href":"https:\/\/www.gemeinde-untermarchtal.de\/index.php\/wp-json\/wp\/v2\/users\/1"}],"replies":[{"embeddable":true,"href":"https:\/\/www.gemeinde-untermarchtal.de\/index.php\/wp-json\/wp\/v2\/comments?post=104"}],"version-history":[{"count":9,"href":"https:\/\/www.gemeinde-untermarchtal.de\/index.php\/wp-json\/wp\/v2\/pages\/104\/revisions"}],"predecessor-version":[{"id":5397,"href":"https:\/\/www.gemeinde-untermarchtal.de\/index.php\/wp-json\/wp\/v2\/pages\/104\/revisions\/5397"}],"wp:attachment":[{"href":"https:\/\/www.gemeinde-untermarchtal.de\/index.php\/wp-json\/wp\/v2\/media?parent=104"}],"curies":[{"name":"wp","href":"https:\/\/api.w.org\/{rel}","templated":true}]}}