{"id":1169,"date":"2016-10-06T22:10:47","date_gmt":"2016-10-06T20:10:47","guid":{"rendered":"http:\/\/www.gemeinde-untermarchtal.de\/?page_id=1169"},"modified":"2018-07-21T15:00:36","modified_gmt":"2018-07-21T13:00:36","slug":"neubau-donauviadukt-mai-2012","status":"publish","type":"page","link":"https:\/\/www.gemeinde-untermarchtal.de\/index.php\/neubau-donauviadukt-mai-2012\/","title":{"rendered":"Neubau Donauviadukt - Mai 2012"},"content":{"rendered":"<p>Nach Auskunft der zust\u00e4ndigen Bau\u00fcberwachungstelle vom Regierungspr\u00e4sidium T\u00fcbingen, Abt. Stra\u00dfenbau in Ehingen Herr Wilhelm Striebel, sind die Arbeiten an der genannten Baustelle &#8222;Neubau des Donautalviadukt&#8220; im Zeitplan. Auch von den Firmen G+R Spezialtiefbau Aalen und Ehingen, dem Bauunternehmen Matth\u00e4us Schmid, Baltringen und der Stra\u00dfenbaufirma Kirchhoff, Langenargen und Ehingen, wurde erw\u00e4hnt, da\u00df der Baufortschritt im vorgegebenen Zeitplan liegt.<\/p>\r\n\r\n<div id=\"attachment_1171\" style=\"width: 770px\" class=\"wp-caption alignnone\"><img loading=\"lazy\" decoding=\"async\" aria-describedby=\"caption-attachment-1171\" class=\"wp-image-1171 size-full\" src=\"https:\/\/www.gemeinde-untermarchtal.de\/bilder\/Donauviadukt_Neubau_Mai_2012_Ehinger_Seite.jpg\" alt=\"donauviadukt_neubau_mai_2012_ehinger_seite\" width=\"760\" height=\"570\" \/><p id=\"caption-attachment-1171\" class=\"wp-caption-text\">Das Foto zeigt die Gesamtansicht der Viadukt-Br\u00fcckenbaustelle. Ganz im Vordergrund zwei Pfahlkopfplatten f\u00fcr das Widerlager der Br\u00fccke in Richtung Ehingen, dann den Baukran und die Baustelle mit der ersten Pfeiler-Pfahlkopfplatte, den ersten Basisbauteil des Hilfspfeiler beim Bahngleis und das Bohrger\u00e4t im Hintergrund.<\/p><\/div>\r\n\r\n<div id=\"attachment_1170\" style=\"width: 580px\" class=\"wp-caption alignnone\"><img loading=\"lazy\" decoding=\"async\" aria-describedby=\"caption-attachment-1170\" class=\"wp-image-1170 size-full\" src=\"https:\/\/www.gemeinde-untermarchtal.de\/bilder\/Donauviadukt_Neubau_Mai_2012_Bohrgeraet.jpg\" alt=\"donauviadukt_neubau_mai_2012_bohrgeraet\" width=\"570\" height=\"760\" \/><p id=\"caption-attachment-1170\" class=\"wp-caption-text\">Bohrger\u00e4t im Einsatz<\/p><\/div>\r\n\r\n<h4>Ma\u00dfnahmen zur Baugrundsicherung<\/h4>\r\n<p>An der Baustelle, zwischen dem zu errichtendenden ersten Br\u00fcckenpfeiler und Bahngleis, \u00fcberragt jetzt ein \u00fcber 30 Meter hoher Baukran der Firma Schmid die Br\u00fcckenbaustelle. Es soll ein weiterer Baukran in der N\u00e4he der Donau aufgestellt werden. Das in der Talsohle arbeitende und 20 Meter hohe Spezialbohrger\u00e4t der Firma G+R arbeitet schon seit mehreren Wochen im Donautal. Es sind Bohrungen an den k\u00fcnftigen Standorten der 4 Br\u00fcckenpfeiler und die w\u00e4hrend dem Br\u00fcckenbau\u00a0notwendigen 3 Hilfs- bzw. St\u00fctzpfeiler zu machen. 46 Bohrl\u00f6cher mit einer unterschiedlichen Tiefe bis zu 18 Meter und einem Durchmesser bis zu 1.50 Meter sind einzubringen. Die Bohrungen m\u00fcssen den festen Untergrund des Jurakalkfels in der Tiefe erreichen und in diesen mindestens 50 cm hineinragen. Bei den Bohrungen fallen riesige Mengen an Urboden, Sand, Kies und Gesteinsmaterial an. Das Gesteinsmaterial wird gr\u00f6\u00dftenteil mit LKW zur Dammaufsch\u00fcttung und Herstellung des Widerlagers Richtung Riedlingen gefahren. Grundwasser f\u00e4llt in diesem Materialgemenge ebenfalls an. Die f\u00fcr die Br\u00fcckenpfeiler ben\u00f6tigte, sogenannte &#8222;Pfahlkopfplatten-Baugrundierung&#8220; werden je nach Gr\u00f6\u00dfe der Pfahlkopfplattenstelle mit 6 bis 8 Bohrl\u00f6cher und diese wiederum mit einem Stahlbewehrungskorb mit Beton verf\u00fcllt. Die Pfahlkopfplattenstelle wird mit Stahlspundw\u00e4nden bis zu einer Einbautiefe von 10 bis 12 Meter gesichert. Das Einrammen der Spundw\u00e4nde und die Arbeiten mit dem Bohrger\u00e4t gehen selbstverst\u00e4ndlich nicht ganz ger\u00e4uschlos vonstatten, bleiben aber im ertr\u00e4glichen Rahmen. Die Herstellung der Bohrung jetzt auf der linken Donauseite sollen etwa bis 20. Mai beendet sein. Danach\u00a0wird das schwere Bohrger\u00e4t auf die rechte Donauseite umgesetzt. Dort wird je 1 Br\u00fccken- bzw. Hilfspfeiler erstellt.<\/p>\r\n\r\n<div id=\"attachment_1173\" style=\"width: 770px\" class=\"wp-caption alignnone\"><img loading=\"lazy\" decoding=\"async\" aria-describedby=\"caption-attachment-1173\" class=\"wp-image-1173 size-full\" src=\"https:\/\/www.gemeinde-untermarchtal.de\/bilder\/Donauviadukt_Neubau_Mai_2012_Pfahlkopfplatten.jpg\" alt=\"donauviadukt_neubau_mai_2012_pfahlkopfplatten\" width=\"760\" height=\"570\" \/><p id=\"caption-attachment-1173\" class=\"wp-caption-text\">Arbeiter bei der \"Abspitzung\" des oberen Teil der bei den Pfahlkopfplatten eingebrachten Stahlbewehrungsk\u00f6rbe mit Kompressorh\u00e4mmer.<\/p><\/div>\r\n\r\n<h4>Br\u00fcckenbau-Vorbereitung und &#8222;Tag der offenen T\u00fcr&#8220; geplant<\/h4>\r\n<p>Beim k\u00fcnftigen Br\u00fcckenwiderlager Richtung Ehingen wurden ebenfalls Tiefenbohrungen in den Fels zur Gr\u00fcndung des Widerlagers eingebracht. Hier entsteht in der L\u00e4ngsrichtung der k\u00fcnftigen Stra\u00dfenf\u00fchrung zum Viadukt ein sogenannter &#8222;Taktkeller&#8220;. Dieser Taktkeller wird zur Fertigung und Vorschiebung der 18 Takte zur Herstellung des Br\u00fccken\u00fcberbau gebraucht. Der Taktkeller, etwa 20 x 20 Meter Gro\u00df und 3 Meter Tief und als &#8222;Wanne&#8220; bezeichnet, dient zur Fertigung im Ortbetonverfahren der herzustellenden 18 Stahlbeton-Fertigteile die dann im &#8222;Taktschiebeverfahren&#8220; nach und nach in die k\u00fcnftige Br\u00fccke als Br\u00fcckenbau eingefahren bzw. eingebaut werden. Dieser wichtige Bauvorgang soll nach Auskunft des Regierungspr\u00e4sidium T\u00fcbingen, Abteilung Stra\u00dfenbau bis in den Sp\u00e4therbst 2012 dauern. Dann ist der &#8222;Br\u00fcckenk\u00f6rper&#8220; im Rohbau f\u00fcr das 363 Meter lange Viadukt hergestellt. Damit der Bev\u00f6lkerung oder den Sch\u00fcler dieses Br\u00fcckenbauverfahren n\u00e4her und ansehlich zug\u00e4nglich gemacht werden kann, ist voraussichtlich im Herbst 2012 ein &#8222;Tag der offenen T\u00fcr&#8220; im Rahmen des 60-j\u00e4hrigen Jubil\u00e4um des Landes Baden-W\u00fcrttemberg, geplant. Der Termin wird rechtzeitig ver\u00f6ffentlicht.<\/p>\r\n\r\n<div id=\"attachment_1174\" style=\"width: 770px\" class=\"wp-caption alignnone\"><img loading=\"lazy\" decoding=\"async\" aria-describedby=\"caption-attachment-1174\" class=\"wp-image-1174 size-full\" src=\"https:\/\/www.gemeinde-untermarchtal.de\/bilder\/Donauviadukt_Neubau_Mai_2012_Stahlbewehrungskoerbe.jpg\" alt=\"donauviadukt_neubau_mai_2012_stahlbewehrungskoerbe\" width=\"760\" height=\"570\" \/><p id=\"caption-attachment-1174\" class=\"wp-caption-text\">Das Foto zeigt die bei den Bohrstellen im Talgrund liegenden \"Stahlbewehrungsk\u00f6rbe\" bis zu einer l\u00e4nge von 18 Meter und 1.50 Meter Durchmesser.<\/p><\/div>\r\n\r\n<h4>Br\u00fcckenfahrbahn und Stra\u00dfenanschl\u00fcsse<\/h4>\r\n<p>Die Endfertigung des rund 12 Meter breiten Br\u00fccken\u00fcberbau und der 8.64 Meter breiten Br\u00fcckenfahrbahn ist f\u00fcr das Jahr 2012 vorgesehen. Schon seit Beginn der Br\u00fcckenbauarbeiten im Herbst 2011 gehen die Arbeiten f\u00fcr die jeweiligen Stra\u00dfenanschl\u00fcsse, in jeder Richtung etwa 400 Meter, voran. Neben diesen Stra\u00dfenanschl\u00fcssen zur B 311 werden teilweise Neben- und Begleitwege f\u00fcr die landwirtschaftlichen Zufahrten gebaut. Gro\u00dfe Mengen an Erd- und Felsmassen fallen an und deren fachgerechter Stra\u00dfeneinbau sind derzeitig und bis zum Abschluss der Br\u00fcckenbauarbeiten notwendig und werden von der Firma Kirchhoff erledigt.<\/p>\r\n\r\n<div id=\"attachment_1172\" style=\"width: 770px\" class=\"wp-caption alignnone\"><img loading=\"lazy\" decoding=\"async\" aria-describedby=\"caption-attachment-1172\" class=\"wp-image-1172 size-full\" src=\"https:\/\/www.gemeinde-untermarchtal.de\/bilder\/Donauviadukt_Neubau_Mai_2012_LKW.jpg\" alt=\"donauviadukt_neubau_mai_2012_lkw\" width=\"760\" height=\"570\" \/><p id=\"caption-attachment-1172\" class=\"wp-caption-text\">Baustelle mit einem LKW und Verladebagger dort, wo der sogenannte \"Taktkeller\" mit der dort k\u00fcnftigen \"Ortbetonwanne\" entsteht.<\/p><\/div>","protected":false},"excerpt":{"rendered":"<p>Nach Auskunft der zust\u00e4ndigen Bau\u00fcberwachungstelle vom Regierungspr\u00e4sidium T\u00fcbingen, Abt. Stra\u00dfenbau in Ehingen Herr Wilhelm Striebel, sind die Arbeiten an der genannten Baustelle &#8222;Neubau des Donautalviadukt&#8220; im Zeitplan. Auch von den Firmen G+R Spezialtiefbau Aalen und Ehingen, dem Bauunternehmen Matth\u00e4us Schmid, Baltringen und der Stra\u00dfenbaufirma Kirchhoff, Langenargen und Ehingen, wurde erw\u00e4hnt, da\u00df der Baufortschritt im vorgegebenen [&hellip;]<\/p>\n","protected":false},"author":1,"featured_media":0,"parent":0,"menu_order":0,"comment_status":"closed","ping_status":"closed","template":"page-templates\/_template_aktuelle_beitraege.php","meta":{"_acf_changed":false,"footnotes":""},"class_list":["post-1169","page","type-page","status-publish","hentry"],"acf":[],"yoast_head":"<!-- This site is optimized with the Yoast SEO plugin v26.7 - https:\/\/yoast.com\/wordpress\/plugins\/seo\/ -->\n<title>Neubau Donauviadukt - Mai 2012 - Gemeinde Untermarchtal<\/title>\n<meta name=\"robots\" content=\"index, follow, max-snippet:-1, max-image-preview:large, max-video-preview:-1\" \/>\n<link rel=\"canonical\" href=\"https:\/\/www.gemeinde-untermarchtal.de\/index.php\/neubau-donauviadukt-mai-2012\/\" \/>\n<meta property=\"og:locale\" content=\"de_DE\" \/>\n<meta property=\"og:type\" content=\"article\" \/>\n<meta property=\"og:title\" content=\"Neubau Donauviadukt - Mai 2012 - Gemeinde Untermarchtal\" \/>\n<meta property=\"og:description\" content=\"Nach Auskunft der zust\u00e4ndigen Bau\u00fcberwachungstelle vom Regierungspr\u00e4sidium T\u00fcbingen, Abt. Stra\u00dfenbau in Ehingen Herr Wilhelm Striebel, sind die Arbeiten an der genannten Baustelle &#8222;Neubau des Donautalviadukt&#8220; im Zeitplan. Auch von den Firmen G+R Spezialtiefbau Aalen und Ehingen, dem Bauunternehmen Matth\u00e4us Schmid, Baltringen und der Stra\u00dfenbaufirma Kirchhoff, Langenargen und Ehingen, wurde erw\u00e4hnt, da\u00df der Baufortschritt im vorgegebenen [&hellip;]\" \/>\n<meta property=\"og:url\" content=\"https:\/\/www.gemeinde-untermarchtal.de\/index.php\/neubau-donauviadukt-mai-2012\/\" \/>\n<meta property=\"og:site_name\" content=\"Gemeinde Untermarchtal\" \/>\n<meta property=\"article:modified_time\" content=\"2018-07-21T13:00:36+00:00\" \/>\n<meta property=\"og:image\" content=\"https:\/\/www.gemeinde-untermarchtal.de\/bilder\/Donauviadukt_Neubau_Mai_2012_Ehinger_Seite.jpg\" \/>\n<meta name=\"twitter:card\" content=\"summary_large_image\" \/>\n<meta name=\"twitter:label1\" content=\"Gesch\u00e4tzte Lesezeit\" \/>\n\t<meta name=\"twitter:data1\" content=\"4\u00a0Minuten\" \/>\n<script type=\"application\/ld+json\" class=\"yoast-schema-graph\">{\"@context\":\"https:\/\/schema.org\",\"@graph\":[{\"@type\":\"WebPage\",\"@id\":\"https:\/\/www.gemeinde-untermarchtal.de\/index.php\/neubau-donauviadukt-mai-2012\/\",\"url\":\"https:\/\/www.gemeinde-untermarchtal.de\/index.php\/neubau-donauviadukt-mai-2012\/\",\"name\":\"Neubau Donauviadukt - Mai 2012 - Gemeinde Untermarchtal\",\"isPartOf\":{\"@id\":\"https:\/\/www.gemeinde-untermarchtal.de\/#website\"},\"primaryImageOfPage\":{\"@id\":\"https:\/\/www.gemeinde-untermarchtal.de\/index.php\/neubau-donauviadukt-mai-2012\/#primaryimage\"},\"image\":{\"@id\":\"https:\/\/www.gemeinde-untermarchtal.de\/index.php\/neubau-donauviadukt-mai-2012\/#primaryimage\"},\"thumbnailUrl\":\"https:\/\/www.gemeinde-untermarchtal.de\/bilder\/Donauviadukt_Neubau_Mai_2012_Ehinger_Seite.jpg\",\"datePublished\":\"2016-10-06T20:10:47+00:00\",\"dateModified\":\"2018-07-21T13:00:36+00:00\",\"breadcrumb\":{\"@id\":\"https:\/\/www.gemeinde-untermarchtal.de\/index.php\/neubau-donauviadukt-mai-2012\/#breadcrumb\"},\"inLanguage\":\"de\",\"potentialAction\":[{\"@type\":\"ReadAction\",\"target\":[\"https:\/\/www.gemeinde-untermarchtal.de\/index.php\/neubau-donauviadukt-mai-2012\/\"]}]},{\"@type\":\"ImageObject\",\"inLanguage\":\"de\",\"@id\":\"https:\/\/www.gemeinde-untermarchtal.de\/index.php\/neubau-donauviadukt-mai-2012\/#primaryimage\",\"url\":\"https:\/\/www.gemeinde-untermarchtal.de\/bilder\/Donauviadukt_Neubau_Mai_2012_Ehinger_Seite.jpg\",\"contentUrl\":\"https:\/\/www.gemeinde-untermarchtal.de\/bilder\/Donauviadukt_Neubau_Mai_2012_Ehinger_Seite.jpg\",\"width\":760,\"height\":570},{\"@type\":\"BreadcrumbList\",\"@id\":\"https:\/\/www.gemeinde-untermarchtal.de\/index.php\/neubau-donauviadukt-mai-2012\/#breadcrumb\",\"itemListElement\":[{\"@type\":\"ListItem\",\"position\":1,\"name\":\"Startseite\",\"item\":\"https:\/\/www.gemeinde-untermarchtal.de\/\"},{\"@type\":\"ListItem\",\"position\":2,\"name\":\"Neubau Donauviadukt - Mai 2012\"}]},{\"@type\":\"WebSite\",\"@id\":\"https:\/\/www.gemeinde-untermarchtal.de\/#website\",\"url\":\"https:\/\/www.gemeinde-untermarchtal.de\/\",\"name\":\"Gemeinde Untermarchtal\",\"description\":\"Gemeinde Untermarchtal\",\"potentialAction\":[{\"@type\":\"SearchAction\",\"target\":{\"@type\":\"EntryPoint\",\"urlTemplate\":\"https:\/\/www.gemeinde-untermarchtal.de\/?s={search_term_string}\"},\"query-input\":{\"@type\":\"PropertyValueSpecification\",\"valueRequired\":true,\"valueName\":\"search_term_string\"}}],\"inLanguage\":\"de\"}]}<\/script>\n<!-- \/ Yoast SEO plugin. -->","yoast_head_json":{"title":"Neubau Donauviadukt - Mai 2012 - Gemeinde Untermarchtal","robots":{"index":"index","follow":"follow","max-snippet":"max-snippet:-1","max-image-preview":"max-image-preview:large","max-video-preview":"max-video-preview:-1"},"canonical":"https:\/\/www.gemeinde-untermarchtal.de\/index.php\/neubau-donauviadukt-mai-2012\/","og_locale":"de_DE","og_type":"article","og_title":"Neubau Donauviadukt - Mai 2012 - Gemeinde Untermarchtal","og_description":"Nach Auskunft der zust\u00e4ndigen Bau\u00fcberwachungstelle vom Regierungspr\u00e4sidium T\u00fcbingen, Abt. Stra\u00dfenbau in Ehingen Herr Wilhelm Striebel, sind die Arbeiten an der genannten Baustelle &#8222;Neubau des Donautalviadukt&#8220; im Zeitplan. Auch von den Firmen G+R Spezialtiefbau Aalen und Ehingen, dem Bauunternehmen Matth\u00e4us Schmid, Baltringen und der Stra\u00dfenbaufirma Kirchhoff, Langenargen und Ehingen, wurde erw\u00e4hnt, da\u00df der Baufortschritt im vorgegebenen [&hellip;]","og_url":"https:\/\/www.gemeinde-untermarchtal.de\/index.php\/neubau-donauviadukt-mai-2012\/","og_site_name":"Gemeinde Untermarchtal","article_modified_time":"2018-07-21T13:00:36+00:00","og_image":[{"url":"https:\/\/www.gemeinde-untermarchtal.de\/bilder\/Donauviadukt_Neubau_Mai_2012_Ehinger_Seite.jpg","type":"","width":"","height":""}],"twitter_card":"summary_large_image","twitter_misc":{"Gesch\u00e4tzte Lesezeit":"4\u00a0Minuten"},"schema":{"@context":"https:\/\/schema.org","@graph":[{"@type":"WebPage","@id":"https:\/\/www.gemeinde-untermarchtal.de\/index.php\/neubau-donauviadukt-mai-2012\/","url":"https:\/\/www.gemeinde-untermarchtal.de\/index.php\/neubau-donauviadukt-mai-2012\/","name":"Neubau Donauviadukt - Mai 2012 - Gemeinde Untermarchtal","isPartOf":{"@id":"https:\/\/www.gemeinde-untermarchtal.de\/#website"},"primaryImageOfPage":{"@id":"https:\/\/www.gemeinde-untermarchtal.de\/index.php\/neubau-donauviadukt-mai-2012\/#primaryimage"},"image":{"@id":"https:\/\/www.gemeinde-untermarchtal.de\/index.php\/neubau-donauviadukt-mai-2012\/#primaryimage"},"thumbnailUrl":"https:\/\/www.gemeinde-untermarchtal.de\/bilder\/Donauviadukt_Neubau_Mai_2012_Ehinger_Seite.jpg","datePublished":"2016-10-06T20:10:47+00:00","dateModified":"2018-07-21T13:00:36+00:00","breadcrumb":{"@id":"https:\/\/www.gemeinde-untermarchtal.de\/index.php\/neubau-donauviadukt-mai-2012\/#breadcrumb"},"inLanguage":"de","potentialAction":[{"@type":"ReadAction","target":["https:\/\/www.gemeinde-untermarchtal.de\/index.php\/neubau-donauviadukt-mai-2012\/"]}]},{"@type":"ImageObject","inLanguage":"de","@id":"https:\/\/www.gemeinde-untermarchtal.de\/index.php\/neubau-donauviadukt-mai-2012\/#primaryimage","url":"https:\/\/www.gemeinde-untermarchtal.de\/bilder\/Donauviadukt_Neubau_Mai_2012_Ehinger_Seite.jpg","contentUrl":"https:\/\/www.gemeinde-untermarchtal.de\/bilder\/Donauviadukt_Neubau_Mai_2012_Ehinger_Seite.jpg","width":760,"height":570},{"@type":"BreadcrumbList","@id":"https:\/\/www.gemeinde-untermarchtal.de\/index.php\/neubau-donauviadukt-mai-2012\/#breadcrumb","itemListElement":[{"@type":"ListItem","position":1,"name":"Startseite","item":"https:\/\/www.gemeinde-untermarchtal.de\/"},{"@type":"ListItem","position":2,"name":"Neubau Donauviadukt - Mai 2012"}]},{"@type":"WebSite","@id":"https:\/\/www.gemeinde-untermarchtal.de\/#website","url":"https:\/\/www.gemeinde-untermarchtal.de\/","name":"Gemeinde Untermarchtal","description":"Gemeinde Untermarchtal","potentialAction":[{"@type":"SearchAction","target":{"@type":"EntryPoint","urlTemplate":"https:\/\/www.gemeinde-untermarchtal.de\/?s={search_term_string}"},"query-input":{"@type":"PropertyValueSpecification","valueRequired":true,"valueName":"search_term_string"}}],"inLanguage":"de"}]}},"_links":{"self":[{"href":"https:\/\/www.gemeinde-untermarchtal.de\/index.php\/wp-json\/wp\/v2\/pages\/1169","targetHints":{"allow":["GET"]}}],"collection":[{"href":"https:\/\/www.gemeinde-untermarchtal.de\/index.php\/wp-json\/wp\/v2\/pages"}],"about":[{"href":"https:\/\/www.gemeinde-untermarchtal.de\/index.php\/wp-json\/wp\/v2\/types\/page"}],"author":[{"embeddable":true,"href":"https:\/\/www.gemeinde-untermarchtal.de\/index.php\/wp-json\/wp\/v2\/users\/1"}],"replies":[{"embeddable":true,"href":"https:\/\/www.gemeinde-untermarchtal.de\/index.php\/wp-json\/wp\/v2\/comments?post=1169"}],"version-history":[{"count":9,"href":"https:\/\/www.gemeinde-untermarchtal.de\/index.php\/wp-json\/wp\/v2\/pages\/1169\/revisions"}],"predecessor-version":[{"id":2767,"href":"https:\/\/www.gemeinde-untermarchtal.de\/index.php\/wp-json\/wp\/v2\/pages\/1169\/revisions\/2767"}],"wp:attachment":[{"href":"https:\/\/www.gemeinde-untermarchtal.de\/index.php\/wp-json\/wp\/v2\/media?parent=1169"}],"curies":[{"name":"wp","href":"https:\/\/api.w.org\/{rel}","templated":true}]}}