{"id":1183,"date":"2016-10-06T22:23:49","date_gmt":"2016-10-06T20:23:49","guid":{"rendered":"http:\/\/www.gemeinde-untermarchtal.de\/?page_id=1183"},"modified":"2018-07-21T09:15:57","modified_gmt":"2018-07-21T07:15:57","slug":"neubau-donauviadukt-august-2012","status":"publish","type":"page","link":"https:\/\/www.gemeinde-untermarchtal.de\/index.php\/neubau-donauviadukt-august-2012\/","title":{"rendered":"Neubau Donauviadukt - August 2012"},"content":{"rendered":"<p>Die ersten &#8222;Takte&#8220; zum \u00dcberbau wurden geschoben, Pfeilerfertigung im Zeitplansoll.<\/p>\r\n\r\n<div id=\"attachment_1238\" style=\"width: 770px\" class=\"wp-caption alignnone\"><img loading=\"lazy\" decoding=\"async\" aria-describedby=\"caption-attachment-1238\" class=\"wp-image-1238 size-full\" src=\"https:\/\/www.gemeinde-untermarchtal.de\/bilder\/Donauviadukt_Neubau_August_2012_Vorbauschnabel.jpg\" alt=\"donauviadukt_neubau_august_2012_vorbauschnabel\" width=\"760\" height=\"570\" \/><p id=\"caption-attachment-1238\" class=\"wp-caption-text\">Das Foto zeigt die Sicht aus dem Taktkeller und Widerlager &#8222;Ehingen&#8220; in Richtung ersten Pfeiler und dar\u00fcber der gelbe &#8222;Vorbauschnabel&#8220; angebaut an den 1. Takt<\/p><\/div>\r\n\r\n<div id=\"attachment_1237\" style=\"width: 770px\" class=\"wp-caption alignnone\"><img loading=\"lazy\" decoding=\"async\" aria-describedby=\"caption-attachment-1237\" class=\"wp-image-1237 size-full\" src=\"https:\/\/www.gemeinde-untermarchtal.de\/bilder\/Donauviadukt_Neubau_August_2012_Taktkeller.jpg\" alt=\"donauviadukt_neubau_august_2012_taktkeller\" width=\"760\" height=\"570\" \/><p id=\"caption-attachment-1237\" class=\"wp-caption-text\">Der bereits bewehrte und betonierte Takt am Taktboden und die Seitenteile davon. Die Taktdecke ist eingeschalt (gelb), wird noch bewehrt, betoniert und das ganze wird vorgespannt. Dannach mindestens zwei Tage ausgeh\u00e4rtet bevor der Takt \"geschoben\" wird.<\/p><\/div>\r\n\r\n<h3>Zur Baustelle<\/h3>\r\n<p>Das Donauviadukt w\u00e4chst in seiner Bauausf\u00fchrung und ist im Zeitplansoll. Wenn kurz vor Weihnachten der Br\u00fccken\u00fcberbau im Rohbau stehen soll, darf es aber keine gro\u00dfe St\u00f6rungen und Unterbrechungen am Bauwerk geben. Da sind sind sich alle Baufachleute vor Ort einig.<\/p>\r\n\r\n<h3>Arbeiten im Taktkeller<\/h3>\r\n<p>Im sogenannten &#8222;Taktkeller&#8220; vor dem Br\u00fcckenwiderlager auf der &#8222;Ehinger Seite&#8220; herrscht seit Anfang August Hochbetrieb. Dort war zun\u00e4chst der Bau des rund 50 Meter langen, etwa 14 Meter breiten und 8 Meter tiefen Taktkeller, der zur Fertigung der 18 Einzeltakte f\u00fcr den Br\u00fccken\u00fcberbau notwendig ist, in Stahlbeton gebaut. Wiederum zuvor mu\u00dfte f\u00fcr dieses Anlegen des Kellers -wir berichteten davon im April diesen Jahres- gro\u00dfe Massen von Kalkfels gesprengt werde. Die knapp 20 Meter langen Einzeltakte werden im Taktkeller zun\u00e4chst mit Bewehrungsstahl vorgefertigt, in Stahlbeton gegossen, technisch vorgespannt und alle Takte werden mit Spannglieder im Verbund mit Beton aneinander angeschlossen. Die Stahltrossen oder Stahllitzen werden in Metallr\u00f6hren zusammengefa\u00dft. In diese R\u00f6hren wird sehr d\u00fcnnfl\u00fcssiger Spezialbeton eingelassen. Dieser Beton ummantelt vollkommen dicht die Stahltrossen und soll die Korrossion des Stahls verhindern. Dieses Verfahren war bei der jetzigen Stahlbeton-Br\u00fccke vor 60 Jahren noch nicht angewandt worden und f\u00fchrte jetzt im laufe der Jahrzehnte zu schweren Korrossionssch\u00e4den am Viadukt. Dies eine Begr\u00fcndung zum jetztigen Br\u00fcckenneubau. Was die Genauigkeit und Pr\u00e4zision am Br\u00fcckenbauwerk betrifft, werden Toleranzen im 3-Millimeterbereich angestrebt.<\/p>\r\n\r\n<div id=\"attachment_1239\" style=\"width: 770px\" class=\"wp-caption alignnone\"><img loading=\"lazy\" decoding=\"async\" aria-describedby=\"caption-attachment-1239\" class=\"wp-image-1239 size-full\" src=\"https:\/\/www.gemeinde-untermarchtal.de\/bilder\/Donauviadukt_Neubau_August_2012_Vorbauschnabel_II.jpg\" alt=\"donauviadukt_neubau_august_2012_vorbauschnabel_ii\" width=\"760\" height=\"570\" \/><p id=\"caption-attachment-1239\" class=\"wp-caption-text\">Das Foto zeigt den gelben Vorbauschnabel und einem Teil des ersten Taktvorschub aus Stahlbeton, der jetzt aus dem Taktkeller geschoben wurde und noch etwa 8 Meter vom ersten Pfeiler entfernt ist.<\/p><\/div>\r\n\r\n<div id=\"attachment_1234\" style=\"width: 770px\" class=\"wp-caption alignnone\"><img loading=\"lazy\" decoding=\"async\" aria-describedby=\"caption-attachment-1234\" class=\"wp-image-1234 size-full\" src=\"https:\/\/www.gemeinde-untermarchtal.de\/bilder\/Donauviadukt_Neubau_August_2012_Brueckenbautakt.jpg\" alt=\"donauviadukt_neubau_august_2012_brueckenbautakt\" width=\"760\" height=\"570\" \/><p id=\"caption-attachment-1234\" class=\"wp-caption-text\">Der Blick in den Taktkeller der zur Bewehrung und Betonierung der \"Br\u00fcckenbautakte\" vorbereitet wird. 18 St\u00fcck davon werden von unterschiedlicher L\u00e4nge von 16.50 Meter bis 26 Meter- als Br\u00fccken\u00fcberbau aneinandergef\u00fcgt.<\/p><\/div>\r\n\r\n<h3>Vorschub der Einzeltakte<\/h3>\r\n<p>Br\u00fccke aus dem Taktkeller geschoben, nach dem Bauplan die &#8222;Achse 4&#8220;. Am Montag 3. September wird dann der &#8222;erste Br\u00fcckenschlag&#8220; zur Auflage am Pfeiler 1. angekommen sein und diesen \u00fcberqueren.<\/p>\r\n\r\n<div id=\"attachment_1236\" style=\"width: 770px\" class=\"wp-caption alignnone\"><img loading=\"lazy\" decoding=\"async\" aria-describedby=\"caption-attachment-1236\" class=\"wp-image-1236 size-full\" src=\"https:\/\/www.gemeinde-untermarchtal.de\/bilder\/Donauviadukt_Neubau_August_2012_Spannglieder.jpg\" alt=\"donauviadukt_neubau_august_2012_spannglieder\" width=\"760\" height=\"570\" \/><p id=\"caption-attachment-1236\" class=\"wp-caption-text\">Die Verbindungs-Anschl\u00fcsse der Takte mit den Spanngliedern zur Vorspannung und Stahltrossenr\u00f6hren. Das stellt die Verbindung der einzelnen Takte zueinander her.<\/p><\/div>\r\n\r\n<div id=\"attachment_1235\" style=\"width: 770px\" class=\"wp-caption alignnone\"><img loading=\"lazy\" decoding=\"async\" aria-describedby=\"caption-attachment-1235\" class=\"wp-image-1235 size-full\" src=\"https:\/\/www.gemeinde-untermarchtal.de\/bilder\/Donauviadukt_Neubau_August_2012_Pfeiler.jpg\" alt=\"donauviadukt_neubau_august_2012_pfeiler\" width=\"760\" height=\"570\" \/><p id=\"caption-attachment-1235\" class=\"wp-caption-text\">Das Foto zeigt die Br\u00fcckenbaustelle Richtung Talgrund mit dem Bau der Pfeiler und Hilfspfeiler<\/p><\/div>\r\n\r\n<h3>Arbeiten im Talgrund<\/h3>\r\n<p>Dort sind zwei Hilfspfeiler die zur k\u00fcrzeren Auflagenentfernung des Br\u00fcckenbau w\u00e4hrend der Bauphase notwendig sind, bereits gefertig. Die k\u00fcnftigen Br\u00fcckenpfeiler &#8222;Zwei&#8220; und &#8222;Drei&#8220; sind derzeitig noch im Bau werden aber in den n\u00e4chsten Wochen fertig sein. Dann werden dort unmittelbar an der rechten Donauseite noch Pfeiler &#8222;Vier&#8220; und der 2. Hilfspfeiler erstellt. Die 4 Hilfspfeiler werden nach Bauabschlu\u00df des 363 Meter langen und rund 12 Meter breiten Br\u00fccken\u00fcberbau wieder abgerissen. Die Baustellenzufahrt f\u00fcr s\u00e4mtliches Anfahren der Baumaterialien im Talgrund wird \u00fcber einen f\u00fcr schwere LKW ausgebauten Feldweg an der Markungsgrenze zur Landstra\u00dfe Richtung Lauterach als &#8222;Baustra\u00dfe&#8220; bedient. Die beiden k\u00fcnftigen Widerlager und der besonders stark benutzte Taktkeller in Richtung Ehingen wird ebenfalls mit einem Baustellen-Anschlu\u00df von der B 311 versorgt. Bis Weihnachten 2012 soll der Br\u00fccken\u00fcberbau in seiner ganzen L\u00e4nge am Widerlager &#8222;Riedlingen&#8220; angekommen sein. Eine Woche sp\u00e4ter der 2. Takt und dieser schob den 1. Takt samt dem sogenannten 20 Meter langen und 70 Tonnen schweren &#8222;Vorbauschnabel&#8220; in Richtung Pfeiler 1. Unter der Last der schweren Takte sind im Gleitbereich spezialbeschichtete Platten zur energiesparenden und sicheren Vorw\u00e4rtsbewegung untergelegt. Interessant: Jetzt Ende August 2012 ist der Vorbauschnabel noch 8 Meter von der Auflage zum 1. Pfeiler entfernt, um sich jetzt in Richtung &#8222;Riedlinger Widerlager&#8220; mit jedem Schub und Takt zu bewegen. Dort wird dann die B 311 mit einem neuen Anschlu\u00df auf die bestehende B 311 aufgeleitet und geht dann Richtung Obermarchtal auf die 3-spurige Fahrstrecke \u00fcber. Bis M\u00e4rz 2014 soll dann nach dem Zeitplan der Br\u00fcckenbau und die Stra\u00dfenanschl\u00fcsse fertig sein. Diese Auskunft war vom bauleitenden und bau\u00fcberwachenden Regierungspr\u00e4sidium (Aussage: Wilhelm Striebel) sowie vom Bauleiter der Baufirma Schmid, Dietmar Gerner und den Poliers der Firma Schmid, Andreas Welser und Jan Wolf zu erfahren. Insgesamt sind derzeitig rund 22 Arbeitskr\u00e4fte darunter Frau Katrin Welser, Baupraktikantin, die Tochter von Polier Andreas Welser am Br\u00fcckenbauwerk besch\u00e4ftigt. Katrin Welser wird in K\u00fcrze ein Bauingenieur-Studium beginnen.<\/p>\r\n\r\n<h3>Tag der offenen Baustelle<\/h3>\r\n<p>Am Sonntag, 23. September 2012 wird unter Federf\u00fchrung des Regierungspr\u00e4sidium T\u00fcbingen mit Dienstsitz Ehingen, ein &#8222;Tag der offenen Baustelle&#8220; eingerichtet. Dieser Tag wird im Rahmen des landesweiten 60-j\u00e4hrigen Bestehen des Landes Baden-W\u00fcrttemberg begangen und d\u00fcrfte auf der Untermarchtaler Br\u00fcckengro\u00dfbaustelle seine Interessenten anziehen.<\/p>","protected":false},"excerpt":{"rendered":"<p>Die ersten &#8222;Takte&#8220; zum \u00dcberbau wurden geschoben, Pfeilerfertigung im Zeitplansoll. Zur Baustelle Das Donauviadukt w\u00e4chst in seiner Bauausf\u00fchrung und ist im Zeitplansoll. Wenn kurz vor Weihnachten der Br\u00fccken\u00fcberbau im Rohbau stehen soll, darf es aber keine gro\u00dfe St\u00f6rungen und Unterbrechungen am Bauwerk geben. Da sind sind sich alle Baufachleute vor Ort einig. Arbeiten im Taktkeller [&hellip;]<\/p>\n","protected":false},"author":1,"featured_media":0,"parent":0,"menu_order":0,"comment_status":"closed","ping_status":"closed","template":"page-templates\/_template_aktuelle_beitraege.php","meta":{"_acf_changed":false,"footnotes":""},"class_list":["post-1183","page","type-page","status-publish","hentry"],"acf":[],"yoast_head":"<!-- This site is optimized with the Yoast SEO plugin v26.7 - https:\/\/yoast.com\/wordpress\/plugins\/seo\/ -->\n<title>Neubau Donauviadukt - August 2012 - Gemeinde Untermarchtal<\/title>\n<meta name=\"robots\" content=\"index, follow, max-snippet:-1, max-image-preview:large, max-video-preview:-1\" \/>\n<link rel=\"canonical\" href=\"https:\/\/www.gemeinde-untermarchtal.de\/index.php\/neubau-donauviadukt-august-2012\/\" \/>\n<meta property=\"og:locale\" content=\"de_DE\" \/>\n<meta property=\"og:type\" content=\"article\" \/>\n<meta property=\"og:title\" content=\"Neubau Donauviadukt - August 2012 - Gemeinde Untermarchtal\" \/>\n<meta property=\"og:description\" content=\"Die ersten &#8222;Takte&#8220; zum \u00dcberbau wurden geschoben, Pfeilerfertigung im Zeitplansoll. Zur Baustelle Das Donauviadukt w\u00e4chst in seiner Bauausf\u00fchrung und ist im Zeitplansoll. Wenn kurz vor Weihnachten der Br\u00fccken\u00fcberbau im Rohbau stehen soll, darf es aber keine gro\u00dfe St\u00f6rungen und Unterbrechungen am Bauwerk geben. Da sind sind sich alle Baufachleute vor Ort einig. Arbeiten im Taktkeller [&hellip;]\" \/>\n<meta property=\"og:url\" content=\"https:\/\/www.gemeinde-untermarchtal.de\/index.php\/neubau-donauviadukt-august-2012\/\" \/>\n<meta property=\"og:site_name\" content=\"Gemeinde Untermarchtal\" \/>\n<meta property=\"article:modified_time\" content=\"2018-07-21T07:15:57+00:00\" \/>\n<meta property=\"og:image\" content=\"https:\/\/www.gemeinde-untermarchtal.de\/bilder\/Donauviadukt_Neubau_August_2012_Vorbauschnabel.jpg\" \/>\n<meta name=\"twitter:card\" content=\"summary_large_image\" \/>\n<meta name=\"twitter:label1\" content=\"Gesch\u00e4tzte Lesezeit\" \/>\n\t<meta name=\"twitter:data1\" content=\"4\u00a0Minuten\" \/>\n<script type=\"application\/ld+json\" class=\"yoast-schema-graph\">{\"@context\":\"https:\/\/schema.org\",\"@graph\":[{\"@type\":\"WebPage\",\"@id\":\"https:\/\/www.gemeinde-untermarchtal.de\/index.php\/neubau-donauviadukt-august-2012\/\",\"url\":\"https:\/\/www.gemeinde-untermarchtal.de\/index.php\/neubau-donauviadukt-august-2012\/\",\"name\":\"Neubau Donauviadukt - August 2012 - Gemeinde Untermarchtal\",\"isPartOf\":{\"@id\":\"https:\/\/www.gemeinde-untermarchtal.de\/#website\"},\"primaryImageOfPage\":{\"@id\":\"https:\/\/www.gemeinde-untermarchtal.de\/index.php\/neubau-donauviadukt-august-2012\/#primaryimage\"},\"image\":{\"@id\":\"https:\/\/www.gemeinde-untermarchtal.de\/index.php\/neubau-donauviadukt-august-2012\/#primaryimage\"},\"thumbnailUrl\":\"https:\/\/www.gemeinde-untermarchtal.de\/bilder\/Donauviadukt_Neubau_August_2012_Vorbauschnabel.jpg\",\"datePublished\":\"2016-10-06T20:23:49+00:00\",\"dateModified\":\"2018-07-21T07:15:57+00:00\",\"breadcrumb\":{\"@id\":\"https:\/\/www.gemeinde-untermarchtal.de\/index.php\/neubau-donauviadukt-august-2012\/#breadcrumb\"},\"inLanguage\":\"de\",\"potentialAction\":[{\"@type\":\"ReadAction\",\"target\":[\"https:\/\/www.gemeinde-untermarchtal.de\/index.php\/neubau-donauviadukt-august-2012\/\"]}]},{\"@type\":\"ImageObject\",\"inLanguage\":\"de\",\"@id\":\"https:\/\/www.gemeinde-untermarchtal.de\/index.php\/neubau-donauviadukt-august-2012\/#primaryimage\",\"url\":\"https:\/\/www.gemeinde-untermarchtal.de\/bilder\/Donauviadukt_Neubau_August_2012_Vorbauschnabel.jpg\",\"contentUrl\":\"https:\/\/www.gemeinde-untermarchtal.de\/bilder\/Donauviadukt_Neubau_August_2012_Vorbauschnabel.jpg\",\"width\":760,\"height\":570},{\"@type\":\"BreadcrumbList\",\"@id\":\"https:\/\/www.gemeinde-untermarchtal.de\/index.php\/neubau-donauviadukt-august-2012\/#breadcrumb\",\"itemListElement\":[{\"@type\":\"ListItem\",\"position\":1,\"name\":\"Startseite\",\"item\":\"https:\/\/www.gemeinde-untermarchtal.de\/\"},{\"@type\":\"ListItem\",\"position\":2,\"name\":\"Neubau Donauviadukt - August 2012\"}]},{\"@type\":\"WebSite\",\"@id\":\"https:\/\/www.gemeinde-untermarchtal.de\/#website\",\"url\":\"https:\/\/www.gemeinde-untermarchtal.de\/\",\"name\":\"Gemeinde Untermarchtal\",\"description\":\"Gemeinde Untermarchtal\",\"potentialAction\":[{\"@type\":\"SearchAction\",\"target\":{\"@type\":\"EntryPoint\",\"urlTemplate\":\"https:\/\/www.gemeinde-untermarchtal.de\/?s={search_term_string}\"},\"query-input\":{\"@type\":\"PropertyValueSpecification\",\"valueRequired\":true,\"valueName\":\"search_term_string\"}}],\"inLanguage\":\"de\"}]}<\/script>\n<!-- \/ Yoast SEO plugin. -->","yoast_head_json":{"title":"Neubau Donauviadukt - August 2012 - Gemeinde Untermarchtal","robots":{"index":"index","follow":"follow","max-snippet":"max-snippet:-1","max-image-preview":"max-image-preview:large","max-video-preview":"max-video-preview:-1"},"canonical":"https:\/\/www.gemeinde-untermarchtal.de\/index.php\/neubau-donauviadukt-august-2012\/","og_locale":"de_DE","og_type":"article","og_title":"Neubau Donauviadukt - August 2012 - Gemeinde Untermarchtal","og_description":"Die ersten &#8222;Takte&#8220; zum \u00dcberbau wurden geschoben, Pfeilerfertigung im Zeitplansoll. Zur Baustelle Das Donauviadukt w\u00e4chst in seiner Bauausf\u00fchrung und ist im Zeitplansoll. Wenn kurz vor Weihnachten der Br\u00fccken\u00fcberbau im Rohbau stehen soll, darf es aber keine gro\u00dfe St\u00f6rungen und Unterbrechungen am Bauwerk geben. Da sind sind sich alle Baufachleute vor Ort einig. Arbeiten im Taktkeller [&hellip;]","og_url":"https:\/\/www.gemeinde-untermarchtal.de\/index.php\/neubau-donauviadukt-august-2012\/","og_site_name":"Gemeinde Untermarchtal","article_modified_time":"2018-07-21T07:15:57+00:00","og_image":[{"url":"https:\/\/www.gemeinde-untermarchtal.de\/bilder\/Donauviadukt_Neubau_August_2012_Vorbauschnabel.jpg","type":"","width":"","height":""}],"twitter_card":"summary_large_image","twitter_misc":{"Gesch\u00e4tzte Lesezeit":"4\u00a0Minuten"},"schema":{"@context":"https:\/\/schema.org","@graph":[{"@type":"WebPage","@id":"https:\/\/www.gemeinde-untermarchtal.de\/index.php\/neubau-donauviadukt-august-2012\/","url":"https:\/\/www.gemeinde-untermarchtal.de\/index.php\/neubau-donauviadukt-august-2012\/","name":"Neubau Donauviadukt - August 2012 - Gemeinde Untermarchtal","isPartOf":{"@id":"https:\/\/www.gemeinde-untermarchtal.de\/#website"},"primaryImageOfPage":{"@id":"https:\/\/www.gemeinde-untermarchtal.de\/index.php\/neubau-donauviadukt-august-2012\/#primaryimage"},"image":{"@id":"https:\/\/www.gemeinde-untermarchtal.de\/index.php\/neubau-donauviadukt-august-2012\/#primaryimage"},"thumbnailUrl":"https:\/\/www.gemeinde-untermarchtal.de\/bilder\/Donauviadukt_Neubau_August_2012_Vorbauschnabel.jpg","datePublished":"2016-10-06T20:23:49+00:00","dateModified":"2018-07-21T07:15:57+00:00","breadcrumb":{"@id":"https:\/\/www.gemeinde-untermarchtal.de\/index.php\/neubau-donauviadukt-august-2012\/#breadcrumb"},"inLanguage":"de","potentialAction":[{"@type":"ReadAction","target":["https:\/\/www.gemeinde-untermarchtal.de\/index.php\/neubau-donauviadukt-august-2012\/"]}]},{"@type":"ImageObject","inLanguage":"de","@id":"https:\/\/www.gemeinde-untermarchtal.de\/index.php\/neubau-donauviadukt-august-2012\/#primaryimage","url":"https:\/\/www.gemeinde-untermarchtal.de\/bilder\/Donauviadukt_Neubau_August_2012_Vorbauschnabel.jpg","contentUrl":"https:\/\/www.gemeinde-untermarchtal.de\/bilder\/Donauviadukt_Neubau_August_2012_Vorbauschnabel.jpg","width":760,"height":570},{"@type":"BreadcrumbList","@id":"https:\/\/www.gemeinde-untermarchtal.de\/index.php\/neubau-donauviadukt-august-2012\/#breadcrumb","itemListElement":[{"@type":"ListItem","position":1,"name":"Startseite","item":"https:\/\/www.gemeinde-untermarchtal.de\/"},{"@type":"ListItem","position":2,"name":"Neubau Donauviadukt - August 2012"}]},{"@type":"WebSite","@id":"https:\/\/www.gemeinde-untermarchtal.de\/#website","url":"https:\/\/www.gemeinde-untermarchtal.de\/","name":"Gemeinde Untermarchtal","description":"Gemeinde Untermarchtal","potentialAction":[{"@type":"SearchAction","target":{"@type":"EntryPoint","urlTemplate":"https:\/\/www.gemeinde-untermarchtal.de\/?s={search_term_string}"},"query-input":{"@type":"PropertyValueSpecification","valueRequired":true,"valueName":"search_term_string"}}],"inLanguage":"de"}]}},"_links":{"self":[{"href":"https:\/\/www.gemeinde-untermarchtal.de\/index.php\/wp-json\/wp\/v2\/pages\/1183","targetHints":{"allow":["GET"]}}],"collection":[{"href":"https:\/\/www.gemeinde-untermarchtal.de\/index.php\/wp-json\/wp\/v2\/pages"}],"about":[{"href":"https:\/\/www.gemeinde-untermarchtal.de\/index.php\/wp-json\/wp\/v2\/types\/page"}],"author":[{"embeddable":true,"href":"https:\/\/www.gemeinde-untermarchtal.de\/index.php\/wp-json\/wp\/v2\/users\/1"}],"replies":[{"embeddable":true,"href":"https:\/\/www.gemeinde-untermarchtal.de\/index.php\/wp-json\/wp\/v2\/comments?post=1183"}],"version-history":[{"count":12,"href":"https:\/\/www.gemeinde-untermarchtal.de\/index.php\/wp-json\/wp\/v2\/pages\/1183\/revisions"}],"predecessor-version":[{"id":2738,"href":"https:\/\/www.gemeinde-untermarchtal.de\/index.php\/wp-json\/wp\/v2\/pages\/1183\/revisions\/2738"}],"wp:attachment":[{"href":"https:\/\/www.gemeinde-untermarchtal.de\/index.php\/wp-json\/wp\/v2\/media?parent=1183"}],"curies":[{"name":"wp","href":"https:\/\/api.w.org\/{rel}","templated":true}]}}