{"id":1185,"date":"2016-10-06T22:24:14","date_gmt":"2016-10-06T20:24:14","guid":{"rendered":"http:\/\/www.gemeinde-untermarchtal.de\/?page_id=1185"},"modified":"2018-07-21T15:05:30","modified_gmt":"2018-07-21T13:05:30","slug":"neubau-donauviadukt-oktober-2012","status":"publish","type":"page","link":"https:\/\/www.gemeinde-untermarchtal.de\/index.php\/neubau-donauviadukt-oktober-2012\/","title":{"rendered":"Neubau Donauviadukt - Oktober 2012"},"content":{"rendered":"<p>Am 15. Oktober 2012, Vormittags, war &#8222;Halbzeit&#8220; am Br\u00fccken\u00fcberbau mit dem Schieben des 9. Bautaktes.<\/p>\r\n\r\n<div id=\"attachment_1250\" style=\"width: 770px\" class=\"wp-caption alignnone\"><img loading=\"lazy\" decoding=\"async\" aria-describedby=\"caption-attachment-1250\" class=\"wp-image-1250 size-full\" src=\"https:\/\/www.gemeinde-untermarchtal.de\/bilder\/Donauviadukt_Neubau_Oktober_2012_Paralell.jpg\" alt=\"donauviadukt_neubau_oktober_2012_paralell\" width=\"760\" height=\"570\" \/><p id=\"caption-attachment-1250\" class=\"wp-caption-text\">Zwei paralell verlaufende Br\u00fcckenbauwerke vom Talgrund der Donau aus gesehen. Links die neue Br\u00fccke per Taktbauverfahren hergestellt und rechts die alte noch betsehende 375 Meter lange Spannbetonbr\u00fccke aus den Baujahren 1952\/53.<\/p><\/div>\r\n\r\n<div id=\"attachment_1251\" style=\"width: 770px\" class=\"wp-caption alignnone\"><img loading=\"lazy\" decoding=\"async\" aria-describedby=\"caption-attachment-1251\" class=\"wp-image-1251 size-full\" src=\"httpw:\/\/www.gemeinde-untermarchtal.de\/bilder\/Donauviadukt_Neubau_Oktober_2012_Taktkeller.jpg\" alt=\"donauviadukt_neubau_oktober_2012_taktkeller\" width=\"760\" height=\"570\" \/><p id=\"caption-attachment-1251\" class=\"wp-caption-text\">Das Foto zeigt den 50 Meter langen Taktkeller. Dort werden die 18. Einzeltakte zum Br\u00fccken\u00fcberbau hergestellt.<\/p><\/div>\r\n\r\n<p>Baufsichtsleiter Wilhelm Striebel, sein Kollege Anton Neubrand, beide vom Regierungspr\u00e4sidium &#8222;Abteilung Stra\u00dfenbau in Ehingen&#8220; sowie Bauleiter Dietmar Gerner und Bauoberpolier Andreas Welser von der bauausf\u00fchrenden Firma Schmid, Baltringen, nannten diesen Arbeitsvorgang an der Br\u00fccke die &#8222;Halbzeit&#8220; was die Herstellung des insgesamt 362,50 Meter langen Br\u00fccken\u00fcberbau betrifft. Mit dem Schieben des heutigen 9. Bautaktteil wurde jetzt mit 180 Meter rund die H\u00e4lfte der Br\u00fccken\u00fcberbaul\u00e4nge erreicht. Die aufsichtsf\u00fchrenden und leitenden Bauleute waren mit dem Baufortschritt zufrieden und \u00e4u\u00dferten sich so, da\u00df die Bauarbeiten s\u00e4mtliche im &#8222;gr\u00fcnen Bereich&#8220; sind. Das hei\u00dft, keine Unf\u00e4lle, der Terminplan stimmt genau und wenn alles mitsamt der Witterung keinen Strich durch die Rechnung macht, wird am Montag, 17. Dezember 2012 der letzte und 18. Bautaktteil \u00fcber das Bauwerk und das Donautal geschoben. Die Bauaufsicht vom RP T\u00fcbingen ist nach Auskunft von Wilhelm Striebel und Anton Neubrand mit der Bauausf\u00fchrung der Firma Schmid sehr zufrieden. Bauqualit\u00e4t und Arbeitsausf\u00fchrung stimmen, so die RP-Vetrantwortlichen. Die enge und vertrauliche Zusammenarbeit wird jede Woche mindestens ein- oder zweimal bei Gespr\u00e4chen und Bauplan\u00fcberpr\u00fcfungen zusammen mit Dietmar Gerner, Andreas Welser und Jan Wolf vor Ort festgestellt. Polier Jan Wolf ist f\u00fcr die Zust\u00e4ndigkeit beim Bau der 4 Pfeiler und 4 Hilfspfeiler im Talgrund verantwortlich. Jan Wolf mit seinem Team wird jetzt in der Woche bis zum 20. Oktober auf der &#8222;linken Donauseite&#8220; den Arbeitsplatz r\u00e4umen und wechselt mit einem Gro\u00dfkran auf die \"rechte Donauseite\". Dort wird der Kran zum Bau des &#8222;Riedlinger Widerlager&#8220; gebraucht. Im Winter 2011\/12 wurden hier die sogenannten &#8222;R\u00fcttelstopfs\u00e4ulen&#8220; gegr\u00fcndet und verdichtet. Was immer wieder erstaunt, da\u00df h\u00f6chstens 20 bis 25 Bauarbeiter mit ihrem hochwertigen technischen Ger\u00e4t auf der Baustelle arbeiten. Ausdr\u00fccklich erw\u00e4hnt werden mu\u00df auch der verantwortliche Mitarbeiter Carsten Poppe von der Bautelle. Er bedient die hydraulischen Schiebepressen f\u00fcr die &#8222;Taktvorschiebung&#8220;. Beim letzten und 18.Taktschiebevorgang am 17. Detzember m\u00fcssen die Hydraulikpressen eine Gewichtsmasse von 110000 KN bewegen. Bei heutigen Schiebebewegungsvorgang am 15. Oktober wurde er von 8 Arbeitskollegen auf den Pfeiler und Hilfspfeiler unterst\u00fctzt. Sie sind f\u00fcr die pr\u00e4zise Unterlegung der hochwertigen Teflonplatten \u00fcber die derzeit bestehenden und vorl\u00e4ufigen Gleitlager und Bremss\u00e4ttel beim Schiebevorgang zust\u00e4ndig. Jeder dieser Mitarbeiter steht immer im Funkkontakt mit dem verantwortlichen Bediener Carsten Poppe und dieser kann jederzeit die Taktvorschiebung stoppen. Auf der Gro\u00dfbaustelle wird auch \u00f6fters eine &#8222;Nachtschicht&#8220; am sp\u00e4ten Abend oder schon morgens ab 4 Uhr oder eine Arbeitsschicht am Samstag angeh\u00e4ngt. Die Beleuchtung der Baustelle ist hier selbstverst\u00e4ndlich notwendig und weit sichtbar. Nach dem Bautermin sind hier Stahlarmierungs-und Schalungsarbeiten sowie Spannstahl- und Betonstahlverarbeitung mit der Herstellug der Spanngliederverbindung im 50 Meter langen Taktkeller, dem &#8222;Herzst\u00fcck\"&#8220; der Baustelle, notwendig. Die Takte haben unterschiedliche L\u00e4ngen von 16,50 bis 26,50 Meter. und ein Einzelgewicht von 600 bis 1100 Tonnen.<\/p>\r\n\r\n<div id=\"attachment_1253\" style=\"width: 770px\" class=\"wp-caption alignnone\"><img loading=\"lazy\" decoding=\"async\" aria-describedby=\"caption-attachment-1253\" class=\"wp-image-1253 size-full\" src=\"https:\/\/www.gemeinde-untermarchtal.de\/bilder\/Donauviadukt_Neubau_Oktober_2012_vomDonautal.jpg\" alt=\"donauviadukt_neubau_oktober_2012_vomdonautal\" width=\"760\" height=\"570\" \/><p id=\"caption-attachment-1253\" class=\"wp-caption-text\">Gesamtbild vom Donautal zur Br\u00fcckenbaustelle und dem vordersten und ersten Br\u00fcckentakt samt dem gelben \"Vorbauschnabel\". L\u00e4nge jetzt rund 180 Meter.<\/p><\/div>\r\n\r\n<div id=\"attachment_1245\" style=\"width: 770px\" class=\"wp-caption alignnone\"><img loading=\"lazy\" decoding=\"async\" aria-describedby=\"caption-attachment-1245\" class=\"wp-image-1245 size-full\" src=\"https:\/\/www.gemeinde-untermarchtal.de\/bilder\/Donauviadukt_Neubau_Oktober_2012_9tes_Taktfeld.jpg\" alt=\"donauviadukt_neubau_oktober_2012_9tes_taktfeld\" width=\"760\" height=\"570\" \/><p id=\"caption-attachment-1245\" class=\"wp-caption-text\">Foto: Am 15. Oktober: Br\u00fccken\u00fcberbau-Zustand nach dem schieben des 9. Taktfeldes (von insgesamt 18). Jetzt ist der &#8222;Halbzeitstand&#8220; in Sachen Br\u00fccken\u00fcber im Rohbau erreicht. Die L\u00e4nge mi\u00dft jetzt ziemlich genau 180 Meter, also die H\u00e4lfte von der Gesamtbr\u00fcckenbaul\u00e4nge von 362,50 Meter des neuen B 311 Donauviadukt bei Untermarchtal. Die Auflagerung des Br\u00fccken\u00fcberbau (mit dem gelben Vorbauschnabel) ist jetzt auf dem 3. Hilfspfeiler angekommen.<\/p><\/div>\r\n\r\n<p>Massen: Die Auflastung pro Pfeiler mu\u00df ein Gewicht von knapp \u00fcber 2000 Tonnen k\u00fcnftig aufnehmen. Stahlbeton wird im gesamten 7700 Kubikmeter ben\u00f6tigt. Diese Menge verteilt sich f\u00fcr die Pfahlgr\u00fcndungen an den Widerlager und Pfeilergr\u00fcndungen auf 2980 Kubikmeter und schlie\u00dflich f\u00fcr den \u00dcberbau, die Kappen und Taktkellerw\u00e4nde mit 4720 Kubikmeter auf den rund 12 Meter breiten Stra\u00dfen\u00fcberbau und die 362,50 Meter lange Br\u00fccke. Die zweispurige Fahrbahnbreite wird mit 8,34 Meter nur geringf\u00fcgig breiter wie beim jetzigen Viadukt. Die Bauwerksh\u00f6he wird im Mittel rund 23,50 Meter sein. Gearbeitet wurde auch am Feiertag 3. Oktober oder jetzt am Feiertag &#8222;Allerheiligen&#8220;. Die Genehmigung f\u00fcr die Fertigbetonbef\u00f6rderung an den Feiertagen auf der Stra\u00dfe vom Werk \u00c4pfingen nach Untermarchtal liegt vor. Da\u00df sich auch Baufachleute aus der ganzen erweiterten Region interessieren, wird am Donnerstag, 18. Oktober 2012 bei einer Tagung von Fachingenieuren in Ehingen mit einem Besuch auf der Untermarchtaler Br\u00fcckenbaustelle bewiesen. Dies war vom RP T\u00fcbingen, Dienststelle Ehingen Stra\u00dfenbau, zu erfahren.<\/p>\r\n\r\n<div id=\"attachment_1249\" style=\"width: 770px\" class=\"wp-caption alignnone\"><img loading=\"lazy\" decoding=\"async\" aria-describedby=\"caption-attachment-1249\" class=\"wp-image-1249 size-full\" src=\"https:\/\/www.gemeinde-untermarchtal.de\/bilder\/Donauviadukt_Neubau_Oktober_2012_Hydraulikpressen.jpg\" alt=\"donauviadukt_neubau_oktober_2012_hydraulikpressen\" width=\"760\" height=\"570\" \/><p id=\"caption-attachment-1249\" class=\"wp-caption-text\">Br\u00fcckenbaumitarbeiter Carsten Poppe beim bedienen des Ger\u00e4te der Hydraulikpressen.<\/p><\/div>\r\n\r\n<div id=\"attachment_1252\" style=\"width: 770px\" class=\"wp-caption alignnone\"><img loading=\"lazy\" decoding=\"async\" aria-describedby=\"caption-attachment-1252\" class=\"wp-image-1252 size-full\" src=\"https:\/\/www.gemeinde-untermarchtal.de\/bilder\/Donauviadukt_Neubau_Oktober_2012_Talgrund.jpg\" alt=\"donauviadukt_neubau_oktober_2012_talgrund\" width=\"760\" height=\"570\" \/><p id=\"caption-attachment-1252\" class=\"wp-caption-text\">Noch eine Personalie: Polier Jan Wolf im Talgrund. Er ist zusammen mit seinem Team zust\u00e4ndig f\u00fcr den Bau der insgesamt 8 Br\u00fcckenpfeiler aus Stahlbeton, davon 4 Hilfspfeiler die dann wieder zum Br\u00fcckenbauende nicht mehr ben\u00f6tigt werden und somit abgerissen werden. Im stehen 2 gro\u00dfe Baukr\u00e4ne zur Verf\u00fcgung. 1 Kran wird in der Woche 42\/12 abgebaut und neben dem Platz des k\u00fcnftigen &#8222;Widerlager Riedlingen&#8220; auf der rechten Donauseite f\u00fcr dessen Bau wieder installiert. Der &#8222;Br\u00fcckenschlag&#8220; \u00fcber die Donau mit dem neuen \u00dcberbau folgt im November 2012.<\/p><\/div>","protected":false},"excerpt":{"rendered":"<p>Am 15. Oktober 2012, Vormittags, war &#8222;Halbzeit&#8220; am Br\u00fccken\u00fcberbau mit dem Schieben des 9. Bautaktes. Baufsichtsleiter Wilhelm Striebel, sein Kollege Anton Neubrand, beide vom Regierungspr\u00e4sidium &#8222;Abteilung Stra\u00dfenbau in Ehingen&#8220; sowie Bauleiter Dietmar Gerner und Bauoberpolier Andreas Welser von der bauausf\u00fchrenden Firma Schmid, Baltringen, nannten diesen Arbeitsvorgang an der Br\u00fccke die &#8222;Halbzeit&#8220; was die Herstellung des [&hellip;]<\/p>\n","protected":false},"author":1,"featured_media":0,"parent":0,"menu_order":0,"comment_status":"closed","ping_status":"closed","template":"page-templates\/_template_aktuelle_beitraege.php","meta":{"_acf_changed":false,"footnotes":""},"class_list":["post-1185","page","type-page","status-publish","hentry"],"acf":[],"yoast_head":"<!-- This site is optimized with the Yoast SEO plugin v26.7 - https:\/\/yoast.com\/wordpress\/plugins\/seo\/ -->\n<title>Neubau Donauviadukt - Oktober 2012 - Gemeinde Untermarchtal<\/title>\n<meta name=\"robots\" content=\"index, follow, max-snippet:-1, max-image-preview:large, max-video-preview:-1\" \/>\n<link rel=\"canonical\" href=\"https:\/\/www.gemeinde-untermarchtal.de\/index.php\/neubau-donauviadukt-oktober-2012\/\" \/>\n<meta property=\"og:locale\" content=\"de_DE\" \/>\n<meta property=\"og:type\" content=\"article\" \/>\n<meta property=\"og:title\" content=\"Neubau Donauviadukt - Oktober 2012 - Gemeinde Untermarchtal\" \/>\n<meta property=\"og:description\" content=\"Am 15. Oktober 2012, Vormittags, war &#8222;Halbzeit&#8220; am Br\u00fccken\u00fcberbau mit dem Schieben des 9. Bautaktes. Baufsichtsleiter Wilhelm Striebel, sein Kollege Anton Neubrand, beide vom Regierungspr\u00e4sidium &#8222;Abteilung Stra\u00dfenbau in Ehingen&#8220; sowie Bauleiter Dietmar Gerner und Bauoberpolier Andreas Welser von der bauausf\u00fchrenden Firma Schmid, Baltringen, nannten diesen Arbeitsvorgang an der Br\u00fccke die &#8222;Halbzeit&#8220; was die Herstellung des [&hellip;]\" \/>\n<meta property=\"og:url\" content=\"https:\/\/www.gemeinde-untermarchtal.de\/index.php\/neubau-donauviadukt-oktober-2012\/\" \/>\n<meta property=\"og:site_name\" content=\"Gemeinde Untermarchtal\" \/>\n<meta property=\"article:modified_time\" content=\"2018-07-21T13:05:30+00:00\" \/>\n<meta property=\"og:image\" content=\"https:\/\/www.gemeinde-untermarchtal.de\/bilder\/Donauviadukt_Neubau_Oktober_2012_Paralell.jpg\" \/>\n<meta name=\"twitter:card\" content=\"summary_large_image\" \/>\n<meta name=\"twitter:label1\" content=\"Gesch\u00e4tzte Lesezeit\" \/>\n\t<meta name=\"twitter:data1\" content=\"5\u00a0Minuten\" \/>\n<script type=\"application\/ld+json\" class=\"yoast-schema-graph\">{\"@context\":\"https:\/\/schema.org\",\"@graph\":[{\"@type\":\"WebPage\",\"@id\":\"https:\/\/www.gemeinde-untermarchtal.de\/index.php\/neubau-donauviadukt-oktober-2012\/\",\"url\":\"https:\/\/www.gemeinde-untermarchtal.de\/index.php\/neubau-donauviadukt-oktober-2012\/\",\"name\":\"Neubau Donauviadukt - Oktober 2012 - Gemeinde Untermarchtal\",\"isPartOf\":{\"@id\":\"https:\/\/www.gemeinde-untermarchtal.de\/#website\"},\"primaryImageOfPage\":{\"@id\":\"https:\/\/www.gemeinde-untermarchtal.de\/index.php\/neubau-donauviadukt-oktober-2012\/#primaryimage\"},\"image\":{\"@id\":\"https:\/\/www.gemeinde-untermarchtal.de\/index.php\/neubau-donauviadukt-oktober-2012\/#primaryimage\"},\"thumbnailUrl\":\"https:\/\/www.gemeinde-untermarchtal.de\/bilder\/Donauviadukt_Neubau_Oktober_2012_Paralell.jpg\",\"datePublished\":\"2016-10-06T20:24:14+00:00\",\"dateModified\":\"2018-07-21T13:05:30+00:00\",\"breadcrumb\":{\"@id\":\"https:\/\/www.gemeinde-untermarchtal.de\/index.php\/neubau-donauviadukt-oktober-2012\/#breadcrumb\"},\"inLanguage\":\"de\",\"potentialAction\":[{\"@type\":\"ReadAction\",\"target\":[\"https:\/\/www.gemeinde-untermarchtal.de\/index.php\/neubau-donauviadukt-oktober-2012\/\"]}]},{\"@type\":\"ImageObject\",\"inLanguage\":\"de\",\"@id\":\"https:\/\/www.gemeinde-untermarchtal.de\/index.php\/neubau-donauviadukt-oktober-2012\/#primaryimage\",\"url\":\"https:\/\/www.gemeinde-untermarchtal.de\/bilder\/Donauviadukt_Neubau_Oktober_2012_Paralell.jpg\",\"contentUrl\":\"https:\/\/www.gemeinde-untermarchtal.de\/bilder\/Donauviadukt_Neubau_Oktober_2012_Paralell.jpg\",\"width\":760,\"height\":570},{\"@type\":\"BreadcrumbList\",\"@id\":\"https:\/\/www.gemeinde-untermarchtal.de\/index.php\/neubau-donauviadukt-oktober-2012\/#breadcrumb\",\"itemListElement\":[{\"@type\":\"ListItem\",\"position\":1,\"name\":\"Startseite\",\"item\":\"https:\/\/www.gemeinde-untermarchtal.de\/\"},{\"@type\":\"ListItem\",\"position\":2,\"name\":\"Neubau Donauviadukt - Oktober 2012\"}]},{\"@type\":\"WebSite\",\"@id\":\"https:\/\/www.gemeinde-untermarchtal.de\/#website\",\"url\":\"https:\/\/www.gemeinde-untermarchtal.de\/\",\"name\":\"Gemeinde Untermarchtal\",\"description\":\"Gemeinde Untermarchtal\",\"potentialAction\":[{\"@type\":\"SearchAction\",\"target\":{\"@type\":\"EntryPoint\",\"urlTemplate\":\"https:\/\/www.gemeinde-untermarchtal.de\/?s={search_term_string}\"},\"query-input\":{\"@type\":\"PropertyValueSpecification\",\"valueRequired\":true,\"valueName\":\"search_term_string\"}}],\"inLanguage\":\"de\"}]}<\/script>\n<!-- \/ Yoast SEO plugin. -->","yoast_head_json":{"title":"Neubau Donauviadukt - Oktober 2012 - Gemeinde Untermarchtal","robots":{"index":"index","follow":"follow","max-snippet":"max-snippet:-1","max-image-preview":"max-image-preview:large","max-video-preview":"max-video-preview:-1"},"canonical":"https:\/\/www.gemeinde-untermarchtal.de\/index.php\/neubau-donauviadukt-oktober-2012\/","og_locale":"de_DE","og_type":"article","og_title":"Neubau Donauviadukt - Oktober 2012 - Gemeinde Untermarchtal","og_description":"Am 15. Oktober 2012, Vormittags, war &#8222;Halbzeit&#8220; am Br\u00fccken\u00fcberbau mit dem Schieben des 9. Bautaktes. Baufsichtsleiter Wilhelm Striebel, sein Kollege Anton Neubrand, beide vom Regierungspr\u00e4sidium &#8222;Abteilung Stra\u00dfenbau in Ehingen&#8220; sowie Bauleiter Dietmar Gerner und Bauoberpolier Andreas Welser von der bauausf\u00fchrenden Firma Schmid, Baltringen, nannten diesen Arbeitsvorgang an der Br\u00fccke die &#8222;Halbzeit&#8220; was die Herstellung des [&hellip;]","og_url":"https:\/\/www.gemeinde-untermarchtal.de\/index.php\/neubau-donauviadukt-oktober-2012\/","og_site_name":"Gemeinde Untermarchtal","article_modified_time":"2018-07-21T13:05:30+00:00","og_image":[{"url":"https:\/\/www.gemeinde-untermarchtal.de\/bilder\/Donauviadukt_Neubau_Oktober_2012_Paralell.jpg","type":"","width":"","height":""}],"twitter_card":"summary_large_image","twitter_misc":{"Gesch\u00e4tzte Lesezeit":"5\u00a0Minuten"},"schema":{"@context":"https:\/\/schema.org","@graph":[{"@type":"WebPage","@id":"https:\/\/www.gemeinde-untermarchtal.de\/index.php\/neubau-donauviadukt-oktober-2012\/","url":"https:\/\/www.gemeinde-untermarchtal.de\/index.php\/neubau-donauviadukt-oktober-2012\/","name":"Neubau Donauviadukt - Oktober 2012 - Gemeinde Untermarchtal","isPartOf":{"@id":"https:\/\/www.gemeinde-untermarchtal.de\/#website"},"primaryImageOfPage":{"@id":"https:\/\/www.gemeinde-untermarchtal.de\/index.php\/neubau-donauviadukt-oktober-2012\/#primaryimage"},"image":{"@id":"https:\/\/www.gemeinde-untermarchtal.de\/index.php\/neubau-donauviadukt-oktober-2012\/#primaryimage"},"thumbnailUrl":"https:\/\/www.gemeinde-untermarchtal.de\/bilder\/Donauviadukt_Neubau_Oktober_2012_Paralell.jpg","datePublished":"2016-10-06T20:24:14+00:00","dateModified":"2018-07-21T13:05:30+00:00","breadcrumb":{"@id":"https:\/\/www.gemeinde-untermarchtal.de\/index.php\/neubau-donauviadukt-oktober-2012\/#breadcrumb"},"inLanguage":"de","potentialAction":[{"@type":"ReadAction","target":["https:\/\/www.gemeinde-untermarchtal.de\/index.php\/neubau-donauviadukt-oktober-2012\/"]}]},{"@type":"ImageObject","inLanguage":"de","@id":"https:\/\/www.gemeinde-untermarchtal.de\/index.php\/neubau-donauviadukt-oktober-2012\/#primaryimage","url":"https:\/\/www.gemeinde-untermarchtal.de\/bilder\/Donauviadukt_Neubau_Oktober_2012_Paralell.jpg","contentUrl":"https:\/\/www.gemeinde-untermarchtal.de\/bilder\/Donauviadukt_Neubau_Oktober_2012_Paralell.jpg","width":760,"height":570},{"@type":"BreadcrumbList","@id":"https:\/\/www.gemeinde-untermarchtal.de\/index.php\/neubau-donauviadukt-oktober-2012\/#breadcrumb","itemListElement":[{"@type":"ListItem","position":1,"name":"Startseite","item":"https:\/\/www.gemeinde-untermarchtal.de\/"},{"@type":"ListItem","position":2,"name":"Neubau Donauviadukt - Oktober 2012"}]},{"@type":"WebSite","@id":"https:\/\/www.gemeinde-untermarchtal.de\/#website","url":"https:\/\/www.gemeinde-untermarchtal.de\/","name":"Gemeinde Untermarchtal","description":"Gemeinde Untermarchtal","potentialAction":[{"@type":"SearchAction","target":{"@type":"EntryPoint","urlTemplate":"https:\/\/www.gemeinde-untermarchtal.de\/?s={search_term_string}"},"query-input":{"@type":"PropertyValueSpecification","valueRequired":true,"valueName":"search_term_string"}}],"inLanguage":"de"}]}},"_links":{"self":[{"href":"https:\/\/www.gemeinde-untermarchtal.de\/index.php\/wp-json\/wp\/v2\/pages\/1185","targetHints":{"allow":["GET"]}}],"collection":[{"href":"https:\/\/www.gemeinde-untermarchtal.de\/index.php\/wp-json\/wp\/v2\/pages"}],"about":[{"href":"https:\/\/www.gemeinde-untermarchtal.de\/index.php\/wp-json\/wp\/v2\/types\/page"}],"author":[{"embeddable":true,"href":"https:\/\/www.gemeinde-untermarchtal.de\/index.php\/wp-json\/wp\/v2\/users\/1"}],"replies":[{"embeddable":true,"href":"https:\/\/www.gemeinde-untermarchtal.de\/index.php\/wp-json\/wp\/v2\/comments?post=1185"}],"version-history":[{"count":13,"href":"https:\/\/www.gemeinde-untermarchtal.de\/index.php\/wp-json\/wp\/v2\/pages\/1185\/revisions"}],"predecessor-version":[{"id":2772,"href":"https:\/\/www.gemeinde-untermarchtal.de\/index.php\/wp-json\/wp\/v2\/pages\/1185\/revisions\/2772"}],"wp:attachment":[{"href":"https:\/\/www.gemeinde-untermarchtal.de\/index.php\/wp-json\/wp\/v2\/media?parent=1185"}],"curies":[{"name":"wp","href":"https:\/\/api.w.org\/{rel}","templated":true}]}}