{"id":1189,"date":"2016-10-06T22:26:16","date_gmt":"2016-10-06T20:26:16","guid":{"rendered":"http:\/\/www.gemeinde-untermarchtal.de\/?page_id=1189"},"modified":"2018-07-21T09:26:05","modified_gmt":"2018-07-21T07:26:05","slug":"neubau-donauviadukt-dezember-2012","status":"publish","type":"page","link":"https:\/\/www.gemeinde-untermarchtal.de\/index.php\/neubau-donauviadukt-dezember-2012\/","title":{"rendered":"Neubau Donauviadukt - Dezember 2012"},"content":{"rendered":"<p>Noch 40 Meter bis zum Wiederlager &#8222;Riedlingen&#8220;<\/p>\r\n\r\n<div id=\"attachment_1272\" style=\"width: 770px\" class=\"wp-caption alignnone\"><img loading=\"lazy\" decoding=\"async\" aria-describedby=\"caption-attachment-1272\" class=\"wp-image-1272 size-full\" src=\"https:\/\/www.gemeinde-untermarchtal.de\/bilder\/Donauviadukt_Neubau_Dezember_2012_40Meter.jpg\" alt=\"donauviadukt_neubau_dezember_2012_40meter\" width=\"760\" height=\"570\" \/><p id=\"caption-attachment-1272\" class=\"wp-caption-text\">Foto zeigt den jetzigen Stand des Br\u00fccken\u00fcberbau nach dem Schieben des 16. Takt am 03. Dezember 2012. Es fehlen noch rund 40 Meter-Taktschieben. Takt 17 am 10. Dezember und der Takt 18, dem letzten \u00dcberbautakt, am Montag 17. Dezember 2012. Damit ist die Gesamtl\u00e4nge des Br\u00fccken\u00fcberbau mit 362,50 Meter erreicht.<\/p><\/div>\r\n\r\n<div id=\"attachment_1276\" style=\"width: 770px\" class=\"wp-caption alignnone\"><img loading=\"lazy\" decoding=\"async\" aria-describedby=\"caption-attachment-1276\" class=\"wp-image-1276 size-full\" src=\"https:\/\/www.gemeinde-untermarchtal.de\/bilder\/Donauviadukt_Neubau_Dezember_2012_Schnabel.jpg\" alt=\"donauviadukt_neubau_dezember_2012_schnabel\" width=\"760\" height=\"570\" \/><p id=\"caption-attachment-1276\" class=\"wp-caption-text\">Das Foto zeigt die neue Br\u00fccke links mit sichtbarem gelben Vorbauschnabel und die alte Br\u00fccke rechts als jetzt noch parallel verlaufende Br\u00fcckenbauwerke vom Talgrund der Donau aus gesehen.<\/p><\/div>\r\n\r\n<div id=\"attachment_1277\" style=\"width: 770px\" class=\"wp-caption alignnone\"><img loading=\"lazy\" decoding=\"async\" aria-describedby=\"caption-attachment-1277\" class=\"wp-image-1277 size-full\" src=\"https:\/\/www.gemeinde-untermarchtal.de\/bilder\/Donauviadukt_Neubau_Dezember_2012_Wiederlager.jpg\" alt=\"donauviadukt_neubau_dezember_2012_wiederlager\" width=\"760\" height=\"570\" \/><p id=\"caption-attachment-1277\" class=\"wp-caption-text\">Foto zeigt Mitarbeiter der Fa. Schmid bei Einschalarbeiten am &#8222;Riedlinger Widerlager&#8220; am Montag 03. Dezember 2012 bei leichtem Schneetreiben. Tags darauf am Dienstag, 04. Dezember wurden dort betoniert.<\/p><\/div>\r\n\r\n<h3>Am 21. Dezember 2012, 15.55 Uhr, war der &#8222;Br\u00fcckenschlag&#8220; \u00fcber die Donau als Meilenstein beim Neubau<\/h3>\r\n\r\n<p>Jetzt haben die t\u00fcchtigen Br\u00fcckenbauer der Firma Matth\u00e4us Schmid aus Baltringen zusammen mit den Planern des Regierungspr\u00e4sidium T\u00fcbingen, Dienststelle Ehingen, ihr vorl\u00e4ufig gro\u00dfes Bauziel erreicht; mit dem erreichen des &#8222;Riedlingen Widerlager&#8220; und aufsetzen des 18. und letzuten Br\u00fccken\u00fcberbautakt \u00fcberquert jetzt der Br\u00fcckenbau im Rohbau das Donautal in der Gesamtl\u00e4nge von 362,50 Meter. Das kann im Vergleich zu einem Hausbau als Richtfest gesehen werden und dies bezeugt auch ein geschm\u00fcckter und beleuchteter am \u00dcberbau Tannenbaum. Zum Zeitpunkt wo das Ende des Taktschiebens erreicht wurde, herrschte auf der Baustelle gute Stimmung und wo von &#8222;Endzeitstimmung&#8220; just an diesem Tage von apokalyptischen Deutungen und Weltuntergang nach dem Mayakalender keine Rede war. Dies zu recht und zum Gesamtlob f\u00fcr alle am Bauwerk planenden und arbeitenden. Hier am Bau schaut man zuversichtlich und optimistisch nach vorne.<\/p>\r\n\r\n<div id=\"attachment_1274\" style=\"width: 770px\" class=\"wp-caption alignnone\"><img loading=\"lazy\" decoding=\"async\" aria-describedby=\"caption-attachment-1274\" class=\"wp-image-1274 size-full\" src=\"https:\/\/www.gemeinde-untermarchtal.de\/bilder\/Donauviadukt_Neubau_Dezember_2012_Brueckenschlag.jpg\" alt=\"donauviadukt_neubau_dezember_2012_brueckenschlag\" width=\"760\" height=\"570\" \/><p id=\"caption-attachment-1274\" class=\"wp-caption-text\">Das Foto zeigt jetzt den gesamten Br\u00fccken\u00fcberbau im Rohbau am letzten Taktschiebetag 21. Dezember 2012.<\/p><\/div>\r\n\r\n<p>In Anwesentheit von Seniorchef Matth\u00e4us Schmid aus Baltringen und Dezernatsamtsleiter Hartmut Geiger von der Ehinger RP Dienststelle, wurde die Fertigstellung dieses wichtigen Bauabschnitt gew\u00fcrdigt. Bauaufsichtsleiter Wilhelm Striebel und sein Kollege Anton Neubrand von der Ehinger Dienstelle betonten ausdr\u00fccklich die sehr ordentliche Bauausf\u00fchrung und Leistung der Firma Schmid mit all ihren rund 50 Mitarbeitern die am Br\u00fcckenbau bis jetzt besch\u00e4ftigt waren. Die Zusammenarbeit \u00fcbersteige das normal gute Ma\u00df, P\u00fcnktlichkeit bei den Terminen und die Verl\u00e4\u00dflichkeit gepaart mit Genauigkeit und Pr\u00e4zision wird hier am Bau praktiziert. Dietmar Gerner, Bauleiter, sowie Oberpolier Andreas Welser von der Firma Schmid sind versierte, t\u00fcchtige und erfahrene Baufachleute in Sachen Br\u00fcckenbau. Dies konnter man tagt\u00e4glich seit Fr\u00fchjahr 2012 bei den Bauteams in und am Taktkeller, dem Herzst\u00fcck f\u00fcr die Herstellung, das hei\u00dft Betonierung der 18 Einzeltakte, den Bauteams unter Leitung von Polier Jan Wolf im Donautal bei der Herstellung, Schalung und Betonierung der 4 Pfeiler und 4 Hilfspfeiler beobachten. Gleiches gilt f\u00fcr die schon von November 2011 bis Juli 2012 arbeitenden Firmen G+R, Aalen, mit dem Bau des notwendigen &#8222;Berliner Verbau&#8220; zu Bausicherungszwecken sowie den Tiefenbohrungen und Baugr\u00fcndungen im Donautal. Ebenso sollen erw\u00e4hnt sein die Sprengarbeiten zum Bau des &#8222;Taktkeller&#8220; von der Firma Hildegard Merkle, Uttenweiler und die Spezialfirma Grundbau Keller aus Renchen\/Baden f\u00fcr die Pfahlgr\u00fcndungen im Hangbereich und im Donautal.<\/p>\r\n\r\n<p>Jetzt am 21. Dezember 2012, genau um 15.55 Uhr, ist der Br\u00fcckenschlag \u00fcber das Donautal gemacht worden. Wenn man jetzt von Kr\u00e4ftemesse oder bewegten Massen laut den Baupl\u00e4nen spricht, ist viel von Physik im Spiel. Mit dem Vorschub des 18. und letzten Bautakt als sogenannter &#8222;Endverschub&#8220; \u00fcber die Restbaul\u00e4nge die sich noch im Taktkellerbefand, wurden an diesem Tag 54 Meter &#8222;Br\u00fccke&#8220; geschoben. In Tonnen ausgedr\u00fcckt bewegte der zuverl\u00e4ssige Hydraulikpressenbediener Carsten Poppe etwa \u00fcber 11 000 Tonnen. Nach Isaac Newton, dem Physiker und Mathematiker f\u00fcr bewegte und tr\u00e4ger Massen ist dies eine Menge von \u00fcber 110 000 Kn gleich Kilionewton und nach seinem Namen benannt. Poppe ben\u00f6tigte hierbei 2 gro\u00dfe Hydraulikpressen mit insgesamt 800 Bar Leistung und die Mitunterst\u00fctzung von Spezial-Teflonplatten die auf den K\u00f6pfen der 20 vorl\u00e4ufigen Verschiebelagern und den 8 Pfeilern und 2 Widerlagern montiert sind. Allein am letzten Taktverschiebetag waren dabei 22 &#8222;Schmid-Arbeiter&#8220; damit besch\u00e4ftigt, diese Platten jeweils punktgenau zu legen. Sehr spannend wurde es dann bei den letzten Schubmetern am &#8222;Riedlinger Widerlager&#8220;. Da h\u00f6rte man von Oberpolier Andreas Welser das &#8222;Funkkommando!&#8220; vor oder zur\u00fcck mit Taktschieber Carsten Poppe um Millimeter, der sich in 362,50 Meter Entfernung aufhielt. Bei den Nachmessungen vor Ort werden dann mehr als 3 Millimeter Genauigkeitstoleranzen nicht geduldet. Fast h\u00e4tte die kalte, winterlicher Witterung vor 10 Tagen noch den Zeitplan zu Fall gebracht. Um den 12. Dezember mu\u00dften ein paar Tage &#8222;Betonierpause\"&#8220; wegen bis zu 18 Grad K\u00e4lte eingelegt werden. Aber jetzt ist man froh, vor Weihnachten diesen Bauabschnitt nach 13 Monaten Bauzeit, abschlie\u00dfen zu k\u00f6nnen und dies bedeutet; verdiente Baupause bis 14. Januar 2013.<\/p>\r\n\r\n<p>\u00dcber diesen Termin hinaus kann die Firma Schmid am Br\u00fcckenbau noch nichts genaues planen. Doch man will grunds\u00e4tzlich jede g\u00fcnstige Witterung f\u00fcr die Br\u00fcckenbauarbeiten nutzen. Das hei\u00dft, im Br\u00fcckenhohlkasten m\u00fcssen jetzt die zus\u00e4tzlich externe und interne Spannglieder und Taktverbindungen montiert und vorgespannt werden. Ebenso die Fahrbahnentw\u00e4sserungsleitungen im Hohlkasten verlegt sowie die Fahrbahn und Br\u00fcckenkappen komplett hergestellt werden. Der Taktkeller wird abgebrochen ebenso die nicht mehr ben\u00f6tigten 4 Hilfspfeiler. Auf den 4 bestehenden Br\u00fcckenpfeiler und den Widerlagern werden die endg\u00fcltigen Kalottenlager montiert. Die Stra\u00dfenanbindung besch\u00e4ftigt die Firma Kirchhoff, Langenargen, ab Fr\u00fchjahr 2013 und wenn die vertragliche Befahrbarkeit des Viadukts ab Oktober 2013 soweit ist, kann mit dem Abbruch des jetzigen Viaduktbau aus den Jahren 1952\/53 begonnen werden. Ausgenommen vom Abbruch wird das alte &#8222;Riedlinger Widerlager&#8220; wegen der bestehenden Ansiedlung von einer Fledermaus-Poppulation sein. Gesamtfertigstellungstermin der Br\u00fccke mit allen Anschl\u00fcssen wird Fr\u00fchjahr 2014 sein.<\/p>\r\n\r\n<div id=\"attachment_1273\" style=\"width: 770px\" class=\"wp-caption alignnone\"><img loading=\"lazy\" decoding=\"async\" aria-describedby=\"caption-attachment-1273\" class=\"wp-image-1273 size-full\" src=\"https:\/\/www.gemeinde-untermarchtal.de\/bilder\/Donauviadukt_Neubau_Dezember_2012_Brueckenbauer.jpg\" alt=\"donauviadukt_neubau_dezember_2012_brueckenbauer\" width=\"760\" height=\"570\" \/><p id=\"caption-attachment-1273\" class=\"wp-caption-text\">Foto zeigt die beiden &#8222;Br\u00fcckenbauer&#8220; Dietmar Gerner, Bauleiter (links) und Andreas Welser, Operpolier, (rechts) beide von der Firma Matth\u00e4us Schmid, Baltringen die mit Freude und einem guten Fingerzeig sich auf der Baustelle bewegen.<\/p><\/div>\r\n\r\n<div id=\"attachment_1275\" style=\"width: 770px\" class=\"wp-caption alignnone\"><img loading=\"lazy\" decoding=\"async\" aria-describedby=\"caption-attachment-1275\" class=\"wp-image-1275 size-full\" src=\"https:\/\/www.gemeinde-untermarchtal.de\/bilder\/Donauviadukt_Neubau_Dezember_2012_Hydraulikpressen.jpg\" alt=\"donauviadukt_neubau_dezember_2012_hydraulikpressen\" width=\"760\" height=\"570\" \/><p id=\"caption-attachment-1275\" class=\"wp-caption-text\">Baumitarbeiter Carsten Poppe (links) als \"Br\u00fcckentaktschieber\" und Bauleiter Dietmatr Gerner (rechts) an der Bedienungseinrichtung f\u00fcr die 800 Bar-Hydraulikpressen.<\/p><\/div>","protected":false},"excerpt":{"rendered":"<p>Noch 40 Meter bis zum Wiederlager &#8222;Riedlingen&#8220; Am 21. Dezember 2012, 15.55 Uhr, war der &#8222;Br\u00fcckenschlag&#8220; \u00fcber die Donau als Meilenstein beim Neubau Jetzt haben die t\u00fcchtigen Br\u00fcckenbauer der Firma Matth\u00e4us Schmid aus Baltringen zusammen mit den Planern des Regierungspr\u00e4sidium T\u00fcbingen, Dienststelle Ehingen, ihr vorl\u00e4ufig gro\u00dfes Bauziel erreicht; mit dem erreichen des &#8222;Riedlingen Widerlager&#8220; und [&hellip;]<\/p>\n","protected":false},"author":1,"featured_media":0,"parent":0,"menu_order":0,"comment_status":"closed","ping_status":"closed","template":"page-templates\/_template_aktuelle_beitraege.php","meta":{"_acf_changed":false,"footnotes":""},"class_list":["post-1189","page","type-page","status-publish","hentry"],"acf":[],"yoast_head":"<!-- This site is optimized with the Yoast SEO plugin v26.7 - https:\/\/yoast.com\/wordpress\/plugins\/seo\/ -->\n<title>Neubau Donauviadukt - Dezember 2012 - Gemeinde Untermarchtal<\/title>\n<meta name=\"robots\" content=\"index, follow, max-snippet:-1, max-image-preview:large, max-video-preview:-1\" \/>\n<link rel=\"canonical\" href=\"https:\/\/www.gemeinde-untermarchtal.de\/index.php\/neubau-donauviadukt-dezember-2012\/\" \/>\n<meta property=\"og:locale\" content=\"de_DE\" \/>\n<meta property=\"og:type\" content=\"article\" \/>\n<meta property=\"og:title\" content=\"Neubau Donauviadukt - Dezember 2012 - Gemeinde Untermarchtal\" \/>\n<meta property=\"og:description\" content=\"Noch 40 Meter bis zum Wiederlager &#8222;Riedlingen&#8220; Am 21. Dezember 2012, 15.55 Uhr, war der &#8222;Br\u00fcckenschlag&#8220; \u00fcber die Donau als Meilenstein beim Neubau Jetzt haben die t\u00fcchtigen Br\u00fcckenbauer der Firma Matth\u00e4us Schmid aus Baltringen zusammen mit den Planern des Regierungspr\u00e4sidium T\u00fcbingen, Dienststelle Ehingen, ihr vorl\u00e4ufig gro\u00dfes Bauziel erreicht; mit dem erreichen des &#8222;Riedlingen Widerlager&#8220; und [&hellip;]\" \/>\n<meta property=\"og:url\" content=\"https:\/\/www.gemeinde-untermarchtal.de\/index.php\/neubau-donauviadukt-dezember-2012\/\" \/>\n<meta property=\"og:site_name\" content=\"Gemeinde Untermarchtal\" \/>\n<meta property=\"article:modified_time\" content=\"2018-07-21T07:26:05+00:00\" \/>\n<meta property=\"og:image\" content=\"https:\/\/www.gemeinde-untermarchtal.de\/bilder\/Donauviadukt_Neubau_Dezember_2012_40Meter.jpg\" \/>\n<meta name=\"twitter:card\" content=\"summary_large_image\" \/>\n<meta name=\"twitter:label1\" content=\"Gesch\u00e4tzte Lesezeit\" \/>\n\t<meta name=\"twitter:data1\" content=\"5\u00a0Minuten\" \/>\n<script type=\"application\/ld+json\" class=\"yoast-schema-graph\">{\"@context\":\"https:\/\/schema.org\",\"@graph\":[{\"@type\":\"WebPage\",\"@id\":\"https:\/\/www.gemeinde-untermarchtal.de\/index.php\/neubau-donauviadukt-dezember-2012\/\",\"url\":\"https:\/\/www.gemeinde-untermarchtal.de\/index.php\/neubau-donauviadukt-dezember-2012\/\",\"name\":\"Neubau Donauviadukt - Dezember 2012 - Gemeinde Untermarchtal\",\"isPartOf\":{\"@id\":\"https:\/\/www.gemeinde-untermarchtal.de\/#website\"},\"primaryImageOfPage\":{\"@id\":\"https:\/\/www.gemeinde-untermarchtal.de\/index.php\/neubau-donauviadukt-dezember-2012\/#primaryimage\"},\"image\":{\"@id\":\"https:\/\/www.gemeinde-untermarchtal.de\/index.php\/neubau-donauviadukt-dezember-2012\/#primaryimage\"},\"thumbnailUrl\":\"https:\/\/www.gemeinde-untermarchtal.de\/bilder\/Donauviadukt_Neubau_Dezember_2012_40Meter.jpg\",\"datePublished\":\"2016-10-06T20:26:16+00:00\",\"dateModified\":\"2018-07-21T07:26:05+00:00\",\"breadcrumb\":{\"@id\":\"https:\/\/www.gemeinde-untermarchtal.de\/index.php\/neubau-donauviadukt-dezember-2012\/#breadcrumb\"},\"inLanguage\":\"de\",\"potentialAction\":[{\"@type\":\"ReadAction\",\"target\":[\"https:\/\/www.gemeinde-untermarchtal.de\/index.php\/neubau-donauviadukt-dezember-2012\/\"]}]},{\"@type\":\"ImageObject\",\"inLanguage\":\"de\",\"@id\":\"https:\/\/www.gemeinde-untermarchtal.de\/index.php\/neubau-donauviadukt-dezember-2012\/#primaryimage\",\"url\":\"https:\/\/www.gemeinde-untermarchtal.de\/bilder\/Donauviadukt_Neubau_Dezember_2012_40Meter.jpg\",\"contentUrl\":\"https:\/\/www.gemeinde-untermarchtal.de\/bilder\/Donauviadukt_Neubau_Dezember_2012_40Meter.jpg\",\"width\":760,\"height\":570},{\"@type\":\"BreadcrumbList\",\"@id\":\"https:\/\/www.gemeinde-untermarchtal.de\/index.php\/neubau-donauviadukt-dezember-2012\/#breadcrumb\",\"itemListElement\":[{\"@type\":\"ListItem\",\"position\":1,\"name\":\"Startseite\",\"item\":\"https:\/\/www.gemeinde-untermarchtal.de\/\"},{\"@type\":\"ListItem\",\"position\":2,\"name\":\"Neubau Donauviadukt - Dezember 2012\"}]},{\"@type\":\"WebSite\",\"@id\":\"https:\/\/www.gemeinde-untermarchtal.de\/#website\",\"url\":\"https:\/\/www.gemeinde-untermarchtal.de\/\",\"name\":\"Gemeinde Untermarchtal\",\"description\":\"Gemeinde Untermarchtal\",\"potentialAction\":[{\"@type\":\"SearchAction\",\"target\":{\"@type\":\"EntryPoint\",\"urlTemplate\":\"https:\/\/www.gemeinde-untermarchtal.de\/?s={search_term_string}\"},\"query-input\":{\"@type\":\"PropertyValueSpecification\",\"valueRequired\":true,\"valueName\":\"search_term_string\"}}],\"inLanguage\":\"de\"}]}<\/script>\n<!-- \/ Yoast SEO plugin. -->","yoast_head_json":{"title":"Neubau Donauviadukt - Dezember 2012 - Gemeinde Untermarchtal","robots":{"index":"index","follow":"follow","max-snippet":"max-snippet:-1","max-image-preview":"max-image-preview:large","max-video-preview":"max-video-preview:-1"},"canonical":"https:\/\/www.gemeinde-untermarchtal.de\/index.php\/neubau-donauviadukt-dezember-2012\/","og_locale":"de_DE","og_type":"article","og_title":"Neubau Donauviadukt - Dezember 2012 - Gemeinde Untermarchtal","og_description":"Noch 40 Meter bis zum Wiederlager &#8222;Riedlingen&#8220; Am 21. Dezember 2012, 15.55 Uhr, war der &#8222;Br\u00fcckenschlag&#8220; \u00fcber die Donau als Meilenstein beim Neubau Jetzt haben die t\u00fcchtigen Br\u00fcckenbauer der Firma Matth\u00e4us Schmid aus Baltringen zusammen mit den Planern des Regierungspr\u00e4sidium T\u00fcbingen, Dienststelle Ehingen, ihr vorl\u00e4ufig gro\u00dfes Bauziel erreicht; mit dem erreichen des &#8222;Riedlingen Widerlager&#8220; und [&hellip;]","og_url":"https:\/\/www.gemeinde-untermarchtal.de\/index.php\/neubau-donauviadukt-dezember-2012\/","og_site_name":"Gemeinde Untermarchtal","article_modified_time":"2018-07-21T07:26:05+00:00","og_image":[{"url":"https:\/\/www.gemeinde-untermarchtal.de\/bilder\/Donauviadukt_Neubau_Dezember_2012_40Meter.jpg","type":"","width":"","height":""}],"twitter_card":"summary_large_image","twitter_misc":{"Gesch\u00e4tzte Lesezeit":"5\u00a0Minuten"},"schema":{"@context":"https:\/\/schema.org","@graph":[{"@type":"WebPage","@id":"https:\/\/www.gemeinde-untermarchtal.de\/index.php\/neubau-donauviadukt-dezember-2012\/","url":"https:\/\/www.gemeinde-untermarchtal.de\/index.php\/neubau-donauviadukt-dezember-2012\/","name":"Neubau Donauviadukt - Dezember 2012 - Gemeinde Untermarchtal","isPartOf":{"@id":"https:\/\/www.gemeinde-untermarchtal.de\/#website"},"primaryImageOfPage":{"@id":"https:\/\/www.gemeinde-untermarchtal.de\/index.php\/neubau-donauviadukt-dezember-2012\/#primaryimage"},"image":{"@id":"https:\/\/www.gemeinde-untermarchtal.de\/index.php\/neubau-donauviadukt-dezember-2012\/#primaryimage"},"thumbnailUrl":"https:\/\/www.gemeinde-untermarchtal.de\/bilder\/Donauviadukt_Neubau_Dezember_2012_40Meter.jpg","datePublished":"2016-10-06T20:26:16+00:00","dateModified":"2018-07-21T07:26:05+00:00","breadcrumb":{"@id":"https:\/\/www.gemeinde-untermarchtal.de\/index.php\/neubau-donauviadukt-dezember-2012\/#breadcrumb"},"inLanguage":"de","potentialAction":[{"@type":"ReadAction","target":["https:\/\/www.gemeinde-untermarchtal.de\/index.php\/neubau-donauviadukt-dezember-2012\/"]}]},{"@type":"ImageObject","inLanguage":"de","@id":"https:\/\/www.gemeinde-untermarchtal.de\/index.php\/neubau-donauviadukt-dezember-2012\/#primaryimage","url":"https:\/\/www.gemeinde-untermarchtal.de\/bilder\/Donauviadukt_Neubau_Dezember_2012_40Meter.jpg","contentUrl":"https:\/\/www.gemeinde-untermarchtal.de\/bilder\/Donauviadukt_Neubau_Dezember_2012_40Meter.jpg","width":760,"height":570},{"@type":"BreadcrumbList","@id":"https:\/\/www.gemeinde-untermarchtal.de\/index.php\/neubau-donauviadukt-dezember-2012\/#breadcrumb","itemListElement":[{"@type":"ListItem","position":1,"name":"Startseite","item":"https:\/\/www.gemeinde-untermarchtal.de\/"},{"@type":"ListItem","position":2,"name":"Neubau Donauviadukt - Dezember 2012"}]},{"@type":"WebSite","@id":"https:\/\/www.gemeinde-untermarchtal.de\/#website","url":"https:\/\/www.gemeinde-untermarchtal.de\/","name":"Gemeinde Untermarchtal","description":"Gemeinde Untermarchtal","potentialAction":[{"@type":"SearchAction","target":{"@type":"EntryPoint","urlTemplate":"https:\/\/www.gemeinde-untermarchtal.de\/?s={search_term_string}"},"query-input":{"@type":"PropertyValueSpecification","valueRequired":true,"valueName":"search_term_string"}}],"inLanguage":"de"}]}},"_links":{"self":[{"href":"https:\/\/www.gemeinde-untermarchtal.de\/index.php\/wp-json\/wp\/v2\/pages\/1189","targetHints":{"allow":["GET"]}}],"collection":[{"href":"https:\/\/www.gemeinde-untermarchtal.de\/index.php\/wp-json\/wp\/v2\/pages"}],"about":[{"href":"https:\/\/www.gemeinde-untermarchtal.de\/index.php\/wp-json\/wp\/v2\/types\/page"}],"author":[{"embeddable":true,"href":"https:\/\/www.gemeinde-untermarchtal.de\/index.php\/wp-json\/wp\/v2\/users\/1"}],"replies":[{"embeddable":true,"href":"https:\/\/www.gemeinde-untermarchtal.de\/index.php\/wp-json\/wp\/v2\/comments?post=1189"}],"version-history":[{"count":15,"href":"https:\/\/www.gemeinde-untermarchtal.de\/index.php\/wp-json\/wp\/v2\/pages\/1189\/revisions"}],"predecessor-version":[{"id":2740,"href":"https:\/\/www.gemeinde-untermarchtal.de\/index.php\/wp-json\/wp\/v2\/pages\/1189\/revisions\/2740"}],"wp:attachment":[{"href":"https:\/\/www.gemeinde-untermarchtal.de\/index.php\/wp-json\/wp\/v2\/media?parent=1189"}],"curies":[{"name":"wp","href":"https:\/\/api.w.org\/{rel}","templated":true}]}}