{"id":1191,"date":"2016-10-06T22:26:46","date_gmt":"2016-10-06T20:26:46","guid":{"rendered":"http:\/\/www.gemeinde-untermarchtal.de\/?page_id=1191"},"modified":"2018-07-21T15:01:33","modified_gmt":"2018-07-21T13:01:33","slug":"neubau-donauviadukt-mai-2013","status":"publish","type":"page","link":"https:\/\/www.gemeinde-untermarchtal.de\/index.php\/neubau-donauviadukt-mai-2013\/","title":{"rendered":"Neubau Donauviadukt - Mai 2013"},"content":{"rendered":"<h3>Nach der Winterbaustelle geht der Baufortschritt weiter<\/h3>\r\n<p>Nach dem es in den Monaten Februar bis und April 2013 mit dem versp\u00e4teten Wintereinbruch und Schlechtwetter doch einige Zeitverz\u00f6gerungen im Baufortschritt beim Viadukt-Neubau gegeben hat, sind die Arbeiten ab April 2013 zumindest von der Br\u00fcckenbaufrima Matth\u00e4us Schmid, Baltringen, wieder voll aufgenommen worden. Dagegen mu\u00dfte die Stra\u00dfenbaufirma Kirchhoff, Langenargen, die im M\u00e4rz begonnen Arbeiten zun\u00e4chst wieder wegen anhaltenden schlechten Wetter zur\u00fcckstellen. So war die Firma Kirchhoff gezwungen, die begonnen Arbeiten mit dem R\u00fcckbau des jetzt nicht mehr gebrauchten &#8222;Taktkeller&#8220; f\u00fcr die seinerzeitige Herstellung der 18 Br\u00fcckentakte von August bis Dezember 2012, nach einigen Tagen wieder abbrechen. Der fest betonierte Basistaktkeller beim Ehinger Widerlager wird nicht mehr abgebrochen. Er wird im Vorfeld der Br\u00fccke dort belassen und mit Gesteinsmaterial verfestigt, aufgef\u00fcllt und abgedeckt. Im Mai soll es dann dort und mit den Stra\u00dfenanschl\u00fcssen, besonders auch dann mit den Hangsicherungsarbeiten Richtung Riedlingen weitergehen.<\/p>\r\n\r\n<div id=\"attachment_1286\" style=\"width: 770px\" class=\"wp-caption alignnone\"><img loading=\"lazy\" decoding=\"async\" aria-describedby=\"caption-attachment-1286\" class=\"wp-image-1286 size-full\" src=\"https:\/\/www.gemeinde-untermarchtal.de\/bilder\/Donauviadukt_Neubau_Mai_2013_Nordwesten.jpg\" alt=\"donauviadukt_neubau_mai_2013_nordwesten\" width=\"760\" height=\"570\" \/><p id=\"caption-attachment-1286\" class=\"wp-caption-text\">Gesamtansicht der Br\u00fcckenbaustelle im M\u00e4rz 2013 von Nordwesten.<\/p><\/div>\r\n\r\n<h3>Gleitlager werden verbaut<\/h3>\r\n<p>Nach Auskunft der Firma Schmid von Bauleiter Dietmar Gerner, Oberpolier Andreas Welser, Vorarbeiter Philipp Jans sowie von der Bauaufsicht des Regierungspr\u00e4sidium T\u00fcbingen, Dienststelle Ehingen, Wilhelm Striebel, k\u00f6nnen die Bauverz\u00f6gerungen in den kommenden Monaten wieder aufgefangen werden. Im M\u00e4rz 2013 konnte die Firma Schmid die vor\u00fcbergehenden Gleitlager auf den 4 k\u00fcnftigen Br\u00fcckenpfeiler gegen die endg\u00fcltigen Kalottengleitlager austauschen. (s. Foto) Die \u00fcbrigen 4 Hilfspfeiler mit deren Bau-Gleitlager bleiben zun\u00e4chst bestehen. Dies h\u00e4ngt auch mit der Vorspannung des Gesamtbr\u00fcckenbauwerk und dessen Verpressung zusammen. S\u00e4mtliche Bauger\u00fcste an den 4 endg\u00fcltigen Br\u00fcckenpfeiler wurden jetzt entfernt. Die \u00dcbergangskonstuktionen im Br\u00fcckenkasten wurden betoniert, abgedichtet und der wichtige Korrossionsschutz mit Spezialzementleim eingegossen. Der vorgespannte externe Bereich der Spannglieder fangen die Br\u00fcckenstatik auf und werden mit Hydraulikpressen gezogen. Das ist f\u00fcr den Spannbeton wichtig bei Temperaturschwankungen um ausgleichend zu wirken. Ende M\u00e4rz wurden interne Spannglieder mit Spannstahllitzen auf Rollen eingebaut um den Br\u00fcckenbaukasten und die Br\u00fcckenwiderlager als \u00dcbergangskonstruktion betoniert, damit dieser Bauabschnitt sich mit den Dehnfugen an den Widerlagern in das Bauwerk einf\u00fcgt. Wegen ung\u00fcnstiger Witterungseinfl\u00fcsse konnten die Arbeiten nicht immer ohne Unterbrechungen weitergef\u00fchrt werden. Mehrmalige Minustemperaturen machten \u00f6fters einen Strich durch die Rechnung und zu diesem Zeitpunkt waren nur etwa 7 bis 10 Arbeiter auf der Baustelle. In B\u00e4lde, also wahrscheinlich ab Mitte Mai, kann mit dem Kappenausbau, also die Breitseite bei der k\u00fcnftigen Br\u00fcckenfahrbahn in &#8222;Takten von 20 Meter&#8220; mit einem &#8222;Schalwagen&#8220; an beiden Seiten der Fahrbahnfl\u00e4che sowie mit der Beschichtung der Fahrbahn in mehreren Arbeitsg\u00e4ngen begonnen werden. Dazu mu\u00df allerdings eine vollkommene, trockene Fl\u00e4che vorhanden sein.<\/p>\r\n\r\n<div id=\"attachment_1285\" style=\"width: 770px\" class=\"wp-caption alignnone\"><img loading=\"lazy\" decoding=\"async\" aria-describedby=\"caption-attachment-1285\" class=\"wp-image-1285 size-full\" src=\"https:\/\/www.gemeinde-untermarchtal.de\/bilder\/Donauviadukt_Neubau_Mai_2013_Kalottengleitlager.jpg\" alt=\"donauviadukt_neubau_mai_2013_kalottengleitlager\" width=\"760\" height=\"570\" \/><p id=\"caption-attachment-1285\" class=\"wp-caption-text\">Ausgetauschte und jetzt eingebaute Kalottengleitlager auf den 4 Pfeilern-insgesamt 8 Lager.<\/p><\/div>\r\n\r\n<h3>Spannseile werden derzeit eingebaut<\/h3>\r\n<p>Seit Mitte April werden im Br\u00fcckenkasten die auf gro\u00dfen, etwa 3 Meter im Durchmesser angelieferten Rollen auf denen die rund 12 cm dicken Spannstahlseile aufgewickelt sind im Br\u00fcckenkasten auf die gesamte Br\u00fcckenl\u00e4nge von 362.50 Meter L\u00e4nge, ausgelegt. (s. Foto) Die Spannseile werden in die Spannbl\u00f6cke \u00fcber den Pfeilern und jeweils in deren mittigen Abstand in Halbschalen eingef\u00fchrt und durchgezogen. Das Einf\u00fchren der Spannseile wird mit einer Seildurchlaufwinde fachm\u00e4nnisch vorgenommen. Dies geschieht auf jeder Br\u00fcckenseite im Br\u00fcckenkasten in je 4 R\u00f6hren von insgesamt 7 vorhandenen R\u00f6hren auf jeder Seite. Es bleiben also auf jeder Seite noch 3 R\u00f6hren frei, um eventuell zu einem sp\u00e4teren Zeitpunkt das gesamte Br\u00fcckenbauwerk bei Bedarf &#8222;nachspannen&#8220; zu k\u00f6nnen. Die Elastizit\u00e4t und Schwingungskraft des Br\u00fcckenbauwerk h\u00e4ngt von diesem Spannseileinbau wesentlich ab. Die Spannseile selbst sind korossionsfrei in einem Spannseilmantel eingebracht. Der Spannvorgang wird mit einer leistungsstarken elektro-hydraulischen Spannpresse von der Spezialfirma DSI, Dywidag-System-International, aus M\u00fcnchen\/Augsburg und einem Personalteam von rund 10 Mann vorgenommen. Bei einem Pressvorgang entstehen Druck- und Spannkr\u00e4fte von etwa 700 Bar wobei dann rund 320 Tonnen bewegt werden. Umgerechnet k\u00f6nnen Sollkr\u00e4fte kurzzeitig bis zu 3070 Kilonewton (KN) bewegt werden. Also Zahlen, Ma\u00dfe und Gewichte f\u00fcr Fachleute am Bauwerk. (s. Foto bei der Bedienung der Presse) Die im vorfeld beschriebenen Arbeiten werden noch bis Sommer 2013 andauern.<\/p>\r\n\r\n<div id=\"attachment_1289\" style=\"width: 770px\" class=\"wp-caption alignnone\"><img loading=\"lazy\" decoding=\"async\" aria-describedby=\"caption-attachment-1289\" class=\"wp-image-1289 size-full\" src=\"https:\/\/www.gemeinde-untermarchtal.de\/bilder\/Donauviadukt_Neubau_Mai_2013_Spannseil.jpg\" alt=\"donauviadukt_neubau_mai_2013_spannseil\" width=\"760\" height=\"570\" \/><p id=\"caption-attachment-1289\" class=\"wp-caption-text\">Abrollen der Spannseile und einf\u00fchren in das Br\u00fcckenbauwerk.<\/p><\/div>\r\n\r\n<h3>Stra\u00dfenbauanschl\u00fcsse<\/h3>\r\n<p>Was diesen Bauabschnitt betrifft, wird die Firma Kirchhoff, Langenargen, bald, das hei\u00dft noch im Mai 2013 in die Baut\u00e4tigkeit eingreifen. Besonders die Hangsicherung und deren Ausbau ab Widerlager &#8222;Riedlingen&#8220; auf der \u00fcber 100 Meter langen und etwa 20 Meter hohen Hangwand wird eine besondere Herausforderung mit einer Bautechnik neuesten Standes darstellen. Die Stra\u00dfenanschl\u00fcsse ab Widerlager &#8222;Ehingen&#8220; stellen wegen der geringen H\u00f6henunterschiede wohl keine Probleme dar.<\/p>\r\n\r\n<div id=\"attachment_1287\" style=\"width: 770px\" class=\"wp-caption alignnone\"><img loading=\"lazy\" decoding=\"async\" aria-describedby=\"caption-attachment-1287\" class=\"wp-image-1287 size-full\" src=\"https:\/\/www.gemeinde-untermarchtal.de\/bilder\/Donauviadukt_Neubau_Mai_2013_Spannbloecke.jpg\" alt=\"donauviadukt_neubau_mai_2013_spannbloecke\" width=\"760\" height=\"570\" \/><p id=\"caption-attachment-1287\" class=\"wp-caption-text\">Die Spannseile liegen in den unteren Spannbl\u00f6cken im Br\u00fcckenhohlkasten.<\/p><\/div>\r\n\r\n<h3>Br\u00fcckenbefahrbarkeit, Gesamtfertigungsstellungstermin<\/h3>\r\n<p>Der vertragliche Zwischentermin f\u00fcr die Befahrbarkeit der neuen Br\u00fccke sieht Oktober 2013 vor. Der Gesamtfertigstellungstermin einschlie\u00dflich des Abbruch der alten Br\u00fccke und Herrichten des alten, s\u00fcdlichen Widerlager Richtung Riedlingen zur Fledermauskammer ist das Fr\u00fchjahr 2014.<\/p>\r\n\r\n<div id=\"attachment_1288\" style=\"width: 770px\" class=\"wp-caption alignnone\"><img loading=\"lazy\" decoding=\"async\" aria-describedby=\"caption-attachment-1288\" class=\"wp-image-1288 size-full\" src=\"https:\/\/www.gemeinde-untermarchtal.de\/bilder\/Donauviadukt_Neubau_Mai_2013_Spannpresse.jpg\" alt=\"donauviadukt_neubau_mai_2013_spannpresse\" width=\"760\" height=\"570\" \/><p id=\"caption-attachment-1288\" class=\"wp-caption-text\">Bedienung der Spannpresse f\u00fcr die Spannseile durch die Fa. DSI.<\/p><\/div>\r\n\r\n<h3>Abbruchverfahrensweise der alten Br\u00fccke von 1953<\/h3>\r\n<p>Auf die mehrmals gestellte Frage der besten technischen und umweltschonensten Verfahrensweise\u00a0konnte noch keine endg\u00fcltige Antwort gegeben werden. Offensichtlich gehen die technischen L\u00f6sungen\u00a0der Fachleute vom Regierungspr\u00e4sidium und der Baufirma Schmid noch auseinander. Aber beide Seiten\u00a0betonen, da\u00df man damit nicht unter Zeitdruck steht.<\/p>","protected":false},"excerpt":{"rendered":"<p>Nach der Winterbaustelle geht der Baufortschritt weiter Nach dem es in den Monaten Februar bis und April 2013 mit dem versp\u00e4teten Wintereinbruch und Schlechtwetter doch einige Zeitverz\u00f6gerungen im Baufortschritt beim Viadukt-Neubau gegeben hat, sind die Arbeiten ab April 2013 zumindest von der Br\u00fcckenbaufrima Matth\u00e4us Schmid, Baltringen, wieder voll aufgenommen worden. Dagegen mu\u00dfte die Stra\u00dfenbaufirma Kirchhoff, [&hellip;]<\/p>\n","protected":false},"author":1,"featured_media":0,"parent":0,"menu_order":0,"comment_status":"closed","ping_status":"closed","template":"page-templates\/_template_aktuelle_beitraege.php","meta":{"_acf_changed":false,"footnotes":""},"class_list":["post-1191","page","type-page","status-publish","hentry"],"acf":[],"yoast_head":"<!-- This site is optimized with the Yoast SEO plugin v26.7 - https:\/\/yoast.com\/wordpress\/plugins\/seo\/ -->\n<title>Neubau Donauviadukt - Mai 2013 - Gemeinde Untermarchtal<\/title>\n<meta name=\"robots\" content=\"index, follow, max-snippet:-1, max-image-preview:large, max-video-preview:-1\" \/>\n<link rel=\"canonical\" href=\"https:\/\/www.gemeinde-untermarchtal.de\/index.php\/neubau-donauviadukt-mai-2013\/\" \/>\n<meta property=\"og:locale\" content=\"de_DE\" \/>\n<meta property=\"og:type\" content=\"article\" \/>\n<meta property=\"og:title\" content=\"Neubau Donauviadukt - Mai 2013 - Gemeinde Untermarchtal\" \/>\n<meta property=\"og:description\" content=\"Nach der Winterbaustelle geht der Baufortschritt weiter Nach dem es in den Monaten Februar bis und April 2013 mit dem versp\u00e4teten Wintereinbruch und Schlechtwetter doch einige Zeitverz\u00f6gerungen im Baufortschritt beim Viadukt-Neubau gegeben hat, sind die Arbeiten ab April 2013 zumindest von der Br\u00fcckenbaufrima Matth\u00e4us Schmid, Baltringen, wieder voll aufgenommen worden. Dagegen mu\u00dfte die Stra\u00dfenbaufirma Kirchhoff, [&hellip;]\" \/>\n<meta property=\"og:url\" content=\"https:\/\/www.gemeinde-untermarchtal.de\/index.php\/neubau-donauviadukt-mai-2013\/\" \/>\n<meta property=\"og:site_name\" content=\"Gemeinde Untermarchtal\" \/>\n<meta property=\"article:modified_time\" content=\"2018-07-21T13:01:33+00:00\" \/>\n<meta property=\"og:image\" content=\"https:\/\/www.gemeinde-untermarchtal.de\/bilder\/Donauviadukt_Neubau_Mai_2013_Nordwesten.jpg\" \/>\n<meta name=\"twitter:card\" content=\"summary_large_image\" \/>\n<meta name=\"twitter:label1\" content=\"Gesch\u00e4tzte Lesezeit\" \/>\n\t<meta name=\"twitter:data1\" content=\"5\u00a0Minuten\" \/>\n<script type=\"application\/ld+json\" class=\"yoast-schema-graph\">{\"@context\":\"https:\/\/schema.org\",\"@graph\":[{\"@type\":\"WebPage\",\"@id\":\"https:\/\/www.gemeinde-untermarchtal.de\/index.php\/neubau-donauviadukt-mai-2013\/\",\"url\":\"https:\/\/www.gemeinde-untermarchtal.de\/index.php\/neubau-donauviadukt-mai-2013\/\",\"name\":\"Neubau Donauviadukt - Mai 2013 - Gemeinde Untermarchtal\",\"isPartOf\":{\"@id\":\"https:\/\/www.gemeinde-untermarchtal.de\/#website\"},\"primaryImageOfPage\":{\"@id\":\"https:\/\/www.gemeinde-untermarchtal.de\/index.php\/neubau-donauviadukt-mai-2013\/#primaryimage\"},\"image\":{\"@id\":\"https:\/\/www.gemeinde-untermarchtal.de\/index.php\/neubau-donauviadukt-mai-2013\/#primaryimage\"},\"thumbnailUrl\":\"https:\/\/www.gemeinde-untermarchtal.de\/bilder\/Donauviadukt_Neubau_Mai_2013_Nordwesten.jpg\",\"datePublished\":\"2016-10-06T20:26:46+00:00\",\"dateModified\":\"2018-07-21T13:01:33+00:00\",\"breadcrumb\":{\"@id\":\"https:\/\/www.gemeinde-untermarchtal.de\/index.php\/neubau-donauviadukt-mai-2013\/#breadcrumb\"},\"inLanguage\":\"de\",\"potentialAction\":[{\"@type\":\"ReadAction\",\"target\":[\"https:\/\/www.gemeinde-untermarchtal.de\/index.php\/neubau-donauviadukt-mai-2013\/\"]}]},{\"@type\":\"ImageObject\",\"inLanguage\":\"de\",\"@id\":\"https:\/\/www.gemeinde-untermarchtal.de\/index.php\/neubau-donauviadukt-mai-2013\/#primaryimage\",\"url\":\"https:\/\/www.gemeinde-untermarchtal.de\/bilder\/Donauviadukt_Neubau_Mai_2013_Nordwesten.jpg\",\"contentUrl\":\"https:\/\/www.gemeinde-untermarchtal.de\/bilder\/Donauviadukt_Neubau_Mai_2013_Nordwesten.jpg\",\"width\":760,\"height\":570},{\"@type\":\"BreadcrumbList\",\"@id\":\"https:\/\/www.gemeinde-untermarchtal.de\/index.php\/neubau-donauviadukt-mai-2013\/#breadcrumb\",\"itemListElement\":[{\"@type\":\"ListItem\",\"position\":1,\"name\":\"Startseite\",\"item\":\"https:\/\/www.gemeinde-untermarchtal.de\/\"},{\"@type\":\"ListItem\",\"position\":2,\"name\":\"Neubau Donauviadukt - Mai 2013\"}]},{\"@type\":\"WebSite\",\"@id\":\"https:\/\/www.gemeinde-untermarchtal.de\/#website\",\"url\":\"https:\/\/www.gemeinde-untermarchtal.de\/\",\"name\":\"Gemeinde Untermarchtal\",\"description\":\"Gemeinde Untermarchtal\",\"potentialAction\":[{\"@type\":\"SearchAction\",\"target\":{\"@type\":\"EntryPoint\",\"urlTemplate\":\"https:\/\/www.gemeinde-untermarchtal.de\/?s={search_term_string}\"},\"query-input\":{\"@type\":\"PropertyValueSpecification\",\"valueRequired\":true,\"valueName\":\"search_term_string\"}}],\"inLanguage\":\"de\"}]}<\/script>\n<!-- \/ Yoast SEO plugin. -->","yoast_head_json":{"title":"Neubau Donauviadukt - Mai 2013 - Gemeinde Untermarchtal","robots":{"index":"index","follow":"follow","max-snippet":"max-snippet:-1","max-image-preview":"max-image-preview:large","max-video-preview":"max-video-preview:-1"},"canonical":"https:\/\/www.gemeinde-untermarchtal.de\/index.php\/neubau-donauviadukt-mai-2013\/","og_locale":"de_DE","og_type":"article","og_title":"Neubau Donauviadukt - Mai 2013 - Gemeinde Untermarchtal","og_description":"Nach der Winterbaustelle geht der Baufortschritt weiter Nach dem es in den Monaten Februar bis und April 2013 mit dem versp\u00e4teten Wintereinbruch und Schlechtwetter doch einige Zeitverz\u00f6gerungen im Baufortschritt beim Viadukt-Neubau gegeben hat, sind die Arbeiten ab April 2013 zumindest von der Br\u00fcckenbaufrima Matth\u00e4us Schmid, Baltringen, wieder voll aufgenommen worden. Dagegen mu\u00dfte die Stra\u00dfenbaufirma Kirchhoff, [&hellip;]","og_url":"https:\/\/www.gemeinde-untermarchtal.de\/index.php\/neubau-donauviadukt-mai-2013\/","og_site_name":"Gemeinde Untermarchtal","article_modified_time":"2018-07-21T13:01:33+00:00","og_image":[{"url":"https:\/\/www.gemeinde-untermarchtal.de\/bilder\/Donauviadukt_Neubau_Mai_2013_Nordwesten.jpg","type":"","width":"","height":""}],"twitter_card":"summary_large_image","twitter_misc":{"Gesch\u00e4tzte Lesezeit":"5\u00a0Minuten"},"schema":{"@context":"https:\/\/schema.org","@graph":[{"@type":"WebPage","@id":"https:\/\/www.gemeinde-untermarchtal.de\/index.php\/neubau-donauviadukt-mai-2013\/","url":"https:\/\/www.gemeinde-untermarchtal.de\/index.php\/neubau-donauviadukt-mai-2013\/","name":"Neubau Donauviadukt - Mai 2013 - Gemeinde Untermarchtal","isPartOf":{"@id":"https:\/\/www.gemeinde-untermarchtal.de\/#website"},"primaryImageOfPage":{"@id":"https:\/\/www.gemeinde-untermarchtal.de\/index.php\/neubau-donauviadukt-mai-2013\/#primaryimage"},"image":{"@id":"https:\/\/www.gemeinde-untermarchtal.de\/index.php\/neubau-donauviadukt-mai-2013\/#primaryimage"},"thumbnailUrl":"https:\/\/www.gemeinde-untermarchtal.de\/bilder\/Donauviadukt_Neubau_Mai_2013_Nordwesten.jpg","datePublished":"2016-10-06T20:26:46+00:00","dateModified":"2018-07-21T13:01:33+00:00","breadcrumb":{"@id":"https:\/\/www.gemeinde-untermarchtal.de\/index.php\/neubau-donauviadukt-mai-2013\/#breadcrumb"},"inLanguage":"de","potentialAction":[{"@type":"ReadAction","target":["https:\/\/www.gemeinde-untermarchtal.de\/index.php\/neubau-donauviadukt-mai-2013\/"]}]},{"@type":"ImageObject","inLanguage":"de","@id":"https:\/\/www.gemeinde-untermarchtal.de\/index.php\/neubau-donauviadukt-mai-2013\/#primaryimage","url":"https:\/\/www.gemeinde-untermarchtal.de\/bilder\/Donauviadukt_Neubau_Mai_2013_Nordwesten.jpg","contentUrl":"https:\/\/www.gemeinde-untermarchtal.de\/bilder\/Donauviadukt_Neubau_Mai_2013_Nordwesten.jpg","width":760,"height":570},{"@type":"BreadcrumbList","@id":"https:\/\/www.gemeinde-untermarchtal.de\/index.php\/neubau-donauviadukt-mai-2013\/#breadcrumb","itemListElement":[{"@type":"ListItem","position":1,"name":"Startseite","item":"https:\/\/www.gemeinde-untermarchtal.de\/"},{"@type":"ListItem","position":2,"name":"Neubau Donauviadukt - Mai 2013"}]},{"@type":"WebSite","@id":"https:\/\/www.gemeinde-untermarchtal.de\/#website","url":"https:\/\/www.gemeinde-untermarchtal.de\/","name":"Gemeinde Untermarchtal","description":"Gemeinde Untermarchtal","potentialAction":[{"@type":"SearchAction","target":{"@type":"EntryPoint","urlTemplate":"https:\/\/www.gemeinde-untermarchtal.de\/?s={search_term_string}"},"query-input":{"@type":"PropertyValueSpecification","valueRequired":true,"valueName":"search_term_string"}}],"inLanguage":"de"}]}},"_links":{"self":[{"href":"https:\/\/www.gemeinde-untermarchtal.de\/index.php\/wp-json\/wp\/v2\/pages\/1191","targetHints":{"allow":["GET"]}}],"collection":[{"href":"https:\/\/www.gemeinde-untermarchtal.de\/index.php\/wp-json\/wp\/v2\/pages"}],"about":[{"href":"https:\/\/www.gemeinde-untermarchtal.de\/index.php\/wp-json\/wp\/v2\/types\/page"}],"author":[{"embeddable":true,"href":"https:\/\/www.gemeinde-untermarchtal.de\/index.php\/wp-json\/wp\/v2\/users\/1"}],"replies":[{"embeddable":true,"href":"https:\/\/www.gemeinde-untermarchtal.de\/index.php\/wp-json\/wp\/v2\/comments?post=1191"}],"version-history":[{"count":8,"href":"https:\/\/www.gemeinde-untermarchtal.de\/index.php\/wp-json\/wp\/v2\/pages\/1191\/revisions"}],"predecessor-version":[{"id":2768,"href":"https:\/\/www.gemeinde-untermarchtal.de\/index.php\/wp-json\/wp\/v2\/pages\/1191\/revisions\/2768"}],"wp:attachment":[{"href":"https:\/\/www.gemeinde-untermarchtal.de\/index.php\/wp-json\/wp\/v2\/media?parent=1191"}],"curies":[{"name":"wp","href":"https:\/\/api.w.org\/{rel}","templated":true}]}}