{"id":1197,"date":"2016-10-06T22:27:52","date_gmt":"2016-10-06T20:27:52","guid":{"rendered":"http:\/\/www.gemeinde-untermarchtal.de\/?page_id=1197"},"modified":"2018-07-21T15:07:08","modified_gmt":"2018-07-21T13:07:08","slug":"neubau-donauviadukt-september-2013","status":"publish","type":"page","link":"https:\/\/www.gemeinde-untermarchtal.de\/index.php\/neubau-donauviadukt-september-2013\/","title":{"rendered":"Neubau Donauviadukt - September 2013"},"content":{"rendered":"<h3>Arbeiten im Zeitplan, Fahrbahnbelag wird aufgebracht \u2013 Kurzfristige Stra\u00dfensperren<\/h3>\r\n<p>Die g\u00fcnstige, trockene Witterung wird derzeit von den Baufirmen am und auf dem Donauviadukt-Neubau genutzt. Es herrscht rege Betriebsamkeit, besonders auf dem Br\u00fccken\u00fcberbau bei der Fertigstellung der Fahrbahnbel\u00e4ge. Die Stra\u00dfenanschl\u00fcsse aus beiden Richtungen sind im Rohbau durch die Firma Kirchhoff hergestellt und warten auf den Deckbelag der aber erst in den 2 erstern Wochen im Oktober 13 aufgebracht wird. Hierbei wird es eine Stra\u00dfensperrung \u00fcber das Viadukt von etwa 3 bis 5 Tagen je nach Witterungsabh\u00e4ngigkeit geben. Die Aush\u00e4rtung des letzten Deckbelag erfordert die Ma\u00dfnahme. Der Verkehr wird dann in diesen Tagen durch Untermarchtal gef\u00fchrt werden. In der Zeit vom 9. bis 13. September wird der Stra\u00dfenanschlu\u00df von und nach Untermarchtal in und aus Richtung Obermarchtal nicht genutzt werden k\u00f6nnen. Umleitung hier \u00fcber die Viaduktstrecke. Diese Sperr- und Umleitungsma\u00dfnahmen erkl\u00e4rte vor Ort Bauleiter Wilhelm Striebel vom RP T\u00fcbingen von der Dienststelle Ehingen.<\/p>\r\n\r\n<div id=\"attachment_1358\" style=\"width: 770px\" class=\"wp-caption alignnone\"><img loading=\"lazy\" decoding=\"async\" aria-describedby=\"caption-attachment-1358\" class=\"wp-image-1358 size-full\" src=\"https:\/\/www.gemeinde-untermarchtal.de\/bilder\/Donauviadukt_Neubau_September_2013_-Sweissbahnen.jpg\" alt=\"donauviadukt_neubau_september_2013_-sweissbahnen\" width=\"760\" height=\"570\" \/><p id=\"caption-attachment-1358\" class=\"wp-caption-text\">Foto zeigt die Aufbringung der Schwei\u00dfbahnen mit Ger\u00e4t durch die Firma Heim, Gussasphalt Ulm am Mittwoch 04. Sept. 2013.<\/p><\/div>\r\n\r\n<div id=\"attachment_1356\" style=\"width: 770px\" class=\"wp-caption alignnone\"><img loading=\"lazy\" decoding=\"async\" aria-describedby=\"caption-attachment-1356\" class=\"wp-image-1356 size-full\" src=\"https:\/\/www.gemeinde-untermarchtal.de\/bilder\/Donauviadukt_Neubau_September_2013_-Kunststoff.jpg\" alt=\"donauviadukt_neubau_september_2013_-kunststoff\" width=\"760\" height=\"570\" \/><p id=\"caption-attachment-1356\" class=\"wp-caption-text\">Foto zeigt den Zustand nach dem Einbau der roten Kunststoffbeschichtung\/Abdichtung \u00fcber die gesamte Fahrbahn.<\/p><\/div>\r\n\r\n<p>Jetzt in den ersten Septembertagen werden auf die rote, bereits angebrachte Kunststoff-Fahrbahnabdichtung die schwarzen Schwei\u00dfbahnen aufgebracht. Wiederum darauf wird sofort die Gussasphaltschicht von 4 cm geschichtet. Diese Arbeiten erledigt die Firma Heim, Gussasphalt aus Ulm. Dier Besonderheit hier; dieser Gussasphalt wird \u201evon Hand\u201c aufgebracht und eingebaut und dies gew\u00e4hrleistet eine gleichm\u00e4\u00dfige Beschichtung in der aufgebrachten Menge und Gef\u00e4lle. Hier sind in Abst\u00e4nden von 15 Meter die Wassereinlaufsch\u00e4chte exakt zu erfassen. Diese Sch\u00e4chte sammeln das anfallende Wasser und f\u00fchren dies im innern des Br\u00fcckenlasten in R\u00f6hren aus Edelstahl VA 4 zum Sammel- und Kl\u00e4rbecken beim Widerlager Richtung Riedlingen. Das gekl\u00e4rte Wasser wird dann letztlich gereinigt in die Donau gef\u00fchrt. Eine umfassende, die Umwelt schonende Ma\u00dfnahme. Dieses R\u00f6hrensystem in der Br\u00fccke wurde in den vergangenen Wochen von der Firma \u201eH\u00f6llko\u201c aus\u00a0Regensburg installiert. Die wichtige Br\u00fccken\u00fcbergangskonstruktion auf beiden Seiten am Beginn des Br\u00fccken\u00fcberbau bzw Br\u00fcckenkasten ist eingebaut. Sie dient der Beweglichkeit der Br\u00fccke zum Ausgleich von Temperaturunterschieden sowie dem Anschlu\u00df an den Stra\u00dfen\u00fcbergang zur Br\u00fccke.<\/p>\r\n\r\n<div id=\"attachment_1355\" style=\"width: 770px\" class=\"wp-caption alignnone\"><img loading=\"lazy\" decoding=\"async\" aria-describedby=\"caption-attachment-1355\" class=\"wp-image-1355 size-full\" src=\"https:\/\/www.gemeinde-untermarchtal.de\/bilder\/Donauviadukt_Neubau_September_2013_-Gussasphalt.jpg\" alt=\"donauviadukt_neubau_september_2013_-gussasphalt\" width=\"760\" height=\"570\" \/><p id=\"caption-attachment-1355\" class=\"wp-caption-text\">Foto zeigt die Aufbringung des Gussaphalt des durch die Firma Heim, Gussasphalt Ulm am Mittwoch 04. Sept. 2013.<\/p><\/div>\r\n\r\n<p>Auf dem Br\u00fcckenbauwerk werden in den n\u00e4chsten Wochen die Leitschutzw\u00e4nde auf den Br\u00fccken-Gesimskappen betoniert. Dies geschieht als Betonierung mit Fertiger vor Ort. Daneben wird es hier noch einen schmalen, etwa 60 cm breiten Gehweg geben. Dieser wird dann durch das ebenfalls noch herzustellende Br\u00fcckengel\u00e4nder als Sicherheit abgegrenzt. Zu erfahren war auch, da\u00df die 4 St\u00fcck nicht mehr ben\u00f6tigten Hilfspfeiler zusammen mit dem gesamten Br\u00fcckenabbruch des alten Viadukts, nach der Verkehrs\u00fcbergabe des neuen Viadukt Ende Oktober 2013, von der Firma Max Wild, Unterkirchberg vorgenommen wird. Zur Sicherheit der Abbruchma\u00dfnahme, sowie der unter dem Viadukt durchf\u00fchrenden Eisenbahnstrecke und der Donau, werden unter dem bestehenden, alten Viadukt aus den Baujahren 1952\/53, eine Unterbaukonstruktion gebaut, die aus Stahl erstellt wird. Als einziges Bauteil des alten Vuiadukt bleibt das Br\u00fcckenwiderlager \u201eRiedlingen\u201c erhalten. Es soll als Fledermauskammer bleiben.<\/p>\r\n\r\n<div id=\"attachment_1354\" style=\"width: 770px\" class=\"wp-caption alignnone\"><img loading=\"lazy\" decoding=\"async\" aria-describedby=\"caption-attachment-1354\" class=\"wp-image-1354 size-full\" src=\"https:\/\/www.gemeinde-untermarchtal.de\/bilder\/Donauviadukt_Neubau_September_2013_-Anschluss.jpg\" alt=\"donauviadukt_neubau_september_2013_-anschluss\" width=\"760\" height=\"570\" \/><p id=\"caption-attachment-1354\" class=\"wp-caption-text\">Foto zeigt die Stra\u00dfenf\u00fchrung im Anschlu\u00df an die Br\u00fccke Richtung Riedlingen und im Vordergrund die Br\u00fccken\u00fcbergangskonstruktion deren Zweck im Text beschrieben ist.<\/dd>\r\n \t<dd class=\"wp-caption-dd\"><\/p><\/div>\r\n\r\n<div id=\"attachment_1357\" style=\"width: 770px\" class=\"wp-caption alignnone\"><img loading=\"lazy\" decoding=\"async\" aria-describedby=\"caption-attachment-1357\" class=\"wp-image-1357 size-full\" src=\"https:\/\/www.gemeinde-untermarchtal.de\/bilder\/Donauviadukt_Neubau_September_2013_-Steilhang.jpg\" alt=\"donauviadukt_neubau_september_2013_-steilhang\" width=\"760\" height=\"570\" \/><p id=\"caption-attachment-1357\" class=\"wp-caption-text\">Foto zeigt den befestigten und begr\u00fcnten Steilhang zur Sicherung der Stra\u00dfenf\u00fchrung nach der Br\u00fccke Richtung Riedlingen mit der Gel\u00e4ndersicherung.<\/p><\/div>","protected":false},"excerpt":{"rendered":"<p>Arbeiten im Zeitplan, Fahrbahnbelag wird aufgebracht \u2013 Kurzfristige Stra\u00dfensperren Die g\u00fcnstige, trockene Witterung wird derzeit von den Baufirmen am und auf dem Donauviadukt-Neubau genutzt. Es herrscht rege Betriebsamkeit, besonders auf dem Br\u00fccken\u00fcberbau bei der Fertigstellung der Fahrbahnbel\u00e4ge. Die Stra\u00dfenanschl\u00fcsse aus beiden Richtungen sind im Rohbau durch die Firma Kirchhoff hergestellt und warten auf den Deckbelag [&hellip;]<\/p>\n","protected":false},"author":1,"featured_media":0,"parent":0,"menu_order":0,"comment_status":"closed","ping_status":"closed","template":"page-templates\/_template_aktuelle_beitraege.php","meta":{"_acf_changed":false,"footnotes":""},"class_list":["post-1197","page","type-page","status-publish","hentry"],"acf":[],"yoast_head":"<!-- This site is optimized with the Yoast SEO plugin v26.7 - https:\/\/yoast.com\/wordpress\/plugins\/seo\/ -->\n<title>Neubau Donauviadukt - September 2013 - Gemeinde Untermarchtal<\/title>\n<meta name=\"robots\" content=\"index, follow, max-snippet:-1, max-image-preview:large, max-video-preview:-1\" \/>\n<link rel=\"canonical\" href=\"https:\/\/www.gemeinde-untermarchtal.de\/index.php\/neubau-donauviadukt-september-2013\/\" \/>\n<meta property=\"og:locale\" content=\"de_DE\" \/>\n<meta property=\"og:type\" content=\"article\" \/>\n<meta property=\"og:title\" content=\"Neubau Donauviadukt - September 2013 - Gemeinde Untermarchtal\" \/>\n<meta property=\"og:description\" content=\"Arbeiten im Zeitplan, Fahrbahnbelag wird aufgebracht \u2013 Kurzfristige Stra\u00dfensperren Die g\u00fcnstige, trockene Witterung wird derzeit von den Baufirmen am und auf dem Donauviadukt-Neubau genutzt. Es herrscht rege Betriebsamkeit, besonders auf dem Br\u00fccken\u00fcberbau bei der Fertigstellung der Fahrbahnbel\u00e4ge. Die Stra\u00dfenanschl\u00fcsse aus beiden Richtungen sind im Rohbau durch die Firma Kirchhoff hergestellt und warten auf den Deckbelag [&hellip;]\" \/>\n<meta property=\"og:url\" content=\"https:\/\/www.gemeinde-untermarchtal.de\/index.php\/neubau-donauviadukt-september-2013\/\" \/>\n<meta property=\"og:site_name\" content=\"Gemeinde Untermarchtal\" \/>\n<meta property=\"article:modified_time\" content=\"2018-07-21T13:07:08+00:00\" \/>\n<meta property=\"og:image\" content=\"https:\/\/www.gemeinde-untermarchtal.de\/bilder\/Donauviadukt_Neubau_September_2013_-Sweissbahnen.jpg\" \/>\n<meta name=\"twitter:card\" content=\"summary_large_image\" \/>\n<meta name=\"twitter:label1\" content=\"Gesch\u00e4tzte Lesezeit\" \/>\n\t<meta name=\"twitter:data1\" content=\"3\u00a0Minuten\" \/>\n<script type=\"application\/ld+json\" class=\"yoast-schema-graph\">{\"@context\":\"https:\/\/schema.org\",\"@graph\":[{\"@type\":\"WebPage\",\"@id\":\"https:\/\/www.gemeinde-untermarchtal.de\/index.php\/neubau-donauviadukt-september-2013\/\",\"url\":\"https:\/\/www.gemeinde-untermarchtal.de\/index.php\/neubau-donauviadukt-september-2013\/\",\"name\":\"Neubau Donauviadukt - September 2013 - Gemeinde Untermarchtal\",\"isPartOf\":{\"@id\":\"https:\/\/www.gemeinde-untermarchtal.de\/#website\"},\"primaryImageOfPage\":{\"@id\":\"https:\/\/www.gemeinde-untermarchtal.de\/index.php\/neubau-donauviadukt-september-2013\/#primaryimage\"},\"image\":{\"@id\":\"https:\/\/www.gemeinde-untermarchtal.de\/index.php\/neubau-donauviadukt-september-2013\/#primaryimage\"},\"thumbnailUrl\":\"https:\/\/www.gemeinde-untermarchtal.de\/bilder\/Donauviadukt_Neubau_September_2013_-Sweissbahnen.jpg\",\"datePublished\":\"2016-10-06T20:27:52+00:00\",\"dateModified\":\"2018-07-21T13:07:08+00:00\",\"breadcrumb\":{\"@id\":\"https:\/\/www.gemeinde-untermarchtal.de\/index.php\/neubau-donauviadukt-september-2013\/#breadcrumb\"},\"inLanguage\":\"de\",\"potentialAction\":[{\"@type\":\"ReadAction\",\"target\":[\"https:\/\/www.gemeinde-untermarchtal.de\/index.php\/neubau-donauviadukt-september-2013\/\"]}]},{\"@type\":\"ImageObject\",\"inLanguage\":\"de\",\"@id\":\"https:\/\/www.gemeinde-untermarchtal.de\/index.php\/neubau-donauviadukt-september-2013\/#primaryimage\",\"url\":\"https:\/\/www.gemeinde-untermarchtal.de\/bilder\/Donauviadukt_Neubau_September_2013_-Sweissbahnen.jpg\",\"contentUrl\":\"https:\/\/www.gemeinde-untermarchtal.de\/bilder\/Donauviadukt_Neubau_September_2013_-Sweissbahnen.jpg\",\"width\":760,\"height\":570},{\"@type\":\"BreadcrumbList\",\"@id\":\"https:\/\/www.gemeinde-untermarchtal.de\/index.php\/neubau-donauviadukt-september-2013\/#breadcrumb\",\"itemListElement\":[{\"@type\":\"ListItem\",\"position\":1,\"name\":\"Startseite\",\"item\":\"https:\/\/www.gemeinde-untermarchtal.de\/\"},{\"@type\":\"ListItem\",\"position\":2,\"name\":\"Neubau Donauviadukt - September 2013\"}]},{\"@type\":\"WebSite\",\"@id\":\"https:\/\/www.gemeinde-untermarchtal.de\/#website\",\"url\":\"https:\/\/www.gemeinde-untermarchtal.de\/\",\"name\":\"Gemeinde Untermarchtal\",\"description\":\"Gemeinde Untermarchtal\",\"potentialAction\":[{\"@type\":\"SearchAction\",\"target\":{\"@type\":\"EntryPoint\",\"urlTemplate\":\"https:\/\/www.gemeinde-untermarchtal.de\/?s={search_term_string}\"},\"query-input\":{\"@type\":\"PropertyValueSpecification\",\"valueRequired\":true,\"valueName\":\"search_term_string\"}}],\"inLanguage\":\"de\"}]}<\/script>\n<!-- \/ Yoast SEO plugin. -->","yoast_head_json":{"title":"Neubau Donauviadukt - September 2013 - Gemeinde Untermarchtal","robots":{"index":"index","follow":"follow","max-snippet":"max-snippet:-1","max-image-preview":"max-image-preview:large","max-video-preview":"max-video-preview:-1"},"canonical":"https:\/\/www.gemeinde-untermarchtal.de\/index.php\/neubau-donauviadukt-september-2013\/","og_locale":"de_DE","og_type":"article","og_title":"Neubau Donauviadukt - September 2013 - Gemeinde Untermarchtal","og_description":"Arbeiten im Zeitplan, Fahrbahnbelag wird aufgebracht \u2013 Kurzfristige Stra\u00dfensperren Die g\u00fcnstige, trockene Witterung wird derzeit von den Baufirmen am und auf dem Donauviadukt-Neubau genutzt. Es herrscht rege Betriebsamkeit, besonders auf dem Br\u00fccken\u00fcberbau bei der Fertigstellung der Fahrbahnbel\u00e4ge. Die Stra\u00dfenanschl\u00fcsse aus beiden Richtungen sind im Rohbau durch die Firma Kirchhoff hergestellt und warten auf den Deckbelag [&hellip;]","og_url":"https:\/\/www.gemeinde-untermarchtal.de\/index.php\/neubau-donauviadukt-september-2013\/","og_site_name":"Gemeinde Untermarchtal","article_modified_time":"2018-07-21T13:07:08+00:00","og_image":[{"url":"https:\/\/www.gemeinde-untermarchtal.de\/bilder\/Donauviadukt_Neubau_September_2013_-Sweissbahnen.jpg","type":"","width":"","height":""}],"twitter_card":"summary_large_image","twitter_misc":{"Gesch\u00e4tzte Lesezeit":"3\u00a0Minuten"},"schema":{"@context":"https:\/\/schema.org","@graph":[{"@type":"WebPage","@id":"https:\/\/www.gemeinde-untermarchtal.de\/index.php\/neubau-donauviadukt-september-2013\/","url":"https:\/\/www.gemeinde-untermarchtal.de\/index.php\/neubau-donauviadukt-september-2013\/","name":"Neubau Donauviadukt - September 2013 - Gemeinde Untermarchtal","isPartOf":{"@id":"https:\/\/www.gemeinde-untermarchtal.de\/#website"},"primaryImageOfPage":{"@id":"https:\/\/www.gemeinde-untermarchtal.de\/index.php\/neubau-donauviadukt-september-2013\/#primaryimage"},"image":{"@id":"https:\/\/www.gemeinde-untermarchtal.de\/index.php\/neubau-donauviadukt-september-2013\/#primaryimage"},"thumbnailUrl":"https:\/\/www.gemeinde-untermarchtal.de\/bilder\/Donauviadukt_Neubau_September_2013_-Sweissbahnen.jpg","datePublished":"2016-10-06T20:27:52+00:00","dateModified":"2018-07-21T13:07:08+00:00","breadcrumb":{"@id":"https:\/\/www.gemeinde-untermarchtal.de\/index.php\/neubau-donauviadukt-september-2013\/#breadcrumb"},"inLanguage":"de","potentialAction":[{"@type":"ReadAction","target":["https:\/\/www.gemeinde-untermarchtal.de\/index.php\/neubau-donauviadukt-september-2013\/"]}]},{"@type":"ImageObject","inLanguage":"de","@id":"https:\/\/www.gemeinde-untermarchtal.de\/index.php\/neubau-donauviadukt-september-2013\/#primaryimage","url":"https:\/\/www.gemeinde-untermarchtal.de\/bilder\/Donauviadukt_Neubau_September_2013_-Sweissbahnen.jpg","contentUrl":"https:\/\/www.gemeinde-untermarchtal.de\/bilder\/Donauviadukt_Neubau_September_2013_-Sweissbahnen.jpg","width":760,"height":570},{"@type":"BreadcrumbList","@id":"https:\/\/www.gemeinde-untermarchtal.de\/index.php\/neubau-donauviadukt-september-2013\/#breadcrumb","itemListElement":[{"@type":"ListItem","position":1,"name":"Startseite","item":"https:\/\/www.gemeinde-untermarchtal.de\/"},{"@type":"ListItem","position":2,"name":"Neubau Donauviadukt - September 2013"}]},{"@type":"WebSite","@id":"https:\/\/www.gemeinde-untermarchtal.de\/#website","url":"https:\/\/www.gemeinde-untermarchtal.de\/","name":"Gemeinde Untermarchtal","description":"Gemeinde Untermarchtal","potentialAction":[{"@type":"SearchAction","target":{"@type":"EntryPoint","urlTemplate":"https:\/\/www.gemeinde-untermarchtal.de\/?s={search_term_string}"},"query-input":{"@type":"PropertyValueSpecification","valueRequired":true,"valueName":"search_term_string"}}],"inLanguage":"de"}]}},"_links":{"self":[{"href":"https:\/\/www.gemeinde-untermarchtal.de\/index.php\/wp-json\/wp\/v2\/pages\/1197","targetHints":{"allow":["GET"]}}],"collection":[{"href":"https:\/\/www.gemeinde-untermarchtal.de\/index.php\/wp-json\/wp\/v2\/pages"}],"about":[{"href":"https:\/\/www.gemeinde-untermarchtal.de\/index.php\/wp-json\/wp\/v2\/types\/page"}],"author":[{"embeddable":true,"href":"https:\/\/www.gemeinde-untermarchtal.de\/index.php\/wp-json\/wp\/v2\/users\/1"}],"replies":[{"embeddable":true,"href":"https:\/\/www.gemeinde-untermarchtal.de\/index.php\/wp-json\/wp\/v2\/comments?post=1197"}],"version-history":[{"count":5,"href":"https:\/\/www.gemeinde-untermarchtal.de\/index.php\/wp-json\/wp\/v2\/pages\/1197\/revisions"}],"predecessor-version":[{"id":2774,"href":"https:\/\/www.gemeinde-untermarchtal.de\/index.php\/wp-json\/wp\/v2\/pages\/1197\/revisions\/2774"}],"wp:attachment":[{"href":"https:\/\/www.gemeinde-untermarchtal.de\/index.php\/wp-json\/wp\/v2\/media?parent=1197"}],"curies":[{"name":"wp","href":"https:\/\/api.w.org\/{rel}","templated":true}]}}