{"id":1199,"date":"2016-10-06T22:28:16","date_gmt":"2016-10-06T20:28:16","guid":{"rendered":"http:\/\/www.gemeinde-untermarchtal.de\/?page_id=1199"},"modified":"2018-07-21T15:06:17","modified_gmt":"2018-07-21T13:06:17","slug":"neubau-donauviadukt-oktober-2013","status":"publish","type":"page","link":"https:\/\/www.gemeinde-untermarchtal.de\/index.php\/neubau-donauviadukt-oktober-2013\/","title":{"rendered":"Neubau Donauviadukt - Oktober 2013"},"content":{"rendered":"<h3>Fertigstellung und Verkehrs\u00fcbergabe Ende Oktober 2013<\/h3>\r\n<p>Auf Hochdruck wird derzeitig am neuen Donauviadukt Untermarchtal gearbeitet. An mehreren Stellen arbeiten verschiedene Firmen an der Fertigstellung, damit die Verkehrs\u00fcbergabe wie geplant Ende Oktober stattfinden kann. Wilhelm Striebel vom RP T\u00fcbingen und Dienststelle Stra\u00dfenbau Ehingen ist zuversichtlich, da\u00df der \u00dcbergabetermin eingehalten werden kann. Die Verkehrs\u00fcbergabe wird aber ohne \u201egro\u00dfen Aufwand\u201c oder gar mit einer Festlichkeit geschehen, so Striebel.<\/p>\r\n\r\n<div id=\"attachment_1366\" style=\"width: 770px\" class=\"wp-caption alignnone\"><img loading=\"lazy\" decoding=\"async\" aria-describedby=\"caption-attachment-1366\" class=\"wp-image-1366 size-full\" src=\"https:\/\/www.gemeinde-untermarchtal.de\/bilder\/Donauviadukt_Neubau_Oktober_2013_Mauer.jpg\" alt=\"donauviadukt_neubau_oktober_2013_mauer\" width=\"760\" height=\"570\" \/><p id=\"caption-attachment-1366\" class=\"wp-caption-text\">Foto zeigt den Betontaktfertiger im Hintergrund beim Aufbau der 90 cm hohen, durchgehenden Leitschutzw\u00e4nde.<\/p><\/div>\r\n\r\n<p>Rund 2 Wochen bis dahin wird auf der Baustelle besonders an den durchgehenden und 90 Zentimeter hohen Leitw\u00e4nden gearbeitet. Diese werden aus speziellem Trockenbeton als Schutzeinrichtung aus Beton mit durchgehenden 5 Stabstahltrossen \u00fcber die gesamte Br\u00fcckenl\u00e4nge verarbeitet. Den Beton dazu liefert die Firma a+b aus Biberach. An den 2 Br\u00fccken\u00fcbergangskonstruktionen jeweils am Br\u00fcckenende werden besonder Dehnelemente aus Stahl eingebaut. Diese gew\u00e4hrleisten eine Elastizit\u00e4t des gesamten Br\u00fcckenbauwerk zusammen mit der Leitschutzwand aus Beton und Stahl. Den Einbau \u00fcbernahm die K\u00f6lner Firma TSS, Betonschutzw\u00e4nde mit einem Spezialfertiger der in Takten zur Herstellung arbeitet. Dennoch ist hier auch Handarbeit gefordert wie zum Beispiel die Durchg\u00e4nge und den Oberfl\u00e4chenabwasser-Abfluss herzustellen. Die Fortsetzung der Leitschutzeinrichtung am Br\u00fcckenende zum Stra\u00dfen\u00fcbergang wird dann in der \u00fcblichen Weise mit Leitschutzplanken vorgenommen. Daneben wird das 1.10 Meter hohe Br\u00fcckengel\u00e4nder auf den Gesimskappen von der Firma Kaiser aus Peiting\/Bayern montiert. Auf der gesamten Br\u00fcckenl\u00e4nge und damit auch beidseitig, ist k\u00fcnftig auf den Gesimskappen und hinter der Leitschutzeinrichtung aus Beton das Begehen durch Fu\u00dfg\u00e4nger oder Radfahrer nicht erlaubt. Entsprechende Warntafeln werden angebracht. Im Innern des 362 Meter langen Br\u00fcckenhohlkasten installiert die Firma alb-elektric aus Biberach\/Ri\u00df zur Zeit die durchgehende Beleuchtungseinrichtung. Die Stra\u00dfenrandbefestigungs-Arbeiten an beiden Enden der Br\u00fccke werden derzeit von der Firma Kirchhoff, Langenargen erledigt. Die erforderlichen\u00a0Stra\u00dfenmarkierungen sind dann die letzten Arbeiten kurz vor der Verkehrs\u00fcbergabe in der letzten Oktoberwoche.<\/p>\r\n\r\n<div id=\"attachment_1363\" style=\"width: 770px\" class=\"wp-caption alignnone\"><img loading=\"lazy\" decoding=\"async\" aria-describedby=\"caption-attachment-1363\" class=\"wp-image-1363 size-full\" src=\"https:\/\/www.gemeinde-untermarchtal.de\/bilder\/Donauviadukt_Neubau_Oktober_2013_Asphalt.jpg\" alt=\"donauviadukt_neubau_oktober_2013_asphalt\" width=\"760\" height=\"570\" \/><p id=\"caption-attachment-1363\" class=\"wp-caption-text\">Foto entstand in der ersten Oktoberwoche 2013. Die beiden Asphalt-Einbaufertiger arbeiten beim Einbau parallel zueinander. Es entsteht somit keine \u201eMittelnaht\u201c in der Fahrbahnmitte der Stra\u00dfe.<\/p><\/div>\r\n\r\n<div id=\"attachment_1365\" style=\"width: 770px\" class=\"wp-caption alignnone\"><img loading=\"lazy\" decoding=\"async\" aria-describedby=\"caption-attachment-1365\" class=\"wp-image-1365 size-full\" src=\"https:\/\/www.gemeinde-untermarchtal.de\/bilder\/Donauviadukt_Neubau_Oktober_2013_Leitschutz.jpg\" alt=\"donauviadukt_neubau_oktober_2013_leitschutz\" width=\"760\" height=\"570\" \/><p id=\"caption-attachment-1365\" class=\"wp-caption-text\">Foto zeigt die Spezial-Einbau-Fertigigungsmaschine der Firman TSS, K\u00f6ln, zum Einbau im Taktverfahren der beidseitigen Leitschutzw\u00e4nde \u00fcber die gesamte Br\u00fcckenl\u00e4nge.<\/p><\/div>\r\n\r\n<div id=\"attachment_1364\" style=\"width: 770px\" class=\"wp-caption alignnone\"><img loading=\"lazy\" decoding=\"async\" aria-describedby=\"caption-attachment-1364\" class=\"wp-image-1364 size-full\" src=\"https:\/\/www.gemeinde-untermarchtal.de\/bilder\/Donauviadukt_Neubau_Oktober_2013_Gesimskappen.jpg\" alt=\"donauviadukt_neubau_oktober_2013_gesimskappen\" width=\"760\" height=\"570\" \/><p id=\"caption-attachment-1364\" class=\"wp-caption-text\">Foto zeigt die jetzt noch auf den Gesimskappen liegenden 5 Stabstahltrossen. Diese werden mit dem Taktfertiger in die Leitschutzwand in speziellem Trockenbeton eingebaut.<\/p><\/div>","protected":false},"excerpt":{"rendered":"<p>Fertigstellung und Verkehrs\u00fcbergabe Ende Oktober 2013 Auf Hochdruck wird derzeitig am neuen Donauviadukt Untermarchtal gearbeitet. An mehreren Stellen arbeiten verschiedene Firmen an der Fertigstellung, damit die Verkehrs\u00fcbergabe wie geplant Ende Oktober stattfinden kann. Wilhelm Striebel vom RP T\u00fcbingen und Dienststelle Stra\u00dfenbau Ehingen ist zuversichtlich, da\u00df der \u00dcbergabetermin eingehalten werden kann. Die Verkehrs\u00fcbergabe wird aber ohne [&hellip;]<\/p>\n","protected":false},"author":1,"featured_media":0,"parent":0,"menu_order":0,"comment_status":"closed","ping_status":"closed","template":"page-templates\/_template_aktuelle_beitraege.php","meta":{"_acf_changed":false,"footnotes":""},"class_list":["post-1199","page","type-page","status-publish","hentry"],"acf":[],"yoast_head":"<!-- This site is optimized with the Yoast SEO plugin v26.7 - https:\/\/yoast.com\/wordpress\/plugins\/seo\/ -->\n<title>Neubau Donauviadukt - Oktober 2013 - Gemeinde Untermarchtal<\/title>\n<meta name=\"robots\" content=\"index, follow, max-snippet:-1, max-image-preview:large, max-video-preview:-1\" \/>\n<link rel=\"canonical\" href=\"https:\/\/www.gemeinde-untermarchtal.de\/index.php\/neubau-donauviadukt-oktober-2013\/\" \/>\n<meta property=\"og:locale\" content=\"de_DE\" \/>\n<meta property=\"og:type\" content=\"article\" \/>\n<meta property=\"og:title\" content=\"Neubau Donauviadukt - Oktober 2013 - Gemeinde Untermarchtal\" \/>\n<meta property=\"og:description\" content=\"Fertigstellung und Verkehrs\u00fcbergabe Ende Oktober 2013 Auf Hochdruck wird derzeitig am neuen Donauviadukt Untermarchtal gearbeitet. An mehreren Stellen arbeiten verschiedene Firmen an der Fertigstellung, damit die Verkehrs\u00fcbergabe wie geplant Ende Oktober stattfinden kann. Wilhelm Striebel vom RP T\u00fcbingen und Dienststelle Stra\u00dfenbau Ehingen ist zuversichtlich, da\u00df der \u00dcbergabetermin eingehalten werden kann. Die Verkehrs\u00fcbergabe wird aber ohne [&hellip;]\" \/>\n<meta property=\"og:url\" content=\"https:\/\/www.gemeinde-untermarchtal.de\/index.php\/neubau-donauviadukt-oktober-2013\/\" \/>\n<meta property=\"og:site_name\" content=\"Gemeinde Untermarchtal\" \/>\n<meta property=\"article:modified_time\" content=\"2018-07-21T13:06:17+00:00\" \/>\n<meta property=\"og:image\" content=\"https:\/\/www.gemeinde-untermarchtal.de\/bilder\/Donauviadukt_Neubau_Oktober_2013_Mauer.jpg\" \/>\n<meta name=\"twitter:card\" content=\"summary_large_image\" \/>\n<meta name=\"twitter:label1\" content=\"Gesch\u00e4tzte Lesezeit\" \/>\n\t<meta name=\"twitter:data1\" content=\"2\u00a0Minuten\" \/>\n<script type=\"application\/ld+json\" class=\"yoast-schema-graph\">{\"@context\":\"https:\/\/schema.org\",\"@graph\":[{\"@type\":\"WebPage\",\"@id\":\"https:\/\/www.gemeinde-untermarchtal.de\/index.php\/neubau-donauviadukt-oktober-2013\/\",\"url\":\"https:\/\/www.gemeinde-untermarchtal.de\/index.php\/neubau-donauviadukt-oktober-2013\/\",\"name\":\"Neubau Donauviadukt - Oktober 2013 - Gemeinde Untermarchtal\",\"isPartOf\":{\"@id\":\"https:\/\/www.gemeinde-untermarchtal.de\/#website\"},\"primaryImageOfPage\":{\"@id\":\"https:\/\/www.gemeinde-untermarchtal.de\/index.php\/neubau-donauviadukt-oktober-2013\/#primaryimage\"},\"image\":{\"@id\":\"https:\/\/www.gemeinde-untermarchtal.de\/index.php\/neubau-donauviadukt-oktober-2013\/#primaryimage\"},\"thumbnailUrl\":\"https:\/\/www.gemeinde-untermarchtal.de\/bilder\/Donauviadukt_Neubau_Oktober_2013_Mauer.jpg\",\"datePublished\":\"2016-10-06T20:28:16+00:00\",\"dateModified\":\"2018-07-21T13:06:17+00:00\",\"breadcrumb\":{\"@id\":\"https:\/\/www.gemeinde-untermarchtal.de\/index.php\/neubau-donauviadukt-oktober-2013\/#breadcrumb\"},\"inLanguage\":\"de\",\"potentialAction\":[{\"@type\":\"ReadAction\",\"target\":[\"https:\/\/www.gemeinde-untermarchtal.de\/index.php\/neubau-donauviadukt-oktober-2013\/\"]}]},{\"@type\":\"ImageObject\",\"inLanguage\":\"de\",\"@id\":\"https:\/\/www.gemeinde-untermarchtal.de\/index.php\/neubau-donauviadukt-oktober-2013\/#primaryimage\",\"url\":\"https:\/\/www.gemeinde-untermarchtal.de\/bilder\/Donauviadukt_Neubau_Oktober_2013_Mauer.jpg\",\"contentUrl\":\"https:\/\/www.gemeinde-untermarchtal.de\/bilder\/Donauviadukt_Neubau_Oktober_2013_Mauer.jpg\",\"width\":760,\"height\":570},{\"@type\":\"BreadcrumbList\",\"@id\":\"https:\/\/www.gemeinde-untermarchtal.de\/index.php\/neubau-donauviadukt-oktober-2013\/#breadcrumb\",\"itemListElement\":[{\"@type\":\"ListItem\",\"position\":1,\"name\":\"Startseite\",\"item\":\"https:\/\/www.gemeinde-untermarchtal.de\/\"},{\"@type\":\"ListItem\",\"position\":2,\"name\":\"Neubau Donauviadukt - Oktober 2013\"}]},{\"@type\":\"WebSite\",\"@id\":\"https:\/\/www.gemeinde-untermarchtal.de\/#website\",\"url\":\"https:\/\/www.gemeinde-untermarchtal.de\/\",\"name\":\"Gemeinde Untermarchtal\",\"description\":\"Gemeinde Untermarchtal\",\"potentialAction\":[{\"@type\":\"SearchAction\",\"target\":{\"@type\":\"EntryPoint\",\"urlTemplate\":\"https:\/\/www.gemeinde-untermarchtal.de\/?s={search_term_string}\"},\"query-input\":{\"@type\":\"PropertyValueSpecification\",\"valueRequired\":true,\"valueName\":\"search_term_string\"}}],\"inLanguage\":\"de\"}]}<\/script>\n<!-- \/ Yoast SEO plugin. -->","yoast_head_json":{"title":"Neubau Donauviadukt - Oktober 2013 - Gemeinde Untermarchtal","robots":{"index":"index","follow":"follow","max-snippet":"max-snippet:-1","max-image-preview":"max-image-preview:large","max-video-preview":"max-video-preview:-1"},"canonical":"https:\/\/www.gemeinde-untermarchtal.de\/index.php\/neubau-donauviadukt-oktober-2013\/","og_locale":"de_DE","og_type":"article","og_title":"Neubau Donauviadukt - Oktober 2013 - Gemeinde Untermarchtal","og_description":"Fertigstellung und Verkehrs\u00fcbergabe Ende Oktober 2013 Auf Hochdruck wird derzeitig am neuen Donauviadukt Untermarchtal gearbeitet. An mehreren Stellen arbeiten verschiedene Firmen an der Fertigstellung, damit die Verkehrs\u00fcbergabe wie geplant Ende Oktober stattfinden kann. Wilhelm Striebel vom RP T\u00fcbingen und Dienststelle Stra\u00dfenbau Ehingen ist zuversichtlich, da\u00df der \u00dcbergabetermin eingehalten werden kann. Die Verkehrs\u00fcbergabe wird aber ohne [&hellip;]","og_url":"https:\/\/www.gemeinde-untermarchtal.de\/index.php\/neubau-donauviadukt-oktober-2013\/","og_site_name":"Gemeinde Untermarchtal","article_modified_time":"2018-07-21T13:06:17+00:00","og_image":[{"url":"https:\/\/www.gemeinde-untermarchtal.de\/bilder\/Donauviadukt_Neubau_Oktober_2013_Mauer.jpg","type":"","width":"","height":""}],"twitter_card":"summary_large_image","twitter_misc":{"Gesch\u00e4tzte Lesezeit":"2\u00a0Minuten"},"schema":{"@context":"https:\/\/schema.org","@graph":[{"@type":"WebPage","@id":"https:\/\/www.gemeinde-untermarchtal.de\/index.php\/neubau-donauviadukt-oktober-2013\/","url":"https:\/\/www.gemeinde-untermarchtal.de\/index.php\/neubau-donauviadukt-oktober-2013\/","name":"Neubau Donauviadukt - Oktober 2013 - Gemeinde Untermarchtal","isPartOf":{"@id":"https:\/\/www.gemeinde-untermarchtal.de\/#website"},"primaryImageOfPage":{"@id":"https:\/\/www.gemeinde-untermarchtal.de\/index.php\/neubau-donauviadukt-oktober-2013\/#primaryimage"},"image":{"@id":"https:\/\/www.gemeinde-untermarchtal.de\/index.php\/neubau-donauviadukt-oktober-2013\/#primaryimage"},"thumbnailUrl":"https:\/\/www.gemeinde-untermarchtal.de\/bilder\/Donauviadukt_Neubau_Oktober_2013_Mauer.jpg","datePublished":"2016-10-06T20:28:16+00:00","dateModified":"2018-07-21T13:06:17+00:00","breadcrumb":{"@id":"https:\/\/www.gemeinde-untermarchtal.de\/index.php\/neubau-donauviadukt-oktober-2013\/#breadcrumb"},"inLanguage":"de","potentialAction":[{"@type":"ReadAction","target":["https:\/\/www.gemeinde-untermarchtal.de\/index.php\/neubau-donauviadukt-oktober-2013\/"]}]},{"@type":"ImageObject","inLanguage":"de","@id":"https:\/\/www.gemeinde-untermarchtal.de\/index.php\/neubau-donauviadukt-oktober-2013\/#primaryimage","url":"https:\/\/www.gemeinde-untermarchtal.de\/bilder\/Donauviadukt_Neubau_Oktober_2013_Mauer.jpg","contentUrl":"https:\/\/www.gemeinde-untermarchtal.de\/bilder\/Donauviadukt_Neubau_Oktober_2013_Mauer.jpg","width":760,"height":570},{"@type":"BreadcrumbList","@id":"https:\/\/www.gemeinde-untermarchtal.de\/index.php\/neubau-donauviadukt-oktober-2013\/#breadcrumb","itemListElement":[{"@type":"ListItem","position":1,"name":"Startseite","item":"https:\/\/www.gemeinde-untermarchtal.de\/"},{"@type":"ListItem","position":2,"name":"Neubau Donauviadukt - Oktober 2013"}]},{"@type":"WebSite","@id":"https:\/\/www.gemeinde-untermarchtal.de\/#website","url":"https:\/\/www.gemeinde-untermarchtal.de\/","name":"Gemeinde Untermarchtal","description":"Gemeinde Untermarchtal","potentialAction":[{"@type":"SearchAction","target":{"@type":"EntryPoint","urlTemplate":"https:\/\/www.gemeinde-untermarchtal.de\/?s={search_term_string}"},"query-input":{"@type":"PropertyValueSpecification","valueRequired":true,"valueName":"search_term_string"}}],"inLanguage":"de"}]}},"_links":{"self":[{"href":"https:\/\/www.gemeinde-untermarchtal.de\/index.php\/wp-json\/wp\/v2\/pages\/1199","targetHints":{"allow":["GET"]}}],"collection":[{"href":"https:\/\/www.gemeinde-untermarchtal.de\/index.php\/wp-json\/wp\/v2\/pages"}],"about":[{"href":"https:\/\/www.gemeinde-untermarchtal.de\/index.php\/wp-json\/wp\/v2\/types\/page"}],"author":[{"embeddable":true,"href":"https:\/\/www.gemeinde-untermarchtal.de\/index.php\/wp-json\/wp\/v2\/users\/1"}],"replies":[{"embeddable":true,"href":"https:\/\/www.gemeinde-untermarchtal.de\/index.php\/wp-json\/wp\/v2\/comments?post=1199"}],"version-history":[{"count":4,"href":"https:\/\/www.gemeinde-untermarchtal.de\/index.php\/wp-json\/wp\/v2\/pages\/1199\/revisions"}],"predecessor-version":[{"id":2773,"href":"https:\/\/www.gemeinde-untermarchtal.de\/index.php\/wp-json\/wp\/v2\/pages\/1199\/revisions\/2773"}],"wp:attachment":[{"href":"https:\/\/www.gemeinde-untermarchtal.de\/index.php\/wp-json\/wp\/v2\/media?parent=1199"}],"curies":[{"name":"wp","href":"https:\/\/api.w.org\/{rel}","templated":true}]}}