{"id":1217,"date":"2016-10-06T22:32:04","date_gmt":"2016-10-06T20:32:04","guid":{"rendered":"http:\/\/www.gemeinde-untermarchtal.de\/?page_id=1217"},"modified":"2018-07-21T09:17:22","modified_gmt":"2018-07-21T07:17:22","slug":"neubau-donauviadukt-august-2014","status":"publish","type":"page","link":"https:\/\/www.gemeinde-untermarchtal.de\/index.php\/neubau-donauviadukt-august-2014\/","title":{"rendered":"Neubau Donauviadukt - August 2014"},"content":{"rendered":"<h3>Die Tiere nehmen Behausung gut an. Erfolg f\u00fcr Tiersch\u00fctzer und Baufachleute.<\/h3>\r\n<p>Heute am Donnerstag, 28. August 2014 wurde ich auf Anregung des Regierungspr\u00e4sidium T\u00fcbingen Dienstsitz Ehingen Stra\u00dfenbau Mitte von Herrn Bauing. FH Wilhelm Striebel und seinem Mitarbeiter Herrn Anton Neubrand, zum Donauviadukt f\u00fcr einen Pressetermin eingeladen. Daf\u00fcr bedankte ich mich sehr bei den beiden Herrn. Die jahrelange, vertrauliche Zusammenarbeit bei der \u00f6ffentlichen Br\u00fcckenbau-Dokumentation \u2013 Presse und Gemeindeinternet- mit den zust\u00e4ndigen Baudiensststellen zahlte sich hier aus. Grund dazu war die Besichtigung und Beobachtung der gelungenen Ansiedlung der Wasserfledermauskolonie im umgestalteten und damit baulich erhaltenen ehemaligen \u201eRiedlinger Br\u00fcckenwiderlager\u201c des ehemaligen und zwischenzeitlich abgebrochenen Donautalviadukt aus dem Jahr 1953.<\/p>\r\n\r\n<p>Was zun\u00e4chst sehr kritisch von Teilen der Bev\u00f6lkerung wahrgenommen wurde, ist jetzt zu beiden Teilen der Kritiker und Bef\u00fcrworter umgesetzt und von den zu sch\u00fctzenden Wasserfledermauskolonie gut angenommen worden. Die baulich auf hohem Niveau hergestellte Unterschlupfm\u00f6glichkeiten f\u00fcr die meist nachtaktiven Wasserflederm\u00e4use bezeugt eine hohe Annahmefrequenz zur Behausung und Ansiedlung in der ehemaligen Br\u00fcckenwiderlager-Kammer. Der BUND und der NABU haben somit erfolgreich in Zusammenarbeit mit den zust\u00e4ndigen Stellen des Regierungspr\u00e4sidium T\u00fcbingen zusammen gewirkt. Die Tiere haben jetzt eine sehr geeignete Behausung gefunden und die Kritiker aus der Richtung finanzieller Aufwand f\u00fcr die Ma\u00dfnahme k\u00f6nnen nicht unzufrieden damit leben. Der Flug- und Jagdgebiet f\u00fcr die diese Gattung der Flederm\u00e4use im gro\u00dfen, nat\u00fcrlichen Umfeld des Donauviadukt mit flie\u00dfendem und stehenden Gew\u00e4sser der Donautalaue sowie hohe Jurafelsformationen und das zu gro\u00dfen Teilen dort angelegte Naturschutzgebiet, eignet sich gut. Die Nahrungsaufnahme ist somit gesichert. Der Blick von der \u00e4u\u00dferen Plattform des Bauwerkes Richtung Donautal l\u00e4\u00dft den Viaduktneubau recht gelungen f\u00fcr die Technik und das dortige nat\u00fcrliche Umfeld erscheinen. Dabei wurde sogar ein Feldhasenpaar in der N\u00e4he der Donau bei den \u201eUnteren Wiesen\u201c beobachtet. Beim sehr vorsichtig-ruhigen \u201e Besuch\u201c der Fledermauskolonie bei Tage konnte man die ansonsten nachtaktiven Wasserflederm\u00e4use an der eigens von Baufachleuten im einvernehmen mit den Tiersch\u00fctzer angelegten Behausung in ihrem \u201eTagesschlaf\u201c beobachten und fotografisch dokumentieren. Rund 50 Tiere \u201ehingen\u201c im Winkel \u201eWand und Decke\u201c, ein oder zwei Tiere flogen durch den Raum und suchten ihren Schlafplatz. Der hohe, freie Raum ist durch die indirekte Einflugschneise sehr abgedunkelt und somit f\u00fcr die Tiere ein Idealzustand. Die Behausung der Tiere und ihre Anwesentheit wird k\u00fcnftig durch die Stra\u00dfenmeisterei Ehingen und ihren Mitarbeiter beobachtet und kontrolliert. Landesverkehrsminister Winfried Hermann aus Stuttgart regte an, am gegen\u00fcberliegenden Donauradwanderweg eine Hinweistafel auf den gelungenen Ansiedlungsort der Wasserfledermauskolonie zur Aufmerksamkeit f\u00fcr die Radfahrer, aufzustellen.<\/p>\r\n\r\n<div id=\"attachment_1529\" style=\"width: 770px\" class=\"wp-caption alignnone\"><img loading=\"lazy\" decoding=\"async\" aria-describedby=\"caption-attachment-1529\" class=\"wp-image-1529 size-full\" src=\"https:\/\/www.gemeinde-untermarchtal.de\/bilder\/Donauviadukt_Neubau_August_2014_Viadukt.jpg\" alt=\"donauviadukt_neubau_august_2014_viadukt\" width=\"760\" height=\"570\" \/><p id=\"caption-attachment-1529\" class=\"wp-caption-text\">Blick von der \u00e4u\u00dferen Fledermauskammer Richtung neues Viadukt und Donautal<\/p><\/div>\r\n\r\n<div id=\"attachment_1528\" style=\"width: 770px\" class=\"wp-caption alignnone\"><img loading=\"lazy\" decoding=\"async\" aria-describedby=\"caption-attachment-1528\" class=\"wp-image-1528 size-full\" src=\"https:\/\/www.gemeinde-untermarchtal.de\/bilder\/Donauviadukt_Neubau_August_2014_Unterkunft.jpg\" alt=\"donauviadukt_neubau_august_2014_unterkunft\" width=\"760\" height=\"570\" \/><p id=\"caption-attachment-1528\" class=\"wp-caption-text\">Die Aussenansicht der Fledermausunterkunft links nahe des neuen Donautalviadukt rechts<\/p><\/div>\r\n\r\n<div id=\"attachment_1527\" style=\"width: 770px\" class=\"wp-caption alignnone\"><img loading=\"lazy\" decoding=\"async\" aria-describedby=\"caption-attachment-1527\" class=\"wp-image-1527 size-full\" src=\"https:\/\/www.gemeinde-untermarchtal.de\/bilder\/Donauviadukt_Neubau_August_2014_Fledermaus.jpg\" alt=\"donauviadukt_neubau_august_2014_fledermaus\" width=\"760\" height=\"570\" \/><p id=\"caption-attachment-1527\" class=\"wp-caption-text\">Foto von der gelungenen Ansiedlung der Wasserflederm\u00e4use an der Decke h\u00e4ngend in der neuen Fledermauskammer und ehemaligen Br\u00fcckenwiderlager<\/p><\/div>","protected":false},"excerpt":{"rendered":"<p>Die Tiere nehmen Behausung gut an. Erfolg f\u00fcr Tiersch\u00fctzer und Baufachleute. Heute am Donnerstag, 28. August 2014 wurde ich auf Anregung des Regierungspr\u00e4sidium T\u00fcbingen Dienstsitz Ehingen Stra\u00dfenbau Mitte von Herrn Bauing. FH Wilhelm Striebel und seinem Mitarbeiter Herrn Anton Neubrand, zum Donauviadukt f\u00fcr einen Pressetermin eingeladen. Daf\u00fcr bedankte ich mich sehr bei den beiden Herrn. [&hellip;]<\/p>\n","protected":false},"author":1,"featured_media":0,"parent":0,"menu_order":0,"comment_status":"closed","ping_status":"closed","template":"page-templates\/_template_aktuelle_beitraege.php","meta":{"_acf_changed":false,"footnotes":""},"class_list":["post-1217","page","type-page","status-publish","hentry"],"acf":[],"yoast_head":"<!-- This site is optimized with the Yoast SEO plugin v26.7 - https:\/\/yoast.com\/wordpress\/plugins\/seo\/ -->\n<title>Neubau Donauviadukt - August 2014 - Gemeinde Untermarchtal<\/title>\n<meta name=\"robots\" content=\"index, follow, max-snippet:-1, max-image-preview:large, max-video-preview:-1\" \/>\n<link rel=\"canonical\" href=\"https:\/\/www.gemeinde-untermarchtal.de\/index.php\/neubau-donauviadukt-august-2014\/\" \/>\n<meta property=\"og:locale\" content=\"de_DE\" \/>\n<meta property=\"og:type\" content=\"article\" \/>\n<meta property=\"og:title\" content=\"Neubau Donauviadukt - August 2014 - Gemeinde Untermarchtal\" \/>\n<meta property=\"og:description\" content=\"Die Tiere nehmen Behausung gut an. Erfolg f\u00fcr Tiersch\u00fctzer und Baufachleute. Heute am Donnerstag, 28. August 2014 wurde ich auf Anregung des Regierungspr\u00e4sidium T\u00fcbingen Dienstsitz Ehingen Stra\u00dfenbau Mitte von Herrn Bauing. FH Wilhelm Striebel und seinem Mitarbeiter Herrn Anton Neubrand, zum Donauviadukt f\u00fcr einen Pressetermin eingeladen. Daf\u00fcr bedankte ich mich sehr bei den beiden Herrn. [&hellip;]\" \/>\n<meta property=\"og:url\" content=\"https:\/\/www.gemeinde-untermarchtal.de\/index.php\/neubau-donauviadukt-august-2014\/\" \/>\n<meta property=\"og:site_name\" content=\"Gemeinde Untermarchtal\" \/>\n<meta property=\"article:modified_time\" content=\"2018-07-21T07:17:22+00:00\" \/>\n<meta property=\"og:image\" content=\"https:\/\/www.gemeinde-untermarchtal.de\/bilder\/Donauviadukt_Neubau_August_2014_Viadukt.jpg\" \/>\n<meta name=\"twitter:card\" content=\"summary_large_image\" \/>\n<meta name=\"twitter:label1\" content=\"Gesch\u00e4tzte Lesezeit\" \/>\n\t<meta name=\"twitter:data1\" content=\"3\u00a0Minuten\" \/>\n<script type=\"application\/ld+json\" class=\"yoast-schema-graph\">{\"@context\":\"https:\/\/schema.org\",\"@graph\":[{\"@type\":\"WebPage\",\"@id\":\"https:\/\/www.gemeinde-untermarchtal.de\/index.php\/neubau-donauviadukt-august-2014\/\",\"url\":\"https:\/\/www.gemeinde-untermarchtal.de\/index.php\/neubau-donauviadukt-august-2014\/\",\"name\":\"Neubau Donauviadukt - August 2014 - Gemeinde Untermarchtal\",\"isPartOf\":{\"@id\":\"https:\/\/www.gemeinde-untermarchtal.de\/#website\"},\"primaryImageOfPage\":{\"@id\":\"https:\/\/www.gemeinde-untermarchtal.de\/index.php\/neubau-donauviadukt-august-2014\/#primaryimage\"},\"image\":{\"@id\":\"https:\/\/www.gemeinde-untermarchtal.de\/index.php\/neubau-donauviadukt-august-2014\/#primaryimage\"},\"thumbnailUrl\":\"https:\/\/www.gemeinde-untermarchtal.de\/bilder\/Donauviadukt_Neubau_August_2014_Viadukt.jpg\",\"datePublished\":\"2016-10-06T20:32:04+00:00\",\"dateModified\":\"2018-07-21T07:17:22+00:00\",\"breadcrumb\":{\"@id\":\"https:\/\/www.gemeinde-untermarchtal.de\/index.php\/neubau-donauviadukt-august-2014\/#breadcrumb\"},\"inLanguage\":\"de\",\"potentialAction\":[{\"@type\":\"ReadAction\",\"target\":[\"https:\/\/www.gemeinde-untermarchtal.de\/index.php\/neubau-donauviadukt-august-2014\/\"]}]},{\"@type\":\"ImageObject\",\"inLanguage\":\"de\",\"@id\":\"https:\/\/www.gemeinde-untermarchtal.de\/index.php\/neubau-donauviadukt-august-2014\/#primaryimage\",\"url\":\"https:\/\/www.gemeinde-untermarchtal.de\/bilder\/Donauviadukt_Neubau_August_2014_Viadukt.jpg\",\"contentUrl\":\"https:\/\/www.gemeinde-untermarchtal.de\/bilder\/Donauviadukt_Neubau_August_2014_Viadukt.jpg\",\"width\":760,\"height\":570},{\"@type\":\"BreadcrumbList\",\"@id\":\"https:\/\/www.gemeinde-untermarchtal.de\/index.php\/neubau-donauviadukt-august-2014\/#breadcrumb\",\"itemListElement\":[{\"@type\":\"ListItem\",\"position\":1,\"name\":\"Startseite\",\"item\":\"https:\/\/www.gemeinde-untermarchtal.de\/\"},{\"@type\":\"ListItem\",\"position\":2,\"name\":\"Neubau Donauviadukt - August 2014\"}]},{\"@type\":\"WebSite\",\"@id\":\"https:\/\/www.gemeinde-untermarchtal.de\/#website\",\"url\":\"https:\/\/www.gemeinde-untermarchtal.de\/\",\"name\":\"Gemeinde Untermarchtal\",\"description\":\"Gemeinde Untermarchtal\",\"potentialAction\":[{\"@type\":\"SearchAction\",\"target\":{\"@type\":\"EntryPoint\",\"urlTemplate\":\"https:\/\/www.gemeinde-untermarchtal.de\/?s={search_term_string}\"},\"query-input\":{\"@type\":\"PropertyValueSpecification\",\"valueRequired\":true,\"valueName\":\"search_term_string\"}}],\"inLanguage\":\"de\"}]}<\/script>\n<!-- \/ Yoast SEO plugin. -->","yoast_head_json":{"title":"Neubau Donauviadukt - August 2014 - Gemeinde Untermarchtal","robots":{"index":"index","follow":"follow","max-snippet":"max-snippet:-1","max-image-preview":"max-image-preview:large","max-video-preview":"max-video-preview:-1"},"canonical":"https:\/\/www.gemeinde-untermarchtal.de\/index.php\/neubau-donauviadukt-august-2014\/","og_locale":"de_DE","og_type":"article","og_title":"Neubau Donauviadukt - August 2014 - Gemeinde Untermarchtal","og_description":"Die Tiere nehmen Behausung gut an. Erfolg f\u00fcr Tiersch\u00fctzer und Baufachleute. Heute am Donnerstag, 28. August 2014 wurde ich auf Anregung des Regierungspr\u00e4sidium T\u00fcbingen Dienstsitz Ehingen Stra\u00dfenbau Mitte von Herrn Bauing. FH Wilhelm Striebel und seinem Mitarbeiter Herrn Anton Neubrand, zum Donauviadukt f\u00fcr einen Pressetermin eingeladen. Daf\u00fcr bedankte ich mich sehr bei den beiden Herrn. [&hellip;]","og_url":"https:\/\/www.gemeinde-untermarchtal.de\/index.php\/neubau-donauviadukt-august-2014\/","og_site_name":"Gemeinde Untermarchtal","article_modified_time":"2018-07-21T07:17:22+00:00","og_image":[{"url":"https:\/\/www.gemeinde-untermarchtal.de\/bilder\/Donauviadukt_Neubau_August_2014_Viadukt.jpg","type":"","width":"","height":""}],"twitter_card":"summary_large_image","twitter_misc":{"Gesch\u00e4tzte Lesezeit":"3\u00a0Minuten"},"schema":{"@context":"https:\/\/schema.org","@graph":[{"@type":"WebPage","@id":"https:\/\/www.gemeinde-untermarchtal.de\/index.php\/neubau-donauviadukt-august-2014\/","url":"https:\/\/www.gemeinde-untermarchtal.de\/index.php\/neubau-donauviadukt-august-2014\/","name":"Neubau Donauviadukt - August 2014 - Gemeinde Untermarchtal","isPartOf":{"@id":"https:\/\/www.gemeinde-untermarchtal.de\/#website"},"primaryImageOfPage":{"@id":"https:\/\/www.gemeinde-untermarchtal.de\/index.php\/neubau-donauviadukt-august-2014\/#primaryimage"},"image":{"@id":"https:\/\/www.gemeinde-untermarchtal.de\/index.php\/neubau-donauviadukt-august-2014\/#primaryimage"},"thumbnailUrl":"https:\/\/www.gemeinde-untermarchtal.de\/bilder\/Donauviadukt_Neubau_August_2014_Viadukt.jpg","datePublished":"2016-10-06T20:32:04+00:00","dateModified":"2018-07-21T07:17:22+00:00","breadcrumb":{"@id":"https:\/\/www.gemeinde-untermarchtal.de\/index.php\/neubau-donauviadukt-august-2014\/#breadcrumb"},"inLanguage":"de","potentialAction":[{"@type":"ReadAction","target":["https:\/\/www.gemeinde-untermarchtal.de\/index.php\/neubau-donauviadukt-august-2014\/"]}]},{"@type":"ImageObject","inLanguage":"de","@id":"https:\/\/www.gemeinde-untermarchtal.de\/index.php\/neubau-donauviadukt-august-2014\/#primaryimage","url":"https:\/\/www.gemeinde-untermarchtal.de\/bilder\/Donauviadukt_Neubau_August_2014_Viadukt.jpg","contentUrl":"https:\/\/www.gemeinde-untermarchtal.de\/bilder\/Donauviadukt_Neubau_August_2014_Viadukt.jpg","width":760,"height":570},{"@type":"BreadcrumbList","@id":"https:\/\/www.gemeinde-untermarchtal.de\/index.php\/neubau-donauviadukt-august-2014\/#breadcrumb","itemListElement":[{"@type":"ListItem","position":1,"name":"Startseite","item":"https:\/\/www.gemeinde-untermarchtal.de\/"},{"@type":"ListItem","position":2,"name":"Neubau Donauviadukt - August 2014"}]},{"@type":"WebSite","@id":"https:\/\/www.gemeinde-untermarchtal.de\/#website","url":"https:\/\/www.gemeinde-untermarchtal.de\/","name":"Gemeinde Untermarchtal","description":"Gemeinde Untermarchtal","potentialAction":[{"@type":"SearchAction","target":{"@type":"EntryPoint","urlTemplate":"https:\/\/www.gemeinde-untermarchtal.de\/?s={search_term_string}"},"query-input":{"@type":"PropertyValueSpecification","valueRequired":true,"valueName":"search_term_string"}}],"inLanguage":"de"}]}},"_links":{"self":[{"href":"https:\/\/www.gemeinde-untermarchtal.de\/index.php\/wp-json\/wp\/v2\/pages\/1217","targetHints":{"allow":["GET"]}}],"collection":[{"href":"https:\/\/www.gemeinde-untermarchtal.de\/index.php\/wp-json\/wp\/v2\/pages"}],"about":[{"href":"https:\/\/www.gemeinde-untermarchtal.de\/index.php\/wp-json\/wp\/v2\/types\/page"}],"author":[{"embeddable":true,"href":"https:\/\/www.gemeinde-untermarchtal.de\/index.php\/wp-json\/wp\/v2\/users\/1"}],"replies":[{"embeddable":true,"href":"https:\/\/www.gemeinde-untermarchtal.de\/index.php\/wp-json\/wp\/v2\/comments?post=1217"}],"version-history":[{"count":5,"href":"https:\/\/www.gemeinde-untermarchtal.de\/index.php\/wp-json\/wp\/v2\/pages\/1217\/revisions"}],"predecessor-version":[{"id":2739,"href":"https:\/\/www.gemeinde-untermarchtal.de\/index.php\/wp-json\/wp\/v2\/pages\/1217\/revisions\/2739"}],"wp:attachment":[{"href":"https:\/\/www.gemeinde-untermarchtal.de\/index.php\/wp-json\/wp\/v2\/media?parent=1217"}],"curies":[{"name":"wp","href":"https:\/\/api.w.org\/{rel}","templated":true}]}}