{"id":1369,"date":"2016-10-15T22:22:22","date_gmt":"2016-10-15T20:22:22","guid":{"rendered":"http:\/\/www.gemeinde-untermarchtal.de\/?page_id=1369"},"modified":"2018-07-21T15:08:00","modified_gmt":"2018-07-21T13:08:00","slug":"neubau-donauviadukt-verkehrsfreigabe-oktober-2013","status":"publish","type":"page","link":"https:\/\/www.gemeinde-untermarchtal.de\/index.php\/neubau-donauviadukt-verkehrsfreigabe-oktober-2013\/","title":{"rendered":"Neubau Donauviadukt - Verkehrsfreigabe - Oktober 2013"},"content":{"rendered":"<h3>Neubau des Untermarchtaler Donauviadukt f\u00fcr den Vehrkehr freigegeben! Wir schreiben den 30. Oktober 2013.<\/h3>\r\n<p>Nach genau 716 Tagen Bauzeit konnte am gestrigen Mittwoch 30. Okt. 13 um 9.04 Uhr der Bauaufsichtsleiter Wilhelm Striebel vom RP T\u00fcbingen Dienststelle Ehingen Stra\u00dfenbau die Verkehrsfreigabe f\u00fcr das neugebaute Donauviadukt bei Untermarchtal vornehmen. Da\u00df dies ohne gro\u00dfen Aufwand und Pomp vollzogen wurde, dr\u00fcckte Striebel in die mit Humor gefa\u00dften Worte, \u201e wir sind das Amt\u201c aus, als er die aufgestellte Durchfahrtsverbotstafel zur Seite r\u00e4umte. Ein paar B\u00fcrger aus Untermarchtal und Arbeitskr\u00e4fte der Baufirmen waren Zeugen dieses Vorgangs. Mit wir meinte er noch seinen Mitarbeiter vom Dienstsitz Ehingen, Anton Neubrand, der Striebel stets bei der Bauaufsicht f\u00fcr das Br\u00fcckenbauwerk begleitete.<\/p>\r\n\r\n<div id=\"attachment_1376\" style=\"width: 770px\" class=\"wp-caption alignnone\"><img loading=\"lazy\" decoding=\"async\" aria-describedby=\"caption-attachment-1376\" class=\"wp-image-1376 size-full\" src=\"https:\/\/www.gemeinde-untermarchtal.de\/bilder\/Donauviadukt_Neubau_Oktober_2013_Striebel.jpg\" alt=\"donauviadukt_neubau_oktober_2013_striebel\" width=\"760\" height=\"570\" \/><p id=\"caption-attachment-1376\" class=\"wp-caption-text\">Bauaufsichtsleiter Wilhelm Striebel beseitigt die Durchfahrtsverbotstafel f\u00fcr die Fahrspur Richtung Riedlingen um 9.04 Uhr<\/p><\/div>\r\n\r\n<div id=\"attachment_1378\" style=\"width: 770px\" class=\"wp-caption alignnone\"><img loading=\"lazy\" decoding=\"async\" aria-describedby=\"caption-attachment-1378\" class=\"wp-image-1378 size-full\" src=\"https:\/\/www.gemeinde-untermarchtal.de\/bilder\/Donauviadukt_Neubau_Oktober_2013_Talgrund.jpg\" alt=\"donauviadukt_neubau_oktober_2013_talgrund\" width=\"760\" height=\"570\" \/><p id=\"caption-attachment-1378\" class=\"wp-caption-text\">Foto zeigt vom Talgrund aus die gesamte Br\u00fccke, wobei die neue Br\u00fccke auch noch mit zwei Hilfspfeiler zu sehen ist und knapp im Hintergrund das alte, noch stehende Viadukt mit den 4 Pfeiler.<\/p><\/div>\r\n\r\n<h3>Vor 60 Jahren<\/h3>\r\n<p>Wenn man jetzt 60 Jahre zur\u00fcckbl\u00e4ttert \u2013 am 20. November 1953 wurde das jetzige, alte Viadukt mit einer weltlichen und kirchlichen Weihe mit Verkehrs\u00fcbergabe freigegeben. Der damalige Innenminister Ulrich, Stuttgart, die kirchlichen Vertreter mit Generalvikar Dr. Hagen, Rottenburg, Pr\u00e4lat Dr. Eichele, Ulm, Regierungsdirektor und Baumeister K\u00fcbler, Stuttgart, der Vertreter des Bundesverkehrsministerium Dr. Klingenberg, Bonn sowie der mit dem Richtspruch vertraute Polier Hermann Eblen der Firma Z\u00fcblin, Stuttgart waren vor Ort. B\u00fcrgermeister Helmut Winter, Ortspfarrer Erwin Scherrmann, Oberlehrer Franz Sugg und der Kinderchor der Volksschule Untermarchtal und die Musikkapelle Obermarchtal sowie Vertreter der am Bau beteiligten Firmen und selbstverst\u00e4ndlich viele B\u00fcrger Untermarchtals und der Umgebung waren damals Zeugen der Verkehrsfreigabe bei widrigem, nassen Novemberwetter. Die geladenen G\u00e4ste trafen sich im Anschlu\u00df an die Br\u00fccken\u00fcbergabe im Schloss Obermarchtal zum gem\u00fctlichen Beisammensein. Ansprachen, Gedichtvortr\u00e4gen und einer Filmvorf\u00fchrung \u00fcber die Entstehung und den Bau der Donautalbr\u00fccke Untermarchtal folgten. Dies vermerkte der Chronist und die Pressemitteilungen konnte man landesweit \u00fcber dieses Bauwerk, der damals l\u00e4ngsten fugenlosen Spannbetonbr\u00fccke Europas nachvollziehen und heute nach 60 Jahren noch nachlesen.<\/p>\r\n\r\n<h3>Heute am 30. Oktober 2013<\/h3>\r\n<p>Von der Stra\u00dfenbaufirma Kirchhoff war nur Bauleiter Armin Spatschek und sein Kollege Fritz Greupl bei der wirklich bescheidenen Freigabezeremonie vor Ort. Leider war kein Vertreter der Br\u00fcckenbaufirma Matth\u00e4us Schmid zur Stelle. Zun\u00e4chst wurde wegen der noch vorzunehmenden Markierungsarbeiten t\u00e4tigen Firma Dieringer aus Rottweil nur die Fahrspur Ehingen \u2013 Riedlingen freigegeben. Aber genau um 11.04 Uhr wurde nach Beendigung der Markierungszeichen auch die Fahrspur Riedlingen - Ehingen dem Verkehr \u00fcbergeben und somit der Gesamtverkehr freigegeben. Zuvor stellten Mitarbeiter der Firma Kirchhoff noch den erforderlichen Aufprallschutz am Beginn der durchgehenden Betonleitschutzwand am durchgehenden Br\u00fcckenbauwerk auf. Unterdessen arbeitet bereits die Abbruchfirma Max Wild aus Berkheim seit mehreren Tagen im Talgrund. Es werden jetzt nach und nach die nicht mehr erforderlichen 4 Hilfspfeiler abgebaut, zers\u00e4gt oder mit dem Bohrmei\u00dfel zum Abtransport hergerichtet. Nach diesen Arbeiten wird die Firma mit dem Br\u00fcckenabbruch, beginnend auf der \u201eRiedlinger Seite\u201c beginnen und diese Arbeiten auch in m\u00f6glicher Winterarbeit fortsetzen. Sicherungsvorkehrungen m\u00fcssen hierbei besonders f\u00fcr die durchgehende Eisenbahnstrecke, den Naturschutz und den Donaudurchgang vorgenommen werden. Auch die Baufirmen Matth\u00e4us Schmid, Baltringen und Kirchhoff, Langenargen werden bis zum Fr\u00fchjahr 2014 mit dem Bau der Raubettmulde und des Retensionsbecken in der Talaue f\u00fcr die Oberfl\u00e4chenwasser-Erfassung vom Br\u00fcckenbauwerk und den anschlie\u00dfenden Strecken besch\u00e4ftigt sein. Endg\u00fcltig abgeschlossen werden kann die Gro\u00dfbaustelle etwa im April\/Mai 2014, so Bauaufsichtsleiter Wilhelm Striebel, Ehingen.<\/p>\r\n\r\n<div id=\"attachment_1380\" style=\"width: 770px\" class=\"wp-caption alignnone\"><img loading=\"lazy\" decoding=\"async\" aria-describedby=\"caption-attachment-1380\" class=\"wp-image-1380 size-full\" src=\"https:\/\/www.gemeinde-untermarchtal.de\/bilder\/Donauviadukt_Neubau_Oktober_2013_zwei_Bruecken.jpg\" alt=\"donauviadukt_neubau_oktober_2013_zwei_bruecken\" width=\"760\" height=\"570\" \/><p id=\"caption-attachment-1380\" class=\"wp-caption-text\">Aufnahme zeigt die neue Br\u00fccke von der linken Donauseite aus \u2013 Nordwestansicht - ebenfalls mit zwei noch stehenden Hilfspfeiler und im Hintergrund das alte Viadukt.<\/p><\/div>\r\n\r\n<div id=\"attachment_1377\" style=\"width: 770px\" class=\"wp-caption alignnone\"><img loading=\"lazy\" decoding=\"async\" aria-describedby=\"caption-attachment-1377\" class=\"wp-image-1377 size-full\" src=\"https:\/\/www.gemeinde-untermarchtal.de\/bilder\/Donauviadukt_Neubau_Oktober_2013_Suedwestansicht.jpg\" alt=\"donauviadukt_neubau_oktober_2013_suedwestansicht\" width=\"760\" height=\"570\" \/><p id=\"caption-attachment-1377\" class=\"wp-caption-text\">Aufnahme ist eine Gesamtansicht - S\u00fcdwestansicht - . Die Pfeiler des alten, noch stehenden Viadukt und 2 noch stehende Hilfspfeiler der neuen Br\u00fccke sind erkennbar.<\/p><\/div>\r\n\r\n<div id=\"attachment_1374\" style=\"width: 770px\" class=\"wp-caption alignnone\"><img loading=\"lazy\" decoding=\"async\" aria-describedby=\"caption-attachment-1374\" class=\"wp-image-1374 size-full\" src=\"https:\/\/www.gemeinde-untermarchtal.de\/bilder\/Donauviadukt_Neubau_Oktober_2013_Fahrbahn.jpg\" alt=\"donauviadukt_neubau_oktober_2013_fahrbahn\" width=\"760\" height=\"570\" \/><p id=\"caption-attachment-1374\" class=\"wp-caption-text\">Aufnahme ist unmittelbar an der Fahrbahnspur mit einer aktuellen Verkehrssituation in Richtung Br\u00fcckenmitte von der \u201eRiedlinger Seite\u201c aus aufgenommen.<\/p><\/div>\r\n \r\n<div id=\"attachment_1375\" style=\"width: 770px\" class=\"wp-caption alignnone\"><img loading=\"lazy\" decoding=\"async\" aria-describedby=\"caption-attachment-1375\" class=\"wp-image-1375 size-full\" src=\"https:\/\/www.gemeinde-untermarchtal.de\/bilder\/Donauviadukt_Neubau_Oktober_2013_Gesamtverkehr.jpg\" alt=\"donauviadukt_neubau_oktober_2013_gesamtverkehr\" width=\"760\" height=\"570\" \/><p id=\"caption-attachment-1375\" class=\"wp-caption-text\">Foto zeigt um 11.04 Uhr wie der Gesamtverkehr jetzt mit beiden Fahrspuren auf der Br\u00fccken- und Stra\u00dfenfahrbahn voll befahrbar ist.<\/p><\/div>","protected":false},"excerpt":{"rendered":"<p>Neubau des Untermarchtaler Donauviadukt f\u00fcr den Vehrkehr freigegeben! Wir schreiben den 30. Oktober 2013. Nach genau 716 Tagen Bauzeit konnte am gestrigen Mittwoch 30. Okt. 13 um 9.04 Uhr der Bauaufsichtsleiter Wilhelm Striebel vom RP T\u00fcbingen Dienststelle Ehingen Stra\u00dfenbau die Verkehrsfreigabe f\u00fcr das neugebaute Donauviadukt bei Untermarchtal vornehmen. Da\u00df dies ohne gro\u00dfen Aufwand und Pomp [&hellip;]<\/p>\n","protected":false},"author":1,"featured_media":0,"parent":0,"menu_order":0,"comment_status":"closed","ping_status":"closed","template":"page-templates\/_template_aktuelle_beitraege.php","meta":{"_acf_changed":false,"footnotes":""},"class_list":["post-1369","page","type-page","status-publish","hentry"],"acf":[],"yoast_head":"<!-- This site is optimized with the Yoast SEO plugin v26.7 - https:\/\/yoast.com\/wordpress\/plugins\/seo\/ -->\n<title>Neubau Donauviadukt - Verkehrsfreigabe - Oktober 2013 - Gemeinde Untermarchtal<\/title>\n<meta name=\"robots\" content=\"index, follow, max-snippet:-1, max-image-preview:large, max-video-preview:-1\" \/>\n<link rel=\"canonical\" href=\"https:\/\/www.gemeinde-untermarchtal.de\/index.php\/neubau-donauviadukt-verkehrsfreigabe-oktober-2013\/\" \/>\n<meta property=\"og:locale\" content=\"de_DE\" \/>\n<meta property=\"og:type\" content=\"article\" \/>\n<meta property=\"og:title\" content=\"Neubau Donauviadukt - Verkehrsfreigabe - Oktober 2013 - Gemeinde Untermarchtal\" \/>\n<meta property=\"og:description\" content=\"Neubau des Untermarchtaler Donauviadukt f\u00fcr den Vehrkehr freigegeben! Wir schreiben den 30. Oktober 2013. Nach genau 716 Tagen Bauzeit konnte am gestrigen Mittwoch 30. Okt. 13 um 9.04 Uhr der Bauaufsichtsleiter Wilhelm Striebel vom RP T\u00fcbingen Dienststelle Ehingen Stra\u00dfenbau die Verkehrsfreigabe f\u00fcr das neugebaute Donauviadukt bei Untermarchtal vornehmen. Da\u00df dies ohne gro\u00dfen Aufwand und Pomp [&hellip;]\" \/>\n<meta property=\"og:url\" content=\"https:\/\/www.gemeinde-untermarchtal.de\/index.php\/neubau-donauviadukt-verkehrsfreigabe-oktober-2013\/\" \/>\n<meta property=\"og:site_name\" content=\"Gemeinde Untermarchtal\" \/>\n<meta property=\"article:modified_time\" content=\"2018-07-21T13:08:00+00:00\" \/>\n<meta property=\"og:image\" content=\"https:\/\/www.gemeinde-untermarchtal.de\/bilder\/Donauviadukt_Neubau_Oktober_2013_Striebel.jpg\" \/>\n<meta name=\"twitter:card\" content=\"summary_large_image\" \/>\n<meta name=\"twitter:label1\" content=\"Gesch\u00e4tzte Lesezeit\" \/>\n\t<meta name=\"twitter:data1\" content=\"4\u00a0Minuten\" \/>\n<script type=\"application\/ld+json\" class=\"yoast-schema-graph\">{\"@context\":\"https:\/\/schema.org\",\"@graph\":[{\"@type\":\"WebPage\",\"@id\":\"https:\/\/www.gemeinde-untermarchtal.de\/index.php\/neubau-donauviadukt-verkehrsfreigabe-oktober-2013\/\",\"url\":\"https:\/\/www.gemeinde-untermarchtal.de\/index.php\/neubau-donauviadukt-verkehrsfreigabe-oktober-2013\/\",\"name\":\"Neubau Donauviadukt - Verkehrsfreigabe - Oktober 2013 - Gemeinde Untermarchtal\",\"isPartOf\":{\"@id\":\"https:\/\/www.gemeinde-untermarchtal.de\/#website\"},\"primaryImageOfPage\":{\"@id\":\"https:\/\/www.gemeinde-untermarchtal.de\/index.php\/neubau-donauviadukt-verkehrsfreigabe-oktober-2013\/#primaryimage\"},\"image\":{\"@id\":\"https:\/\/www.gemeinde-untermarchtal.de\/index.php\/neubau-donauviadukt-verkehrsfreigabe-oktober-2013\/#primaryimage\"},\"thumbnailUrl\":\"https:\/\/www.gemeinde-untermarchtal.de\/bilder\/Donauviadukt_Neubau_Oktober_2013_Striebel.jpg\",\"datePublished\":\"2016-10-15T20:22:22+00:00\",\"dateModified\":\"2018-07-21T13:08:00+00:00\",\"breadcrumb\":{\"@id\":\"https:\/\/www.gemeinde-untermarchtal.de\/index.php\/neubau-donauviadukt-verkehrsfreigabe-oktober-2013\/#breadcrumb\"},\"inLanguage\":\"de\",\"potentialAction\":[{\"@type\":\"ReadAction\",\"target\":[\"https:\/\/www.gemeinde-untermarchtal.de\/index.php\/neubau-donauviadukt-verkehrsfreigabe-oktober-2013\/\"]}]},{\"@type\":\"ImageObject\",\"inLanguage\":\"de\",\"@id\":\"https:\/\/www.gemeinde-untermarchtal.de\/index.php\/neubau-donauviadukt-verkehrsfreigabe-oktober-2013\/#primaryimage\",\"url\":\"https:\/\/www.gemeinde-untermarchtal.de\/bilder\/Donauviadukt_Neubau_Oktober_2013_Striebel.jpg\",\"contentUrl\":\"https:\/\/www.gemeinde-untermarchtal.de\/bilder\/Donauviadukt_Neubau_Oktober_2013_Striebel.jpg\",\"width\":760,\"height\":570},{\"@type\":\"BreadcrumbList\",\"@id\":\"https:\/\/www.gemeinde-untermarchtal.de\/index.php\/neubau-donauviadukt-verkehrsfreigabe-oktober-2013\/#breadcrumb\",\"itemListElement\":[{\"@type\":\"ListItem\",\"position\":1,\"name\":\"Startseite\",\"item\":\"https:\/\/www.gemeinde-untermarchtal.de\/\"},{\"@type\":\"ListItem\",\"position\":2,\"name\":\"Neubau Donauviadukt - Verkehrsfreigabe - Oktober 2013\"}]},{\"@type\":\"WebSite\",\"@id\":\"https:\/\/www.gemeinde-untermarchtal.de\/#website\",\"url\":\"https:\/\/www.gemeinde-untermarchtal.de\/\",\"name\":\"Gemeinde Untermarchtal\",\"description\":\"Gemeinde Untermarchtal\",\"potentialAction\":[{\"@type\":\"SearchAction\",\"target\":{\"@type\":\"EntryPoint\",\"urlTemplate\":\"https:\/\/www.gemeinde-untermarchtal.de\/?s={search_term_string}\"},\"query-input\":{\"@type\":\"PropertyValueSpecification\",\"valueRequired\":true,\"valueName\":\"search_term_string\"}}],\"inLanguage\":\"de\"}]}<\/script>\n<!-- \/ Yoast SEO plugin. -->","yoast_head_json":{"title":"Neubau Donauviadukt - Verkehrsfreigabe - Oktober 2013 - Gemeinde Untermarchtal","robots":{"index":"index","follow":"follow","max-snippet":"max-snippet:-1","max-image-preview":"max-image-preview:large","max-video-preview":"max-video-preview:-1"},"canonical":"https:\/\/www.gemeinde-untermarchtal.de\/index.php\/neubau-donauviadukt-verkehrsfreigabe-oktober-2013\/","og_locale":"de_DE","og_type":"article","og_title":"Neubau Donauviadukt - Verkehrsfreigabe - Oktober 2013 - Gemeinde Untermarchtal","og_description":"Neubau des Untermarchtaler Donauviadukt f\u00fcr den Vehrkehr freigegeben! Wir schreiben den 30. Oktober 2013. Nach genau 716 Tagen Bauzeit konnte am gestrigen Mittwoch 30. Okt. 13 um 9.04 Uhr der Bauaufsichtsleiter Wilhelm Striebel vom RP T\u00fcbingen Dienststelle Ehingen Stra\u00dfenbau die Verkehrsfreigabe f\u00fcr das neugebaute Donauviadukt bei Untermarchtal vornehmen. Da\u00df dies ohne gro\u00dfen Aufwand und Pomp [&hellip;]","og_url":"https:\/\/www.gemeinde-untermarchtal.de\/index.php\/neubau-donauviadukt-verkehrsfreigabe-oktober-2013\/","og_site_name":"Gemeinde Untermarchtal","article_modified_time":"2018-07-21T13:08:00+00:00","og_image":[{"url":"https:\/\/www.gemeinde-untermarchtal.de\/bilder\/Donauviadukt_Neubau_Oktober_2013_Striebel.jpg","type":"","width":"","height":""}],"twitter_card":"summary_large_image","twitter_misc":{"Gesch\u00e4tzte Lesezeit":"4\u00a0Minuten"},"schema":{"@context":"https:\/\/schema.org","@graph":[{"@type":"WebPage","@id":"https:\/\/www.gemeinde-untermarchtal.de\/index.php\/neubau-donauviadukt-verkehrsfreigabe-oktober-2013\/","url":"https:\/\/www.gemeinde-untermarchtal.de\/index.php\/neubau-donauviadukt-verkehrsfreigabe-oktober-2013\/","name":"Neubau Donauviadukt - Verkehrsfreigabe - Oktober 2013 - Gemeinde Untermarchtal","isPartOf":{"@id":"https:\/\/www.gemeinde-untermarchtal.de\/#website"},"primaryImageOfPage":{"@id":"https:\/\/www.gemeinde-untermarchtal.de\/index.php\/neubau-donauviadukt-verkehrsfreigabe-oktober-2013\/#primaryimage"},"image":{"@id":"https:\/\/www.gemeinde-untermarchtal.de\/index.php\/neubau-donauviadukt-verkehrsfreigabe-oktober-2013\/#primaryimage"},"thumbnailUrl":"https:\/\/www.gemeinde-untermarchtal.de\/bilder\/Donauviadukt_Neubau_Oktober_2013_Striebel.jpg","datePublished":"2016-10-15T20:22:22+00:00","dateModified":"2018-07-21T13:08:00+00:00","breadcrumb":{"@id":"https:\/\/www.gemeinde-untermarchtal.de\/index.php\/neubau-donauviadukt-verkehrsfreigabe-oktober-2013\/#breadcrumb"},"inLanguage":"de","potentialAction":[{"@type":"ReadAction","target":["https:\/\/www.gemeinde-untermarchtal.de\/index.php\/neubau-donauviadukt-verkehrsfreigabe-oktober-2013\/"]}]},{"@type":"ImageObject","inLanguage":"de","@id":"https:\/\/www.gemeinde-untermarchtal.de\/index.php\/neubau-donauviadukt-verkehrsfreigabe-oktober-2013\/#primaryimage","url":"https:\/\/www.gemeinde-untermarchtal.de\/bilder\/Donauviadukt_Neubau_Oktober_2013_Striebel.jpg","contentUrl":"https:\/\/www.gemeinde-untermarchtal.de\/bilder\/Donauviadukt_Neubau_Oktober_2013_Striebel.jpg","width":760,"height":570},{"@type":"BreadcrumbList","@id":"https:\/\/www.gemeinde-untermarchtal.de\/index.php\/neubau-donauviadukt-verkehrsfreigabe-oktober-2013\/#breadcrumb","itemListElement":[{"@type":"ListItem","position":1,"name":"Startseite","item":"https:\/\/www.gemeinde-untermarchtal.de\/"},{"@type":"ListItem","position":2,"name":"Neubau Donauviadukt - Verkehrsfreigabe - Oktober 2013"}]},{"@type":"WebSite","@id":"https:\/\/www.gemeinde-untermarchtal.de\/#website","url":"https:\/\/www.gemeinde-untermarchtal.de\/","name":"Gemeinde Untermarchtal","description":"Gemeinde Untermarchtal","potentialAction":[{"@type":"SearchAction","target":{"@type":"EntryPoint","urlTemplate":"https:\/\/www.gemeinde-untermarchtal.de\/?s={search_term_string}"},"query-input":{"@type":"PropertyValueSpecification","valueRequired":true,"valueName":"search_term_string"}}],"inLanguage":"de"}]}},"_links":{"self":[{"href":"https:\/\/www.gemeinde-untermarchtal.de\/index.php\/wp-json\/wp\/v2\/pages\/1369","targetHints":{"allow":["GET"]}}],"collection":[{"href":"https:\/\/www.gemeinde-untermarchtal.de\/index.php\/wp-json\/wp\/v2\/pages"}],"about":[{"href":"https:\/\/www.gemeinde-untermarchtal.de\/index.php\/wp-json\/wp\/v2\/types\/page"}],"author":[{"embeddable":true,"href":"https:\/\/www.gemeinde-untermarchtal.de\/index.php\/wp-json\/wp\/v2\/users\/1"}],"replies":[{"embeddable":true,"href":"https:\/\/www.gemeinde-untermarchtal.de\/index.php\/wp-json\/wp\/v2\/comments?post=1369"}],"version-history":[{"count":9,"href":"https:\/\/www.gemeinde-untermarchtal.de\/index.php\/wp-json\/wp\/v2\/pages\/1369\/revisions"}],"predecessor-version":[{"id":2775,"href":"https:\/\/www.gemeinde-untermarchtal.de\/index.php\/wp-json\/wp\/v2\/pages\/1369\/revisions\/2775"}],"wp:attachment":[{"href":"https:\/\/www.gemeinde-untermarchtal.de\/index.php\/wp-json\/wp\/v2\/media?parent=1369"}],"curies":[{"name":"wp","href":"https:\/\/api.w.org\/{rel}","templated":true}]}}