{"id":1447,"date":"2016-10-16T22:20:16","date_gmt":"2016-10-16T20:20:16","guid":{"rendered":"http:\/\/www.gemeinde-untermarchtal.de\/?page_id=1447"},"modified":"2018-07-21T09:38:57","modified_gmt":"2018-07-21T07:38:57","slug":"uebergabe-und-einweihung-des-neuen-schulhaus-mit-lehrer-wohnhaus-und-renoviertes-rathaus","status":"publish","type":"page","link":"https:\/\/www.gemeinde-untermarchtal.de\/index.php\/uebergabe-und-einweihung-des-neuen-schulhaus-mit-lehrer-wohnhaus-und-renoviertes-rathaus\/","title":{"rendered":"\u00dcbergabe und Einweihung des neuen Schulhaus"},"content":{"rendered":"<h3>&hellip; mit Lehrer-Wohnhaus und renoviertes Rathaus<\/h3>\r\n<p>Die \u00e4ltere Generation von Untermarchtal und Umgebung kann sich noch an diese Ereignisse des Dorfes an der Donau erinnern. 1955 und 1956, also vor 60 Jahren, standen in der Gemeinde Untermarchtal weitreichende wichtige Bauvorhaben an. Nach der ungl\u00fccklichen Brandnacht am 29. Januar 1955 war die Not zun\u00e4chst gro\u00df. Eile war geboten aber kein \u00fcberst\u00fcrztes handeln. Der Gemeinderat unter Vorsitz des damaligen B\u00fcrgermeister Helmut Winter, sowie einer B\u00fcrgerversammlung unter Einbindung des Landratsamtes, Schulamt, Verwaltungsaktuariat und der Di\u00f6zese Rottenburg handelten im Sommer 1955 weitsichtig. Schwierige Grundst\u00fccksverhandlungen mit Grundst\u00fcckstausch bzw Kauf f\u00fchrten dann zum Beschluss: Neubau einer 2-klassigen Volksschule mit Lehrer-Wohnghaus am Ortsrand auf der \u201ePfarrwiese\u201c. Alternative Pl\u00e4tze waren \u201eHinter Zainen\u201c und \u201eKirch\u00e4cker\u201c. Das bisherige Schul-und Rathaus wird zum Rathaus mit 2 Wohnungen, Gemeindebackk\u00fcche, Feuerwehrger\u00e4tehaus und Jugendraum umgestaltet.<\/p>\r\n\r\n<div id=\"attachment_1450\" style=\"width: 510px\" class=\"wp-caption alignnone\"><img loading=\"lazy\" decoding=\"async\" aria-describedby=\"caption-attachment-1450\" class=\"wp-image-1450 size-full\" src=\"https:\/\/www.gemeinde-untermarchtal.de\/bilder\/Schulhaus_2016_altes-Schulhaus.jpg\" alt=\"schulhaus_2016_altes-schulhaus\" width=\"500\" height=\"760\" \/><p id=\"caption-attachment-1450\" class=\"wp-caption-text\">Altes Rat- und Schulhaus bis 1955<\/p><\/div>\r\n\r\n<p>Z\u00fcgig wurden die beiden Bauvorhaben ausgeschrieben. Bemerkenswert: Das Richtfest f\u00fcr den gro\u00dfen Umbau des nach Brand schwer gesch\u00e4digten Schul- und Rathaus zum jetzigen Rathaus sowie der neuen Schule im Wassert\u00e4le war im Januar 1956. Die Bauunternehmen Moll, Obermarchtal, das Zimmergesch\u00e4ft A\u00dffalg\/Frankenhauser Untermarchtal und Emerkingen wurden vom bauleitenden Architekten Brzoska, Ehingen, f\u00fcr ihre flotten und z\u00fcgigen Arbeiten lobend erw\u00e4hnt. Anschlie\u00dfend an das Richtfest wurden die G\u00e4ste durch die Baustellen zur Besichtigung gef\u00fchrt. An das Richtfest schloss sich die Amts\u00fcbergabe des neu gew\u00e4hlten B\u00fcrgermeister Winter auf 12 Amtsjahre an. Landrat Dr. Tauscher nahm die Einsetzung des B\u00fcrgermeister Winter vor. Schon ab 1. Juli 1956 konnte BM Winter mit seiner Familie die wiederhergestellte Wohnung im umgebauten Rathaus beziehen. Bis zum Brand wohnte dort Oberlehrer Franz Sugg mit seiner Familie. Er wohnte seit der Brandnacht im Januar 1955 \u00fcbergangsweise in einem Haus des Klosters Untermarchtal und zwar in der damals leehrstehenden Wohnung vom Anwesen Josef Gro\u00dfmann, Metzgermeister. Diese Familie verzog nach Munderkingen wo das Gasthaus \u201eHirsch\u201c dort in ihren Besitz kam.<\/p>\r\n\r\n<div id=\"attachment_1453\" style=\"width: 770px\" class=\"wp-caption alignnone\"><img loading=\"lazy\" decoding=\"async\" aria-describedby=\"caption-attachment-1453\" class=\"wp-image-1453 size-full\" src=\"https:\/\/www.gemeinde-untermarchtal.de\/bilder\/Schulhaus_2016_Rathaus.jpg\" alt=\"schulhaus_2016_rathaus\" width=\"760\" height=\"570\" \/><p id=\"caption-attachment-1453\" class=\"wp-caption-text\">Heutiges im jahr 2016 ehemaliges Rat- und Schulhaus<\/p><\/div>\r\n\r\n<p>Da auch die Bauarbeiten am neuen Schulhaus mit angebauter Pausenhalle und das Lehrer-Wohnhaus z\u00fcgig voran ging, konnte schon am Dienstag 23. Oktober 1956 die ganze Gemeinde das Fest der Einweihung und \u00dcbergabe der \u201eneuen Volksschule im Wassert\u00e4le und des Rathauses\u201c feiern. Festfolge: 9:00 Uhr: Festgottesdienst in der Pfarrkirche St. Andreas. Nach dem Gottesdienst Prozession zur Schule. 10:00 Uhr: Kirchliche Weihe mit Ansprache durch H.H. Pfarrer Erwin Scherrmann. Begr\u00fc\u00dfung und Ansprache durch B\u00fcrgermeister Helmut Winter. Ansprache des Vertreter des Oberaschulamt. Ansprache des Landrats Dr. Tauscher. Ansprache und Schl\u00fcssel\u00fcbergabe durch Bauleiter Architekt Dipl. Ing. Brzoska. Spiel der Sch\u00fcler. Abschlie\u00dfend zur Feier sei erw\u00e4hnt, da\u00df die Untermarchtaler das neu Geschaffene als beispielgebend f\u00fcr viele Gemeinden sein kann, aber auch \u2013 wie in mehreren Reden klar zum Ausdruck kam \u2013 den Staat dazu verpflichtet, der mit Reicht\u00fcmern nicht gesegneten Gemeinde wirklich helfend unter die Arme greifen. B\u00fcrgermeister Winter hob hervor, da\u00df man bei der Planung der erzieherischen Bedeutung guter Schulr\u00e4ume bewu\u00dft war und f\u00fcr die Sch\u00fcler gebaut und nicht mit der Absicht, \u201eein architektonisches Denkmal\u201c zu schaffen. Nunmehr sei der Schulraumbedarf in Untermarchtal auf lange Sicht gedeckt. Fazit: Es war ein Modellfall f\u00fcr eine zweiklassige Landschule Aus heutiger Sicht im Jahr 2016 wie Recht er wohl hatte bei sinkenden Sch\u00fclerzahlen. Es wirkten mit: Kirchenchor, Liederkranz, Musikkreis. Anschlie\u00dfend Besichtigung von Schule und Rathaus. Gegen 12:00 Uhr Mittagessen im \u201eHirsch\u201c mit anschlie\u00dfender Gemeindefeier.Die veranschlagten Baukosten \u201eNeubau der Schule mit Lehrerwohnhaus und Pausenhalle\u201c: 150 000 DM. Umgestaltung\/Umbau des ehemaligen Schul- und Rathausgeb\u00e4ude zum Rathaus mit 2 Wohnungen 60 000 DM.<\/p>\r\n\r\n<div id=\"attachment_1452\" style=\"width: 770px\" class=\"wp-caption alignnone\"><img loading=\"lazy\" decoding=\"async\" aria-describedby=\"caption-attachment-1452\" class=\"wp-image-1452 size-full\" src=\"https:\/\/www.gemeinde-untermarchtal.de\/bilder\/Schulhaus_2016_neues_Schulhaus.jpg\" alt=\"schulhaus_2016_neues_schulhaus\" width=\"760\" height=\"570\" \/><p id=\"caption-attachment-1452\" class=\"wp-caption-text\">Schulhaus mit Lehrer-Wohnhaus heute, 1956 gebaut und eingeweiht<\/p><\/div>\r\n\r\n<p>Heute im Jahre 2016 werden in den 2 Klassenr\u00e4umen der Grundschule 17 Sch\u00fcler von Rektor Bruno V\u00f6gtle und Lehrerin Franziska H\u00f6ss als \u201e2 Kombiklassen\u201c unterrichtet. Siehe beigef\u00fcgtes Foto mit Rektor V\u00f6gtle und Lehrerin H\u00f6ss. Veronika Sontheimer ist Vertretungslehrkraft der Schule.<\/p>\r\n\r\n<div id=\"attachment_1451\" style=\"width: 770px\" class=\"wp-caption alignnone\"><img loading=\"lazy\" decoding=\"async\" aria-describedby=\"caption-attachment-1451\" class=\"wp-image-1451 size-full\" src=\"https:\/\/www.gemeinde-untermarchtal.de\/bilder\/Schulhaus_2016_Klassenfoto.jpg\" alt=\"schulhaus_2016_klassenfoto\" width=\"760\" height=\"570\" \/><p id=\"caption-attachment-1451\" class=\"wp-caption-text\">Das Sch\u00fclerfoto von heute im Jahr 2016 mit den 17 Sch\u00fclern sowie Rektor Bruno V\u00f6gtle und Lehrerin Franziska H\u00f6ss (beide hintere Reihe)<\/p><\/div>","protected":false},"excerpt":{"rendered":"<p>&hellip; mit Lehrer-Wohnhaus und renoviertes Rathaus Die \u00e4ltere Generation von Untermarchtal und Umgebung kann sich noch an diese Ereignisse des Dorfes an der Donau erinnern. 1955 und 1956, also vor 60 Jahren, standen in der Gemeinde Untermarchtal weitreichende wichtige Bauvorhaben an. Nach der ungl\u00fccklichen Brandnacht am 29. Januar 1955 war die Not zun\u00e4chst gro\u00df. Eile [&hellip;]<\/p>\n","protected":false},"author":1,"featured_media":0,"parent":0,"menu_order":0,"comment_status":"closed","ping_status":"closed","template":"page-templates\/_template_historische_beitraege.php","meta":{"_acf_changed":false,"footnotes":""},"class_list":["post-1447","page","type-page","status-publish","hentry"],"acf":[],"yoast_head":"<!-- This site is optimized with the Yoast SEO plugin v26.7 - https:\/\/yoast.com\/wordpress\/plugins\/seo\/ -->\n<title>\u00dcbergabe und Einweihung des neuen Schulhaus - Gemeinde Untermarchtal<\/title>\n<meta name=\"robots\" content=\"index, follow, max-snippet:-1, max-image-preview:large, max-video-preview:-1\" \/>\n<link rel=\"canonical\" href=\"https:\/\/www.gemeinde-untermarchtal.de\/index.php\/uebergabe-und-einweihung-des-neuen-schulhaus-mit-lehrer-wohnhaus-und-renoviertes-rathaus\/\" \/>\n<meta property=\"og:locale\" content=\"de_DE\" \/>\n<meta property=\"og:type\" content=\"article\" \/>\n<meta property=\"og:title\" content=\"\u00dcbergabe und Einweihung des neuen Schulhaus - Gemeinde Untermarchtal\" \/>\n<meta property=\"og:description\" content=\"&hellip; mit Lehrer-Wohnhaus und renoviertes Rathaus Die \u00e4ltere Generation von Untermarchtal und Umgebung kann sich noch an diese Ereignisse des Dorfes an der Donau erinnern. 1955 und 1956, also vor 60 Jahren, standen in der Gemeinde Untermarchtal weitreichende wichtige Bauvorhaben an. Nach der ungl\u00fccklichen Brandnacht am 29. Januar 1955 war die Not zun\u00e4chst gro\u00df. Eile [&hellip;]\" \/>\n<meta property=\"og:url\" content=\"https:\/\/www.gemeinde-untermarchtal.de\/index.php\/uebergabe-und-einweihung-des-neuen-schulhaus-mit-lehrer-wohnhaus-und-renoviertes-rathaus\/\" \/>\n<meta property=\"og:site_name\" content=\"Gemeinde Untermarchtal\" \/>\n<meta property=\"article:modified_time\" content=\"2018-07-21T07:38:57+00:00\" \/>\n<meta property=\"og:image\" content=\"https:\/\/www.gemeinde-untermarchtal.de\/bilder\/Schulhaus_2016_altes-Schulhaus.jpg\" \/>\n<meta name=\"twitter:card\" content=\"summary_large_image\" \/>\n<meta name=\"twitter:label1\" content=\"Gesch\u00e4tzte Lesezeit\" \/>\n\t<meta name=\"twitter:data1\" content=\"3\u00a0Minuten\" \/>\n<script type=\"application\/ld+json\" class=\"yoast-schema-graph\">{\"@context\":\"https:\/\/schema.org\",\"@graph\":[{\"@type\":\"WebPage\",\"@id\":\"https:\/\/www.gemeinde-untermarchtal.de\/index.php\/uebergabe-und-einweihung-des-neuen-schulhaus-mit-lehrer-wohnhaus-und-renoviertes-rathaus\/\",\"url\":\"https:\/\/www.gemeinde-untermarchtal.de\/index.php\/uebergabe-und-einweihung-des-neuen-schulhaus-mit-lehrer-wohnhaus-und-renoviertes-rathaus\/\",\"name\":\"\u00dcbergabe und Einweihung des neuen Schulhaus - Gemeinde Untermarchtal\",\"isPartOf\":{\"@id\":\"https:\/\/www.gemeinde-untermarchtal.de\/#website\"},\"primaryImageOfPage\":{\"@id\":\"https:\/\/www.gemeinde-untermarchtal.de\/index.php\/uebergabe-und-einweihung-des-neuen-schulhaus-mit-lehrer-wohnhaus-und-renoviertes-rathaus\/#primaryimage\"},\"image\":{\"@id\":\"https:\/\/www.gemeinde-untermarchtal.de\/index.php\/uebergabe-und-einweihung-des-neuen-schulhaus-mit-lehrer-wohnhaus-und-renoviertes-rathaus\/#primaryimage\"},\"thumbnailUrl\":\"https:\/\/www.gemeinde-untermarchtal.de\/bilder\/Schulhaus_2016_altes-Schulhaus.jpg\",\"datePublished\":\"2016-10-16T20:20:16+00:00\",\"dateModified\":\"2018-07-21T07:38:57+00:00\",\"breadcrumb\":{\"@id\":\"https:\/\/www.gemeinde-untermarchtal.de\/index.php\/uebergabe-und-einweihung-des-neuen-schulhaus-mit-lehrer-wohnhaus-und-renoviertes-rathaus\/#breadcrumb\"},\"inLanguage\":\"de\",\"potentialAction\":[{\"@type\":\"ReadAction\",\"target\":[\"https:\/\/www.gemeinde-untermarchtal.de\/index.php\/uebergabe-und-einweihung-des-neuen-schulhaus-mit-lehrer-wohnhaus-und-renoviertes-rathaus\/\"]}]},{\"@type\":\"ImageObject\",\"inLanguage\":\"de\",\"@id\":\"https:\/\/www.gemeinde-untermarchtal.de\/index.php\/uebergabe-und-einweihung-des-neuen-schulhaus-mit-lehrer-wohnhaus-und-renoviertes-rathaus\/#primaryimage\",\"url\":\"https:\/\/www.gemeinde-untermarchtal.de\/bilder\/Schulhaus_2016_altes-Schulhaus.jpg\",\"contentUrl\":\"https:\/\/www.gemeinde-untermarchtal.de\/bilder\/Schulhaus_2016_altes-Schulhaus.jpg\",\"width\":500,\"height\":760},{\"@type\":\"BreadcrumbList\",\"@id\":\"https:\/\/www.gemeinde-untermarchtal.de\/index.php\/uebergabe-und-einweihung-des-neuen-schulhaus-mit-lehrer-wohnhaus-und-renoviertes-rathaus\/#breadcrumb\",\"itemListElement\":[{\"@type\":\"ListItem\",\"position\":1,\"name\":\"Startseite\",\"item\":\"https:\/\/www.gemeinde-untermarchtal.de\/\"},{\"@type\":\"ListItem\",\"position\":2,\"name\":\"\u00dcbergabe und Einweihung des neuen Schulhaus\"}]},{\"@type\":\"WebSite\",\"@id\":\"https:\/\/www.gemeinde-untermarchtal.de\/#website\",\"url\":\"https:\/\/www.gemeinde-untermarchtal.de\/\",\"name\":\"Gemeinde Untermarchtal\",\"description\":\"Gemeinde Untermarchtal\",\"potentialAction\":[{\"@type\":\"SearchAction\",\"target\":{\"@type\":\"EntryPoint\",\"urlTemplate\":\"https:\/\/www.gemeinde-untermarchtal.de\/?s={search_term_string}\"},\"query-input\":{\"@type\":\"PropertyValueSpecification\",\"valueRequired\":true,\"valueName\":\"search_term_string\"}}],\"inLanguage\":\"de\"}]}<\/script>\n<!-- \/ Yoast SEO plugin. -->","yoast_head_json":{"title":"\u00dcbergabe und Einweihung des neuen Schulhaus - Gemeinde Untermarchtal","robots":{"index":"index","follow":"follow","max-snippet":"max-snippet:-1","max-image-preview":"max-image-preview:large","max-video-preview":"max-video-preview:-1"},"canonical":"https:\/\/www.gemeinde-untermarchtal.de\/index.php\/uebergabe-und-einweihung-des-neuen-schulhaus-mit-lehrer-wohnhaus-und-renoviertes-rathaus\/","og_locale":"de_DE","og_type":"article","og_title":"\u00dcbergabe und Einweihung des neuen Schulhaus - Gemeinde Untermarchtal","og_description":"&hellip; mit Lehrer-Wohnhaus und renoviertes Rathaus Die \u00e4ltere Generation von Untermarchtal und Umgebung kann sich noch an diese Ereignisse des Dorfes an der Donau erinnern. 1955 und 1956, also vor 60 Jahren, standen in der Gemeinde Untermarchtal weitreichende wichtige Bauvorhaben an. Nach der ungl\u00fccklichen Brandnacht am 29. Januar 1955 war die Not zun\u00e4chst gro\u00df. Eile [&hellip;]","og_url":"https:\/\/www.gemeinde-untermarchtal.de\/index.php\/uebergabe-und-einweihung-des-neuen-schulhaus-mit-lehrer-wohnhaus-und-renoviertes-rathaus\/","og_site_name":"Gemeinde Untermarchtal","article_modified_time":"2018-07-21T07:38:57+00:00","og_image":[{"url":"https:\/\/www.gemeinde-untermarchtal.de\/bilder\/Schulhaus_2016_altes-Schulhaus.jpg","type":"","width":"","height":""}],"twitter_card":"summary_large_image","twitter_misc":{"Gesch\u00e4tzte Lesezeit":"3\u00a0Minuten"},"schema":{"@context":"https:\/\/schema.org","@graph":[{"@type":"WebPage","@id":"https:\/\/www.gemeinde-untermarchtal.de\/index.php\/uebergabe-und-einweihung-des-neuen-schulhaus-mit-lehrer-wohnhaus-und-renoviertes-rathaus\/","url":"https:\/\/www.gemeinde-untermarchtal.de\/index.php\/uebergabe-und-einweihung-des-neuen-schulhaus-mit-lehrer-wohnhaus-und-renoviertes-rathaus\/","name":"\u00dcbergabe und Einweihung des neuen Schulhaus - Gemeinde Untermarchtal","isPartOf":{"@id":"https:\/\/www.gemeinde-untermarchtal.de\/#website"},"primaryImageOfPage":{"@id":"https:\/\/www.gemeinde-untermarchtal.de\/index.php\/uebergabe-und-einweihung-des-neuen-schulhaus-mit-lehrer-wohnhaus-und-renoviertes-rathaus\/#primaryimage"},"image":{"@id":"https:\/\/www.gemeinde-untermarchtal.de\/index.php\/uebergabe-und-einweihung-des-neuen-schulhaus-mit-lehrer-wohnhaus-und-renoviertes-rathaus\/#primaryimage"},"thumbnailUrl":"https:\/\/www.gemeinde-untermarchtal.de\/bilder\/Schulhaus_2016_altes-Schulhaus.jpg","datePublished":"2016-10-16T20:20:16+00:00","dateModified":"2018-07-21T07:38:57+00:00","breadcrumb":{"@id":"https:\/\/www.gemeinde-untermarchtal.de\/index.php\/uebergabe-und-einweihung-des-neuen-schulhaus-mit-lehrer-wohnhaus-und-renoviertes-rathaus\/#breadcrumb"},"inLanguage":"de","potentialAction":[{"@type":"ReadAction","target":["https:\/\/www.gemeinde-untermarchtal.de\/index.php\/uebergabe-und-einweihung-des-neuen-schulhaus-mit-lehrer-wohnhaus-und-renoviertes-rathaus\/"]}]},{"@type":"ImageObject","inLanguage":"de","@id":"https:\/\/www.gemeinde-untermarchtal.de\/index.php\/uebergabe-und-einweihung-des-neuen-schulhaus-mit-lehrer-wohnhaus-und-renoviertes-rathaus\/#primaryimage","url":"https:\/\/www.gemeinde-untermarchtal.de\/bilder\/Schulhaus_2016_altes-Schulhaus.jpg","contentUrl":"https:\/\/www.gemeinde-untermarchtal.de\/bilder\/Schulhaus_2016_altes-Schulhaus.jpg","width":500,"height":760},{"@type":"BreadcrumbList","@id":"https:\/\/www.gemeinde-untermarchtal.de\/index.php\/uebergabe-und-einweihung-des-neuen-schulhaus-mit-lehrer-wohnhaus-und-renoviertes-rathaus\/#breadcrumb","itemListElement":[{"@type":"ListItem","position":1,"name":"Startseite","item":"https:\/\/www.gemeinde-untermarchtal.de\/"},{"@type":"ListItem","position":2,"name":"\u00dcbergabe und Einweihung des neuen Schulhaus"}]},{"@type":"WebSite","@id":"https:\/\/www.gemeinde-untermarchtal.de\/#website","url":"https:\/\/www.gemeinde-untermarchtal.de\/","name":"Gemeinde Untermarchtal","description":"Gemeinde Untermarchtal","potentialAction":[{"@type":"SearchAction","target":{"@type":"EntryPoint","urlTemplate":"https:\/\/www.gemeinde-untermarchtal.de\/?s={search_term_string}"},"query-input":{"@type":"PropertyValueSpecification","valueRequired":true,"valueName":"search_term_string"}}],"inLanguage":"de"}]}},"_links":{"self":[{"href":"https:\/\/www.gemeinde-untermarchtal.de\/index.php\/wp-json\/wp\/v2\/pages\/1447","targetHints":{"allow":["GET"]}}],"collection":[{"href":"https:\/\/www.gemeinde-untermarchtal.de\/index.php\/wp-json\/wp\/v2\/pages"}],"about":[{"href":"https:\/\/www.gemeinde-untermarchtal.de\/index.php\/wp-json\/wp\/v2\/types\/page"}],"author":[{"embeddable":true,"href":"https:\/\/www.gemeinde-untermarchtal.de\/index.php\/wp-json\/wp\/v2\/users\/1"}],"replies":[{"embeddable":true,"href":"https:\/\/www.gemeinde-untermarchtal.de\/index.php\/wp-json\/wp\/v2\/comments?post=1447"}],"version-history":[{"count":13,"href":"https:\/\/www.gemeinde-untermarchtal.de\/index.php\/wp-json\/wp\/v2\/pages\/1447\/revisions"}],"predecessor-version":[{"id":2751,"href":"https:\/\/www.gemeinde-untermarchtal.de\/index.php\/wp-json\/wp\/v2\/pages\/1447\/revisions\/2751"}],"wp:attachment":[{"href":"https:\/\/www.gemeinde-untermarchtal.de\/index.php\/wp-json\/wp\/v2\/media?parent=1447"}],"curies":[{"name":"wp","href":"https:\/\/api.w.org\/{rel}","templated":true}]}}