{"id":1607,"date":"2016-10-24T23:18:40","date_gmt":"2016-10-24T21:18:40","guid":{"rendered":"http:\/\/www.gemeinde-untermarchtal.de\/?page_id=1607"},"modified":"2023-01-31T20:36:04","modified_gmt":"2023-01-31T19:36:04","slug":"100-jahre-kindergarten","status":"publish","type":"page","link":"https:\/\/www.gemeinde-untermarchtal.de\/index.php\/100-jahre-kindergarten\/","title":{"rendered":"100 Jahre Kindergarten - St. Peter"},"content":{"rendered":"<h2>Zum Jubil\u00e4um<\/h2>\n<div id=\"attachment_1609\" style=\"width: 770px\" class=\"wp-caption alignnone\"><img loading=\"lazy\" decoding=\"async\" aria-describedby=\"caption-attachment-1609\" class=\"wp-image-1609 size-full\" src=\"https:\/\/www.gemeinde-untermarchtal.de\/bilder\/100_Jahre_Kindergarten_Alt.jpg\" alt=\"100_jahre_kindergarten_alt\" width=\"760\" height=\"530\"><p id=\"caption-attachment-1609\" class=\"wp-caption-text\">Der Kindergarten St. Peter - Anfang der 80er Jahre<\/p><\/div>\n\nDie Gr\u00fcndung und Er\u00f6ffnung der ersten \u201eKleinkinderschule\u201c des Klosters Untermarchtal war im Dezember des Jahres 1910. Die damaligen Presse-Organe \u201eDonau-Boote\u201c aus Munderkingen und der \u201eVolksfreund f\u00fcr Oberschwaben\u201c, das Amtsblatt des Oberamtes Ehingen, berichteten. Dort las man w\u00e4hrend der vorweihnachtlichen Zeit des Jahres 1910, dass in der Gemeinde Untermarchtal ein lang ersehnter Wunsch mit der Er\u00f6ffnung der Kleinkinderschule durch die Kongretation der ehrw\u00fcrdigen Schwestern in Erf\u00fcllung gegangen ist. Die Geb\u00e4ude werden unentgeldlich zur Verf\u00fcgung gestellt. Monatlich wurde f\u00fcr ein Kind der Betrag von 20 Pfennig erhoben. Das Geb\u00e4ude ist jenes, zwischen der Klosterg\u00e4rtnerei und der jetzigen Schreinerei. Dort blieb die Kinderschule bis zum Jahre 1958. Ab 1958 wurde der Kindergarten in das Haus St. Peter an der heutigen Margarita-Linderstra\u00dfe, die damalige Hauptstra\u00dfe, eingerichtet. Auch ein Jugendraum wurde dort vom Kloster zur Verf\u00fcgung gestellt. Die Einweihug dieser R\u00e4ume fand am 14. Dezember 1958 durch Herrn Hochw\u00fcrden Superior Monsignore Alfons Sauter statt. Im Laufe der Jahre stellte sich heraus, dass der Raum f\u00fcr die Kinder zu klein ist und bauliche Ver\u00e4nderungen notwendig w\u00e4ren. 1982 entschloss sich die Klosterverwaltung alsBautr\u00e4ger f\u00fcr einen Neubau des Kindergartens mit erweitertem Platzangebot. Mit einer \u201eniedrigen Baukostenbeteiligung\u201c der Gemeinden Untermarchtal und Lauterach wurden die Belange aller Interessenten umgesetzt. W\u00e4hrend des Neubaus waren die Kinder mit den Erzieherinnen im Hause St. Luise in der oberen Etage untergebracht. Am 18. Februar 1984 wurde der neue Kindergarten St. Peter eingeweiht und seiner Bestimmung \u00fcbergeben. In diesem Kindergarten kann jetzt im Jahre 2010 das 100-j\u00e4hrige Bestehen der Untermarchtaler Einrichtung f\u00fcr die Kinder aus Untermarchtal und Lauterach gefeiert werden. Erw\u00e4hnenswert ist, dass der Kindergarten, oder fr\u00fcher Kinderschule, stets von Ordensschwestern der Vinzentinerinnen geleitet wurde. Die Erzieherinnen sind Mitarbeiterinnen des Klosters Untermarchtal. Nach Ma\u00dfgabe der Gesetzgebung beteiligen sich die Gemeinden an der Mitfinanzierung des Kindergartens. Untermarchtal und Lauterach erfreuen sich an den ausreichenden Kindergartenpl\u00e4tzen und an dem erweiterten Betreuungsangebot. Au\u00dferdem ist das sch\u00f6ne Geb\u00e4ude unterhalb des Schlo\u00dfes und das sehr gut ausgebildete Kindergartenteam unter der Leitung von Sr. Brigitte zu erw\u00e4hnen.\n\n<div id=\"attachment_1613\" style=\"width: 770px\" class=\"wp-caption alignnone\"><img loading=\"lazy\" decoding=\"async\" aria-describedby=\"caption-attachment-1613\" class=\"wp-image-1613 size-full\" src=\"https:\/\/www.gemeinde-untermarchtal.de\/\/100_Jahre_Kindergarten_Neu.jpg\" alt=\"100_jahre_kindergarten_neu\" width=\"760\" height=\"570\"><p id=\"caption-attachment-1613\" class=\"wp-caption-text\">Der Kindergarten St. Peter - heute<\/p><\/div>\n\n<div id=\"attachment_1614\" style=\"width: 770px\" class=\"wp-caption alignnone\"><img loading=\"lazy\" decoding=\"async\" aria-describedby=\"caption-attachment-1614\" class=\"wp-image-1614 size-full\" src=\"https:\/\/www.gemeinde-untermarchtal.de\/\/100_Jahre_Kindergarten_Spielwiese.jpg\" alt=\"100_jahre_kindergarten_spielwiese\" width=\"760\" height=\"570\"><p id=\"caption-attachment-1614\" class=\"wp-caption-text\">Die Spielwiese<\/p><\/div>\n<h3>Einladung zum 100j\u00e4hrigen Jubil\u00e4um des Kindergarten St. Peter<\/h3>\n<div id=\"attachment_1610\" style=\"width: 770px\" class=\"wp-caption alignnone\"><img loading=\"lazy\" decoding=\"async\" aria-describedby=\"caption-attachment-1610\" class=\"wp-image-1610 size-full\" src=\"https:\/\/www.gemeinde-untermarchtal.de\/bilder\/100_Jahre_Kindergarten_Flyer_1.jpg\" alt=\"100_jahre_kindergarten_flyer_1\" width=\"760\" height=\"348\"><p id=\"caption-attachment-1610\" class=\"wp-caption-text\">Flyer Seite 1<\/p><\/div>\n\n<div id=\"attachment_1611\" style=\"width: 770px\" class=\"wp-caption alignnone\"><img loading=\"lazy\" decoding=\"async\" aria-describedby=\"caption-attachment-1611\" class=\"wp-image-1611 size-full\" src=\"https:\/\/www.gemeinde-untermarchtal.de\/bilder\/100_Jahre_Kindergarten_Flyer_2.jpg\" alt=\"100_jahre_kindergarten_flyer_2\" width=\"760\" height=\"352\"><p id=\"caption-attachment-1611\" class=\"wp-caption-text\">Flyer Seite 2<\/p><\/div>\n\n<div id=\"attachment_1608\" style=\"width: 770px\" class=\"wp-caption alignnone\"><img loading=\"lazy\" decoding=\"async\" aria-describedby=\"caption-attachment-1608\" class=\"wp-image-1608 size-full\" src=\"https:\/\/www.gemeinde-untermarchtal.de\/bilder\/100_Jahre_Kindergarten_4.jpg\" alt=\"100_jahre_kindergarten_4\" width=\"760\" height=\"349\"><p id=\"caption-attachment-1608\" class=\"wp-caption-text\">Flyer Seite 3<\/p><\/div>\n\n<div id=\"attachment_1612\" style=\"width: 770px\" class=\"wp-caption alignnone\"><img loading=\"lazy\" decoding=\"async\" aria-describedby=\"caption-attachment-1612\" class=\"wp-image-1612 size-full\" src=\"https:\/\/www.gemeinde-untermarchtal.de\/bilder\/100_Jahre_Kindergarten_Flyer_3.jpg\" alt=\"100_jahre_kindergarten_flyer_3\" width=\"760\" height=\"349\"><p id=\"caption-attachment-1612\" class=\"wp-caption-text\">Flyer Seite 4<\/p><\/div>","protected":false},"excerpt":{"rendered":"<p>Zum Jubil\u00e4um Die Gr\u00fcndung und Er\u00f6ffnung der ersten \u201eKleinkinderschule\u201c des Klosters Untermarchtal war im Dezember des Jahres 1910. Die damaligen Presse-Organe \u201eDonau-Boote\u201c aus Munderkingen und der \u201eVolksfreund f\u00fcr Oberschwaben\u201c, das Amtsblatt des Oberamtes Ehingen, berichteten. Dort las man w\u00e4hrend der vorweihnachtlichen Zeit des Jahres 1910, dass in der Gemeinde Untermarchtal ein lang ersehnter Wunsch mit [&hellip;]<\/p>\n","protected":false},"author":1,"featured_media":0,"parent":0,"menu_order":0,"comment_status":"closed","ping_status":"closed","template":"page-templates\/_template_aktuelle_beitraege.php","meta":{"_acf_changed":false,"footnotes":""},"class_list":["post-1607","page","type-page","status-publish","hentry"],"acf":[],"yoast_head":"<!-- This site is optimized with the Yoast SEO plugin v26.7 - https:\/\/yoast.com\/wordpress\/plugins\/seo\/ -->\n<title>100 Jahre Kindergarten - St. Peter - Gemeinde Untermarchtal<\/title>\n<meta name=\"robots\" content=\"index, follow, max-snippet:-1, max-image-preview:large, max-video-preview:-1\" \/>\n<link rel=\"canonical\" href=\"https:\/\/www.gemeinde-untermarchtal.de\/index.php\/100-jahre-kindergarten\/\" \/>\n<meta property=\"og:locale\" content=\"de_DE\" \/>\n<meta property=\"og:type\" content=\"article\" \/>\n<meta property=\"og:title\" content=\"100 Jahre Kindergarten - St. Peter - Gemeinde Untermarchtal\" \/>\n<meta property=\"og:description\" content=\"Zum Jubil\u00e4um Die Gr\u00fcndung und Er\u00f6ffnung der ersten \u201eKleinkinderschule\u201c des Klosters Untermarchtal war im Dezember des Jahres 1910. Die damaligen Presse-Organe \u201eDonau-Boote\u201c aus Munderkingen und der \u201eVolksfreund f\u00fcr Oberschwaben\u201c, das Amtsblatt des Oberamtes Ehingen, berichteten. Dort las man w\u00e4hrend der vorweihnachtlichen Zeit des Jahres 1910, dass in der Gemeinde Untermarchtal ein lang ersehnter Wunsch mit [&hellip;]\" \/>\n<meta property=\"og:url\" content=\"https:\/\/www.gemeinde-untermarchtal.de\/index.php\/100-jahre-kindergarten\/\" \/>\n<meta property=\"og:site_name\" content=\"Gemeinde Untermarchtal\" \/>\n<meta property=\"article:modified_time\" content=\"2023-01-31T19:36:04+00:00\" \/>\n<meta property=\"og:image\" content=\"https:\/\/www.gemeinde-untermarchtal.de\/bilder\/100_Jahre_Kindergarten_Alt.jpg\" \/>\n<meta name=\"twitter:card\" content=\"summary_large_image\" \/>\n<meta name=\"twitter:label1\" content=\"Gesch\u00e4tzte Lesezeit\" \/>\n\t<meta name=\"twitter:data1\" content=\"4\u00a0Minuten\" \/>\n<script type=\"application\/ld+json\" class=\"yoast-schema-graph\">{\"@context\":\"https:\/\/schema.org\",\"@graph\":[{\"@type\":\"WebPage\",\"@id\":\"https:\/\/www.gemeinde-untermarchtal.de\/index.php\/100-jahre-kindergarten\/\",\"url\":\"https:\/\/www.gemeinde-untermarchtal.de\/index.php\/100-jahre-kindergarten\/\",\"name\":\"100 Jahre Kindergarten - St. Peter - Gemeinde Untermarchtal\",\"isPartOf\":{\"@id\":\"https:\/\/www.gemeinde-untermarchtal.de\/#website\"},\"primaryImageOfPage\":{\"@id\":\"https:\/\/www.gemeinde-untermarchtal.de\/index.php\/100-jahre-kindergarten\/#primaryimage\"},\"image\":{\"@id\":\"https:\/\/www.gemeinde-untermarchtal.de\/index.php\/100-jahre-kindergarten\/#primaryimage\"},\"thumbnailUrl\":\"https:\/\/www.gemeinde-untermarchtal.de\/bilder\/100_Jahre_Kindergarten_Alt.jpg\",\"datePublished\":\"2016-10-24T21:18:40+00:00\",\"dateModified\":\"2023-01-31T19:36:04+00:00\",\"breadcrumb\":{\"@id\":\"https:\/\/www.gemeinde-untermarchtal.de\/index.php\/100-jahre-kindergarten\/#breadcrumb\"},\"inLanguage\":\"de\",\"potentialAction\":[{\"@type\":\"ReadAction\",\"target\":[\"https:\/\/www.gemeinde-untermarchtal.de\/index.php\/100-jahre-kindergarten\/\"]}]},{\"@type\":\"ImageObject\",\"inLanguage\":\"de\",\"@id\":\"https:\/\/www.gemeinde-untermarchtal.de\/index.php\/100-jahre-kindergarten\/#primaryimage\",\"url\":\"https:\/\/www.gemeinde-untermarchtal.de\/bilder\/100_Jahre_Kindergarten_Alt.jpg\",\"contentUrl\":\"https:\/\/www.gemeinde-untermarchtal.de\/bilder\/100_Jahre_Kindergarten_Alt.jpg\",\"width\":760,\"height\":530},{\"@type\":\"BreadcrumbList\",\"@id\":\"https:\/\/www.gemeinde-untermarchtal.de\/index.php\/100-jahre-kindergarten\/#breadcrumb\",\"itemListElement\":[{\"@type\":\"ListItem\",\"position\":1,\"name\":\"Startseite\",\"item\":\"https:\/\/www.gemeinde-untermarchtal.de\/\"},{\"@type\":\"ListItem\",\"position\":2,\"name\":\"100 Jahre Kindergarten - St. Peter\"}]},{\"@type\":\"WebSite\",\"@id\":\"https:\/\/www.gemeinde-untermarchtal.de\/#website\",\"url\":\"https:\/\/www.gemeinde-untermarchtal.de\/\",\"name\":\"Gemeinde Untermarchtal\",\"description\":\"Gemeinde Untermarchtal\",\"potentialAction\":[{\"@type\":\"SearchAction\",\"target\":{\"@type\":\"EntryPoint\",\"urlTemplate\":\"https:\/\/www.gemeinde-untermarchtal.de\/?s={search_term_string}\"},\"query-input\":{\"@type\":\"PropertyValueSpecification\",\"valueRequired\":true,\"valueName\":\"search_term_string\"}}],\"inLanguage\":\"de\"}]}<\/script>\n<!-- \/ Yoast SEO plugin. -->","yoast_head_json":{"title":"100 Jahre Kindergarten - St. Peter - Gemeinde Untermarchtal","robots":{"index":"index","follow":"follow","max-snippet":"max-snippet:-1","max-image-preview":"max-image-preview:large","max-video-preview":"max-video-preview:-1"},"canonical":"https:\/\/www.gemeinde-untermarchtal.de\/index.php\/100-jahre-kindergarten\/","og_locale":"de_DE","og_type":"article","og_title":"100 Jahre Kindergarten - St. Peter - Gemeinde Untermarchtal","og_description":"Zum Jubil\u00e4um Die Gr\u00fcndung und Er\u00f6ffnung der ersten \u201eKleinkinderschule\u201c des Klosters Untermarchtal war im Dezember des Jahres 1910. Die damaligen Presse-Organe \u201eDonau-Boote\u201c aus Munderkingen und der \u201eVolksfreund f\u00fcr Oberschwaben\u201c, das Amtsblatt des Oberamtes Ehingen, berichteten. Dort las man w\u00e4hrend der vorweihnachtlichen Zeit des Jahres 1910, dass in der Gemeinde Untermarchtal ein lang ersehnter Wunsch mit [&hellip;]","og_url":"https:\/\/www.gemeinde-untermarchtal.de\/index.php\/100-jahre-kindergarten\/","og_site_name":"Gemeinde Untermarchtal","article_modified_time":"2023-01-31T19:36:04+00:00","og_image":[{"url":"https:\/\/www.gemeinde-untermarchtal.de\/bilder\/100_Jahre_Kindergarten_Alt.jpg","type":"","width":"","height":""}],"twitter_card":"summary_large_image","twitter_misc":{"Gesch\u00e4tzte Lesezeit":"4\u00a0Minuten"},"schema":{"@context":"https:\/\/schema.org","@graph":[{"@type":"WebPage","@id":"https:\/\/www.gemeinde-untermarchtal.de\/index.php\/100-jahre-kindergarten\/","url":"https:\/\/www.gemeinde-untermarchtal.de\/index.php\/100-jahre-kindergarten\/","name":"100 Jahre Kindergarten - St. Peter - Gemeinde Untermarchtal","isPartOf":{"@id":"https:\/\/www.gemeinde-untermarchtal.de\/#website"},"primaryImageOfPage":{"@id":"https:\/\/www.gemeinde-untermarchtal.de\/index.php\/100-jahre-kindergarten\/#primaryimage"},"image":{"@id":"https:\/\/www.gemeinde-untermarchtal.de\/index.php\/100-jahre-kindergarten\/#primaryimage"},"thumbnailUrl":"https:\/\/www.gemeinde-untermarchtal.de\/bilder\/100_Jahre_Kindergarten_Alt.jpg","datePublished":"2016-10-24T21:18:40+00:00","dateModified":"2023-01-31T19:36:04+00:00","breadcrumb":{"@id":"https:\/\/www.gemeinde-untermarchtal.de\/index.php\/100-jahre-kindergarten\/#breadcrumb"},"inLanguage":"de","potentialAction":[{"@type":"ReadAction","target":["https:\/\/www.gemeinde-untermarchtal.de\/index.php\/100-jahre-kindergarten\/"]}]},{"@type":"ImageObject","inLanguage":"de","@id":"https:\/\/www.gemeinde-untermarchtal.de\/index.php\/100-jahre-kindergarten\/#primaryimage","url":"https:\/\/www.gemeinde-untermarchtal.de\/bilder\/100_Jahre_Kindergarten_Alt.jpg","contentUrl":"https:\/\/www.gemeinde-untermarchtal.de\/bilder\/100_Jahre_Kindergarten_Alt.jpg","width":760,"height":530},{"@type":"BreadcrumbList","@id":"https:\/\/www.gemeinde-untermarchtal.de\/index.php\/100-jahre-kindergarten\/#breadcrumb","itemListElement":[{"@type":"ListItem","position":1,"name":"Startseite","item":"https:\/\/www.gemeinde-untermarchtal.de\/"},{"@type":"ListItem","position":2,"name":"100 Jahre Kindergarten - St. Peter"}]},{"@type":"WebSite","@id":"https:\/\/www.gemeinde-untermarchtal.de\/#website","url":"https:\/\/www.gemeinde-untermarchtal.de\/","name":"Gemeinde Untermarchtal","description":"Gemeinde Untermarchtal","potentialAction":[{"@type":"SearchAction","target":{"@type":"EntryPoint","urlTemplate":"https:\/\/www.gemeinde-untermarchtal.de\/?s={search_term_string}"},"query-input":{"@type":"PropertyValueSpecification","valueRequired":true,"valueName":"search_term_string"}}],"inLanguage":"de"}]}},"_links":{"self":[{"href":"https:\/\/www.gemeinde-untermarchtal.de\/index.php\/wp-json\/wp\/v2\/pages\/1607","targetHints":{"allow":["GET"]}}],"collection":[{"href":"https:\/\/www.gemeinde-untermarchtal.de\/index.php\/wp-json\/wp\/v2\/pages"}],"about":[{"href":"https:\/\/www.gemeinde-untermarchtal.de\/index.php\/wp-json\/wp\/v2\/types\/page"}],"author":[{"embeddable":true,"href":"https:\/\/www.gemeinde-untermarchtal.de\/index.php\/wp-json\/wp\/v2\/users\/1"}],"replies":[{"embeddable":true,"href":"https:\/\/www.gemeinde-untermarchtal.de\/index.php\/wp-json\/wp\/v2\/comments?post=1607"}],"version-history":[{"count":10,"href":"https:\/\/www.gemeinde-untermarchtal.de\/index.php\/wp-json\/wp\/v2\/pages\/1607\/revisions"}],"predecessor-version":[{"id":4367,"href":"https:\/\/www.gemeinde-untermarchtal.de\/index.php\/wp-json\/wp\/v2\/pages\/1607\/revisions\/4367"}],"wp:attachment":[{"href":"https:\/\/www.gemeinde-untermarchtal.de\/index.php\/wp-json\/wp\/v2\/media?parent=1607"}],"curies":[{"name":"wp","href":"https:\/\/api.w.org\/{rel}","templated":true}]}}