{"id":1634,"date":"2016-10-26T20:26:27","date_gmt":"2016-10-26T18:26:27","guid":{"rendered":"http:\/\/www.gemeinde-untermarchtal.de\/?page_id=1634"},"modified":"2018-07-21T12:29:14","modified_gmt":"2018-07-21T10:29:14","slug":"poststelle-in-untermarchtal-vor-120-jahren","status":"publish","type":"page","link":"https:\/\/www.gemeinde-untermarchtal.de\/index.php\/poststelle-in-untermarchtal-vor-120-jahren\/","title":{"rendered":"Poststelle in Untermarchtal - vor 120 Jahren"},"content":{"rendered":"<p>1892 wurde die erste Poststelle f\u00fcr Untermarchtal im Kloster eigerichtet. In unserer schnelllebigen Zeit des 21. Jahrhundert werden solche historischen Gegebenheiten leicht vergessen oder nicht mehr beachtet. F\u00fcr die Menschen jener Zeit vor 120 Jahren und die kleine Gemeinde Untermarchtal war es damals ein Riesenfortschritt. Die Einrichtung einer \"Postagentur und Telegraphenanstalt\" am 22. September 1892 im Kloster Untermarchthal, dem Pfarrdorf im damaligen Oberamt Ehingen, wurde allergn\u00e4digst vom K\u00f6niglich-w\u00fcrttembergischen Staatsminister der ausw\u00e4rtigen Angelegenheiten, Mittnacht, und der K\u00f6niglichen Gemeraldirektion der Posten und Telegraphen, verf\u00fcgt und angeordnet. F\u00fcr die damals schnell wachsende \"Kongregation der Barmherzigen Schwestern vom Heiligen Vinzenz von Paul in Untermarchtal\" war die Postagentur-Einrichtung ein wichtiger Schritt zur Weiterentwicklung des Ordens und seiner Schwestern vor Ort. Allerdings, so war es damals bei der \u00dcbernahme von Staatseinrichtungen und Beamtenposten\u00fcbertragungen \u00fcblich, dem Staat eine Dienst-Kaution zu zahlen. Daf\u00fcr mu\u00dfte das Kloster den Betrag von 500 Goldmark bezahlen. Erw\u00e4hnt sei hierbei ebenfalls, da\u00df im Jahre 1892 bei der Station (Bahnhof) Untermarchtal Stationsmeister August Bl\u00f6d zum Posthilfsstellenbesorger ernannt wurde.<\/p>\r\n\r\n<div id=\"attachment_1635\" style=\"width: 770px\" class=\"wp-caption alignnone\"><img loading=\"lazy\" decoding=\"async\" aria-describedby=\"caption-attachment-1635\" class=\"wp-image-1635 size-full\" src=\"https:\/\/www.gemeinde-untermarchtal.de\/bilder\/120_Jahre_Poststelle_Lageplan_Postagentur_Kloster_1892.jpg\" alt=\"120_jahre_poststelle_lageplan_postagentur_kloster_1892\" width=\"760\" height=\"538\" \/><p id=\"caption-attachment-1635\" class=\"wp-caption-text\">Lageplan Postagentur Kloster 1892<\/p><\/div>\r\n<h3>Personelle Besetzung der Postagentur, Wechsel der \u00d6rtlichkeiten<\/h3>\r\n<p>Die erste Postagentur wurde im Haus Sankt Paul des Klosters eingerichtet und blieb dort bis zum Jahr 1909. Haus Sankt Paul deswegen, weil der V\u00f6lkerapostel Paulus damit zu Ehren kommen soll. Im Jahre 1910, Umzug in das neue Geb\u00e4ude Sankt Vinzenz. Bauplanskizzen des damaligen Oberamtsbaumeister Josef Buck, Ehingen, belegen dies. Dienstvertr\u00e4ge zwischen der \"K\u00f6niglichen Postgeneraldirektion\" und dem Kloster Untermarchtal wurden auf die beiden Ordensschwestern Gams und Salesia abgeschlossen. J\u00e4hrlich bezahlte die Post dem Kloster daf\u00fcr 402 Mark Lohn. Als Briefttr\u00e4ger im Ort wurden Randegger und Martin Maier erw\u00e4hnt die auch Landpostboten f\u00fcr die Weiler G\u00fctel- und Luppenhofen waren. Ab 1911 wird die Zuteilung auf die Orte Lauterach mit Neuburg, Reichenstein u. Talheim erweitert. Nach dem Tod von Schwester Gams tritt Schwester Humata ab 1926 als neue Postagentin an. Es folgt von 1940 bis 1942 Schwester Dolerosa. Ab 1942 entzog das Deutsche Reich den Schwestern und dem Kloster die F\u00fchrung der Postagentur da Schwestern keine Beamtenstellen begleiten durften. Dann wurde die Post vor\u00fcbergehend im Gasthaus \"Hirsch\" untergebracht. Posthalterin war Frau Roll. Nach Ende des II. Weltkrieg kommt die Post ins Haus St. Anna des Klosterareal zur\u00fcck und Josef Schultes wird Postagent. Dieses Geb\u00e4ude war von 1822 bis 1898 das Schul- und Rathaus von Untermarchtal an der Hauptstra\u00dfe nach Obermarchtal heute gegen\u00fcber des Exerzitien- und Bildungshaus St. Ignaz bzw St. Georg. Sp\u00e4ter dann Wohnung von Posthalter Josef Schultes, der Familie Kurtz und Familie Gro\u00df. Dieses Geb\u00e4ude wurde 1980 abgerissen.<\/p>\r\n\r\n<div id=\"attachment_1636\" style=\"width: 770px\" class=\"wp-caption alignnone\"><img loading=\"lazy\" decoding=\"async\" aria-describedby=\"caption-attachment-1636\" class=\"wp-image-1636 size-full\" src=\"https:\/\/www.gemeinde-untermarchtal.de\/bilder\/120_Jahre_Poststelle_Lageplan_Postagentur_Kloster_1910.jpg\" alt=\"120_jahre_poststelle_lageplan_postagentur_kloster_1910\" width=\"760\" height=\"538\" \/><p id=\"caption-attachment-1636\" class=\"wp-caption-text\">Lageplan_Postagentur_Kloster_1910<\/p><\/div>\r\n\r\n<p>Bereits im Jahre 1959 kommt die Postagentur ins das Wohnhaus des neues Posthalters Willibald Ziegler in die Bahnhofstra\u00dfe. Er bleibt bis zu seinem Ruhestand im Jahre 1986 Posthalter. Neue Posthalterin wird Roswitha Bierer aus Untermarchtal. Die Post bleibt im Hause Ziegler. Dort wird auch am 22. September 1992 \"100 Jahre Poststelle in Untermarchtal\" gefeiert. Siehe Foto mit den Jubil\u00e4umsg\u00e4sten. Es folgt dann 1995 eine gro\u00dfe Umstrukturierung der Deutschen Bundespost zur Deutschen Post und im gleichen Jahr wird die Poststelle im Hause Ziegler, Bahnhofstra\u00dfe geschlossen. Die letzte Posthalterin Roswitha Bierer wird von der Post anderweitig eingesetzt. Als letzter Postbote und Brieftr\u00e4ger aus Untermarchtal ist im Jahre 1999 Karl Vogelsang nach 26 Jahren Dienst in den Ruhestand gegangen. Die Deutsche Post richtet im Wohnhaus- und Ladenverkaufshaus \"EDEKA\" von Karl und Antonie Fischer in der Munderkingerstra\u00dfe eine \"Postverkaufs- und Annahmestelle samt Postbank\" eine Postagentur ein. Diese wurde vertraglich von Antonie Fischer vom 11. Dezember 1995 bis zur Vertragsaufl\u00f6sung am 31. Dezember 2001 dort gef\u00fchrt. Siehe Foto vom Hause Fischer noch mit dem Postkennzeichen (Posthorn) und der Postbank vom Dezember 2001. Mit dieser Schlie\u00dfung ist damit ab dem Jahre 2002 in Untermarchtal keine Poststelle mehr am Ort. Bei die Recherche dieser historischen Zeilen wurde festgestellt, da\u00df nach 120 Jahren in der jetzigen, kl\u00f6sterlichen Poststelle im Hause Sankt Paul, von Schwester Jonata das erste Originalpostkennzeichen, ein Messingposthorn, aufbewahrt wird.<\/p>\r\n\r\n<div id=\"attachment_1637\" style=\"width: 511px\" class=\"wp-caption alignnone\"><img loading=\"lazy\" decoding=\"async\" aria-describedby=\"caption-attachment-1637\" class=\"wp-image-1637 size-full\" src=\"https:\/\/www.gemeinde-untermarchtal.de\/bilder\/120_Jahre_Poststelle_Poststelle_EDEKA.jpg\" alt=\"120_jahre_poststelle_poststelle_edeka\" width=\"501\" height=\"760\" \/><p id=\"caption-attachment-1637\" class=\"wp-caption-text\">Die letzte \"Postverkaufs- und Annahmestelle samt Postbank\" in Untermarchtal, Munderkingerstra\u00dfe im Dezember 2001 von Postagentin Antonie Fischer die von 1995 bis Ende 2001 bestand.<\/p><\/div>\r\n<h3>Poststelle Ziegler<\/h3>\r\n<p>Bereits im Jahre 1959 kommt die Postagentur ins das Wohnhaus des neues Posthalters Willibald Ziegler in die Bahnhofstra\u00dfe. Er bleibt bis zu seinem Ruhestand im Jahre 1986 Posthalter. Neue Posthalterin wird Roswitha Bierer aus Untermarchtal. Die Post bleibt im Hause Ziegler. Dort wird auch am 22.September 1992 \"100 Jahre Poststelle in Untermarchtal\" gefeiert. Siehe Foto mit den Jubil\u00e4umsg\u00e4sten. Es folgt dann 1995 eine gro\u00dfe Umstrukturierung der Deutschen Bundespost zur Deutschen Post und im gleichen Jahr wird die Poststelle im Hause Ziegler, Bahnhofstra\u00dfe geschlossen. Die letzte Posthalterin Roswitha Bierer wird von der Post anderweitig eingesetzt. Als letzter Postbote und Brieftr\u00e4ger aus Untermarchtal ist im Jahre 1999 Karl Vogelsang nach 26 Jahren Dienst in den Ruhestand gegangen. Die Deutsche Post richtet im Wohnhaus- und Ladenverkaufshaus \"EDEKA\" von Karl und Antonie Fischer in der Munderkingerstra\u00dfe eine \"Postverkaufs- und Annahmestelle samt Postbank\" eine Postagentur ein. Diese wurde vertraglich von Antonie Fischer vom 11. Dezember 1995 bis zur Vertragsaufl\u00f6sung am 31. Dezember 2001 dort gef\u00fchrt. Siehe Foto vom Hause Fischer noch mit dem Postkennzeichen (Posthorn) und der Postbank vom Dezember 2001. Mit dieser Schlie\u00dfung ist damit ab dem Jahre 2002 in Untermarchtal keine Poststelle mehr am Ort. Bei den Recherchen dieser historischen Zeilen wurde festgestellt, da\u00df nach 120 Jahren in der jetzigen, kl\u00f6sterlichen Poststelle im Hause Sankt Paul, von Schwester Jonata das erste Originalpostkennzeichen, ein Messingposthorn, aufbewahrt wird.<\/p>\r\n\r\n<div id=\"attachment_1638\" style=\"width: 770px\" class=\"wp-caption alignnone\"><img loading=\"lazy\" decoding=\"async\" aria-describedby=\"caption-attachment-1638\" class=\"wp-image-1638 size-full\" src=\"https:\/\/www.gemeinde-untermarchtal.de\/bilder\/120_Jahre_Poststelle_Poststelle_Ziegler.jpg\" alt=\"120_jahre_poststelle_poststelle_ziegler\" width=\"760\" height=\"502\" \/><p id=\"caption-attachment-1638\" class=\"wp-caption-text\">Das Foto zeigt die Festg\u00e4ste beim 100-j\u00e4hrigen Postjubil\u00e4um am 22. Sept. 1992 in Untermarchtal vor der Posthalterstelle in Untermarchtal, Bahnhofstra\u00dfe von Posthalter Willibald Ziegler. Von re: Stellv. B\u00fcrgermeister Josef Traub, Assistentin Schwester Caritas, Generaloberin Schwester Marieluise, Roswitha Bierer, Willibald Ziegler (beide ehemalige Posthalter), Altb\u00fcrgermeister Helmut Winter, Festredner und Postdienststellenleiter Arthur Hollmann aus Ehingen.<\/p><\/div>\r\n\r\n<h3>100 Jahre Post-Jubil\u00e4umsfeier in Untermarchtal im Jahre 1992<\/h3>\r\n<p>Dieses Jubil\u00e4um wurde geb\u00fchrend gefeiert. Die damalige Dienststelle der Deutschen Bundespost in Ehingen mit Dienststellenleiter Arthur Hollmann und seinem Kollegen Werner Selg stellte eine bewundernswerte Jubil\u00e4umsfeier in Untermarchtal auf die Beine. Untermarchtals ehemaliger B\u00fcrgermeister Helmut Winter, Postamtsleiter Alois Fritz aus Munderkingen, Kloster-Generaloberin Marieluise Metzger und ihre pers\u00f6nliche Assistentin Schwester Caritas stellten ein sch\u00f6nes Tagesprogramm zusammen mit dem stellv. B\u00fcrgermeister Josef Traub, Untermarchtal, auf. Willibald Ziegler und Roswitha Bierer als letzte Untermarchtaler Posthalter\/in und Postbote Karl Vogelsang beteiligten sich an der Feier. Die Festgesellschaft traf sich im Gasthaus \"Hirsch\" zu einem Festmahl. Zuvor farbenpr\u00e4chtig war die historische Postkutschenfahrt von Munderkingen nach Untermarchtal zu bestaunen. Dort im gesamten Klosterbereich und Altenpflegebereich \"Maria Hilf\" fuhr die gelbe Postkutsche mit ihrem Pferdegespann auf. Musik durch Posthornbl\u00e4ser und Postillione, Reiter und Pferde des Reit- und Fahrverein Munderkingen und Hirschwirt Karl Falch, Gesang der Sch\u00fcler von der Grundschule und Kindergartenkinder sowie die Teilnahme der B\u00fcrger begleiteten die Feier und bekundeten damit das Interesse an der Post und deren Jubil\u00e4um.<\/p>","protected":false},"excerpt":{"rendered":"<p>1892 wurde die erste Poststelle f\u00fcr Untermarchtal im Kloster eigerichtet. In unserer schnelllebigen Zeit des 21. Jahrhundert werden solche historischen Gegebenheiten leicht vergessen oder nicht mehr beachtet. F\u00fcr die Menschen jener Zeit vor 120 Jahren und die kleine Gemeinde Untermarchtal war es damals ein Riesenfortschritt. Die Einrichtung einer \"Postagentur und Telegraphenanstalt\" am 22. September 1892 [&hellip;]<\/p>\n","protected":false},"author":1,"featured_media":0,"parent":0,"menu_order":0,"comment_status":"closed","ping_status":"closed","template":"page-templates\/_template_historische_beitraege.php","meta":{"_acf_changed":false,"footnotes":""},"class_list":["post-1634","page","type-page","status-publish","hentry"],"acf":[],"yoast_head":"<!-- This site is optimized with the Yoast SEO plugin v26.7 - https:\/\/yoast.com\/wordpress\/plugins\/seo\/ -->\n<title>Poststelle in Untermarchtal - vor 120 Jahren - Gemeinde Untermarchtal<\/title>\n<meta name=\"robots\" content=\"index, follow, max-snippet:-1, max-image-preview:large, max-video-preview:-1\" \/>\n<link rel=\"canonical\" href=\"https:\/\/www.gemeinde-untermarchtal.de\/index.php\/poststelle-in-untermarchtal-vor-120-jahren\/\" \/>\n<meta property=\"og:locale\" content=\"de_DE\" \/>\n<meta property=\"og:type\" content=\"article\" \/>\n<meta property=\"og:title\" content=\"Poststelle in Untermarchtal - vor 120 Jahren - Gemeinde Untermarchtal\" \/>\n<meta property=\"og:description\" content=\"1892 wurde die erste Poststelle f\u00fcr Untermarchtal im Kloster eigerichtet. In unserer schnelllebigen Zeit des 21. Jahrhundert werden solche historischen Gegebenheiten leicht vergessen oder nicht mehr beachtet. F\u00fcr die Menschen jener Zeit vor 120 Jahren und die kleine Gemeinde Untermarchtal war es damals ein Riesenfortschritt. Die Einrichtung einer &quot;Postagentur und Telegraphenanstalt&quot; am 22. September 1892 [&hellip;]\" \/>\n<meta property=\"og:url\" content=\"https:\/\/www.gemeinde-untermarchtal.de\/index.php\/poststelle-in-untermarchtal-vor-120-jahren\/\" \/>\n<meta property=\"og:site_name\" content=\"Gemeinde Untermarchtal\" \/>\n<meta property=\"article:modified_time\" content=\"2018-07-21T10:29:14+00:00\" \/>\n<meta property=\"og:image\" content=\"https:\/\/www.gemeinde-untermarchtal.de\/bilder\/120_Jahre_Poststelle_Lageplan_Postagentur_Kloster_1892.jpg\" \/>\n<meta name=\"twitter:card\" content=\"summary_large_image\" \/>\n<meta name=\"twitter:label1\" content=\"Gesch\u00e4tzte Lesezeit\" \/>\n\t<meta name=\"twitter:data1\" content=\"6\u00a0Minuten\" \/>\n<script type=\"application\/ld+json\" class=\"yoast-schema-graph\">{\"@context\":\"https:\/\/schema.org\",\"@graph\":[{\"@type\":\"WebPage\",\"@id\":\"https:\/\/www.gemeinde-untermarchtal.de\/index.php\/poststelle-in-untermarchtal-vor-120-jahren\/\",\"url\":\"https:\/\/www.gemeinde-untermarchtal.de\/index.php\/poststelle-in-untermarchtal-vor-120-jahren\/\",\"name\":\"Poststelle in Untermarchtal - vor 120 Jahren - Gemeinde Untermarchtal\",\"isPartOf\":{\"@id\":\"https:\/\/www.gemeinde-untermarchtal.de\/#website\"},\"primaryImageOfPage\":{\"@id\":\"https:\/\/www.gemeinde-untermarchtal.de\/index.php\/poststelle-in-untermarchtal-vor-120-jahren\/#primaryimage\"},\"image\":{\"@id\":\"https:\/\/www.gemeinde-untermarchtal.de\/index.php\/poststelle-in-untermarchtal-vor-120-jahren\/#primaryimage\"},\"thumbnailUrl\":\"https:\/\/www.gemeinde-untermarchtal.de\/bilder\/120_Jahre_Poststelle_Lageplan_Postagentur_Kloster_1892.jpg\",\"datePublished\":\"2016-10-26T18:26:27+00:00\",\"dateModified\":\"2018-07-21T10:29:14+00:00\",\"breadcrumb\":{\"@id\":\"https:\/\/www.gemeinde-untermarchtal.de\/index.php\/poststelle-in-untermarchtal-vor-120-jahren\/#breadcrumb\"},\"inLanguage\":\"de\",\"potentialAction\":[{\"@type\":\"ReadAction\",\"target\":[\"https:\/\/www.gemeinde-untermarchtal.de\/index.php\/poststelle-in-untermarchtal-vor-120-jahren\/\"]}]},{\"@type\":\"ImageObject\",\"inLanguage\":\"de\",\"@id\":\"https:\/\/www.gemeinde-untermarchtal.de\/index.php\/poststelle-in-untermarchtal-vor-120-jahren\/#primaryimage\",\"url\":\"https:\/\/www.gemeinde-untermarchtal.de\/bilder\/120_Jahre_Poststelle_Lageplan_Postagentur_Kloster_1892.jpg\",\"contentUrl\":\"https:\/\/www.gemeinde-untermarchtal.de\/bilder\/120_Jahre_Poststelle_Lageplan_Postagentur_Kloster_1892.jpg\",\"width\":760,\"height\":538},{\"@type\":\"BreadcrumbList\",\"@id\":\"https:\/\/www.gemeinde-untermarchtal.de\/index.php\/poststelle-in-untermarchtal-vor-120-jahren\/#breadcrumb\",\"itemListElement\":[{\"@type\":\"ListItem\",\"position\":1,\"name\":\"Startseite\",\"item\":\"https:\/\/www.gemeinde-untermarchtal.de\/\"},{\"@type\":\"ListItem\",\"position\":2,\"name\":\"Poststelle in Untermarchtal - vor 120 Jahren\"}]},{\"@type\":\"WebSite\",\"@id\":\"https:\/\/www.gemeinde-untermarchtal.de\/#website\",\"url\":\"https:\/\/www.gemeinde-untermarchtal.de\/\",\"name\":\"Gemeinde Untermarchtal\",\"description\":\"Gemeinde Untermarchtal\",\"potentialAction\":[{\"@type\":\"SearchAction\",\"target\":{\"@type\":\"EntryPoint\",\"urlTemplate\":\"https:\/\/www.gemeinde-untermarchtal.de\/?s={search_term_string}\"},\"query-input\":{\"@type\":\"PropertyValueSpecification\",\"valueRequired\":true,\"valueName\":\"search_term_string\"}}],\"inLanguage\":\"de\"}]}<\/script>\n<!-- \/ Yoast SEO plugin. -->","yoast_head_json":{"title":"Poststelle in Untermarchtal - vor 120 Jahren - Gemeinde Untermarchtal","robots":{"index":"index","follow":"follow","max-snippet":"max-snippet:-1","max-image-preview":"max-image-preview:large","max-video-preview":"max-video-preview:-1"},"canonical":"https:\/\/www.gemeinde-untermarchtal.de\/index.php\/poststelle-in-untermarchtal-vor-120-jahren\/","og_locale":"de_DE","og_type":"article","og_title":"Poststelle in Untermarchtal - vor 120 Jahren - Gemeinde Untermarchtal","og_description":"1892 wurde die erste Poststelle f\u00fcr Untermarchtal im Kloster eigerichtet. In unserer schnelllebigen Zeit des 21. Jahrhundert werden solche historischen Gegebenheiten leicht vergessen oder nicht mehr beachtet. F\u00fcr die Menschen jener Zeit vor 120 Jahren und die kleine Gemeinde Untermarchtal war es damals ein Riesenfortschritt. Die Einrichtung einer \"Postagentur und Telegraphenanstalt\" am 22. September 1892 [&hellip;]","og_url":"https:\/\/www.gemeinde-untermarchtal.de\/index.php\/poststelle-in-untermarchtal-vor-120-jahren\/","og_site_name":"Gemeinde Untermarchtal","article_modified_time":"2018-07-21T10:29:14+00:00","og_image":[{"url":"https:\/\/www.gemeinde-untermarchtal.de\/bilder\/120_Jahre_Poststelle_Lageplan_Postagentur_Kloster_1892.jpg","type":"","width":"","height":""}],"twitter_card":"summary_large_image","twitter_misc":{"Gesch\u00e4tzte Lesezeit":"6\u00a0Minuten"},"schema":{"@context":"https:\/\/schema.org","@graph":[{"@type":"WebPage","@id":"https:\/\/www.gemeinde-untermarchtal.de\/index.php\/poststelle-in-untermarchtal-vor-120-jahren\/","url":"https:\/\/www.gemeinde-untermarchtal.de\/index.php\/poststelle-in-untermarchtal-vor-120-jahren\/","name":"Poststelle in Untermarchtal - vor 120 Jahren - Gemeinde Untermarchtal","isPartOf":{"@id":"https:\/\/www.gemeinde-untermarchtal.de\/#website"},"primaryImageOfPage":{"@id":"https:\/\/www.gemeinde-untermarchtal.de\/index.php\/poststelle-in-untermarchtal-vor-120-jahren\/#primaryimage"},"image":{"@id":"https:\/\/www.gemeinde-untermarchtal.de\/index.php\/poststelle-in-untermarchtal-vor-120-jahren\/#primaryimage"},"thumbnailUrl":"https:\/\/www.gemeinde-untermarchtal.de\/bilder\/120_Jahre_Poststelle_Lageplan_Postagentur_Kloster_1892.jpg","datePublished":"2016-10-26T18:26:27+00:00","dateModified":"2018-07-21T10:29:14+00:00","breadcrumb":{"@id":"https:\/\/www.gemeinde-untermarchtal.de\/index.php\/poststelle-in-untermarchtal-vor-120-jahren\/#breadcrumb"},"inLanguage":"de","potentialAction":[{"@type":"ReadAction","target":["https:\/\/www.gemeinde-untermarchtal.de\/index.php\/poststelle-in-untermarchtal-vor-120-jahren\/"]}]},{"@type":"ImageObject","inLanguage":"de","@id":"https:\/\/www.gemeinde-untermarchtal.de\/index.php\/poststelle-in-untermarchtal-vor-120-jahren\/#primaryimage","url":"https:\/\/www.gemeinde-untermarchtal.de\/bilder\/120_Jahre_Poststelle_Lageplan_Postagentur_Kloster_1892.jpg","contentUrl":"https:\/\/www.gemeinde-untermarchtal.de\/bilder\/120_Jahre_Poststelle_Lageplan_Postagentur_Kloster_1892.jpg","width":760,"height":538},{"@type":"BreadcrumbList","@id":"https:\/\/www.gemeinde-untermarchtal.de\/index.php\/poststelle-in-untermarchtal-vor-120-jahren\/#breadcrumb","itemListElement":[{"@type":"ListItem","position":1,"name":"Startseite","item":"https:\/\/www.gemeinde-untermarchtal.de\/"},{"@type":"ListItem","position":2,"name":"Poststelle in Untermarchtal - vor 120 Jahren"}]},{"@type":"WebSite","@id":"https:\/\/www.gemeinde-untermarchtal.de\/#website","url":"https:\/\/www.gemeinde-untermarchtal.de\/","name":"Gemeinde Untermarchtal","description":"Gemeinde Untermarchtal","potentialAction":[{"@type":"SearchAction","target":{"@type":"EntryPoint","urlTemplate":"https:\/\/www.gemeinde-untermarchtal.de\/?s={search_term_string}"},"query-input":{"@type":"PropertyValueSpecification","valueRequired":true,"valueName":"search_term_string"}}],"inLanguage":"de"}]}},"_links":{"self":[{"href":"https:\/\/www.gemeinde-untermarchtal.de\/index.php\/wp-json\/wp\/v2\/pages\/1634","targetHints":{"allow":["GET"]}}],"collection":[{"href":"https:\/\/www.gemeinde-untermarchtal.de\/index.php\/wp-json\/wp\/v2\/pages"}],"about":[{"href":"https:\/\/www.gemeinde-untermarchtal.de\/index.php\/wp-json\/wp\/v2\/types\/page"}],"author":[{"embeddable":true,"href":"https:\/\/www.gemeinde-untermarchtal.de\/index.php\/wp-json\/wp\/v2\/users\/1"}],"replies":[{"embeddable":true,"href":"https:\/\/www.gemeinde-untermarchtal.de\/index.php\/wp-json\/wp\/v2\/comments?post=1634"}],"version-history":[{"count":6,"href":"https:\/\/www.gemeinde-untermarchtal.de\/index.php\/wp-json\/wp\/v2\/pages\/1634\/revisions"}],"predecessor-version":[{"id":2765,"href":"https:\/\/www.gemeinde-untermarchtal.de\/index.php\/wp-json\/wp\/v2\/pages\/1634\/revisions\/2765"}],"wp:attachment":[{"href":"https:\/\/www.gemeinde-untermarchtal.de\/index.php\/wp-json\/wp\/v2\/media?parent=1634"}],"curies":[{"name":"wp","href":"https:\/\/api.w.org\/{rel}","templated":true}]}}