{"id":1660,"date":"2016-10-30T00:41:24","date_gmt":"2016-10-29T22:41:24","guid":{"rendered":"http:\/\/www.gemeinde-untermarchtal.de\/?page_id=1660"},"modified":"2018-07-21T08:14:04","modified_gmt":"2018-07-21T06:14:04","slug":"140-jahre-eisenbahn-durch-untermarchtal","status":"publish","type":"page","link":"https:\/\/www.gemeinde-untermarchtal.de\/index.php\/140-jahre-eisenbahn-durch-untermarchtal\/","title":{"rendered":"140 Jahre Eisenbahn durch Untermarchtal"},"content":{"rendered":"<h3>Das Eisenbahnteilst\u00fcck von Ehingen bis Riedlingen wurde erstmals vor 140 Jahren befahren<\/h3>\r\n<p>Das Streckenteilst\u00fcck der Donautalbahn von Ehingen bis Riedlingen wurde erstmals am 15. Juni 1870, &#8222;dem Tag vor Fronleichnam&#8220;, befahren. So wie der damalige Pfarrer Franz-Josef Schwitthelm aus Untermarchtal in der Pfarrchronik vermerkte, mit dem Dampfzug der damaligen &#8222;K\u00f6niglich W\u00fcrttembergischen Staatseisenbahn&#8220;.<\/p>\r\n\r\n<img loading=\"lazy\" decoding=\"async\" class=\"wp-image-1662 size-full\" src=\"https:\/\/www.gemeinde-untermarchtal.de\/bilder\/140_Jahre_Eisenbahn_Eroeffnungsfeste.jpg\" alt=\"140_jahre_eisenbahn_eroeffnungsfeste\" width=\"760\" height=\"413\" \/>\r\n\r\n<p>Fast alle Orte in W\u00fcrttemberg wollten damals &#8222;ihren Eisenbahnanschluss&#8220;, auch die Gemeinden und St\u00e4dte im Donautal. Diese Bahnlinie galt in jener Zeit als strategisch sehr wichtig. Die politische Situation in jener Zeit war wegen der diplomatischen Auseinandersetzungen mit Frankreich sehr angespannt, ja feindselig. Genau 4 Wochen sp\u00e4ter entbrannte der Deutsch-Franz\u00f6sische Krieg, der &#8222;70-iger Krieg&#8220;, in vollem Umfang. Und somit diente diese Donautalbahn als strategische Ost-West-Bahn auch der kriegerischen Auseinandersetzung. Davon war aber vor Ort in der Region Ehingen-Munderkingen-Riedlingen nichts zu versp\u00fcren. Im Gegenteil. Die Freude \u00fcber die Bahner\u00f6ffnung in jenen Sommertagen \u00fcberwiegte allen Ortes. Zum Beispiel: Die Donaubr\u00fccke in Untermarchtal war f\u00fcr den vorbeifahrenden ersten Zug und dessen prominenten Fahrg\u00e4ste &#8222;geschm\u00fcckt mit Maien an Maien&#8220;. So der Vermerk des Pfarrherrn in der Pfarrchronik. In Ehingen und Munderkingen war die Stadtmusik aufgeboten und Kanonendonner begr\u00fc\u00dfte das Ereignis der ersten Zugfahrt. In fast allen Gastst\u00e4tten der Bahnorte wurde mit Musik, Essen und Unterhaltung gefeiert. Der &#8222;Gemeinderath in Rothenacker&#8220;, so die damalige Schreibweise, lud zur Eisenbahner\u00f6ffnung und zum gleichzeitig an diesem Tag stattfindenden \u00f6rtlichen Viehmarkt auch die werthe Nachbarschaft ein. Zur damaligen Bahner\u00f6ffnung widmete der damalige Schullehrer August Butscher aus Untermarchtal ein Gedicht mit 6 Versen, da hei\u00dft es: Es rangen mit eisernen Waffen, die V\u00f6lker in endlosem Kampf, jetzt ist eine Gasse geschaffen, dem Helden der Neuzeit - dem Dampf!<\/p>\r\n\r\n<img loading=\"lazy\" decoding=\"async\" class=\"wp-image-1663 size-full\" src=\"https:\/\/www.gemeinde-untermarchtal.de\/bilder\/140_Jahre_Eisenbahn_Eroeffnungsplakat.jpg\" alt=\"140_jahre_eisenbahn_eroeffnungsplakat\" width=\"760\" height=\"569\" \/>\r\n<h3>Planung und Bau der Eisenbahn<\/h3>\r\n<p>In den 50-iger und 60-iger Jahre des 19. Jahrhundert waren noch Pl\u00e4ne f\u00fcr die Schiffbarmachung der Donau mitsamt der Fl\u00f6\u00dferei aktuell. Doch die Entstehung der Eisenbahn lie\u00df diese Planungen in den Hintergrund geraten. F\u00fcr den Bahnbau in der Region Ehingen - Riedlingen, die Strecke Ulm - Ehingen war schon 1868 bzw. 1869 er\u00f6ffnet worden, waren mehrere Trassenpl\u00e4ne auf dem Tisch. Die eine Trasse w\u00e4re von Rottenacker \u00fcber Emerkingen, Unterwachingen, durch das Dobeltal Richtung M\u00f6hringen, Unlingen bis Riedlingen gegangen. In der Kostenausf\u00fchrung viel billiger als die Donautalvariante &#8222;links der Donau&#8220; von Rottenacker, Munderkingen, Untermarchtal, Rechtenstein, Zwiefaltendorf, Unlingen nach Riedlingen. Eine dritte Trasse durch das &#8222;Kirchener Tal&#8220; \u00fcber Lauterach wurde bald fallen gelassen. Die \u00f6rtlichen Gremien besonders in Emerkingen, Munderkingen und Untermarchtal stritten mit dem zust\u00e4ndigen Ministerium in Stuttgart und der Eisenbahnbahn-Commission in Ulm f\u00fcr den Eisenbahn-Anschluss an ihrem Ort. Vorteilhaft erwies sich dann die Stimme und die Eingaben von B\u00fcrgermeister Karl-Josef Schmid aus Munderkingen und des gewandten Pfarrherr Franz Josef Schwitthelm aus Untermarchtal, dem Schwager des Ulmer zweiten B\u00fcrgermeister und Hutfabrikanten Mayser und zugleich Mitglied der &#8222;Eisenbahnbau-Commission f\u00fcr die Donautalbahn&#8220;. Einen weiteren F\u00fcrsprecher hatten die Munderkinger und Untermarchtaler in W\u00fcrttembergs in Aussenminister Karl von Varnb\u00fchler, dessen Schw\u00e4gerin war die Baronessin Pauline von Speth aus Untermarchtal. Rittergutsbesitzer und Commerzienrat Schuster aus Emerkingen, ein Bruder des Pfarrers von Rottenacker konnte damals schon aus finanziellen Gr\u00fcnden nichts mehr in die Waagschale werfen. Obwohl die Streckenf\u00fchrung durch das Donautal 1,6 Millionen Gulden fl. teurer kam als die sogenannte &#8222;Dobeltalbahn&#8220;, wurde durchs Donautal gebaut. Der Stuttgarter Landtag akzeptierte die teure Trasse. So war auch die Schranne und die M\u00e4rkte in Munderkingen erhalten geblieben. Untermarchtals Gemeinde bekam sogar einen Zuschuss zur Zufahrt zu k\u00fcnftigen Station von 2000 Gulden fl. bewilligt. Obermarchtal kam ein Bahnanschluss samt neuer Donaubr\u00fccke und Zufahrtstra\u00dfe zu teuer. Deshalb bekam das kleine Dorf Rechtenstein seine Station. Der urspr\u00fcnglich f\u00fcr Neuburg und Lauterach vorgesehene Haltepunkt wurde nicht gebaut.<\/p>\r\n\r\n<img loading=\"lazy\" decoding=\"async\" class=\"wp-image-1666 size-full\" src=\"https:\/\/www.gemeinde-untermarchtal.de\/bilder\/140_Jahre_Eisenplan_alter_Fahrplan.jpg\" alt=\"140_jahre_eisenplan_alter_fahrplan\" width=\"760\" height=\"335\" \/>\r\n<h3>Bau ab 1868 bis 1870<\/h3>\r\n<p>Der erste Spatenstich auf der Markung Untermarchtal war am 28. November 1868 bei der Hagewiese am westlichen Ortsrand bei der Altlache und Gewann Ebene. Dies und noch viel mehr Einzelheiten \u00fcber den Bahnbau und seine Ausf\u00fchrung vermerkte Pfarrer Schwitthelm aus Untermarchtal in der Pfarrchronik. Die oberste Bauleitung in der Region hatte Oberingenieur Joseph von Schlierholz aus Biberach, der Sohn eines Bauunternehmers dort. Ein Eisenbahnbau-Denkmal an der Markungsgrenze Algershofen\/Untermarchtal in Fels gehauen, erinnert an den von W\u00fcrttembergs K\u00f6nig Karl geadelten Baumeister. Mindestens 500 Bauarbeiter, darunter auch Frauen der n\u00e4heren Umgebung, sowie Fremdarbeiter aus Bayern, Tirol, B\u00f6hmen und besonders aus Norditalien, dem Trient, waren besch\u00e4ftigt und in einfachen H\u00fctten untergebracht. Ein &#8222;Eisenbahnbau-Hospital&#8220; wurde im ehemaligen Kloster Obermarchtal eingerichtet um die laufend verletzten Bauarbeiter zu versorgen. \u00dcbrigens auch vermerkt: Die beim Bau arbeitenden Frauen aus der n\u00e4heren Umgebung verdienten bei gleicher Arbeit weniger als die M\u00e4nner. In dieser M\u00e4nnergesellschaft gab es auch viel Raufh\u00e4ndel, Streitereien und Suff. Einige Bauarbeiter ertranken beim Baden in der Donau.<\/p>\r\n\r\n<img loading=\"lazy\" decoding=\"async\" class=\"wp-image-1665 size-full\" src=\"https:\/\/www.gemeinde-untermarchtal.de\/bilder\/140_Jahre_Eisenbahn_Titelblatt__Tageszeitung.jpg\" alt=\"140_jahre_eisenbahn_titelblatt__tageszeitung\" width=\"760\" height=\"570\" \/>\r\n<h3>Erste Zugfahrt am 15. Juni 1870<\/h3>\r\n<p>Endlich, nach vielen Widrigkeiten, konnter nach vorangegangenen Probefahrten der erste Zug der Strecke Ehingen - Riedlingen am 15. Juni 1868 in Ehingen starten. Die offizielle Streckenl\u00e4nge wurde damals in Meilen gemessen, also 4,3 Meilen gleich 32 Kilometer. Der Zug ben\u00f6tigte wie im Fahrplan angegeben 73 Minuten bei 7 Zwischenhalten. Die heutigen Regional-Expressz\u00fcge durcheilen die Strecke bei der modernen Neigetechnik und ein Zwischenhalt in 19 Minuten. 140 Jahre nach der ersten Zugbahnfahrt in der Region Ehingen sind inzwischen viele Bahnh\u00f6fe geschlossen worden. Sie sind im Besitz von Gemeinden oder Privatpersonen und sind baulich in sehr unterschiedlichen Zust\u00e4nden. Dettingen als Haltpunkt aufgelassen, Rottenacker als Betriebsstelle noch vorhanden, aber kein Zughalt. Munderkingen als Bahnhof und mit allen Zughalten im Betrieb, Untermarchtals Bahnhof ist in einem baulichen Topzustand, beherbergt das Info-Zentrum am internationalem Donauradweg und ist Sitz der Gemeindeverwaltung. Die Gemeinde ist Besitzer. Rechtenstein ist Betriebstelle der DB und man hat ein paar Saison -Zughalte eingerichtet. Eigent\u00fcmer ist eine Privatperson die im Geb\u00e4ude eine Kunstgalerie eingerichtet hat. Zwiefaltendorf ist geschlossen und eine Privatperson ist der Besitzer. Der Bahnhof Unlingen ist abgerissen worden.<\/p>\r\n\r\n<img loading=\"lazy\" decoding=\"async\" class=\"wp-image-1661 size-full\" src=\"https:\/\/www.gemeinde-untermarchtal.de\/bilder\/140_Jahre_Eisenbahn_Abfahr_ab_Munderkingen.jpg\" alt=\"140_jahre_eisenbahn_abfahr_ab_munderkingen\" width=\"760\" height=\"570\" \/>\r\n<h3>Zur\u00fcck nochmals zur ersten Zugfahrt<\/h3>\r\n<p>In den damaligen Presse-Organen und &#8222;Amtlichen Bekanntmachungen&#8220; kam die Eisenbahner\u00f6ffnung ziemlich gro\u00df heraus. Der &#8222;Volksfreund f\u00fcr Oberschwaben&#8220; widmete dem Ereignis mit Einladungen, Streckenbeschreibung, Fahrplan und dem kurz beschriebenen &#8222;6-versigen Gedicht von Lehrer August Butscher&#8220; aus Untermarchtal samt amtlichen Anzeigen der Gemeinde Rothenacker und der Stadt Munderkingen, gro\u00dfe Aufmerksamkeit. Auch die Stadt Munderkingen meldet das Eisenbahn-Ereignis im &#8222;Donau-Boten&#8220;.<\/p>\r\n\r\n<img loading=\"lazy\" decoding=\"async\" class=\"wp-image-1664 size-full\" src=\"https:\/\/www.gemeinde-untermarchtal.de\/bilder\/140_Jahre_Eisenbahn_Gegenwart.jpg\" alt=\"140_jahre_eisenbahn_gegenwart\" width=\"760\" height=\"570\" \/>\r\n<h3>Die aktuelle Situation im Jahre 2010<\/h3>\r\n<p>Die Deutsche Bahn hat heute im Personen-Nahverkehr mit Z\u00fcgen und Bussen einen Stundentakt-Betrieb mit guter Ausnutzung bei zum Teil g\u00fcnstigen Fahrpreisen eingerichtet. Dagegen ist der G\u00fcterverkehr auf Teilst\u00fccken der Donautalbahn auf ein geringes Ma\u00df zur\u00fcckgegangen. Eine Ausnahme ist werkt\u00e4glich der Ganzzug der Hohenzollerischen Landesbahn von Stetten bei Haigerloch bis ins bayerische Wackerwerk in Burghausen. Die DB-Strecke Ulm - Sigmaringen ist aber nach wie vor ein wichtiges Bindeglied im regionalen Streckennetz und kann deshalb jetzt ihr 140-j\u00e4hriges Bestehen feiern.<\/p>","protected":false},"excerpt":{"rendered":"<p>Das Eisenbahnteilst\u00fcck von Ehingen bis Riedlingen wurde erstmals vor 140 Jahren befahren Das Streckenteilst\u00fcck der Donautalbahn von Ehingen bis Riedlingen wurde erstmals am 15. Juni 1870, &#8222;dem Tag vor Fronleichnam&#8220;, befahren. So wie der damalige Pfarrer Franz-Josef Schwitthelm aus Untermarchtal in der Pfarrchronik vermerkte, mit dem Dampfzug der damaligen &#8222;K\u00f6niglich W\u00fcrttembergischen Staatseisenbahn&#8220;. Fast alle Orte [&hellip;]<\/p>\n","protected":false},"author":1,"featured_media":0,"parent":0,"menu_order":0,"comment_status":"closed","ping_status":"closed","template":"page-templates\/_template_historische_beitraege.php","meta":{"_acf_changed":false,"footnotes":""},"class_list":["post-1660","page","type-page","status-publish","hentry"],"acf":[],"yoast_head":"<!-- This site is optimized with the Yoast SEO plugin v26.7 - https:\/\/yoast.com\/wordpress\/plugins\/seo\/ -->\n<title>140 Jahre Eisenbahn durch Untermarchtal - Gemeinde Untermarchtal<\/title>\n<meta name=\"robots\" content=\"index, follow, max-snippet:-1, max-image-preview:large, max-video-preview:-1\" \/>\n<link rel=\"canonical\" href=\"https:\/\/www.gemeinde-untermarchtal.de\/index.php\/140-jahre-eisenbahn-durch-untermarchtal\/\" \/>\n<meta property=\"og:locale\" content=\"de_DE\" \/>\n<meta property=\"og:type\" content=\"article\" \/>\n<meta property=\"og:title\" content=\"140 Jahre Eisenbahn durch Untermarchtal - Gemeinde Untermarchtal\" \/>\n<meta property=\"og:description\" content=\"Das Eisenbahnteilst\u00fcck von Ehingen bis Riedlingen wurde erstmals vor 140 Jahren befahren Das Streckenteilst\u00fcck der Donautalbahn von Ehingen bis Riedlingen wurde erstmals am 15. Juni 1870, &#8222;dem Tag vor Fronleichnam&#8220;, befahren. So wie der damalige Pfarrer Franz-Josef Schwitthelm aus Untermarchtal in der Pfarrchronik vermerkte, mit dem Dampfzug der damaligen &#8222;K\u00f6niglich W\u00fcrttembergischen Staatseisenbahn&#8220;. Fast alle Orte [&hellip;]\" \/>\n<meta property=\"og:url\" content=\"https:\/\/www.gemeinde-untermarchtal.de\/index.php\/140-jahre-eisenbahn-durch-untermarchtal\/\" \/>\n<meta property=\"og:site_name\" content=\"Gemeinde Untermarchtal\" \/>\n<meta property=\"article:modified_time\" content=\"2018-07-21T06:14:04+00:00\" \/>\n<meta property=\"og:image\" content=\"https:\/\/www.gemeinde-untermarchtal.de\/bilder\/140_Jahre_Eisenbahn_Eroeffnungsfeste.jpg\" \/>\n<meta name=\"twitter:card\" content=\"summary_large_image\" \/>\n<meta name=\"twitter:label1\" content=\"Gesch\u00e4tzte Lesezeit\" \/>\n\t<meta name=\"twitter:data1\" content=\"6\u00a0Minuten\" \/>\n<script type=\"application\/ld+json\" class=\"yoast-schema-graph\">{\"@context\":\"https:\/\/schema.org\",\"@graph\":[{\"@type\":\"WebPage\",\"@id\":\"https:\/\/www.gemeinde-untermarchtal.de\/index.php\/140-jahre-eisenbahn-durch-untermarchtal\/\",\"url\":\"https:\/\/www.gemeinde-untermarchtal.de\/index.php\/140-jahre-eisenbahn-durch-untermarchtal\/\",\"name\":\"140 Jahre Eisenbahn durch Untermarchtal - Gemeinde Untermarchtal\",\"isPartOf\":{\"@id\":\"https:\/\/www.gemeinde-untermarchtal.de\/#website\"},\"primaryImageOfPage\":{\"@id\":\"https:\/\/www.gemeinde-untermarchtal.de\/index.php\/140-jahre-eisenbahn-durch-untermarchtal\/#primaryimage\"},\"image\":{\"@id\":\"https:\/\/www.gemeinde-untermarchtal.de\/index.php\/140-jahre-eisenbahn-durch-untermarchtal\/#primaryimage\"},\"thumbnailUrl\":\"https:\/\/www.gemeinde-untermarchtal.de\/bilder\/140_Jahre_Eisenbahn_Eroeffnungsfeste.jpg\",\"datePublished\":\"2016-10-29T22:41:24+00:00\",\"dateModified\":\"2018-07-21T06:14:04+00:00\",\"breadcrumb\":{\"@id\":\"https:\/\/www.gemeinde-untermarchtal.de\/index.php\/140-jahre-eisenbahn-durch-untermarchtal\/#breadcrumb\"},\"inLanguage\":\"de\",\"potentialAction\":[{\"@type\":\"ReadAction\",\"target\":[\"https:\/\/www.gemeinde-untermarchtal.de\/index.php\/140-jahre-eisenbahn-durch-untermarchtal\/\"]}]},{\"@type\":\"ImageObject\",\"inLanguage\":\"de\",\"@id\":\"https:\/\/www.gemeinde-untermarchtal.de\/index.php\/140-jahre-eisenbahn-durch-untermarchtal\/#primaryimage\",\"url\":\"https:\/\/www.gemeinde-untermarchtal.de\/bilder\/140_Jahre_Eisenbahn_Eroeffnungsfeste.jpg\",\"contentUrl\":\"https:\/\/www.gemeinde-untermarchtal.de\/bilder\/140_Jahre_Eisenbahn_Eroeffnungsfeste.jpg\",\"width\":760,\"height\":413},{\"@type\":\"BreadcrumbList\",\"@id\":\"https:\/\/www.gemeinde-untermarchtal.de\/index.php\/140-jahre-eisenbahn-durch-untermarchtal\/#breadcrumb\",\"itemListElement\":[{\"@type\":\"ListItem\",\"position\":1,\"name\":\"Startseite\",\"item\":\"https:\/\/www.gemeinde-untermarchtal.de\/\"},{\"@type\":\"ListItem\",\"position\":2,\"name\":\"140 Jahre Eisenbahn durch Untermarchtal\"}]},{\"@type\":\"WebSite\",\"@id\":\"https:\/\/www.gemeinde-untermarchtal.de\/#website\",\"url\":\"https:\/\/www.gemeinde-untermarchtal.de\/\",\"name\":\"Gemeinde Untermarchtal\",\"description\":\"Gemeinde Untermarchtal\",\"potentialAction\":[{\"@type\":\"SearchAction\",\"target\":{\"@type\":\"EntryPoint\",\"urlTemplate\":\"https:\/\/www.gemeinde-untermarchtal.de\/?s={search_term_string}\"},\"query-input\":{\"@type\":\"PropertyValueSpecification\",\"valueRequired\":true,\"valueName\":\"search_term_string\"}}],\"inLanguage\":\"de\"}]}<\/script>\n<!-- \/ Yoast SEO plugin. -->","yoast_head_json":{"title":"140 Jahre Eisenbahn durch Untermarchtal - Gemeinde Untermarchtal","robots":{"index":"index","follow":"follow","max-snippet":"max-snippet:-1","max-image-preview":"max-image-preview:large","max-video-preview":"max-video-preview:-1"},"canonical":"https:\/\/www.gemeinde-untermarchtal.de\/index.php\/140-jahre-eisenbahn-durch-untermarchtal\/","og_locale":"de_DE","og_type":"article","og_title":"140 Jahre Eisenbahn durch Untermarchtal - Gemeinde Untermarchtal","og_description":"Das Eisenbahnteilst\u00fcck von Ehingen bis Riedlingen wurde erstmals vor 140 Jahren befahren Das Streckenteilst\u00fcck der Donautalbahn von Ehingen bis Riedlingen wurde erstmals am 15. Juni 1870, &#8222;dem Tag vor Fronleichnam&#8220;, befahren. So wie der damalige Pfarrer Franz-Josef Schwitthelm aus Untermarchtal in der Pfarrchronik vermerkte, mit dem Dampfzug der damaligen &#8222;K\u00f6niglich W\u00fcrttembergischen Staatseisenbahn&#8220;. Fast alle Orte [&hellip;]","og_url":"https:\/\/www.gemeinde-untermarchtal.de\/index.php\/140-jahre-eisenbahn-durch-untermarchtal\/","og_site_name":"Gemeinde Untermarchtal","article_modified_time":"2018-07-21T06:14:04+00:00","og_image":[{"url":"https:\/\/www.gemeinde-untermarchtal.de\/bilder\/140_Jahre_Eisenbahn_Eroeffnungsfeste.jpg","type":"","width":"","height":""}],"twitter_card":"summary_large_image","twitter_misc":{"Gesch\u00e4tzte Lesezeit":"6\u00a0Minuten"},"schema":{"@context":"https:\/\/schema.org","@graph":[{"@type":"WebPage","@id":"https:\/\/www.gemeinde-untermarchtal.de\/index.php\/140-jahre-eisenbahn-durch-untermarchtal\/","url":"https:\/\/www.gemeinde-untermarchtal.de\/index.php\/140-jahre-eisenbahn-durch-untermarchtal\/","name":"140 Jahre Eisenbahn durch Untermarchtal - Gemeinde Untermarchtal","isPartOf":{"@id":"https:\/\/www.gemeinde-untermarchtal.de\/#website"},"primaryImageOfPage":{"@id":"https:\/\/www.gemeinde-untermarchtal.de\/index.php\/140-jahre-eisenbahn-durch-untermarchtal\/#primaryimage"},"image":{"@id":"https:\/\/www.gemeinde-untermarchtal.de\/index.php\/140-jahre-eisenbahn-durch-untermarchtal\/#primaryimage"},"thumbnailUrl":"https:\/\/www.gemeinde-untermarchtal.de\/bilder\/140_Jahre_Eisenbahn_Eroeffnungsfeste.jpg","datePublished":"2016-10-29T22:41:24+00:00","dateModified":"2018-07-21T06:14:04+00:00","breadcrumb":{"@id":"https:\/\/www.gemeinde-untermarchtal.de\/index.php\/140-jahre-eisenbahn-durch-untermarchtal\/#breadcrumb"},"inLanguage":"de","potentialAction":[{"@type":"ReadAction","target":["https:\/\/www.gemeinde-untermarchtal.de\/index.php\/140-jahre-eisenbahn-durch-untermarchtal\/"]}]},{"@type":"ImageObject","inLanguage":"de","@id":"https:\/\/www.gemeinde-untermarchtal.de\/index.php\/140-jahre-eisenbahn-durch-untermarchtal\/#primaryimage","url":"https:\/\/www.gemeinde-untermarchtal.de\/bilder\/140_Jahre_Eisenbahn_Eroeffnungsfeste.jpg","contentUrl":"https:\/\/www.gemeinde-untermarchtal.de\/bilder\/140_Jahre_Eisenbahn_Eroeffnungsfeste.jpg","width":760,"height":413},{"@type":"BreadcrumbList","@id":"https:\/\/www.gemeinde-untermarchtal.de\/index.php\/140-jahre-eisenbahn-durch-untermarchtal\/#breadcrumb","itemListElement":[{"@type":"ListItem","position":1,"name":"Startseite","item":"https:\/\/www.gemeinde-untermarchtal.de\/"},{"@type":"ListItem","position":2,"name":"140 Jahre Eisenbahn durch Untermarchtal"}]},{"@type":"WebSite","@id":"https:\/\/www.gemeinde-untermarchtal.de\/#website","url":"https:\/\/www.gemeinde-untermarchtal.de\/","name":"Gemeinde Untermarchtal","description":"Gemeinde Untermarchtal","potentialAction":[{"@type":"SearchAction","target":{"@type":"EntryPoint","urlTemplate":"https:\/\/www.gemeinde-untermarchtal.de\/?s={search_term_string}"},"query-input":{"@type":"PropertyValueSpecification","valueRequired":true,"valueName":"search_term_string"}}],"inLanguage":"de"}]}},"_links":{"self":[{"href":"https:\/\/www.gemeinde-untermarchtal.de\/index.php\/wp-json\/wp\/v2\/pages\/1660","targetHints":{"allow":["GET"]}}],"collection":[{"href":"https:\/\/www.gemeinde-untermarchtal.de\/index.php\/wp-json\/wp\/v2\/pages"}],"about":[{"href":"https:\/\/www.gemeinde-untermarchtal.de\/index.php\/wp-json\/wp\/v2\/types\/page"}],"author":[{"embeddable":true,"href":"https:\/\/www.gemeinde-untermarchtal.de\/index.php\/wp-json\/wp\/v2\/users\/1"}],"replies":[{"embeddable":true,"href":"https:\/\/www.gemeinde-untermarchtal.de\/index.php\/wp-json\/wp\/v2\/comments?post=1660"}],"version-history":[{"count":6,"href":"https:\/\/www.gemeinde-untermarchtal.de\/index.php\/wp-json\/wp\/v2\/pages\/1660\/revisions"}],"predecessor-version":[{"id":2713,"href":"https:\/\/www.gemeinde-untermarchtal.de\/index.php\/wp-json\/wp\/v2\/pages\/1660\/revisions\/2713"}],"wp:attachment":[{"href":"https:\/\/www.gemeinde-untermarchtal.de\/index.php\/wp-json\/wp\/v2\/media?parent=1660"}],"curies":[{"name":"wp","href":"https:\/\/api.w.org\/{rel}","templated":true}]}}