{"id":1669,"date":"2016-10-30T01:10:04","date_gmt":"2016-10-29T23:10:04","guid":{"rendered":"http:\/\/www.gemeinde-untermarchtal.de\/?page_id=1669"},"modified":"2016-11-07T15:32:02","modified_gmt":"2016-11-07T14:32:02","slug":"bootfahren-auf-der-donau","status":"publish","type":"page","link":"https:\/\/www.gemeinde-untermarchtal.de\/index.php\/bootfahren-auf-der-donau\/","title":{"rendered":"Bootfahren auf der Donau"},"content":{"rendered":"<h3>Regelungen zum Gemeingebrauch<\/h3>\r\n<p>Der Lauf der Donau, speziell auf der Strecke zwischen der Kreisgrenze bei Zwiefaltendorf bis zur \u00f6stlichen Gemarkungsgrenze von Rottenacker, liegt in einer \u00fcberaus reizvollen Landschaft, die durch die Artenvielfalt und Einzigartigkeit der Biotopsstrukturen auszeichnet. Als eines der bedeutendsten Erholungsgebiete des Landes Baden-W\u00fcrttemberg mit zahlreichen wetvollen Biotopen erh\u00e4lt das Donautal einen besonderen Stellenwert. Ein Teilabschnitt des Flusslaufes liegt zus\u00e4tzlich im Naturschutzgebiet &#8222;Flusslandschaft Donauwiesen zwischen Zwiefaltendorf und Munderkingen&#8220; und dem Vogelschutzgebiet &#8222;T\u00e4ler der mittleren Fl\u00e4chenalb&#8220;.<\/p>\r\n\r\n<ul>\r\n<li><span class=\"genericon genericon-download\"><\/span><a href=\"http:\/\/formulare.gemeinde-untermarchtal.de\/Donaunutzung.JPG\" target=\"_blank\">Lageplan zur Orientierung<\/a>\r\n<\/ul>\r\n\r\n<p>Diese wundersch\u00f6ne Flusslandschaft ist mit dem Boot aus einer ganz neuen, faszinierenden Sicht zu genie\u00dfen. Auf Grund der regen Nutzung der Donau wurde zum Schutze der Natur eine &#8222;Rechtsverordnung des Landratsamtes Alb-Donau-Kreis zur Regelung des Gemeingebrauchs auf der Donau&#8220; ins Leben gerufen. Die Rechtsverordnung beinhaltet die Vorgabe, dass private Nutzer mit kleinen Booten in der Zeit vom 01. Juli bis 29. Februar ab 09:00 Uhr bis 20:00 Uhr auf der Donau fahren d\u00fcrfen. Dabei sind die Paragrafen 3 und 4 mit Regelungen zur Benutzung von Radioger\u00e4ten, Ein- und Ausstiegstellen und weiteren allgemeinen Vorgaben zu beachten.<\/p>\r\n\r\n<h3>Wir w\u00fcnschen allen einen angenehmen Aufenthalt an und auf der Donau<\/h3>\r\n<ul>\r\n<li><span class=\"genericon genericon-download\"><\/span><a href=\"http:\/\/formulare.gemeinde-untermarchtal.de\/Rechtsverordnung.pdf\" target=\"_blank\">Rechtsverordnung<\/a>\r\n<li><span class=\"genericon genericon-download\"><\/span><a href=\"http:\/\/formulare.gemeinde-untermarchtal.de\/Wuerdigung_zur_Rechtsverordnung.pdf\" target=\"_blank\">Wuerdigung zur Rechtsverordnung<\/a>\r\n<\/ul>\r\n\r\n\r\n<h3>Impressionen Bootfahren auf der Donau<\/h3>\r\n[metaslider id=1048]","protected":false},"excerpt":{"rendered":"<p>Regelungen zum Gemeingebrauch Der Lauf der Donau, speziell auf der Strecke zwischen der Kreisgrenze bei Zwiefaltendorf bis zur \u00f6stlichen Gemarkungsgrenze von Rottenacker, liegt in einer \u00fcberaus reizvollen Landschaft, die durch die Artenvielfalt und Einzigartigkeit der Biotopsstrukturen auszeichnet. Als eines der bedeutendsten Erholungsgebiete des Landes Baden-W\u00fcrttemberg mit zahlreichen wetvollen Biotopen erh\u00e4lt das Donautal einen besonderen Stellenwert. [&hellip;]<\/p>\n","protected":false},"author":1,"featured_media":0,"parent":0,"menu_order":0,"comment_status":"closed","ping_status":"closed","template":"page-templates\/_template_aktuelle_beitraege.php","meta":{"_acf_changed":false,"footnotes":""},"class_list":["post-1669","page","type-page","status-publish","hentry"],"acf":[],"yoast_head":"<!-- This site is optimized with the Yoast SEO plugin v26.7 - https:\/\/yoast.com\/wordpress\/plugins\/seo\/ -->\n<title>Bootfahren auf der Donau - Gemeinde Untermarchtal<\/title>\n<meta name=\"robots\" content=\"index, follow, max-snippet:-1, max-image-preview:large, max-video-preview:-1\" \/>\n<link rel=\"canonical\" href=\"https:\/\/www.gemeinde-untermarchtal.de\/index.php\/bootfahren-auf-der-donau\/\" \/>\n<meta property=\"og:locale\" content=\"de_DE\" \/>\n<meta property=\"og:type\" content=\"article\" \/>\n<meta property=\"og:title\" content=\"Bootfahren auf der Donau - Gemeinde Untermarchtal\" \/>\n<meta property=\"og:description\" content=\"Regelungen zum Gemeingebrauch Der Lauf der Donau, speziell auf der Strecke zwischen der Kreisgrenze bei Zwiefaltendorf bis zur \u00f6stlichen Gemarkungsgrenze von Rottenacker, liegt in einer \u00fcberaus reizvollen Landschaft, die durch die Artenvielfalt und Einzigartigkeit der Biotopsstrukturen auszeichnet. Als eines der bedeutendsten Erholungsgebiete des Landes Baden-W\u00fcrttemberg mit zahlreichen wetvollen Biotopen erh\u00e4lt das Donautal einen besonderen Stellenwert. [&hellip;]\" \/>\n<meta property=\"og:url\" content=\"https:\/\/www.gemeinde-untermarchtal.de\/index.php\/bootfahren-auf-der-donau\/\" \/>\n<meta property=\"og:site_name\" content=\"Gemeinde Untermarchtal\" \/>\n<meta property=\"article:modified_time\" content=\"2016-11-07T14:32:02+00:00\" \/>\n<meta name=\"twitter:card\" content=\"summary_large_image\" \/>\n<meta name=\"twitter:label1\" content=\"Gesch\u00e4tzte Lesezeit\" \/>\n\t<meta name=\"twitter:data1\" content=\"1\u00a0Minute\" \/>\n<script type=\"application\/ld+json\" class=\"yoast-schema-graph\">{\"@context\":\"https:\/\/schema.org\",\"@graph\":[{\"@type\":\"WebPage\",\"@id\":\"https:\/\/www.gemeinde-untermarchtal.de\/index.php\/bootfahren-auf-der-donau\/\",\"url\":\"https:\/\/www.gemeinde-untermarchtal.de\/index.php\/bootfahren-auf-der-donau\/\",\"name\":\"Bootfahren auf der Donau - Gemeinde Untermarchtal\",\"isPartOf\":{\"@id\":\"https:\/\/www.gemeinde-untermarchtal.de\/#website\"},\"datePublished\":\"2016-10-29T23:10:04+00:00\",\"dateModified\":\"2016-11-07T14:32:02+00:00\",\"breadcrumb\":{\"@id\":\"https:\/\/www.gemeinde-untermarchtal.de\/index.php\/bootfahren-auf-der-donau\/#breadcrumb\"},\"inLanguage\":\"de\",\"potentialAction\":[{\"@type\":\"ReadAction\",\"target\":[\"https:\/\/www.gemeinde-untermarchtal.de\/index.php\/bootfahren-auf-der-donau\/\"]}]},{\"@type\":\"BreadcrumbList\",\"@id\":\"https:\/\/www.gemeinde-untermarchtal.de\/index.php\/bootfahren-auf-der-donau\/#breadcrumb\",\"itemListElement\":[{\"@type\":\"ListItem\",\"position\":1,\"name\":\"Startseite\",\"item\":\"https:\/\/www.gemeinde-untermarchtal.de\/\"},{\"@type\":\"ListItem\",\"position\":2,\"name\":\"Bootfahren auf der Donau\"}]},{\"@type\":\"WebSite\",\"@id\":\"https:\/\/www.gemeinde-untermarchtal.de\/#website\",\"url\":\"https:\/\/www.gemeinde-untermarchtal.de\/\",\"name\":\"Gemeinde Untermarchtal\",\"description\":\"Gemeinde Untermarchtal\",\"potentialAction\":[{\"@type\":\"SearchAction\",\"target\":{\"@type\":\"EntryPoint\",\"urlTemplate\":\"https:\/\/www.gemeinde-untermarchtal.de\/?s={search_term_string}\"},\"query-input\":{\"@type\":\"PropertyValueSpecification\",\"valueRequired\":true,\"valueName\":\"search_term_string\"}}],\"inLanguage\":\"de\"}]}<\/script>\n<!-- \/ Yoast SEO plugin. -->","yoast_head_json":{"title":"Bootfahren auf der Donau - Gemeinde Untermarchtal","robots":{"index":"index","follow":"follow","max-snippet":"max-snippet:-1","max-image-preview":"max-image-preview:large","max-video-preview":"max-video-preview:-1"},"canonical":"https:\/\/www.gemeinde-untermarchtal.de\/index.php\/bootfahren-auf-der-donau\/","og_locale":"de_DE","og_type":"article","og_title":"Bootfahren auf der Donau - Gemeinde Untermarchtal","og_description":"Regelungen zum Gemeingebrauch Der Lauf der Donau, speziell auf der Strecke zwischen der Kreisgrenze bei Zwiefaltendorf bis zur \u00f6stlichen Gemarkungsgrenze von Rottenacker, liegt in einer \u00fcberaus reizvollen Landschaft, die durch die Artenvielfalt und Einzigartigkeit der Biotopsstrukturen auszeichnet. Als eines der bedeutendsten Erholungsgebiete des Landes Baden-W\u00fcrttemberg mit zahlreichen wetvollen Biotopen erh\u00e4lt das Donautal einen besonderen Stellenwert. [&hellip;]","og_url":"https:\/\/www.gemeinde-untermarchtal.de\/index.php\/bootfahren-auf-der-donau\/","og_site_name":"Gemeinde Untermarchtal","article_modified_time":"2016-11-07T14:32:02+00:00","twitter_card":"summary_large_image","twitter_misc":{"Gesch\u00e4tzte Lesezeit":"1\u00a0Minute"},"schema":{"@context":"https:\/\/schema.org","@graph":[{"@type":"WebPage","@id":"https:\/\/www.gemeinde-untermarchtal.de\/index.php\/bootfahren-auf-der-donau\/","url":"https:\/\/www.gemeinde-untermarchtal.de\/index.php\/bootfahren-auf-der-donau\/","name":"Bootfahren auf der Donau - Gemeinde Untermarchtal","isPartOf":{"@id":"https:\/\/www.gemeinde-untermarchtal.de\/#website"},"datePublished":"2016-10-29T23:10:04+00:00","dateModified":"2016-11-07T14:32:02+00:00","breadcrumb":{"@id":"https:\/\/www.gemeinde-untermarchtal.de\/index.php\/bootfahren-auf-der-donau\/#breadcrumb"},"inLanguage":"de","potentialAction":[{"@type":"ReadAction","target":["https:\/\/www.gemeinde-untermarchtal.de\/index.php\/bootfahren-auf-der-donau\/"]}]},{"@type":"BreadcrumbList","@id":"https:\/\/www.gemeinde-untermarchtal.de\/index.php\/bootfahren-auf-der-donau\/#breadcrumb","itemListElement":[{"@type":"ListItem","position":1,"name":"Startseite","item":"https:\/\/www.gemeinde-untermarchtal.de\/"},{"@type":"ListItem","position":2,"name":"Bootfahren auf der Donau"}]},{"@type":"WebSite","@id":"https:\/\/www.gemeinde-untermarchtal.de\/#website","url":"https:\/\/www.gemeinde-untermarchtal.de\/","name":"Gemeinde Untermarchtal","description":"Gemeinde Untermarchtal","potentialAction":[{"@type":"SearchAction","target":{"@type":"EntryPoint","urlTemplate":"https:\/\/www.gemeinde-untermarchtal.de\/?s={search_term_string}"},"query-input":{"@type":"PropertyValueSpecification","valueRequired":true,"valueName":"search_term_string"}}],"inLanguage":"de"}]}},"_links":{"self":[{"href":"https:\/\/www.gemeinde-untermarchtal.de\/index.php\/wp-json\/wp\/v2\/pages\/1669","targetHints":{"allow":["GET"]}}],"collection":[{"href":"https:\/\/www.gemeinde-untermarchtal.de\/index.php\/wp-json\/wp\/v2\/pages"}],"about":[{"href":"https:\/\/www.gemeinde-untermarchtal.de\/index.php\/wp-json\/wp\/v2\/types\/page"}],"author":[{"embeddable":true,"href":"https:\/\/www.gemeinde-untermarchtal.de\/index.php\/wp-json\/wp\/v2\/users\/1"}],"replies":[{"embeddable":true,"href":"https:\/\/www.gemeinde-untermarchtal.de\/index.php\/wp-json\/wp\/v2\/comments?post=1669"}],"version-history":[{"count":17,"href":"https:\/\/www.gemeinde-untermarchtal.de\/index.php\/wp-json\/wp\/v2\/pages\/1669\/revisions"}],"predecessor-version":[{"id":1701,"href":"https:\/\/www.gemeinde-untermarchtal.de\/index.php\/wp-json\/wp\/v2\/pages\/1669\/revisions\/1701"}],"wp:attachment":[{"href":"https:\/\/www.gemeinde-untermarchtal.de\/index.php\/wp-json\/wp\/v2\/media?parent=1669"}],"curies":[{"name":"wp","href":"https:\/\/api.w.org\/{rel}","templated":true}]}}