{"id":1705,"date":"2016-11-05T23:11:37","date_gmt":"2016-11-05T22:11:37","guid":{"rendered":"http:\/\/www.gemeinde-untermarchtal.de\/?page_id=1705"},"modified":"2018-07-21T08:30:39","modified_gmt":"2018-07-21T06:30:39","slug":"brueckensprengung-1945","status":"publish","type":"page","link":"https:\/\/www.gemeinde-untermarchtal.de\/index.php\/brueckensprengung-1945\/","title":{"rendered":"Br\u00fcckensprengung 1945"},"content":{"rendered":"<h3>Kriegsende vor 70 Jahren \u2013 Mehrere Br\u00fcckensprengungen in unserer Gegend \u2013 auch in Untermarchtal<\/h3>\r\n<p>V\u00f6llig zerst\u00f6rt. Diesen historischen Umstand vor 70 Jahren, habe ich als kleiner Bub im Alter von 3 Jahren und auch einige \u00e4ltere Zeitzeugen noch in Erinnerung. Das Weltkriegsende vor 70 Jahren brachte auch f\u00fcr die Menschen in unserer Umgebung viele Unannehmlichkeiten. Besonders soll nachstehend auf die Zerst\u00f6rung und Sprengung der Donaustra\u00dfenbr\u00fccken und Eisenbahnbr\u00fccken eingegangen werden. So wurde beim Morgengrauen des 23. April 1945 auch die Untermarchtaler Stahlfachbr\u00fccke, erbaut im Jahre 1898, von Wehrmachtssoldaten gesprengt. Einen Tag zuvor wurde die Munderkinger Donaubr\u00fccke - eine Br\u00fccke aus einem einzigen Br\u00fcckenbogen aus Stahlbeton \u2013 eine damalige technische Br\u00fcckenbau-Meisterleistung aus aus dem Jahre 1894, ebenfalls zerst\u00f6rt. Die Stra\u00dfenbr\u00fccken in Rechtenstein und Nasgenstadt fielen ebenfalls dieser sinnlosen Zerst\u00f6rung zum Opfer. Auch die Eisenbahnbr\u00fccken in Rechtenstein und Zwiefaltendorf-Zell wurden von abr\u00fcckenden deutschen Truppen gesprengt. Damit brach die Verkehrsinfrastruktur in unserem Raum auf l\u00e4ngere Zeit zusammen. Diese sinnlosen Br\u00fcckensprengungen sollten den Vormarsch der Alliierten Streitkr\u00e4fte aufhalten, hatten aber ihre Wirkung auf den Kriegsabaluf und dessen baldigen Ende l\u00e4ngst verfehlt. Zu den Angriffen der Alliierten bedrohten und verunsicherten diese mit dem Einsatz von Tiefflieger stets die Menschen und Geb\u00e4ude. B\u00fcrgermeister-Administrator war in dieser schweren Zeit Munderkingens B\u00fcrgermeister Otto Mayer. Untermarchtals B\u00fcrgermeister Anton Stitzelberger kam am 1. M\u00e4rz 1945 in tragischer Weise bei einem Luftangriff in Ulm ums Leben.<\/p>\r\n\r\n<div id=\"attachment_1707\" style=\"width: 770px\" class=\"wp-caption alignnone\"><img loading=\"lazy\" decoding=\"async\" aria-describedby=\"caption-attachment-1707\" class=\"wp-image-1707 size-full\" src=\"https:\/\/www.gemeinde-untermarchtal.de\/bilder\/Brueckensprengung_1945_1.jpg\" alt=\"brueckensprengung_1945_1\" width=\"760\" height=\"480\" \/><p id=\"caption-attachment-1707\" class=\"wp-caption-text\">Foto vom April 1945 und zeigt die v\u00f6llig zerst\u00f6rte Br\u00fccke<\/p><\/div>\r\n\r\n<p>Schutz im ehemaligen \u201eHirschbrauerei-Keller\u201c Besonders die Bev\u00f6lkerung links der Donau wurde aufgefordert, sich in der Nacht vom 22. auf 23. April 1945 als die Br\u00fcckensprengung angesagt wurde, im ehemaligen \u201eHirschbrauerei-Keller\u201c an der Ehingerstra\u00dfe in \u201eSicherheit\u201c zu bringen. Besitzer dieses Kellers war damals Landwirt Matth\u00e4us Fischer. Die Sicherheit in diesem Kellerbau war f\u00fcr die Zufluchtsuchenden aber nicht \u00fcberzeugend. Notausg\u00e4nge gab es nicht und auch keine ausreichende Beleuchtung. Zeitzeugen erinnern sich noch schmunzelnd an eine im Schutzkeller verweilende Dame. Sie hatte ihr komplettes Bett mitgebracht und verkroch sich in 4 \u00fcbereinandergelegten Federbetten. Schlimme Auswirkungen gab es aber f\u00fcr die im Keller untergebrachten Personen nicht, nach dem die Wehrmachtsoldaten eine \u00fcberdimensionale Sprengung mit drei oder vier Fliegerbomben \u2013so der damalige Zeitzeuge Stefan Bierer-, vorgenommen hatten. Gro\u00dfe Br\u00fcckenteile mit Zerst\u00f6rungskraft wurden dem nahe an der stehenden Gasthaus \u201eHirsch\u201c zum Verh\u00e4ngnis. Die nahe Zehntscheuer, der Bahnhof, das Schul- und Rathaus und die H\u00e4user der Munderkinger- und Bahnhofstra\u00dfe sowie die Geb\u00e4ude der Berg-und Haldenstra\u00dfe hatten starke Treffer abbekommen und hatten s\u00e4mtliche Sch\u00e4den an den D\u00e4chern. Das Gasthaus \u201eHirsch\u201c mu\u00dfte anschlie\u00dfend abgebrochen werden und der Neubau erfolgte 1 Jahr sp\u00e4ter. Glimpflich kamen die H\u00e4user rechts der Donau bei der Sprengung davon. Tage sp\u00e4ter bekamen die Hausbesitzer auf Vermittlung der Gemeindeverwaltung Untermarchtal Bretter zur notd\u00fcrftigen Dachrenovierung aus Best\u00e4nden der S\u00e4gerei Endele, Obermarchtal.<\/p>\r\n\r\n<div id=\"attachment_1709\" style=\"width: 770px\" class=\"wp-caption alignnone\"><img loading=\"lazy\" decoding=\"async\" aria-describedby=\"caption-attachment-1709\" class=\"wp-image-1709 size-full\" src=\"https:\/\/www.gemeinde-untermarchtal.de\/bilder\/Brueckensprengung_1945_2.jpg\" alt=\"brueckensprengung_1945_2\" width=\"760\" height=\"503\" \/><p id=\"caption-attachment-1709\" class=\"wp-caption-text\">Foto vom April 1945 und zeigt die v\u00f6llig zerst\u00f6rte Br\u00fccke<\/p><\/div>\r\n\r\n<p>Mit der Br\u00fcckensprengung wurde auch die bestehende Trinkwasserleitung im Br\u00fccken\u00fcberbau v\u00f6llig vernichtet. Die Bewohner links der Donau hatten kein Wasser mehr. Mit Feuerwehrschl\u00e4uchen \u00fcber die Donau wurde dieser Ortsteil nunmehr behelfsm\u00e4\u00dfig mit Wasser versorgt. Die Donau\u00fcberquerung geschah zun\u00e4chst mit Booten und dem Schiff von Fischer und Lindenwirt Max H\u00e4ckler. Auch ein eigens konstruierter Seilzug \u00fcber die Donau kam zum hilfreichen Einsatz.<\/p>\r\n\r\n<div id=\"attachment_1710\" style=\"width: 770px\" class=\"wp-caption alignnone\"><img loading=\"lazy\" decoding=\"async\" aria-describedby=\"caption-attachment-1710\" class=\"wp-image-1710 size-full\" src=\"https:\/\/www.gemeinde-untermarchtal.de\/bilder\/Brueckensprengung_1945_3.jpg\" alt=\"brueckensprengung_1945_3\" width=\"760\" height=\"489\" \/><p id=\"caption-attachment-1710\" class=\"wp-caption-text\">Br\u00fccke aus dem Jahre 1925<\/p><\/div>\r\n\r\n<p>Sofort Baubeginn einer Hilfsbr\u00fccke Bereits im Mai 1945 wurde mit dem Bau einer Holznotbr\u00fccke mit 14 Jochpfeiler begonnen. Franz\u00f6sische Pioniere planten und bauten mit Hilfe deutscher Kr\u00e4fte und dem Munderkinger Zimmermann-Polier Josef Hermann die Notbr\u00fccke. Im Juli 1945 war die Holzbr\u00fccke fertig und diese Br\u00fccke nahm bis zur feierlichen \u00dcbergabe der neuen Stahltr\u00e4gerbr\u00fccke im Oktober 1952 \u2013 gebaut von der Ehinger Firma Josef Freudigmann - den Verkehr der Reichs- bzw Bundesstra\u00dfe 311 in Ortsmitte auf. H\u00f6chste Einsturzgefahr bestand im November 1950 f\u00fcr diese Notbr\u00fccke bei einem Hochwasser. Viel Treibholz wurde an den Jochpfeiler bei zu engem Abstand der Joche angeschwemmt. 5 Tage bedrohte diese Situation die Br\u00fccke bis entwarnt werden konnte. Weitere Br\u00fcckenneubauten Mit dem Bau einer neuen Br\u00fccke in Munderkingen begann der Wiederaufbau. Bereits im Juni 1948, wenige Tage nach der W\u00e4hrungsreform, war dort der Br\u00fcckenneubau vollendet. Ebenso der Donausteg in Obermarchtal. In Rechtenstein und Nasgenstadt wurden die neuen Br\u00fcckenneubauten ebenfalls im Jahr 1952 dem Verkehr \u00fcbergeben. Bereits 1947 wurde der Verkehr \u00fcber die wiederaufgebauten Eisenbahnbr\u00fccken in Rechtenstein und Zwiefaltendorf-Zell aufgenommen. Untermarchtal bekam durch den Donautalviaduktbau 1952\/53 eine ersehnte Verkehrsentlastung mit dem 375 Meter langen Viadukt. Ein erhaltenes \u201eSchadens\u00fcberbleibsel\u201c der gesprengten Untermarchtaler Br\u00fccke ist eine \u201eBesch\u00e4digungsstelle\u201c am Bahnsteigzaun des Bahnhof Untermarchtal in H\u00f6he der Zehntscheuer auch nach 70 Jahren noch zu sehen!<\/p>\r\n\r\n<div id=\"attachment_1711\" style=\"width: 770px\" class=\"wp-caption alignnone\"><img loading=\"lazy\" decoding=\"async\" aria-describedby=\"caption-attachment-1711\" class=\"wp-image-1711 size-full\" src=\"https:\/\/www.gemeinde-untermarchtal.de\/bilder\/Brueckensprengung_1945_4.jpg\" alt=\"brueckensprengung_1945_4\" width=\"760\" height=\"515\" \/><p id=\"caption-attachment-1711\" class=\"wp-caption-text\">Behelfsbr\u00fccke aus dem Jahre 1945 mit den 14 Jochpfeiler.<\/p><\/div>\r\n\r\n<div id=\"attachment_1712\" style=\"width: 770px\" class=\"wp-caption alignnone\"><img loading=\"lazy\" decoding=\"async\" aria-describedby=\"caption-attachment-1712\" class=\"wp-image-1712 size-full\" src=\"https:\/\/www.gemeinde-untermarchtal.de\/bilder\/Brueckensprengung_1945_5.jpg\" alt=\"brueckensprengung_1945_5\" width=\"760\" height=\"456\" \/><p id=\"caption-attachment-1712\" class=\"wp-caption-text\">Br\u00fccke aus dem Bau- und Neubau\u00fcbergabejahr 1952.<\/p><\/div>\r\n\r\n<div id=\"attachment_1713\" style=\"width: 770px\" class=\"wp-caption alignnone\"><img loading=\"lazy\" decoding=\"async\" aria-describedby=\"caption-attachment-1713\" class=\"wp-image-1713 size-full\" src=\"https:\/\/www.gemeinde-untermarchtal.de\/bilder\/Brueckensprengung_1945_6.jpg\" alt=\"brueckensprengung_1945_6\" width=\"760\" height=\"535\" \/><p id=\"caption-attachment-1713\" class=\"wp-caption-text\">Eine k\u00fcnstlerische Zeichnung der neuen Br\u00fccke vom Jahr 1952, gefertigt vom damaligen Untermarchtaler B\u00fcrgermeister und sp\u00e4teren freien Maler Helmut Winter. Er verstarb im Jahre 1995.<\/p><\/div>","protected":false},"excerpt":{"rendered":"<p>Kriegsende vor 70 Jahren \u2013 Mehrere Br\u00fcckensprengungen in unserer Gegend \u2013 auch in Untermarchtal V\u00f6llig zerst\u00f6rt. Diesen historischen Umstand vor 70 Jahren, habe ich als kleiner Bub im Alter von 3 Jahren und auch einige \u00e4ltere Zeitzeugen noch in Erinnerung. Das Weltkriegsende vor 70 Jahren brachte auch f\u00fcr die Menschen in unserer Umgebung viele Unannehmlichkeiten. [&hellip;]<\/p>\n","protected":false},"author":1,"featured_media":0,"parent":0,"menu_order":0,"comment_status":"closed","ping_status":"closed","template":"page-templates\/_template_historische_beitraege.php","meta":{"_acf_changed":false,"footnotes":""},"class_list":["post-1705","page","type-page","status-publish","hentry"],"acf":[],"yoast_head":"<!-- This site is optimized with the Yoast SEO plugin v26.7 - https:\/\/yoast.com\/wordpress\/plugins\/seo\/ -->\n<title>Br\u00fcckensprengung 1945 - Gemeinde Untermarchtal<\/title>\n<meta name=\"robots\" content=\"index, follow, max-snippet:-1, max-image-preview:large, max-video-preview:-1\" \/>\n<link rel=\"canonical\" href=\"https:\/\/www.gemeinde-untermarchtal.de\/index.php\/brueckensprengung-1945\/\" \/>\n<meta property=\"og:locale\" content=\"de_DE\" \/>\n<meta property=\"og:type\" content=\"article\" \/>\n<meta property=\"og:title\" content=\"Br\u00fcckensprengung 1945 - Gemeinde Untermarchtal\" \/>\n<meta property=\"og:description\" content=\"Kriegsende vor 70 Jahren \u2013 Mehrere Br\u00fcckensprengungen in unserer Gegend \u2013 auch in Untermarchtal V\u00f6llig zerst\u00f6rt. Diesen historischen Umstand vor 70 Jahren, habe ich als kleiner Bub im Alter von 3 Jahren und auch einige \u00e4ltere Zeitzeugen noch in Erinnerung. Das Weltkriegsende vor 70 Jahren brachte auch f\u00fcr die Menschen in unserer Umgebung viele Unannehmlichkeiten. [&hellip;]\" \/>\n<meta property=\"og:url\" content=\"https:\/\/www.gemeinde-untermarchtal.de\/index.php\/brueckensprengung-1945\/\" \/>\n<meta property=\"og:site_name\" content=\"Gemeinde Untermarchtal\" \/>\n<meta property=\"article:modified_time\" content=\"2018-07-21T06:30:39+00:00\" \/>\n<meta property=\"og:image\" content=\"https:\/\/www.gemeinde-untermarchtal.de\/bilder\/Brueckensprengung_1945_1.jpg\" \/>\n<meta name=\"twitter:card\" content=\"summary_large_image\" \/>\n<meta name=\"twitter:label1\" content=\"Gesch\u00e4tzte Lesezeit\" \/>\n\t<meta name=\"twitter:data1\" content=\"4\u00a0Minuten\" \/>\n<script type=\"application\/ld+json\" class=\"yoast-schema-graph\">{\"@context\":\"https:\/\/schema.org\",\"@graph\":[{\"@type\":\"WebPage\",\"@id\":\"https:\/\/www.gemeinde-untermarchtal.de\/index.php\/brueckensprengung-1945\/\",\"url\":\"https:\/\/www.gemeinde-untermarchtal.de\/index.php\/brueckensprengung-1945\/\",\"name\":\"Br\u00fcckensprengung 1945 - Gemeinde Untermarchtal\",\"isPartOf\":{\"@id\":\"https:\/\/www.gemeinde-untermarchtal.de\/#website\"},\"primaryImageOfPage\":{\"@id\":\"https:\/\/www.gemeinde-untermarchtal.de\/index.php\/brueckensprengung-1945\/#primaryimage\"},\"image\":{\"@id\":\"https:\/\/www.gemeinde-untermarchtal.de\/index.php\/brueckensprengung-1945\/#primaryimage\"},\"thumbnailUrl\":\"https:\/\/www.gemeinde-untermarchtal.de\/bilder\/Brueckensprengung_1945_1.jpg\",\"datePublished\":\"2016-11-05T22:11:37+00:00\",\"dateModified\":\"2018-07-21T06:30:39+00:00\",\"breadcrumb\":{\"@id\":\"https:\/\/www.gemeinde-untermarchtal.de\/index.php\/brueckensprengung-1945\/#breadcrumb\"},\"inLanguage\":\"de\",\"potentialAction\":[{\"@type\":\"ReadAction\",\"target\":[\"https:\/\/www.gemeinde-untermarchtal.de\/index.php\/brueckensprengung-1945\/\"]}]},{\"@type\":\"ImageObject\",\"inLanguage\":\"de\",\"@id\":\"https:\/\/www.gemeinde-untermarchtal.de\/index.php\/brueckensprengung-1945\/#primaryimage\",\"url\":\"https:\/\/www.gemeinde-untermarchtal.de\/bilder\/Brueckensprengung_1945_1.jpg\",\"contentUrl\":\"https:\/\/www.gemeinde-untermarchtal.de\/bilder\/Brueckensprengung_1945_1.jpg\",\"width\":760,\"height\":480},{\"@type\":\"BreadcrumbList\",\"@id\":\"https:\/\/www.gemeinde-untermarchtal.de\/index.php\/brueckensprengung-1945\/#breadcrumb\",\"itemListElement\":[{\"@type\":\"ListItem\",\"position\":1,\"name\":\"Startseite\",\"item\":\"https:\/\/www.gemeinde-untermarchtal.de\/\"},{\"@type\":\"ListItem\",\"position\":2,\"name\":\"Br\u00fcckensprengung 1945\"}]},{\"@type\":\"WebSite\",\"@id\":\"https:\/\/www.gemeinde-untermarchtal.de\/#website\",\"url\":\"https:\/\/www.gemeinde-untermarchtal.de\/\",\"name\":\"Gemeinde Untermarchtal\",\"description\":\"Gemeinde Untermarchtal\",\"potentialAction\":[{\"@type\":\"SearchAction\",\"target\":{\"@type\":\"EntryPoint\",\"urlTemplate\":\"https:\/\/www.gemeinde-untermarchtal.de\/?s={search_term_string}\"},\"query-input\":{\"@type\":\"PropertyValueSpecification\",\"valueRequired\":true,\"valueName\":\"search_term_string\"}}],\"inLanguage\":\"de\"}]}<\/script>\n<!-- \/ Yoast SEO plugin. -->","yoast_head_json":{"title":"Br\u00fcckensprengung 1945 - Gemeinde Untermarchtal","robots":{"index":"index","follow":"follow","max-snippet":"max-snippet:-1","max-image-preview":"max-image-preview:large","max-video-preview":"max-video-preview:-1"},"canonical":"https:\/\/www.gemeinde-untermarchtal.de\/index.php\/brueckensprengung-1945\/","og_locale":"de_DE","og_type":"article","og_title":"Br\u00fcckensprengung 1945 - Gemeinde Untermarchtal","og_description":"Kriegsende vor 70 Jahren \u2013 Mehrere Br\u00fcckensprengungen in unserer Gegend \u2013 auch in Untermarchtal V\u00f6llig zerst\u00f6rt. Diesen historischen Umstand vor 70 Jahren, habe ich als kleiner Bub im Alter von 3 Jahren und auch einige \u00e4ltere Zeitzeugen noch in Erinnerung. Das Weltkriegsende vor 70 Jahren brachte auch f\u00fcr die Menschen in unserer Umgebung viele Unannehmlichkeiten. [&hellip;]","og_url":"https:\/\/www.gemeinde-untermarchtal.de\/index.php\/brueckensprengung-1945\/","og_site_name":"Gemeinde Untermarchtal","article_modified_time":"2018-07-21T06:30:39+00:00","og_image":[{"url":"https:\/\/www.gemeinde-untermarchtal.de\/bilder\/Brueckensprengung_1945_1.jpg","type":"","width":"","height":""}],"twitter_card":"summary_large_image","twitter_misc":{"Gesch\u00e4tzte Lesezeit":"4\u00a0Minuten"},"schema":{"@context":"https:\/\/schema.org","@graph":[{"@type":"WebPage","@id":"https:\/\/www.gemeinde-untermarchtal.de\/index.php\/brueckensprengung-1945\/","url":"https:\/\/www.gemeinde-untermarchtal.de\/index.php\/brueckensprengung-1945\/","name":"Br\u00fcckensprengung 1945 - Gemeinde Untermarchtal","isPartOf":{"@id":"https:\/\/www.gemeinde-untermarchtal.de\/#website"},"primaryImageOfPage":{"@id":"https:\/\/www.gemeinde-untermarchtal.de\/index.php\/brueckensprengung-1945\/#primaryimage"},"image":{"@id":"https:\/\/www.gemeinde-untermarchtal.de\/index.php\/brueckensprengung-1945\/#primaryimage"},"thumbnailUrl":"https:\/\/www.gemeinde-untermarchtal.de\/bilder\/Brueckensprengung_1945_1.jpg","datePublished":"2016-11-05T22:11:37+00:00","dateModified":"2018-07-21T06:30:39+00:00","breadcrumb":{"@id":"https:\/\/www.gemeinde-untermarchtal.de\/index.php\/brueckensprengung-1945\/#breadcrumb"},"inLanguage":"de","potentialAction":[{"@type":"ReadAction","target":["https:\/\/www.gemeinde-untermarchtal.de\/index.php\/brueckensprengung-1945\/"]}]},{"@type":"ImageObject","inLanguage":"de","@id":"https:\/\/www.gemeinde-untermarchtal.de\/index.php\/brueckensprengung-1945\/#primaryimage","url":"https:\/\/www.gemeinde-untermarchtal.de\/bilder\/Brueckensprengung_1945_1.jpg","contentUrl":"https:\/\/www.gemeinde-untermarchtal.de\/bilder\/Brueckensprengung_1945_1.jpg","width":760,"height":480},{"@type":"BreadcrumbList","@id":"https:\/\/www.gemeinde-untermarchtal.de\/index.php\/brueckensprengung-1945\/#breadcrumb","itemListElement":[{"@type":"ListItem","position":1,"name":"Startseite","item":"https:\/\/www.gemeinde-untermarchtal.de\/"},{"@type":"ListItem","position":2,"name":"Br\u00fcckensprengung 1945"}]},{"@type":"WebSite","@id":"https:\/\/www.gemeinde-untermarchtal.de\/#website","url":"https:\/\/www.gemeinde-untermarchtal.de\/","name":"Gemeinde Untermarchtal","description":"Gemeinde Untermarchtal","potentialAction":[{"@type":"SearchAction","target":{"@type":"EntryPoint","urlTemplate":"https:\/\/www.gemeinde-untermarchtal.de\/?s={search_term_string}"},"query-input":{"@type":"PropertyValueSpecification","valueRequired":true,"valueName":"search_term_string"}}],"inLanguage":"de"}]}},"_links":{"self":[{"href":"https:\/\/www.gemeinde-untermarchtal.de\/index.php\/wp-json\/wp\/v2\/pages\/1705","targetHints":{"allow":["GET"]}}],"collection":[{"href":"https:\/\/www.gemeinde-untermarchtal.de\/index.php\/wp-json\/wp\/v2\/pages"}],"about":[{"href":"https:\/\/www.gemeinde-untermarchtal.de\/index.php\/wp-json\/wp\/v2\/types\/page"}],"author":[{"embeddable":true,"href":"https:\/\/www.gemeinde-untermarchtal.de\/index.php\/wp-json\/wp\/v2\/users\/1"}],"replies":[{"embeddable":true,"href":"https:\/\/www.gemeinde-untermarchtal.de\/index.php\/wp-json\/wp\/v2\/comments?post=1705"}],"version-history":[{"count":5,"href":"https:\/\/www.gemeinde-untermarchtal.de\/index.php\/wp-json\/wp\/v2\/pages\/1705\/revisions"}],"predecessor-version":[{"id":2724,"href":"https:\/\/www.gemeinde-untermarchtal.de\/index.php\/wp-json\/wp\/v2\/pages\/1705\/revisions\/2724"}],"wp:attachment":[{"href":"https:\/\/www.gemeinde-untermarchtal.de\/index.php\/wp-json\/wp\/v2\/media?parent=1705"}],"curies":[{"name":"wp","href":"https:\/\/api.w.org\/{rel}","templated":true}]}}