{"id":1722,"date":"2016-11-06T00:07:09","date_gmt":"2016-11-05T23:07:09","guid":{"rendered":"http:\/\/www.gemeinde-untermarchtal.de\/?page_id=1722"},"modified":"2018-07-21T08:33:35","modified_gmt":"2018-07-21T06:33:35","slug":"die-donauschleife-ein-tourismuskonzept","status":"publish","type":"page","link":"https:\/\/www.gemeinde-untermarchtal.de\/index.php\/die-donauschleife-ein-tourismuskonzept\/","title":{"rendered":"Die Donauschleife - ein Tourismuskonzept"},"content":{"rendered":"<h3>Die Donauschleife - Das Tourismuskonzept der VG Munderkingen<\/h3>\r\n\r\n<p>&#8222;Die Donauschleife&#8220; nennt sich das neue Konzept der Verwaltungsgemeinschaft Munderkingen im Alb-Donau-Kreis. Munderkingen und zw\u00f6lf weitere Gemeinden wollen gemeinsam um G\u00e4ste werben.<\/p>\r\n\r\n<div id=\"attachment_1731\" style=\"width: 770px\" class=\"wp-caption alignnone\"><img loading=\"lazy\" decoding=\"async\" aria-describedby=\"caption-attachment-1731\" class=\"wp-image-1731 size-full\" src=\"https:\/\/www.gemeinde-untermarchtal.de\/bilder\/Donauschleife_Sat.jpg\" alt=\"donauschleife_sat\" width=\"760\" height=\"569\" \/><p id=\"caption-attachment-1731\" class=\"wp-caption-text\">&#8222;Die Donauschleife&#8220; - zwischen Untermarchtal und Munderkingen - bei Algershofen<\/p><\/div>\r\n\r\n<p>Unter dem Marketingnamen &#8222;Die Donauschleife&#8220; haben die Stadt Munderkingen und die 12 weiteren Gemeinden der Verwaltungsgemeinschaft Munderkingen im Alb-Donau-Kreis ein neues Tourismuskonzept entwickelt. Gemeinsam wollen die Kommunen um G\u00e4ste werben und Angebote f\u00fcr Daheimgebliebene pr\u00e4sentieren. Merkmal ist der nat\u00fcrliche M\u00e4anderverlauf der Donau. Die vier S\u00e4ulen, mit denen die Region punkten will, hei\u00dfen &#8222;Museen &amp; Geschichte&#8220;, &#8222;Kirchen &amp; Kl\u00f6ster&#8220;, &#8222;Wandern &amp; Radfahren&#8220; und &#8222;Natur &amp; Erholung&#8220;.<\/p>\r\n\r\n<div id=\"attachment_1730\" style=\"width: 770px\" class=\"wp-caption alignnone\"><img loading=\"lazy\" decoding=\"async\" aria-describedby=\"caption-attachment-1730\" class=\"wp-image-1730 size-full\" src=\"https:\/\/www.gemeinde-untermarchtal.de\/bilder\/Donauschleife_CMT_Vorstellung.jpg\" alt=\"donauschleife_cmt_vorstellung\" width=\"760\" height=\"422\" \/><p id=\"caption-attachment-1730\" class=\"wp-caption-text\">B\u00fcrgermeister der VG Munderkingen auf der CMT 2012 in Stuttgart von links, BM Manfred Weber - Oberstadion, BM Uwe Handgr\u00e4tinger - Unterstadion und Grundsheim, BM Dr. Michael Lohner - Munderkingen, BM Anton Buck - Obermarchtal, BM Bernhard Ritzler - Untermarchtal und Lauterach, BM Karl Hauler - Rottenacker<\/p><\/div>\r\n\r\n<h3>Bericht aus der Schw\u00e4bischen Zeitung vom 13. Januar 2012 von Melanie Maunz<\/h3>\r\n\r\n<p><strong>Munderkingen<\/strong> &ndash; Die Raumschaft ist ein sch\u00f6nes Eckchen:<\/p> \r\n<p>Die Donau lockt zu Fahrradausfl\u00fcgen und Kanutouren, rund um Rechtenstein l\u00e4sst sich sch\u00f6n wandern, Kirchenfreunde besuchen das Kloster Untermarchtal oder das M\u00fcnster Obermarchtal, Krippenfreunde fahren nach Oberstadion, Blumenfreunde zur M\u00e4rzenbecherbl\u00fcte nach Emeringen. Jetzt sollen die touristischen Besonderheiten der Region rund um Munderkingen auch vermarktet werden: Am Donnerstag kam der Bewilligungsbescheid des Landes f\u00fcr das Tourismuskonzept der Verwaltungsgemeinschaft. Munderkingens B\u00fcrgermeister Michael Lohner wird dieses Tourismuskonzept der VG am kommenden Montag auf der CMT in Stuttgart der \u00d6ffentlichkeit vorstellen. 45.200,- Euro kostet das Konzept, mit einer eigenen Internetseite, Flyern, Aufklebern, Karten und neuen Schildern, um G\u00e4ste in die Region zu locken. Allein h\u00e4tten wir das nicht stemmen k\u00f6nnen , betont Munderkingens B\u00fcrgermeister Michael Lohner. Deswegen stellte die VG vergangenes Jahr einen Antrag an das Land, das Tourismuskonzept mit finanzieller Hilfe aus dem Leader -Programm zu unterst\u00fctzen (wir berichteten). Jetzt kam das OK aus dem Ministerium f\u00fcr L\u00e4ndlichen Raum und Verbraucherschutz: Das Land beteiligt sich mit 55 Prozent, was 24.680,- Euro entspricht. Ich bin \u00fcberzeugt, dass wir die ersten Produkte schon nach Ostern bekommen,sagt Lohner. Schlie\u00dflich stehe die Ehinger Werbe- und Marketing-Agentur Rogge und Malmer schon in den Startl\u00f6chern. Diese Agentur war es auch, die den Ideenwettbewerb zum Tourismuskonzept, bei dem sich drei Agenturen und eine Hochschule beteiligten, f\u00fcr sich entschied. Der Slogan Die Donauschleife Im Herzen von Oberschwaben und der Schw\u00e4bischen Alb \u00fcberzeugte die VG-Gemeinden. Die Agentur hat auch die Internet-Domain <a href=\"http:\/\/www.donauschleife.de\" target=\"_blank\" title=\"Donauschleife\">www.donauschleife.de<\/a> reservieren lassen. In Zukunft wird dort die Region mit seinen Sehensw\u00fcrdigkeiten vorgestellt. Bisher liegt der Fokus im Alb-Donau-Kreis zum gro\u00dfen Teil auf der Schw\u00e4bischen Alb, moniert Lohner. Die Donau habe man bislang noch nicht so gut herausgestellt. Das soll sich jetzt mit dem Tourismus-Konzept \u00e4ndern. Auch will die VG enger mit dem Donaub\u00fcro Ulm F\u00fcr das Tourismuskonzept der Raumschaft gibt s gr\u00fcnes Licht. Die Donau ist international , sagt Lohner. Mit dem Tourismuskonzept wird auch die l\u00e4nder\u00fcbergreifende Vernetzung gest\u00e4rkt. Ein weiterer Punkt, die Region touristisch zu vermarkten: Sie wird nicht nur f\u00fcr G\u00e4ste interessanter. Auch f\u00fcr diejenigen, die sich \u00fcberlegen, vielleicht in unsere Region zu ziehen , sagt Lohner. (Erschienen: 13.Januar 2012)<\/p>\r\n\r\n<h3>Berichte und Ausz\u00fcge aus dem Ehinger Tagblatt<\/h3>\r\n\r\n<ul>\r\n<li><span class=\"genericon genericon-download\"><\/span><a href=\"http:\/\/formulare.gemeinde-untermarchtal.de\/Ehinger_Tagblatt_14_01_2012.pdf\" target=\"_blank\" >Ehinger_Tagblatt_14_01_2012<\/a><\/li>\r\n<li><span class=\"genericon genericon-download\"><\/span><a href=\"http:\/\/formulare.gemeinde-untermarchtal.de\/Ehinger_Tagblatt_10_05_2012.pdf\" target=\"_blank\">Ehinger_Tagblatt_10_05_2012<\/a><\/li>\r\n<\/ul>\r\n\r\n<h3>Quellen<\/h3>\r\n\r\n<p>Nachrichtenportal &#8222;Wir sind Ehingen&#8220;, Schw\u00e4bische Zeitung, Werbe- und Marketing-Agentur Rogge und Malmer\r\nEhinger Tagblatt<\/p>","protected":false},"excerpt":{"rendered":"<p>Die Donauschleife - Das Tourismuskonzept der VG Munderkingen &#8222;Die Donauschleife&#8220; nennt sich das neue Konzept der Verwaltungsgemeinschaft Munderkingen im Alb-Donau-Kreis. Munderkingen und zw\u00f6lf weitere Gemeinden wollen gemeinsam um G\u00e4ste werben. Unter dem Marketingnamen &#8222;Die Donauschleife&#8220; haben die Stadt Munderkingen und die 12 weiteren Gemeinden der Verwaltungsgemeinschaft Munderkingen im Alb-Donau-Kreis ein neues Tourismuskonzept entwickelt. Gemeinsam wollen [&hellip;]<\/p>\n","protected":false},"author":1,"featured_media":0,"parent":0,"menu_order":0,"comment_status":"closed","ping_status":"closed","template":"page-templates\/_template_aktuelle_beitraege.php","meta":{"_acf_changed":false,"footnotes":""},"class_list":["post-1722","page","type-page","status-publish","hentry"],"acf":[],"yoast_head":"<!-- This site is optimized with the Yoast SEO plugin v26.7 - https:\/\/yoast.com\/wordpress\/plugins\/seo\/ -->\n<title>Die Donauschleife - ein Tourismuskonzept - Gemeinde Untermarchtal<\/title>\n<meta name=\"robots\" content=\"index, follow, max-snippet:-1, max-image-preview:large, max-video-preview:-1\" \/>\n<link rel=\"canonical\" href=\"https:\/\/www.gemeinde-untermarchtal.de\/index.php\/die-donauschleife-ein-tourismuskonzept\/\" \/>\n<meta property=\"og:locale\" content=\"de_DE\" \/>\n<meta property=\"og:type\" content=\"article\" \/>\n<meta property=\"og:title\" content=\"Die Donauschleife - ein Tourismuskonzept - Gemeinde Untermarchtal\" \/>\n<meta property=\"og:description\" content=\"Die Donauschleife - Das Tourismuskonzept der VG Munderkingen &#8222;Die Donauschleife&#8220; nennt sich das neue Konzept der Verwaltungsgemeinschaft Munderkingen im Alb-Donau-Kreis. Munderkingen und zw\u00f6lf weitere Gemeinden wollen gemeinsam um G\u00e4ste werben. Unter dem Marketingnamen &#8222;Die Donauschleife&#8220; haben die Stadt Munderkingen und die 12 weiteren Gemeinden der Verwaltungsgemeinschaft Munderkingen im Alb-Donau-Kreis ein neues Tourismuskonzept entwickelt. Gemeinsam wollen [&hellip;]\" \/>\n<meta property=\"og:url\" content=\"https:\/\/www.gemeinde-untermarchtal.de\/index.php\/die-donauschleife-ein-tourismuskonzept\/\" \/>\n<meta property=\"og:site_name\" content=\"Gemeinde Untermarchtal\" \/>\n<meta property=\"article:modified_time\" content=\"2018-07-21T06:33:35+00:00\" \/>\n<meta property=\"og:image\" content=\"https:\/\/www.gemeinde-untermarchtal.de\/bilder\/Donauschleife_Sat.jpg\" \/>\n<meta name=\"twitter:card\" content=\"summary_large_image\" \/>\n<meta name=\"twitter:label1\" content=\"Gesch\u00e4tzte Lesezeit\" \/>\n\t<meta name=\"twitter:data1\" content=\"3\u00a0Minuten\" \/>\n<script type=\"application\/ld+json\" class=\"yoast-schema-graph\">{\"@context\":\"https:\/\/schema.org\",\"@graph\":[{\"@type\":\"WebPage\",\"@id\":\"https:\/\/www.gemeinde-untermarchtal.de\/index.php\/die-donauschleife-ein-tourismuskonzept\/\",\"url\":\"https:\/\/www.gemeinde-untermarchtal.de\/index.php\/die-donauschleife-ein-tourismuskonzept\/\",\"name\":\"Die Donauschleife - ein Tourismuskonzept - Gemeinde Untermarchtal\",\"isPartOf\":{\"@id\":\"https:\/\/www.gemeinde-untermarchtal.de\/#website\"},\"primaryImageOfPage\":{\"@id\":\"https:\/\/www.gemeinde-untermarchtal.de\/index.php\/die-donauschleife-ein-tourismuskonzept\/#primaryimage\"},\"image\":{\"@id\":\"https:\/\/www.gemeinde-untermarchtal.de\/index.php\/die-donauschleife-ein-tourismuskonzept\/#primaryimage\"},\"thumbnailUrl\":\"https:\/\/www.gemeinde-untermarchtal.de\/bilder\/Donauschleife_Sat.jpg\",\"datePublished\":\"2016-11-05T23:07:09+00:00\",\"dateModified\":\"2018-07-21T06:33:35+00:00\",\"breadcrumb\":{\"@id\":\"https:\/\/www.gemeinde-untermarchtal.de\/index.php\/die-donauschleife-ein-tourismuskonzept\/#breadcrumb\"},\"inLanguage\":\"de\",\"potentialAction\":[{\"@type\":\"ReadAction\",\"target\":[\"https:\/\/www.gemeinde-untermarchtal.de\/index.php\/die-donauschleife-ein-tourismuskonzept\/\"]}]},{\"@type\":\"ImageObject\",\"inLanguage\":\"de\",\"@id\":\"https:\/\/www.gemeinde-untermarchtal.de\/index.php\/die-donauschleife-ein-tourismuskonzept\/#primaryimage\",\"url\":\"https:\/\/www.gemeinde-untermarchtal.de\/bilder\/Donauschleife_Sat.jpg\",\"contentUrl\":\"https:\/\/www.gemeinde-untermarchtal.de\/bilder\/Donauschleife_Sat.jpg\",\"width\":760,\"height\":569},{\"@type\":\"BreadcrumbList\",\"@id\":\"https:\/\/www.gemeinde-untermarchtal.de\/index.php\/die-donauschleife-ein-tourismuskonzept\/#breadcrumb\",\"itemListElement\":[{\"@type\":\"ListItem\",\"position\":1,\"name\":\"Startseite\",\"item\":\"https:\/\/www.gemeinde-untermarchtal.de\/\"},{\"@type\":\"ListItem\",\"position\":2,\"name\":\"Die Donauschleife - ein Tourismuskonzept\"}]},{\"@type\":\"WebSite\",\"@id\":\"https:\/\/www.gemeinde-untermarchtal.de\/#website\",\"url\":\"https:\/\/www.gemeinde-untermarchtal.de\/\",\"name\":\"Gemeinde Untermarchtal\",\"description\":\"Gemeinde Untermarchtal\",\"potentialAction\":[{\"@type\":\"SearchAction\",\"target\":{\"@type\":\"EntryPoint\",\"urlTemplate\":\"https:\/\/www.gemeinde-untermarchtal.de\/?s={search_term_string}\"},\"query-input\":{\"@type\":\"PropertyValueSpecification\",\"valueRequired\":true,\"valueName\":\"search_term_string\"}}],\"inLanguage\":\"de\"}]}<\/script>\n<!-- \/ Yoast SEO plugin. -->","yoast_head_json":{"title":"Die Donauschleife - ein Tourismuskonzept - Gemeinde Untermarchtal","robots":{"index":"index","follow":"follow","max-snippet":"max-snippet:-1","max-image-preview":"max-image-preview:large","max-video-preview":"max-video-preview:-1"},"canonical":"https:\/\/www.gemeinde-untermarchtal.de\/index.php\/die-donauschleife-ein-tourismuskonzept\/","og_locale":"de_DE","og_type":"article","og_title":"Die Donauschleife - ein Tourismuskonzept - Gemeinde Untermarchtal","og_description":"Die Donauschleife - Das Tourismuskonzept der VG Munderkingen &#8222;Die Donauschleife&#8220; nennt sich das neue Konzept der Verwaltungsgemeinschaft Munderkingen im Alb-Donau-Kreis. Munderkingen und zw\u00f6lf weitere Gemeinden wollen gemeinsam um G\u00e4ste werben. Unter dem Marketingnamen &#8222;Die Donauschleife&#8220; haben die Stadt Munderkingen und die 12 weiteren Gemeinden der Verwaltungsgemeinschaft Munderkingen im Alb-Donau-Kreis ein neues Tourismuskonzept entwickelt. Gemeinsam wollen [&hellip;]","og_url":"https:\/\/www.gemeinde-untermarchtal.de\/index.php\/die-donauschleife-ein-tourismuskonzept\/","og_site_name":"Gemeinde Untermarchtal","article_modified_time":"2018-07-21T06:33:35+00:00","og_image":[{"url":"https:\/\/www.gemeinde-untermarchtal.de\/bilder\/Donauschleife_Sat.jpg","type":"","width":"","height":""}],"twitter_card":"summary_large_image","twitter_misc":{"Gesch\u00e4tzte Lesezeit":"3\u00a0Minuten"},"schema":{"@context":"https:\/\/schema.org","@graph":[{"@type":"WebPage","@id":"https:\/\/www.gemeinde-untermarchtal.de\/index.php\/die-donauschleife-ein-tourismuskonzept\/","url":"https:\/\/www.gemeinde-untermarchtal.de\/index.php\/die-donauschleife-ein-tourismuskonzept\/","name":"Die Donauschleife - ein Tourismuskonzept - Gemeinde Untermarchtal","isPartOf":{"@id":"https:\/\/www.gemeinde-untermarchtal.de\/#website"},"primaryImageOfPage":{"@id":"https:\/\/www.gemeinde-untermarchtal.de\/index.php\/die-donauschleife-ein-tourismuskonzept\/#primaryimage"},"image":{"@id":"https:\/\/www.gemeinde-untermarchtal.de\/index.php\/die-donauschleife-ein-tourismuskonzept\/#primaryimage"},"thumbnailUrl":"https:\/\/www.gemeinde-untermarchtal.de\/bilder\/Donauschleife_Sat.jpg","datePublished":"2016-11-05T23:07:09+00:00","dateModified":"2018-07-21T06:33:35+00:00","breadcrumb":{"@id":"https:\/\/www.gemeinde-untermarchtal.de\/index.php\/die-donauschleife-ein-tourismuskonzept\/#breadcrumb"},"inLanguage":"de","potentialAction":[{"@type":"ReadAction","target":["https:\/\/www.gemeinde-untermarchtal.de\/index.php\/die-donauschleife-ein-tourismuskonzept\/"]}]},{"@type":"ImageObject","inLanguage":"de","@id":"https:\/\/www.gemeinde-untermarchtal.de\/index.php\/die-donauschleife-ein-tourismuskonzept\/#primaryimage","url":"https:\/\/www.gemeinde-untermarchtal.de\/bilder\/Donauschleife_Sat.jpg","contentUrl":"https:\/\/www.gemeinde-untermarchtal.de\/bilder\/Donauschleife_Sat.jpg","width":760,"height":569},{"@type":"BreadcrumbList","@id":"https:\/\/www.gemeinde-untermarchtal.de\/index.php\/die-donauschleife-ein-tourismuskonzept\/#breadcrumb","itemListElement":[{"@type":"ListItem","position":1,"name":"Startseite","item":"https:\/\/www.gemeinde-untermarchtal.de\/"},{"@type":"ListItem","position":2,"name":"Die Donauschleife - ein Tourismuskonzept"}]},{"@type":"WebSite","@id":"https:\/\/www.gemeinde-untermarchtal.de\/#website","url":"https:\/\/www.gemeinde-untermarchtal.de\/","name":"Gemeinde Untermarchtal","description":"Gemeinde Untermarchtal","potentialAction":[{"@type":"SearchAction","target":{"@type":"EntryPoint","urlTemplate":"https:\/\/www.gemeinde-untermarchtal.de\/?s={search_term_string}"},"query-input":{"@type":"PropertyValueSpecification","valueRequired":true,"valueName":"search_term_string"}}],"inLanguage":"de"}]}},"_links":{"self":[{"href":"https:\/\/www.gemeinde-untermarchtal.de\/index.php\/wp-json\/wp\/v2\/pages\/1722","targetHints":{"allow":["GET"]}}],"collection":[{"href":"https:\/\/www.gemeinde-untermarchtal.de\/index.php\/wp-json\/wp\/v2\/pages"}],"about":[{"href":"https:\/\/www.gemeinde-untermarchtal.de\/index.php\/wp-json\/wp\/v2\/types\/page"}],"author":[{"embeddable":true,"href":"https:\/\/www.gemeinde-untermarchtal.de\/index.php\/wp-json\/wp\/v2\/users\/1"}],"replies":[{"embeddable":true,"href":"https:\/\/www.gemeinde-untermarchtal.de\/index.php\/wp-json\/wp\/v2\/comments?post=1722"}],"version-history":[{"count":19,"href":"https:\/\/www.gemeinde-untermarchtal.de\/index.php\/wp-json\/wp\/v2\/pages\/1722\/revisions"}],"predecessor-version":[{"id":2727,"href":"https:\/\/www.gemeinde-untermarchtal.de\/index.php\/wp-json\/wp\/v2\/pages\/1722\/revisions\/2727"}],"wp:attachment":[{"href":"https:\/\/www.gemeinde-untermarchtal.de\/index.php\/wp-json\/wp\/v2\/media?parent=1722"}],"curies":[{"name":"wp","href":"https:\/\/api.w.org\/{rel}","templated":true}]}}