{"id":1746,"date":"2016-11-09T21:23:36","date_gmt":"2016-11-09T20:23:36","guid":{"rendered":"http:\/\/www.gemeinde-untermarchtal.de\/?page_id=1746"},"modified":"2018-07-21T08:39:05","modified_gmt":"2018-07-21T06:39:05","slug":"ehrenbuerger-albert-grossmann","status":"publish","type":"page","link":"https:\/\/www.gemeinde-untermarchtal.de\/index.php\/ehrenbuerger-albert-grossmann\/","title":{"rendered":"Ehrenb\u00fcrger - Albert Gro\u00dfmann"},"content":{"rendered":"<h3>Wir bl\u00e4ttern in der Geschichte Untermarchtals zur\u00fcck: Vor 85 Jahren - Ernennung zum Ehrenb\u00fcrger - Albert Gro\u00dfmann<\/h3>\r\n<p>In diesen Tagen, am 9. September 2011, j\u00e4hrt sich ein bemerkenswertes, gemeindegeschichtliches Ereignis zum 85. Jahrestag. Der damalige B\u00fcrgermeister oder Schulthei\u00df wie man damals zu sagen pflegte, Albert Gro\u00dfmann, wurde in seiner Amtszeit vom Gemeinderat zum Ehrenb\u00fcrger ernannt und ihm damit das &#8222;Ehrenb\u00fcrgerrecht&#8220; zugesprochen. Anla\u00df f\u00fcr die Ernennung zum Ehrenb\u00fcrger war das 25-j\u00e4hrige Amts-Jubil\u00e4um als Untermarchtaler B\u00fcrgermeister und &#8222;die dankbare Anerkennung der gro\u00dfen Verdienste durch 25-j\u00e4hrige treue Wirksamkeit&#8220; in hiesiger Gemeinde, wie es in der Urkunde hei\u00dft. Die Urkunde wurde vom Stellv. Vorsitzenden Ziegler unterzeichnet. Eine Kopie dieser Urkunde befindet sich in der Dauerausstellung im Kalkwerk Untermarchtal, dessen Mitbegr\u00fcnder Albert Gro\u00dfmann war. Eine kurze Lebensbeschreibung von Albert Gro\u00dfmann. Albert Gro\u00dfmann wurde am 19. Januar 1873 in Untermarchtal als j\u00fcngstes Kind der Familie Rupert und Ludowicka geb. Braig geboren. Er hatte noch drei \u00e4ltere Geschwister. Vater Rupert war von Beruf Metzger und Gemeindepfleger. Sohn Albert erlernte das Zimmermannshandwerk und baute sich hier einen kleinen Betrieb auf. Der Zimmereiplatz war auf dem heutigen Gel\u00e4nde der jetzigen Untermarchtaler Sportanlage Richtung G\u00fctelhofen. Bis zu seiner Wahl zum B\u00fcrgermeister und Schulthei\u00df von Untermarchtal 1901, war er Gemeindepfleger seines Heimatortes. Somit \u00fcbernahm im Alter von nur 28 Jahren nebenamtlich die Funktion des B\u00fcrgermeisters seiner Heimatgemeinde. Er wurde Amtsnachfolger von Josef Vogelsang. Albert Gro\u00dfmann war dann B\u00fcrgermeister von 1901 bis zu seinem Tod am 16. September 1930. Im Jahre 1906 verheirate sich Albert Gro\u00dfmann mit Franziska Scherm aus Eschenbach\/Oberpfalz. Aus der Ehe gingen die Kinder Ida Albertine, seine sp\u00e4tere Rathaussekret\u00e4rin und B\u00fcrosekret\u00e4rin des Kalkwerk Untermarchtal, Paula Ludowicke, sp\u00e4tere Pfarrhaush\u00e4lterin von Pfarrer Karl Gro\u00df aus Untermarchtal (Pfarrer in Hausen am Bussen) und Sohn Albert hervor. In seiner fast 30-j\u00e4hrigen Amtszeit wurden sehr bedeutende Gemeindevorhaben umgesetzt. Dies war der Bau der \u00f6ffentlichen Wasserversorgung 1903, ab 1908 die Kanalisation, ab 1910 der Gemeindeanschlu\u00df an das Stromversorgungsnetz und 1928\/29 die Installation der elektrischen Ortsbeleuchtung. Nicht nur seine Aufgeschlossenheit gegen\u00fcber technischen und wirtschaftlichen Neuerungen und Verbesserungen f\u00fcr die B\u00fcrgerschaft zeichneten Albert Gro\u00dfmann aus. Seine allt\u00e4gliche Umgangsart mit seinen Mitmenschen und sein soziales Engagement machten ihn bei seinen Mitb\u00fcrgern beliebt. Dies trug dazu wesentlich bei, dass ihn die Gemeinde im Jahre 1926, und wie schon erw\u00e4hnt w\u00e4hrend seiner bestehenden Amtszeit, zu ihrem Ehrenb\u00fcrger ernannt.<\/p>\r\n\r\n<div id=\"attachment_1749\" style=\"width: 435px\" class=\"wp-caption alignnone\"><img loading=\"lazy\" decoding=\"async\" aria-describedby=\"caption-attachment-1749\" class=\"wp-image-1749 size-full\" src=\"https:\/\/www.gemeinde-untermarchtal.de\/bilder\/Albert_Gro\u00dfmann.jpg\" alt=\"albert_grossmann\" width=\"425\" height=\"760\" \/><p id=\"caption-attachment-1749\" class=\"wp-caption-text\">Albert Gro\u00dfmann, B\u00fcrgermeister, Kalkwerkmitbegr\u00fcnder und Ehrenb\u00fcrger von Untermarchtal (1873-1930)<\/p><\/div>\r\n<h3>Gr\u00fcndung des Kalkwerk Untermarchtal<\/h3>\r\n<p>Seine unternehmerische Tatkraft bezeugte Albert Gro\u00dfmann mit dem Beschlu\u00df, im Jahr 1921 zusammen mit dem Munderkinger Bauunternehmer und Maurermeister Leopold Ege sowie dem Dieterskircher Landwirt und Holzh\u00e4ndler Josef Bailer die Firma &#8222;Kalkwerk Untermarchtal&#8220; zu gr\u00fcnden. Alle drei waren in ihren Heimatgemeinden bekannte Pers\u00f6nlichkeiten. Am 13. Januar 1922 erwarben Gro\u00dfmann, Ege und Bailer von der Gemeinde Untermarchtal und einigen Privatpersonen f\u00fcr insgesamt 3710 Mark im Gewann Bannb\u00fchl das ben\u00f6tigte Gel\u00e4nde zur Gr\u00fcndung des &#8222;Kalkwerk Untermarchtal&#8220;. Der Gel\u00e4ndestandort des Unternehmens war gut gew\u00e4hlt. Der Kalkofen und das Betriebsgel\u00e4nde an der Hauptstra\u00dfe nach Ehingen ist an verkehrg\u00fcnstiger Lage. Der Steinbruch mit Massenkalken der Wei\u00dfjuraschicht Zeta 1 ist zur Wei\u00dfkalkherstellung geeignet. S\u00fcdlich der Hauptstra\u00dfe nach Ehingen ist der Steinbruch mit Zementmergel der Wei\u00dfjuraschicht Zeta 2. Dieser hat beste Voraussetzungen zur Herstellung von Schwarzkalk. Die bis 1923 bestehende Zwangsbewirtschaftung des knappen Brennstoff Kohle beg\u00fcnstigte eher die kleineren Werke wie dieses hier, obwohl dieses auch sicherlich in die Sparte &#8222;Spekulationswelle Kleinunternehmer&#8220; fiel aber durch die Verbindung B\u00fcrgermeisteramt, Zimmereibetrieb, Bauunternehmer, Holzhandelsfirma, eher leicht an zu erschlie\u00dfende Rohstoffvorkommen g\u00fcnstig herankam. Die Produktion wurde Anfang 1923 aufgenommen und zwar mit Wei\u00df- und Schwarzkalk. Aber bereits Ende Oktober 1929 geriet das Kalkwerk in eine Zeit der Krise und des Umbruchs. Die Weltwirtschaftskrise war hier mit ein Grund. Die Mitgesellschafter Ege und Bailer verlie\u00dfen die Firma. Ab 16. Mai 1930 war Albert Gro\u00dfmann alleiniger Besitzer des &#8222;Kalkwerk Untermarchtal&#8220;. Der ganze, aufreibende Umbruch hat aber dem jetzigen und alleinigen Besitzer viel Kraft gekostet und dies nagte an seiner Gesundheit. Bereits am 16. September 1930 verstarb B\u00fcrgermeister und Kalkwerkbesitzer sowie Ehrenb\u00fcrger von Untermarchtal, Albert Gro\u00dfmann im Alter von 57 Jahren im Riedlinger Krankenhaus. Die neue Besitzerin des Kalkwerk war nunmehr seine Witwe Franziska Gro\u00dfmann (1876-1947). Sie und ihre Kinder sahen sich au\u00dferstande das Kalkwerk allein weiterzuf\u00fchren. Drei Arbeiter f\u00fchrte die Firma noch weiter bis Ende Januar 1931. Dies waren Peter Speidel, Josef Engler und Albert Gro\u00dfmann jun.. Am 31. Januar 1931 kam es zur endg\u00fcltigen Versteigerung des Kalkwerkes. Aber erst 2 Wochen sp\u00e4ter beim zweiten Versteigerungsversuch erwarb der einheimische Landwirt Matth\u00e4us Fischer das Werk samt Zubeh\u00f6r f\u00fcr 2800 Mark. Fischer nahm die Produktion wieder mit der Produktpaletter auf. Tatsache war aber, da\u00df die Qualit\u00e4t des gebrannten Kalk zur\u00fcckging. Dies hatte Auswirkung auf den Ertrag des Kalkwerkes. Nebenerwerb &#8222;Kalkwerk&#8220; und Landwirtschaft war eine Doppelbelastung und f\u00fchrte offensichtlich zu Problemen und Auseinandersetzungen. Fischer verpachtet dann 1934 das Werk an den Baustoffh\u00e4ndler Karl Halder aus D\u00fcrmentingen. Der Niedergangh des Werkes lie\u00df sich nicht aufhalten. Er reduzierte die Produktion weiter und verlegte sich allem auf die Herstellung von D\u00fcngekalk, was auf eine weiter zur\u00fcckgehende Qualit\u00e4t des erzeugten Branntkalk hindeutet. Neben dem Kalkwerk betrieb Halder eine Lohndrescherei. Die Siebanlage im Kalkwerk und der Benzinmotor hatten inzwischen Schaden erlitten, ebenfalls die Steinquetsche. Die Kugelm\u00fchle wurde verkauft. 1939 wurde das Werk endg\u00fcltig stillgelegt, da mit Ausbruch des Weltkriegs kein Brennmaterial zu bekommen war. Halder gab die Verpachtung an den Besitzer Fischer zur\u00fcck. Dieser versuchte den Betrieb eingeschr\u00e4nkt weiterzuf\u00fchren. Aber als Kalkwerk hatte die Anlage keine Bedeutung mehr. Bis 1984 blieb das Kalkwerk im Besitz der Familie Fischer. Es diente derweil als Fahrzeugremise. Das jetzt ziemlich verfallene Geb\u00e4ude samt Grund erwarb 1984 das Land Baden-W\u00fcrttemberg von der Familie Fischer-Ziegler. Das Land \u00fcberlie\u00df dann die Anlage ab 1986 zur Betreuung dem Schw\u00e4bischen Heimatbund in Erbpacht. Die gesamte Anlage wurde dann bis 1990 v\u00f6llig restauriert und der &#8222;Kalkofen Untermarchtal&#8220; dient jetzt als hochinteressantes Technik-Museum, als Projektseminar sowie als Technik-Denkmal. St\u00e4ndige Ausstellungen mit F\u00fchrungen stehen auf der Tagesordnung. In bestimmten Zeitabst\u00e4nden wird das Werk von der Ortsgruppe des Schw\u00e4bischen Heimatbund Untermarchtal zu Schauzwecken in Betrieb genommen.<\/p>\r\n\r\n<div id=\"attachment_1750\" style=\"width: 580px\" class=\"wp-caption alignnone\"><img loading=\"lazy\" decoding=\"async\" aria-describedby=\"caption-attachment-1750\" class=\"wp-image-1750 size-full\" src=\"https:\/\/www.gemeinde-untermarchtal.de\/bilder\/Albert_Gro\u00dfmann_Urkunde.jpg\" alt=\"albert_grossmann_urkunde\" width=\"570\" height=\"760\" \/><p id=\"caption-attachment-1750\" class=\"wp-caption-text\">&#8222;Ehrenb\u00fcrgerurkunde&#8220; von Albert Gro\u00dfmann Ehrenb\u00fcrger - Albert Gro\u00dfmann<\/p><\/div>\r\n\r\n<p>Quellen des Textes, auszugsweise, von &#8222;Kalk und Zement in W\u00fcrttemberg&#8220; von Helmuth Albrecht mit Industriegeschichte am S\u00fcdrand der Schw\u00e4bischen Alb. Ausgabe 1991<\/p>","protected":false},"excerpt":{"rendered":"<p>Wir bl\u00e4ttern in der Geschichte Untermarchtals zur\u00fcck: Vor 85 Jahren - Ernennung zum Ehrenb\u00fcrger - Albert Gro\u00dfmann In diesen Tagen, am 9. September 2011, j\u00e4hrt sich ein bemerkenswertes, gemeindegeschichtliches Ereignis zum 85. Jahrestag. Der damalige B\u00fcrgermeister oder Schulthei\u00df wie man damals zu sagen pflegte, Albert Gro\u00dfmann, wurde in seiner Amtszeit vom Gemeinderat zum Ehrenb\u00fcrger ernannt [&hellip;]<\/p>\n","protected":false},"author":1,"featured_media":0,"parent":0,"menu_order":0,"comment_status":"closed","ping_status":"closed","template":"page-templates\/_template_historische_beitraege.php","meta":{"_acf_changed":false,"footnotes":""},"class_list":["post-1746","page","type-page","status-publish","hentry"],"acf":[],"yoast_head":"<!-- This site is optimized with the Yoast SEO plugin v26.7 - https:\/\/yoast.com\/wordpress\/plugins\/seo\/ -->\n<title>Ehrenb\u00fcrger - Albert Gro\u00dfmann - Gemeinde Untermarchtal<\/title>\n<meta name=\"robots\" content=\"index, follow, max-snippet:-1, max-image-preview:large, max-video-preview:-1\" \/>\n<link rel=\"canonical\" href=\"https:\/\/www.gemeinde-untermarchtal.de\/index.php\/ehrenbuerger-albert-grossmann\/\" \/>\n<meta property=\"og:locale\" content=\"de_DE\" \/>\n<meta property=\"og:type\" content=\"article\" \/>\n<meta property=\"og:title\" content=\"Ehrenb\u00fcrger - Albert Gro\u00dfmann - Gemeinde Untermarchtal\" \/>\n<meta property=\"og:description\" content=\"Wir bl\u00e4ttern in der Geschichte Untermarchtals zur\u00fcck: Vor 85 Jahren - Ernennung zum Ehrenb\u00fcrger - Albert Gro\u00dfmann In diesen Tagen, am 9. September 2011, j\u00e4hrt sich ein bemerkenswertes, gemeindegeschichtliches Ereignis zum 85. Jahrestag. Der damalige B\u00fcrgermeister oder Schulthei\u00df wie man damals zu sagen pflegte, Albert Gro\u00dfmann, wurde in seiner Amtszeit vom Gemeinderat zum Ehrenb\u00fcrger ernannt [&hellip;]\" \/>\n<meta property=\"og:url\" content=\"https:\/\/www.gemeinde-untermarchtal.de\/index.php\/ehrenbuerger-albert-grossmann\/\" \/>\n<meta property=\"og:site_name\" content=\"Gemeinde Untermarchtal\" \/>\n<meta property=\"article:modified_time\" content=\"2018-07-21T06:39:05+00:00\" \/>\n<meta property=\"og:image\" content=\"https:\/\/www.gemeinde-untermarchtal.de\/bilder\/Albert_Gro\u00dfmann.jpg\" \/>\n<meta name=\"twitter:card\" content=\"summary_large_image\" \/>\n<meta name=\"twitter:label1\" content=\"Gesch\u00e4tzte Lesezeit\" \/>\n\t<meta name=\"twitter:data1\" content=\"6\u00a0Minuten\" \/>\n<script type=\"application\/ld+json\" class=\"yoast-schema-graph\">{\"@context\":\"https:\/\/schema.org\",\"@graph\":[{\"@type\":\"WebPage\",\"@id\":\"https:\/\/www.gemeinde-untermarchtal.de\/index.php\/ehrenbuerger-albert-grossmann\/\",\"url\":\"https:\/\/www.gemeinde-untermarchtal.de\/index.php\/ehrenbuerger-albert-grossmann\/\",\"name\":\"Ehrenb\u00fcrger - Albert Gro\u00dfmann - Gemeinde Untermarchtal\",\"isPartOf\":{\"@id\":\"https:\/\/www.gemeinde-untermarchtal.de\/#website\"},\"datePublished\":\"2016-11-09T20:23:36+00:00\",\"dateModified\":\"2018-07-21T06:39:05+00:00\",\"breadcrumb\":{\"@id\":\"https:\/\/www.gemeinde-untermarchtal.de\/index.php\/ehrenbuerger-albert-grossmann\/#breadcrumb\"},\"inLanguage\":\"de\",\"potentialAction\":[{\"@type\":\"ReadAction\",\"target\":[\"https:\/\/www.gemeinde-untermarchtal.de\/index.php\/ehrenbuerger-albert-grossmann\/\"]}]},{\"@type\":\"BreadcrumbList\",\"@id\":\"https:\/\/www.gemeinde-untermarchtal.de\/index.php\/ehrenbuerger-albert-grossmann\/#breadcrumb\",\"itemListElement\":[{\"@type\":\"ListItem\",\"position\":1,\"name\":\"Startseite\",\"item\":\"https:\/\/www.gemeinde-untermarchtal.de\/\"},{\"@type\":\"ListItem\",\"position\":2,\"name\":\"Ehrenb\u00fcrger - Albert Gro\u00dfmann\"}]},{\"@type\":\"WebSite\",\"@id\":\"https:\/\/www.gemeinde-untermarchtal.de\/#website\",\"url\":\"https:\/\/www.gemeinde-untermarchtal.de\/\",\"name\":\"Gemeinde Untermarchtal\",\"description\":\"Gemeinde Untermarchtal\",\"potentialAction\":[{\"@type\":\"SearchAction\",\"target\":{\"@type\":\"EntryPoint\",\"urlTemplate\":\"https:\/\/www.gemeinde-untermarchtal.de\/?s={search_term_string}\"},\"query-input\":{\"@type\":\"PropertyValueSpecification\",\"valueRequired\":true,\"valueName\":\"search_term_string\"}}],\"inLanguage\":\"de\"}]}<\/script>\n<!-- \/ Yoast SEO plugin. -->","yoast_head_json":{"title":"Ehrenb\u00fcrger - Albert Gro\u00dfmann - Gemeinde Untermarchtal","robots":{"index":"index","follow":"follow","max-snippet":"max-snippet:-1","max-image-preview":"max-image-preview:large","max-video-preview":"max-video-preview:-1"},"canonical":"https:\/\/www.gemeinde-untermarchtal.de\/index.php\/ehrenbuerger-albert-grossmann\/","og_locale":"de_DE","og_type":"article","og_title":"Ehrenb\u00fcrger - Albert Gro\u00dfmann - Gemeinde Untermarchtal","og_description":"Wir bl\u00e4ttern in der Geschichte Untermarchtals zur\u00fcck: Vor 85 Jahren - Ernennung zum Ehrenb\u00fcrger - Albert Gro\u00dfmann In diesen Tagen, am 9. September 2011, j\u00e4hrt sich ein bemerkenswertes, gemeindegeschichtliches Ereignis zum 85. Jahrestag. Der damalige B\u00fcrgermeister oder Schulthei\u00df wie man damals zu sagen pflegte, Albert Gro\u00dfmann, wurde in seiner Amtszeit vom Gemeinderat zum Ehrenb\u00fcrger ernannt [&hellip;]","og_url":"https:\/\/www.gemeinde-untermarchtal.de\/index.php\/ehrenbuerger-albert-grossmann\/","og_site_name":"Gemeinde Untermarchtal","article_modified_time":"2018-07-21T06:39:05+00:00","og_image":[{"url":"https:\/\/www.gemeinde-untermarchtal.de\/bilder\/Albert_Gro\u00dfmann.jpg","type":"","width":"","height":""}],"twitter_card":"summary_large_image","twitter_misc":{"Gesch\u00e4tzte Lesezeit":"6\u00a0Minuten"},"schema":{"@context":"https:\/\/schema.org","@graph":[{"@type":"WebPage","@id":"https:\/\/www.gemeinde-untermarchtal.de\/index.php\/ehrenbuerger-albert-grossmann\/","url":"https:\/\/www.gemeinde-untermarchtal.de\/index.php\/ehrenbuerger-albert-grossmann\/","name":"Ehrenb\u00fcrger - Albert Gro\u00dfmann - Gemeinde Untermarchtal","isPartOf":{"@id":"https:\/\/www.gemeinde-untermarchtal.de\/#website"},"datePublished":"2016-11-09T20:23:36+00:00","dateModified":"2018-07-21T06:39:05+00:00","breadcrumb":{"@id":"https:\/\/www.gemeinde-untermarchtal.de\/index.php\/ehrenbuerger-albert-grossmann\/#breadcrumb"},"inLanguage":"de","potentialAction":[{"@type":"ReadAction","target":["https:\/\/www.gemeinde-untermarchtal.de\/index.php\/ehrenbuerger-albert-grossmann\/"]}]},{"@type":"BreadcrumbList","@id":"https:\/\/www.gemeinde-untermarchtal.de\/index.php\/ehrenbuerger-albert-grossmann\/#breadcrumb","itemListElement":[{"@type":"ListItem","position":1,"name":"Startseite","item":"https:\/\/www.gemeinde-untermarchtal.de\/"},{"@type":"ListItem","position":2,"name":"Ehrenb\u00fcrger - Albert Gro\u00dfmann"}]},{"@type":"WebSite","@id":"https:\/\/www.gemeinde-untermarchtal.de\/#website","url":"https:\/\/www.gemeinde-untermarchtal.de\/","name":"Gemeinde Untermarchtal","description":"Gemeinde Untermarchtal","potentialAction":[{"@type":"SearchAction","target":{"@type":"EntryPoint","urlTemplate":"https:\/\/www.gemeinde-untermarchtal.de\/?s={search_term_string}"},"query-input":{"@type":"PropertyValueSpecification","valueRequired":true,"valueName":"search_term_string"}}],"inLanguage":"de"}]}},"_links":{"self":[{"href":"https:\/\/www.gemeinde-untermarchtal.de\/index.php\/wp-json\/wp\/v2\/pages\/1746","targetHints":{"allow":["GET"]}}],"collection":[{"href":"https:\/\/www.gemeinde-untermarchtal.de\/index.php\/wp-json\/wp\/v2\/pages"}],"about":[{"href":"https:\/\/www.gemeinde-untermarchtal.de\/index.php\/wp-json\/wp\/v2\/types\/page"}],"author":[{"embeddable":true,"href":"https:\/\/www.gemeinde-untermarchtal.de\/index.php\/wp-json\/wp\/v2\/users\/1"}],"replies":[{"embeddable":true,"href":"https:\/\/www.gemeinde-untermarchtal.de\/index.php\/wp-json\/wp\/v2\/comments?post=1746"}],"version-history":[{"count":14,"href":"https:\/\/www.gemeinde-untermarchtal.de\/index.php\/wp-json\/wp\/v2\/pages\/1746\/revisions"}],"predecessor-version":[{"id":2729,"href":"https:\/\/www.gemeinde-untermarchtal.de\/index.php\/wp-json\/wp\/v2\/pages\/1746\/revisions\/2729"}],"wp:attachment":[{"href":"https:\/\/www.gemeinde-untermarchtal.de\/index.php\/wp-json\/wp\/v2\/media?parent=1746"}],"curies":[{"name":"wp","href":"https:\/\/api.w.org\/{rel}","templated":true}]}}