{"id":1761,"date":"2016-11-11T22:25:43","date_gmt":"2016-11-11T21:25:43","guid":{"rendered":"http:\/\/www.gemeinde-untermarchtal.de\/?page_id=1761"},"modified":"2018-07-21T08:45:39","modified_gmt":"2018-07-21T06:45:39","slug":"eiskalte-witterung-januar-februar-1956","status":"publish","type":"page","link":"https:\/\/www.gemeinde-untermarchtal.de\/index.php\/eiskalte-witterung-januar-februar-1956\/","title":{"rendered":"Eiskalte Witterung - Januar-Februar 1956"},"content":{"rendered":"<h3>Altes lang aufbewahrt und neu entdeckt<\/h3>\r\n<p>Zur Zeit spricht alles von der anhaltend klirrender K\u00e4lte mit zweistelligen Minustemperaturen in der Region. Das war alles auch schon vor Jahrzehnten in unseren Breiten zu erleben. Den Beweis liefern die beiden guten schwarz-wei\u00df Fotoaufnahmen vom Januar\/Februar 1956, herstammend vom damaligen B\u00fcrgermeister Helmut Winter. B\u00fcrgermeister Winter war zu seinen Lebzeit (1921-1995) auch ein begabter Maler seiner Heimatlandschaft. Er vermerkte auf der R\u00fcckseite der Fotos, dass damals bis zu 30 Grad minus gemessen wurden. Sicher eine damals knackige und heftige K\u00e4lte mit all ihren Sch\u00f6nheiten wie die Fotos bei der Ortsdonaubr\u00fccke zeigen und die den Betrachter in ihren Bann zogen. Der Schreiber dieser Zeilen erinnert sich noch als damaliger Sch\u00fcler, wie sich die Eisschollen und das Eisgeschiebe sich bis 50 cm bei der Br\u00fccke auft\u00fcrmten. Doch als tragf\u00e4hig zum Begehen war das Eis nicht \u00fcber dem Niedrigflie\u00dfwasser der Donau. Wir Sch\u00fcler wurden deshalb auch gewarnt, das Eis zu betreten.<\/p>\r\n\r\n<div id=\"attachment_1764\" style=\"width: 770px\" class=\"wp-caption alignnone\"><img loading=\"lazy\" decoding=\"async\" aria-describedby=\"caption-attachment-1764\" class=\"wp-image-1764 size-full\" src=\"https:\/\/www.gemeinde-untermarchtal.de\/bilder\/Donau_Zugefroren_1_Januar_Februar_1956.jpg\" alt=\"donau_zugefroren_1_januar_februar_1956\" width=\"760\" height=\"571\" \/><p id=\"caption-attachment-1764\" class=\"wp-caption-text\">Treibeis auf der Donau 1956 - Blick vom s\u00fcdlichen Ufer der Donau Flu\u00dfaufw\u00e4rts<\/p><\/div>\r\n\r\n<div id=\"attachment_1765\" style=\"width: 770px\" class=\"wp-caption alignnone\"><img loading=\"lazy\" decoding=\"async\" aria-describedby=\"caption-attachment-1765\" class=\"wp-image-1765 size-full\" src=\"https:\/\/www.gemeinde-untermarchtal.de\/bilder\/Donau_Zugefroren_2_Januar_Februar_1956.jpg\" alt=\"donau_zugefroren_2_januar_februar_1956\" width=\"760\" height=\"570\" \/><p id=\"caption-attachment-1765\" class=\"wp-caption-text\">Die Br\u00fcckenpfeiler hinterlassen Spuren im flie\u00dfenden Eis - Blick Donauabw\u00e4rts<\/p><\/div>\r\n\r\n<p>Fotos: \u00dcberlassenes Fotoarchiv von Helmut Winter an den Verfasser.<\/p>","protected":false},"excerpt":{"rendered":"<p>Altes lang aufbewahrt und neu entdeckt Zur Zeit spricht alles von der anhaltend klirrender K\u00e4lte mit zweistelligen Minustemperaturen in der Region. Das war alles auch schon vor Jahrzehnten in unseren Breiten zu erleben. Den Beweis liefern die beiden guten schwarz-wei\u00df Fotoaufnahmen vom Januar\/Februar 1956, herstammend vom damaligen B\u00fcrgermeister Helmut Winter. B\u00fcrgermeister Winter war zu seinen [&hellip;]<\/p>\n","protected":false},"author":1,"featured_media":0,"parent":0,"menu_order":0,"comment_status":"closed","ping_status":"closed","template":"page-templates\/_template_historische_beitraege.php","meta":{"_acf_changed":false,"footnotes":""},"class_list":["post-1761","page","type-page","status-publish","hentry"],"acf":[],"yoast_head":"<!-- This site is optimized with the Yoast SEO plugin v26.7 - https:\/\/yoast.com\/wordpress\/plugins\/seo\/ -->\n<title>Eiskalte Witterung - Januar-Februar 1956 - Gemeinde Untermarchtal<\/title>\n<meta name=\"robots\" content=\"index, follow, max-snippet:-1, max-image-preview:large, max-video-preview:-1\" \/>\n<link rel=\"canonical\" href=\"https:\/\/www.gemeinde-untermarchtal.de\/index.php\/eiskalte-witterung-januar-februar-1956\/\" \/>\n<meta property=\"og:locale\" content=\"de_DE\" \/>\n<meta property=\"og:type\" content=\"article\" \/>\n<meta property=\"og:title\" content=\"Eiskalte Witterung - Januar-Februar 1956 - Gemeinde Untermarchtal\" \/>\n<meta property=\"og:description\" content=\"Altes lang aufbewahrt und neu entdeckt Zur Zeit spricht alles von der anhaltend klirrender K\u00e4lte mit zweistelligen Minustemperaturen in der Region. Das war alles auch schon vor Jahrzehnten in unseren Breiten zu erleben. Den Beweis liefern die beiden guten schwarz-wei\u00df Fotoaufnahmen vom Januar\/Februar 1956, herstammend vom damaligen B\u00fcrgermeister Helmut Winter. B\u00fcrgermeister Winter war zu seinen [&hellip;]\" \/>\n<meta property=\"og:url\" content=\"https:\/\/www.gemeinde-untermarchtal.de\/index.php\/eiskalte-witterung-januar-februar-1956\/\" \/>\n<meta property=\"og:site_name\" content=\"Gemeinde Untermarchtal\" \/>\n<meta property=\"article:modified_time\" content=\"2018-07-21T06:45:39+00:00\" \/>\n<meta property=\"og:image\" content=\"https:\/\/www.gemeinde-untermarchtal.de\/bilder\/Donau_Zugefroren_1_Januar_Februar_1956.jpg\" \/>\n<meta name=\"twitter:card\" content=\"summary_large_image\" \/>\n<meta name=\"twitter:label1\" content=\"Gesch\u00e4tzte Lesezeit\" \/>\n\t<meta name=\"twitter:data1\" content=\"1\u00a0Minute\" \/>\n<script type=\"application\/ld+json\" class=\"yoast-schema-graph\">{\"@context\":\"https:\/\/schema.org\",\"@graph\":[{\"@type\":\"WebPage\",\"@id\":\"https:\/\/www.gemeinde-untermarchtal.de\/index.php\/eiskalte-witterung-januar-februar-1956\/\",\"url\":\"https:\/\/www.gemeinde-untermarchtal.de\/index.php\/eiskalte-witterung-januar-februar-1956\/\",\"name\":\"Eiskalte Witterung - Januar-Februar 1956 - Gemeinde Untermarchtal\",\"isPartOf\":{\"@id\":\"https:\/\/www.gemeinde-untermarchtal.de\/#website\"},\"primaryImageOfPage\":{\"@id\":\"https:\/\/www.gemeinde-untermarchtal.de\/index.php\/eiskalte-witterung-januar-februar-1956\/#primaryimage\"},\"image\":{\"@id\":\"https:\/\/www.gemeinde-untermarchtal.de\/index.php\/eiskalte-witterung-januar-februar-1956\/#primaryimage\"},\"thumbnailUrl\":\"https:\/\/www.gemeinde-untermarchtal.de\/bilder\/Donau_Zugefroren_1_Januar_Februar_1956.jpg\",\"datePublished\":\"2016-11-11T21:25:43+00:00\",\"dateModified\":\"2018-07-21T06:45:39+00:00\",\"breadcrumb\":{\"@id\":\"https:\/\/www.gemeinde-untermarchtal.de\/index.php\/eiskalte-witterung-januar-februar-1956\/#breadcrumb\"},\"inLanguage\":\"de\",\"potentialAction\":[{\"@type\":\"ReadAction\",\"target\":[\"https:\/\/www.gemeinde-untermarchtal.de\/index.php\/eiskalte-witterung-januar-februar-1956\/\"]}]},{\"@type\":\"ImageObject\",\"inLanguage\":\"de\",\"@id\":\"https:\/\/www.gemeinde-untermarchtal.de\/index.php\/eiskalte-witterung-januar-februar-1956\/#primaryimage\",\"url\":\"https:\/\/www.gemeinde-untermarchtal.de\/bilder\/Donau_Zugefroren_1_Januar_Februar_1956.jpg\",\"contentUrl\":\"https:\/\/www.gemeinde-untermarchtal.de\/bilder\/Donau_Zugefroren_1_Januar_Februar_1956.jpg\",\"width\":760,\"height\":571},{\"@type\":\"BreadcrumbList\",\"@id\":\"https:\/\/www.gemeinde-untermarchtal.de\/index.php\/eiskalte-witterung-januar-februar-1956\/#breadcrumb\",\"itemListElement\":[{\"@type\":\"ListItem\",\"position\":1,\"name\":\"Startseite\",\"item\":\"https:\/\/www.gemeinde-untermarchtal.de\/\"},{\"@type\":\"ListItem\",\"position\":2,\"name\":\"Eiskalte Witterung - Januar-Februar 1956\"}]},{\"@type\":\"WebSite\",\"@id\":\"https:\/\/www.gemeinde-untermarchtal.de\/#website\",\"url\":\"https:\/\/www.gemeinde-untermarchtal.de\/\",\"name\":\"Gemeinde Untermarchtal\",\"description\":\"Gemeinde Untermarchtal\",\"potentialAction\":[{\"@type\":\"SearchAction\",\"target\":{\"@type\":\"EntryPoint\",\"urlTemplate\":\"https:\/\/www.gemeinde-untermarchtal.de\/?s={search_term_string}\"},\"query-input\":{\"@type\":\"PropertyValueSpecification\",\"valueRequired\":true,\"valueName\":\"search_term_string\"}}],\"inLanguage\":\"de\"}]}<\/script>\n<!-- \/ Yoast SEO plugin. -->","yoast_head_json":{"title":"Eiskalte Witterung - Januar-Februar 1956 - Gemeinde Untermarchtal","robots":{"index":"index","follow":"follow","max-snippet":"max-snippet:-1","max-image-preview":"max-image-preview:large","max-video-preview":"max-video-preview:-1"},"canonical":"https:\/\/www.gemeinde-untermarchtal.de\/index.php\/eiskalte-witterung-januar-februar-1956\/","og_locale":"de_DE","og_type":"article","og_title":"Eiskalte Witterung - Januar-Februar 1956 - Gemeinde Untermarchtal","og_description":"Altes lang aufbewahrt und neu entdeckt Zur Zeit spricht alles von der anhaltend klirrender K\u00e4lte mit zweistelligen Minustemperaturen in der Region. Das war alles auch schon vor Jahrzehnten in unseren Breiten zu erleben. Den Beweis liefern die beiden guten schwarz-wei\u00df Fotoaufnahmen vom Januar\/Februar 1956, herstammend vom damaligen B\u00fcrgermeister Helmut Winter. B\u00fcrgermeister Winter war zu seinen [&hellip;]","og_url":"https:\/\/www.gemeinde-untermarchtal.de\/index.php\/eiskalte-witterung-januar-februar-1956\/","og_site_name":"Gemeinde Untermarchtal","article_modified_time":"2018-07-21T06:45:39+00:00","og_image":[{"url":"https:\/\/www.gemeinde-untermarchtal.de\/bilder\/Donau_Zugefroren_1_Januar_Februar_1956.jpg","type":"","width":"","height":""}],"twitter_card":"summary_large_image","twitter_misc":{"Gesch\u00e4tzte Lesezeit":"1\u00a0Minute"},"schema":{"@context":"https:\/\/schema.org","@graph":[{"@type":"WebPage","@id":"https:\/\/www.gemeinde-untermarchtal.de\/index.php\/eiskalte-witterung-januar-februar-1956\/","url":"https:\/\/www.gemeinde-untermarchtal.de\/index.php\/eiskalte-witterung-januar-februar-1956\/","name":"Eiskalte Witterung - Januar-Februar 1956 - Gemeinde Untermarchtal","isPartOf":{"@id":"https:\/\/www.gemeinde-untermarchtal.de\/#website"},"primaryImageOfPage":{"@id":"https:\/\/www.gemeinde-untermarchtal.de\/index.php\/eiskalte-witterung-januar-februar-1956\/#primaryimage"},"image":{"@id":"https:\/\/www.gemeinde-untermarchtal.de\/index.php\/eiskalte-witterung-januar-februar-1956\/#primaryimage"},"thumbnailUrl":"https:\/\/www.gemeinde-untermarchtal.de\/bilder\/Donau_Zugefroren_1_Januar_Februar_1956.jpg","datePublished":"2016-11-11T21:25:43+00:00","dateModified":"2018-07-21T06:45:39+00:00","breadcrumb":{"@id":"https:\/\/www.gemeinde-untermarchtal.de\/index.php\/eiskalte-witterung-januar-februar-1956\/#breadcrumb"},"inLanguage":"de","potentialAction":[{"@type":"ReadAction","target":["https:\/\/www.gemeinde-untermarchtal.de\/index.php\/eiskalte-witterung-januar-februar-1956\/"]}]},{"@type":"ImageObject","inLanguage":"de","@id":"https:\/\/www.gemeinde-untermarchtal.de\/index.php\/eiskalte-witterung-januar-februar-1956\/#primaryimage","url":"https:\/\/www.gemeinde-untermarchtal.de\/bilder\/Donau_Zugefroren_1_Januar_Februar_1956.jpg","contentUrl":"https:\/\/www.gemeinde-untermarchtal.de\/bilder\/Donau_Zugefroren_1_Januar_Februar_1956.jpg","width":760,"height":571},{"@type":"BreadcrumbList","@id":"https:\/\/www.gemeinde-untermarchtal.de\/index.php\/eiskalte-witterung-januar-februar-1956\/#breadcrumb","itemListElement":[{"@type":"ListItem","position":1,"name":"Startseite","item":"https:\/\/www.gemeinde-untermarchtal.de\/"},{"@type":"ListItem","position":2,"name":"Eiskalte Witterung - Januar-Februar 1956"}]},{"@type":"WebSite","@id":"https:\/\/www.gemeinde-untermarchtal.de\/#website","url":"https:\/\/www.gemeinde-untermarchtal.de\/","name":"Gemeinde Untermarchtal","description":"Gemeinde Untermarchtal","potentialAction":[{"@type":"SearchAction","target":{"@type":"EntryPoint","urlTemplate":"https:\/\/www.gemeinde-untermarchtal.de\/?s={search_term_string}"},"query-input":{"@type":"PropertyValueSpecification","valueRequired":true,"valueName":"search_term_string"}}],"inLanguage":"de"}]}},"_links":{"self":[{"href":"https:\/\/www.gemeinde-untermarchtal.de\/index.php\/wp-json\/wp\/v2\/pages\/1761","targetHints":{"allow":["GET"]}}],"collection":[{"href":"https:\/\/www.gemeinde-untermarchtal.de\/index.php\/wp-json\/wp\/v2\/pages"}],"about":[{"href":"https:\/\/www.gemeinde-untermarchtal.de\/index.php\/wp-json\/wp\/v2\/types\/page"}],"author":[{"embeddable":true,"href":"https:\/\/www.gemeinde-untermarchtal.de\/index.php\/wp-json\/wp\/v2\/users\/1"}],"replies":[{"embeddable":true,"href":"https:\/\/www.gemeinde-untermarchtal.de\/index.php\/wp-json\/wp\/v2\/comments?post=1761"}],"version-history":[{"count":9,"href":"https:\/\/www.gemeinde-untermarchtal.de\/index.php\/wp-json\/wp\/v2\/pages\/1761\/revisions"}],"predecessor-version":[{"id":2732,"href":"https:\/\/www.gemeinde-untermarchtal.de\/index.php\/wp-json\/wp\/v2\/pages\/1761\/revisions\/2732"}],"wp:attachment":[{"href":"https:\/\/www.gemeinde-untermarchtal.de\/index.php\/wp-json\/wp\/v2\/media?parent=1761"}],"curies":[{"name":"wp","href":"https:\/\/api.w.org\/{rel}","templated":true}]}}