{"id":1769,"date":"2016-11-11T22:41:44","date_gmt":"2016-11-11T21:41:44","guid":{"rendered":"http:\/\/www.gemeinde-untermarchtal.de\/?page_id=1769"},"modified":"2016-11-11T23:10:14","modified_gmt":"2016-11-11T22:10:14","slug":"einweihung-generationenpark-garten-eden-2014","status":"publish","type":"page","link":"https:\/\/www.gemeinde-untermarchtal.de\/index.php\/einweihung-generationenpark-garten-eden-2014\/","title":{"rendered":"Einweihung Generationenaktivpark - Garten Eden 2014"},"content":{"rendered":"<p>Am Freitag, dem 12.09.2014 konnte der Generationenaktivpark im Rahmen eines Festaktes eingeweiht werden. Die Einweihung wurde durch Herrn Weihbischof Thomas Maria Renz zelebriert. Die anwesenden Repr\u00e4sentantendes Ministeriums, des Landtages sowie von den verschiedenen Beh\u00f6rden und der Klosterbetriebe zeigten sich durchweg sehr erfreut \u00fcber die gelungene Ma\u00dfnahme. Herr Ministerialdirigent Alker sprach in seinem Gru\u00dfwort von einem Modellprojekt, das hinsichtlich der Kooperation zwischen Kloster und Gemeinde gelungen sei und f\u00fcr Nachahmer richtungsweisend sein k\u00f6nne. Insbesondere die bislang einzigartige Zusammenarbeit zwischen Kloster und Gemeinde hatte es erm\u00f6glicht, dass die Gemeinde mit gro\u00dfen Zuschussmitteln aus dem LEADERF\u00f6rderprogramm bedacht werden konnte und den Park auf dem Gel\u00e4nde des Altenheims Maria Hilf errichten konnte. Erg\u00e4nzt wird der Park durch einen Therapiegarten, der durch die Klosterverwaltung in eigener Regie zeitgleich erstellt wurde. Geschaffen wurde so ein Ort der Begegnung f\u00fcr Menschen jeden Alters. Auch Menschen mit Handicap finden in dem Park ebenso Angebote, wie kleine Kinder z.B. im Walderlebnisbereich oder der Kinderaktivinsel. Angesprochen werden sollen alle Sinne der Besucher. Die Pflanzungen, die Tiere und die gesamte Parkgestaltung m\u00f6chten aber auch die Vielfalt der Sch\u00f6pfung und die Reichhaltigkeit des Lebens sicht- und erfahrbar machen. Nachdem am Samstag, dem 13.09.2014 die Sommerferienradtour der Verwaltungsgemeinschaft Station am neuen Park machte, fand am Sonntag, dem 14.09.2014 ein Tag der offenen T\u00fcr statt. Bei sehr gutem Festwetter war der G\u00e4steansturm \u00fcberw\u00e4ltigend. Die Vereinegemeinschaft aus Untermarchtal hatte gemeinsam mit dem Kloster die Bewirtung der \u00fcber 2000 Besucher \u00fcbernommen. Die Verkehrsregelung wurde durch die Feuerwehr Untermarchtal durchgef\u00fchrt. Dies klappte alles reibungslos und die G\u00e4ste brachten in vielf\u00e4ltigen R\u00fcckmeldungen zum Ausdruck, dass der Park und auch das Fest mehr als gelungen seien. Ich bedanke mich bei allen, die diesen Erfolg durch ihre Mitarbeit m\u00f6glich machten sehr herzlich. Ich bin davon \u00fcberzeugt, dass die Gemeinde Untermarchtal mit diesem Park ein Angebot geschaffen hat, das \u00fcberregional auch in touristischer Hinsicht ein Highlight ist.<\/p>\r\n\r\n<strong>Herzlichen Dank!\r\nIhr B\u00fcrgermeister Bernhard Ritzler<\/strong>\r\n\r\n[metaslider id=1086]","protected":false},"excerpt":{"rendered":"<p>Am Freitag, dem 12.09.2014 konnte der Generationenaktivpark im Rahmen eines Festaktes eingeweiht werden. Die Einweihung wurde durch Herrn Weihbischof Thomas Maria Renz zelebriert. Die anwesenden Repr\u00e4sentantendes Ministeriums, des Landtages sowie von den verschiedenen Beh\u00f6rden und der Klosterbetriebe zeigten sich durchweg sehr erfreut \u00fcber die gelungene Ma\u00dfnahme. Herr Ministerialdirigent Alker sprach in seinem Gru\u00dfwort von einem [&hellip;]<\/p>\n","protected":false},"author":1,"featured_media":0,"parent":0,"menu_order":0,"comment_status":"closed","ping_status":"closed","template":"page-templates\/_template_aktuelle_beitraege.php","meta":{"_acf_changed":false,"footnotes":""},"class_list":["post-1769","page","type-page","status-publish","hentry"],"acf":[],"yoast_head":"<!-- This site is optimized with the Yoast SEO plugin v26.7 - https:\/\/yoast.com\/wordpress\/plugins\/seo\/ -->\n<title>Einweihung Generationenaktivpark - Garten Eden 2014 - Gemeinde Untermarchtal<\/title>\n<meta name=\"robots\" content=\"index, follow, max-snippet:-1, max-image-preview:large, max-video-preview:-1\" \/>\n<link rel=\"canonical\" href=\"https:\/\/www.gemeinde-untermarchtal.de\/index.php\/einweihung-generationenpark-garten-eden-2014\/\" \/>\n<meta property=\"og:locale\" content=\"de_DE\" \/>\n<meta property=\"og:type\" content=\"article\" \/>\n<meta property=\"og:title\" content=\"Einweihung Generationenaktivpark - Garten Eden 2014 - Gemeinde Untermarchtal\" \/>\n<meta property=\"og:description\" content=\"Am Freitag, dem 12.09.2014 konnte der Generationenaktivpark im Rahmen eines Festaktes eingeweiht werden. Die Einweihung wurde durch Herrn Weihbischof Thomas Maria Renz zelebriert. Die anwesenden Repr\u00e4sentantendes Ministeriums, des Landtages sowie von den verschiedenen Beh\u00f6rden und der Klosterbetriebe zeigten sich durchweg sehr erfreut \u00fcber die gelungene Ma\u00dfnahme. Herr Ministerialdirigent Alker sprach in seinem Gru\u00dfwort von einem [&hellip;]\" \/>\n<meta property=\"og:url\" content=\"https:\/\/www.gemeinde-untermarchtal.de\/index.php\/einweihung-generationenpark-garten-eden-2014\/\" \/>\n<meta property=\"og:site_name\" content=\"Gemeinde Untermarchtal\" \/>\n<meta property=\"article:modified_time\" content=\"2016-11-11T22:10:14+00:00\" \/>\n<meta name=\"twitter:card\" content=\"summary_large_image\" \/>\n<meta name=\"twitter:label1\" content=\"Gesch\u00e4tzte Lesezeit\" \/>\n\t<meta name=\"twitter:data1\" content=\"2\u00a0Minuten\" \/>\n<script type=\"application\/ld+json\" class=\"yoast-schema-graph\">{\"@context\":\"https:\/\/schema.org\",\"@graph\":[{\"@type\":\"WebPage\",\"@id\":\"https:\/\/www.gemeinde-untermarchtal.de\/index.php\/einweihung-generationenpark-garten-eden-2014\/\",\"url\":\"https:\/\/www.gemeinde-untermarchtal.de\/index.php\/einweihung-generationenpark-garten-eden-2014\/\",\"name\":\"Einweihung Generationenaktivpark - Garten Eden 2014 - Gemeinde Untermarchtal\",\"isPartOf\":{\"@id\":\"https:\/\/www.gemeinde-untermarchtal.de\/#website\"},\"datePublished\":\"2016-11-11T21:41:44+00:00\",\"dateModified\":\"2016-11-11T22:10:14+00:00\",\"breadcrumb\":{\"@id\":\"https:\/\/www.gemeinde-untermarchtal.de\/index.php\/einweihung-generationenpark-garten-eden-2014\/#breadcrumb\"},\"inLanguage\":\"de\",\"potentialAction\":[{\"@type\":\"ReadAction\",\"target\":[\"https:\/\/www.gemeinde-untermarchtal.de\/index.php\/einweihung-generationenpark-garten-eden-2014\/\"]}]},{\"@type\":\"BreadcrumbList\",\"@id\":\"https:\/\/www.gemeinde-untermarchtal.de\/index.php\/einweihung-generationenpark-garten-eden-2014\/#breadcrumb\",\"itemListElement\":[{\"@type\":\"ListItem\",\"position\":1,\"name\":\"Startseite\",\"item\":\"https:\/\/www.gemeinde-untermarchtal.de\/\"},{\"@type\":\"ListItem\",\"position\":2,\"name\":\"Einweihung Generationenaktivpark - Garten Eden 2014\"}]},{\"@type\":\"WebSite\",\"@id\":\"https:\/\/www.gemeinde-untermarchtal.de\/#website\",\"url\":\"https:\/\/www.gemeinde-untermarchtal.de\/\",\"name\":\"Gemeinde Untermarchtal\",\"description\":\"Gemeinde Untermarchtal\",\"potentialAction\":[{\"@type\":\"SearchAction\",\"target\":{\"@type\":\"EntryPoint\",\"urlTemplate\":\"https:\/\/www.gemeinde-untermarchtal.de\/?s={search_term_string}\"},\"query-input\":{\"@type\":\"PropertyValueSpecification\",\"valueRequired\":true,\"valueName\":\"search_term_string\"}}],\"inLanguage\":\"de\"}]}<\/script>\n<!-- \/ Yoast SEO plugin. -->","yoast_head_json":{"title":"Einweihung Generationenaktivpark - Garten Eden 2014 - Gemeinde Untermarchtal","robots":{"index":"index","follow":"follow","max-snippet":"max-snippet:-1","max-image-preview":"max-image-preview:large","max-video-preview":"max-video-preview:-1"},"canonical":"https:\/\/www.gemeinde-untermarchtal.de\/index.php\/einweihung-generationenpark-garten-eden-2014\/","og_locale":"de_DE","og_type":"article","og_title":"Einweihung Generationenaktivpark - Garten Eden 2014 - Gemeinde Untermarchtal","og_description":"Am Freitag, dem 12.09.2014 konnte der Generationenaktivpark im Rahmen eines Festaktes eingeweiht werden. Die Einweihung wurde durch Herrn Weihbischof Thomas Maria Renz zelebriert. Die anwesenden Repr\u00e4sentantendes Ministeriums, des Landtages sowie von den verschiedenen Beh\u00f6rden und der Klosterbetriebe zeigten sich durchweg sehr erfreut \u00fcber die gelungene Ma\u00dfnahme. Herr Ministerialdirigent Alker sprach in seinem Gru\u00dfwort von einem [&hellip;]","og_url":"https:\/\/www.gemeinde-untermarchtal.de\/index.php\/einweihung-generationenpark-garten-eden-2014\/","og_site_name":"Gemeinde Untermarchtal","article_modified_time":"2016-11-11T22:10:14+00:00","twitter_card":"summary_large_image","twitter_misc":{"Gesch\u00e4tzte Lesezeit":"2\u00a0Minuten"},"schema":{"@context":"https:\/\/schema.org","@graph":[{"@type":"WebPage","@id":"https:\/\/www.gemeinde-untermarchtal.de\/index.php\/einweihung-generationenpark-garten-eden-2014\/","url":"https:\/\/www.gemeinde-untermarchtal.de\/index.php\/einweihung-generationenpark-garten-eden-2014\/","name":"Einweihung Generationenaktivpark - Garten Eden 2014 - Gemeinde Untermarchtal","isPartOf":{"@id":"https:\/\/www.gemeinde-untermarchtal.de\/#website"},"datePublished":"2016-11-11T21:41:44+00:00","dateModified":"2016-11-11T22:10:14+00:00","breadcrumb":{"@id":"https:\/\/www.gemeinde-untermarchtal.de\/index.php\/einweihung-generationenpark-garten-eden-2014\/#breadcrumb"},"inLanguage":"de","potentialAction":[{"@type":"ReadAction","target":["https:\/\/www.gemeinde-untermarchtal.de\/index.php\/einweihung-generationenpark-garten-eden-2014\/"]}]},{"@type":"BreadcrumbList","@id":"https:\/\/www.gemeinde-untermarchtal.de\/index.php\/einweihung-generationenpark-garten-eden-2014\/#breadcrumb","itemListElement":[{"@type":"ListItem","position":1,"name":"Startseite","item":"https:\/\/www.gemeinde-untermarchtal.de\/"},{"@type":"ListItem","position":2,"name":"Einweihung Generationenaktivpark - Garten Eden 2014"}]},{"@type":"WebSite","@id":"https:\/\/www.gemeinde-untermarchtal.de\/#website","url":"https:\/\/www.gemeinde-untermarchtal.de\/","name":"Gemeinde Untermarchtal","description":"Gemeinde Untermarchtal","potentialAction":[{"@type":"SearchAction","target":{"@type":"EntryPoint","urlTemplate":"https:\/\/www.gemeinde-untermarchtal.de\/?s={search_term_string}"},"query-input":{"@type":"PropertyValueSpecification","valueRequired":true,"valueName":"search_term_string"}}],"inLanguage":"de"}]}},"_links":{"self":[{"href":"https:\/\/www.gemeinde-untermarchtal.de\/index.php\/wp-json\/wp\/v2\/pages\/1769","targetHints":{"allow":["GET"]}}],"collection":[{"href":"https:\/\/www.gemeinde-untermarchtal.de\/index.php\/wp-json\/wp\/v2\/pages"}],"about":[{"href":"https:\/\/www.gemeinde-untermarchtal.de\/index.php\/wp-json\/wp\/v2\/types\/page"}],"author":[{"embeddable":true,"href":"https:\/\/www.gemeinde-untermarchtal.de\/index.php\/wp-json\/wp\/v2\/users\/1"}],"replies":[{"embeddable":true,"href":"https:\/\/www.gemeinde-untermarchtal.de\/index.php\/wp-json\/wp\/v2\/comments?post=1769"}],"version-history":[{"count":5,"href":"https:\/\/www.gemeinde-untermarchtal.de\/index.php\/wp-json\/wp\/v2\/pages\/1769\/revisions"}],"predecessor-version":[{"id":1812,"href":"https:\/\/www.gemeinde-untermarchtal.de\/index.php\/wp-json\/wp\/v2\/pages\/1769\/revisions\/1812"}],"wp:attachment":[{"href":"https:\/\/www.gemeinde-untermarchtal.de\/index.php\/wp-json\/wp\/v2\/media?parent=1769"}],"curies":[{"name":"wp","href":"https:\/\/api.w.org\/{rel}","templated":true}]}}