{"id":1819,"date":"2016-11-12T23:19:50","date_gmt":"2016-11-12T22:19:50","guid":{"rendered":"http:\/\/www.gemeinde-untermarchtal.de\/?page_id=1819"},"modified":"2016-11-21T08:16:42","modified_gmt":"2016-11-21T07:16:42","slug":"350-todestag-von-abt-gottfried-dorner","status":"publish","type":"page","link":"https:\/\/www.gemeinde-untermarchtal.de\/index.php\/350-todestag-von-abt-gottfried-dorner\/","title":{"rendered":"350. Todestag von Abt Gottfried Dorner"},"content":{"rendered":"<h3>Erinnerung an den 350. Todestag eines bekannten Untermarchtaler B\u00fcrger, den 14. Abt der Abtei (Kloster) Obermarchtal, Gottfried Dorner.<\/h3>\r\n<p>&#8222;Aus der Geschichte des Klosters Obermarchtal&#8220;, Herausgeber Dr. Winfried Nuber, Munderkingen, ist folgendes nachzulesen:\r\nNachdem der wahrhaft gro\u00dfe und verdienstvolle Abt Abt Konrad Kner aus Munderkingen am 13. August 1660 beerdigt war, wurde den 17. des n\u00e4mlichen Monats unter Aufsicht und Leitung der \u00c4bte Ludwig von Roth, Augustin von Schussenried und Bartholom\u00e4us von Weissenau (alle Oberschw\u00e4bische und Vorder\u00f6sterreichische Pr\u00e4monstratenser-Abteien), Gottfried Dorner vom Priorat (Zweitoberer einer Abtei) zur abteilichen W\u00fcrde durch Canonische Wahl (Zulassung zu den h\u00f6heren Weihen, auch im Bezug auf ein erforderliches Mindestalter) erhoben und zugleich best\u00e4tigt. Zu Untermarchtal begann er sein irdisches Leben (vermutlich geboren im Jahre 1628). Er versah das Priorat, welches er schon im 26. Jahre seines Alters \u00fcbernommen, bis zur Zeit seiner Wahl zum 14. Abt von der Reichsabtei Marchtal. Nachdem er die bisch\u00f6fliche Einsegnung - wahrscheinlichvom Konstanzer Bischof - erhalten, &#8222;tat er Alles M\u00f6gliche, um vorz\u00fcglich die kl\u00f6sterliche Ordnung, die ihm schon als Prior vieles zu verdanken hatte, zu befestigen und zeigte durch seine T\u00e4tigkeit, die er w\u00e4hrend seiner 34 Wochen anhaltenden Regierung blicken lie\u00df, was von ihm zu hoffen gewesen w\u00e4re, wenn er l\u00e4ngere Zeit h\u00e4tte vorstehen k\u00f6nnen; allein schon den 4. April 1661, Abends 5:00 Uhr verlie\u00df er den Schauplatz dieser Welt, nachdem er alle Heilsmittel empfangen und nach dem Jubelabla\u00df, den Pabst Alexander der VII. verliehen, mitgefeiert hatte&#8220;. Eine skorbutische Krankheit schw\u00e4chte seinen K\u00f6rper, so steht geschrieben. Nachdenklich hei\u00dft es weiter, &#8222;der leidige Scharbock, damals ein Volksheilmittel gegen Skorbut, fra\u00df die 3 Rosen seines Abt-Wappenschild ab\". Er pilgerte also zur empfindlichsten Bek\u00fcmmerung Marchtals nach Elysien (in der Mythologie Gefilde der Seligen am Westrand der Erde, diesseits des Okeanos (Erdscheibe) und sp\u00e4ter Ort der Unterwelt), wo der Rosenpurpur seine ewige Farbe beh\u00e4lt, nachdem er den gro\u00dfen Jubelabla\u00df von Papst Alexander VII. verlieh, zu seinem besten Gewinne gemacht hat, in dem 33 Jahre seines Lebensalters, den 4. Aprilmond des Jahres 1661. Jetzt, nach 350 Jahren seines Todes soll dieser erinnernde Nachruf vielleicht folgendes in der Gemeindezu bedenken geben. Nach der Vorstellung und dem Wunsch sowie dem Vorschlag aus der B\u00fcrgerschaft, w\u00e4re denkbar und pragmatisch, Abt Gottfried Dorner dem Amt und dessen W\u00fcrde angemessen zu erinnern.<\/p>\r\n\r\n<p>Verfa\u00dft im April 2011 f\u00fcr die Homepage der Gemeinde Untermarchtal von Hermann Josef Illenberger, Untermarchtal.<\/p>","protected":false},"excerpt":{"rendered":"<p>Erinnerung an den 350. Todestag eines bekannten Untermarchtaler B\u00fcrger, den 14. Abt der Abtei (Kloster) Obermarchtal, Gottfried Dorner. &#8222;Aus der Geschichte des Klosters Obermarchtal&#8220;, Herausgeber Dr. Winfried Nuber, Munderkingen, ist folgendes nachzulesen: Nachdem der wahrhaft gro\u00dfe und verdienstvolle Abt Abt Konrad Kner aus Munderkingen am 13. August 1660 beerdigt war, wurde den 17. des n\u00e4mlichen [&hellip;]<\/p>\n","protected":false},"author":1,"featured_media":0,"parent":0,"menu_order":0,"comment_status":"closed","ping_status":"closed","template":"page-templates\/_template_historische_beitraege.php","meta":{"_acf_changed":false,"footnotes":""},"class_list":["post-1819","page","type-page","status-publish","hentry"],"acf":[],"yoast_head":"<!-- This site is optimized with the Yoast SEO plugin v26.7 - https:\/\/yoast.com\/wordpress\/plugins\/seo\/ -->\n<title>350. Todestag von Abt Gottfried Dorner - Gemeinde Untermarchtal<\/title>\n<meta name=\"robots\" content=\"index, follow, max-snippet:-1, max-image-preview:large, max-video-preview:-1\" \/>\n<link rel=\"canonical\" href=\"https:\/\/www.gemeinde-untermarchtal.de\/index.php\/350-todestag-von-abt-gottfried-dorner\/\" \/>\n<meta property=\"og:locale\" content=\"de_DE\" \/>\n<meta property=\"og:type\" content=\"article\" \/>\n<meta property=\"og:title\" content=\"350. Todestag von Abt Gottfried Dorner - Gemeinde Untermarchtal\" \/>\n<meta property=\"og:description\" content=\"Erinnerung an den 350. Todestag eines bekannten Untermarchtaler B\u00fcrger, den 14. Abt der Abtei (Kloster) Obermarchtal, Gottfried Dorner. &#8222;Aus der Geschichte des Klosters Obermarchtal&#8220;, Herausgeber Dr. Winfried Nuber, Munderkingen, ist folgendes nachzulesen: Nachdem der wahrhaft gro\u00dfe und verdienstvolle Abt Abt Konrad Kner aus Munderkingen am 13. August 1660 beerdigt war, wurde den 17. des n\u00e4mlichen [&hellip;]\" \/>\n<meta property=\"og:url\" content=\"https:\/\/www.gemeinde-untermarchtal.de\/index.php\/350-todestag-von-abt-gottfried-dorner\/\" \/>\n<meta property=\"og:site_name\" content=\"Gemeinde Untermarchtal\" \/>\n<meta property=\"article:modified_time\" content=\"2016-11-21T07:16:42+00:00\" \/>\n<meta name=\"twitter:card\" content=\"summary_large_image\" \/>\n<meta name=\"twitter:label1\" content=\"Gesch\u00e4tzte Lesezeit\" \/>\n\t<meta name=\"twitter:data1\" content=\"2\u00a0Minuten\" \/>\n<script type=\"application\/ld+json\" class=\"yoast-schema-graph\">{\"@context\":\"https:\/\/schema.org\",\"@graph\":[{\"@type\":\"WebPage\",\"@id\":\"https:\/\/www.gemeinde-untermarchtal.de\/index.php\/350-todestag-von-abt-gottfried-dorner\/\",\"url\":\"https:\/\/www.gemeinde-untermarchtal.de\/index.php\/350-todestag-von-abt-gottfried-dorner\/\",\"name\":\"350. Todestag von Abt Gottfried Dorner - Gemeinde Untermarchtal\",\"isPartOf\":{\"@id\":\"https:\/\/www.gemeinde-untermarchtal.de\/#website\"},\"datePublished\":\"2016-11-12T22:19:50+00:00\",\"dateModified\":\"2016-11-21T07:16:42+00:00\",\"breadcrumb\":{\"@id\":\"https:\/\/www.gemeinde-untermarchtal.de\/index.php\/350-todestag-von-abt-gottfried-dorner\/#breadcrumb\"},\"inLanguage\":\"de\",\"potentialAction\":[{\"@type\":\"ReadAction\",\"target\":[\"https:\/\/www.gemeinde-untermarchtal.de\/index.php\/350-todestag-von-abt-gottfried-dorner\/\"]}]},{\"@type\":\"BreadcrumbList\",\"@id\":\"https:\/\/www.gemeinde-untermarchtal.de\/index.php\/350-todestag-von-abt-gottfried-dorner\/#breadcrumb\",\"itemListElement\":[{\"@type\":\"ListItem\",\"position\":1,\"name\":\"Startseite\",\"item\":\"https:\/\/www.gemeinde-untermarchtal.de\/\"},{\"@type\":\"ListItem\",\"position\":2,\"name\":\"350. Todestag von Abt Gottfried Dorner\"}]},{\"@type\":\"WebSite\",\"@id\":\"https:\/\/www.gemeinde-untermarchtal.de\/#website\",\"url\":\"https:\/\/www.gemeinde-untermarchtal.de\/\",\"name\":\"Gemeinde Untermarchtal\",\"description\":\"Gemeinde Untermarchtal\",\"potentialAction\":[{\"@type\":\"SearchAction\",\"target\":{\"@type\":\"EntryPoint\",\"urlTemplate\":\"https:\/\/www.gemeinde-untermarchtal.de\/?s={search_term_string}\"},\"query-input\":{\"@type\":\"PropertyValueSpecification\",\"valueRequired\":true,\"valueName\":\"search_term_string\"}}],\"inLanguage\":\"de\"}]}<\/script>\n<!-- \/ Yoast SEO plugin. -->","yoast_head_json":{"title":"350. Todestag von Abt Gottfried Dorner - Gemeinde Untermarchtal","robots":{"index":"index","follow":"follow","max-snippet":"max-snippet:-1","max-image-preview":"max-image-preview:large","max-video-preview":"max-video-preview:-1"},"canonical":"https:\/\/www.gemeinde-untermarchtal.de\/index.php\/350-todestag-von-abt-gottfried-dorner\/","og_locale":"de_DE","og_type":"article","og_title":"350. Todestag von Abt Gottfried Dorner - Gemeinde Untermarchtal","og_description":"Erinnerung an den 350. Todestag eines bekannten Untermarchtaler B\u00fcrger, den 14. Abt der Abtei (Kloster) Obermarchtal, Gottfried Dorner. &#8222;Aus der Geschichte des Klosters Obermarchtal&#8220;, Herausgeber Dr. Winfried Nuber, Munderkingen, ist folgendes nachzulesen: Nachdem der wahrhaft gro\u00dfe und verdienstvolle Abt Abt Konrad Kner aus Munderkingen am 13. August 1660 beerdigt war, wurde den 17. des n\u00e4mlichen [&hellip;]","og_url":"https:\/\/www.gemeinde-untermarchtal.de\/index.php\/350-todestag-von-abt-gottfried-dorner\/","og_site_name":"Gemeinde Untermarchtal","article_modified_time":"2016-11-21T07:16:42+00:00","twitter_card":"summary_large_image","twitter_misc":{"Gesch\u00e4tzte Lesezeit":"2\u00a0Minuten"},"schema":{"@context":"https:\/\/schema.org","@graph":[{"@type":"WebPage","@id":"https:\/\/www.gemeinde-untermarchtal.de\/index.php\/350-todestag-von-abt-gottfried-dorner\/","url":"https:\/\/www.gemeinde-untermarchtal.de\/index.php\/350-todestag-von-abt-gottfried-dorner\/","name":"350. Todestag von Abt Gottfried Dorner - Gemeinde Untermarchtal","isPartOf":{"@id":"https:\/\/www.gemeinde-untermarchtal.de\/#website"},"datePublished":"2016-11-12T22:19:50+00:00","dateModified":"2016-11-21T07:16:42+00:00","breadcrumb":{"@id":"https:\/\/www.gemeinde-untermarchtal.de\/index.php\/350-todestag-von-abt-gottfried-dorner\/#breadcrumb"},"inLanguage":"de","potentialAction":[{"@type":"ReadAction","target":["https:\/\/www.gemeinde-untermarchtal.de\/index.php\/350-todestag-von-abt-gottfried-dorner\/"]}]},{"@type":"BreadcrumbList","@id":"https:\/\/www.gemeinde-untermarchtal.de\/index.php\/350-todestag-von-abt-gottfried-dorner\/#breadcrumb","itemListElement":[{"@type":"ListItem","position":1,"name":"Startseite","item":"https:\/\/www.gemeinde-untermarchtal.de\/"},{"@type":"ListItem","position":2,"name":"350. Todestag von Abt Gottfried Dorner"}]},{"@type":"WebSite","@id":"https:\/\/www.gemeinde-untermarchtal.de\/#website","url":"https:\/\/www.gemeinde-untermarchtal.de\/","name":"Gemeinde Untermarchtal","description":"Gemeinde Untermarchtal","potentialAction":[{"@type":"SearchAction","target":{"@type":"EntryPoint","urlTemplate":"https:\/\/www.gemeinde-untermarchtal.de\/?s={search_term_string}"},"query-input":{"@type":"PropertyValueSpecification","valueRequired":true,"valueName":"search_term_string"}}],"inLanguage":"de"}]}},"_links":{"self":[{"href":"https:\/\/www.gemeinde-untermarchtal.de\/index.php\/wp-json\/wp\/v2\/pages\/1819","targetHints":{"allow":["GET"]}}],"collection":[{"href":"https:\/\/www.gemeinde-untermarchtal.de\/index.php\/wp-json\/wp\/v2\/pages"}],"about":[{"href":"https:\/\/www.gemeinde-untermarchtal.de\/index.php\/wp-json\/wp\/v2\/types\/page"}],"author":[{"embeddable":true,"href":"https:\/\/www.gemeinde-untermarchtal.de\/index.php\/wp-json\/wp\/v2\/users\/1"}],"replies":[{"embeddable":true,"href":"https:\/\/www.gemeinde-untermarchtal.de\/index.php\/wp-json\/wp\/v2\/comments?post=1819"}],"version-history":[{"count":8,"href":"https:\/\/www.gemeinde-untermarchtal.de\/index.php\/wp-json\/wp\/v2\/pages\/1819\/revisions"}],"predecessor-version":[{"id":1915,"href":"https:\/\/www.gemeinde-untermarchtal.de\/index.php\/wp-json\/wp\/v2\/pages\/1819\/revisions\/1915"}],"wp:attachment":[{"href":"https:\/\/www.gemeinde-untermarchtal.de\/index.php\/wp-json\/wp\/v2\/media?parent=1819"}],"curies":[{"name":"wp","href":"https:\/\/api.w.org\/{rel}","templated":true}]}}