{"id":1825,"date":"2016-11-12T23:33:02","date_gmt":"2016-11-12T22:33:02","guid":{"rendered":"http:\/\/www.gemeinde-untermarchtal.de\/?page_id=1825"},"modified":"2016-12-09T23:34:17","modified_gmt":"2016-12-09T22:34:17","slug":"ffw-untermarchtal-eigenleistung-und-historischer-brunnen","status":"publish","type":"page","link":"https:\/\/www.gemeinde-untermarchtal.de\/index.php\/ffw-untermarchtal-eigenleistung-und-historischer-brunnen\/","title":{"rendered":"FFW Untermarchtal - Eigenleistung und historischer Brunnen"},"content":{"rendered":"<h3>Der 500 Jahre alte Brunnen ist renoviert.<\/h3>\r\n<p>Der etwa aus dem 15. Jahrhundert stammende alte Brunnenschacht unmittelbar neben dem neuen Feuerwehrger\u00e4tehaus in Untermarchtal ist jetzt von Fachkr\u00e4ften fertig gestellt worden. Damit bekommt der Au\u00dfenbereich beim neuen Feuerwehrger\u00e4tehaus eine wesentliche Bereicherung. B\u00fcrgermeister Bernhard Ritzler freut sich zusammen mit der Freiwilligen Feuerwehr und allen Untermarchtalern, dass mit Wolfgang Walk als Trockenbau-Fachmann, Hans Freudenreich, als Ehrenkommandant der Wehr, und Karl Vogelsang, t\u00fcchtige Helfer bei der Renovierung des historischen Brunnenschachts am Werk waren. Dieser ehrenamtliche Einsatz sei lobenswert, sagte der Untermarchtaler Schultes. Mit dem Aussehen des Brunnenschachts sowie der fachm\u00e4nnischen Ausf\u00fchrung mit dem geeigneten Material k\u00f6nnen die Restauratoren stolz auf sich sein. Zur Trockenbau-Mauertechnik wurde von Wolfgang Walk der beste Wei\u00dfjura-Kalkstein aus dem nahen Steinbruch der Firma Schotterwerk Kirchen verwendet. Das lebendige Aussehen des Mauerwerks wird durch die Vermauerung mit Trasskalk und der oberen Abdichtung mit Trasszement verst\u00e4rkt. Au\u00dferdem haben mehrere Kalksteine in der oberen Schicht bunte Eisenerzausf\u00e4llungen, was als Bereicherung f\u00fcr den Betrachter gilt. Damit man besser in den Brunnenschacht hineinsehen kann, haben die Erbauer einen etwa 40 Zentimeter hohen Podeststandplatz am Brunnen mit dem gleichen Material erstellt. Sehen kann man jetzt in zirka neun Metern Tiefe, die auch k\u00fcnftig mit Licht ausgestrahlt werden kann. Wolfgang Walk, der in ganz Deutschland mit seiner Fachfirma \u00e4hnliche Bauwerke renoviert, sch\u00e4tzt die urspr\u00fcngliche Gesamttiefe des Brunnenschachts auf etwa 20 bis 30 Meter. Damit ist der Grundwasserspiegel der etwa 80 Meter entfernten Donau gut unterschritten und gew\u00e4hrleistete f\u00fcr die Nutzer des Brunnens zu jeder Jahreszeit gen\u00fcgend gutes Wasser. Das geschmiedete obere Abdeckgitter aus verzinktem Eisen wurde nun im Herbst 2010 fachm\u00e4nnisch angebracht. Dies dient der Sicherheit des Brunnenbetrachters. Diese Aufgabe wurde von Herrn Karl Pappelau in ehrenamtlicher Arbeit \u00fcbernommen. Die Kunstschmiede Roth \u00fcbernahm das Verzinken des von Herrn Pappelau geschmiedeten Gitters. Daf\u00fcr ebenfalls ein recht herzliches Dankesch\u00f6n im Namen der Feuerwehr und Gemeinde. Das nahe Bodenumfeld des Brunnes ist nun mit geeigneten und passenden Pflastersteinen in Eigenleistung der FFW Untermarchtal versehen worden. Wann die Gesamtanlage des Untermarchtaler Feuerwehrger\u00e4tehauses fertig ist, steht noch nicht fest. Mehrere Arbeiten, m\u00fcssen noch in Eigenleistung der FFW Untermarchtal ausgef\u00fchrt werden.<\/p>\r\n<h3>Historische Hintergr\u00fcnde zum Brunnenschacht<\/h3>\r\n<p>Das Wissen oder Vorhandensein eines ehemaligen Brunnen vor seinem Heimathaus best\u00e4tigte in einem Gespr\u00e4ch Herr Karl Fundel, der Vorbesitzer des Grundst\u00fcckes, auf dem nun das neue Feuerwehrhaus entsteht. Schon sein Vater Karl Fundel sen. habe vom Standort eines Brunnen vor dem elterlichen Wohnhaus gewusst und dies von seinem Onkel Franz-Josef Fundel, B\u00e4cker- und Wagnermeister, der in jenem Haus gewohnt hat, erfahren. Im Winter, wenn Schnee gefallen war, taute dieser \u00fcber dem betonierten Deckel immer schnell ab. Ein untr\u00fcgliches Zeichen vom Vorhandensein des Bunnen aus fr\u00fchen Jahrhunderten. Vom Hausgiebel sei der Brunnen etwa zwei Meter entfernt gewesen, erl\u00e4uterte Karl Fundel, als Zeitzeuge. Der historische Brunnen, dessen Entstehung das Landesdenkmalamt auf das 15. Jahrhundert zur\u00fcckf\u00fchrt, hat seinen Dienst nach der Erbauung der neuen &#8222;Hochdruck-Wasserversorgung&#8220;, wie diese in dieser Zeit genannt wurde, im Jahre 1903 aufgegeben. Der Brunnen wurde damals leider fast ausschlie\u00dflich mit Erde und Schutt aufgef\u00fcllt, danach mit einem Betondeckel versehen. So wie dieser Brunnen zeigt, ist noch eine Brunnentiefe von ca. 9 Meter vorhanden. Die jetzige, in den Monaten Juli und August 2010, nach denkmalpflegerischen Gesichtspunkten ausgef\u00fchrte fachm\u00e4nnische Errichtung des oberen herausragenden Teils des Brunneschachtes in unmittelbarer N\u00e4he des neuen Feuerwehrger\u00e4tehauses, ist eine wesentliche Bereicherung des d\u00f6rflichen Umfeldes in der Ortsmitte von Untermarchtal.<\/p>\r\n[metaslider id=1827]\r\n<h3>Eigenleistungen durch die FFW Untermarchtal<\/h3>\r\n<p>Nur durch den unerm\u00fcdlichen Einsatz der Feuerwehr konnten im Jahr 2010 viele Bauabschnitte in Eigenleistung bew\u00e4ltigt werden. Somit konnten Kosten und Investitionen in betr\u00e4chtlicher H\u00f6he eingespart werden.<\/p>\r\n\r\n\r\n\r\n","protected":false},"excerpt":{"rendered":"<p>Der 500 Jahre alte Brunnen ist renoviert. Der etwa aus dem 15. Jahrhundert stammende alte Brunnenschacht unmittelbar neben dem neuen Feuerwehrger\u00e4tehaus in Untermarchtal ist jetzt von Fachkr\u00e4ften fertig gestellt worden. Damit bekommt der Au\u00dfenbereich beim neuen Feuerwehrger\u00e4tehaus eine wesentliche Bereicherung. B\u00fcrgermeister Bernhard Ritzler freut sich zusammen mit der Freiwilligen Feuerwehr und allen Untermarchtalern, dass mit [&hellip;]<\/p>\n","protected":false},"author":1,"featured_media":0,"parent":0,"menu_order":0,"comment_status":"closed","ping_status":"closed","template":"page-templates\/_template_aktuelle_beitraege.php","meta":{"_acf_changed":false,"footnotes":""},"class_list":["post-1825","page","type-page","status-publish","hentry"],"acf":[],"yoast_head":"<!-- This site is optimized with the Yoast SEO plugin v26.7 - https:\/\/yoast.com\/wordpress\/plugins\/seo\/ -->\n<title>FFW Untermarchtal - Eigenleistung und historischer Brunnen - Gemeinde Untermarchtal<\/title>\n<meta name=\"robots\" content=\"index, follow, max-snippet:-1, max-image-preview:large, max-video-preview:-1\" \/>\n<link rel=\"canonical\" href=\"https:\/\/www.gemeinde-untermarchtal.de\/index.php\/ffw-untermarchtal-eigenleistung-und-historischer-brunnen\/\" \/>\n<meta property=\"og:locale\" content=\"de_DE\" \/>\n<meta property=\"og:type\" content=\"article\" \/>\n<meta property=\"og:title\" content=\"FFW Untermarchtal - Eigenleistung und historischer Brunnen - Gemeinde Untermarchtal\" \/>\n<meta property=\"og:description\" content=\"Der 500 Jahre alte Brunnen ist renoviert. Der etwa aus dem 15. Jahrhundert stammende alte Brunnenschacht unmittelbar neben dem neuen Feuerwehrger\u00e4tehaus in Untermarchtal ist jetzt von Fachkr\u00e4ften fertig gestellt worden. Damit bekommt der Au\u00dfenbereich beim neuen Feuerwehrger\u00e4tehaus eine wesentliche Bereicherung. B\u00fcrgermeister Bernhard Ritzler freut sich zusammen mit der Freiwilligen Feuerwehr und allen Untermarchtalern, dass mit [&hellip;]\" \/>\n<meta property=\"og:url\" content=\"https:\/\/www.gemeinde-untermarchtal.de\/index.php\/ffw-untermarchtal-eigenleistung-und-historischer-brunnen\/\" \/>\n<meta property=\"og:site_name\" content=\"Gemeinde Untermarchtal\" \/>\n<meta property=\"article:modified_time\" content=\"2016-12-09T22:34:17+00:00\" \/>\n<meta name=\"twitter:card\" content=\"summary_large_image\" \/>\n<meta name=\"twitter:label1\" content=\"Gesch\u00e4tzte Lesezeit\" \/>\n\t<meta name=\"twitter:data1\" content=\"3\u00a0Minuten\" \/>\n<script type=\"application\/ld+json\" class=\"yoast-schema-graph\">{\"@context\":\"https:\/\/schema.org\",\"@graph\":[{\"@type\":\"WebPage\",\"@id\":\"https:\/\/www.gemeinde-untermarchtal.de\/index.php\/ffw-untermarchtal-eigenleistung-und-historischer-brunnen\/\",\"url\":\"https:\/\/www.gemeinde-untermarchtal.de\/index.php\/ffw-untermarchtal-eigenleistung-und-historischer-brunnen\/\",\"name\":\"FFW Untermarchtal - Eigenleistung und historischer Brunnen - Gemeinde Untermarchtal\",\"isPartOf\":{\"@id\":\"https:\/\/www.gemeinde-untermarchtal.de\/#website\"},\"datePublished\":\"2016-11-12T22:33:02+00:00\",\"dateModified\":\"2016-12-09T22:34:17+00:00\",\"breadcrumb\":{\"@id\":\"https:\/\/www.gemeinde-untermarchtal.de\/index.php\/ffw-untermarchtal-eigenleistung-und-historischer-brunnen\/#breadcrumb\"},\"inLanguage\":\"de\",\"potentialAction\":[{\"@type\":\"ReadAction\",\"target\":[\"https:\/\/www.gemeinde-untermarchtal.de\/index.php\/ffw-untermarchtal-eigenleistung-und-historischer-brunnen\/\"]}]},{\"@type\":\"BreadcrumbList\",\"@id\":\"https:\/\/www.gemeinde-untermarchtal.de\/index.php\/ffw-untermarchtal-eigenleistung-und-historischer-brunnen\/#breadcrumb\",\"itemListElement\":[{\"@type\":\"ListItem\",\"position\":1,\"name\":\"Startseite\",\"item\":\"https:\/\/www.gemeinde-untermarchtal.de\/\"},{\"@type\":\"ListItem\",\"position\":2,\"name\":\"FFW Untermarchtal - Eigenleistung und historischer Brunnen\"}]},{\"@type\":\"WebSite\",\"@id\":\"https:\/\/www.gemeinde-untermarchtal.de\/#website\",\"url\":\"https:\/\/www.gemeinde-untermarchtal.de\/\",\"name\":\"Gemeinde Untermarchtal\",\"description\":\"Gemeinde Untermarchtal\",\"potentialAction\":[{\"@type\":\"SearchAction\",\"target\":{\"@type\":\"EntryPoint\",\"urlTemplate\":\"https:\/\/www.gemeinde-untermarchtal.de\/?s={search_term_string}\"},\"query-input\":{\"@type\":\"PropertyValueSpecification\",\"valueRequired\":true,\"valueName\":\"search_term_string\"}}],\"inLanguage\":\"de\"}]}<\/script>\n<!-- \/ Yoast SEO plugin. -->","yoast_head_json":{"title":"FFW Untermarchtal - Eigenleistung und historischer Brunnen - Gemeinde Untermarchtal","robots":{"index":"index","follow":"follow","max-snippet":"max-snippet:-1","max-image-preview":"max-image-preview:large","max-video-preview":"max-video-preview:-1"},"canonical":"https:\/\/www.gemeinde-untermarchtal.de\/index.php\/ffw-untermarchtal-eigenleistung-und-historischer-brunnen\/","og_locale":"de_DE","og_type":"article","og_title":"FFW Untermarchtal - Eigenleistung und historischer Brunnen - Gemeinde Untermarchtal","og_description":"Der 500 Jahre alte Brunnen ist renoviert. Der etwa aus dem 15. Jahrhundert stammende alte Brunnenschacht unmittelbar neben dem neuen Feuerwehrger\u00e4tehaus in Untermarchtal ist jetzt von Fachkr\u00e4ften fertig gestellt worden. Damit bekommt der Au\u00dfenbereich beim neuen Feuerwehrger\u00e4tehaus eine wesentliche Bereicherung. B\u00fcrgermeister Bernhard Ritzler freut sich zusammen mit der Freiwilligen Feuerwehr und allen Untermarchtalern, dass mit [&hellip;]","og_url":"https:\/\/www.gemeinde-untermarchtal.de\/index.php\/ffw-untermarchtal-eigenleistung-und-historischer-brunnen\/","og_site_name":"Gemeinde Untermarchtal","article_modified_time":"2016-12-09T22:34:17+00:00","twitter_card":"summary_large_image","twitter_misc":{"Gesch\u00e4tzte Lesezeit":"3\u00a0Minuten"},"schema":{"@context":"https:\/\/schema.org","@graph":[{"@type":"WebPage","@id":"https:\/\/www.gemeinde-untermarchtal.de\/index.php\/ffw-untermarchtal-eigenleistung-und-historischer-brunnen\/","url":"https:\/\/www.gemeinde-untermarchtal.de\/index.php\/ffw-untermarchtal-eigenleistung-und-historischer-brunnen\/","name":"FFW Untermarchtal - Eigenleistung und historischer Brunnen - Gemeinde Untermarchtal","isPartOf":{"@id":"https:\/\/www.gemeinde-untermarchtal.de\/#website"},"datePublished":"2016-11-12T22:33:02+00:00","dateModified":"2016-12-09T22:34:17+00:00","breadcrumb":{"@id":"https:\/\/www.gemeinde-untermarchtal.de\/index.php\/ffw-untermarchtal-eigenleistung-und-historischer-brunnen\/#breadcrumb"},"inLanguage":"de","potentialAction":[{"@type":"ReadAction","target":["https:\/\/www.gemeinde-untermarchtal.de\/index.php\/ffw-untermarchtal-eigenleistung-und-historischer-brunnen\/"]}]},{"@type":"BreadcrumbList","@id":"https:\/\/www.gemeinde-untermarchtal.de\/index.php\/ffw-untermarchtal-eigenleistung-und-historischer-brunnen\/#breadcrumb","itemListElement":[{"@type":"ListItem","position":1,"name":"Startseite","item":"https:\/\/www.gemeinde-untermarchtal.de\/"},{"@type":"ListItem","position":2,"name":"FFW Untermarchtal - Eigenleistung und historischer Brunnen"}]},{"@type":"WebSite","@id":"https:\/\/www.gemeinde-untermarchtal.de\/#website","url":"https:\/\/www.gemeinde-untermarchtal.de\/","name":"Gemeinde Untermarchtal","description":"Gemeinde Untermarchtal","potentialAction":[{"@type":"SearchAction","target":{"@type":"EntryPoint","urlTemplate":"https:\/\/www.gemeinde-untermarchtal.de\/?s={search_term_string}"},"query-input":{"@type":"PropertyValueSpecification","valueRequired":true,"valueName":"search_term_string"}}],"inLanguage":"de"}]}},"_links":{"self":[{"href":"https:\/\/www.gemeinde-untermarchtal.de\/index.php\/wp-json\/wp\/v2\/pages\/1825","targetHints":{"allow":["GET"]}}],"collection":[{"href":"https:\/\/www.gemeinde-untermarchtal.de\/index.php\/wp-json\/wp\/v2\/pages"}],"about":[{"href":"https:\/\/www.gemeinde-untermarchtal.de\/index.php\/wp-json\/wp\/v2\/types\/page"}],"author":[{"embeddable":true,"href":"https:\/\/www.gemeinde-untermarchtal.de\/index.php\/wp-json\/wp\/v2\/users\/1"}],"replies":[{"embeddable":true,"href":"https:\/\/www.gemeinde-untermarchtal.de\/index.php\/wp-json\/wp\/v2\/comments?post=1825"}],"version-history":[{"count":19,"href":"https:\/\/www.gemeinde-untermarchtal.de\/index.php\/wp-json\/wp\/v2\/pages\/1825\/revisions"}],"predecessor-version":[{"id":1962,"href":"https:\/\/www.gemeinde-untermarchtal.de\/index.php\/wp-json\/wp\/v2\/pages\/1825\/revisions\/1962"}],"wp:attachment":[{"href":"https:\/\/www.gemeinde-untermarchtal.de\/index.php\/wp-json\/wp\/v2\/media?parent=1825"}],"curies":[{"name":"wp","href":"https:\/\/api.w.org\/{rel}","templated":true}]}}