{"id":1887,"date":"2016-11-17T22:35:16","date_gmt":"2016-11-17T21:35:16","guid":{"rendered":"http:\/\/www.gemeinde-untermarchtal.de\/?page_id=1887"},"modified":"2018-07-21T08:44:22","modified_gmt":"2018-07-21T06:44:22","slug":"einweihung-hochwasserschutz","status":"publish","type":"page","link":"https:\/\/www.gemeinde-untermarchtal.de\/index.php\/einweihung-hochwasserschutz\/","title":{"rendered":"Einweihung Hochwasserschutz"},"content":{"rendered":"<h3>Zur Feierstunde<\/h3>\r\n<p>In einer gemeinsamen Feststunde \u00fcbergaben am 16. September 2011 Regierungspr\u00e4sident Hermann Strampfer und Untermarchtals B\u00fcrgermeister Bernhard Ritzler die neu errichtete Hochwasserschutzma\u00dfnahme an der Donau in Untermarchtal ihrer Bestimmung. Zuvor er\u00f6ffnete mit einer Begr\u00fc\u00dfung Generaloberin Schwester M. Lintrud Funk von den Barmherzigen Schwestern vom hl. Vinzenz von Paul in Untermarchtal e.V., die von mehreren G\u00e4sten besuchte Einweihungsfeier an der Donau und am vollendeten Bauwerk. Regierungspr\u00e4sident Strampfer zeigte sich erfreut \u00fcber den gesamten Hochwasserschutz an der Donau. &#8222;Mit der heutigen Einweihung verwirklichen wir einen durchg\u00e4ngigen hundertj\u00e4hrlichen Schutz im Alb-Donau-Kreis und kommen unserem Ziel, regierungsbezirksweit, wieder einen Schritt n\u00e4her.&#8220; Dies die Kernaussage des Regierungspr\u00e4sidenten. Auch B\u00fcrgermeister Ritzler zeigte sich erleichtert: &#8222;Mit dem Kloster und dem Kindergarten werden besonders gef\u00e4hrderte Bereiche in Untermarchtal k\u00fcnftig ausreichend gesch\u00fctzt.&#8220; Der Hochwasserschutz in Untermarchtal wird durch die Kombination der Vor-Ort-Ma\u00dfnahme bis hin zum gro\u00dfen Hochwasserr\u00fcckhaltebecken an der Breg in Donaueschingen-Wolterdingen ausgedehnt und damit gew\u00e4hrleistet. Der Hochwasserabfluss wird in Untermarchtal in Spitzen um rund 40 Kubikmeter pro Sekunde gekappt und der Wasserspiegel damit um 10 Zentimeter gesenkt. &#8222;Gerade diese wenigen Zentimeter k\u00f6nnen im Ernstfall entscheidend sein und schwere Sch\u00e4den verhindern,&#8220; so der Regierungspr\u00e4sident. Ausdr\u00fccklich bedankte sich Pr\u00e4sident Strampfer bei der Gemeinde Untermarchtal f\u00fcr deren Entscheidung, diese Hochwasserschutzma\u00dfnahme umzusetzen und damit Vorsorge zu treffen, bei einem Hochwasserfall m\u00f6gliche Sch\u00e4den f\u00fcr Mensch und Sachg\u00fcter weitestgehend zu vermeiden. B\u00fcrgermeister Ritzler zeigte seine Zufriedenheit dar\u00fcber, da\u00df ein geschlossenenes Ma\u00dfnahmepaket umzusetzen und dies in Zusammenarbeit mit der Klosterverwaltung in einem &#8222;Notfallplan&#8220; bei neuen Gegegebenheiten anzupassen. Die baulichen Abstimmungen zwischen Gemeinde, Land, Klosterverwaltung und Alb-Donau-Kreis sind stets Hand in Hand gegangen. Mit dem Bautr\u00e4ger Regierungspr\u00e4sidium T\u00fcbingen, Referat Landesbetrieb Gew\u00e4sser erweiterte sich die vertauensvolle Zusammenarbeit auch mit dem planenden Ingenieurb\u00fcro Funk, Riedlingen. Eingeschlossen auch die Bauausf\u00fchrende Firma H\u00e4mmerle GmbH &amp; Co. KG in Oggelshausen. zum Hochwasserschutz an der gesamten Donau aus. Untermarchtal war von diesem Hochwasser an seiner rechten Uferseite insbesondere im Klosterareal auf einer L\u00e4nge von fast 400 Meter vom &#8222;Jurameer-Brandungsfels ob der die Waldkapelle auf dem Felssporn steht, bis hin zum Bereich des Kindergarten&#8220;, erheblich betroffen. Die Landesregierung beschlo\u00df mit dem Ministerrat 1992 ein &#8222;Integriertes Donauprogramm&#8220;. Ab 1997 wurde eine Risikoanalyse an der Donau begonnen. Damit wurden Hochwasserszenarien mit m\u00f6glichen Schadensumf\u00e4ngen in den Ortslagen mit einer Machbarkeitsstudie erarbeitet. Im Jahre 2001 stimmten alle Kommunen zwischen Ertingen-Binzwangen und Ulm einem &#8222;Abschlie\u00dfenden Gesamtkonzept f\u00fcr den Hochwasserschutz im Donautal bis hin zur Illerm\u00fcndung&#8220; zu. Dies sieht die Kombination der \u00f6rtlichen Ma\u00dfnahmen zusammen mit dem Bau des Hochwasserr\u00fcckhaltebecken an der Breg, Donaueschingen-Wolterdingen vor.<\/p>\r\n\r\n<div id=\"attachment_1890\" style=\"width: 770px\" class=\"wp-caption alignnone\"><img loading=\"lazy\" decoding=\"async\" aria-describedby=\"caption-attachment-1890\" class=\"wp-image-1890 size-full\" src=\"https:\/\/www.gemeinde-untermarchtal.de\/bilder\/Hochwasserschutz_1.jpg\" alt=\"hochwasserschutz_1\" width=\"760\" height=\"570\" \/><p id=\"caption-attachment-1890\" class=\"wp-caption-text\">Die versammelten Untermarchtaler Ordensschwestern mit Regierungs-Pr\u00e4sident Hermann Strampfer (Mitte)<\/p><\/div>\r\n<h3>Bauliche Einzelma\u00dfnahmen in Untermarchtal<\/h3>\r\n<p>Es waren 4 Bauteile geplant und sind jetzt ausgef\u00fchrt. Bauteil 1 umfa\u00dft die Gel\u00e4ndeerh\u00f6hung und H\u00f6herlegung des Fu\u00dfweg am Waldsaum und Donauufer westlich des Schwimmbadgeb\u00e4udes. L\u00e4nge 26 Meter und Erh\u00f6hung um 1.30 Meter. Bauteil 2 ist die 132 Meterstrecke nordwestlich des Kindergartens bis zum Technikgeb\u00e4ude. Dieses beherbergt die gesamte Energieversorgung des Klosers. Eine Gel\u00e4ndeerh\u00f6hung um rund 1.50 Meter wurde hier vorgenommen. Integriert in diesem Bauteil ist der Bauteil 3 mit einem 1.80 Meter breiten Dammbalkenverschluss. Dieser wird bei anlaufendem Hochwasser von \u00f6rtlichen Einsatzkr\u00e4ften in rascher Zeit montiert. Ein weiterer mobiler Dammbalkenverschluss als Bauteil 4 im Bereich der Margarita-Linderstrasse \u00fcbernimmt an der Zufahrt den Hochwasserschutz in einer Breite von 5.60 Meter und einer Schutzh\u00f6he von 0.80 Meter. Diese 4 Bauteile sind als Ma\u00dfnahme des Landes vorgesehen. Als Ma\u00dfnahme der Gemeinde im Hochwasserfall wird unter dem Damm hindurchsickerndes Wasser und auch Regenwasser im Bereich Klostergeb\u00e4ude und Kindergarten mittels Pumpen der Donau zugeleitet. Zwei Pumpsch\u00e4chte mit 4 Pumpen sind dort angeordnet. Eine Kanalisationserweiterung im Bereich Technikgeb\u00e4ude\/Schwimmbad wurde hier notwendig mit insgesamt 170 Meter neuen Rohrleitungen.<\/p>\r\n\r\n<div id=\"attachment_1891\" style=\"width: 770px\" class=\"wp-caption alignnone\"><img loading=\"lazy\" decoding=\"async\" aria-describedby=\"caption-attachment-1891\" class=\"wp-image-1891 size-full\" src=\"https:\/\/www.gemeinde-untermarchtal.de\/bilder\/Hochwasserschutz_2.jpg\" alt=\"hochwasserschutz_2\" width=\"760\" height=\"570\" \/><p id=\"caption-attachment-1891\" class=\"wp-caption-text\">BM Bernhard Ritzler in Mitten der G\u00e4ste<\/p><\/div>\r\n<h3>Baukosten<\/h3>\r\n<p>Gesamtkosten ca. 380 000 Euro. Davon Kosten der Landesma\u00dfnahmen 95 000 Euro. Hier wiederum beteiligt sich die Gemeinde Untermarchtal im Zuge des Vorteilsausgleich mit 30 Prozent. Die restlichen 70 Prozent werden aus dem Zukunftsinvestitionsprogramm des Bundes bestritten. Der Gemeinde Untermarchtal entstehen Kosten f\u00fcr die Binnenentw\u00e4sserungsnahme von rund 285 000 Euro. F\u00fcr diese Kosten erh\u00e4lt die Gemeinde als Bautr\u00e4ger F\u00f6rdermittel des Landes. Dabei wurden die Kosten der Binnenentw\u00e4sserung zu 59 Prozent dem Hochwasserschutz und zu 41 Prozent dem Abwasser zugeordnet. \u00dcber die F\u00f6rderrichtlinie Wasserwirtschaft ist der Anteil des Hochwasserschutz f\u00f6rderf\u00e4hig. Insgesamt erh\u00e4lt die Gemeinde eine F\u00f6rderzuwendung von 120 000 Euro und 20 000 Euro zus\u00e4tzlich vom Ausgleichstock. Am R\u00fcckhaltebecken Wolterdingen beteiligt sich die Gemeinde mit rund 16 000 Euro. Das Programm der Feierstunde wurde mit Gru\u00dfworten des 1. Landesbeamten Alb-Donau-Kreis, Hartmut Melzer sowie Vorstellung der Bauma\u00dfnahme von Peter Faigle vom RPT und Markus Wiehl, Ingenieurb\u00fcro Funk aus Riedlingen, abgerundet. Alle Versammelten beteten zum Abschluss der Einweihung gemeinsam das verbindende &#8222;Vater unser&#8220;. Zum Abschluss der Veranstaltung wurde vor Ort vom Kloster ein Imbiss serviert.<\/p>\r\n\r\n<div id=\"attachment_1892\" style=\"width: 770px\" class=\"wp-caption alignnone\"><img loading=\"lazy\" decoding=\"async\" aria-describedby=\"caption-attachment-1892\" class=\"wp-image-1892 size-full\" src=\"https:\/\/www.gemeinde-untermarchtal.de\/bilder\/Hochwasserschutz_3.jpg\" alt=\"hochwasserschutz_3\" width=\"760\" height=\"570\" \/><p id=\"caption-attachment-1892\" class=\"wp-caption-text\">Die Hochwasserschutzstrecke an der Donau, welche auch als sch\u00f6ner Spazierweg an der Donau genutzt werden kann.<\/p><\/div>\r\n\r\n<p>Quelltext: Auszugsweise aus der Pressemitteilung des RPT und der Gemeinde Untermarchtal vom 16. September 2011.<\/p>","protected":false},"excerpt":{"rendered":"<p>Zur Feierstunde In einer gemeinsamen Feststunde \u00fcbergaben am 16. September 2011 Regierungspr\u00e4sident Hermann Strampfer und Untermarchtals B\u00fcrgermeister Bernhard Ritzler die neu errichtete Hochwasserschutzma\u00dfnahme an der Donau in Untermarchtal ihrer Bestimmung. Zuvor er\u00f6ffnete mit einer Begr\u00fc\u00dfung Generaloberin Schwester M. Lintrud Funk von den Barmherzigen Schwestern vom hl. Vinzenz von Paul in Untermarchtal e.V., die von mehreren [&hellip;]<\/p>\n","protected":false},"author":1,"featured_media":0,"parent":0,"menu_order":0,"comment_status":"closed","ping_status":"closed","template":"page-templates\/_template_aktuelle_beitraege.php","meta":{"_acf_changed":false,"footnotes":""},"class_list":["post-1887","page","type-page","status-publish","hentry"],"acf":[],"yoast_head":"<!-- This site is optimized with the Yoast SEO plugin v26.7 - https:\/\/yoast.com\/wordpress\/plugins\/seo\/ -->\n<title>Einweihung Hochwasserschutz - Gemeinde Untermarchtal<\/title>\n<meta name=\"robots\" content=\"index, follow, max-snippet:-1, max-image-preview:large, max-video-preview:-1\" \/>\n<link rel=\"canonical\" href=\"https:\/\/www.gemeinde-untermarchtal.de\/index.php\/einweihung-hochwasserschutz\/\" \/>\n<meta property=\"og:locale\" content=\"de_DE\" \/>\n<meta property=\"og:type\" content=\"article\" \/>\n<meta property=\"og:title\" content=\"Einweihung Hochwasserschutz - Gemeinde Untermarchtal\" \/>\n<meta property=\"og:description\" content=\"Zur Feierstunde In einer gemeinsamen Feststunde \u00fcbergaben am 16. September 2011 Regierungspr\u00e4sident Hermann Strampfer und Untermarchtals B\u00fcrgermeister Bernhard Ritzler die neu errichtete Hochwasserschutzma\u00dfnahme an der Donau in Untermarchtal ihrer Bestimmung. Zuvor er\u00f6ffnete mit einer Begr\u00fc\u00dfung Generaloberin Schwester M. Lintrud Funk von den Barmherzigen Schwestern vom hl. Vinzenz von Paul in Untermarchtal e.V., die von mehreren [&hellip;]\" \/>\n<meta property=\"og:url\" content=\"https:\/\/www.gemeinde-untermarchtal.de\/index.php\/einweihung-hochwasserschutz\/\" \/>\n<meta property=\"og:site_name\" content=\"Gemeinde Untermarchtal\" \/>\n<meta property=\"article:modified_time\" content=\"2018-07-21T06:44:22+00:00\" \/>\n<meta property=\"og:image\" content=\"https:\/\/www.gemeinde-untermarchtal.de\/bilder\/Hochwasserschutz_1.jpg\" \/>\n<meta name=\"twitter:card\" content=\"summary_large_image\" \/>\n<meta name=\"twitter:label1\" content=\"Gesch\u00e4tzte Lesezeit\" \/>\n\t<meta name=\"twitter:data1\" content=\"4\u00a0Minuten\" \/>\n<script type=\"application\/ld+json\" class=\"yoast-schema-graph\">{\"@context\":\"https:\/\/schema.org\",\"@graph\":[{\"@type\":\"WebPage\",\"@id\":\"https:\/\/www.gemeinde-untermarchtal.de\/index.php\/einweihung-hochwasserschutz\/\",\"url\":\"https:\/\/www.gemeinde-untermarchtal.de\/index.php\/einweihung-hochwasserschutz\/\",\"name\":\"Einweihung Hochwasserschutz - Gemeinde Untermarchtal\",\"isPartOf\":{\"@id\":\"https:\/\/www.gemeinde-untermarchtal.de\/#website\"},\"primaryImageOfPage\":{\"@id\":\"https:\/\/www.gemeinde-untermarchtal.de\/index.php\/einweihung-hochwasserschutz\/#primaryimage\"},\"image\":{\"@id\":\"https:\/\/www.gemeinde-untermarchtal.de\/index.php\/einweihung-hochwasserschutz\/#primaryimage\"},\"thumbnailUrl\":\"https:\/\/www.gemeinde-untermarchtal.de\/bilder\/Hochwasserschutz_1.jpg\",\"datePublished\":\"2016-11-17T21:35:16+00:00\",\"dateModified\":\"2018-07-21T06:44:22+00:00\",\"breadcrumb\":{\"@id\":\"https:\/\/www.gemeinde-untermarchtal.de\/index.php\/einweihung-hochwasserschutz\/#breadcrumb\"},\"inLanguage\":\"de\",\"potentialAction\":[{\"@type\":\"ReadAction\",\"target\":[\"https:\/\/www.gemeinde-untermarchtal.de\/index.php\/einweihung-hochwasserschutz\/\"]}]},{\"@type\":\"ImageObject\",\"inLanguage\":\"de\",\"@id\":\"https:\/\/www.gemeinde-untermarchtal.de\/index.php\/einweihung-hochwasserschutz\/#primaryimage\",\"url\":\"https:\/\/www.gemeinde-untermarchtal.de\/bilder\/Hochwasserschutz_1.jpg\",\"contentUrl\":\"https:\/\/www.gemeinde-untermarchtal.de\/bilder\/Hochwasserschutz_1.jpg\",\"width\":760,\"height\":570},{\"@type\":\"BreadcrumbList\",\"@id\":\"https:\/\/www.gemeinde-untermarchtal.de\/index.php\/einweihung-hochwasserschutz\/#breadcrumb\",\"itemListElement\":[{\"@type\":\"ListItem\",\"position\":1,\"name\":\"Startseite\",\"item\":\"https:\/\/www.gemeinde-untermarchtal.de\/\"},{\"@type\":\"ListItem\",\"position\":2,\"name\":\"Einweihung Hochwasserschutz\"}]},{\"@type\":\"WebSite\",\"@id\":\"https:\/\/www.gemeinde-untermarchtal.de\/#website\",\"url\":\"https:\/\/www.gemeinde-untermarchtal.de\/\",\"name\":\"Gemeinde Untermarchtal\",\"description\":\"Gemeinde Untermarchtal\",\"potentialAction\":[{\"@type\":\"SearchAction\",\"target\":{\"@type\":\"EntryPoint\",\"urlTemplate\":\"https:\/\/www.gemeinde-untermarchtal.de\/?s={search_term_string}\"},\"query-input\":{\"@type\":\"PropertyValueSpecification\",\"valueRequired\":true,\"valueName\":\"search_term_string\"}}],\"inLanguage\":\"de\"}]}<\/script>\n<!-- \/ Yoast SEO plugin. -->","yoast_head_json":{"title":"Einweihung Hochwasserschutz - Gemeinde Untermarchtal","robots":{"index":"index","follow":"follow","max-snippet":"max-snippet:-1","max-image-preview":"max-image-preview:large","max-video-preview":"max-video-preview:-1"},"canonical":"https:\/\/www.gemeinde-untermarchtal.de\/index.php\/einweihung-hochwasserschutz\/","og_locale":"de_DE","og_type":"article","og_title":"Einweihung Hochwasserschutz - Gemeinde Untermarchtal","og_description":"Zur Feierstunde In einer gemeinsamen Feststunde \u00fcbergaben am 16. September 2011 Regierungspr\u00e4sident Hermann Strampfer und Untermarchtals B\u00fcrgermeister Bernhard Ritzler die neu errichtete Hochwasserschutzma\u00dfnahme an der Donau in Untermarchtal ihrer Bestimmung. Zuvor er\u00f6ffnete mit einer Begr\u00fc\u00dfung Generaloberin Schwester M. Lintrud Funk von den Barmherzigen Schwestern vom hl. Vinzenz von Paul in Untermarchtal e.V., die von mehreren [&hellip;]","og_url":"https:\/\/www.gemeinde-untermarchtal.de\/index.php\/einweihung-hochwasserschutz\/","og_site_name":"Gemeinde Untermarchtal","article_modified_time":"2018-07-21T06:44:22+00:00","og_image":[{"url":"https:\/\/www.gemeinde-untermarchtal.de\/bilder\/Hochwasserschutz_1.jpg","type":"","width":"","height":""}],"twitter_card":"summary_large_image","twitter_misc":{"Gesch\u00e4tzte Lesezeit":"4\u00a0Minuten"},"schema":{"@context":"https:\/\/schema.org","@graph":[{"@type":"WebPage","@id":"https:\/\/www.gemeinde-untermarchtal.de\/index.php\/einweihung-hochwasserschutz\/","url":"https:\/\/www.gemeinde-untermarchtal.de\/index.php\/einweihung-hochwasserschutz\/","name":"Einweihung Hochwasserschutz - Gemeinde Untermarchtal","isPartOf":{"@id":"https:\/\/www.gemeinde-untermarchtal.de\/#website"},"primaryImageOfPage":{"@id":"https:\/\/www.gemeinde-untermarchtal.de\/index.php\/einweihung-hochwasserschutz\/#primaryimage"},"image":{"@id":"https:\/\/www.gemeinde-untermarchtal.de\/index.php\/einweihung-hochwasserschutz\/#primaryimage"},"thumbnailUrl":"https:\/\/www.gemeinde-untermarchtal.de\/bilder\/Hochwasserschutz_1.jpg","datePublished":"2016-11-17T21:35:16+00:00","dateModified":"2018-07-21T06:44:22+00:00","breadcrumb":{"@id":"https:\/\/www.gemeinde-untermarchtal.de\/index.php\/einweihung-hochwasserschutz\/#breadcrumb"},"inLanguage":"de","potentialAction":[{"@type":"ReadAction","target":["https:\/\/www.gemeinde-untermarchtal.de\/index.php\/einweihung-hochwasserschutz\/"]}]},{"@type":"ImageObject","inLanguage":"de","@id":"https:\/\/www.gemeinde-untermarchtal.de\/index.php\/einweihung-hochwasserschutz\/#primaryimage","url":"https:\/\/www.gemeinde-untermarchtal.de\/bilder\/Hochwasserschutz_1.jpg","contentUrl":"https:\/\/www.gemeinde-untermarchtal.de\/bilder\/Hochwasserschutz_1.jpg","width":760,"height":570},{"@type":"BreadcrumbList","@id":"https:\/\/www.gemeinde-untermarchtal.de\/index.php\/einweihung-hochwasserschutz\/#breadcrumb","itemListElement":[{"@type":"ListItem","position":1,"name":"Startseite","item":"https:\/\/www.gemeinde-untermarchtal.de\/"},{"@type":"ListItem","position":2,"name":"Einweihung Hochwasserschutz"}]},{"@type":"WebSite","@id":"https:\/\/www.gemeinde-untermarchtal.de\/#website","url":"https:\/\/www.gemeinde-untermarchtal.de\/","name":"Gemeinde Untermarchtal","description":"Gemeinde Untermarchtal","potentialAction":[{"@type":"SearchAction","target":{"@type":"EntryPoint","urlTemplate":"https:\/\/www.gemeinde-untermarchtal.de\/?s={search_term_string}"},"query-input":{"@type":"PropertyValueSpecification","valueRequired":true,"valueName":"search_term_string"}}],"inLanguage":"de"}]}},"_links":{"self":[{"href":"https:\/\/www.gemeinde-untermarchtal.de\/index.php\/wp-json\/wp\/v2\/pages\/1887","targetHints":{"allow":["GET"]}}],"collection":[{"href":"https:\/\/www.gemeinde-untermarchtal.de\/index.php\/wp-json\/wp\/v2\/pages"}],"about":[{"href":"https:\/\/www.gemeinde-untermarchtal.de\/index.php\/wp-json\/wp\/v2\/types\/page"}],"author":[{"embeddable":true,"href":"https:\/\/www.gemeinde-untermarchtal.de\/index.php\/wp-json\/wp\/v2\/users\/1"}],"replies":[{"embeddable":true,"href":"https:\/\/www.gemeinde-untermarchtal.de\/index.php\/wp-json\/wp\/v2\/comments?post=1887"}],"version-history":[{"count":7,"href":"https:\/\/www.gemeinde-untermarchtal.de\/index.php\/wp-json\/wp\/v2\/pages\/1887\/revisions"}],"predecessor-version":[{"id":2731,"href":"https:\/\/www.gemeinde-untermarchtal.de\/index.php\/wp-json\/wp\/v2\/pages\/1887\/revisions\/2731"}],"wp:attachment":[{"href":"https:\/\/www.gemeinde-untermarchtal.de\/index.php\/wp-json\/wp\/v2\/media?parent=1887"}],"curies":[{"name":"wp","href":"https:\/\/api.w.org\/{rel}","templated":true}]}}