{"id":1901,"date":"2016-11-19T22:40:06","date_gmt":"2016-11-19T21:40:06","guid":{"rendered":"http:\/\/www.gemeinde-untermarchtal.de\/?page_id=1901"},"modified":"2018-07-21T09:34:48","modified_gmt":"2018-07-21T07:34:48","slug":"vergangenheit-und-gegenwart-zwei-landtagskandidaten-aus-untermarchtal","status":"publish","type":"page","link":"https:\/\/www.gemeinde-untermarchtal.de\/index.php\/vergangenheit-und-gegenwart-zwei-landtagskandidaten-aus-untermarchtal\/","title":{"rendered":"Vergangenheit und Gegenwart: zwei Landtagskandidaten aus Untermarchtal"},"content":{"rendered":"<h3>Felix Stiegele<\/h3>\r\n<p>Beschreibung und Versuch eines Personenvergleich zweier Untermarchtaler Kandidaten f\u00fcr den Landtag in W\u00fcrttemberg im Jahre 1916 mit Pfarrer und Dekan Felix Stiegele (Deutsche Zentrumspartei) und jetzt im Jahre 2011 in Baden-W\u00fcrttemberg mit Alex K\u00fcbek, IT-Leiter, Kandidat f\u00fcr die Sozialdemokratische Partei Deutschlands (SPD). Da\u00df die beiden Kandidaten aus dem kleinen Dorf Untermarchtal kommen ist schon etwas erstaunlich oder auch purer Zufall, zumal ihre unterschiedliche Parteizugeh\u00f6rigkeit f\u00fcr den objektiven B\u00fcrger von hier doch eine interessante politische Auffassung und Darstellung zulassen. Zun\u00e4chst eine kleine Lebensbeschreibung vom damaligen Kandidaten f\u00fcr den W\u00fcrttembergischen Landtag im Jahre 1916, Dekan und Pfarrer Felix Stiegele in Untermarchtal, diese haben wir von seinem Urgro\u00dfneffen Fritz Stiegele (Jahrgang 1925) lebt in Bietigheim-Bissingen, ebenfalls den \u00e4lteren B\u00fcrgern von hier noch bekannt und verheiratet mit Anna Stiegele geb. Ziegler von hierdankenswert erhalten. Pfarrer Stiegele wurde 1881 im nahen Mochental geboren, wo sein Vater Oberf\u00f6rster war. In T\u00fcbingen studierte er Theologie, wurde 1905 zum Priester geweiht und war zun\u00e4chst Vikar in Reutlingen. Der damals bekannte Zentrumspolitiker Adolf Gr\u00f6ber berief ihn 1909 zum Landessekret\u00e4r des Volksverein f\u00fcr das katholische Deutschland (VkD), eine Organisation die mit der Zenrumspartei in der Volksbildung und Sozialpolitik gewirkt hat und in Konkurrenz zur Sozialdemokratie Bildung und Ausbildung der christlichen Gewerkschaften f\u00f6rderte. Bischof Keppler \u00fcbertrug im 1917 die Pfarrei Untermarchtal in der er bis zu seinem Tod 1951 mehr als drei Jahrzehnte als Seelsorger wirkte. Ab 1932 war er viele Jahre Dekan des Kapitels Ehingen und bisch\u00f6flicher Kommiss\u00e4r. Als Kandidat der Zentrumspartei wurde Felix Stiegele von 1914 bis 1918 in den Berliner Reichstag und von 1916 bis 1921 in den Stuttgarter Landtag gew\u00e4hlt. Auch f\u00fcr damalige Verh\u00e4ltnisse eine ungew\u00f6hnliche Herausforderung f\u00fcr einen jungen, talentierten Pfarrer und Politiker aus einem kleinen Dorf weit weg von den politischen Zentren Berlin und Stuttgart. Nach dem politischen Wechsel im Deutschen Reich nach dem Ersten Weltkrieg schied er aus dem aktiven parlamentarischen Leben aus. Stiegele war ein Mann des \u00f6ffentlichen Lebens und immer eng mit den Menschen verbunden und vertrat deren soziale Anliegen energisch, weitblickend und meist erfolgreich, auch dann noch, als er nicht mehr aktiv im politischen Leben stand. Stets ist er f\u00fcr Wahrheit, Freiheit und Gerechtigkeit in Volk, Staat und Kirche eingetreten, auch in den Jahren des Dritten Reiches, als er f\u00fcr seine offenen, manchmal nicht regierungskonformen Meinungs\u00e4u\u00dferungen gelegentlich Anklagen, Verh\u00f6re und Verbote \u00fcberstehen mu\u00dfte. Die Zentrumspartei, der Stiegele angeh\u00f6rte wurde 1933 aufgel\u00f6st und ihre Anh\u00e4nger gr\u00fcndeten nach dem Zweiten Weltkrieg die heutige CDU.<\/p>\r\n\r\n<img loading=\"lazy\" decoding=\"async\" class=\"wp-image-1903 size-full\" src=\"https:\/\/www.gemeinde-untermarchtal.de\/bilder\/Zwei_Landtagskanditaten_Felix_Stiegele.jpg\" alt=\"zwei_landtagskanditaten_felix_stiegele\" width=\"585\" height=\"760\" \/>\r\n<h3>Alex K\u00fcbek<\/h3>\r\n<p>Dem heutigem Landtagskandidaten 2011, Alex K\u00fcbek aus Untermarchtal nach 95 Jahren und Stiegeles Kandidatur &ndash; tritt er f\u00fcr seine Partei , die Sozialdemokratische Partei Deutschlands (SPD) an, m\u00f6chten wir ebenfalls eine kurze Lebensbiografie widmen. K\u00fcbek, Jahrgang 1967, kommt aus einer Familie mit noch 4 Geschwister, ist ledig und lebt mit seiner Lebensgef\u00e4hrtin in Untermarchtal. Beruflich ist er IT-Leiter in einem Ulmer mittelst\u00e4ndischen Unternehmen besch\u00e4ftigt und hat in dieser Funktion unter anderem viel in den ostdeutschen Bundesl\u00e4nder zu tun. Er ist gelernter Gro\u00df- und Au\u00dfenhandelskaufmann. In seinem Heimatort ist er Mitglied im Sportverein und der Narrenzunft. Im SPD-Ortsverein Munderkingen ist er deren Ortsvorsitzender. Als SPD-Landtagskandidat im Wahlkreis 65 tritt er sachlich auf, ist kein &#8222;Haudrauf&#8220; und sieht den Wahlkampf nicht als &#8222;Boxkampf&#8220; in der CDU-Hochburg seines Wahlkreises. Ein Herausforderer - so in der Boxersprache- f\u00fcr den Landtagsabgeordneten Karl Traub im Wahlkreis will er nicht genannt werden. In seinem Wahlprogramm setzt er auf Bildung durch individuelle F\u00f6rderung und Integration, Gesundheit, medizinische Versorgung und Umweltschutz im l\u00e4ndlichen Raum. Das System der &#8222;Dreiklassenmedizin&#8220; sollte abgeschafft werden. Einen gut funktionierenden \u00f6ffentlichen Nahverkehr und eine gute Infrastruktur des Stra\u00dfenausbau h\u00e4lt K\u00fcbek f\u00fcr notwendig. Einen Tag vor der japanischen Erdbebenkatastrophe \u00e4u\u00dferte er den Wunsch f\u00fcr den Ausstieg aus der Atomkraft. Als Zugewinn f\u00fcr die Region sieht er den Neubau der Bahnstrecke Ulm - Wendlingen im Rahmen von Stuttgart 21. Allerdings w\u00e4re eine Volksbefragung keine schlechte Richtung und zukunftsweisend in der Sache, so K\u00fcbek. Den Einzug in den Landtag gelang ihm bei seiner Kandidatur 2011 nicht.<\/p>\r\n\r\n<img loading=\"lazy\" decoding=\"async\" class=\"wp-image-1902 size-full\" src=\"https:\/\/www.gemeinde-untermarchtal.de\/bilder\/Zwei_Landtagskanditaten_Alex_Kuebek.jpg\" alt=\"zwei_landtagskanditaten_alex_kuebek\" width=\"760\" height=\"606\" \/>\r\n\r\n<p>Fazit dieser &#8222;Kandidaten-Gegen\u00fcberstellung&#8220; soll nicht &#8222;Rechts&#8220; oder Mitte gleich &#8222;Deutsche Zentrumspartei&#8220; gegen linke Mitte, heute SPD, sein. Man bedenke bei der Leseart einen historischen Zeitraum von fast 100 Jahren. Es gab in dieser Zeit riesige, politische innerdeutsche, europ\u00e4ische und globale Ver\u00e4nderungen. Dennoch m\u00f6chten wir aus Untermarchtaler Sicht den obigen &#8222;Kandidaten&#8220; aus unserem Dorf einen angemessenen, historischen Platz und ihren pers\u00f6nlichen Mut f\u00fcr ein oft undankbares politisches Amt auf der hohen politischen Ebene w\u00fcrdigend einr\u00e4umen.<\/p>\r\n<h3>Quellen<\/h3>\r\n<p>Lebensbeschreibung von Pfarrer u. Dekan Stiegele von seinem Urgro\u00dfneffen Fritz Stiegele aus dem Jahr 1997. Politische Ziele und Lebensdaten von Alex K\u00fcbek aus seiner Wahlwerbung und Presseberichte &#8222;Ehinger Tagblatt&#8220; vom 15. M\u00e4rz 2011.<\/p>\r\n\r\n<p>Verfa\u00dft im April 2011 f\u00fcr die Homepage der Gemeinde Untermarchtal von Hermann Josef Illenberger, Untermarchtal.<\/p>","protected":false},"excerpt":{"rendered":"<p>Felix Stiegele Beschreibung und Versuch eines Personenvergleich zweier Untermarchtaler Kandidaten f\u00fcr den Landtag in W\u00fcrttemberg im Jahre 1916 mit Pfarrer und Dekan Felix Stiegele (Deutsche Zentrumspartei) und jetzt im Jahre 2011 in Baden-W\u00fcrttemberg mit Alex K\u00fcbek, IT-Leiter, Kandidat f\u00fcr die Sozialdemokratische Partei Deutschlands (SPD). Da\u00df die beiden Kandidaten aus dem kleinen Dorf Untermarchtal kommen ist [&hellip;]<\/p>\n","protected":false},"author":1,"featured_media":0,"parent":0,"menu_order":0,"comment_status":"closed","ping_status":"closed","template":"page-templates\/_template_aktuelle_beitraege.php","meta":{"_acf_changed":false,"footnotes":""},"class_list":["post-1901","page","type-page","status-publish","hentry"],"acf":[],"yoast_head":"<!-- This site is optimized with the Yoast SEO plugin v26.7 - https:\/\/yoast.com\/wordpress\/plugins\/seo\/ -->\n<title>Vergangenheit und Gegenwart: zwei Landtagskandidaten aus Untermarchtal - Gemeinde Untermarchtal<\/title>\n<meta name=\"robots\" content=\"index, follow, max-snippet:-1, max-image-preview:large, max-video-preview:-1\" \/>\n<link rel=\"canonical\" href=\"https:\/\/www.gemeinde-untermarchtal.de\/index.php\/vergangenheit-und-gegenwart-zwei-landtagskandidaten-aus-untermarchtal\/\" \/>\n<meta property=\"og:locale\" content=\"de_DE\" \/>\n<meta property=\"og:type\" content=\"article\" \/>\n<meta property=\"og:title\" content=\"Vergangenheit und Gegenwart: zwei Landtagskandidaten aus Untermarchtal - Gemeinde Untermarchtal\" \/>\n<meta property=\"og:description\" content=\"Felix Stiegele Beschreibung und Versuch eines Personenvergleich zweier Untermarchtaler Kandidaten f\u00fcr den Landtag in W\u00fcrttemberg im Jahre 1916 mit Pfarrer und Dekan Felix Stiegele (Deutsche Zentrumspartei) und jetzt im Jahre 2011 in Baden-W\u00fcrttemberg mit Alex K\u00fcbek, IT-Leiter, Kandidat f\u00fcr die Sozialdemokratische Partei Deutschlands (SPD). Da\u00df die beiden Kandidaten aus dem kleinen Dorf Untermarchtal kommen ist [&hellip;]\" \/>\n<meta property=\"og:url\" content=\"https:\/\/www.gemeinde-untermarchtal.de\/index.php\/vergangenheit-und-gegenwart-zwei-landtagskandidaten-aus-untermarchtal\/\" \/>\n<meta property=\"og:site_name\" content=\"Gemeinde Untermarchtal\" \/>\n<meta property=\"article:modified_time\" content=\"2018-07-21T07:34:48+00:00\" \/>\n<meta property=\"og:image\" content=\"https:\/\/www.gemeinde-untermarchtal.de\/bilder\/Zwei_Landtagskanditaten_Felix_Stiegele.jpg\" \/>\n<meta name=\"twitter:card\" content=\"summary_large_image\" \/>\n<meta name=\"twitter:label1\" content=\"Gesch\u00e4tzte Lesezeit\" \/>\n\t<meta name=\"twitter:data1\" content=\"4\u00a0Minuten\" \/>\n<script type=\"application\/ld+json\" class=\"yoast-schema-graph\">{\"@context\":\"https:\/\/schema.org\",\"@graph\":[{\"@type\":\"WebPage\",\"@id\":\"https:\/\/www.gemeinde-untermarchtal.de\/index.php\/vergangenheit-und-gegenwart-zwei-landtagskandidaten-aus-untermarchtal\/\",\"url\":\"https:\/\/www.gemeinde-untermarchtal.de\/index.php\/vergangenheit-und-gegenwart-zwei-landtagskandidaten-aus-untermarchtal\/\",\"name\":\"Vergangenheit und Gegenwart: zwei Landtagskandidaten aus Untermarchtal - Gemeinde Untermarchtal\",\"isPartOf\":{\"@id\":\"https:\/\/www.gemeinde-untermarchtal.de\/#website\"},\"primaryImageOfPage\":{\"@id\":\"https:\/\/www.gemeinde-untermarchtal.de\/index.php\/vergangenheit-und-gegenwart-zwei-landtagskandidaten-aus-untermarchtal\/#primaryimage\"},\"image\":{\"@id\":\"https:\/\/www.gemeinde-untermarchtal.de\/index.php\/vergangenheit-und-gegenwart-zwei-landtagskandidaten-aus-untermarchtal\/#primaryimage\"},\"thumbnailUrl\":\"https:\/\/www.gemeinde-untermarchtal.de\/bilder\/Zwei_Landtagskanditaten_Felix_Stiegele.jpg\",\"datePublished\":\"2016-11-19T21:40:06+00:00\",\"dateModified\":\"2018-07-21T07:34:48+00:00\",\"breadcrumb\":{\"@id\":\"https:\/\/www.gemeinde-untermarchtal.de\/index.php\/vergangenheit-und-gegenwart-zwei-landtagskandidaten-aus-untermarchtal\/#breadcrumb\"},\"inLanguage\":\"de\",\"potentialAction\":[{\"@type\":\"ReadAction\",\"target\":[\"https:\/\/www.gemeinde-untermarchtal.de\/index.php\/vergangenheit-und-gegenwart-zwei-landtagskandidaten-aus-untermarchtal\/\"]}]},{\"@type\":\"ImageObject\",\"inLanguage\":\"de\",\"@id\":\"https:\/\/www.gemeinde-untermarchtal.de\/index.php\/vergangenheit-und-gegenwart-zwei-landtagskandidaten-aus-untermarchtal\/#primaryimage\",\"url\":\"https:\/\/www.gemeinde-untermarchtal.de\/bilder\/Zwei_Landtagskanditaten_Felix_Stiegele.jpg\",\"contentUrl\":\"https:\/\/www.gemeinde-untermarchtal.de\/bilder\/Zwei_Landtagskanditaten_Felix_Stiegele.jpg\",\"width\":585,\"height\":760},{\"@type\":\"BreadcrumbList\",\"@id\":\"https:\/\/www.gemeinde-untermarchtal.de\/index.php\/vergangenheit-und-gegenwart-zwei-landtagskandidaten-aus-untermarchtal\/#breadcrumb\",\"itemListElement\":[{\"@type\":\"ListItem\",\"position\":1,\"name\":\"Startseite\",\"item\":\"https:\/\/www.gemeinde-untermarchtal.de\/\"},{\"@type\":\"ListItem\",\"position\":2,\"name\":\"Vergangenheit und Gegenwart: zwei Landtagskandidaten aus Untermarchtal\"}]},{\"@type\":\"WebSite\",\"@id\":\"https:\/\/www.gemeinde-untermarchtal.de\/#website\",\"url\":\"https:\/\/www.gemeinde-untermarchtal.de\/\",\"name\":\"Gemeinde Untermarchtal\",\"description\":\"Gemeinde Untermarchtal\",\"potentialAction\":[{\"@type\":\"SearchAction\",\"target\":{\"@type\":\"EntryPoint\",\"urlTemplate\":\"https:\/\/www.gemeinde-untermarchtal.de\/?s={search_term_string}\"},\"query-input\":{\"@type\":\"PropertyValueSpecification\",\"valueRequired\":true,\"valueName\":\"search_term_string\"}}],\"inLanguage\":\"de\"}]}<\/script>\n<!-- \/ Yoast SEO plugin. -->","yoast_head_json":{"title":"Vergangenheit und Gegenwart: zwei Landtagskandidaten aus Untermarchtal - Gemeinde Untermarchtal","robots":{"index":"index","follow":"follow","max-snippet":"max-snippet:-1","max-image-preview":"max-image-preview:large","max-video-preview":"max-video-preview:-1"},"canonical":"https:\/\/www.gemeinde-untermarchtal.de\/index.php\/vergangenheit-und-gegenwart-zwei-landtagskandidaten-aus-untermarchtal\/","og_locale":"de_DE","og_type":"article","og_title":"Vergangenheit und Gegenwart: zwei Landtagskandidaten aus Untermarchtal - Gemeinde Untermarchtal","og_description":"Felix Stiegele Beschreibung und Versuch eines Personenvergleich zweier Untermarchtaler Kandidaten f\u00fcr den Landtag in W\u00fcrttemberg im Jahre 1916 mit Pfarrer und Dekan Felix Stiegele (Deutsche Zentrumspartei) und jetzt im Jahre 2011 in Baden-W\u00fcrttemberg mit Alex K\u00fcbek, IT-Leiter, Kandidat f\u00fcr die Sozialdemokratische Partei Deutschlands (SPD). Da\u00df die beiden Kandidaten aus dem kleinen Dorf Untermarchtal kommen ist [&hellip;]","og_url":"https:\/\/www.gemeinde-untermarchtal.de\/index.php\/vergangenheit-und-gegenwart-zwei-landtagskandidaten-aus-untermarchtal\/","og_site_name":"Gemeinde Untermarchtal","article_modified_time":"2018-07-21T07:34:48+00:00","og_image":[{"url":"https:\/\/www.gemeinde-untermarchtal.de\/bilder\/Zwei_Landtagskanditaten_Felix_Stiegele.jpg","type":"","width":"","height":""}],"twitter_card":"summary_large_image","twitter_misc":{"Gesch\u00e4tzte Lesezeit":"4\u00a0Minuten"},"schema":{"@context":"https:\/\/schema.org","@graph":[{"@type":"WebPage","@id":"https:\/\/www.gemeinde-untermarchtal.de\/index.php\/vergangenheit-und-gegenwart-zwei-landtagskandidaten-aus-untermarchtal\/","url":"https:\/\/www.gemeinde-untermarchtal.de\/index.php\/vergangenheit-und-gegenwart-zwei-landtagskandidaten-aus-untermarchtal\/","name":"Vergangenheit und Gegenwart: zwei Landtagskandidaten aus Untermarchtal - Gemeinde Untermarchtal","isPartOf":{"@id":"https:\/\/www.gemeinde-untermarchtal.de\/#website"},"primaryImageOfPage":{"@id":"https:\/\/www.gemeinde-untermarchtal.de\/index.php\/vergangenheit-und-gegenwart-zwei-landtagskandidaten-aus-untermarchtal\/#primaryimage"},"image":{"@id":"https:\/\/www.gemeinde-untermarchtal.de\/index.php\/vergangenheit-und-gegenwart-zwei-landtagskandidaten-aus-untermarchtal\/#primaryimage"},"thumbnailUrl":"https:\/\/www.gemeinde-untermarchtal.de\/bilder\/Zwei_Landtagskanditaten_Felix_Stiegele.jpg","datePublished":"2016-11-19T21:40:06+00:00","dateModified":"2018-07-21T07:34:48+00:00","breadcrumb":{"@id":"https:\/\/www.gemeinde-untermarchtal.de\/index.php\/vergangenheit-und-gegenwart-zwei-landtagskandidaten-aus-untermarchtal\/#breadcrumb"},"inLanguage":"de","potentialAction":[{"@type":"ReadAction","target":["https:\/\/www.gemeinde-untermarchtal.de\/index.php\/vergangenheit-und-gegenwart-zwei-landtagskandidaten-aus-untermarchtal\/"]}]},{"@type":"ImageObject","inLanguage":"de","@id":"https:\/\/www.gemeinde-untermarchtal.de\/index.php\/vergangenheit-und-gegenwart-zwei-landtagskandidaten-aus-untermarchtal\/#primaryimage","url":"https:\/\/www.gemeinde-untermarchtal.de\/bilder\/Zwei_Landtagskanditaten_Felix_Stiegele.jpg","contentUrl":"https:\/\/www.gemeinde-untermarchtal.de\/bilder\/Zwei_Landtagskanditaten_Felix_Stiegele.jpg","width":585,"height":760},{"@type":"BreadcrumbList","@id":"https:\/\/www.gemeinde-untermarchtal.de\/index.php\/vergangenheit-und-gegenwart-zwei-landtagskandidaten-aus-untermarchtal\/#breadcrumb","itemListElement":[{"@type":"ListItem","position":1,"name":"Startseite","item":"https:\/\/www.gemeinde-untermarchtal.de\/"},{"@type":"ListItem","position":2,"name":"Vergangenheit und Gegenwart: zwei Landtagskandidaten aus Untermarchtal"}]},{"@type":"WebSite","@id":"https:\/\/www.gemeinde-untermarchtal.de\/#website","url":"https:\/\/www.gemeinde-untermarchtal.de\/","name":"Gemeinde Untermarchtal","description":"Gemeinde Untermarchtal","potentialAction":[{"@type":"SearchAction","target":{"@type":"EntryPoint","urlTemplate":"https:\/\/www.gemeinde-untermarchtal.de\/?s={search_term_string}"},"query-input":{"@type":"PropertyValueSpecification","valueRequired":true,"valueName":"search_term_string"}}],"inLanguage":"de"}]}},"_links":{"self":[{"href":"https:\/\/www.gemeinde-untermarchtal.de\/index.php\/wp-json\/wp\/v2\/pages\/1901","targetHints":{"allow":["GET"]}}],"collection":[{"href":"https:\/\/www.gemeinde-untermarchtal.de\/index.php\/wp-json\/wp\/v2\/pages"}],"about":[{"href":"https:\/\/www.gemeinde-untermarchtal.de\/index.php\/wp-json\/wp\/v2\/types\/page"}],"author":[{"embeddable":true,"href":"https:\/\/www.gemeinde-untermarchtal.de\/index.php\/wp-json\/wp\/v2\/users\/1"}],"replies":[{"embeddable":true,"href":"https:\/\/www.gemeinde-untermarchtal.de\/index.php\/wp-json\/wp\/v2\/comments?post=1901"}],"version-history":[{"count":6,"href":"https:\/\/www.gemeinde-untermarchtal.de\/index.php\/wp-json\/wp\/v2\/pages\/1901\/revisions"}],"predecessor-version":[{"id":2748,"href":"https:\/\/www.gemeinde-untermarchtal.de\/index.php\/wp-json\/wp\/v2\/pages\/1901\/revisions\/2748"}],"wp:attachment":[{"href":"https:\/\/www.gemeinde-untermarchtal.de\/index.php\/wp-json\/wp\/v2\/media?parent=1901"}],"curies":[{"name":"wp","href":"https:\/\/api.w.org\/{rel}","templated":true}]}}