{"id":1918,"date":"2016-11-27T22:51:25","date_gmt":"2016-11-27T21:51:25","guid":{"rendered":"http:\/\/www.gemeinde-untermarchtal.de\/?page_id=1918"},"modified":"2016-11-28T07:56:29","modified_gmt":"2016-11-28T06:56:29","slug":"klimaschutz-durch-einsatz-von-led-leuchten","status":"publish","type":"page","link":"https:\/\/www.gemeinde-untermarchtal.de\/index.php\/klimaschutz-durch-einsatz-von-led-leuchten\/","title":{"rendered":"Klimaschutz durch Einsatz von LED-Leuchten"},"content":{"rendered":"<p>Die Gemeinde Untermarchtal beteiligte sich im Jahr 2012 im Rahmen der Klimaschutzinitiative des\r\nBundesministeriums f\u00fcr Umwelt, Naturschutz und Reaktorsicherheit. Projekt abgeschlossen in 2012. Siehe Bericht.<\/p>\r\n\r\n<ul>\r\n<li><span class=\"genericon genericon-download\"><\/span><a href=\"http:\/\/formulare.gemeinde-untermarchtal.de\/Internetauftritt Klimaschutz durch Einsatz von LED Untermarchtal.pdf\" target=\"_blank\">Bericht \u00fcber Klimaschutz durch Einsatz von LED in der Stra\u00dfenbeleuchtung<\/a>\r\n<\/li>\r\n<\/ul>","protected":false},"excerpt":{"rendered":"<p>Die Gemeinde Untermarchtal beteiligte sich im Jahr 2012 im Rahmen der Klimaschutzinitiative des Bundesministeriums f\u00fcr Umwelt, Naturschutz und Reaktorsicherheit. Projekt abgeschlossen in 2012. Siehe Bericht. Bericht \u00fcber Klimaschutz durch Einsatz von LED in der Stra\u00dfenbeleuchtung<\/p>\n","protected":false},"author":1,"featured_media":0,"parent":0,"menu_order":0,"comment_status":"closed","ping_status":"closed","template":"page-templates\/_template_aktuelle_beitraege.php","meta":{"_acf_changed":false,"footnotes":""},"class_list":["post-1918","page","type-page","status-publish","hentry"],"acf":[],"yoast_head":"<!-- This site is optimized with the Yoast SEO plugin v26.7 - https:\/\/yoast.com\/wordpress\/plugins\/seo\/ -->\n<title>Klimaschutz durch Einsatz von LED-Leuchten - Gemeinde Untermarchtal<\/title>\n<meta name=\"robots\" content=\"index, follow, max-snippet:-1, max-image-preview:large, max-video-preview:-1\" \/>\n<link rel=\"canonical\" href=\"https:\/\/www.gemeinde-untermarchtal.de\/index.php\/klimaschutz-durch-einsatz-von-led-leuchten\/\" \/>\n<meta property=\"og:locale\" content=\"de_DE\" \/>\n<meta property=\"og:type\" content=\"article\" \/>\n<meta property=\"og:title\" content=\"Klimaschutz durch Einsatz von LED-Leuchten - Gemeinde Untermarchtal\" \/>\n<meta property=\"og:description\" content=\"Die Gemeinde Untermarchtal beteiligte sich im Jahr 2012 im Rahmen der Klimaschutzinitiative des Bundesministeriums f\u00fcr Umwelt, Naturschutz und Reaktorsicherheit. Projekt abgeschlossen in 2012. Siehe Bericht. Bericht \u00fcber Klimaschutz durch Einsatz von LED in der Stra\u00dfenbeleuchtung\" \/>\n<meta property=\"og:url\" content=\"https:\/\/www.gemeinde-untermarchtal.de\/index.php\/klimaschutz-durch-einsatz-von-led-leuchten\/\" \/>\n<meta property=\"og:site_name\" content=\"Gemeinde Untermarchtal\" \/>\n<meta property=\"article:modified_time\" content=\"2016-11-28T06:56:29+00:00\" \/>\n<meta name=\"twitter:card\" content=\"summary_large_image\" \/>\n<script type=\"application\/ld+json\" class=\"yoast-schema-graph\">{\"@context\":\"https:\/\/schema.org\",\"@graph\":[{\"@type\":\"WebPage\",\"@id\":\"https:\/\/www.gemeinde-untermarchtal.de\/index.php\/klimaschutz-durch-einsatz-von-led-leuchten\/\",\"url\":\"https:\/\/www.gemeinde-untermarchtal.de\/index.php\/klimaschutz-durch-einsatz-von-led-leuchten\/\",\"name\":\"Klimaschutz durch Einsatz von LED-Leuchten - Gemeinde Untermarchtal\",\"isPartOf\":{\"@id\":\"https:\/\/www.gemeinde-untermarchtal.de\/#website\"},\"datePublished\":\"2016-11-27T21:51:25+00:00\",\"dateModified\":\"2016-11-28T06:56:29+00:00\",\"breadcrumb\":{\"@id\":\"https:\/\/www.gemeinde-untermarchtal.de\/index.php\/klimaschutz-durch-einsatz-von-led-leuchten\/#breadcrumb\"},\"inLanguage\":\"de\",\"potentialAction\":[{\"@type\":\"ReadAction\",\"target\":[\"https:\/\/www.gemeinde-untermarchtal.de\/index.php\/klimaschutz-durch-einsatz-von-led-leuchten\/\"]}]},{\"@type\":\"BreadcrumbList\",\"@id\":\"https:\/\/www.gemeinde-untermarchtal.de\/index.php\/klimaschutz-durch-einsatz-von-led-leuchten\/#breadcrumb\",\"itemListElement\":[{\"@type\":\"ListItem\",\"position\":1,\"name\":\"Startseite\",\"item\":\"https:\/\/www.gemeinde-untermarchtal.de\/\"},{\"@type\":\"ListItem\",\"position\":2,\"name\":\"Klimaschutz durch Einsatz von LED-Leuchten\"}]},{\"@type\":\"WebSite\",\"@id\":\"https:\/\/www.gemeinde-untermarchtal.de\/#website\",\"url\":\"https:\/\/www.gemeinde-untermarchtal.de\/\",\"name\":\"Gemeinde Untermarchtal\",\"description\":\"Gemeinde Untermarchtal\",\"potentialAction\":[{\"@type\":\"SearchAction\",\"target\":{\"@type\":\"EntryPoint\",\"urlTemplate\":\"https:\/\/www.gemeinde-untermarchtal.de\/?s={search_term_string}\"},\"query-input\":{\"@type\":\"PropertyValueSpecification\",\"valueRequired\":true,\"valueName\":\"search_term_string\"}}],\"inLanguage\":\"de\"}]}<\/script>\n<!-- \/ Yoast SEO plugin. -->","yoast_head_json":{"title":"Klimaschutz durch Einsatz von LED-Leuchten - Gemeinde Untermarchtal","robots":{"index":"index","follow":"follow","max-snippet":"max-snippet:-1","max-image-preview":"max-image-preview:large","max-video-preview":"max-video-preview:-1"},"canonical":"https:\/\/www.gemeinde-untermarchtal.de\/index.php\/klimaschutz-durch-einsatz-von-led-leuchten\/","og_locale":"de_DE","og_type":"article","og_title":"Klimaschutz durch Einsatz von LED-Leuchten - Gemeinde Untermarchtal","og_description":"Die Gemeinde Untermarchtal beteiligte sich im Jahr 2012 im Rahmen der Klimaschutzinitiative des Bundesministeriums f\u00fcr Umwelt, Naturschutz und Reaktorsicherheit. Projekt abgeschlossen in 2012. Siehe Bericht. Bericht \u00fcber Klimaschutz durch Einsatz von LED in der Stra\u00dfenbeleuchtung","og_url":"https:\/\/www.gemeinde-untermarchtal.de\/index.php\/klimaschutz-durch-einsatz-von-led-leuchten\/","og_site_name":"Gemeinde Untermarchtal","article_modified_time":"2016-11-28T06:56:29+00:00","twitter_card":"summary_large_image","schema":{"@context":"https:\/\/schema.org","@graph":[{"@type":"WebPage","@id":"https:\/\/www.gemeinde-untermarchtal.de\/index.php\/klimaschutz-durch-einsatz-von-led-leuchten\/","url":"https:\/\/www.gemeinde-untermarchtal.de\/index.php\/klimaschutz-durch-einsatz-von-led-leuchten\/","name":"Klimaschutz durch Einsatz von LED-Leuchten - Gemeinde Untermarchtal","isPartOf":{"@id":"https:\/\/www.gemeinde-untermarchtal.de\/#website"},"datePublished":"2016-11-27T21:51:25+00:00","dateModified":"2016-11-28T06:56:29+00:00","breadcrumb":{"@id":"https:\/\/www.gemeinde-untermarchtal.de\/index.php\/klimaschutz-durch-einsatz-von-led-leuchten\/#breadcrumb"},"inLanguage":"de","potentialAction":[{"@type":"ReadAction","target":["https:\/\/www.gemeinde-untermarchtal.de\/index.php\/klimaschutz-durch-einsatz-von-led-leuchten\/"]}]},{"@type":"BreadcrumbList","@id":"https:\/\/www.gemeinde-untermarchtal.de\/index.php\/klimaschutz-durch-einsatz-von-led-leuchten\/#breadcrumb","itemListElement":[{"@type":"ListItem","position":1,"name":"Startseite","item":"https:\/\/www.gemeinde-untermarchtal.de\/"},{"@type":"ListItem","position":2,"name":"Klimaschutz durch Einsatz von LED-Leuchten"}]},{"@type":"WebSite","@id":"https:\/\/www.gemeinde-untermarchtal.de\/#website","url":"https:\/\/www.gemeinde-untermarchtal.de\/","name":"Gemeinde Untermarchtal","description":"Gemeinde Untermarchtal","potentialAction":[{"@type":"SearchAction","target":{"@type":"EntryPoint","urlTemplate":"https:\/\/www.gemeinde-untermarchtal.de\/?s={search_term_string}"},"query-input":{"@type":"PropertyValueSpecification","valueRequired":true,"valueName":"search_term_string"}}],"inLanguage":"de"}]}},"_links":{"self":[{"href":"https:\/\/www.gemeinde-untermarchtal.de\/index.php\/wp-json\/wp\/v2\/pages\/1918","targetHints":{"allow":["GET"]}}],"collection":[{"href":"https:\/\/www.gemeinde-untermarchtal.de\/index.php\/wp-json\/wp\/v2\/pages"}],"about":[{"href":"https:\/\/www.gemeinde-untermarchtal.de\/index.php\/wp-json\/wp\/v2\/types\/page"}],"author":[{"embeddable":true,"href":"https:\/\/www.gemeinde-untermarchtal.de\/index.php\/wp-json\/wp\/v2\/users\/1"}],"replies":[{"embeddable":true,"href":"https:\/\/www.gemeinde-untermarchtal.de\/index.php\/wp-json\/wp\/v2\/comments?post=1918"}],"version-history":[{"count":5,"href":"https:\/\/www.gemeinde-untermarchtal.de\/index.php\/wp-json\/wp\/v2\/pages\/1918\/revisions"}],"predecessor-version":[{"id":1924,"href":"https:\/\/www.gemeinde-untermarchtal.de\/index.php\/wp-json\/wp\/v2\/pages\/1918\/revisions\/1924"}],"wp:attachment":[{"href":"https:\/\/www.gemeinde-untermarchtal.de\/index.php\/wp-json\/wp\/v2\/media?parent=1918"}],"curies":[{"name":"wp","href":"https:\/\/api.w.org\/{rel}","templated":true}]}}