{"id":1972,"date":"2016-12-15T23:04:32","date_gmt":"2016-12-15T22:04:32","guid":{"rendered":"http:\/\/www.gemeinde-untermarchtal.de\/?page_id=1972"},"modified":"2018-07-21T09:10:26","modified_gmt":"2018-07-21T07:10:26","slug":"gemeinde-grenztafel-untermarchtallauterach","status":"publish","type":"page","link":"https:\/\/www.gemeinde-untermarchtal.de\/index.php\/gemeinde-grenztafel-untermarchtallauterach\/","title":{"rendered":"Gemeinde Grenztafel - Untermarchtal-Lauterach"},"content":{"rendered":"<h3>Renovierte alte Markungsgrenztafel wieder aufgestellt - Untermarchtal - Lauterach<\/h3>\r\n<p>Untermarchtal und Lauterach an der Landstra\u00dfe 231. Die Tafel hatte einen Schaden und die \u201eNamensschriftafel \u201eLauterach\u201c fehlte jahrelang g\u00e4nzlich. Die historische Markungsgrenztafel zwischen den Gemeinden Untermarchtal und Lauterach an der L 231 steht wieder und erstrahlt wie in alten Zeiten. Der gu\u00dfeiserne, etwa 2 \u00bd Meter hohe, in den altw\u00fcrttembergischen Farben schwarz-rot bemalte Grenzpfahl steht jetzt wieder. Dort ist die Urdonau vor der letzten Eiszeit Richtung Mochental \u2013 Kirchener Tal \u2013 Ehingen geflossen. Solche \u201eW\u00fcrttembergische Markungsgrenztafeln\u201c sieht man noch mehrere im Altkreis Ehingen. Diese Markungsgrenztafeln wurden vom K\u00f6nigreich W\u00fcrttemberg etwa vor 130 Jahren erstellt. Bis es jetzt zur Wiedererstellung der besch\u00e4digten Tafel kam, waren mehrere Jahre vergangen. Vor Jahren hat die historische Tafel wahrscheinlich durch den Stra\u00dfenverkehr oder andere Umst\u00e4nde Schaden genommen. Es war nur noch die Tafelseite mit dem Namen \u201eUntermarchthal\u201c in gotischer Fraktur-Schrift zu sehen. Die Schriftweise \u201eUntermarchthal\u201c, also mit \u201cth\u201c geschrieben, war nach der Schriftreform um die Jahrhundertwende 1900 nicht mehr allgemein \u00fcblich. Die Tafelseite \u201eLauterach\u201c fehlte g\u00e4nzlich. B\u00fcrger von Untermarchtal und Lauterach bem\u00e4ngelten dies und B\u00fcrgermeister Bernhard Ritzler, Amtschef beider Gemeinden, nahm sich diesem Fehlbestand an. Die Bem\u00fchung ging dahin, die Tafel mit der historischen Schreibschrift und dem Namenszug \u201eLauterach\u201c zu beschaffen. Dies wurde mit der Aufstellung der Tafel im Fr\u00fchjahr 2015 mitsamt der Sockelsicherung am Boden vom Bauhof Lauterach erledigt. Der Gemeinde Lauterach mit ihrem Bauhof sei Dank gesagt. Damit ist f\u00fcr den k\u00fcnftigen Erhalt dieser historischen Markungsgrenztafel wertvolle Arbeit geleistet worden.<\/p>\r\n\r\n<img loading=\"lazy\" decoding=\"async\" class=\"wp-image-1974 size-full\" src=\"https:\/\/www.gemeinde-untermarchtal.de\/bilder\/IMG_5833-1.jpg\" width=\"570\" height=\"760\" \/>","protected":false},"excerpt":{"rendered":"<p>Renovierte alte Markungsgrenztafel wieder aufgestellt - Untermarchtal - Lauterach Untermarchtal und Lauterach an der Landstra\u00dfe 231. Die Tafel hatte einen Schaden und die \u201eNamensschriftafel \u201eLauterach\u201c fehlte jahrelang g\u00e4nzlich. Die historische Markungsgrenztafel zwischen den Gemeinden Untermarchtal und Lauterach an der L 231 steht wieder und erstrahlt wie in alten Zeiten. Der gu\u00dfeiserne, etwa 2 \u00bd Meter [&hellip;]<\/p>\n","protected":false},"author":1,"featured_media":0,"parent":0,"menu_order":0,"comment_status":"closed","ping_status":"closed","template":"page-templates\/_template_aktuelle_beitraege.php","meta":{"_acf_changed":false,"footnotes":""},"class_list":["post-1972","page","type-page","status-publish","hentry"],"acf":[],"yoast_head":"<!-- This site is optimized with the Yoast SEO plugin v26.7 - https:\/\/yoast.com\/wordpress\/plugins\/seo\/ -->\n<title>Gemeinde Grenztafel - Untermarchtal-Lauterach - Gemeinde Untermarchtal<\/title>\n<meta name=\"robots\" content=\"index, follow, max-snippet:-1, max-image-preview:large, max-video-preview:-1\" \/>\n<link rel=\"canonical\" href=\"https:\/\/www.gemeinde-untermarchtal.de\/index.php\/gemeinde-grenztafel-untermarchtallauterach\/\" \/>\n<meta property=\"og:locale\" content=\"de_DE\" \/>\n<meta property=\"og:type\" content=\"article\" \/>\n<meta property=\"og:title\" content=\"Gemeinde Grenztafel - Untermarchtal-Lauterach - Gemeinde Untermarchtal\" \/>\n<meta property=\"og:description\" content=\"Renovierte alte Markungsgrenztafel wieder aufgestellt - Untermarchtal - Lauterach Untermarchtal und Lauterach an der Landstra\u00dfe 231. Die Tafel hatte einen Schaden und die \u201eNamensschriftafel \u201eLauterach\u201c fehlte jahrelang g\u00e4nzlich. Die historische Markungsgrenztafel zwischen den Gemeinden Untermarchtal und Lauterach an der L 231 steht wieder und erstrahlt wie in alten Zeiten. Der gu\u00dfeiserne, etwa 2 \u00bd Meter [&hellip;]\" \/>\n<meta property=\"og:url\" content=\"https:\/\/www.gemeinde-untermarchtal.de\/index.php\/gemeinde-grenztafel-untermarchtallauterach\/\" \/>\n<meta property=\"og:site_name\" content=\"Gemeinde Untermarchtal\" \/>\n<meta property=\"article:modified_time\" content=\"2018-07-21T07:10:26+00:00\" \/>\n<meta property=\"og:image\" content=\"https:\/\/www.gemeinde-untermarchtal.de\/bilder\/IMG_5833-1.jpg\" \/>\n<meta name=\"twitter:card\" content=\"summary_large_image\" \/>\n<meta name=\"twitter:label1\" content=\"Gesch\u00e4tzte Lesezeit\" \/>\n\t<meta name=\"twitter:data1\" content=\"1\u00a0Minute\" \/>\n<script type=\"application\/ld+json\" class=\"yoast-schema-graph\">{\"@context\":\"https:\/\/schema.org\",\"@graph\":[{\"@type\":\"WebPage\",\"@id\":\"https:\/\/www.gemeinde-untermarchtal.de\/index.php\/gemeinde-grenztafel-untermarchtallauterach\/\",\"url\":\"https:\/\/www.gemeinde-untermarchtal.de\/index.php\/gemeinde-grenztafel-untermarchtallauterach\/\",\"name\":\"Gemeinde Grenztafel - Untermarchtal-Lauterach - Gemeinde Untermarchtal\",\"isPartOf\":{\"@id\":\"https:\/\/www.gemeinde-untermarchtal.de\/#website\"},\"primaryImageOfPage\":{\"@id\":\"https:\/\/www.gemeinde-untermarchtal.de\/index.php\/gemeinde-grenztafel-untermarchtallauterach\/#primaryimage\"},\"image\":{\"@id\":\"https:\/\/www.gemeinde-untermarchtal.de\/index.php\/gemeinde-grenztafel-untermarchtallauterach\/#primaryimage\"},\"thumbnailUrl\":\"https:\/\/www.gemeinde-untermarchtal.de\/bilder\/IMG_5833-1.jpg\",\"datePublished\":\"2016-12-15T22:04:32+00:00\",\"dateModified\":\"2018-07-21T07:10:26+00:00\",\"breadcrumb\":{\"@id\":\"https:\/\/www.gemeinde-untermarchtal.de\/index.php\/gemeinde-grenztafel-untermarchtallauterach\/#breadcrumb\"},\"inLanguage\":\"de\",\"potentialAction\":[{\"@type\":\"ReadAction\",\"target\":[\"https:\/\/www.gemeinde-untermarchtal.de\/index.php\/gemeinde-grenztafel-untermarchtallauterach\/\"]}]},{\"@type\":\"ImageObject\",\"inLanguage\":\"de\",\"@id\":\"https:\/\/www.gemeinde-untermarchtal.de\/index.php\/gemeinde-grenztafel-untermarchtallauterach\/#primaryimage\",\"url\":\"https:\/\/www.gemeinde-untermarchtal.de\/bilder\/IMG_5833-1.jpg\",\"contentUrl\":\"https:\/\/www.gemeinde-untermarchtal.de\/bilder\/IMG_5833-1.jpg\",\"width\":570,\"height\":760},{\"@type\":\"BreadcrumbList\",\"@id\":\"https:\/\/www.gemeinde-untermarchtal.de\/index.php\/gemeinde-grenztafel-untermarchtallauterach\/#breadcrumb\",\"itemListElement\":[{\"@type\":\"ListItem\",\"position\":1,\"name\":\"Startseite\",\"item\":\"https:\/\/www.gemeinde-untermarchtal.de\/\"},{\"@type\":\"ListItem\",\"position\":2,\"name\":\"Gemeinde Grenztafel - Untermarchtal-Lauterach\"}]},{\"@type\":\"WebSite\",\"@id\":\"https:\/\/www.gemeinde-untermarchtal.de\/#website\",\"url\":\"https:\/\/www.gemeinde-untermarchtal.de\/\",\"name\":\"Gemeinde Untermarchtal\",\"description\":\"Gemeinde Untermarchtal\",\"potentialAction\":[{\"@type\":\"SearchAction\",\"target\":{\"@type\":\"EntryPoint\",\"urlTemplate\":\"https:\/\/www.gemeinde-untermarchtal.de\/?s={search_term_string}\"},\"query-input\":{\"@type\":\"PropertyValueSpecification\",\"valueRequired\":true,\"valueName\":\"search_term_string\"}}],\"inLanguage\":\"de\"}]}<\/script>\n<!-- \/ Yoast SEO plugin. -->","yoast_head_json":{"title":"Gemeinde Grenztafel - Untermarchtal-Lauterach - Gemeinde Untermarchtal","robots":{"index":"index","follow":"follow","max-snippet":"max-snippet:-1","max-image-preview":"max-image-preview:large","max-video-preview":"max-video-preview:-1"},"canonical":"https:\/\/www.gemeinde-untermarchtal.de\/index.php\/gemeinde-grenztafel-untermarchtallauterach\/","og_locale":"de_DE","og_type":"article","og_title":"Gemeinde Grenztafel - Untermarchtal-Lauterach - Gemeinde Untermarchtal","og_description":"Renovierte alte Markungsgrenztafel wieder aufgestellt - Untermarchtal - Lauterach Untermarchtal und Lauterach an der Landstra\u00dfe 231. Die Tafel hatte einen Schaden und die \u201eNamensschriftafel \u201eLauterach\u201c fehlte jahrelang g\u00e4nzlich. Die historische Markungsgrenztafel zwischen den Gemeinden Untermarchtal und Lauterach an der L 231 steht wieder und erstrahlt wie in alten Zeiten. Der gu\u00dfeiserne, etwa 2 \u00bd Meter [&hellip;]","og_url":"https:\/\/www.gemeinde-untermarchtal.de\/index.php\/gemeinde-grenztafel-untermarchtallauterach\/","og_site_name":"Gemeinde Untermarchtal","article_modified_time":"2018-07-21T07:10:26+00:00","og_image":[{"url":"https:\/\/www.gemeinde-untermarchtal.de\/bilder\/IMG_5833-1.jpg","type":"","width":"","height":""}],"twitter_card":"summary_large_image","twitter_misc":{"Gesch\u00e4tzte Lesezeit":"1\u00a0Minute"},"schema":{"@context":"https:\/\/schema.org","@graph":[{"@type":"WebPage","@id":"https:\/\/www.gemeinde-untermarchtal.de\/index.php\/gemeinde-grenztafel-untermarchtallauterach\/","url":"https:\/\/www.gemeinde-untermarchtal.de\/index.php\/gemeinde-grenztafel-untermarchtallauterach\/","name":"Gemeinde Grenztafel - Untermarchtal-Lauterach - Gemeinde Untermarchtal","isPartOf":{"@id":"https:\/\/www.gemeinde-untermarchtal.de\/#website"},"primaryImageOfPage":{"@id":"https:\/\/www.gemeinde-untermarchtal.de\/index.php\/gemeinde-grenztafel-untermarchtallauterach\/#primaryimage"},"image":{"@id":"https:\/\/www.gemeinde-untermarchtal.de\/index.php\/gemeinde-grenztafel-untermarchtallauterach\/#primaryimage"},"thumbnailUrl":"https:\/\/www.gemeinde-untermarchtal.de\/bilder\/IMG_5833-1.jpg","datePublished":"2016-12-15T22:04:32+00:00","dateModified":"2018-07-21T07:10:26+00:00","breadcrumb":{"@id":"https:\/\/www.gemeinde-untermarchtal.de\/index.php\/gemeinde-grenztafel-untermarchtallauterach\/#breadcrumb"},"inLanguage":"de","potentialAction":[{"@type":"ReadAction","target":["https:\/\/www.gemeinde-untermarchtal.de\/index.php\/gemeinde-grenztafel-untermarchtallauterach\/"]}]},{"@type":"ImageObject","inLanguage":"de","@id":"https:\/\/www.gemeinde-untermarchtal.de\/index.php\/gemeinde-grenztafel-untermarchtallauterach\/#primaryimage","url":"https:\/\/www.gemeinde-untermarchtal.de\/bilder\/IMG_5833-1.jpg","contentUrl":"https:\/\/www.gemeinde-untermarchtal.de\/bilder\/IMG_5833-1.jpg","width":570,"height":760},{"@type":"BreadcrumbList","@id":"https:\/\/www.gemeinde-untermarchtal.de\/index.php\/gemeinde-grenztafel-untermarchtallauterach\/#breadcrumb","itemListElement":[{"@type":"ListItem","position":1,"name":"Startseite","item":"https:\/\/www.gemeinde-untermarchtal.de\/"},{"@type":"ListItem","position":2,"name":"Gemeinde Grenztafel - Untermarchtal-Lauterach"}]},{"@type":"WebSite","@id":"https:\/\/www.gemeinde-untermarchtal.de\/#website","url":"https:\/\/www.gemeinde-untermarchtal.de\/","name":"Gemeinde Untermarchtal","description":"Gemeinde Untermarchtal","potentialAction":[{"@type":"SearchAction","target":{"@type":"EntryPoint","urlTemplate":"https:\/\/www.gemeinde-untermarchtal.de\/?s={search_term_string}"},"query-input":{"@type":"PropertyValueSpecification","valueRequired":true,"valueName":"search_term_string"}}],"inLanguage":"de"}]}},"_links":{"self":[{"href":"https:\/\/www.gemeinde-untermarchtal.de\/index.php\/wp-json\/wp\/v2\/pages\/1972","targetHints":{"allow":["GET"]}}],"collection":[{"href":"https:\/\/www.gemeinde-untermarchtal.de\/index.php\/wp-json\/wp\/v2\/pages"}],"about":[{"href":"https:\/\/www.gemeinde-untermarchtal.de\/index.php\/wp-json\/wp\/v2\/types\/page"}],"author":[{"embeddable":true,"href":"https:\/\/www.gemeinde-untermarchtal.de\/index.php\/wp-json\/wp\/v2\/users\/1"}],"replies":[{"embeddable":true,"href":"https:\/\/www.gemeinde-untermarchtal.de\/index.php\/wp-json\/wp\/v2\/comments?post=1972"}],"version-history":[{"count":6,"href":"https:\/\/www.gemeinde-untermarchtal.de\/index.php\/wp-json\/wp\/v2\/pages\/1972\/revisions"}],"predecessor-version":[{"id":2733,"href":"https:\/\/www.gemeinde-untermarchtal.de\/index.php\/wp-json\/wp\/v2\/pages\/1972\/revisions\/2733"}],"wp:attachment":[{"href":"https:\/\/www.gemeinde-untermarchtal.de\/index.php\/wp-json\/wp\/v2\/media?parent=1972"}],"curies":[{"name":"wp","href":"https:\/\/api.w.org\/{rel}","templated":true}]}}