{"id":2059,"date":"2016-12-18T10:30:55","date_gmt":"2016-12-18T09:30:55","guid":{"rendered":"http:\/\/www.gemeinde-untermarchtal.de\/?page_id=2059"},"modified":"2016-12-18T10:40:19","modified_gmt":"2016-12-18T09:40:19","slug":"feuerwehr-neues-loeschfahrzeug-gesegnet","status":"publish","type":"page","link":"https:\/\/www.gemeinde-untermarchtal.de\/index.php\/feuerwehr-neues-loeschfahrzeug-gesegnet\/","title":{"rendered":"FFW Untermarchtal - Neues L\u00f6schfahrzeug gesegnet"},"content":{"rendered":"<h3>Ein Meilenstein f\u00fcr die Feuerwehr in Untermarchtal - Neues L\u00f6schfahrzeug gesegnet<\/h3>\r\n<p>Einen feierlicher Gottesdienst, die Fahrzeugweihe und Festansprachen hat es in Untermarchtal gegeben: Gestern freuten sich Gemeinderat, B\u00fcrger, Feuerwehrleute und Kinder \u00fcber das neue Feuerwehrfahrzeug. Pr\u00e4lat Franz Glaser hat gestern kraftvoll das neue Fahrzeug mit Weihwasser gesegnet. Nach dem neuen Feuerwehrger\u00e4tehaus ist die Ortswehr nun bestens ausgestattet und f\u00fcr die Zukunft ger\u00fcstet. Jetzt kann die Untermarchtaler Feuerwehr fast wunschlos, gl\u00fccklich und gut ausger\u00fcstet in die Zukunft blicken. Mit dem Tag der kirchlichen Segnung, den das neue L\u00f6schfahrzeug vom Typ LF 10\/6 und die Wehr durch Pr\u00e4lat Franz Glaser gestern erhalten hat, hat sie sich technisch komplettiert. Viele B\u00fcrger und benachbarte Feuerwehren waren dazu nach Untermarchtal gekommen. Reinhold Hess als Stellvertretender Kommandant, der den erkrankten Kommandanten Eugen Wilhelm vertrat, nannte diesen Tag einen Meilenstein in der fast 130-j\u00e4hrigen Geschichte der Ortsfeuerwehr. Der feierlichen Fahrzeugsegnung auf dem Vorplatz der St. Vinzenzkirche ging ein gut besuchter Gottesdienst voraus, den Pr\u00e4lat Glaser und Pfarrer Berthold Wagner feierten. Es gab F\u00fcrbitten und eine Lesung von Feuerwehrm\u00e4nnern, und Musik vom Liederkranz mit drei Ch\u00f6ren unter der Leitung von Natalie Klink, an der Orgel war Schwester Nicola Franziska. Das sp\u00e4tere Standkonzert bestritten die Schw\u00e4bischen Altbachmusikanten aus Pflummern unter Leitung von Udo M\u00fcllersch\u00f6n, die die Wehrleute mit ihrem Fahrzeug z\u00fcnftig-musikalisch \u00fcber die Donaubr\u00fccke zum neuen Ger\u00e4tehaus geleiteten. B\u00fcrgermeister Bernhard Ritzler erw\u00e4hnte in seiner Ansprache nochmals die \"Anschaffungsgeschichte\" - schlie\u00dflich war das bisherige Fahrzeug schon l\u00e4nger als 34 Jahre im Einsatz gewesen. Die Investition der 253 000 Euro habe sich gelohnt, sagte Ritzler, denn sie diene der Sicherheit der B\u00fcrger f\u00fcr Leib und Leben, Hab und Gut. Ritzler bedankte sich beim Gemeinderat f\u00fcr die Entschlie\u00dfung zu diesem Schritt, der zusammen mit dem neuen Ger\u00e4tehaus Untermarchtal nun eine wohlger\u00fcstete Feuerwehr erm\u00f6glicht hat. Dank und Anerkennung richtete Ritzler auch an seinen Stellvertreter Wolfgang Merkle, der sich in die vielen Details bei der Auswahl der Ausr\u00fcstung richtig reingekniet habe.\r\n\r\nHans Klarer als Pr\u00e4sident des Kreisfeuerwehrverbandes Alb-Donau mit der Stadt Ulm schloss sich mit allen guten W\u00fcnschen und dem Dank der Feuerwehrverwaltung des Kreises an. Emerkingens Kommandant Martin Schlecker richtete im Namen der Raumschaft Munderkingen humorvolle Worte an die Versammelten. Er w\u00fcnschte der Untermarchtaler Feuerwehr einen guten, sicheren Umgang mit dem Fahrzeug. \"Es hot au gnuag kost\", habe er gerade auf dem Weg hierher von einem Besucher geh\u00f6rt. Recht hatte der, aber so ein tolle Fahrzeuganschaffung beende auch die bisherige Steinzeit mit dem alten Fahrzeug, f\u00fcgte Schlecker hinzu.\r\n\r\nDer Landtagsabgeordnete Karl Traub meinte, die Gemeinde stehe hinter ihrer Wehr. Gott zur Ehr, dem n\u00e4chsten zur Wehr. Dieser Leitspruch gelte immer. Der Vertreter der Firma Ziegler-Safety, Hermann Quintenz als Projektleiter, fasste die Fahrzeugtechnik nochmals zusammen. Der Tank mit dem 1600 Liter Wasserschaumgemisch sei f\u00fcr die Normleistung variabel im Einsatz geeignet. Er erinnerte auch an seinen verstorbenen Firmenkollegen und Untermarchtaler Feuerwehrmann Helmut Meyna.\r\n\r\nDer Einsatz der neuen Technik setze hohe Anforderungen an das Personal und einen verantwortungsvollen Umgang voraus, betonte Reinhold Hess am Schluss. Der Wehr bleibe \u00fcbrig, der Gemeinde und dem Gemeinderat Danke zu sagen f\u00fcr ihre weitsichtige Planung.\r\n\r\nEinen lustigen Kindermalwettbewerb rund um die Feuerwehr und wie Kinder sie sehen, wurde dann von einer dreik\u00f6pfigen Jury bewertet. Die 25 Teilnehmer hatten selbstverst\u00e4ndlich die Farbe Rot f\u00fcr das neue Feuerwehrfahrzeug, beim Malen bevorzugt. Alle Kinder bekamen f\u00fcr ihre Leistung etwas mit nach Hause. Die drei ersten Gewinner seien dennoch erw\u00e4hnt. Bei den Kleinsten war Lena Traub vorn, das mittlere Alter war mit Peter Steinle vorne und seine Schwester Annika hatte bei den Gro\u00dfen toll gezeichnet.\r\n\r\nBilder vom Fest der Fahrzeugweihe am 21. Oktober 2012<\/p>\r\n\r\n[metaslider id=2005]","protected":false},"excerpt":{"rendered":"<p>Ein Meilenstein f\u00fcr die Feuerwehr in Untermarchtal - Neues L\u00f6schfahrzeug gesegnet Einen feierlicher Gottesdienst, die Fahrzeugweihe und Festansprachen hat es in Untermarchtal gegeben: Gestern freuten sich Gemeinderat, B\u00fcrger, Feuerwehrleute und Kinder \u00fcber das neue Feuerwehrfahrzeug. Pr\u00e4lat Franz Glaser hat gestern kraftvoll das neue Fahrzeug mit Weihwasser gesegnet. Nach dem neuen Feuerwehrger\u00e4tehaus ist die Ortswehr nun [&hellip;]<\/p>\n","protected":false},"author":1,"featured_media":0,"parent":0,"menu_order":0,"comment_status":"closed","ping_status":"closed","template":"page-templates\/_template_aktuelle_beitraege.php","meta":{"_acf_changed":false,"footnotes":""},"class_list":["post-2059","page","type-page","status-publish","hentry"],"acf":[],"yoast_head":"<!-- This site is optimized with the Yoast SEO plugin v26.7 - https:\/\/yoast.com\/wordpress\/plugins\/seo\/ -->\n<title>FFW Untermarchtal - Neues L\u00f6schfahrzeug gesegnet - Gemeinde Untermarchtal<\/title>\n<meta name=\"robots\" content=\"index, follow, max-snippet:-1, max-image-preview:large, max-video-preview:-1\" \/>\n<link rel=\"canonical\" href=\"https:\/\/www.gemeinde-untermarchtal.de\/index.php\/feuerwehr-neues-loeschfahrzeug-gesegnet\/\" \/>\n<meta property=\"og:locale\" content=\"de_DE\" \/>\n<meta property=\"og:type\" content=\"article\" \/>\n<meta property=\"og:title\" content=\"FFW Untermarchtal - Neues L\u00f6schfahrzeug gesegnet - Gemeinde Untermarchtal\" \/>\n<meta property=\"og:description\" content=\"Ein Meilenstein f\u00fcr die Feuerwehr in Untermarchtal - Neues L\u00f6schfahrzeug gesegnet Einen feierlicher Gottesdienst, die Fahrzeugweihe und Festansprachen hat es in Untermarchtal gegeben: Gestern freuten sich Gemeinderat, B\u00fcrger, Feuerwehrleute und Kinder \u00fcber das neue Feuerwehrfahrzeug. Pr\u00e4lat Franz Glaser hat gestern kraftvoll das neue Fahrzeug mit Weihwasser gesegnet. Nach dem neuen Feuerwehrger\u00e4tehaus ist die Ortswehr nun [&hellip;]\" \/>\n<meta property=\"og:url\" content=\"https:\/\/www.gemeinde-untermarchtal.de\/index.php\/feuerwehr-neues-loeschfahrzeug-gesegnet\/\" \/>\n<meta property=\"og:site_name\" content=\"Gemeinde Untermarchtal\" \/>\n<meta property=\"article:modified_time\" content=\"2016-12-18T09:40:19+00:00\" \/>\n<meta name=\"twitter:card\" content=\"summary_large_image\" \/>\n<meta name=\"twitter:label1\" content=\"Gesch\u00e4tzte Lesezeit\" \/>\n\t<meta name=\"twitter:data1\" content=\"3\u00a0Minuten\" \/>\n<script type=\"application\/ld+json\" class=\"yoast-schema-graph\">{\"@context\":\"https:\/\/schema.org\",\"@graph\":[{\"@type\":\"WebPage\",\"@id\":\"https:\/\/www.gemeinde-untermarchtal.de\/index.php\/feuerwehr-neues-loeschfahrzeug-gesegnet\/\",\"url\":\"https:\/\/www.gemeinde-untermarchtal.de\/index.php\/feuerwehr-neues-loeschfahrzeug-gesegnet\/\",\"name\":\"FFW Untermarchtal - Neues L\u00f6schfahrzeug gesegnet - Gemeinde Untermarchtal\",\"isPartOf\":{\"@id\":\"https:\/\/www.gemeinde-untermarchtal.de\/#website\"},\"datePublished\":\"2016-12-18T09:30:55+00:00\",\"dateModified\":\"2016-12-18T09:40:19+00:00\",\"breadcrumb\":{\"@id\":\"https:\/\/www.gemeinde-untermarchtal.de\/index.php\/feuerwehr-neues-loeschfahrzeug-gesegnet\/#breadcrumb\"},\"inLanguage\":\"de\",\"potentialAction\":[{\"@type\":\"ReadAction\",\"target\":[\"https:\/\/www.gemeinde-untermarchtal.de\/index.php\/feuerwehr-neues-loeschfahrzeug-gesegnet\/\"]}]},{\"@type\":\"BreadcrumbList\",\"@id\":\"https:\/\/www.gemeinde-untermarchtal.de\/index.php\/feuerwehr-neues-loeschfahrzeug-gesegnet\/#breadcrumb\",\"itemListElement\":[{\"@type\":\"ListItem\",\"position\":1,\"name\":\"Startseite\",\"item\":\"https:\/\/www.gemeinde-untermarchtal.de\/\"},{\"@type\":\"ListItem\",\"position\":2,\"name\":\"FFW Untermarchtal - Neues L\u00f6schfahrzeug gesegnet\"}]},{\"@type\":\"WebSite\",\"@id\":\"https:\/\/www.gemeinde-untermarchtal.de\/#website\",\"url\":\"https:\/\/www.gemeinde-untermarchtal.de\/\",\"name\":\"Gemeinde Untermarchtal\",\"description\":\"Gemeinde Untermarchtal\",\"potentialAction\":[{\"@type\":\"SearchAction\",\"target\":{\"@type\":\"EntryPoint\",\"urlTemplate\":\"https:\/\/www.gemeinde-untermarchtal.de\/?s={search_term_string}\"},\"query-input\":{\"@type\":\"PropertyValueSpecification\",\"valueRequired\":true,\"valueName\":\"search_term_string\"}}],\"inLanguage\":\"de\"}]}<\/script>\n<!-- \/ Yoast SEO plugin. -->","yoast_head_json":{"title":"FFW Untermarchtal - Neues L\u00f6schfahrzeug gesegnet - Gemeinde Untermarchtal","robots":{"index":"index","follow":"follow","max-snippet":"max-snippet:-1","max-image-preview":"max-image-preview:large","max-video-preview":"max-video-preview:-1"},"canonical":"https:\/\/www.gemeinde-untermarchtal.de\/index.php\/feuerwehr-neues-loeschfahrzeug-gesegnet\/","og_locale":"de_DE","og_type":"article","og_title":"FFW Untermarchtal - Neues L\u00f6schfahrzeug gesegnet - Gemeinde Untermarchtal","og_description":"Ein Meilenstein f\u00fcr die Feuerwehr in Untermarchtal - Neues L\u00f6schfahrzeug gesegnet Einen feierlicher Gottesdienst, die Fahrzeugweihe und Festansprachen hat es in Untermarchtal gegeben: Gestern freuten sich Gemeinderat, B\u00fcrger, Feuerwehrleute und Kinder \u00fcber das neue Feuerwehrfahrzeug. Pr\u00e4lat Franz Glaser hat gestern kraftvoll das neue Fahrzeug mit Weihwasser gesegnet. Nach dem neuen Feuerwehrger\u00e4tehaus ist die Ortswehr nun [&hellip;]","og_url":"https:\/\/www.gemeinde-untermarchtal.de\/index.php\/feuerwehr-neues-loeschfahrzeug-gesegnet\/","og_site_name":"Gemeinde Untermarchtal","article_modified_time":"2016-12-18T09:40:19+00:00","twitter_card":"summary_large_image","twitter_misc":{"Gesch\u00e4tzte Lesezeit":"3\u00a0Minuten"},"schema":{"@context":"https:\/\/schema.org","@graph":[{"@type":"WebPage","@id":"https:\/\/www.gemeinde-untermarchtal.de\/index.php\/feuerwehr-neues-loeschfahrzeug-gesegnet\/","url":"https:\/\/www.gemeinde-untermarchtal.de\/index.php\/feuerwehr-neues-loeschfahrzeug-gesegnet\/","name":"FFW Untermarchtal - Neues L\u00f6schfahrzeug gesegnet - Gemeinde Untermarchtal","isPartOf":{"@id":"https:\/\/www.gemeinde-untermarchtal.de\/#website"},"datePublished":"2016-12-18T09:30:55+00:00","dateModified":"2016-12-18T09:40:19+00:00","breadcrumb":{"@id":"https:\/\/www.gemeinde-untermarchtal.de\/index.php\/feuerwehr-neues-loeschfahrzeug-gesegnet\/#breadcrumb"},"inLanguage":"de","potentialAction":[{"@type":"ReadAction","target":["https:\/\/www.gemeinde-untermarchtal.de\/index.php\/feuerwehr-neues-loeschfahrzeug-gesegnet\/"]}]},{"@type":"BreadcrumbList","@id":"https:\/\/www.gemeinde-untermarchtal.de\/index.php\/feuerwehr-neues-loeschfahrzeug-gesegnet\/#breadcrumb","itemListElement":[{"@type":"ListItem","position":1,"name":"Startseite","item":"https:\/\/www.gemeinde-untermarchtal.de\/"},{"@type":"ListItem","position":2,"name":"FFW Untermarchtal - Neues L\u00f6schfahrzeug gesegnet"}]},{"@type":"WebSite","@id":"https:\/\/www.gemeinde-untermarchtal.de\/#website","url":"https:\/\/www.gemeinde-untermarchtal.de\/","name":"Gemeinde Untermarchtal","description":"Gemeinde Untermarchtal","potentialAction":[{"@type":"SearchAction","target":{"@type":"EntryPoint","urlTemplate":"https:\/\/www.gemeinde-untermarchtal.de\/?s={search_term_string}"},"query-input":{"@type":"PropertyValueSpecification","valueRequired":true,"valueName":"search_term_string"}}],"inLanguage":"de"}]}},"_links":{"self":[{"href":"https:\/\/www.gemeinde-untermarchtal.de\/index.php\/wp-json\/wp\/v2\/pages\/2059","targetHints":{"allow":["GET"]}}],"collection":[{"href":"https:\/\/www.gemeinde-untermarchtal.de\/index.php\/wp-json\/wp\/v2\/pages"}],"about":[{"href":"https:\/\/www.gemeinde-untermarchtal.de\/index.php\/wp-json\/wp\/v2\/types\/page"}],"author":[{"embeddable":true,"href":"https:\/\/www.gemeinde-untermarchtal.de\/index.php\/wp-json\/wp\/v2\/users\/1"}],"replies":[{"embeddable":true,"href":"https:\/\/www.gemeinde-untermarchtal.de\/index.php\/wp-json\/wp\/v2\/comments?post=2059"}],"version-history":[{"count":7,"href":"https:\/\/www.gemeinde-untermarchtal.de\/index.php\/wp-json\/wp\/v2\/pages\/2059\/revisions"}],"predecessor-version":[{"id":2067,"href":"https:\/\/www.gemeinde-untermarchtal.de\/index.php\/wp-json\/wp\/v2\/pages\/2059\/revisions\/2067"}],"wp:attachment":[{"href":"https:\/\/www.gemeinde-untermarchtal.de\/index.php\/wp-json\/wp\/v2\/media?parent=2059"}],"curies":[{"name":"wp","href":"https:\/\/api.w.org\/{rel}","templated":true}]}}