{"id":2260,"date":"2017-06-05T14:58:41","date_gmt":"2017-06-05T12:58:41","guid":{"rendered":"http:\/\/www.gemeinde-untermarchtal.de\/?page_id=2260"},"modified":"2018-07-21T10:02:34","modified_gmt":"2018-07-21T08:02:34","slug":"pfingstbrauch-der-latzmann-geht-um","status":"publish","type":"page","link":"https:\/\/www.gemeinde-untermarchtal.de\/index.php\/pfingstbrauch-der-latzmann-geht-um\/","title":{"rendered":"Pfingstbrauch \u2013 Der Latzmann geht um"},"content":{"rendered":"<p>Den uralten Pfingstbrauch des Latzmann-Umgang \u2013 ein H\u00fctejungenbrauch aus dem 18.\/19. Jahrhundert im Dorf von Haus zu Haus - haben sich 10 junge Burschen wieder zu Herzen genommen. Die Vorbereitung hierzu hat alle Teilnehmer schon gefordert und jetzt am Pfingstmontag war es wieder soweit, den Leuten an der Haust\u00fcr die markigen und teils derben Spr\u00fcche aufzusagen und damit ein wenig Geld, Eier, Mehl, Schmalz und S\u00fc\u00dfigkeiten zu erbetteln. Wer konnte an der Haust\u00fcr da schon Nein sagen wenn der Eiersammler sein Spr\u00fcchlein aufsagt mit den Worten: &#8222;Weiber, Weiber Eier raus, oder i lass da Marder ins Hennahaus. Eier, Eier nicht genug Schmalz und Mehr geh\u00f6rt auch dazu! Holla, Holla&#8220;. Den ersten Hunger und Durst stillten die Burschen dann bei den M\u00fcttern Monika und Bettina im Hirsch. Nach dieser verdienten Pause gings wieder los um bei teils Regen oder Sonnenschein wieder auf die Stra\u00dfe und zu den H\u00e4usern gehen. Nach der abendlichen R\u00fcckkehr wurden die hungrigen &#8222;Latzm\u00e4nner&#8220; dann mit den prima und k\u00f6stlich zubereiteten K\u00fcchla, so wie an der Fasnet, versorgt. Dank sei den beiden M\u00fcttern daf\u00fcr ausgesprochen. Geld und gesammelte Naturalien stimmten und der &#8222;Latz&#8220; als blumenbekr\u00e4nzter, mit farbigen B\u00e4ndern geschm\u00fcckter Kegel wurde abgebaut und f\u00fcr 1 Jahr wieder zur Ruhe gesetzt.<\/p>\r\n\r\n<img loading=\"lazy\" decoding=\"async\" class=\"alignnone size-medium wp-image-2261\" src=\"https:\/\/www.gemeinde-untermarchtal.de\/bilder\/Latzmann_2017_1.jpg\" alt=\"Latzmann in Untermarchtal\" width=\"760\" height=\"570\" \/>\r\n\r\n\r\n<img loading=\"lazy\" decoding=\"async\" class=\"alignnone size-medium wp-image-2262\" src=\"https:\/\/www.gemeinde-untermarchtal.de\/bilder\/Latzmann_2017_2.jpg\" alt=\"Pfingstbrauch in Untermarchtal\" width=\"760\" height=\"570\" \/>\r\n\r\n\r\n<img loading=\"lazy\" decoding=\"async\" class=\"alignnone size-medium wp-image-2263\" src=\"https:\/\/www.gemeinde-untermarchtal.de\/bilder\/Latzmann_2017_3.jpg\" alt=\"Latzmann-Umgang in Untermarchtal\" width=\"760\" height=\"570\" \/>","protected":false},"excerpt":{"rendered":"<p>Den uralten Pfingstbrauch des Latzmann-Umgang \u2013 ein H\u00fctejungenbrauch aus dem 18.\/19. Jahrhundert im Dorf von Haus zu Haus - haben sich 10 junge Burschen wieder zu Herzen genommen. Die Vorbereitung hierzu hat alle Teilnehmer schon gefordert und jetzt am Pfingstmontag war es wieder soweit, den Leuten an der Haust\u00fcr die markigen und teils derben Spr\u00fcche [&hellip;]<\/p>\n","protected":false},"author":1,"featured_media":0,"parent":0,"menu_order":0,"comment_status":"closed","ping_status":"closed","template":"page-templates\/_template_aktuelle_beitraege.php","meta":{"_acf_changed":false,"footnotes":""},"class_list":["post-2260","page","type-page","status-publish","hentry"],"acf":[],"yoast_head":"<!-- This site is optimized with the Yoast SEO plugin v26.7 - https:\/\/yoast.com\/wordpress\/plugins\/seo\/ -->\n<title>Pfingstbrauch \u2013 Der Latzmann geht um - Gemeinde Untermarchtal<\/title>\n<meta name=\"robots\" content=\"index, follow, max-snippet:-1, max-image-preview:large, max-video-preview:-1\" \/>\n<link rel=\"canonical\" href=\"https:\/\/www.gemeinde-untermarchtal.de\/index.php\/pfingstbrauch-der-latzmann-geht-um\/\" \/>\n<meta property=\"og:locale\" content=\"de_DE\" \/>\n<meta property=\"og:type\" content=\"article\" \/>\n<meta property=\"og:title\" content=\"Pfingstbrauch \u2013 Der Latzmann geht um - Gemeinde Untermarchtal\" \/>\n<meta property=\"og:description\" content=\"Den uralten Pfingstbrauch des Latzmann-Umgang \u2013 ein H\u00fctejungenbrauch aus dem 18.\/19. Jahrhundert im Dorf von Haus zu Haus - haben sich 10 junge Burschen wieder zu Herzen genommen. Die Vorbereitung hierzu hat alle Teilnehmer schon gefordert und jetzt am Pfingstmontag war es wieder soweit, den Leuten an der Haust\u00fcr die markigen und teils derben Spr\u00fcche [&hellip;]\" \/>\n<meta property=\"og:url\" content=\"https:\/\/www.gemeinde-untermarchtal.de\/index.php\/pfingstbrauch-der-latzmann-geht-um\/\" \/>\n<meta property=\"og:site_name\" content=\"Gemeinde Untermarchtal\" \/>\n<meta property=\"article:modified_time\" content=\"2018-07-21T08:02:34+00:00\" \/>\n<meta property=\"og:image\" content=\"https:\/\/www.gemeinde-untermarchtal.de\/bilder\/Latzmann_2017_1.jpg\" \/>\n<meta name=\"twitter:card\" content=\"summary_large_image\" \/>\n<meta name=\"twitter:label1\" content=\"Gesch\u00e4tzte Lesezeit\" \/>\n\t<meta name=\"twitter:data1\" content=\"1\u00a0Minute\" \/>\n<script type=\"application\/ld+json\" class=\"yoast-schema-graph\">{\"@context\":\"https:\/\/schema.org\",\"@graph\":[{\"@type\":\"WebPage\",\"@id\":\"https:\/\/www.gemeinde-untermarchtal.de\/index.php\/pfingstbrauch-der-latzmann-geht-um\/\",\"url\":\"https:\/\/www.gemeinde-untermarchtal.de\/index.php\/pfingstbrauch-der-latzmann-geht-um\/\",\"name\":\"Pfingstbrauch \u2013 Der Latzmann geht um - Gemeinde Untermarchtal\",\"isPartOf\":{\"@id\":\"https:\/\/www.gemeinde-untermarchtal.de\/#website\"},\"primaryImageOfPage\":{\"@id\":\"https:\/\/www.gemeinde-untermarchtal.de\/index.php\/pfingstbrauch-der-latzmann-geht-um\/#primaryimage\"},\"image\":{\"@id\":\"https:\/\/www.gemeinde-untermarchtal.de\/index.php\/pfingstbrauch-der-latzmann-geht-um\/#primaryimage\"},\"thumbnailUrl\":\"https:\/\/www.gemeinde-untermarchtal.de\/bilder\/Latzmann_2017_1.jpg\",\"datePublished\":\"2017-06-05T12:58:41+00:00\",\"dateModified\":\"2018-07-21T08:02:34+00:00\",\"breadcrumb\":{\"@id\":\"https:\/\/www.gemeinde-untermarchtal.de\/index.php\/pfingstbrauch-der-latzmann-geht-um\/#breadcrumb\"},\"inLanguage\":\"de\",\"potentialAction\":[{\"@type\":\"ReadAction\",\"target\":[\"https:\/\/www.gemeinde-untermarchtal.de\/index.php\/pfingstbrauch-der-latzmann-geht-um\/\"]}]},{\"@type\":\"ImageObject\",\"inLanguage\":\"de\",\"@id\":\"https:\/\/www.gemeinde-untermarchtal.de\/index.php\/pfingstbrauch-der-latzmann-geht-um\/#primaryimage\",\"url\":\"https:\/\/www.gemeinde-untermarchtal.de\/bilder\/Latzmann_2017_1.jpg\",\"contentUrl\":\"https:\/\/www.gemeinde-untermarchtal.de\/bilder\/Latzmann_2017_1.jpg\",\"width\":760,\"height\":570},{\"@type\":\"BreadcrumbList\",\"@id\":\"https:\/\/www.gemeinde-untermarchtal.de\/index.php\/pfingstbrauch-der-latzmann-geht-um\/#breadcrumb\",\"itemListElement\":[{\"@type\":\"ListItem\",\"position\":1,\"name\":\"Startseite\",\"item\":\"https:\/\/www.gemeinde-untermarchtal.de\/\"},{\"@type\":\"ListItem\",\"position\":2,\"name\":\"Pfingstbrauch \u2013 Der Latzmann geht um\"}]},{\"@type\":\"WebSite\",\"@id\":\"https:\/\/www.gemeinde-untermarchtal.de\/#website\",\"url\":\"https:\/\/www.gemeinde-untermarchtal.de\/\",\"name\":\"Gemeinde Untermarchtal\",\"description\":\"Gemeinde Untermarchtal\",\"potentialAction\":[{\"@type\":\"SearchAction\",\"target\":{\"@type\":\"EntryPoint\",\"urlTemplate\":\"https:\/\/www.gemeinde-untermarchtal.de\/?s={search_term_string}\"},\"query-input\":{\"@type\":\"PropertyValueSpecification\",\"valueRequired\":true,\"valueName\":\"search_term_string\"}}],\"inLanguage\":\"de\"}]}<\/script>\n<!-- \/ Yoast SEO plugin. -->","yoast_head_json":{"title":"Pfingstbrauch \u2013 Der Latzmann geht um - Gemeinde Untermarchtal","robots":{"index":"index","follow":"follow","max-snippet":"max-snippet:-1","max-image-preview":"max-image-preview:large","max-video-preview":"max-video-preview:-1"},"canonical":"https:\/\/www.gemeinde-untermarchtal.de\/index.php\/pfingstbrauch-der-latzmann-geht-um\/","og_locale":"de_DE","og_type":"article","og_title":"Pfingstbrauch \u2013 Der Latzmann geht um - Gemeinde Untermarchtal","og_description":"Den uralten Pfingstbrauch des Latzmann-Umgang \u2013 ein H\u00fctejungenbrauch aus dem 18.\/19. Jahrhundert im Dorf von Haus zu Haus - haben sich 10 junge Burschen wieder zu Herzen genommen. Die Vorbereitung hierzu hat alle Teilnehmer schon gefordert und jetzt am Pfingstmontag war es wieder soweit, den Leuten an der Haust\u00fcr die markigen und teils derben Spr\u00fcche [&hellip;]","og_url":"https:\/\/www.gemeinde-untermarchtal.de\/index.php\/pfingstbrauch-der-latzmann-geht-um\/","og_site_name":"Gemeinde Untermarchtal","article_modified_time":"2018-07-21T08:02:34+00:00","og_image":[{"url":"https:\/\/www.gemeinde-untermarchtal.de\/bilder\/Latzmann_2017_1.jpg","type":"","width":"","height":""}],"twitter_card":"summary_large_image","twitter_misc":{"Gesch\u00e4tzte Lesezeit":"1\u00a0Minute"},"schema":{"@context":"https:\/\/schema.org","@graph":[{"@type":"WebPage","@id":"https:\/\/www.gemeinde-untermarchtal.de\/index.php\/pfingstbrauch-der-latzmann-geht-um\/","url":"https:\/\/www.gemeinde-untermarchtal.de\/index.php\/pfingstbrauch-der-latzmann-geht-um\/","name":"Pfingstbrauch \u2013 Der Latzmann geht um - Gemeinde Untermarchtal","isPartOf":{"@id":"https:\/\/www.gemeinde-untermarchtal.de\/#website"},"primaryImageOfPage":{"@id":"https:\/\/www.gemeinde-untermarchtal.de\/index.php\/pfingstbrauch-der-latzmann-geht-um\/#primaryimage"},"image":{"@id":"https:\/\/www.gemeinde-untermarchtal.de\/index.php\/pfingstbrauch-der-latzmann-geht-um\/#primaryimage"},"thumbnailUrl":"https:\/\/www.gemeinde-untermarchtal.de\/bilder\/Latzmann_2017_1.jpg","datePublished":"2017-06-05T12:58:41+00:00","dateModified":"2018-07-21T08:02:34+00:00","breadcrumb":{"@id":"https:\/\/www.gemeinde-untermarchtal.de\/index.php\/pfingstbrauch-der-latzmann-geht-um\/#breadcrumb"},"inLanguage":"de","potentialAction":[{"@type":"ReadAction","target":["https:\/\/www.gemeinde-untermarchtal.de\/index.php\/pfingstbrauch-der-latzmann-geht-um\/"]}]},{"@type":"ImageObject","inLanguage":"de","@id":"https:\/\/www.gemeinde-untermarchtal.de\/index.php\/pfingstbrauch-der-latzmann-geht-um\/#primaryimage","url":"https:\/\/www.gemeinde-untermarchtal.de\/bilder\/Latzmann_2017_1.jpg","contentUrl":"https:\/\/www.gemeinde-untermarchtal.de\/bilder\/Latzmann_2017_1.jpg","width":760,"height":570},{"@type":"BreadcrumbList","@id":"https:\/\/www.gemeinde-untermarchtal.de\/index.php\/pfingstbrauch-der-latzmann-geht-um\/#breadcrumb","itemListElement":[{"@type":"ListItem","position":1,"name":"Startseite","item":"https:\/\/www.gemeinde-untermarchtal.de\/"},{"@type":"ListItem","position":2,"name":"Pfingstbrauch \u2013 Der Latzmann geht um"}]},{"@type":"WebSite","@id":"https:\/\/www.gemeinde-untermarchtal.de\/#website","url":"https:\/\/www.gemeinde-untermarchtal.de\/","name":"Gemeinde Untermarchtal","description":"Gemeinde Untermarchtal","potentialAction":[{"@type":"SearchAction","target":{"@type":"EntryPoint","urlTemplate":"https:\/\/www.gemeinde-untermarchtal.de\/?s={search_term_string}"},"query-input":{"@type":"PropertyValueSpecification","valueRequired":true,"valueName":"search_term_string"}}],"inLanguage":"de"}]}},"_links":{"self":[{"href":"https:\/\/www.gemeinde-untermarchtal.de\/index.php\/wp-json\/wp\/v2\/pages\/2260","targetHints":{"allow":["GET"]}}],"collection":[{"href":"https:\/\/www.gemeinde-untermarchtal.de\/index.php\/wp-json\/wp\/v2\/pages"}],"about":[{"href":"https:\/\/www.gemeinde-untermarchtal.de\/index.php\/wp-json\/wp\/v2\/types\/page"}],"author":[{"embeddable":true,"href":"https:\/\/www.gemeinde-untermarchtal.de\/index.php\/wp-json\/wp\/v2\/users\/1"}],"replies":[{"embeddable":true,"href":"https:\/\/www.gemeinde-untermarchtal.de\/index.php\/wp-json\/wp\/v2\/comments?post=2260"}],"version-history":[{"count":9,"href":"https:\/\/www.gemeinde-untermarchtal.de\/index.php\/wp-json\/wp\/v2\/pages\/2260\/revisions"}],"predecessor-version":[{"id":2758,"href":"https:\/\/www.gemeinde-untermarchtal.de\/index.php\/wp-json\/wp\/v2\/pages\/2260\/revisions\/2758"}],"wp:attachment":[{"href":"https:\/\/www.gemeinde-untermarchtal.de\/index.php\/wp-json\/wp\/v2\/media?parent=2260"}],"curies":[{"name":"wp","href":"https:\/\/api.w.org\/{rel}","templated":true}]}}