{"id":254,"date":"2016-09-02T20:54:02","date_gmt":"2016-09-02T18:54:02","guid":{"rendered":"http:\/\/dev.gemeinde-untermarchtal.de\/?page_id=254"},"modified":"2018-07-21T08:41:07","modified_gmt":"2018-07-21T06:41:07","slug":"einweihung-gemeindehalle","status":"publish","type":"page","link":"https:\/\/www.gemeinde-untermarchtal.de\/index.php\/einweihung-gemeindehalle\/","title":{"rendered":"Einweihung Gemeindehalle 1995"},"content":{"rendered":"<h2>Vor 20 Jahren am 28.\/29. Januar 1995:<\/h2>\r\n<h4>\u00dcbergabe und Einweihung der neuen Gemeindehalle als Mehrzweckhalle<\/h4>\r\n<p>Ein ortshistorisches, bedeutendes Datum und Ereignis f\u00fcr die ganze Gemeinde war die \u00dcbergabe und Einweihung der neuen, im Wassert\u00e4le-Grund erbauten Gemeindehalle als Mehrzweckhalle am 28. und 29. Januar 1995. Kurzgeschichte zur Planung und Bau der Halle als \u201eJahrhundertbauwerk\u201c. Die Planung und der \u201eTraum\u201c zum Bau einer Halle f\u00fcr die 900-Einwohner-Gemeinde Untermarchtal begann 1987 bei den B\u00fcrgermeisterwahlen und der damaligen Wahlversammlung. Die B\u00fcrger entnahmen hierbei ein F\u00fcr- und Wider der Kandidaten zum Projekt \u201eGemeindehalle\u201c. 1988 bei einem Besuch des Regierungspr\u00e4sidenten Gl\u00f6gler wurden entscheidende Hinweise gegeben und zwar letztlich die Bef\u00fcrwortung f\u00fcr den Neubau einer Halle, wobei auch hierbei noch die \u00dcberlegung der Einrichtung einer Halle mit der Einrichtung eines \u201eHallenbau in die Zehntscheuer\u201c zur Debatte stand. In den Folgejahren wurden zusammen mit der VG Munderkingen Finanzierungskonzepte erarbeitet, die Haushaltslage und der Stand der R\u00fccklagen gepr\u00fcft. B\u00fcrgermeister war Gebhard Hepp. An welchem Standort k\u00f6nnte eine Halle entstehen. Im Ortskern (Zehntscheuer), am Ortsrand (\u201eHinter Zainen\u201c), am Ortsrand bei der bestehenden Sportanlage, bei der Schule im Wassert\u00e4le oder gar zusammen mit der Nachbargemeinde Lauterach und hier wieder im Gebiet \u201eHinter Zainen\u201c. Im Jahr 1991 Beauftragung des Architekturb\u00fcro Schirmer und Partner, Ertingen, durch den Gemeinderat zur Aufstellung eines Raumprogramm samt Bebauungsplan f\u00fcr einen Hallenbau bei der Schule. Alle anderen und bisherig erw\u00e4hnten Standorte wurden aufgegeben. Die Aussicht auf \u201eBr\u00fcsseler Geld\u201c wurde festgestellt und das Planverfahren 1992 abgeschlossen. B\u00fcrgermeister-Stellvertreter war damals Josef Traub und der bereits neu gew\u00e4hlte B\u00fcrgermeister Alfons Ziegler bekam in einer seiner erstern Amtshandlungen die baurechtliche Genehemigung im Februar 1993 f\u00fcr die Gemeinde. Baubeginn war dann im Mai 1993. Die Baukosten wurden auf insgesamt 4.265.000 DM veranschlagt und wurden bis zum Bauende eingehalten. Sehr lobenswert die damaligen Eigenleistungen der Untermarchtaler Vereinsmitglieder und B\u00fcrger in der \u00fcber 17 monatigen Bauzeit. Im Innenausbau und besonders bei den Aussenanlagen wie Pflasterungen waren die B\u00fcrger flei\u00dfig.<\/p>\r\n\r\n<div id=\"attachment_1541\" style=\"width: 770px\" class=\"wp-caption alignnone\"><img loading=\"lazy\" decoding=\"async\" aria-describedby=\"caption-attachment-1541\" class=\"wp-image-1541 size-full\" src=\"https:\/\/www.gemeinde-untermarchtal.de\/bilder\/Gemeindehalle_20_Jahre_Baustelle.jpg\" alt=\"gemeindehalle_20_jahre_baustelle\" width=\"760\" height=\"512\" \/><p id=\"caption-attachment-1541\" class=\"wp-caption-text\">Foto vom Hallenbrohbau Juli 1995<\/p><\/div>\r\n\r\n<p>Somit war die \u00dcbergabe und Einweihung mit einem \u201eTag der offenen T\u00fcr\u201c am 28. und 29. Janaur 1995 ein gro\u00dfes Fest f\u00fcr die ganze Gemeinde und ihre G\u00e4ste an diesen Tagen. Das 20-j\u00e4hrige Baujubil\u00e4um der Gemeindehalle als Mehrzweckhalle im Januar 2015 sollte in der Bev\u00f6lkerung und mit der Gemeindeverwaltung ihre geb\u00fchrende Beachtung finden. Dient doch diese Bauwerk nach 2 Jahrzehnten allen f\u00fcr die B\u00fcrger-Gemeinschaft bei Veranstaltungen kultureller, geselliger und sportlicher Art und hat sich damit bew\u00e4hrt. Daf\u00fcr sollten alle dankbar sein.<\/p>\r\n\r\n<div id=\"attachment_1543\" style=\"width: 770px\" class=\"wp-caption alignnone\"><img loading=\"lazy\" decoding=\"async\" aria-describedby=\"caption-attachment-1543\" class=\"wp-image-1543 size-full\" src=\"https:\/\/www.gemeinde-untermarchtal.de\/bilder\/Gemeindehalle_20_Jahre_Einweihung.jpg\" alt=\"gemeindehalle_20_jahre_einweihung\" width=\"760\" height=\"530\" \/><p id=\"caption-attachment-1543\" class=\"wp-caption-text\">Staunen und gute Laune B\u00fcrgermeister, Gemeinder\u00e4te, Architekt und G\u00e4ste beim Richtfest der Halle 25. November 1993<\/p><\/div>\r\n\r\n<div id=\"attachment_1542\" style=\"width: 770px\" class=\"wp-caption alignnone\"><img loading=\"lazy\" decoding=\"async\" aria-describedby=\"caption-attachment-1542\" class=\"wp-image-1542 size-full\" src=\"https:\/\/www.gemeinde-untermarchtal.de\/bilder\/Gemeindehalle_20_Jahre_Dachdecker.jpg\" alt=\"gemeindehalle_20_jahre_dachdecker\" width=\"760\" height=\"500\" \/><p id=\"caption-attachment-1542\" class=\"wp-caption-text\">Hallendacheindeckung 6. November 1993<\/p><\/div>\r\n\r\n<div id=\"attachment_1540\" style=\"width: 770px\" class=\"wp-caption alignnone\"><img loading=\"lazy\" decoding=\"async\" aria-describedby=\"caption-attachment-1540\" class=\"wp-image-1540 size-full\" src=\"https:\/\/www.gemeinde-untermarchtal.de\/bilder\/Gemeindehalle_20_Jahre_Arbeiter.jpg\" alt=\"gemeindehalle_20_jahre_arbeiter\" width=\"760\" height=\"481\" \/><p id=\"caption-attachment-1540\" class=\"wp-caption-text\">Freiwillige Helfer im trockenen bei Hallendacheindeckung 6. November 1993<\/p><\/div>\r\n\r\n<div id=\"attachment_1539\" style=\"width: 770px\" class=\"wp-caption alignnone\"><img loading=\"lazy\" decoding=\"async\" aria-describedby=\"caption-attachment-1539\" class=\"wp-image-1539 size-full\" src=\"https:\/\/www.gemeinde-untermarchtal.de\/bilder\/Gemeindehalle_20_Jahre_Ansprache.jpg\" alt=\"gemeindehalle_20_jahre_ansprache\" width=\"760\" height=\"510\" \/><p id=\"caption-attachment-1539\" class=\"wp-caption-text\">Gl\u00fcckliche Gesichter beim der \u00dcbergabe und Einweihung von B\u00fcrgermeister Alfons Ziegler (li) und Architekt Gerhard Schirmer (re) 28. Januar 1995<\/p><\/div>\r\n\r\n<div id=\"attachment_1544\" style=\"width: 770px\" class=\"wp-caption alignnone\"><img loading=\"lazy\" decoding=\"async\" aria-describedby=\"caption-attachment-1544\" class=\"wp-image-1544 size-full\" src=\"https:\/\/www.gemeinde-untermarchtal.de\/bilder\/Gemeindehalle_20_Jahre_Gesamtansicht.jpg\" alt=\"gemeindehalle_20_jahre_gesamtansicht\" width=\"760\" height=\"520\" \/><p id=\"caption-attachment-1544\" class=\"wp-caption-text\">Die fertige Untermarchtaler Halle im Wassert\u00e4le-Grund Ende Dezember 1995<\/p><\/div>","protected":false},"excerpt":{"rendered":"<p>Vor 20 Jahren am 28.\/29. Januar 1995: \u00dcbergabe und Einweihung der neuen Gemeindehalle als Mehrzweckhalle Ein ortshistorisches, bedeutendes Datum und Ereignis f\u00fcr die ganze Gemeinde war die \u00dcbergabe und Einweihung der neuen, im Wassert\u00e4le-Grund erbauten Gemeindehalle als Mehrzweckhalle am 28. und 29. Januar 1995. Kurzgeschichte zur Planung und Bau der Halle als \u201eJahrhundertbauwerk\u201c. Die Planung [&hellip;]<\/p>\n","protected":false},"author":1,"featured_media":0,"parent":0,"menu_order":0,"comment_status":"closed","ping_status":"closed","template":"page-templates\/standard_seite.php","meta":{"_acf_changed":false,"footnotes":""},"class_list":["post-254","page","type-page","status-publish","hentry"],"acf":[],"yoast_head":"<!-- This site is optimized with the Yoast SEO plugin v26.7 - https:\/\/yoast.com\/wordpress\/plugins\/seo\/ -->\n<title>Einweihung Gemeindehalle 1995 - Gemeinde Untermarchtal<\/title>\n<meta name=\"robots\" content=\"index, follow, max-snippet:-1, max-image-preview:large, max-video-preview:-1\" \/>\n<link rel=\"canonical\" href=\"https:\/\/www.gemeinde-untermarchtal.de\/index.php\/einweihung-gemeindehalle\/\" \/>\n<meta property=\"og:locale\" content=\"de_DE\" \/>\n<meta property=\"og:type\" content=\"article\" \/>\n<meta property=\"og:title\" content=\"Einweihung Gemeindehalle 1995 - Gemeinde Untermarchtal\" \/>\n<meta property=\"og:description\" content=\"Vor 20 Jahren am 28.\/29. Januar 1995: \u00dcbergabe und Einweihung der neuen Gemeindehalle als Mehrzweckhalle Ein ortshistorisches, bedeutendes Datum und Ereignis f\u00fcr die ganze Gemeinde war die \u00dcbergabe und Einweihung der neuen, im Wassert\u00e4le-Grund erbauten Gemeindehalle als Mehrzweckhalle am 28. und 29. Januar 1995. Kurzgeschichte zur Planung und Bau der Halle als \u201eJahrhundertbauwerk\u201c. Die Planung [&hellip;]\" \/>\n<meta property=\"og:url\" content=\"https:\/\/www.gemeinde-untermarchtal.de\/index.php\/einweihung-gemeindehalle\/\" \/>\n<meta property=\"og:site_name\" content=\"Gemeinde Untermarchtal\" \/>\n<meta property=\"article:modified_time\" content=\"2018-07-21T06:41:07+00:00\" \/>\n<meta property=\"og:image\" content=\"https:\/\/www.gemeinde-untermarchtal.de\/bilder\/Gemeindehalle_20_Jahre_Baustelle.jpg\" \/>\n<meta name=\"twitter:card\" content=\"summary_large_image\" \/>\n<meta name=\"twitter:label1\" content=\"Gesch\u00e4tzte Lesezeit\" \/>\n\t<meta name=\"twitter:data1\" content=\"3\u00a0Minuten\" \/>\n<script type=\"application\/ld+json\" class=\"yoast-schema-graph\">{\"@context\":\"https:\/\/schema.org\",\"@graph\":[{\"@type\":\"WebPage\",\"@id\":\"https:\/\/www.gemeinde-untermarchtal.de\/index.php\/einweihung-gemeindehalle\/\",\"url\":\"https:\/\/www.gemeinde-untermarchtal.de\/index.php\/einweihung-gemeindehalle\/\",\"name\":\"Einweihung Gemeindehalle 1995 - Gemeinde Untermarchtal\",\"isPartOf\":{\"@id\":\"https:\/\/www.gemeinde-untermarchtal.de\/#website\"},\"primaryImageOfPage\":{\"@id\":\"https:\/\/www.gemeinde-untermarchtal.de\/index.php\/einweihung-gemeindehalle\/#primaryimage\"},\"image\":{\"@id\":\"https:\/\/www.gemeinde-untermarchtal.de\/index.php\/einweihung-gemeindehalle\/#primaryimage\"},\"thumbnailUrl\":\"https:\/\/www.gemeinde-untermarchtal.de\/bilder\/Gemeindehalle_20_Jahre_Baustelle.jpg\",\"datePublished\":\"2016-09-02T18:54:02+00:00\",\"dateModified\":\"2018-07-21T06:41:07+00:00\",\"breadcrumb\":{\"@id\":\"https:\/\/www.gemeinde-untermarchtal.de\/index.php\/einweihung-gemeindehalle\/#breadcrumb\"},\"inLanguage\":\"de\",\"potentialAction\":[{\"@type\":\"ReadAction\",\"target\":[\"https:\/\/www.gemeinde-untermarchtal.de\/index.php\/einweihung-gemeindehalle\/\"]}]},{\"@type\":\"ImageObject\",\"inLanguage\":\"de\",\"@id\":\"https:\/\/www.gemeinde-untermarchtal.de\/index.php\/einweihung-gemeindehalle\/#primaryimage\",\"url\":\"https:\/\/www.gemeinde-untermarchtal.de\/bilder\/Gemeindehalle_20_Jahre_Baustelle.jpg\",\"contentUrl\":\"https:\/\/www.gemeinde-untermarchtal.de\/bilder\/Gemeindehalle_20_Jahre_Baustelle.jpg\",\"width\":760,\"height\":512},{\"@type\":\"BreadcrumbList\",\"@id\":\"https:\/\/www.gemeinde-untermarchtal.de\/index.php\/einweihung-gemeindehalle\/#breadcrumb\",\"itemListElement\":[{\"@type\":\"ListItem\",\"position\":1,\"name\":\"Startseite\",\"item\":\"https:\/\/www.gemeinde-untermarchtal.de\/\"},{\"@type\":\"ListItem\",\"position\":2,\"name\":\"Einweihung Gemeindehalle 1995\"}]},{\"@type\":\"WebSite\",\"@id\":\"https:\/\/www.gemeinde-untermarchtal.de\/#website\",\"url\":\"https:\/\/www.gemeinde-untermarchtal.de\/\",\"name\":\"Gemeinde Untermarchtal\",\"description\":\"Gemeinde Untermarchtal\",\"potentialAction\":[{\"@type\":\"SearchAction\",\"target\":{\"@type\":\"EntryPoint\",\"urlTemplate\":\"https:\/\/www.gemeinde-untermarchtal.de\/?s={search_term_string}\"},\"query-input\":{\"@type\":\"PropertyValueSpecification\",\"valueRequired\":true,\"valueName\":\"search_term_string\"}}],\"inLanguage\":\"de\"}]}<\/script>\n<!-- \/ Yoast SEO plugin. -->","yoast_head_json":{"title":"Einweihung Gemeindehalle 1995 - Gemeinde Untermarchtal","robots":{"index":"index","follow":"follow","max-snippet":"max-snippet:-1","max-image-preview":"max-image-preview:large","max-video-preview":"max-video-preview:-1"},"canonical":"https:\/\/www.gemeinde-untermarchtal.de\/index.php\/einweihung-gemeindehalle\/","og_locale":"de_DE","og_type":"article","og_title":"Einweihung Gemeindehalle 1995 - Gemeinde Untermarchtal","og_description":"Vor 20 Jahren am 28.\/29. Januar 1995: \u00dcbergabe und Einweihung der neuen Gemeindehalle als Mehrzweckhalle Ein ortshistorisches, bedeutendes Datum und Ereignis f\u00fcr die ganze Gemeinde war die \u00dcbergabe und Einweihung der neuen, im Wassert\u00e4le-Grund erbauten Gemeindehalle als Mehrzweckhalle am 28. und 29. Januar 1995. Kurzgeschichte zur Planung und Bau der Halle als \u201eJahrhundertbauwerk\u201c. Die Planung [&hellip;]","og_url":"https:\/\/www.gemeinde-untermarchtal.de\/index.php\/einweihung-gemeindehalle\/","og_site_name":"Gemeinde Untermarchtal","article_modified_time":"2018-07-21T06:41:07+00:00","og_image":[{"url":"https:\/\/www.gemeinde-untermarchtal.de\/bilder\/Gemeindehalle_20_Jahre_Baustelle.jpg","type":"","width":"","height":""}],"twitter_card":"summary_large_image","twitter_misc":{"Gesch\u00e4tzte Lesezeit":"3\u00a0Minuten"},"schema":{"@context":"https:\/\/schema.org","@graph":[{"@type":"WebPage","@id":"https:\/\/www.gemeinde-untermarchtal.de\/index.php\/einweihung-gemeindehalle\/","url":"https:\/\/www.gemeinde-untermarchtal.de\/index.php\/einweihung-gemeindehalle\/","name":"Einweihung Gemeindehalle 1995 - Gemeinde Untermarchtal","isPartOf":{"@id":"https:\/\/www.gemeinde-untermarchtal.de\/#website"},"primaryImageOfPage":{"@id":"https:\/\/www.gemeinde-untermarchtal.de\/index.php\/einweihung-gemeindehalle\/#primaryimage"},"image":{"@id":"https:\/\/www.gemeinde-untermarchtal.de\/index.php\/einweihung-gemeindehalle\/#primaryimage"},"thumbnailUrl":"https:\/\/www.gemeinde-untermarchtal.de\/bilder\/Gemeindehalle_20_Jahre_Baustelle.jpg","datePublished":"2016-09-02T18:54:02+00:00","dateModified":"2018-07-21T06:41:07+00:00","breadcrumb":{"@id":"https:\/\/www.gemeinde-untermarchtal.de\/index.php\/einweihung-gemeindehalle\/#breadcrumb"},"inLanguage":"de","potentialAction":[{"@type":"ReadAction","target":["https:\/\/www.gemeinde-untermarchtal.de\/index.php\/einweihung-gemeindehalle\/"]}]},{"@type":"ImageObject","inLanguage":"de","@id":"https:\/\/www.gemeinde-untermarchtal.de\/index.php\/einweihung-gemeindehalle\/#primaryimage","url":"https:\/\/www.gemeinde-untermarchtal.de\/bilder\/Gemeindehalle_20_Jahre_Baustelle.jpg","contentUrl":"https:\/\/www.gemeinde-untermarchtal.de\/bilder\/Gemeindehalle_20_Jahre_Baustelle.jpg","width":760,"height":512},{"@type":"BreadcrumbList","@id":"https:\/\/www.gemeinde-untermarchtal.de\/index.php\/einweihung-gemeindehalle\/#breadcrumb","itemListElement":[{"@type":"ListItem","position":1,"name":"Startseite","item":"https:\/\/www.gemeinde-untermarchtal.de\/"},{"@type":"ListItem","position":2,"name":"Einweihung Gemeindehalle 1995"}]},{"@type":"WebSite","@id":"https:\/\/www.gemeinde-untermarchtal.de\/#website","url":"https:\/\/www.gemeinde-untermarchtal.de\/","name":"Gemeinde Untermarchtal","description":"Gemeinde Untermarchtal","potentialAction":[{"@type":"SearchAction","target":{"@type":"EntryPoint","urlTemplate":"https:\/\/www.gemeinde-untermarchtal.de\/?s={search_term_string}"},"query-input":{"@type":"PropertyValueSpecification","valueRequired":true,"valueName":"search_term_string"}}],"inLanguage":"de"}]}},"_links":{"self":[{"href":"https:\/\/www.gemeinde-untermarchtal.de\/index.php\/wp-json\/wp\/v2\/pages\/254","targetHints":{"allow":["GET"]}}],"collection":[{"href":"https:\/\/www.gemeinde-untermarchtal.de\/index.php\/wp-json\/wp\/v2\/pages"}],"about":[{"href":"https:\/\/www.gemeinde-untermarchtal.de\/index.php\/wp-json\/wp\/v2\/types\/page"}],"author":[{"embeddable":true,"href":"https:\/\/www.gemeinde-untermarchtal.de\/index.php\/wp-json\/wp\/v2\/users\/1"}],"replies":[{"embeddable":true,"href":"https:\/\/www.gemeinde-untermarchtal.de\/index.php\/wp-json\/wp\/v2\/comments?post=254"}],"version-history":[{"count":13,"href":"https:\/\/www.gemeinde-untermarchtal.de\/index.php\/wp-json\/wp\/v2\/pages\/254\/revisions"}],"predecessor-version":[{"id":2730,"href":"https:\/\/www.gemeinde-untermarchtal.de\/index.php\/wp-json\/wp\/v2\/pages\/254\/revisions\/2730"}],"wp:attachment":[{"href":"https:\/\/www.gemeinde-untermarchtal.de\/index.php\/wp-json\/wp\/v2\/media?parent=254"}],"curies":[{"name":"wp","href":"https:\/\/api.w.org\/{rel}","templated":true}]}}