{"id":269,"date":"2016-09-02T21:34:50","date_gmt":"2016-09-02T19:34:50","guid":{"rendered":"http:\/\/dev.gemeinde-untermarchtal.de\/?page_id=269"},"modified":"2018-07-21T20:38:16","modified_gmt":"2018-07-21T18:38:16","slug":"rathausbrand","status":"publish","type":"page","link":"https:\/\/www.gemeinde-untermarchtal.de\/index.php\/rathausbrand\/","title":{"rendered":"Rathausbrand 1955"},"content":{"rendered":"<h2>Vor 60 Jahren, am 29. Januar 1955 brannte das Schul- und Rathaus ab.<\/h2>\r\n<p>Vor 60 Jahren, am 29. Januar 1955, brannte in Untermarchtal das damalige Schul- und Rathaus ab. Diese kalte Winternacht mit dem zerst\u00f6rerischen Ereignis ist viel \u00e4lteren B\u00fcrgern des Ortes noch in Erinnerung. In der Morgenstunde jenes Tages gegen 5.15 Uhr wurden die Bewohner aus dem Schlaf geschreckt. Grund war: Der gesamte Dachstuhl des Schul- und Rathaus stand in Flammen. Der benachbarte Anwohner Franz Bierer von der Haldenstra\u00dfe wurde vom hellen Feuerschein geweckt und zusammen mit seinem Sohn Stefan wurde die Feuerwehr alarmiert. Dieser war Feuerwehrmann und zusammen mit dem damaligen Feuerwehrkommandant Hans A\u00dffalg waren alle verf\u00fcgbaren Feuerwehrm\u00e4nner sofort an der Brandstelle. Die verf\u00fcgbaren L\u00f6schger\u00e4te wurden sofort eingesetzt. Retten, helfen, l\u00f6schen war jetzt angesagt, denn im ersten Stock des Geb\u00e4udes wohnte die Lehrerfamilie Franz Sugg. Panikartig hatte die Familie die Wohnung verlassen und fl\u00fcchtete ins Freie. Herabst\u00fcrzende Dachziegel gef\u00e4hrdeten zudem Retter und gerettete. Ein L\u00f6schinnenangriff \u00fcber das bereits brennende Treppenhaus wurde vorgenommen. Es gelang, das Feuer einzud\u00e4mmen und die Lehrerwohnung zu r\u00e4umen. Die alarmierte Munderkinger Feuerwehr war inzwischen mit dem L\u00f6schfahrzeug zur Hilfe eingetroffen. Beide Wehren warfen die ihr zur Verf\u00fcgung stehenden Wassermengen auf den Dachstuhl und den historischen Ostgiebel. Ebenso waren viele Untermarchtaler B\u00fcrger mit derm damaligen B\u00fcrgermeister Helmut Winter waren zur Stelle, um zu helfen um Gegenst\u00e4nde der Lehrerwohnung und der Rathausverwaltung, Registratur und Archiv aus dem Geb\u00e4ude zu schaffen. Das Feuer fand dort besonders reichlich Nahrung. Der historische Ostgiebel, eine Zierde des Dorfes brennt Diese besondere Bauform des Schul- und Rathauses, erbaut 1898, mit den aufgesetzten Pilasters\u00e4ulen und dem geschweiften Giebelabschluss, Rundfenster\u00f6ffnungen und mit Stein eingefassten Fenstern am ganzen Geb\u00e4ude. Diese Besonderheiten am Bauwerk waren stark gef\u00e4hrdet, bestand der Giebel mit seinem Baumaterial meist aus Gips. L\u00f6schwasserschaden entstand bis ins Erdgeschoss und der Giebel war einsturzgef\u00e4hrdet und mu\u00dfte dann abgerissen werden. Der Sachschaden betrug 60 000 DM. Als Brandursache war ein elektrischer Kurzschluss festgestellt worden. Mehrere B\u00fcrger und Feuerwehrleute mu\u00dften sich noch in der Brandnacht und danach f\u00fcr Fragen und Verh\u00f6re der Kripo bereithalten.<\/p>\r\n\r\n<div id=\"attachment_1546\" style=\"width: 484px\" class=\"wp-caption alignnone\"><img loading=\"lazy\" decoding=\"async\" aria-describedby=\"caption-attachment-1546\" class=\"wp-image-1546 size-full\" src=\"https:\/\/www.gemeinde-untermarchtal.de\/bilder\/Rathausbrand_60_Jahre_01.jpg\" alt=\"rathausbrand_60_jahre_01\" width=\"474\" height=\"760\" \/><p id=\"caption-attachment-1546\" class=\"wp-caption-text\">Foto vom alten Schul- und Rathaus Untermarchtal mit dem erw\u00e4hnten Ziergiebel als \u201eZierde des Ortes\u201c, erbaut 1898<\/p><\/div>\r\n\r\n<p>Notunterkunfte sofort f\u00fcr Lehrersfamilie, das B\u00fcrgermeisteramt und die Schule Hier stand der Gemeinde zusammen mit dem Kloster das Gl\u00fcck zur Seite und noch heute nach 60 Jahren ist die Gemeinde f\u00fcr diese gl\u00fccklichen L\u00f6sungen dankbar. Die Lehrersfamilie Sugg wurde sofor in die leehrstehende Wohnung im ehemaligen Haus der Metzgerei Josef Gro\u00dfmann einqaurtiert. Das Geb\u00e4ude hatte das Kloster zuvor schon erworben. Und f\u00fcr die R\u00e4umlichkeiten zur Fortf\u00fchrung des Unterrichts der 8. klassigen Volksschule mit rund 60 Sch\u00fcler stellte das Kloster die R\u00e4ume der Kinderschule zur Verf\u00fcgung. Die Kinderschule wurde innerhalb des Klosters umgesetzt und konnte dort weitergef\u00fchrt werden. F\u00fcr die Unterbringung der Gemeindeverwaltung stand ein \u00e4lteres Haus mit 3 beziehbaren Zimmern in der N\u00e4he des Schul- und Rathaus, das Frau Maria Herzog geh\u00f6rte, als Quartier zur Verf\u00fcgung. Man nannte dies damals das \u201eNot-Rathaus\u201c. Somit waren die Unterbringunsm\u00f6glichkeiten aufs erste gel\u00f6st. \u00dcbrigens: Die jetzt anstehenden wichtigen Gemeinderatss-Sitzungen wurden meist in der damaligen Bahnhof-Restauration bei der Wirtin Frau Maria Leichtle abgehalten.<\/p>\r\n\r\n<div id=\"attachment_1548\" style=\"width: 770px\" class=\"wp-caption alignnone\"><img loading=\"lazy\" decoding=\"async\" aria-describedby=\"caption-attachment-1548\" class=\"wp-image-1548 size-full\" src=\"https:\/\/www.gemeinde-untermarchtal.de\/bilder\/Rathausbrand_60_Jahre_02.jpg\" alt=\"rathausbrand_60_jahre_02\" width=\"760\" height=\"505\" \/><p id=\"caption-attachment-1548\" class=\"wp-caption-text\">Foto vom brandgesch\u00e4digten Schul- und Rathaus am 29. Januar 1955<\/p><\/div>\r\n\r\n<p>Anstehende Entscheidung: Wiederaufbau des Schul- und Rathaus oder Neubau Schon am 7. Februar 1955 traf der Gemeinderat zusammen und traf wichtige, richtungsweisende Entscheidungen. Zun\u00e4chst wurde der hiesigen Feuerwehr und der Wehr aus Munderkigen als auch den B\u00fcrgern und dem Kloster Untermarchtal f\u00fcr die Hilfen beim Brand und danach gedankt. Der Notstand lie\u00df eine systematische Planung mit den Beh\u00f6rden anlaufen. Der Ehinger Architekt Dipl. Ing. Wolf Brzoska wurde mit Planungen beauftragt. B\u00fcrgermeister Helmut Winter, der Gemeinderat und die B\u00fcrger wurden in die Notsituation eingebunden. Eile war geboten, jedoch kein \u00fcberst\u00fcrztes Handeln. In Gemeinderatssitzungen und Verhandlungen in hoher Verantwortung und Entscheidungskraft wurde mit Weitsicht beraten. Dem damaligen Gemeinderat geh\u00f6rten an: Johann Buck, Leo Essigbeck, Josef Hagel, Erich Herrmann, Hans Herzog, Andreas Rieger, Karl Vogelsang und Konrad Weimer. Eine B\u00fcrgerversammlung wurde am 26. Mai 1955 in das Gasthaus Linde einberufen. \u00dcber 100 B\u00fcrger nahmen daran interessiert teil. Entscheidende Sitzung des Gemeinderat am 2. Juni 1955 mit folgendem Ergebnis: Umbau des jetzigen Schul- und Rathaus zum Rathaus mit einer Dienstwohnung f\u00fcr den B\u00fcrgermeister. Einbau im Rathaus der Gemeindebackk\u00fcche, des Feuerwehrger\u00e4tehaus und ein Jugendraum, Neubau der Schule mit 2 Klassenr\u00e4umen und einem Lehrerhaus soll am Ortsrand auf der \u201ePfarrwiese\u201c entstehen. In diese Grundst\u00fccksverhandlungen \u201ePfarrwiese\u201c mu\u00dfte mit der Di\u00f6zese Rottenburg und der Pfarrstelle als Grundst\u00fccksinhaber rasch verhandelt werden. Gut vermittelt hat in dieser Planungsphase der damalige Ortspfarrer Erwinn Scherrmann. Man hatte dann Erfolg. Die zentrale Lage f\u00fcr das Rathaus wurde gest\u00e4rkt und dem Neubau auf der Pfarrwiese wie es dasmals hie\u00df, \u201edie sonnige und ruihige Lage am Ortsrand\u201c stimmten K\u00e4ufer und Verk\u00e4ufer zu. Kosten f\u00fcr den Wiederaufbau des Rathaus und dortigen Einrichtungen: 48 000 DM. Schulhausneubau: 72 000 DM, Grunderwerb f\u00fcr den Neubau auf der \u201ePfarrwiese\u201c 2.50 DM und Eintausch 4 kleinerer Parzellen Gemeinde\/Di\u00f6zese. Neubau Ausschreibung: Fa, Max Moll, Obermarchtal, Zimmerarbeiten Karl A\u00dffalg \u2013 Georg Frankenhauser als AG Untermarchtal-Emerkingen, Dachdeckerabrebeiten Fa. Hellgoth, Biberach, Kunststeinarbeiten Fa. Lechner, Ehingen.<\/p>\r\n\r\n<div id=\"attachment_1550\" style=\"width: 770px\" class=\"wp-caption alignnone\"><img loading=\"lazy\" decoding=\"async\" aria-describedby=\"caption-attachment-1550\" class=\"wp-image-1550 size-full\" src=\"https:\/\/www.gemeinde-untermarchtal.de\/bilder\/Rathausbrand_60_Jahre_04.jpg\" alt=\"rathausbrand_60_jahre_04\" width=\"760\" height=\"509\" \/><p id=\"caption-attachment-1550\" class=\"wp-caption-text\">Foto vom brandgesch\u00e4digten Schul- und Rathaus am 29. Januar 1955<\/p><\/div>\r\n\r\n<p>Das brandgesch\u00e4digte Schul-und Rathaus wurde umgebaut und im Juni 1956 mit Amtszimmer und Sitzungssaal bezogen. Einen Monat sp\u00e4ter konnte auch die B\u00fcrgermeister-Wohnung im 2. Stock durch BM Winter bezogen werden. Gro\u00dfe und feierliche \u00dcbergabe mit weltlicher und kirchlicher Einweihung des Rathauses in Ortsmitte und der neuen Schule mit Lehrerhaus auf der \u201ePfarrwiese\u201c im Wassert\u00e4le \u2013 Grund nach 1-j\u00e4hriger Bauzeit war am 23. Oktober 1956.<\/p>\r\n\r\n<div id=\"attachment_1549\" style=\"width: 770px\" class=\"wp-caption alignnone\"><img loading=\"lazy\" decoding=\"async\" aria-describedby=\"caption-attachment-1549\" class=\"wp-image-1549 size-full\" src=\"https:\/\/www.gemeinde-untermarchtal.de\/bilder\/Rathausbrand_60_Jahre_03.jpg\" alt=\"rathausbrand_60_jahre_03\" width=\"760\" height=\"570\" \/><p id=\"caption-attachment-1549\" class=\"wp-caption-text\">Foto vom heutigen \u201ealten Rathaus\u201c<\/p><\/div>","protected":false},"excerpt":{"rendered":"<p>Vor 60 Jahren, am 29. Januar 1955 brannte das Schul- und Rathaus ab. Vor 60 Jahren, am 29. Januar 1955, brannte in Untermarchtal das damalige Schul- und Rathaus ab. Diese kalte Winternacht mit dem zerst\u00f6rerischen Ereignis ist viel \u00e4lteren B\u00fcrgern des Ortes noch in Erinnerung. In der Morgenstunde jenes Tages gegen 5.15 Uhr wurden die [&hellip;]<\/p>\n","protected":false},"author":1,"featured_media":0,"parent":0,"menu_order":0,"comment_status":"closed","ping_status":"closed","template":"page-templates\/standard_seite.php","meta":{"_acf_changed":false,"footnotes":""},"class_list":["post-269","page","type-page","status-publish","hentry"],"acf":[],"yoast_head":"<!-- This site is optimized with the Yoast SEO plugin v26.7 - https:\/\/yoast.com\/wordpress\/plugins\/seo\/ -->\n<title>Rathausbrand 1955 - Gemeinde Untermarchtal<\/title>\n<meta name=\"robots\" content=\"index, follow, max-snippet:-1, max-image-preview:large, max-video-preview:-1\" \/>\n<link rel=\"canonical\" href=\"https:\/\/www.gemeinde-untermarchtal.de\/index.php\/rathausbrand\/\" \/>\n<meta property=\"og:locale\" content=\"de_DE\" \/>\n<meta property=\"og:type\" content=\"article\" \/>\n<meta property=\"og:title\" content=\"Rathausbrand 1955 - Gemeinde Untermarchtal\" \/>\n<meta property=\"og:description\" content=\"Vor 60 Jahren, am 29. Januar 1955 brannte das Schul- und Rathaus ab. Vor 60 Jahren, am 29. Januar 1955, brannte in Untermarchtal das damalige Schul- und Rathaus ab. Diese kalte Winternacht mit dem zerst\u00f6rerischen Ereignis ist viel \u00e4lteren B\u00fcrgern des Ortes noch in Erinnerung. In der Morgenstunde jenes Tages gegen 5.15 Uhr wurden die [&hellip;]\" \/>\n<meta property=\"og:url\" content=\"https:\/\/www.gemeinde-untermarchtal.de\/index.php\/rathausbrand\/\" \/>\n<meta property=\"og:site_name\" content=\"Gemeinde Untermarchtal\" \/>\n<meta property=\"article:modified_time\" content=\"2018-07-21T18:38:16+00:00\" \/>\n<meta property=\"og:image\" content=\"https:\/\/www.gemeinde-untermarchtal.de\/bilder\/Rathausbrand_60_Jahre_01.jpg\" \/>\n<meta name=\"twitter:card\" content=\"summary_large_image\" \/>\n<meta name=\"twitter:label1\" content=\"Gesch\u00e4tzte Lesezeit\" \/>\n\t<meta name=\"twitter:data1\" content=\"5\u00a0Minuten\" \/>\n<script type=\"application\/ld+json\" class=\"yoast-schema-graph\">{\"@context\":\"https:\/\/schema.org\",\"@graph\":[{\"@type\":\"WebPage\",\"@id\":\"https:\/\/www.gemeinde-untermarchtal.de\/index.php\/rathausbrand\/\",\"url\":\"https:\/\/www.gemeinde-untermarchtal.de\/index.php\/rathausbrand\/\",\"name\":\"Rathausbrand 1955 - Gemeinde Untermarchtal\",\"isPartOf\":{\"@id\":\"https:\/\/www.gemeinde-untermarchtal.de\/#website\"},\"primaryImageOfPage\":{\"@id\":\"https:\/\/www.gemeinde-untermarchtal.de\/index.php\/rathausbrand\/#primaryimage\"},\"image\":{\"@id\":\"https:\/\/www.gemeinde-untermarchtal.de\/index.php\/rathausbrand\/#primaryimage\"},\"thumbnailUrl\":\"https:\/\/www.gemeinde-untermarchtal.de\/bilder\/Rathausbrand_60_Jahre_01.jpg\",\"datePublished\":\"2016-09-02T19:34:50+00:00\",\"dateModified\":\"2018-07-21T18:38:16+00:00\",\"breadcrumb\":{\"@id\":\"https:\/\/www.gemeinde-untermarchtal.de\/index.php\/rathausbrand\/#breadcrumb\"},\"inLanguage\":\"de\",\"potentialAction\":[{\"@type\":\"ReadAction\",\"target\":[\"https:\/\/www.gemeinde-untermarchtal.de\/index.php\/rathausbrand\/\"]}]},{\"@type\":\"ImageObject\",\"inLanguage\":\"de\",\"@id\":\"https:\/\/www.gemeinde-untermarchtal.de\/index.php\/rathausbrand\/#primaryimage\",\"url\":\"https:\/\/www.gemeinde-untermarchtal.de\/bilder\/Rathausbrand_60_Jahre_01.jpg\",\"contentUrl\":\"https:\/\/www.gemeinde-untermarchtal.de\/bilder\/Rathausbrand_60_Jahre_01.jpg\",\"width\":474,\"height\":760},{\"@type\":\"BreadcrumbList\",\"@id\":\"https:\/\/www.gemeinde-untermarchtal.de\/index.php\/rathausbrand\/#breadcrumb\",\"itemListElement\":[{\"@type\":\"ListItem\",\"position\":1,\"name\":\"Startseite\",\"item\":\"https:\/\/www.gemeinde-untermarchtal.de\/\"},{\"@type\":\"ListItem\",\"position\":2,\"name\":\"Rathausbrand 1955\"}]},{\"@type\":\"WebSite\",\"@id\":\"https:\/\/www.gemeinde-untermarchtal.de\/#website\",\"url\":\"https:\/\/www.gemeinde-untermarchtal.de\/\",\"name\":\"Gemeinde Untermarchtal\",\"description\":\"Gemeinde Untermarchtal\",\"potentialAction\":[{\"@type\":\"SearchAction\",\"target\":{\"@type\":\"EntryPoint\",\"urlTemplate\":\"https:\/\/www.gemeinde-untermarchtal.de\/?s={search_term_string}\"},\"query-input\":{\"@type\":\"PropertyValueSpecification\",\"valueRequired\":true,\"valueName\":\"search_term_string\"}}],\"inLanguage\":\"de\"}]}<\/script>\n<!-- \/ Yoast SEO plugin. -->","yoast_head_json":{"title":"Rathausbrand 1955 - Gemeinde Untermarchtal","robots":{"index":"index","follow":"follow","max-snippet":"max-snippet:-1","max-image-preview":"max-image-preview:large","max-video-preview":"max-video-preview:-1"},"canonical":"https:\/\/www.gemeinde-untermarchtal.de\/index.php\/rathausbrand\/","og_locale":"de_DE","og_type":"article","og_title":"Rathausbrand 1955 - Gemeinde Untermarchtal","og_description":"Vor 60 Jahren, am 29. Januar 1955 brannte das Schul- und Rathaus ab. Vor 60 Jahren, am 29. Januar 1955, brannte in Untermarchtal das damalige Schul- und Rathaus ab. Diese kalte Winternacht mit dem zerst\u00f6rerischen Ereignis ist viel \u00e4lteren B\u00fcrgern des Ortes noch in Erinnerung. In der Morgenstunde jenes Tages gegen 5.15 Uhr wurden die [&hellip;]","og_url":"https:\/\/www.gemeinde-untermarchtal.de\/index.php\/rathausbrand\/","og_site_name":"Gemeinde Untermarchtal","article_modified_time":"2018-07-21T18:38:16+00:00","og_image":[{"url":"https:\/\/www.gemeinde-untermarchtal.de\/bilder\/Rathausbrand_60_Jahre_01.jpg","type":"","width":"","height":""}],"twitter_card":"summary_large_image","twitter_misc":{"Gesch\u00e4tzte Lesezeit":"5\u00a0Minuten"},"schema":{"@context":"https:\/\/schema.org","@graph":[{"@type":"WebPage","@id":"https:\/\/www.gemeinde-untermarchtal.de\/index.php\/rathausbrand\/","url":"https:\/\/www.gemeinde-untermarchtal.de\/index.php\/rathausbrand\/","name":"Rathausbrand 1955 - Gemeinde Untermarchtal","isPartOf":{"@id":"https:\/\/www.gemeinde-untermarchtal.de\/#website"},"primaryImageOfPage":{"@id":"https:\/\/www.gemeinde-untermarchtal.de\/index.php\/rathausbrand\/#primaryimage"},"image":{"@id":"https:\/\/www.gemeinde-untermarchtal.de\/index.php\/rathausbrand\/#primaryimage"},"thumbnailUrl":"https:\/\/www.gemeinde-untermarchtal.de\/bilder\/Rathausbrand_60_Jahre_01.jpg","datePublished":"2016-09-02T19:34:50+00:00","dateModified":"2018-07-21T18:38:16+00:00","breadcrumb":{"@id":"https:\/\/www.gemeinde-untermarchtal.de\/index.php\/rathausbrand\/#breadcrumb"},"inLanguage":"de","potentialAction":[{"@type":"ReadAction","target":["https:\/\/www.gemeinde-untermarchtal.de\/index.php\/rathausbrand\/"]}]},{"@type":"ImageObject","inLanguage":"de","@id":"https:\/\/www.gemeinde-untermarchtal.de\/index.php\/rathausbrand\/#primaryimage","url":"https:\/\/www.gemeinde-untermarchtal.de\/bilder\/Rathausbrand_60_Jahre_01.jpg","contentUrl":"https:\/\/www.gemeinde-untermarchtal.de\/bilder\/Rathausbrand_60_Jahre_01.jpg","width":474,"height":760},{"@type":"BreadcrumbList","@id":"https:\/\/www.gemeinde-untermarchtal.de\/index.php\/rathausbrand\/#breadcrumb","itemListElement":[{"@type":"ListItem","position":1,"name":"Startseite","item":"https:\/\/www.gemeinde-untermarchtal.de\/"},{"@type":"ListItem","position":2,"name":"Rathausbrand 1955"}]},{"@type":"WebSite","@id":"https:\/\/www.gemeinde-untermarchtal.de\/#website","url":"https:\/\/www.gemeinde-untermarchtal.de\/","name":"Gemeinde Untermarchtal","description":"Gemeinde Untermarchtal","potentialAction":[{"@type":"SearchAction","target":{"@type":"EntryPoint","urlTemplate":"https:\/\/www.gemeinde-untermarchtal.de\/?s={search_term_string}"},"query-input":{"@type":"PropertyValueSpecification","valueRequired":true,"valueName":"search_term_string"}}],"inLanguage":"de"}]}},"_links":{"self":[{"href":"https:\/\/www.gemeinde-untermarchtal.de\/index.php\/wp-json\/wp\/v2\/pages\/269","targetHints":{"allow":["GET"]}}],"collection":[{"href":"https:\/\/www.gemeinde-untermarchtal.de\/index.php\/wp-json\/wp\/v2\/pages"}],"about":[{"href":"https:\/\/www.gemeinde-untermarchtal.de\/index.php\/wp-json\/wp\/v2\/types\/page"}],"author":[{"embeddable":true,"href":"https:\/\/www.gemeinde-untermarchtal.de\/index.php\/wp-json\/wp\/v2\/users\/1"}],"replies":[{"embeddable":true,"href":"https:\/\/www.gemeinde-untermarchtal.de\/index.php\/wp-json\/wp\/v2\/comments?post=269"}],"version-history":[{"count":7,"href":"https:\/\/www.gemeinde-untermarchtal.de\/index.php\/wp-json\/wp\/v2\/pages\/269\/revisions"}],"predecessor-version":[{"id":2777,"href":"https:\/\/www.gemeinde-untermarchtal.de\/index.php\/wp-json\/wp\/v2\/pages\/269\/revisions\/2777"}],"wp:attachment":[{"href":"https:\/\/www.gemeinde-untermarchtal.de\/index.php\/wp-json\/wp\/v2\/media?parent=269"}],"curies":[{"name":"wp","href":"https:\/\/api.w.org\/{rel}","templated":true}]}}