{"id":32,"date":"2016-08-30T20:33:31","date_gmt":"2016-08-30T18:33:31","guid":{"rendered":"http:\/\/dev.gemeinde-untermarchtal.de\/?page_id=32"},"modified":"2025-12-18T13:52:41","modified_gmt":"2025-12-18T12:52:41","slug":"datenschutz","status":"publish","type":"page","link":"https:\/\/www.gemeinde-untermarchtal.de\/index.php\/datenschutz\/","title":{"rendered":"Datenschutz"},"content":{"rendered":"<p>Wir, die [Gemeinde Untermarchtal, Bahnhofstra\u00dfe 4, 89617 Untermarchtal] (im Folgenden \u201cwir\/unser(e)\"), nehmen den Schutz Ihrer pers\u00f6nlichen Daten sehr ernst und halten uns streng an alle geltenden Gesetze und Vorschriften zum Datenschutz, insbesondere an die Datenschutzgrundverordnung, (DSGVO), das Bundesdatenschutzgesetz (BDSG) und das Telemediengesetz (TMG). Die folgenden Erl\u00e4uterungen geben Ihnen einen \u00dcberblick dar\u00fcber, wie wir diesen Schutz sicherstellen und welche Daten wir zu welchem Zweck verarbeiten.<\/p>\n<h4>1. Kontaktdaten des Verantwortlichen:<\/h4>\n<p>a) Verantwortlicher i.S.d. Art. 4 Nr. 7 DSGVO ist die Stelle, die \u00fcber Zweck und Mittel der Verarbeitung entscheidet. Im Fall Ihrer Gemeinde handelt es sich um den Beh\u00f6rdenleiter.<br \/>\nName des Verantwortlichen:<\/p>\n<ul>\n<li>B\u00fcrgermeisteramt Untermarchtal<\/li>\n<li>B\u00fcrgermeister: Bernhard Ritzler<\/li>\n<li>Bahnhofstra\u00dfe 4<\/li>\n<li>89617 Untermarchtal<\/li>\n<li>Telefon: 07393 - 91 73 83<\/li>\n<li>EMail: info@gemeinde-untermarchtal.de<\/li>\n<\/ul>\n<h4>2. Nutzungsdaten:<\/h4>\n<p>Bei der Inanspruchnahme unseres Online-Angebots verarbeiten wir Daten:<\/p>\n<ul>\n<li>zum Abruf unserer Seiten,<\/li>\n<li>bei der Nutzung unseres Kontaktformulars,<\/li>\n<li>zur statistischen Auswertung<\/li>\n<\/ul>\n<p>Zu den verarbeiteten personenbezogenen Daten geh\u00f6ren Namen und Adressen, E-Mail- Adressen, Benutzungsdaten (z.B. besuchte Seiten) und Inhaltsdaten (im Kontaktformular).<br \/>\nRechtsgrundlage f\u00fcr die Verarbeitung dieser Daten ist Art. 6 Abs.1 lit. b) DSGVO sowie \u00a7 4 LDSG i.V.m. Art 6 Abs.1 lit. e) DSGVO. Dies erm\u00f6glicht uns unser Online-Angebot zur Verf\u00fcgung zu stellen und gegebenenfalls eine Bestellung in unserem Online-Shop zu bearbeiten. F\u00fcr die Verarbeitung Ihrer Daten aufgrund einer Einwilligung ist Art. 6 Abs.1 lit. a) DSGVO einschl\u00e4gig.<\/p>\n<p>Wenn Sie unsere Webseite besuchen, werden Daten erhoben. Die Gemeinde Untermarchtal erhebt und speichert automatisch Daten. Zu diesen Daten geh\u00f6ren:<\/p>\n<ul>\n<li>Betriebssystem<\/li>\n<li>Internet-Browser (Typ und Version)<\/li>\n<li>Aufgerufene Seite<\/li>\n<li>Uhrzeit der Anfrage<\/li>\n<li>Zuvor besuchte Seite (Referrer URL)<\/li>\n<\/ul>\n<p>Bei jedem Besuch werden IP-Nummern erhoben. Rechtsgrundlage f\u00fcr diese Erhebung von Daten ist \u00a7 4 LDSG i.V.m. Art. 6 Abs.1 lit. e) DSGVO. Dies erm\u00f6glicht uns unser Online-Angebot zur Verf\u00fcgung zu stellen.<br \/>\nEine Daten\u00fcbermittlung an Dritte erfolgt nur aufgrund einer Rechtsgrundlage. Eine Daten\u00fcbermittlung in anderen F\u00e4llen erfolgt nicht.<\/p>\n<h4>3. Cookies:<\/h4>\n<p>F\u00fcr den Einsatz von Cookies sind Art. 6 Abs.1 lit. b) DSGVO oder \u00a7 4 LDSG i.V.m. Art. 6 Abs.1 lit. e) DSGVO einschl\u00e4gig.<br \/>\nEin Cookie ist eine Textdatei, die bei dem Aufrufen einer Webseite lokal auf dem Rechner des Benutzers gespeichert wird. Vom Cookie werden Daten \u00fcber das Verhalten des Nutzers ge- speichert. Beim Aufrufen des Browsers und dem erneuten Besuch einer Webseite werden an den Web-Server mithilfe der gespeicherten Daten, Informationen \u00fcber das Surf-Verhalten des Users weitergeleitet.<\/p>\n<h4>4. Kontaktaufnahme:<\/h4>\n<p>Auf unserer Internetseite haben Sie die M\u00f6glichkeit mit uns Kontakt aufzunehmen. Nehmen Sie diese M\u00f6glichkeit wahr, so werden die in der Eingabemaske eingegeben Daten an uns \u00fcbermittelt und gespeichert. Folgende Daten werden von uns erhoben:<\/p>\n<ul>\n<li>Anrede<\/li>\n<li>Vorname<\/li>\n<li>Nachname<\/li>\n<li>Telefon<\/li>\n<li>EMail-Adresse<\/li>\n<\/ul>\n<p>Dar\u00fcber hinaus werden bei der Absendung der Nachricht folgende Daten gespeichert:<\/p>\n<ul>\n<li>Datum<\/li>\n<li>Uhrzeit der Kontaktaufnahme<\/li>\n<\/ul>\n<p>Alternativ ist die Kontaktaufnahme \u00fcber eine E-Mail-Adresse m\u00f6glich. In diesem Fall werden die mit der E-Mail-Adresse \u00fcbermittelten personenbezogenen Daten des Nutzers gespeichert.<br \/>\nEine Weitergabe findet in diesem Zusammenhang nicht statt.<br \/>\nEinschl\u00e4gig ist \u00a7 4 LDSG i.V.m. Art. 6 Abs.1 lit. e) DSGVO.<\/p>\n<p>Rechtsgrundlage f\u00fcr die Verarbeitung ist Art. 6 Abs.1 lit. b) DSGVO.<\/p>\n<h4>5. Verwendung von Analyse-Tools:<\/h4>\n<p>\u201eMatomo\u201c (Bisher als \u201ePiwik\u201c benannt)<br \/>\nUnsere Webseite benutzt Matomo (https:\/\/matomo.org\/), eine Open-Source-Software zur Analyse der Besucherzugriffe auf die eigene Webseite. Matomo verwendet sogenannte Cookies, Textdateien, die auf Ihren Computern gespeichert werden und die eine Analyse der Benutzung der Webseite durch sie erm\u00f6glichen. Die durch den Cookie erzeugten Informationen \u00fcber die Benutzung dieser Webseite werden auf unseren Servern in Deutschland gespeichert und nicht an Dritte weitergegeben. Ihre IP-Adresse wird sofort nach der Verarbeitung und vor deren Speicherung anonymisiert.<\/p>\n<p>Sie k\u00f6nnen die Installation der Cookies durch eine entsprechende Einstellung Ihres Browsers verhindern; wir weisen Sie jedoch darauf hin, dass Sie in diesem Fall gegebenenfalls nicht alle Funktionen unserer Webseite vollumf\u00e4nglich werden nutzen k\u00f6nnen.<br \/>\nSie k\u00f6nnen der Verwendung Ihrer Daten durch Matomo auch widersprechen, indem Sie von der nachfolgenden dargestellten M\u00f6glichkeit Gebrauch machen:<br \/>\nDabei wird auf Ihrem Browser ein Cookie gespeichert, der lediglich die Information enth\u00e4lt, dass \u00fcber Sie durch Matomo keinerlei Daten erhoben werden d\u00fcrfen. Zuvor bereits abgelegte Cookies werden dann gel\u00f6scht. Sollten Sie jedoch einmal s\u00e4mtliche Cookies in Ihrem Browser l\u00f6schen, m\u00fcssen Sie der Verwendung Ihrer Daten ggf. erneut widersprechen.<\/p>\n<p>Sie k\u00f6nnen sich hier entscheiden, ob in Ihrem Browser ein eindeutiger Webanalyse-Cookie ab- gelegt werden darf, um uns die Erfassung und Analyse verschiedener statistischer Daten zu erm\u00f6glichen. Wenn Sie sich dagegen entscheiden m\u00f6chten, k\u00f6nnen Sie durch Klicken des folgenden Links den Matomo-Deaktivierungs-Cookie in Ihrem Browser ablegen.<\/p>\n<p>Sie haben die M\u00f6glichkeit zu verhindern, dass von Ihnen hier get\u00e4tigte Aktionen analysiert und verkn\u00fcpft werden. Dies wird Ihre Privatsph\u00e4re sch\u00fctzen, aber wird auch den Besitzer daran hindern, aus Ihren Aktionen zu lernen und die Bedienbarkeit f\u00fcr Sie und andere Benutzer zu verbessern.<\/p>\n<p>Ihr Besuch dieser Website wird aktuell von der Matomo Webanalyse erfasst. Diese Checkbox abw\u00e4hlen f\u00fcr Opt-Out.<\/p>\n<h4>6. Verwendung von Google Webfonts, Google Maps:<\/h4>\n<p>a.) Verwendung von Google Webfonts und Google Maps<br \/>\nAuf unserer Webseite werden externe Schriften, sog. Google Webfonts, verwendet. Zudem be- nutzen wir Google Maps, um f\u00fcr Sie den Anfahrtsweg zu uns darzustellen und Ihnen die Planung der Anfahrt zu vereinfachen.<br \/>\nAuch hierbei greifen wir auf Dienste der Google Ireland Limited, Gordon House, Barrow Street, Dublin 4, Irland zur\u00fcck.<br \/>\nIhr Browser l\u00e4dt beim Aufrufen unserer Seite die ben\u00f6tigten Informationen vom Google-Server<br \/>\nin den USA in Ihren Browsercache. Dies ist notwendig damit auch Ihr Browser eine optisch ver- besserte Darstellung unserer Texte anzeigen kann, bzw. die Karte auf unserer Webseite darge- stellt wird.<br \/>\nHierdurch wird an den Google-Server \u00fcbermittelt, welche unserer Internetseiten Sie besucht haben. Auch wird Ihre IP-Adresse von Google gespeichert.<br \/>\nWeitergehende Informationen zu Google Webfonts finden Sie unter<br \/>\nhttps:\/\/developers.google.com\/fonts\/faq?hl=de-DE&amp;csw=1. Weitergehende Informationen zu Google Maps finden Sie unter<br \/>\nhttps:\/\/www.google.com\/intl\/de_de\/help\/terms_maps.html.<br \/>\nAllgemeine Informationen zum Thema Datenschutz bei Google finden Sie unter www.google.com\/policies\/privacy\/.<\/p>\n<h4>7. Dauer der Speicherung:<\/h4>\n<p>\u201eWir speichern Ihre Daten so lange, wie es f\u00fcr eine abschlie\u00dfende Bearbeitung Ihres Anliegens notwendig ist. Die \u00fcber das Analyse-Tool \"Matomo\" erhobenen Statistikdaten werden bereits bei der Erhebung anonymisiert und die Ergebnisse l\u00e4ngstens 2 Jahre gespeichert. Ausgenommen hiervon sind Daten, f\u00fcr die gesetzliche oder anderweitig vorgeschriebene Aufbewahrungspflichten bestehen; diese werden f\u00fcr die Dauer der jeweiligen Aufbewahrungsfrist gespeichert und im Anschluss routinem\u00e4\u00dfig gel\u00f6scht.\u201c<\/p>\n<h4>8. Betroffenenrechte:<\/h4>\n<p>a) Auskunftsrecht Art. 15 DSGVO<br \/>\nSie haben das Recht, von uns eine Best\u00e4tigung dar\u00fcber zu verlangen, ob wir Sie betreffen- de personenbezogene Daten verarbeiten.<br \/>\nSenden Sie hierf\u00fcr bitte einfach eine EMail an [info@gemeinde-untermarchtal.de].<\/p>\n<p>b) Berichtigungsrecht Art. 16 DSGVO<br \/>\nSie haben das Recht, dass Sie betreffende unrichtige personenbezogene Daten unverz\u00fcglich berichtigt werden (Recht auf Berichtigung).<br \/>\nSenden Sie hierf\u00fcr bitte einfach eine EMail an [info@gemeinde-untermarchtal.de].<\/p>\n<p>c)Recht auf L\u00f6schung Art. 17 DSGVO<br \/>\nSie haben das Recht, dass Sie betreffende personenbezogene Daten unverz\u00fcglich gel\u00f6scht werden (Recht auf L\u00f6schung).<br \/>\nSenden Sie hierf\u00fcr bitte einfach eine EMail an [info@gemeinde-untermarchtal.de].<br \/>\nRecht auf Einschr\u00e4nkung Art. 18 DSGVO<\/p>\n<p>d) Sie haben das Recht, dass die Verarbeitung der Sie betreffenden personenbezogenen Daten eingeschr\u00e4nkt wird (Recht auf Einschr\u00e4nken der Verarbeitung).<br \/>\nSenden Sie hierf\u00fcr bitte einfach eine EMail an [info@gemeinde-untermarchtal.de].<\/p>\n<p>e) Recht auf \u00dcbertragbarkeit Art. 20 DSGVO<br \/>\nSie haben das Recht, Sie betreffende personenbezogene Daten, die Sie uns bereitgestellt haben, in einem strukturierten, g\u00e4ngigen und maschinenlesbaren Format zu erhalten und diese Daten einem anderen Verantwortlichen zu \u00fcbermitteln.<br \/>\nSenden Sie hierf\u00fcr bitte einfach eine EMail an [info@gemeinde-untermarchtal.de].<\/p>\n<p>f) Widerruf der Einwilligung Art. 7 Abs.3 DSGVO<br \/>\nSie haben das Recht, Ihre Einwilligung jederzeit zu widerrufen. Durch den Widerruf der Einwilligung wird die Rechtm\u00e4\u00dfigkeit der aufgrund der Einwilligung bis zum Widerruf er- folgten Verarbeitung nicht ber\u00fchrt.<br \/>\nSenden Sie hierf\u00fcr bitte einfach eine eMail an [info@gemeinde-untermarchtal.de].<\/p>\n<p>g) Widerspruchsrecht Art. 21 DSGVO<br \/>\nIst die Verarbeitung Sie betreffender personenbezogenen Daten f\u00fcr die Wahrnehmung ei- ner Aufgabe, die im \u00f6ffentlichen Interesse liegt (Art. 6 Abs. 1 lit. e) DSGVO) oder zur Wahrung unserer berechtigten Interessen (Art. 6 Abs. 1 lit. f) DSGVO) erforderlich, steht Ihnen ein Widerspruchsrecht zu.<br \/>\nSenden Sie hierf\u00fcr bitte einfach eine EMail an [info@gemeinde-untermarchtal.de].<\/p>\n<p>h) Beschwerderecht Art. 77 DSGVO<br \/>\nSind Sie der Ansicht, dass die Verarbeitung der Sie betreffenden personenbezogenen Daten gegen die DSGVO verst\u00f6\u00dft, haben Sie unbeschadet anderweitiger Rechtsbehelfe das Recht auf Beschwerde bei einer Aufsichtsbeh\u00f6rde W\u00fcrttemberg:<\/p>\n<h4>Datenschutzbeauftragte Verwaltung Gemeinde Untermarchtal:<\/h4>\n<ul>\n<li>Ann-Kathrin Radtke<\/li>\n<li>Hausanschrift: K\u00f6nigstr. 10a<\/li>\n<li>D-70173 Stuttgart<\/li>\n<li>Postanschrift: Postfach 10 29 32, 70025 Stuttgart<\/li>\n<li>Telefon: +49 (0) 6266 274 99 52<\/li>\n<li>EMail: <a href=\"mailto:vg-munderkingen@ds-kommune.de\">vg-munderkingen@ds-kommune.de<\/a><\/li>\n<\/ul>\n<h4>9. Kontaktdaten des Datenschutzbeauftragter:<\/h4>\n<p>Den beh\u00f6rdlichen Datenschutzbeauftragten der Gemeinde Untermarchtal erreichen Sie unter: Email: <a href=\"mailto:vg-munderkingen@ds-kommune.de\">vg-munderkingen@ds-kommune.de<\/a>, Telefonnummer: 49 (0) 6266 274 99 52<\/p>\n<h4>10. Sicherheit:<\/h4>\n<p>F\u00fcr die Sicherheit Ihrer Daten verwenden wir modernste Internettechnologien. W\u00e4hrend des Onlineanfrageprozesses sind Ihre Angaben mit einer SSL-Verschl\u00fcsselung gesichert. F\u00fcr eine sichere Speicherung Ihrer Daten werden unsere Systeme durch Firewalls gesch\u00fctzt, die unberechtigte Zugriffe von au\u00dfen verhindern.<\/p>\n<p>OV-Zertifikat: Dieses Zertifikat best\u00e4tigt nicht nur den Inhaber der Domain, sondern auch die Identit\u00e4t dessen, der hinter der Seite steht. Gegen\u00fcber dem DV-Zertifikat bietet das OV-Zertifikat einen h\u00f6heren Schutz.<\/p>\n<h4>11. Unser Datenschutzbeauftragter:<\/h4>\n<p>Unseren Datenschutzbeauftragten erreichen Sie unter <a href=\"mailto:vg-munderkingen@ds-kommune.de\">vg-munderkingen@ds-kommune.de<\/a><\/p>\n\n\n<h3 class=\"wp-block-heading\">Erkl\u00e4rungen zum Datenschutz je Fachbereich<\/h3>\n\n\n\n<p>Hier finden Sie die aktuell geltenden Datenschutzerkl\u00e4rungen f\u00fcr die jeweiligen Fachbereich:<\/p>\n\n\n\n<ul class=\"wp-block-list\">\n<li><a href=\"https:\/\/www.gemeinde-untermarchtal.de\/index.php\/datenschutz\/datenschutzerklaerung-des-einwohnermeldewesens\/\">Datenschutzerkl\u00e4rung des Einwohnermeldewesens<\/a><\/li>\n<\/ul>\n","protected":false},"excerpt":{"rendered":"<p>Wir, die [Gemeinde Untermarchtal, Bahnhofstra\u00dfe 4, 89617 Untermarchtal] (im Folgenden \u201cwir\/unser(e)\"), nehmen den Schutz Ihrer pers\u00f6nlichen Daten sehr ernst und halten uns streng an alle geltenden Gesetze und Vorschriften zum Datenschutz, insbesondere an die Datenschutzgrundverordnung, (DSGVO), das Bundesdatenschutzgesetz (BDSG) und das Telemediengesetz (TMG). Die folgenden Erl\u00e4uterungen geben Ihnen einen \u00dcberblick dar\u00fcber, wie wir diesen Schutz [&hellip;]<\/p>\n","protected":false},"author":1,"featured_media":0,"parent":0,"menu_order":0,"comment_status":"closed","ping_status":"closed","template":"page-templates\/standard_seite.php","meta":{"_acf_changed":false,"footnotes":""},"class_list":["post-32","page","type-page","status-publish","hentry"],"acf":[],"yoast_head":"<!-- This site is optimized with the Yoast SEO plugin v26.7 - https:\/\/yoast.com\/wordpress\/plugins\/seo\/ -->\n<title>Datenschutz - Gemeinde Untermarchtal<\/title>\n<meta name=\"robots\" content=\"index, follow, max-snippet:-1, max-image-preview:large, max-video-preview:-1\" \/>\n<link rel=\"canonical\" href=\"https:\/\/www.gemeinde-untermarchtal.de\/index.php\/datenschutz\/\" \/>\n<meta property=\"og:locale\" content=\"de_DE\" \/>\n<meta property=\"og:type\" content=\"article\" \/>\n<meta property=\"og:title\" content=\"Datenschutz - Gemeinde Untermarchtal\" \/>\n<meta property=\"og:description\" content=\"Wir, die [Gemeinde Untermarchtal, Bahnhofstra\u00dfe 4, 89617 Untermarchtal] (im Folgenden \u201cwir\/unser(e)&quot;), nehmen den Schutz Ihrer pers\u00f6nlichen Daten sehr ernst und halten uns streng an alle geltenden Gesetze und Vorschriften zum Datenschutz, insbesondere an die Datenschutzgrundverordnung, (DSGVO), das Bundesdatenschutzgesetz (BDSG) und das Telemediengesetz (TMG). Die folgenden Erl\u00e4uterungen geben Ihnen einen \u00dcberblick dar\u00fcber, wie wir diesen Schutz [&hellip;]\" \/>\n<meta property=\"og:url\" content=\"https:\/\/www.gemeinde-untermarchtal.de\/index.php\/datenschutz\/\" \/>\n<meta property=\"og:site_name\" content=\"Gemeinde Untermarchtal\" \/>\n<meta property=\"article:modified_time\" content=\"2025-12-18T12:52:41+00:00\" \/>\n<meta name=\"twitter:card\" content=\"summary_large_image\" \/>\n<meta name=\"twitter:label1\" content=\"Gesch\u00e4tzte Lesezeit\" \/>\n\t<meta name=\"twitter:data1\" content=\"8\u00a0Minuten\" \/>\n<script type=\"application\/ld+json\" class=\"yoast-schema-graph\">{\"@context\":\"https:\/\/schema.org\",\"@graph\":[{\"@type\":\"WebPage\",\"@id\":\"https:\/\/www.gemeinde-untermarchtal.de\/index.php\/datenschutz\/\",\"url\":\"https:\/\/www.gemeinde-untermarchtal.de\/index.php\/datenschutz\/\",\"name\":\"Datenschutz - Gemeinde Untermarchtal\",\"isPartOf\":{\"@id\":\"https:\/\/www.gemeinde-untermarchtal.de\/#website\"},\"datePublished\":\"2016-08-30T18:33:31+00:00\",\"dateModified\":\"2025-12-18T12:52:41+00:00\",\"breadcrumb\":{\"@id\":\"https:\/\/www.gemeinde-untermarchtal.de\/index.php\/datenschutz\/#breadcrumb\"},\"inLanguage\":\"de\",\"potentialAction\":[{\"@type\":\"ReadAction\",\"target\":[\"https:\/\/www.gemeinde-untermarchtal.de\/index.php\/datenschutz\/\"]}]},{\"@type\":\"BreadcrumbList\",\"@id\":\"https:\/\/www.gemeinde-untermarchtal.de\/index.php\/datenschutz\/#breadcrumb\",\"itemListElement\":[{\"@type\":\"ListItem\",\"position\":1,\"name\":\"Startseite\",\"item\":\"https:\/\/www.gemeinde-untermarchtal.de\/\"},{\"@type\":\"ListItem\",\"position\":2,\"name\":\"Datenschutz\"}]},{\"@type\":\"WebSite\",\"@id\":\"https:\/\/www.gemeinde-untermarchtal.de\/#website\",\"url\":\"https:\/\/www.gemeinde-untermarchtal.de\/\",\"name\":\"Gemeinde Untermarchtal\",\"description\":\"Gemeinde Untermarchtal\",\"potentialAction\":[{\"@type\":\"SearchAction\",\"target\":{\"@type\":\"EntryPoint\",\"urlTemplate\":\"https:\/\/www.gemeinde-untermarchtal.de\/?s={search_term_string}\"},\"query-input\":{\"@type\":\"PropertyValueSpecification\",\"valueRequired\":true,\"valueName\":\"search_term_string\"}}],\"inLanguage\":\"de\"}]}<\/script>\n<!-- \/ Yoast SEO plugin. -->","yoast_head_json":{"title":"Datenschutz - Gemeinde Untermarchtal","robots":{"index":"index","follow":"follow","max-snippet":"max-snippet:-1","max-image-preview":"max-image-preview:large","max-video-preview":"max-video-preview:-1"},"canonical":"https:\/\/www.gemeinde-untermarchtal.de\/index.php\/datenschutz\/","og_locale":"de_DE","og_type":"article","og_title":"Datenschutz - Gemeinde Untermarchtal","og_description":"Wir, die [Gemeinde Untermarchtal, Bahnhofstra\u00dfe 4, 89617 Untermarchtal] (im Folgenden \u201cwir\/unser(e)\"), nehmen den Schutz Ihrer pers\u00f6nlichen Daten sehr ernst und halten uns streng an alle geltenden Gesetze und Vorschriften zum Datenschutz, insbesondere an die Datenschutzgrundverordnung, (DSGVO), das Bundesdatenschutzgesetz (BDSG) und das Telemediengesetz (TMG). Die folgenden Erl\u00e4uterungen geben Ihnen einen \u00dcberblick dar\u00fcber, wie wir diesen Schutz [&hellip;]","og_url":"https:\/\/www.gemeinde-untermarchtal.de\/index.php\/datenschutz\/","og_site_name":"Gemeinde Untermarchtal","article_modified_time":"2025-12-18T12:52:41+00:00","twitter_card":"summary_large_image","twitter_misc":{"Gesch\u00e4tzte Lesezeit":"8\u00a0Minuten"},"schema":{"@context":"https:\/\/schema.org","@graph":[{"@type":"WebPage","@id":"https:\/\/www.gemeinde-untermarchtal.de\/index.php\/datenschutz\/","url":"https:\/\/www.gemeinde-untermarchtal.de\/index.php\/datenschutz\/","name":"Datenschutz - Gemeinde Untermarchtal","isPartOf":{"@id":"https:\/\/www.gemeinde-untermarchtal.de\/#website"},"datePublished":"2016-08-30T18:33:31+00:00","dateModified":"2025-12-18T12:52:41+00:00","breadcrumb":{"@id":"https:\/\/www.gemeinde-untermarchtal.de\/index.php\/datenschutz\/#breadcrumb"},"inLanguage":"de","potentialAction":[{"@type":"ReadAction","target":["https:\/\/www.gemeinde-untermarchtal.de\/index.php\/datenschutz\/"]}]},{"@type":"BreadcrumbList","@id":"https:\/\/www.gemeinde-untermarchtal.de\/index.php\/datenschutz\/#breadcrumb","itemListElement":[{"@type":"ListItem","position":1,"name":"Startseite","item":"https:\/\/www.gemeinde-untermarchtal.de\/"},{"@type":"ListItem","position":2,"name":"Datenschutz"}]},{"@type":"WebSite","@id":"https:\/\/www.gemeinde-untermarchtal.de\/#website","url":"https:\/\/www.gemeinde-untermarchtal.de\/","name":"Gemeinde Untermarchtal","description":"Gemeinde Untermarchtal","potentialAction":[{"@type":"SearchAction","target":{"@type":"EntryPoint","urlTemplate":"https:\/\/www.gemeinde-untermarchtal.de\/?s={search_term_string}"},"query-input":{"@type":"PropertyValueSpecification","valueRequired":true,"valueName":"search_term_string"}}],"inLanguage":"de"}]}},"_links":{"self":[{"href":"https:\/\/www.gemeinde-untermarchtal.de\/index.php\/wp-json\/wp\/v2\/pages\/32","targetHints":{"allow":["GET"]}}],"collection":[{"href":"https:\/\/www.gemeinde-untermarchtal.de\/index.php\/wp-json\/wp\/v2\/pages"}],"about":[{"href":"https:\/\/www.gemeinde-untermarchtal.de\/index.php\/wp-json\/wp\/v2\/types\/page"}],"author":[{"embeddable":true,"href":"https:\/\/www.gemeinde-untermarchtal.de\/index.php\/wp-json\/wp\/v2\/users\/1"}],"replies":[{"embeddable":true,"href":"https:\/\/www.gemeinde-untermarchtal.de\/index.php\/wp-json\/wp\/v2\/comments?post=32"}],"version-history":[{"count":26,"href":"https:\/\/www.gemeinde-untermarchtal.de\/index.php\/wp-json\/wp\/v2\/pages\/32\/revisions"}],"predecessor-version":[{"id":5356,"href":"https:\/\/www.gemeinde-untermarchtal.de\/index.php\/wp-json\/wp\/v2\/pages\/32\/revisions\/5356"}],"wp:attachment":[{"href":"https:\/\/www.gemeinde-untermarchtal.de\/index.php\/wp-json\/wp\/v2\/media?parent=32"}],"curies":[{"name":"wp","href":"https:\/\/api.w.org\/{rel}","templated":true}]}}