{"id":332,"date":"2016-09-03T12:07:22","date_gmt":"2016-09-03T10:07:22","guid":{"rendered":"http:\/\/dev.gemeinde-untermarchtal.de\/?page_id=332"},"modified":"2023-12-29T17:52:18","modified_gmt":"2023-12-29T16:52:18","slug":"infozentrum","status":"publish","type":"page","link":"https:\/\/www.gemeinde-untermarchtal.de\/index.php\/infozentrum\/","title":{"rendered":"Infozentrum"},"content":{"rendered":"Nachdem der Haltepunkt der Bahnstrecke Ulm-Sigmaringen in Untermarchtal wegfiel, konnte die Gemeinde den ehemaligen Bahnhof erwerben. Das Geb\u00e4ude wurde in den Jahren 1998 &ndash; 2000 grundlegend saniert und dient heute als touristische Informationseinrichtung der Region Munderkingen.\n\nHier erhalten Sie Ausk\u00fcnfte \u00fcber die Sehensw\u00fcrdigkeiten unserer sch\u00f6nen Gegend &ndash; Kulturhistorische Bauten, Museen, Wanderm\u00f6glichkeiten, Fahrradtouren, Naturerlebnisse und vieles mehr. Auch gastronomische Angebote vermitteln wir gerne an Sie weiter.","protected":false},"excerpt":{"rendered":"<p>Nachdem der Haltepunkt der Bahnstrecke Ulm-Sigmaringen in Untermarchtal wegfiel, konnte die Gemeinde den ehemaligen Bahnhof erwerben. Das Geb\u00e4ude wurde in den Jahren 1998 &ndash; 2000 grundlegend saniert und dient heute als touristische Informationseinrichtung der Region Munderkingen. Hier erhalten Sie Ausk\u00fcnfte \u00fcber die Sehensw\u00fcrdigkeiten unserer sch\u00f6nen Gegend &ndash; Kulturhistorische Bauten, Museen, Wanderm\u00f6glichkeiten, Fahrradtouren, Naturerlebnisse und vieles [&hellip;]<\/p>\n","protected":false},"author":1,"featured_media":0,"parent":0,"menu_order":0,"comment_status":"closed","ping_status":"closed","template":"page-templates\/infozentrum.php","meta":{"_acf_changed":false,"footnotes":""},"class_list":["post-332","page","type-page","status-publish","hentry"],"acf":[],"yoast_head":"<!-- This site is optimized with the Yoast SEO plugin v26.7 - https:\/\/yoast.com\/wordpress\/plugins\/seo\/ -->\n<title>Infozentrum - Gemeinde Untermarchtal<\/title>\n<meta name=\"robots\" content=\"index, follow, max-snippet:-1, max-image-preview:large, max-video-preview:-1\" \/>\n<link rel=\"canonical\" href=\"https:\/\/www.gemeinde-untermarchtal.de\/index.php\/infozentrum\/\" \/>\n<meta property=\"og:locale\" content=\"de_DE\" \/>\n<meta property=\"og:type\" content=\"article\" \/>\n<meta property=\"og:title\" content=\"Infozentrum - Gemeinde Untermarchtal\" \/>\n<meta property=\"og:description\" content=\"Nachdem der Haltepunkt der Bahnstrecke Ulm-Sigmaringen in Untermarchtal wegfiel, konnte die Gemeinde den ehemaligen Bahnhof erwerben. Das Geb\u00e4ude wurde in den Jahren 1998 &ndash; 2000 grundlegend saniert und dient heute als touristische Informationseinrichtung der Region Munderkingen. Hier erhalten Sie Ausk\u00fcnfte \u00fcber die Sehensw\u00fcrdigkeiten unserer sch\u00f6nen Gegend &ndash; Kulturhistorische Bauten, Museen, Wanderm\u00f6glichkeiten, Fahrradtouren, Naturerlebnisse und vieles [&hellip;]\" \/>\n<meta property=\"og:url\" content=\"https:\/\/www.gemeinde-untermarchtal.de\/index.php\/infozentrum\/\" \/>\n<meta property=\"og:site_name\" content=\"Gemeinde Untermarchtal\" \/>\n<meta property=\"article:modified_time\" content=\"2023-12-29T16:52:18+00:00\" \/>\n<meta name=\"twitter:card\" content=\"summary_large_image\" \/>\n<script type=\"application\/ld+json\" class=\"yoast-schema-graph\">{\"@context\":\"https:\/\/schema.org\",\"@graph\":[{\"@type\":\"WebPage\",\"@id\":\"https:\/\/www.gemeinde-untermarchtal.de\/index.php\/infozentrum\/\",\"url\":\"https:\/\/www.gemeinde-untermarchtal.de\/index.php\/infozentrum\/\",\"name\":\"Infozentrum - Gemeinde Untermarchtal\",\"isPartOf\":{\"@id\":\"https:\/\/www.gemeinde-untermarchtal.de\/#website\"},\"datePublished\":\"2016-09-03T10:07:22+00:00\",\"dateModified\":\"2023-12-29T16:52:18+00:00\",\"breadcrumb\":{\"@id\":\"https:\/\/www.gemeinde-untermarchtal.de\/index.php\/infozentrum\/#breadcrumb\"},\"inLanguage\":\"de\",\"potentialAction\":[{\"@type\":\"ReadAction\",\"target\":[\"https:\/\/www.gemeinde-untermarchtal.de\/index.php\/infozentrum\/\"]}]},{\"@type\":\"BreadcrumbList\",\"@id\":\"https:\/\/www.gemeinde-untermarchtal.de\/index.php\/infozentrum\/#breadcrumb\",\"itemListElement\":[{\"@type\":\"ListItem\",\"position\":1,\"name\":\"Startseite\",\"item\":\"https:\/\/www.gemeinde-untermarchtal.de\/\"},{\"@type\":\"ListItem\",\"position\":2,\"name\":\"Infozentrum\"}]},{\"@type\":\"WebSite\",\"@id\":\"https:\/\/www.gemeinde-untermarchtal.de\/#website\",\"url\":\"https:\/\/www.gemeinde-untermarchtal.de\/\",\"name\":\"Gemeinde Untermarchtal\",\"description\":\"Gemeinde Untermarchtal\",\"potentialAction\":[{\"@type\":\"SearchAction\",\"target\":{\"@type\":\"EntryPoint\",\"urlTemplate\":\"https:\/\/www.gemeinde-untermarchtal.de\/?s={search_term_string}\"},\"query-input\":{\"@type\":\"PropertyValueSpecification\",\"valueRequired\":true,\"valueName\":\"search_term_string\"}}],\"inLanguage\":\"de\"}]}<\/script>\n<!-- \/ Yoast SEO plugin. -->","yoast_head_json":{"title":"Infozentrum - Gemeinde Untermarchtal","robots":{"index":"index","follow":"follow","max-snippet":"max-snippet:-1","max-image-preview":"max-image-preview:large","max-video-preview":"max-video-preview:-1"},"canonical":"https:\/\/www.gemeinde-untermarchtal.de\/index.php\/infozentrum\/","og_locale":"de_DE","og_type":"article","og_title":"Infozentrum - Gemeinde Untermarchtal","og_description":"Nachdem der Haltepunkt der Bahnstrecke Ulm-Sigmaringen in Untermarchtal wegfiel, konnte die Gemeinde den ehemaligen Bahnhof erwerben. Das Geb\u00e4ude wurde in den Jahren 1998 &ndash; 2000 grundlegend saniert und dient heute als touristische Informationseinrichtung der Region Munderkingen. Hier erhalten Sie Ausk\u00fcnfte \u00fcber die Sehensw\u00fcrdigkeiten unserer sch\u00f6nen Gegend &ndash; Kulturhistorische Bauten, Museen, Wanderm\u00f6glichkeiten, Fahrradtouren, Naturerlebnisse und vieles [&hellip;]","og_url":"https:\/\/www.gemeinde-untermarchtal.de\/index.php\/infozentrum\/","og_site_name":"Gemeinde Untermarchtal","article_modified_time":"2023-12-29T16:52:18+00:00","twitter_card":"summary_large_image","schema":{"@context":"https:\/\/schema.org","@graph":[{"@type":"WebPage","@id":"https:\/\/www.gemeinde-untermarchtal.de\/index.php\/infozentrum\/","url":"https:\/\/www.gemeinde-untermarchtal.de\/index.php\/infozentrum\/","name":"Infozentrum - Gemeinde Untermarchtal","isPartOf":{"@id":"https:\/\/www.gemeinde-untermarchtal.de\/#website"},"datePublished":"2016-09-03T10:07:22+00:00","dateModified":"2023-12-29T16:52:18+00:00","breadcrumb":{"@id":"https:\/\/www.gemeinde-untermarchtal.de\/index.php\/infozentrum\/#breadcrumb"},"inLanguage":"de","potentialAction":[{"@type":"ReadAction","target":["https:\/\/www.gemeinde-untermarchtal.de\/index.php\/infozentrum\/"]}]},{"@type":"BreadcrumbList","@id":"https:\/\/www.gemeinde-untermarchtal.de\/index.php\/infozentrum\/#breadcrumb","itemListElement":[{"@type":"ListItem","position":1,"name":"Startseite","item":"https:\/\/www.gemeinde-untermarchtal.de\/"},{"@type":"ListItem","position":2,"name":"Infozentrum"}]},{"@type":"WebSite","@id":"https:\/\/www.gemeinde-untermarchtal.de\/#website","url":"https:\/\/www.gemeinde-untermarchtal.de\/","name":"Gemeinde Untermarchtal","description":"Gemeinde Untermarchtal","potentialAction":[{"@type":"SearchAction","target":{"@type":"EntryPoint","urlTemplate":"https:\/\/www.gemeinde-untermarchtal.de\/?s={search_term_string}"},"query-input":{"@type":"PropertyValueSpecification","valueRequired":true,"valueName":"search_term_string"}}],"inLanguage":"de"}]}},"_links":{"self":[{"href":"https:\/\/www.gemeinde-untermarchtal.de\/index.php\/wp-json\/wp\/v2\/pages\/332","targetHints":{"allow":["GET"]}}],"collection":[{"href":"https:\/\/www.gemeinde-untermarchtal.de\/index.php\/wp-json\/wp\/v2\/pages"}],"about":[{"href":"https:\/\/www.gemeinde-untermarchtal.de\/index.php\/wp-json\/wp\/v2\/types\/page"}],"author":[{"embeddable":true,"href":"https:\/\/www.gemeinde-untermarchtal.de\/index.php\/wp-json\/wp\/v2\/users\/1"}],"replies":[{"embeddable":true,"href":"https:\/\/www.gemeinde-untermarchtal.de\/index.php\/wp-json\/wp\/v2\/comments?post=332"}],"version-history":[{"count":8,"href":"https:\/\/www.gemeinde-untermarchtal.de\/index.php\/wp-json\/wp\/v2\/pages\/332\/revisions"}],"predecessor-version":[{"id":4674,"href":"https:\/\/www.gemeinde-untermarchtal.de\/index.php\/wp-json\/wp\/v2\/pages\/332\/revisions\/4674"}],"wp:attachment":[{"href":"https:\/\/www.gemeinde-untermarchtal.de\/index.php\/wp-json\/wp\/v2\/media?parent=332"}],"curies":[{"name":"wp","href":"https:\/\/api.w.org\/{rel}","templated":true}]}}