{"id":342,"date":"2016-09-03T12:52:15","date_gmt":"2016-09-03T10:52:15","guid":{"rendered":"http:\/\/dev.gemeinde-untermarchtal.de\/?page_id=342"},"modified":"2023-12-29T18:00:38","modified_gmt":"2023-12-29T17:00:38","slug":"untermarchtal-zwischen-gestern-und-morgen","status":"publish","type":"page","link":"https:\/\/www.gemeinde-untermarchtal.de\/index.php\/untermarchtal-zwischen-gestern-und-morgen\/","title":{"rendered":"Untermarchtal \u2013  zwischen Gestern und Morgen"},"content":{"rendered":"Die angeblich \u00e4lteste Nennung Untermarchtals (776 n. Chr.) ist umstritten. Man vermutet, da\u00df zun\u00e4chst keine Trennung von Ober- und Untermarchtal bestanden hat. Doch wird sehr fr\u00fch zwischen Kloster Marchtal und Dorf Marchtal unterschieden, was gleichgesetzt wurde mit Obermarchtal und Untermarchtal. Die erste sichere Nennung von Untermarchtal findet sich zum Jahre 1267 in der Form Marthal. Der damalige Besitzer, der Hochfreie Albrecht von Steu\u00dflingen nennt dabei Untermarchtal \u201emin dorf zue Marhtal\u201c und bezeichnet Obermarchtal als \u201eCloster Marthal\u201c. Erst 1299 erscheint zum ersten Mal in Urkunden die Form \u201eNidren Martel\u201c. Die Bedeutung des Namens wird als \u201emarh\u201c = M\u00e4hre, Pferd oder \u201emarca\u201c = Grenze, also Pferde- oder Grenztal angesehen. Beide Deutungen lassen sich gut nachvollziehen.\n\nDie Geschichte des Ortes ist die ihrer Adelsgeschlechter. Zuerst war die Gegend von Kelten, dann von den Alemannen und Schwaben besetzt. Die Herren v. Steu\u00dflingen wurden von denen v. Stein abgel\u00f6st, bis diese 1442 an Dietrich v. Speth (halb vom Haus \u00d6sterreich, halb von der Herrschaft Teck-W\u00fcrttemberg) \u2013 verkauften. 1604 erhalten diese Ritter den Blutbann mit Stock und Galgen. Als die Linie \u201eSpeth Untermarchtal\u201c ausstarb, kam der Besitz an die Zwiefalter Erben. Oberst Freiherr Friedrich v. Speth starb ohne m\u00e4nnliche Nachkommen 1850 und wurde in der Familiengruft in der Pfarrkirche als letzter seiner Linie beigesetzt. W\u00fcrttembergs Herrscher, Herzog Ulrich, gab dem Ort einen Denkzettel, der zu den wichtigsten Ereignissen z\u00e4hlt. Als der Ritter Dietrich v. Speth, den Grafen Froben, Zimmern zu den teuersten deutschen Helden z\u00e4hlt (Zimmerische Chronik). Wegen Liebesh\u00e4ndel t\u00f6tete der j\u00e4hzornige Herzog Ulrich seinen Stallmeister Hans von Hutten. Dietrich v. Speth floh mit der Herzogin ins Untermarchaler Schlo\u00df und dann weiter nach Bayern. Der rasende Herzog z\u00fcndete deshalb auf seiner Verfolgung Zwiefaltendorf und Untermarchtal an, so da\u00df man rings auf den Burgern den gro\u00dfen Brand sah. Dieser Dorfbrand 1517 war ein grimmiger Dankzettel des Herrscherhauses! Dabei wurden auch das Doppelschlo\u00df, am Platz des heutigen Schlosses und die Steu\u00dflinger Burg auf dem Denkertfelsen einge\u00e4schert.\n\nBis 1830 war Untermarchtal nach Neuburg eingepfarrt, danach stifteten die v. Speth eine Pfarrkirche, nachdem vorher nur eine Schlo\u00dfkaplanei bestanden hatte. Nach dem Aussterben der Freiherren v. Speth kam das Rittergut durch verschiedene H\u00e4nde in den Besitz der Barmherzigen Schwestern in Gm\u00fcnd (1887), die es im Laufe der Zeit als Mutterhaus ausbauten. Seither ist ein hilf- und segensreicher Strom in die w\u00fcrttembergischen Lande von den Vinzentinerinnen ausgegangen. Zahlreiche Anstalten in Untermarchtal k\u00fcnden von der tatkr\u00e4ftigen Caritas des Klosters. Haushaltsschule, Exerzietienheim, Erziehungsheim, Altersheim und Krankenhaus. Damit hat das Kloster in Fortsetzung an die fr\u00fchere ritterschaftliche Bedeutung der Gemeinde gro\u00dfes Ansehen \u00fcber seinen lokalen Bereich hinaus verliehen. Es ist kennzeichnend f\u00fcr den Ort, wie f\u00fcr die meisten alten Siedlungen der oberen Donau, da\u00df seine Bev\u00f6lkerungszahl sehr konstant geblieben ist. Erst um die Jahrhundertwende 1900 wuchs mit dem Mutterhaus auch die Einwohnerzahl, die in den 60iger Jahren des vergangenen Jahrhunderts 1150 betrug. Zahlreiche Vertriebene fanden durch die Kriegswirren hier eine neue Heimat. Ohne Industrie, aber mit einem bodenst\u00e4ndigen Gewerbe und einer stark parzellierten Landwirtschaft, bietet die Gemeinde gro\u00dfe M\u00f6glichkeit f\u00fcr den Fremdenverkehr.","protected":false},"excerpt":{"rendered":"<p>Die angeblich \u00e4lteste Nennung Untermarchtals (776 n. Chr.) ist umstritten. Man vermutet, da\u00df zun\u00e4chst keine Trennung von Ober- und Untermarchtal bestanden hat. Doch wird sehr fr\u00fch zwischen Kloster Marchtal und Dorf Marchtal unterschieden, was gleichgesetzt wurde mit Obermarchtal und Untermarchtal. Die erste sichere Nennung von Untermarchtal findet sich zum Jahre 1267 in der Form Marthal. [&hellip;]<\/p>\n","protected":false},"author":1,"featured_media":0,"parent":0,"menu_order":0,"comment_status":"closed","ping_status":"closed","template":"page-templates\/untermarchtal_zwischen_gestern_und_morgen.php","meta":{"_acf_changed":false,"footnotes":""},"class_list":["post-342","page","type-page","status-publish","hentry"],"acf":[],"yoast_head":"<!-- This site is optimized with the Yoast SEO plugin v26.7 - https:\/\/yoast.com\/wordpress\/plugins\/seo\/ -->\n<title>Untermarchtal \u2013 zwischen Gestern und Morgen - Gemeinde Untermarchtal<\/title>\n<meta name=\"robots\" content=\"index, follow, max-snippet:-1, max-image-preview:large, max-video-preview:-1\" \/>\n<link rel=\"canonical\" href=\"https:\/\/www.gemeinde-untermarchtal.de\/index.php\/untermarchtal-zwischen-gestern-und-morgen\/\" \/>\n<meta property=\"og:locale\" content=\"de_DE\" \/>\n<meta property=\"og:type\" content=\"article\" \/>\n<meta property=\"og:title\" content=\"Untermarchtal \u2013 zwischen Gestern und Morgen - Gemeinde Untermarchtal\" \/>\n<meta property=\"og:description\" content=\"Die angeblich \u00e4lteste Nennung Untermarchtals (776 n. Chr.) ist umstritten. Man vermutet, da\u00df zun\u00e4chst keine Trennung von Ober- und Untermarchtal bestanden hat. Doch wird sehr fr\u00fch zwischen Kloster Marchtal und Dorf Marchtal unterschieden, was gleichgesetzt wurde mit Obermarchtal und Untermarchtal. Die erste sichere Nennung von Untermarchtal findet sich zum Jahre 1267 in der Form Marthal. [&hellip;]\" \/>\n<meta property=\"og:url\" content=\"https:\/\/www.gemeinde-untermarchtal.de\/index.php\/untermarchtal-zwischen-gestern-und-morgen\/\" \/>\n<meta property=\"og:site_name\" content=\"Gemeinde Untermarchtal\" \/>\n<meta property=\"article:modified_time\" content=\"2023-12-29T17:00:38+00:00\" \/>\n<meta property=\"og:image\" content=\"http:\/\/bilder.gemeinde-untermarchtal.de\/\/untermarchtal_1887.jpg\" \/>\n<meta name=\"twitter:card\" content=\"summary_large_image\" \/>\n<meta name=\"twitter:label1\" content=\"Gesch\u00e4tzte Lesezeit\" \/>\n\t<meta name=\"twitter:data1\" content=\"3\u00a0Minuten\" \/>\n<script type=\"application\/ld+json\" class=\"yoast-schema-graph\">{\"@context\":\"https:\/\/schema.org\",\"@graph\":[{\"@type\":\"WebPage\",\"@id\":\"https:\/\/www.gemeinde-untermarchtal.de\/index.php\/untermarchtal-zwischen-gestern-und-morgen\/\",\"url\":\"https:\/\/www.gemeinde-untermarchtal.de\/index.php\/untermarchtal-zwischen-gestern-und-morgen\/\",\"name\":\"Untermarchtal \u2013 zwischen Gestern und Morgen - Gemeinde Untermarchtal\",\"isPartOf\":{\"@id\":\"https:\/\/www.gemeinde-untermarchtal.de\/#website\"},\"datePublished\":\"2016-09-03T10:52:15+00:00\",\"dateModified\":\"2023-12-29T17:00:38+00:00\",\"breadcrumb\":{\"@id\":\"https:\/\/www.gemeinde-untermarchtal.de\/index.php\/untermarchtal-zwischen-gestern-und-morgen\/#breadcrumb\"},\"inLanguage\":\"de\",\"potentialAction\":[{\"@type\":\"ReadAction\",\"target\":[\"https:\/\/www.gemeinde-untermarchtal.de\/index.php\/untermarchtal-zwischen-gestern-und-morgen\/\"]}]},{\"@type\":\"BreadcrumbList\",\"@id\":\"https:\/\/www.gemeinde-untermarchtal.de\/index.php\/untermarchtal-zwischen-gestern-und-morgen\/#breadcrumb\",\"itemListElement\":[{\"@type\":\"ListItem\",\"position\":1,\"name\":\"Startseite\",\"item\":\"https:\/\/www.gemeinde-untermarchtal.de\/\"},{\"@type\":\"ListItem\",\"position\":2,\"name\":\"Untermarchtal \u2013 zwischen Gestern und Morgen\"}]},{\"@type\":\"WebSite\",\"@id\":\"https:\/\/www.gemeinde-untermarchtal.de\/#website\",\"url\":\"https:\/\/www.gemeinde-untermarchtal.de\/\",\"name\":\"Gemeinde Untermarchtal\",\"description\":\"Gemeinde Untermarchtal\",\"potentialAction\":[{\"@type\":\"SearchAction\",\"target\":{\"@type\":\"EntryPoint\",\"urlTemplate\":\"https:\/\/www.gemeinde-untermarchtal.de\/?s={search_term_string}\"},\"query-input\":{\"@type\":\"PropertyValueSpecification\",\"valueRequired\":true,\"valueName\":\"search_term_string\"}}],\"inLanguage\":\"de\"}]}<\/script>\n<!-- \/ Yoast SEO plugin. -->","yoast_head_json":{"title":"Untermarchtal \u2013 zwischen Gestern und Morgen - Gemeinde Untermarchtal","robots":{"index":"index","follow":"follow","max-snippet":"max-snippet:-1","max-image-preview":"max-image-preview:large","max-video-preview":"max-video-preview:-1"},"canonical":"https:\/\/www.gemeinde-untermarchtal.de\/index.php\/untermarchtal-zwischen-gestern-und-morgen\/","og_locale":"de_DE","og_type":"article","og_title":"Untermarchtal \u2013 zwischen Gestern und Morgen - Gemeinde Untermarchtal","og_description":"Die angeblich \u00e4lteste Nennung Untermarchtals (776 n. Chr.) ist umstritten. Man vermutet, da\u00df zun\u00e4chst keine Trennung von Ober- und Untermarchtal bestanden hat. Doch wird sehr fr\u00fch zwischen Kloster Marchtal und Dorf Marchtal unterschieden, was gleichgesetzt wurde mit Obermarchtal und Untermarchtal. Die erste sichere Nennung von Untermarchtal findet sich zum Jahre 1267 in der Form Marthal. [&hellip;]","og_url":"https:\/\/www.gemeinde-untermarchtal.de\/index.php\/untermarchtal-zwischen-gestern-und-morgen\/","og_site_name":"Gemeinde Untermarchtal","article_modified_time":"2023-12-29T17:00:38+00:00","og_image":[{"url":"http:\/\/bilder.gemeinde-untermarchtal.de\/\/untermarchtal_1887.jpg","type":"","width":"","height":""}],"twitter_card":"summary_large_image","twitter_misc":{"Gesch\u00e4tzte Lesezeit":"3\u00a0Minuten"},"schema":{"@context":"https:\/\/schema.org","@graph":[{"@type":"WebPage","@id":"https:\/\/www.gemeinde-untermarchtal.de\/index.php\/untermarchtal-zwischen-gestern-und-morgen\/","url":"https:\/\/www.gemeinde-untermarchtal.de\/index.php\/untermarchtal-zwischen-gestern-und-morgen\/","name":"Untermarchtal \u2013 zwischen Gestern und Morgen - Gemeinde Untermarchtal","isPartOf":{"@id":"https:\/\/www.gemeinde-untermarchtal.de\/#website"},"datePublished":"2016-09-03T10:52:15+00:00","dateModified":"2023-12-29T17:00:38+00:00","breadcrumb":{"@id":"https:\/\/www.gemeinde-untermarchtal.de\/index.php\/untermarchtal-zwischen-gestern-und-morgen\/#breadcrumb"},"inLanguage":"de","potentialAction":[{"@type":"ReadAction","target":["https:\/\/www.gemeinde-untermarchtal.de\/index.php\/untermarchtal-zwischen-gestern-und-morgen\/"]}]},{"@type":"BreadcrumbList","@id":"https:\/\/www.gemeinde-untermarchtal.de\/index.php\/untermarchtal-zwischen-gestern-und-morgen\/#breadcrumb","itemListElement":[{"@type":"ListItem","position":1,"name":"Startseite","item":"https:\/\/www.gemeinde-untermarchtal.de\/"},{"@type":"ListItem","position":2,"name":"Untermarchtal \u2013 zwischen Gestern und Morgen"}]},{"@type":"WebSite","@id":"https:\/\/www.gemeinde-untermarchtal.de\/#website","url":"https:\/\/www.gemeinde-untermarchtal.de\/","name":"Gemeinde Untermarchtal","description":"Gemeinde Untermarchtal","potentialAction":[{"@type":"SearchAction","target":{"@type":"EntryPoint","urlTemplate":"https:\/\/www.gemeinde-untermarchtal.de\/?s={search_term_string}"},"query-input":{"@type":"PropertyValueSpecification","valueRequired":true,"valueName":"search_term_string"}}],"inLanguage":"de"}]}},"_links":{"self":[{"href":"https:\/\/www.gemeinde-untermarchtal.de\/index.php\/wp-json\/wp\/v2\/pages\/342","targetHints":{"allow":["GET"]}}],"collection":[{"href":"https:\/\/www.gemeinde-untermarchtal.de\/index.php\/wp-json\/wp\/v2\/pages"}],"about":[{"href":"https:\/\/www.gemeinde-untermarchtal.de\/index.php\/wp-json\/wp\/v2\/types\/page"}],"author":[{"embeddable":true,"href":"https:\/\/www.gemeinde-untermarchtal.de\/index.php\/wp-json\/wp\/v2\/users\/1"}],"replies":[{"embeddable":true,"href":"https:\/\/www.gemeinde-untermarchtal.de\/index.php\/wp-json\/wp\/v2\/comments?post=342"}],"version-history":[{"count":5,"href":"https:\/\/www.gemeinde-untermarchtal.de\/index.php\/wp-json\/wp\/v2\/pages\/342\/revisions"}],"predecessor-version":[{"id":4676,"href":"https:\/\/www.gemeinde-untermarchtal.de\/index.php\/wp-json\/wp\/v2\/pages\/342\/revisions\/4676"}],"wp:attachment":[{"href":"https:\/\/www.gemeinde-untermarchtal.de\/index.php\/wp-json\/wp\/v2\/media?parent=342"}],"curies":[{"name":"wp","href":"https:\/\/api.w.org\/{rel}","templated":true}]}}