{"id":345,"date":"2016-09-10T10:48:17","date_gmt":"2016-09-10T08:48:17","guid":{"rendered":"http:\/\/dev.gemeinde-untermarchtal.de\/?page_id=345"},"modified":"2025-12-17T21:11:16","modified_gmt":"2025-12-17T20:11:16","slug":"untermarchtal-lage","status":"publish","type":"page","link":"https:\/\/www.gemeinde-untermarchtal.de\/index.php\/untermarchtal-lage\/","title":{"rendered":"Untermarchtal &ndash; Lage"},"content":{"rendered":"<p>Untermarchtal liegt zu beiden Seiten der Donau auf einer Wei\u00dfjuraplatte am s\u00fcdlichen Fu\u00dfe der Schw\u00e4bischen Alb. Die Gemeinde grenzt im S\u00fcden und Westen an Obermarchtal, im Norden an Lauterach und im Osten an die Stadt Munderkingen. H\u00f6hen-Marke: 512,471m Untermarchtal liegt an der Donautalbahn von Donaueschingen nach Ulm. Am Haltepunkt Untermarchtal halten jedoch keine Z\u00fcge mehr.<\/p>\r\n","protected":false},"excerpt":{"rendered":"<p>Untermarchtal liegt zu beiden Seiten der Donau auf einer Wei\u00dfjuraplatte am s\u00fcdlichen Fu\u00dfe der Schw\u00e4bischen Alb. Die Gemeinde grenzt im S\u00fcden und Westen an Obermarchtal, im Norden an Lauterach und im Osten an die Stadt Munderkingen. H\u00f6hen-Marke: 512,471m Untermarchtal liegt an der Donautalbahn von Donaueschingen nach Ulm. Am Haltepunkt Untermarchtal halten jedoch keine Z\u00fcge mehr.<\/p>\n","protected":false},"author":1,"featured_media":0,"parent":0,"menu_order":0,"comment_status":"closed","ping_status":"closed","template":"page-templates\/template_untermarchtal_lage.php","meta":{"_acf_changed":false,"footnotes":""},"class_list":["post-345","page","type-page","status-publish","hentry"],"acf":[],"yoast_head":"<!-- This site is optimized with the Yoast SEO plugin v26.7 - https:\/\/yoast.com\/wordpress\/plugins\/seo\/ -->\n<title>Untermarchtal &ndash; Lage - Gemeinde Untermarchtal<\/title>\n<meta name=\"robots\" content=\"index, follow, max-snippet:-1, max-image-preview:large, max-video-preview:-1\" \/>\n<link rel=\"canonical\" href=\"https:\/\/www.gemeinde-untermarchtal.de\/index.php\/untermarchtal-lage\/\" \/>\n<meta property=\"og:locale\" content=\"de_DE\" \/>\n<meta property=\"og:type\" content=\"article\" \/>\n<meta property=\"og:title\" content=\"Untermarchtal &ndash; Lage - Gemeinde Untermarchtal\" \/>\n<meta property=\"og:description\" content=\"Untermarchtal liegt zu beiden Seiten der Donau auf einer Wei\u00dfjuraplatte am s\u00fcdlichen Fu\u00dfe der Schw\u00e4bischen Alb. Die Gemeinde grenzt im S\u00fcden und Westen an Obermarchtal, im Norden an Lauterach und im Osten an die Stadt Munderkingen. H\u00f6hen-Marke: 512,471m Untermarchtal liegt an der Donautalbahn von Donaueschingen nach Ulm. Am Haltepunkt Untermarchtal halten jedoch keine Z\u00fcge mehr.\" \/>\n<meta property=\"og:url\" content=\"https:\/\/www.gemeinde-untermarchtal.de\/index.php\/untermarchtal-lage\/\" \/>\n<meta property=\"og:site_name\" content=\"Gemeinde Untermarchtal\" \/>\n<meta property=\"article:modified_time\" content=\"2025-12-17T20:11:16+00:00\" \/>\n<meta name=\"twitter:card\" content=\"summary_large_image\" \/>\n<script type=\"application\/ld+json\" class=\"yoast-schema-graph\">{\"@context\":\"https:\/\/schema.org\",\"@graph\":[{\"@type\":\"WebPage\",\"@id\":\"https:\/\/www.gemeinde-untermarchtal.de\/index.php\/untermarchtal-lage\/\",\"url\":\"https:\/\/www.gemeinde-untermarchtal.de\/index.php\/untermarchtal-lage\/\",\"name\":\"Untermarchtal &ndash; Lage - Gemeinde Untermarchtal\",\"isPartOf\":{\"@id\":\"https:\/\/www.gemeinde-untermarchtal.de\/#website\"},\"datePublished\":\"2016-09-10T08:48:17+00:00\",\"dateModified\":\"2025-12-17T20:11:16+00:00\",\"breadcrumb\":{\"@id\":\"https:\/\/www.gemeinde-untermarchtal.de\/index.php\/untermarchtal-lage\/#breadcrumb\"},\"inLanguage\":\"de\",\"potentialAction\":[{\"@type\":\"ReadAction\",\"target\":[\"https:\/\/www.gemeinde-untermarchtal.de\/index.php\/untermarchtal-lage\/\"]}]},{\"@type\":\"BreadcrumbList\",\"@id\":\"https:\/\/www.gemeinde-untermarchtal.de\/index.php\/untermarchtal-lage\/#breadcrumb\",\"itemListElement\":[{\"@type\":\"ListItem\",\"position\":1,\"name\":\"Startseite\",\"item\":\"https:\/\/www.gemeinde-untermarchtal.de\/\"},{\"@type\":\"ListItem\",\"position\":2,\"name\":\"Untermarchtal &ndash; Lage\"}]},{\"@type\":\"WebSite\",\"@id\":\"https:\/\/www.gemeinde-untermarchtal.de\/#website\",\"url\":\"https:\/\/www.gemeinde-untermarchtal.de\/\",\"name\":\"Gemeinde Untermarchtal\",\"description\":\"Gemeinde Untermarchtal\",\"potentialAction\":[{\"@type\":\"SearchAction\",\"target\":{\"@type\":\"EntryPoint\",\"urlTemplate\":\"https:\/\/www.gemeinde-untermarchtal.de\/?s={search_term_string}\"},\"query-input\":{\"@type\":\"PropertyValueSpecification\",\"valueRequired\":true,\"valueName\":\"search_term_string\"}}],\"inLanguage\":\"de\"}]}<\/script>\n<!-- \/ Yoast SEO plugin. -->","yoast_head_json":{"title":"Untermarchtal &ndash; Lage - Gemeinde Untermarchtal","robots":{"index":"index","follow":"follow","max-snippet":"max-snippet:-1","max-image-preview":"max-image-preview:large","max-video-preview":"max-video-preview:-1"},"canonical":"https:\/\/www.gemeinde-untermarchtal.de\/index.php\/untermarchtal-lage\/","og_locale":"de_DE","og_type":"article","og_title":"Untermarchtal &ndash; Lage - Gemeinde Untermarchtal","og_description":"Untermarchtal liegt zu beiden Seiten der Donau auf einer Wei\u00dfjuraplatte am s\u00fcdlichen Fu\u00dfe der Schw\u00e4bischen Alb. Die Gemeinde grenzt im S\u00fcden und Westen an Obermarchtal, im Norden an Lauterach und im Osten an die Stadt Munderkingen. H\u00f6hen-Marke: 512,471m Untermarchtal liegt an der Donautalbahn von Donaueschingen nach Ulm. Am Haltepunkt Untermarchtal halten jedoch keine Z\u00fcge mehr.","og_url":"https:\/\/www.gemeinde-untermarchtal.de\/index.php\/untermarchtal-lage\/","og_site_name":"Gemeinde Untermarchtal","article_modified_time":"2025-12-17T20:11:16+00:00","twitter_card":"summary_large_image","schema":{"@context":"https:\/\/schema.org","@graph":[{"@type":"WebPage","@id":"https:\/\/www.gemeinde-untermarchtal.de\/index.php\/untermarchtal-lage\/","url":"https:\/\/www.gemeinde-untermarchtal.de\/index.php\/untermarchtal-lage\/","name":"Untermarchtal &ndash; Lage - Gemeinde Untermarchtal","isPartOf":{"@id":"https:\/\/www.gemeinde-untermarchtal.de\/#website"},"datePublished":"2016-09-10T08:48:17+00:00","dateModified":"2025-12-17T20:11:16+00:00","breadcrumb":{"@id":"https:\/\/www.gemeinde-untermarchtal.de\/index.php\/untermarchtal-lage\/#breadcrumb"},"inLanguage":"de","potentialAction":[{"@type":"ReadAction","target":["https:\/\/www.gemeinde-untermarchtal.de\/index.php\/untermarchtal-lage\/"]}]},{"@type":"BreadcrumbList","@id":"https:\/\/www.gemeinde-untermarchtal.de\/index.php\/untermarchtal-lage\/#breadcrumb","itemListElement":[{"@type":"ListItem","position":1,"name":"Startseite","item":"https:\/\/www.gemeinde-untermarchtal.de\/"},{"@type":"ListItem","position":2,"name":"Untermarchtal &ndash; Lage"}]},{"@type":"WebSite","@id":"https:\/\/www.gemeinde-untermarchtal.de\/#website","url":"https:\/\/www.gemeinde-untermarchtal.de\/","name":"Gemeinde Untermarchtal","description":"Gemeinde Untermarchtal","potentialAction":[{"@type":"SearchAction","target":{"@type":"EntryPoint","urlTemplate":"https:\/\/www.gemeinde-untermarchtal.de\/?s={search_term_string}"},"query-input":{"@type":"PropertyValueSpecification","valueRequired":true,"valueName":"search_term_string"}}],"inLanguage":"de"}]}},"_links":{"self":[{"href":"https:\/\/www.gemeinde-untermarchtal.de\/index.php\/wp-json\/wp\/v2\/pages\/345","targetHints":{"allow":["GET"]}}],"collection":[{"href":"https:\/\/www.gemeinde-untermarchtal.de\/index.php\/wp-json\/wp\/v2\/pages"}],"about":[{"href":"https:\/\/www.gemeinde-untermarchtal.de\/index.php\/wp-json\/wp\/v2\/types\/page"}],"author":[{"embeddable":true,"href":"https:\/\/www.gemeinde-untermarchtal.de\/index.php\/wp-json\/wp\/v2\/users\/1"}],"replies":[{"embeddable":true,"href":"https:\/\/www.gemeinde-untermarchtal.de\/index.php\/wp-json\/wp\/v2\/comments?post=345"}],"version-history":[{"count":17,"href":"https:\/\/www.gemeinde-untermarchtal.de\/index.php\/wp-json\/wp\/v2\/pages\/345\/revisions"}],"predecessor-version":[{"id":5345,"href":"https:\/\/www.gemeinde-untermarchtal.de\/index.php\/wp-json\/wp\/v2\/pages\/345\/revisions\/5345"}],"wp:attachment":[{"href":"https:\/\/www.gemeinde-untermarchtal.de\/index.php\/wp-json\/wp\/v2\/media?parent=345"}],"curies":[{"name":"wp","href":"https:\/\/api.w.org\/{rel}","templated":true}]}}