{"id":35,"date":"2016-08-30T20:35:34","date_gmt":"2016-08-30T18:35:34","guid":{"rendered":"http:\/\/dev.gemeinde-untermarchtal.de\/?page_id=35"},"modified":"2018-05-23T17:29:37","modified_gmt":"2018-05-23T15:29:37","slug":"impressum","status":"publish","type":"page","link":"https:\/\/www.gemeinde-untermarchtal.de\/index.php\/impressum\/","title":{"rendered":"Impressum"},"content":{"rendered":"<h4>Inhaltlich Verantwortlicher nach \u00a7 55 RStV:<\/p>\r\n<ul>\r\n<li>B\u00fcrgermeisteramt Untermarchtal<\/li>\r\n<li>B\u00fcrgermeister: Bernhard Ritzler<\/li>\r\n<\/ul>\r\n\r\n<ul>\r\n<li>Bahnhofstra\u00dfe 4<\/li>\r\n<li>89617 Untermarchtal<\/li>\r\n<li>Telefon: 07393 - 91 73 83<\/li>\r\n<li>Fax: 07393 - 91 73 84<\/li>\r\n<li>EMail: info@gemeinde-untermarchtal.de<\/li>\r\n<li>EMail: webmaster@gemeinde-untermarchtal.de<\/li>\r\n<\/ul>\r\n\r\n<h4>Hinweise zur Online-Streitbeilegung:<\/h4>\r\n\r\n<p>Online-Streitbeilegung gem\u00e4\u00df Art. 14 Abs. 1 ODR-VO: Die Plattform der Europ\u00e4ischen Kommission zur Online-Streitbeilegung (OS) finden Sie hier:\u00a0<a href=\"http:\/\/ec.europa.eu\/consumers\/odr\/\" target=\"_blank\">http:\/\/ec.europa.eu\/consumers\/odr\/<\/a><\/p>\r\n<p>Zur  Teilnahme an einem Streitbeilegungsverfahren vor einer Verbraucherschlichtungsstelle sind wir nicht verpflichtet und nicht bereit.<\/p>\r\n\r\n<h4>Quellen:<\/h4>\r\n<p>Fotos: Hermann Illenberger und J\u00fcrgen Illenberger. Texte: J\u00fcrgen Illenberger, Hermann Illenberger, Heimatbuch Untermarchtal von Wolfgang Rieger und Helmut Winter<\/p>\r\n\r\n<h4>Inhalte der Webpr\u00e4sentation:<\/h4>\r\n<p>Der Betreiber dieser Webseite haftet f\u00fcr die Inhalte auf dieser Webseite nach den gesetzlichen Bestimmungen. Der Betreiber \u00fcbernimmt jedoch keinerlei Gew\u00e4hr oder Haftung f\u00fcr die Aktualit\u00e4t, Richtigkeit, Vollst\u00e4ndigkeit oder Qualit\u00e4t der im Online-Angebot verf\u00fcgbaren Informationen. Alle Angebote sind freibleibend und unverbindlich. Der Betreiber beh\u00e4lt es sich ausdr\u00fccklich vor, einzelne Seiten oder das gesamte Online-Angebot ohne vorhergehende Ank\u00fcndigung zu ver\u00e4ndern, zu erg\u00e4nzen, zu l\u00f6schen oder das Angebot auf bestimmte Zeit oder auch endg\u00fcltig einzustellen.<\/p>\r\n\r\n<h4>Verweise und Links:<\/h4>\r\n<p>Anbieter sind f\u00fcr die eigenen Inhalte, die sie zur Nutzung bereithalten, nach den allgemeinen gesetzlichen Bestimmungen verantwortlich. Von diesen eigenen Inhalten sind Querverweise auf die von anderen Anbietern bereitgestellten Inhalte zu unterscheiden. Die Verweise durch Hyperlinks auf Inhalte fremder Webseiten dienen lediglich der Information. Die Verantwortlichkeit f\u00fcr diese fremden Inhalte liegt alleine bei dem Anbieter, der diese Inhalte bereith\u00e4lt. Vor dem Einrichten des entsprechenden Verweises sind die Webseiten der anderen Anbieter mit gro\u00dfer Sorgfalt und nach bestem Wissen und Gewissen \u00fcberpr\u00fcft worden. Es kann jedoch keine Gew\u00e4hr f\u00fcr die Vollst\u00e4ndigkeit und Richtigkeit von Informationen \u00fcbernommen werden, die \u00fcber weiterf\u00fchrende Hyperlinks erreicht werden. Der Inhalt der anderen Webseiten kann jederzeit ohne unser Wissen ge\u00e4ndert werden. F\u00fcr s\u00e4mtliche Links auf dieser Webseite gilt: Wir betonen, dass wir keinen Einfluss auf die Gestaltung und die Inhalte der durch Link von unserer Webseite aus erreichbaren Seiten anderer Anbieter haben und uns deren Inhalte nicht zu eigen machen. Diese Erkl\u00e4rung gilt f\u00fcr alle Seiten dieser Webseite und die dort angebrachten Links. Diese Feststellung bezieht sich auf alle in der eigenen Internetpr\u00e4sentation gesetzten Links und Verweise sowie auf alle Eintr\u00e4ge in vom Betreiber eingerichteten G\u00e4steb\u00fcchern, Diskussionsforen, Pinnw\u00e4nden und Mailinglisten. F\u00fcr rechtswidrige, unrichtige oder l\u00fcckenhafte Informationen und insbesondere f\u00fcr Sch\u00e4den, die aus der Nutzung oder Nichtnutzung solcherart dargebotener Inhalte entstehen, haftet allein der Anbieter der Webseite, auf welche mittels Link verwiesen wurde, nicht aber derjenige, der durch einen Link auf das jeweilige Online-Angebot lediglich verweist.<\/p>\r\n\r\n<h4>Kommunikation \u00fcber EMail:<\/h4>\r\n<p>Kommunikation \u00fcber EMail ist unsicher im Hinblick auf Vertraulichkeit und Authentizit\u00e4t. Es lassen sich insbesondere Datenverlust und \u00dcbermittlung sogenannter Computer-Viren nicht mit Sicherheit ausschlie\u00dfen. Wenn wir eine EMail von Ihnen erhalten, gehen wir davon aus, dass wir zu einer Beantwortung per EMail oder in anderer Weise berechtigt sind; anderenfalls bitten wir um Nachricht. Durch eine Anfrage mittels E-Mail entsteht weder ein Mandatsverh\u00e4ltnis, noch kann dies als Zeichen f\u00fcr das Angebot auf Abschluss eines Mandatsverh\u00e4ltnisses gewertet werden. Da die umgehende und fristgerechte Bearbeitung von EMails nicht in jedem Fall gew\u00e4hrleistet sein kann, sind uns fristgebundene Angelegenheiten zus\u00e4tzlich per Telefon oder per Telefax mitzuteilen.<\/p>\r\n\r\n<h4>Urheberrecht:<\/h4>\r\n<p>Alle Rechte vorbehalten. Text, Bilder, Grafiken, Ton-, Video- und Animationsdateien sowie deren Anordnung auf diesen Webseiten unterliegen dem Schutz des Urheberrechts und anderer Schutzgesetze. Der Inhalt dieser Webseite darf nicht zu kommerziellen Zwecken kopiert, verbreitet, ver\u00e4ndert oder Dritten zug\u00e4nglich gemacht werden. Eventuell enthalten einige dieser Webseiten au\u00dferdem Bilder, die dem Copyright Dritter unterliegen.<\/p>\r\n\r\n<h4>Konzeption und Design:<\/h4>\r\n<p>Modiscript-Schlegel-Werbung GmbH und J\u00fcrgen Illenberger<\/p>\r\n\r\n<h4>Programmierung und CMS-Anbindung:<\/h4>\r\n\r\n<ul>\r\n<li>Modiscript-Schlegel-Werbung GmbH<\/li>\r\n<li>Hauptstra\u00dfe 59<\/li>\r\n<li>89619 Unterstadion<\/li>\r\n<li>Telefon: 07393 - 590-0<\/li>\r\n<li><a title=\"Schlegel Werbung - Modiscript-Schlegel-Werbung GmbH\" href=\"http:\/\/www.schlegel-werbung.de\" target=\"_blank\">www.schlegel-werbung.de<\/a><\/li>\r\n<\/ul>","protected":false},"excerpt":{"rendered":"<p>Inhaltlich Verantwortlicher nach \u00a7 55 RStV: B\u00fcrgermeisteramt Untermarchtal B\u00fcrgermeister: Bernhard Ritzler Bahnhofstra\u00dfe 4 89617 Untermarchtal Telefon: 07393 - 91 73 83 Fax: 07393 - 91 73 84 EMail: info@gemeinde-untermarchtal.de EMail: webmaster@gemeinde-untermarchtal.de Hinweise zur Online-Streitbeilegung: Online-Streitbeilegung gem\u00e4\u00df Art. 14 Abs. 1 ODR-VO: Die Plattform der Europ\u00e4ischen Kommission zur Online-Streitbeilegung (OS) finden Sie hier:\u00a0http:\/\/ec.europa.eu\/consumers\/odr\/ Zur Teilnahme an [&hellip;]<\/p>\n","protected":false},"author":1,"featured_media":0,"parent":0,"menu_order":0,"comment_status":"closed","ping_status":"closed","template":"page-templates\/standard_seite.php","meta":{"_acf_changed":false,"footnotes":""},"class_list":["post-35","page","type-page","status-publish","hentry"],"acf":[],"yoast_head":"<!-- This site is optimized with the Yoast SEO plugin v26.7 - https:\/\/yoast.com\/wordpress\/plugins\/seo\/ -->\n<title>Impressum - Gemeinde Untermarchtal<\/title>\n<meta name=\"robots\" content=\"index, follow, max-snippet:-1, max-image-preview:large, max-video-preview:-1\" \/>\n<link rel=\"canonical\" href=\"https:\/\/www.gemeinde-untermarchtal.de\/index.php\/impressum\/\" \/>\n<meta property=\"og:locale\" content=\"de_DE\" \/>\n<meta property=\"og:type\" content=\"article\" \/>\n<meta property=\"og:title\" content=\"Impressum - Gemeinde Untermarchtal\" \/>\n<meta property=\"og:description\" content=\"Inhaltlich Verantwortlicher nach \u00a7 55 RStV: B\u00fcrgermeisteramt Untermarchtal B\u00fcrgermeister: Bernhard Ritzler Bahnhofstra\u00dfe 4 89617 Untermarchtal Telefon: 07393 - 91 73 83 Fax: 07393 - 91 73 84 EMail: info@gemeinde-untermarchtal.de EMail: webmaster@gemeinde-untermarchtal.de Hinweise zur Online-Streitbeilegung: Online-Streitbeilegung gem\u00e4\u00df Art. 14 Abs. 1 ODR-VO: Die Plattform der Europ\u00e4ischen Kommission zur Online-Streitbeilegung (OS) finden Sie hier:\u00a0http:\/\/ec.europa.eu\/consumers\/odr\/ Zur Teilnahme an [&hellip;]\" \/>\n<meta property=\"og:url\" content=\"https:\/\/www.gemeinde-untermarchtal.de\/index.php\/impressum\/\" \/>\n<meta property=\"og:site_name\" content=\"Gemeinde Untermarchtal\" \/>\n<meta property=\"article:modified_time\" content=\"2018-05-23T15:29:37+00:00\" \/>\n<meta name=\"twitter:card\" content=\"summary_large_image\" \/>\n<meta name=\"twitter:label1\" content=\"Gesch\u00e4tzte Lesezeit\" \/>\n\t<meta name=\"twitter:data1\" content=\"3\u00a0Minuten\" \/>\n<script type=\"application\/ld+json\" class=\"yoast-schema-graph\">{\"@context\":\"https:\/\/schema.org\",\"@graph\":[{\"@type\":\"WebPage\",\"@id\":\"https:\/\/www.gemeinde-untermarchtal.de\/index.php\/impressum\/\",\"url\":\"https:\/\/www.gemeinde-untermarchtal.de\/index.php\/impressum\/\",\"name\":\"Impressum - Gemeinde Untermarchtal\",\"isPartOf\":{\"@id\":\"https:\/\/www.gemeinde-untermarchtal.de\/#website\"},\"datePublished\":\"2016-08-30T18:35:34+00:00\",\"dateModified\":\"2018-05-23T15:29:37+00:00\",\"breadcrumb\":{\"@id\":\"https:\/\/www.gemeinde-untermarchtal.de\/index.php\/impressum\/#breadcrumb\"},\"inLanguage\":\"de\",\"potentialAction\":[{\"@type\":\"ReadAction\",\"target\":[\"https:\/\/www.gemeinde-untermarchtal.de\/index.php\/impressum\/\"]}]},{\"@type\":\"BreadcrumbList\",\"@id\":\"https:\/\/www.gemeinde-untermarchtal.de\/index.php\/impressum\/#breadcrumb\",\"itemListElement\":[{\"@type\":\"ListItem\",\"position\":1,\"name\":\"Startseite\",\"item\":\"https:\/\/www.gemeinde-untermarchtal.de\/\"},{\"@type\":\"ListItem\",\"position\":2,\"name\":\"Impressum\"}]},{\"@type\":\"WebSite\",\"@id\":\"https:\/\/www.gemeinde-untermarchtal.de\/#website\",\"url\":\"https:\/\/www.gemeinde-untermarchtal.de\/\",\"name\":\"Gemeinde Untermarchtal\",\"description\":\"Gemeinde Untermarchtal\",\"potentialAction\":[{\"@type\":\"SearchAction\",\"target\":{\"@type\":\"EntryPoint\",\"urlTemplate\":\"https:\/\/www.gemeinde-untermarchtal.de\/?s={search_term_string}\"},\"query-input\":{\"@type\":\"PropertyValueSpecification\",\"valueRequired\":true,\"valueName\":\"search_term_string\"}}],\"inLanguage\":\"de\"}]}<\/script>\n<!-- \/ Yoast SEO plugin. -->","yoast_head_json":{"title":"Impressum - Gemeinde Untermarchtal","robots":{"index":"index","follow":"follow","max-snippet":"max-snippet:-1","max-image-preview":"max-image-preview:large","max-video-preview":"max-video-preview:-1"},"canonical":"https:\/\/www.gemeinde-untermarchtal.de\/index.php\/impressum\/","og_locale":"de_DE","og_type":"article","og_title":"Impressum - Gemeinde Untermarchtal","og_description":"Inhaltlich Verantwortlicher nach \u00a7 55 RStV: B\u00fcrgermeisteramt Untermarchtal B\u00fcrgermeister: Bernhard Ritzler Bahnhofstra\u00dfe 4 89617 Untermarchtal Telefon: 07393 - 91 73 83 Fax: 07393 - 91 73 84 EMail: info@gemeinde-untermarchtal.de EMail: webmaster@gemeinde-untermarchtal.de Hinweise zur Online-Streitbeilegung: Online-Streitbeilegung gem\u00e4\u00df Art. 14 Abs. 1 ODR-VO: Die Plattform der Europ\u00e4ischen Kommission zur Online-Streitbeilegung (OS) finden Sie hier:\u00a0http:\/\/ec.europa.eu\/consumers\/odr\/ Zur Teilnahme an [&hellip;]","og_url":"https:\/\/www.gemeinde-untermarchtal.de\/index.php\/impressum\/","og_site_name":"Gemeinde Untermarchtal","article_modified_time":"2018-05-23T15:29:37+00:00","twitter_card":"summary_large_image","twitter_misc":{"Gesch\u00e4tzte Lesezeit":"3\u00a0Minuten"},"schema":{"@context":"https:\/\/schema.org","@graph":[{"@type":"WebPage","@id":"https:\/\/www.gemeinde-untermarchtal.de\/index.php\/impressum\/","url":"https:\/\/www.gemeinde-untermarchtal.de\/index.php\/impressum\/","name":"Impressum - Gemeinde Untermarchtal","isPartOf":{"@id":"https:\/\/www.gemeinde-untermarchtal.de\/#website"},"datePublished":"2016-08-30T18:35:34+00:00","dateModified":"2018-05-23T15:29:37+00:00","breadcrumb":{"@id":"https:\/\/www.gemeinde-untermarchtal.de\/index.php\/impressum\/#breadcrumb"},"inLanguage":"de","potentialAction":[{"@type":"ReadAction","target":["https:\/\/www.gemeinde-untermarchtal.de\/index.php\/impressum\/"]}]},{"@type":"BreadcrumbList","@id":"https:\/\/www.gemeinde-untermarchtal.de\/index.php\/impressum\/#breadcrumb","itemListElement":[{"@type":"ListItem","position":1,"name":"Startseite","item":"https:\/\/www.gemeinde-untermarchtal.de\/"},{"@type":"ListItem","position":2,"name":"Impressum"}]},{"@type":"WebSite","@id":"https:\/\/www.gemeinde-untermarchtal.de\/#website","url":"https:\/\/www.gemeinde-untermarchtal.de\/","name":"Gemeinde Untermarchtal","description":"Gemeinde Untermarchtal","potentialAction":[{"@type":"SearchAction","target":{"@type":"EntryPoint","urlTemplate":"https:\/\/www.gemeinde-untermarchtal.de\/?s={search_term_string}"},"query-input":{"@type":"PropertyValueSpecification","valueRequired":true,"valueName":"search_term_string"}}],"inLanguage":"de"}]}},"_links":{"self":[{"href":"https:\/\/www.gemeinde-untermarchtal.de\/index.php\/wp-json\/wp\/v2\/pages\/35","targetHints":{"allow":["GET"]}}],"collection":[{"href":"https:\/\/www.gemeinde-untermarchtal.de\/index.php\/wp-json\/wp\/v2\/pages"}],"about":[{"href":"https:\/\/www.gemeinde-untermarchtal.de\/index.php\/wp-json\/wp\/v2\/types\/page"}],"author":[{"embeddable":true,"href":"https:\/\/www.gemeinde-untermarchtal.de\/index.php\/wp-json\/wp\/v2\/users\/1"}],"replies":[{"embeddable":true,"href":"https:\/\/www.gemeinde-untermarchtal.de\/index.php\/wp-json\/wp\/v2\/comments?post=35"}],"version-history":[{"count":13,"href":"https:\/\/www.gemeinde-untermarchtal.de\/index.php\/wp-json\/wp\/v2\/pages\/35\/revisions"}],"predecessor-version":[{"id":2658,"href":"https:\/\/www.gemeinde-untermarchtal.de\/index.php\/wp-json\/wp\/v2\/pages\/35\/revisions\/2658"}],"wp:attachment":[{"href":"https:\/\/www.gemeinde-untermarchtal.de\/index.php\/wp-json\/wp\/v2\/media?parent=35"}],"curies":[{"name":"wp","href":"https:\/\/api.w.org\/{rel}","templated":true}]}}