{"id":376,"date":"2016-09-10T12:55:27","date_gmt":"2016-09-10T10:55:27","guid":{"rendered":"http:\/\/dev.gemeinde-untermarchtal.de\/?page_id=376"},"modified":"2026-04-30T13:52:45","modified_gmt":"2026-04-30T11:52:45","slug":"amtsblatt","status":"publish","type":"page","link":"https:\/\/www.gemeinde-untermarchtal.de\/index.php\/amtsblatt\/","title":{"rendered":"Amtsblatt"},"content":{"rendered":"<p>Das Amtsblatt der Gemeinde Untermarchtal erscheint jeweils am Freitag in zweiw\u00f6chigem Rhythmus. Es wird den Haushalten zugestellt.<br \/>F\u00fcr die Einwohner unserer Gemeinde und f\u00fcr diejenigen, die der Gemeinde und dem Gemeindegeschehen nahe stehen, aber nicht hier wohnen, wollen wir die neuesten Ausgaben des Amtsblatts auch auf diesem Wege zug\u00e4nglich machen.<\/p>\n<p>Redaktionsschluss ist mittwochs, 08:00 Uhr.<\/p>\n<h2>Amtsblatt Ausgaben 2026<\/h2>\n\n\n<p><\/p>\n","protected":false},"excerpt":{"rendered":"<p>Das Amtsblatt der Gemeinde Untermarchtal erscheint jeweils am Freitag in zweiw\u00f6chigem Rhythmus. Es wird den Haushalten zugestellt.F\u00fcr die Einwohner unserer Gemeinde und f\u00fcr diejenigen, die der Gemeinde und dem Gemeindegeschehen nahe stehen, aber nicht hier wohnen, wollen wir die neuesten Ausgaben des Amtsblatts auch auf diesem Wege zug\u00e4nglich machen. Redaktionsschluss ist mittwochs, 08:00 Uhr. Amtsblatt [&hellip;]<\/p>\n","protected":false},"author":1,"featured_media":0,"parent":0,"menu_order":0,"comment_status":"closed","ping_status":"closed","template":"page-templates\/amtsblatt.php","meta":{"_acf_changed":false,"footnotes":""},"class_list":["post-376","page","type-page","status-publish","hentry"],"acf":[],"yoast_head":"<!-- This site is optimized with the Yoast SEO plugin v26.7 - https:\/\/yoast.com\/wordpress\/plugins\/seo\/ -->\n<title>Amtsblatt - Gemeinde Untermarchtal<\/title>\n<meta name=\"robots\" content=\"index, follow, max-snippet:-1, max-image-preview:large, max-video-preview:-1\" \/>\n<link rel=\"canonical\" href=\"https:\/\/www.gemeinde-untermarchtal.de\/index.php\/amtsblatt\/\" \/>\n<meta property=\"og:locale\" content=\"de_DE\" \/>\n<meta property=\"og:type\" content=\"article\" \/>\n<meta property=\"og:title\" content=\"Amtsblatt - Gemeinde Untermarchtal\" \/>\n<meta property=\"og:description\" content=\"Das Amtsblatt der Gemeinde Untermarchtal erscheint jeweils am Freitag in zweiw\u00f6chigem Rhythmus. Es wird den Haushalten zugestellt.F\u00fcr die Einwohner unserer Gemeinde und f\u00fcr diejenigen, die der Gemeinde und dem Gemeindegeschehen nahe stehen, aber nicht hier wohnen, wollen wir die neuesten Ausgaben des Amtsblatts auch auf diesem Wege zug\u00e4nglich machen. Redaktionsschluss ist mittwochs, 08:00 Uhr. Amtsblatt [&hellip;]\" \/>\n<meta property=\"og:url\" content=\"https:\/\/www.gemeinde-untermarchtal.de\/index.php\/amtsblatt\/\" \/>\n<meta property=\"og:site_name\" content=\"Gemeinde Untermarchtal\" \/>\n<meta property=\"article:modified_time\" content=\"2026-04-30T11:52:45+00:00\" \/>\n<meta name=\"twitter:card\" content=\"summary_large_image\" \/>\n<meta name=\"twitter:label1\" content=\"Gesch\u00e4tzte Lesezeit\" \/>\n\t<meta name=\"twitter:data1\" content=\"1\u00a0Minute\" \/>\n<script type=\"application\/ld+json\" class=\"yoast-schema-graph\">{\"@context\":\"https:\/\/schema.org\",\"@graph\":[{\"@type\":\"WebPage\",\"@id\":\"https:\/\/www.gemeinde-untermarchtal.de\/index.php\/amtsblatt\/\",\"url\":\"https:\/\/www.gemeinde-untermarchtal.de\/index.php\/amtsblatt\/\",\"name\":\"Amtsblatt - Gemeinde Untermarchtal\",\"isPartOf\":{\"@id\":\"https:\/\/www.gemeinde-untermarchtal.de\/#website\"},\"datePublished\":\"2016-09-10T10:55:27+00:00\",\"dateModified\":\"2026-04-30T11:52:45+00:00\",\"breadcrumb\":{\"@id\":\"https:\/\/www.gemeinde-untermarchtal.de\/index.php\/amtsblatt\/#breadcrumb\"},\"inLanguage\":\"de\",\"potentialAction\":[{\"@type\":\"ReadAction\",\"target\":[\"https:\/\/www.gemeinde-untermarchtal.de\/index.php\/amtsblatt\/\"]}]},{\"@type\":\"BreadcrumbList\",\"@id\":\"https:\/\/www.gemeinde-untermarchtal.de\/index.php\/amtsblatt\/#breadcrumb\",\"itemListElement\":[{\"@type\":\"ListItem\",\"position\":1,\"name\":\"Startseite\",\"item\":\"https:\/\/www.gemeinde-untermarchtal.de\/\"},{\"@type\":\"ListItem\",\"position\":2,\"name\":\"Amtsblatt\"}]},{\"@type\":\"WebSite\",\"@id\":\"https:\/\/www.gemeinde-untermarchtal.de\/#website\",\"url\":\"https:\/\/www.gemeinde-untermarchtal.de\/\",\"name\":\"Gemeinde Untermarchtal\",\"description\":\"Gemeinde Untermarchtal\",\"potentialAction\":[{\"@type\":\"SearchAction\",\"target\":{\"@type\":\"EntryPoint\",\"urlTemplate\":\"https:\/\/www.gemeinde-untermarchtal.de\/?s={search_term_string}\"},\"query-input\":{\"@type\":\"PropertyValueSpecification\",\"valueRequired\":true,\"valueName\":\"search_term_string\"}}],\"inLanguage\":\"de\"}]}<\/script>\n<!-- \/ Yoast SEO plugin. -->","yoast_head_json":{"title":"Amtsblatt - Gemeinde Untermarchtal","robots":{"index":"index","follow":"follow","max-snippet":"max-snippet:-1","max-image-preview":"max-image-preview:large","max-video-preview":"max-video-preview:-1"},"canonical":"https:\/\/www.gemeinde-untermarchtal.de\/index.php\/amtsblatt\/","og_locale":"de_DE","og_type":"article","og_title":"Amtsblatt - Gemeinde Untermarchtal","og_description":"Das Amtsblatt der Gemeinde Untermarchtal erscheint jeweils am Freitag in zweiw\u00f6chigem Rhythmus. Es wird den Haushalten zugestellt.F\u00fcr die Einwohner unserer Gemeinde und f\u00fcr diejenigen, die der Gemeinde und dem Gemeindegeschehen nahe stehen, aber nicht hier wohnen, wollen wir die neuesten Ausgaben des Amtsblatts auch auf diesem Wege zug\u00e4nglich machen. Redaktionsschluss ist mittwochs, 08:00 Uhr. Amtsblatt [&hellip;]","og_url":"https:\/\/www.gemeinde-untermarchtal.de\/index.php\/amtsblatt\/","og_site_name":"Gemeinde Untermarchtal","article_modified_time":"2026-04-30T11:52:45+00:00","twitter_card":"summary_large_image","twitter_misc":{"Gesch\u00e4tzte Lesezeit":"1\u00a0Minute"},"schema":{"@context":"https:\/\/schema.org","@graph":[{"@type":"WebPage","@id":"https:\/\/www.gemeinde-untermarchtal.de\/index.php\/amtsblatt\/","url":"https:\/\/www.gemeinde-untermarchtal.de\/index.php\/amtsblatt\/","name":"Amtsblatt - Gemeinde Untermarchtal","isPartOf":{"@id":"https:\/\/www.gemeinde-untermarchtal.de\/#website"},"datePublished":"2016-09-10T10:55:27+00:00","dateModified":"2026-04-30T11:52:45+00:00","breadcrumb":{"@id":"https:\/\/www.gemeinde-untermarchtal.de\/index.php\/amtsblatt\/#breadcrumb"},"inLanguage":"de","potentialAction":[{"@type":"ReadAction","target":["https:\/\/www.gemeinde-untermarchtal.de\/index.php\/amtsblatt\/"]}]},{"@type":"BreadcrumbList","@id":"https:\/\/www.gemeinde-untermarchtal.de\/index.php\/amtsblatt\/#breadcrumb","itemListElement":[{"@type":"ListItem","position":1,"name":"Startseite","item":"https:\/\/www.gemeinde-untermarchtal.de\/"},{"@type":"ListItem","position":2,"name":"Amtsblatt"}]},{"@type":"WebSite","@id":"https:\/\/www.gemeinde-untermarchtal.de\/#website","url":"https:\/\/www.gemeinde-untermarchtal.de\/","name":"Gemeinde Untermarchtal","description":"Gemeinde Untermarchtal","potentialAction":[{"@type":"SearchAction","target":{"@type":"EntryPoint","urlTemplate":"https:\/\/www.gemeinde-untermarchtal.de\/?s={search_term_string}"},"query-input":{"@type":"PropertyValueSpecification","valueRequired":true,"valueName":"search_term_string"}}],"inLanguage":"de"}]}},"_links":{"self":[{"href":"https:\/\/www.gemeinde-untermarchtal.de\/index.php\/wp-json\/wp\/v2\/pages\/376","targetHints":{"allow":["GET"]}}],"collection":[{"href":"https:\/\/www.gemeinde-untermarchtal.de\/index.php\/wp-json\/wp\/v2\/pages"}],"about":[{"href":"https:\/\/www.gemeinde-untermarchtal.de\/index.php\/wp-json\/wp\/v2\/types\/page"}],"author":[{"embeddable":true,"href":"https:\/\/www.gemeinde-untermarchtal.de\/index.php\/wp-json\/wp\/v2\/users\/1"}],"replies":[{"embeddable":true,"href":"https:\/\/www.gemeinde-untermarchtal.de\/index.php\/wp-json\/wp\/v2\/comments?post=376"}],"version-history":[{"count":363,"href":"https:\/\/www.gemeinde-untermarchtal.de\/index.php\/wp-json\/wp\/v2\/pages\/376\/revisions"}],"predecessor-version":[{"id":5525,"href":"https:\/\/www.gemeinde-untermarchtal.de\/index.php\/wp-json\/wp\/v2\/pages\/376\/revisions\/5525"}],"wp:attachment":[{"href":"https:\/\/www.gemeinde-untermarchtal.de\/index.php\/wp-json\/wp\/v2\/media?parent=376"}],"curies":[{"name":"wp","href":"https:\/\/api.w.org\/{rel}","templated":true}]}}