{"id":3857,"date":"2021-06-23T11:21:38","date_gmt":"2021-06-23T09:21:38","guid":{"rendered":"https:\/\/www.gemeinde-untermarchtal.de\/?page_id=3857"},"modified":"2021-07-13T14:56:10","modified_gmt":"2021-07-13T12:56:10","slug":"workshop","status":"publish","type":"page","link":"https:\/\/www.gemeinde-untermarchtal.de\/index.php\/workshop\/","title":{"rendered":"Workshop"},"content":{"rendered":"<h2>Projekt: L\u00e4ndlicher Raum f\u00fcr Zukunft<\/h2>\n<h4>Liebe Mitb\u00fcrgerinnen und Mitb\u00fcrger,<\/h4>\ndie Gemeinde hat sich zur Teilnahme an dem Projekt \u201eDer L\u00e4ndliche Raum f\u00fcr Zukunft\u201c beworben und konnte auch in das Projekt aufgenommen werden. Es soll mit diesem Vorhaben versucht werden mit m\u00f6glichst viel Beteiligung der B\u00fcrger und B\u00fcrgerinnen verschiedene Themen zu diskutieren und zu entwickeln.\nUnter dem <a href=\"https:\/\/www.youtube.com\/watch?v=sflaqiqdGb8&amp;t=26s\" target=\"_blank\" rel=\"noopener\">Link<\/a> ist ein Erkl\u00e4rfilm zu dem Projekt abrufbar.\n\nMit dem Zugangslink <a href=\"http:\/\/untermarchtal.viko.digital\" target=\"_blank\" rel=\"noopener\">http:\/\/untermarchtal.viko.digital<\/a> ist die Teilnahme an den Diskussionen m\u00f6glich und Sie alle sind herzlich eingeladen.\nDie Besprechungen erfolgen in digitaler Form. Bisher fanden bereits zwei Treffen statt.\n<h4>Die weiteren Treffen sind wie folgt:<\/h4>\n<ul>\n \t<li>23.06.2021 Thema Einrichtungen erhalten<\/li>\n \t<li>30.06.2021 Thema Zusammenhalt st\u00e4rken<\/li>\n \t<li>20.07.2021 Thema Mobilit\u00e4t verbessern<\/li>\n \t<li>28.07.2021 Thema Ergebnispr\u00e4sentation<\/li>\n<\/ul>\nDie Treffen beginnen um 18.30 Uhr und dauern normalerweise bis 21.00 Uhr. Mehr Informationen auch im <a href=\"http:\/\/amtsblatt.gemeinde-untermarchtal.de\/2021\/Amtsblatt_KW24_Beilage.pdf\" target=\"_blank\" rel=\"noopener\">Amtsblatt Beilage KW 24<\/a>.\n<h4>Die Auftaktveranstaltung vom 08.06.2021<\/h4>\n<ul>\n \t<li><a href=\"https:\/\/www.gemeinde-untermarchtal.de\/formulare\/projekt\/210608_Auftakt_Untermarchtal_Dokumentation.pdf\" target=\"_blank\" rel=\"noopener\">Dokumentation (PDF)<\/a><\/li>\n \t<li><a href=\"https:\/\/www.gemeinde-untermarchtal.de\/formulare\/projekt\/210614_Workshop01.pdf\" target=\"_blank\" rel=\"noopener\">1. Workshop vom 14.06.2021<\/a><\/li>\n \t<li><a href=\"https:\/\/www.gemeinde-untermarchtal.de\/formulare\/projekt\/210623_WS_02_Untermarchtal_Dokumentation.pdf\" target=\"_blank\" rel=\"noopener\">2. Workshop vom 23.06.2021<\/a><\/li>\n \t<li><a href=\"https:\/\/www.gemeinde-untermarchtal.de\/formulare\/projekt\/210630_WS_03 Untermarchtal_Dokumentation.pdf\" target=\"_blank\" rel=\"noopener\">3. Workshop vom 30.06.2021<\/a><\/li>\n<\/ul>","protected":false},"excerpt":{"rendered":"<p>Projekt: L\u00e4ndlicher Raum f\u00fcr Zukunft Liebe Mitb\u00fcrgerinnen und Mitb\u00fcrger, die Gemeinde hat sich zur Teilnahme an dem Projekt \u201eDer L\u00e4ndliche Raum f\u00fcr Zukunft\u201c beworben und konnte auch in das Projekt aufgenommen werden. Es soll mit diesem Vorhaben versucht werden mit m\u00f6glichst viel Beteiligung der B\u00fcrger und B\u00fcrgerinnen verschiedene Themen zu diskutieren und zu entwickeln. Unter [&hellip;]<\/p>\n","protected":false},"author":1,"featured_media":0,"parent":0,"menu_order":0,"comment_status":"closed","ping_status":"closed","template":"page-templates\/standard_seite.php","meta":{"_acf_changed":false,"footnotes":""},"class_list":["post-3857","page","type-page","status-publish","hentry"],"acf":[],"yoast_head":"<!-- This site is optimized with the Yoast SEO plugin v26.7 - https:\/\/yoast.com\/wordpress\/plugins\/seo\/ -->\n<title>Workshop - Gemeinde Untermarchtal<\/title>\n<meta name=\"robots\" content=\"index, follow, max-snippet:-1, max-image-preview:large, max-video-preview:-1\" \/>\n<link rel=\"canonical\" href=\"https:\/\/www.gemeinde-untermarchtal.de\/index.php\/workshop\/\" \/>\n<meta property=\"og:locale\" content=\"de_DE\" \/>\n<meta property=\"og:type\" content=\"article\" \/>\n<meta property=\"og:title\" content=\"Workshop - Gemeinde Untermarchtal\" \/>\n<meta property=\"og:description\" content=\"Projekt: L\u00e4ndlicher Raum f\u00fcr Zukunft Liebe Mitb\u00fcrgerinnen und Mitb\u00fcrger, die Gemeinde hat sich zur Teilnahme an dem Projekt \u201eDer L\u00e4ndliche Raum f\u00fcr Zukunft\u201c beworben und konnte auch in das Projekt aufgenommen werden. Es soll mit diesem Vorhaben versucht werden mit m\u00f6glichst viel Beteiligung der B\u00fcrger und B\u00fcrgerinnen verschiedene Themen zu diskutieren und zu entwickeln. Unter [&hellip;]\" \/>\n<meta property=\"og:url\" content=\"https:\/\/www.gemeinde-untermarchtal.de\/index.php\/workshop\/\" \/>\n<meta property=\"og:site_name\" content=\"Gemeinde Untermarchtal\" \/>\n<meta property=\"article:modified_time\" content=\"2021-07-13T12:56:10+00:00\" \/>\n<meta name=\"twitter:card\" content=\"summary_large_image\" \/>\n<meta name=\"twitter:label1\" content=\"Gesch\u00e4tzte Lesezeit\" \/>\n\t<meta name=\"twitter:data1\" content=\"1\u00a0Minute\" \/>\n<script type=\"application\/ld+json\" class=\"yoast-schema-graph\">{\"@context\":\"https:\/\/schema.org\",\"@graph\":[{\"@type\":\"WebPage\",\"@id\":\"https:\/\/www.gemeinde-untermarchtal.de\/index.php\/workshop\/\",\"url\":\"https:\/\/www.gemeinde-untermarchtal.de\/index.php\/workshop\/\",\"name\":\"Workshop - Gemeinde Untermarchtal\",\"isPartOf\":{\"@id\":\"https:\/\/www.gemeinde-untermarchtal.de\/#website\"},\"datePublished\":\"2021-06-23T09:21:38+00:00\",\"dateModified\":\"2021-07-13T12:56:10+00:00\",\"breadcrumb\":{\"@id\":\"https:\/\/www.gemeinde-untermarchtal.de\/index.php\/workshop\/#breadcrumb\"},\"inLanguage\":\"de\",\"potentialAction\":[{\"@type\":\"ReadAction\",\"target\":[\"https:\/\/www.gemeinde-untermarchtal.de\/index.php\/workshop\/\"]}]},{\"@type\":\"BreadcrumbList\",\"@id\":\"https:\/\/www.gemeinde-untermarchtal.de\/index.php\/workshop\/#breadcrumb\",\"itemListElement\":[{\"@type\":\"ListItem\",\"position\":1,\"name\":\"Startseite\",\"item\":\"https:\/\/www.gemeinde-untermarchtal.de\/\"},{\"@type\":\"ListItem\",\"position\":2,\"name\":\"Workshop\"}]},{\"@type\":\"WebSite\",\"@id\":\"https:\/\/www.gemeinde-untermarchtal.de\/#website\",\"url\":\"https:\/\/www.gemeinde-untermarchtal.de\/\",\"name\":\"Gemeinde Untermarchtal\",\"description\":\"Gemeinde Untermarchtal\",\"potentialAction\":[{\"@type\":\"SearchAction\",\"target\":{\"@type\":\"EntryPoint\",\"urlTemplate\":\"https:\/\/www.gemeinde-untermarchtal.de\/?s={search_term_string}\"},\"query-input\":{\"@type\":\"PropertyValueSpecification\",\"valueRequired\":true,\"valueName\":\"search_term_string\"}}],\"inLanguage\":\"de\"}]}<\/script>\n<!-- \/ Yoast SEO plugin. -->","yoast_head_json":{"title":"Workshop - Gemeinde Untermarchtal","robots":{"index":"index","follow":"follow","max-snippet":"max-snippet:-1","max-image-preview":"max-image-preview:large","max-video-preview":"max-video-preview:-1"},"canonical":"https:\/\/www.gemeinde-untermarchtal.de\/index.php\/workshop\/","og_locale":"de_DE","og_type":"article","og_title":"Workshop - Gemeinde Untermarchtal","og_description":"Projekt: L\u00e4ndlicher Raum f\u00fcr Zukunft Liebe Mitb\u00fcrgerinnen und Mitb\u00fcrger, die Gemeinde hat sich zur Teilnahme an dem Projekt \u201eDer L\u00e4ndliche Raum f\u00fcr Zukunft\u201c beworben und konnte auch in das Projekt aufgenommen werden. Es soll mit diesem Vorhaben versucht werden mit m\u00f6glichst viel Beteiligung der B\u00fcrger und B\u00fcrgerinnen verschiedene Themen zu diskutieren und zu entwickeln. Unter [&hellip;]","og_url":"https:\/\/www.gemeinde-untermarchtal.de\/index.php\/workshop\/","og_site_name":"Gemeinde Untermarchtal","article_modified_time":"2021-07-13T12:56:10+00:00","twitter_card":"summary_large_image","twitter_misc":{"Gesch\u00e4tzte Lesezeit":"1\u00a0Minute"},"schema":{"@context":"https:\/\/schema.org","@graph":[{"@type":"WebPage","@id":"https:\/\/www.gemeinde-untermarchtal.de\/index.php\/workshop\/","url":"https:\/\/www.gemeinde-untermarchtal.de\/index.php\/workshop\/","name":"Workshop - Gemeinde Untermarchtal","isPartOf":{"@id":"https:\/\/www.gemeinde-untermarchtal.de\/#website"},"datePublished":"2021-06-23T09:21:38+00:00","dateModified":"2021-07-13T12:56:10+00:00","breadcrumb":{"@id":"https:\/\/www.gemeinde-untermarchtal.de\/index.php\/workshop\/#breadcrumb"},"inLanguage":"de","potentialAction":[{"@type":"ReadAction","target":["https:\/\/www.gemeinde-untermarchtal.de\/index.php\/workshop\/"]}]},{"@type":"BreadcrumbList","@id":"https:\/\/www.gemeinde-untermarchtal.de\/index.php\/workshop\/#breadcrumb","itemListElement":[{"@type":"ListItem","position":1,"name":"Startseite","item":"https:\/\/www.gemeinde-untermarchtal.de\/"},{"@type":"ListItem","position":2,"name":"Workshop"}]},{"@type":"WebSite","@id":"https:\/\/www.gemeinde-untermarchtal.de\/#website","url":"https:\/\/www.gemeinde-untermarchtal.de\/","name":"Gemeinde Untermarchtal","description":"Gemeinde Untermarchtal","potentialAction":[{"@type":"SearchAction","target":{"@type":"EntryPoint","urlTemplate":"https:\/\/www.gemeinde-untermarchtal.de\/?s={search_term_string}"},"query-input":{"@type":"PropertyValueSpecification","valueRequired":true,"valueName":"search_term_string"}}],"inLanguage":"de"}]}},"_links":{"self":[{"href":"https:\/\/www.gemeinde-untermarchtal.de\/index.php\/wp-json\/wp\/v2\/pages\/3857","targetHints":{"allow":["GET"]}}],"collection":[{"href":"https:\/\/www.gemeinde-untermarchtal.de\/index.php\/wp-json\/wp\/v2\/pages"}],"about":[{"href":"https:\/\/www.gemeinde-untermarchtal.de\/index.php\/wp-json\/wp\/v2\/types\/page"}],"author":[{"embeddable":true,"href":"https:\/\/www.gemeinde-untermarchtal.de\/index.php\/wp-json\/wp\/v2\/users\/1"}],"replies":[{"embeddable":true,"href":"https:\/\/www.gemeinde-untermarchtal.de\/index.php\/wp-json\/wp\/v2\/comments?post=3857"}],"version-history":[{"count":16,"href":"https:\/\/www.gemeinde-untermarchtal.de\/index.php\/wp-json\/wp\/v2\/pages\/3857\/revisions"}],"predecessor-version":[{"id":3905,"href":"https:\/\/www.gemeinde-untermarchtal.de\/index.php\/wp-json\/wp\/v2\/pages\/3857\/revisions\/3905"}],"wp:attachment":[{"href":"https:\/\/www.gemeinde-untermarchtal.de\/index.php\/wp-json\/wp\/v2\/media?parent=3857"}],"curies":[{"name":"wp","href":"https:\/\/api.w.org\/{rel}","templated":true}]}}