{"id":3933,"date":"2021-08-03T15:38:44","date_gmt":"2021-08-03T13:38:44","guid":{"rendered":"https:\/\/www.gemeinde-untermarchtal.de\/?page_id=3933"},"modified":"2021-08-10T21:22:29","modified_gmt":"2021-08-10T19:22:29","slug":"start-zum-75-jaehrigen-vereinsbestehen","status":"publish","type":"page","link":"https:\/\/www.gemeinde-untermarchtal.de\/index.php\/start-zum-75-jaehrigen-vereinsbestehen\/","title":{"rendered":"Sportverein Untermarchtal - Start zum 75-j\u00e4hrigen Vereinsbestehen"},"content":{"rendered":"\n<h2 class=\"wp-block-heading\">Gr\u00fcndung des Sportverein Untermarchtal e.V. 1946<\/h2>\n\n\n\n<p>Am 27. Juli 1946 war die Geburtsstunde zur Gr\u00fcndung des Sportverein Untermarchtal e.V. 1946. Jetzt nach 75 Jahren begeht der Verein dieses Ereignis mit dem Start zum \u201eSummer of `75`\u201c mit einer Benefiz-Aktion. Hier k\u00f6nnen aktive Sportler Kilometereinheiten sammeln und zwar in den Sportarten Joggen, Nordic Walking, Wandern oder Radfahren. In Kooperation mit einer Reihe von Sponsoren spendet der Verein mit den Sponsoren f\u00fcr jeden Kilometer 30 Cent was in Summe an den \u201eF\u00f6rderkreis f\u00fcr Tumor- und leuk\u00e4miekranke Kinder Ulm e.V.\u201c geht. Gemeinsames Ziel ist es, 7.500 Km zu schaffen bei m\u00f6glichst vielen Einheiten.<\/p>\n\n\n\n<p>Diese Herausforderung an die Sportler in Zusammenhang mit dem Wohlt\u00e4tigkeitsprojekt \u201eSummer of `75\u201c ist ein angenehmes Aktionsziel f\u00fcr Kinder die ein Tumor- oder Leuk\u00e4mieleiden haben. Die Teilnehmer k\u00f6nnen dann die erbrachten Leistungen online bis zum 5. September dokumentieren unter <a href=\"https:\/\/summer-of-75.jimdosite.com\" target=\"_blank\" rel=\"noreferrer noopener\">https:\/\/summer-of-75.jimdosite.com<\/a>. Dieser Start zu der Aktion wurde am 75. Jubil\u00e4umstag im Sportheim von den beiden Vereinsvorst\u00e4nden Harald Fischer und Christoph Lock unter Anwesenheit vieler Besucher im Sportheim, vollzogen. Bei der Preiseverlosung gibt es attraktive Sachpreis wie zum Beispiel GoPro Hero 8 Kamera, Fitbit Versa Fitness-Smartwatch, JBL Sportkopfh\u00f6rer, Trikots der deutschen Fu\u00dfballnationalmannschaft, adidas Sporttaschen und Fu\u00dfball, Under Amour Rucksack und Bluetooth-Lautsprecher und weiteres.<\/p>\n\n\n\n<p>Der Begr\u00fc\u00dfung am Abend nahm Harald Fischer vor. Zum Gedenken an das am heutigen Tag verstorbene Vereinsmitglied Roland Gehlhoff wurde eine Gedenkminute eingelegt. Dann erkl\u00e4rte Vorstand Fischer in Umrissen die bevorstehenden Vereinsfeiern und sportliche Aktionen und individuelle Veranstaltungen die noch organisiert werden in diesem Jahr. Dar\u00fcber erfolgt noch Nachricht.&nbsp; Von einigen Traditionen des Vereins werde der Verein Abstand nehmen um bei den jungen Mitgliedern attraktiv zu bleiben. Daf\u00fcr bat er um Verst\u00e4ndnis.<\/p>\n\n\n\n<p>In seinem R\u00fcckblick \u00fcber 75 Jahre SVU vermerkte er markante Ereignisse des Vereins. Die Gr\u00fcndung unter sehr einfachen M\u00f6glichkeiten Sport zu betreiben im Nachkriegsjahr 1946. Fu\u00dfball und Leichtathletik waren immer die dominierenden Sportarten. Dabei erinnerte Fischer an die erste Meisterschaft im Spieljahr 1949\/50 mit dem Aufstieg in die Bezirksklasse. Ein Meisterwimpel vom Fu\u00dfballverband S\u00fcdw\u00fcrttemberg-Hohenzollern erinnert an der Meistergalerie-Wand noch heute daran. Waldlaufmeisterschaften auf Kreisebene kamen wiederholt zur Austragung in Untermarchtal. Spielermangel war der Grund zum Ausstieg aus der Bezirksklasse der Fu\u00dfballer. Nur Jugendteams spielten Mitte der 50-Jahre. Doch eine junge Mannschaft schaffte im Spieljahr wieder den Aufstieg in die B-Klasse. Die Vereinschronik weist auch den Nachweis von mehrmaligen erfolgreichen Teilnahmen am Kreissportfest in Ehingen und Schelklingen nach. Zweimal wurde aufgrund der Teilnehmer und Vereinsgr\u00f6\u00dfe der SVU Gewinner des Kreispokal des Landrat Dr. Tauscher. &nbsp;Erfolgreich mit 4 Meisterschaften waren die Fu\u00dfballer der ersten und zweiten Mannschaft in den 70-iger Jahren.<\/p>\n\n\n\n<p>Dabei erstellte der Verein in den Jahren 1973 bis 1975 sein Sportheim an der Sportanlage \u201eDornen\u201c und von 1981 bis 1983 wurde die gesamte dortige Sportanlage mit Sportplatz, Leichtathletkanlage und Tennisplatz neu erstellt. 10 000 Arbeitsstunden freiwilliger Helfer standen dabei zu Buche. Hierbei war der damalige Vorsitzende Karl Blersch mit seinen \u00fcberaus flei\u00dfigen Helfern die treibende Kraft Ein neuer Spielplatz in der Sportanlage sowie eine Luftgewehr-Schie\u00dfanlage und Dartanlage im UG des Sportheimes kamen hinzu. Zwischenzeitlich im Jahr 1992 wurde zusammen mit dem Nachbarverein Obermarchtal der FC Marchtal als gemeinsamer Fu\u00dfballverein gegr\u00fcndet. Die Erfolgstory diesen gut funktionierenden Zusammenschluss weist bis heute 15 Meisterschaften der Aktiven und Jugendteams, teilweise in Spielgemeinschaften mit dem SC Lauterach und der SF Kirchen nach.<\/p>\n\n\n\n<p>In den Jahren 2000\/01 betrieb der Verein eine gro\u00dfe Umgestaltung des Sportheim mit neuem Satteldach, Vergr\u00f6\u00dferung und Modernisierung mit Ausstattung aller R\u00e4ume des Heimes. Hierbei waren die seinerzeitige Vorsitzenden Josef Faad und Harald Teschner verantwortlich zusammen mit einem starken Team das zusammen rund 13 000 Stunden erarbeitete. Trotz einiger R\u00fcckschl\u00e4ge blieb der SVU immer seiner Bestimmung treu; besonders die Jugend f\u00fcr den Sport zu begeistern, attraktiv und lebendig bleiben sowie Werte schaffen f\u00fcr den Verein.<\/p>\n\n\n\n<p>Die Verpachtung des Sportheim mit dem Betrieb einer Pizzeria ist jetzt auch der einzige Ort im Dorf, wo sich die B\u00fcrger in der Gastronomie gem\u00fctlich treffen k\u00f6nnen. Dieser Umstand war auch B\u00fcrgermeister Bernhard Ritzler in seinem Gru\u00dfwort ein wichtiger Anlass und lobte den Verein daf\u00fcr. Gleichzeig hob er den sportlichen Betrieb des SVU besonders mit der Jugend des Ortes hervor. Sozial begleitendes aktives Arbeiten mit den jungen Leuten sei wichtig und die Jetztzeit nutzen. Respekt hat der B\u00fcrgermeister f\u00fcr einen Verein der es vom Besitz 1 Fu\u00dfball und 1 Medizinball im Gr\u00fcndungsjahr 1946 bis zum Besitzer eines Sportheimes mit vielen Funktionen gebracht habe. Die Gemeinde sei aber stets zu Hilfen bei den Sportanlagen und Bauwerken finanziell bereit gewesen. Die Besucher des Abends durften aus Anlass des Jubil\u00e4ums alle Getr\u00e4nke und leckere Pizza`s von der P\u00e4chterfamilie Guerrera auf Kosten des Vereins gen\u00fcsslich genie\u00dfen. Das kam gut an und wer daf\u00fcr freiwillig etwas dem Verein Spenden m\u00f6chte, dem sei \u201eDank gesagt\u201c, so Vorstand Harald Fischer zum Schluss des harmonisch verlaufenen Abends.<\/p>\n\n\n\n<h3 class=\"wp-block-heading\">Bildergalerie<\/h3>\n\n\n\n<figure class=\"wp-block-gallery columns-3 is-cropped wp-block-gallery-1 is-layout-flex wp-block-gallery-is-layout-flex\"><ul class=\"blocks-gallery-grid\"><li class=\"blocks-gallery-item\"><figure><img loading=\"lazy\" decoding=\"async\" width=\"760\" height=\"570\" src=\"https:\/\/www.gemeinde-untermarchtal.de\/bilder\/svu_08.jpg\" alt=\"\" data-id=\"3971\" data-full-url=\"https:\/\/www.gemeinde-untermarchtal.de\/bilder\/svu_08.jpg\" data-link=\"https:\/\/www.gemeinde-untermarchtal.de\/svu_08\/\" class=\"wp-image-3971\"\/><\/figure><\/li><li class=\"blocks-gallery-item\"><figure><img loading=\"lazy\" decoding=\"async\" width=\"760\" height=\"570\" src=\"https:\/\/www.gemeinde-untermarchtal.de\/bilder\/svu_07.jpg\" alt=\"\" data-id=\"3950\" data-full-url=\"https:\/\/www.gemeinde-untermarchtal.de\/bilder\/svu_07.jpg\" data-link=\"https:\/\/www.gemeinde-untermarchtal.de\/svu_07\/\" class=\"wp-image-3950\"\/><\/figure><\/li><li class=\"blocks-gallery-item\"><figure><img loading=\"lazy\" decoding=\"async\" width=\"760\" height=\"570\" src=\"https:\/\/www.gemeinde-untermarchtal.de\/bilder\/svu_05.jpg\" alt=\"\" data-id=\"3948\" data-full-url=\"https:\/\/www.gemeinde-untermarchtal.de\/bilder\/svu_05.jpg\" data-link=\"https:\/\/www.gemeinde-untermarchtal.de\/svu_05\/\" class=\"wp-image-3948\"\/><\/figure><\/li><li class=\"blocks-gallery-item\"><figure><img loading=\"lazy\" decoding=\"async\" width=\"760\" height=\"570\" src=\"https:\/\/www.gemeinde-untermarchtal.de\/bilder\/svu_03.jpg\" alt=\"\" data-id=\"3946\" data-full-url=\"https:\/\/www.gemeinde-untermarchtal.de\/bilder\/svu_03.jpg\" data-link=\"https:\/\/www.gemeinde-untermarchtal.de\/svu_03\/\" class=\"wp-image-3946\"\/><\/figure><\/li><li class=\"blocks-gallery-item\"><figure><img loading=\"lazy\" decoding=\"async\" width=\"760\" height=\"570\" src=\"https:\/\/www.gemeinde-untermarchtal.de\/bilder\/svu_04.jpg\" alt=\"\" data-id=\"3947\" data-full-url=\"https:\/\/www.gemeinde-untermarchtal.de\/bilder\/svu_04.jpg\" data-link=\"https:\/\/www.gemeinde-untermarchtal.de\/svu_04\/\" class=\"wp-image-3947\"\/><\/figure><\/li><li class=\"blocks-gallery-item\"><figure><img loading=\"lazy\" decoding=\"async\" width=\"760\" height=\"570\" src=\"https:\/\/www.gemeinde-untermarchtal.de\/bilder\/svu_02.jpg\" alt=\"\" data-id=\"3945\" data-full-url=\"https:\/\/www.gemeinde-untermarchtal.de\/bilder\/svu_02.jpg\" data-link=\"https:\/\/www.gemeinde-untermarchtal.de\/svu_02\/\" class=\"wp-image-3945\"\/><\/figure><\/li><li class=\"blocks-gallery-item\"><figure><img loading=\"lazy\" decoding=\"async\" width=\"760\" height=\"570\" src=\"https:\/\/www.gemeinde-untermarchtal.de\/bilder\/svu_06.jpg\" alt=\"\" data-id=\"3949\" data-full-url=\"https:\/\/www.gemeinde-untermarchtal.de\/bilder\/svu_06.jpg\" data-link=\"https:\/\/www.gemeinde-untermarchtal.de\/svu_06\/\" class=\"wp-image-3949\"\/><\/figure><\/li><li class=\"blocks-gallery-item\"><figure><img loading=\"lazy\" decoding=\"async\" width=\"760\" height=\"1013\" src=\"https:\/\/www.gemeinde-untermarchtal.de\/bilder\/svu_01.jpg\" alt=\"\" data-id=\"3944\" data-full-url=\"https:\/\/www.gemeinde-untermarchtal.de\/bilder\/svu_01.jpg\" data-link=\"https:\/\/www.gemeinde-untermarchtal.de\/svu_01\/\" class=\"wp-image-3944\"\/><\/figure><\/li><\/ul><\/figure>\n\n\n\n<p><em>Text und Bilder - Hermann Illenberger<\/em>.<\/p>\n","protected":false},"excerpt":{"rendered":"<p>Gr\u00fcndung des Sportverein Untermarchtal e.V. 1946 Am 27. Juli 1946 war die Geburtsstunde zur Gr\u00fcndung des Sportverein Untermarchtal e.V. 1946. Jetzt nach 75 Jahren begeht der Verein dieses Ereignis mit dem Start zum \u201eSummer of `75`\u201c mit einer Benefiz-Aktion. Hier k\u00f6nnen aktive Sportler Kilometereinheiten sammeln und zwar in den Sportarten Joggen, Nordic Walking, Wandern oder [&hellip;]<\/p>\n","protected":false},"author":1,"featured_media":0,"parent":0,"menu_order":0,"comment_status":"closed","ping_status":"closed","template":"page-templates\/standard_seite.php","meta":{"_acf_changed":false,"footnotes":""},"class_list":["post-3933","page","type-page","status-publish","hentry"],"acf":[],"yoast_head":"<!-- This site is optimized with the Yoast SEO plugin v26.7 - https:\/\/yoast.com\/wordpress\/plugins\/seo\/ -->\n<title>Sportverein Untermarchtal - Start zum 75-j\u00e4hrigen Vereinsbestehen - Gemeinde Untermarchtal<\/title>\n<meta name=\"robots\" content=\"index, follow, max-snippet:-1, max-image-preview:large, max-video-preview:-1\" \/>\n<link rel=\"canonical\" href=\"https:\/\/www.gemeinde-untermarchtal.de\/index.php\/start-zum-75-jaehrigen-vereinsbestehen\/\" \/>\n<meta property=\"og:locale\" content=\"de_DE\" \/>\n<meta property=\"og:type\" content=\"article\" \/>\n<meta property=\"og:title\" content=\"Sportverein Untermarchtal - Start zum 75-j\u00e4hrigen Vereinsbestehen - Gemeinde Untermarchtal\" \/>\n<meta property=\"og:description\" content=\"Gr\u00fcndung des Sportverein Untermarchtal e.V. 1946 Am 27. Juli 1946 war die Geburtsstunde zur Gr\u00fcndung des Sportverein Untermarchtal e.V. 1946. Jetzt nach 75 Jahren begeht der Verein dieses Ereignis mit dem Start zum \u201eSummer of `75`\u201c mit einer Benefiz-Aktion. Hier k\u00f6nnen aktive Sportler Kilometereinheiten sammeln und zwar in den Sportarten Joggen, Nordic Walking, Wandern oder [&hellip;]\" \/>\n<meta property=\"og:url\" content=\"https:\/\/www.gemeinde-untermarchtal.de\/index.php\/start-zum-75-jaehrigen-vereinsbestehen\/\" \/>\n<meta property=\"og:site_name\" content=\"Gemeinde Untermarchtal\" \/>\n<meta property=\"article:modified_time\" content=\"2021-08-10T19:22:29+00:00\" \/>\n<meta property=\"og:image\" content=\"https:\/\/www.gemeinde-untermarchtal.de\/bilder\/svu_08.jpg\" \/>\n<meta name=\"twitter:card\" content=\"summary_large_image\" \/>\n<meta name=\"twitter:label1\" content=\"Gesch\u00e4tzte Lesezeit\" \/>\n\t<meta name=\"twitter:data1\" content=\"6\u00a0Minuten\" \/>\n<script type=\"application\/ld+json\" class=\"yoast-schema-graph\">{\"@context\":\"https:\/\/schema.org\",\"@graph\":[{\"@type\":\"WebPage\",\"@id\":\"https:\/\/www.gemeinde-untermarchtal.de\/index.php\/start-zum-75-jaehrigen-vereinsbestehen\/\",\"url\":\"https:\/\/www.gemeinde-untermarchtal.de\/index.php\/start-zum-75-jaehrigen-vereinsbestehen\/\",\"name\":\"Sportverein Untermarchtal - Start zum 75-j\u00e4hrigen Vereinsbestehen - Gemeinde Untermarchtal\",\"isPartOf\":{\"@id\":\"https:\/\/www.gemeinde-untermarchtal.de\/#website\"},\"primaryImageOfPage\":{\"@id\":\"https:\/\/www.gemeinde-untermarchtal.de\/index.php\/start-zum-75-jaehrigen-vereinsbestehen\/#primaryimage\"},\"image\":{\"@id\":\"https:\/\/www.gemeinde-untermarchtal.de\/index.php\/start-zum-75-jaehrigen-vereinsbestehen\/#primaryimage\"},\"thumbnailUrl\":\"https:\/\/www.gemeinde-untermarchtal.de\/bilder\/svu_08.jpg\",\"datePublished\":\"2021-08-03T13:38:44+00:00\",\"dateModified\":\"2021-08-10T19:22:29+00:00\",\"breadcrumb\":{\"@id\":\"https:\/\/www.gemeinde-untermarchtal.de\/index.php\/start-zum-75-jaehrigen-vereinsbestehen\/#breadcrumb\"},\"inLanguage\":\"de\",\"potentialAction\":[{\"@type\":\"ReadAction\",\"target\":[\"https:\/\/www.gemeinde-untermarchtal.de\/index.php\/start-zum-75-jaehrigen-vereinsbestehen\/\"]}]},{\"@type\":\"ImageObject\",\"inLanguage\":\"de\",\"@id\":\"https:\/\/www.gemeinde-untermarchtal.de\/index.php\/start-zum-75-jaehrigen-vereinsbestehen\/#primaryimage\",\"url\":\"https:\/\/www.gemeinde-untermarchtal.de\/bilder\/svu_08.jpg\",\"contentUrl\":\"https:\/\/www.gemeinde-untermarchtal.de\/bilder\/svu_08.jpg\",\"width\":760,\"height\":570},{\"@type\":\"BreadcrumbList\",\"@id\":\"https:\/\/www.gemeinde-untermarchtal.de\/index.php\/start-zum-75-jaehrigen-vereinsbestehen\/#breadcrumb\",\"itemListElement\":[{\"@type\":\"ListItem\",\"position\":1,\"name\":\"Startseite\",\"item\":\"https:\/\/www.gemeinde-untermarchtal.de\/\"},{\"@type\":\"ListItem\",\"position\":2,\"name\":\"Sportverein Untermarchtal - Start zum 75-j\u00e4hrigen Vereinsbestehen\"}]},{\"@type\":\"WebSite\",\"@id\":\"https:\/\/www.gemeinde-untermarchtal.de\/#website\",\"url\":\"https:\/\/www.gemeinde-untermarchtal.de\/\",\"name\":\"Gemeinde Untermarchtal\",\"description\":\"Gemeinde Untermarchtal\",\"potentialAction\":[{\"@type\":\"SearchAction\",\"target\":{\"@type\":\"EntryPoint\",\"urlTemplate\":\"https:\/\/www.gemeinde-untermarchtal.de\/?s={search_term_string}\"},\"query-input\":{\"@type\":\"PropertyValueSpecification\",\"valueRequired\":true,\"valueName\":\"search_term_string\"}}],\"inLanguage\":\"de\"}]}<\/script>\n<!-- \/ Yoast SEO plugin. -->","yoast_head_json":{"title":"Sportverein Untermarchtal - Start zum 75-j\u00e4hrigen Vereinsbestehen - Gemeinde Untermarchtal","robots":{"index":"index","follow":"follow","max-snippet":"max-snippet:-1","max-image-preview":"max-image-preview:large","max-video-preview":"max-video-preview:-1"},"canonical":"https:\/\/www.gemeinde-untermarchtal.de\/index.php\/start-zum-75-jaehrigen-vereinsbestehen\/","og_locale":"de_DE","og_type":"article","og_title":"Sportverein Untermarchtal - Start zum 75-j\u00e4hrigen Vereinsbestehen - Gemeinde Untermarchtal","og_description":"Gr\u00fcndung des Sportverein Untermarchtal e.V. 1946 Am 27. Juli 1946 war die Geburtsstunde zur Gr\u00fcndung des Sportverein Untermarchtal e.V. 1946. Jetzt nach 75 Jahren begeht der Verein dieses Ereignis mit dem Start zum \u201eSummer of `75`\u201c mit einer Benefiz-Aktion. Hier k\u00f6nnen aktive Sportler Kilometereinheiten sammeln und zwar in den Sportarten Joggen, Nordic Walking, Wandern oder [&hellip;]","og_url":"https:\/\/www.gemeinde-untermarchtal.de\/index.php\/start-zum-75-jaehrigen-vereinsbestehen\/","og_site_name":"Gemeinde Untermarchtal","article_modified_time":"2021-08-10T19:22:29+00:00","og_image":[{"url":"https:\/\/www.gemeinde-untermarchtal.de\/bilder\/svu_08.jpg","type":"","width":"","height":""}],"twitter_card":"summary_large_image","twitter_misc":{"Gesch\u00e4tzte Lesezeit":"6\u00a0Minuten"},"schema":{"@context":"https:\/\/schema.org","@graph":[{"@type":"WebPage","@id":"https:\/\/www.gemeinde-untermarchtal.de\/index.php\/start-zum-75-jaehrigen-vereinsbestehen\/","url":"https:\/\/www.gemeinde-untermarchtal.de\/index.php\/start-zum-75-jaehrigen-vereinsbestehen\/","name":"Sportverein Untermarchtal - Start zum 75-j\u00e4hrigen Vereinsbestehen - Gemeinde Untermarchtal","isPartOf":{"@id":"https:\/\/www.gemeinde-untermarchtal.de\/#website"},"primaryImageOfPage":{"@id":"https:\/\/www.gemeinde-untermarchtal.de\/index.php\/start-zum-75-jaehrigen-vereinsbestehen\/#primaryimage"},"image":{"@id":"https:\/\/www.gemeinde-untermarchtal.de\/index.php\/start-zum-75-jaehrigen-vereinsbestehen\/#primaryimage"},"thumbnailUrl":"https:\/\/www.gemeinde-untermarchtal.de\/bilder\/svu_08.jpg","datePublished":"2021-08-03T13:38:44+00:00","dateModified":"2021-08-10T19:22:29+00:00","breadcrumb":{"@id":"https:\/\/www.gemeinde-untermarchtal.de\/index.php\/start-zum-75-jaehrigen-vereinsbestehen\/#breadcrumb"},"inLanguage":"de","potentialAction":[{"@type":"ReadAction","target":["https:\/\/www.gemeinde-untermarchtal.de\/index.php\/start-zum-75-jaehrigen-vereinsbestehen\/"]}]},{"@type":"ImageObject","inLanguage":"de","@id":"https:\/\/www.gemeinde-untermarchtal.de\/index.php\/start-zum-75-jaehrigen-vereinsbestehen\/#primaryimage","url":"https:\/\/www.gemeinde-untermarchtal.de\/bilder\/svu_08.jpg","contentUrl":"https:\/\/www.gemeinde-untermarchtal.de\/bilder\/svu_08.jpg","width":760,"height":570},{"@type":"BreadcrumbList","@id":"https:\/\/www.gemeinde-untermarchtal.de\/index.php\/start-zum-75-jaehrigen-vereinsbestehen\/#breadcrumb","itemListElement":[{"@type":"ListItem","position":1,"name":"Startseite","item":"https:\/\/www.gemeinde-untermarchtal.de\/"},{"@type":"ListItem","position":2,"name":"Sportverein Untermarchtal - Start zum 75-j\u00e4hrigen Vereinsbestehen"}]},{"@type":"WebSite","@id":"https:\/\/www.gemeinde-untermarchtal.de\/#website","url":"https:\/\/www.gemeinde-untermarchtal.de\/","name":"Gemeinde Untermarchtal","description":"Gemeinde Untermarchtal","potentialAction":[{"@type":"SearchAction","target":{"@type":"EntryPoint","urlTemplate":"https:\/\/www.gemeinde-untermarchtal.de\/?s={search_term_string}"},"query-input":{"@type":"PropertyValueSpecification","valueRequired":true,"valueName":"search_term_string"}}],"inLanguage":"de"}]}},"_links":{"self":[{"href":"https:\/\/www.gemeinde-untermarchtal.de\/index.php\/wp-json\/wp\/v2\/pages\/3933","targetHints":{"allow":["GET"]}}],"collection":[{"href":"https:\/\/www.gemeinde-untermarchtal.de\/index.php\/wp-json\/wp\/v2\/pages"}],"about":[{"href":"https:\/\/www.gemeinde-untermarchtal.de\/index.php\/wp-json\/wp\/v2\/types\/page"}],"author":[{"embeddable":true,"href":"https:\/\/www.gemeinde-untermarchtal.de\/index.php\/wp-json\/wp\/v2\/users\/1"}],"replies":[{"embeddable":true,"href":"https:\/\/www.gemeinde-untermarchtal.de\/index.php\/wp-json\/wp\/v2\/comments?post=3933"}],"version-history":[{"count":20,"href":"https:\/\/www.gemeinde-untermarchtal.de\/index.php\/wp-json\/wp\/v2\/pages\/3933\/revisions"}],"predecessor-version":[{"id":3974,"href":"https:\/\/www.gemeinde-untermarchtal.de\/index.php\/wp-json\/wp\/v2\/pages\/3933\/revisions\/3974"}],"wp:attachment":[{"href":"https:\/\/www.gemeinde-untermarchtal.de\/index.php\/wp-json\/wp\/v2\/media?parent=3933"}],"curies":[{"name":"wp","href":"https:\/\/api.w.org\/{rel}","templated":true}]}}