{"id":3975,"date":"2021-08-11T16:44:44","date_gmt":"2021-08-11T14:44:44","guid":{"rendered":"https:\/\/www.gemeinde-untermarchtal.de\/?page_id=3975"},"modified":"2021-08-11T16:54:56","modified_gmt":"2021-08-11T14:54:56","slug":"75-jahre-sportverein-untetrmarchtal-ein-rueckblick-der-erinnerungen-weckt","status":"publish","type":"page","link":"https:\/\/www.gemeinde-untermarchtal.de\/index.php\/75-jahre-sportverein-untetrmarchtal-ein-rueckblick-der-erinnerungen-weckt\/","title":{"rendered":"75 Jahre Sportverein Untetrmarchtal \u2013 Ein R\u00fcckblick der Erinnerungen weckt"},"content":{"rendered":"Untermarchtal (hi) Die Vereinsverantwortlichen des Vereins mit den beiden Vereinsvorst\u00e4nden Harald Fischer und Christoph Lock an der Vereinsspitze, haben sich wegen der vielen Unsicherheiten im laufenden Jahr angemessen mehrere, individuelle Veranstaltungen und Aktionen zu organisieren. So wird am Vereinsgr\u00fcndungstag, Dienstag 27. Juli 2021 gleich die \u201eSummer of`75\u201c \u2013 Benefiz-Aktion gestartet.\n<h2>Wohlt\u00e4tigkeitsprojekt<\/h2>\nBei dieser&nbsp;Wohlt\u00e4tigkeits-Charity-Aktion k\u00f6nnen die Teilnehmer ihre erbrachten Leistungen online bis zum 5. September dokumentieren. Dies umfasst f\u00fcr die teilnehmenden aktiven Sportler Kilometereinheiten zu sammeln und zwar wahlweise aus den Sportarten Joggen, Nordic Walking, Wandern oder Fahrradfahren. In Kooperation mit einer Reihe von Sponsoren spendet der Verein f\u00fcr jeden Kilometer 30 Cent an den \u201eF\u00f6rderkreis f\u00fcr tumor- und leuk\u00e4miekranke Kinder Ulm e.V\u201c. Diesem F\u00f6rderkreis hat der SV Untermarchtal schon beim 50-j\u00e4hrigen Vereinsjubil\u00e4um gespendet. Je mehr Einheiten die Sportler bis zum gemeinsamen Ziel von 7 500 Km eine Herausforderung schaffen, desto h\u00f6her ist der Spendenbetrag.Vorstand Harald Fischer sagt dazu: \u201eDie Tatsache, dass die Teilnehmer mit einer sportlichen Leistung  ein Wohlt\u00e4tigkeitsprojekt unterst\u00fctzen k\u00f6nnen, hat uns am Ende \u00fcberzeugt und die Entscheidung f\u00fcr das Projekt leicht gemacht und der gro\u00dfe Vorteil f\u00fcr die Teilnehmer liegt darin, ihre Sportart aussuchen zu k\u00f6nnen sowie Zeit und Entfernung frei w\u00e4hlen k\u00f6nnen. Besonders freut mich die Beteiligung vielen Sponsoren aus der Region\u201c. Weitere Vereins-Aktionen sollen im Herbst 2021 folgen.'\n\nF\u00fcr alle Interessierten kann man die Internetseite zum \u201eSummer of `75\u201c unter <a href=\"https:\/\/summer-of-75.jimdosite.com\" target=\"_blank\" rel=\"noopener\">summer-of-75<\/a> abrufen.\n<h2>Vereinsgeschichte seit 1946<\/h2>\nWenn der SV Untermarchtal e.V. 1946 sein 75. Vereinsbestehen mit seinen Sportlern, Mitglieder, Freunden und G\u00e4sten feiern kann, so ist dies ein weiterer H\u00f6hepunkt seit der Vereinsgr\u00fcndung im Nachkriegsjahr 1946&nbsp;des \u00e4ltesten Ortsverein. In dieser damaligen Notzeit haben 5 junge M\u00e4nner aus Untermarchtal den Mut und die Willenskraft zur Vereinsgr\u00fcndung aufgebracht. Dies verdient auch nach 75 Jahren Hochachtung und Dank. Im Gr\u00fcndungsprotokoll vom 27. Juli 1946 stehen folgende Namen: Hans Wiedmann, B\u00fcrgermeister, seine franz\u00f6sischen Kenntnisse waren von Vorteil,&nbsp;Hans Herzog, Landwirt, Josef Hagel, Landwirt, Karl Lock, Maurer und Georg Stiehle. Fortan \u00fcber einige Jahre stand aber die strenge Vereins\u00fcberwachung bei der franz\u00f6sischen Milit\u00e4rregierung. Somit war der SV Untermarchtal nachweislich einer der allerersten und von den Milit\u00e4rs zugelassenen Vereine in der Umgebung. 60 Anwesende erlebten die Vereinsgr\u00fcndung im Gasthaus \u201eLinde\u201c. Zusammenk\u00fcnfte, Spiele, Training und Versammlungen bedurften der Genehmigung des Milit\u00e4rs.&nbsp; Die Vereinsgr\u00fcndung war besonders ein Verdienst von B\u00fcrgermeister Hans Wiedmann. Er war die treibende Kraft. Bewusst war auch den damaligen Vereinsgr\u00fcndern der Vorbestand&nbsp; sportlichen Zusammenschl\u00fcsse mit dem Radfahrer- und Theaterverein ab 1919 bis Ende der 20-iger Jahre, eines nachfolgenden Sch\u00fctzenverein und der DJK (Deutsche Jugendkraft) die aber ab 1933 aufgel\u00f6st bzw. verboten wurden.&nbsp;\n<h2>Der bescheidene Neuanfang<\/h2>\nIn dieser Zeit wurde Bescheidenheit an allen Dingen gro\u00dfgeschrieben. An Sportger\u00e4ten war verzeichnet: 1 Fu\u00dfball und 1 Medizinball. Spielerkeidung wie Hosen und ein wei\u00dfes Hemd musste man von zu Hause bringen. Schuhmacher Josef Ziegler funktionierte Werktagsschuhe in Kickschuhe um und der damalige schwarze Brustring am Trikot war nichts anderes als ein angen\u00e4hter, schwarzer, selbstgestrickter Damenstrumpf. Der erste Vorkriegssportplatz bei den \u201eDrei Friedenslinden\u201c Richtung Munderkingen wurde aufgegeben. Schon vor dem II. Weltkrieg stellte Zimmermeister und B\u00fcrgermeister Albert Gro\u00dfmann einen Teil seines \u201eZimmerplatzes\u201c im Gewann \u201eDornen\u201c, der heutigen Sportanlage Richtung G\u00fctelhofen den Sportlern zur Verf\u00fcgung. In der Pfarrchronik Untermarchtal beschrieb der damalige Dekan und Pfarrer, Felix Stiegele diesen Platz als \u201eZimmer- und Sportplatz\u201c. Verantwortung f\u00fcr den Verein nahm als 1. Vorsitzender Abteilungsleiter M\u00e4nner-Gymnastik B\u00fcrgermeister Hans Wiedmann, sein Stellvertreter wurde Anton Hirninger, Kassier und Abteilungsleiter \u201eSki und Wandern\u201c sowie Kassier&nbsp;Anton W\u00f6rz, Fu\u00dfball-Abteilungsleiter Karl Lock, Spielf\u00fchrer Alois Ruf, die Leichtathletik und den Posten als Schriftf\u00fchrer \u00fcbernahm Albert Gro\u00dfmann. 42 M\u00e4nner und 12 Frauen und M\u00e4dchen traten dem Verein bei. Jugendleiter wurde Georg Stiehle. Der Mitgliedsbeitrag betrug f\u00fcr Personen bis 20 Jahre 40 Pfennig, \u00fcber 20 Jahre 1.20 RM. Der 1. Vorsitzende, BM Hans Wiedmann zahlte 2.40 RM. In den Jahren 1946 und 1947 wurden Fu\u00dfball-Freundschaftsspiele ausgetragen. Das erste Pflichtspiel in der Kreisklasse B wurde am Sonntag, 8. Februar 1948 in Obermarchtal ausgetragen. Mit 1:2 wurde gewonnen. Es spielten Franz Hilpert, Karl Lock, Georg Stiehle, Hans Herzog, Alois Ruf, Hans A\u00dffalg. Er war erst wenige Wochen zuvor von der Kriegsgefangenschaft heimgekehrt, Josef Fischer, Karl Fischer, Alfons Hilpert und Stefan Bierer. Hans Herzog und Karl Fischer erzielten die Tore.\nWeitere Spiele wurden gegen M\u00fcnsingen I, Ehingen III, Schw\u00f6rzkirch I, \u00d6pfingen I, Rottenacker I, Ersingen I, Oberdischingen I, Griesingen I, Ri\u00dftissen I, Munderkingen II, Unterstadion I und Zwiefalten I ausgetragen. Es hei\u00dft dann; die Mehrzahlm der Spiele wurden deutlich gewonnen.\nSportlich erfolgreich war dann die I. Mannschaft im Kreispokal-Finale am 15. August 1948 in Munderkingen gegen \u00d6pfingen I. mit 4:2. Karl Fischer war gleich 3-facher Torsch\u00fctze. Zu den entfernteren Ausw\u00e4rtsspielen fuhr man mit dem Holzvergaser-LKW des Klosters Untermarchtal sowie mit Fahrzeugen der Firmen Kauffeld, Munderkingen, Konrad Buck, Obermarchtal und Robert Bayer, Zwiefalten. 1949 stand man wieder im Kreispokalfinale gegen Rottenacker in Obermarchtal. 0:0 stand es am Schluss und den Losentscheid gewann Rottenacker. \u00dcber den ganzen Sommer 1948 wurde an der Sportplatz-Vergr\u00f6\u00dferung gearbeitet. Mit Feldbahnloren wurden die Erdbewegungen ausgef\u00fchrt.&nbsp; Am 5. September 1948 schlie\u00dflich konnte der Sportplatz eingeweiht und zusammen mit einem Spiel gegen den Nachbar VfL Munderkingen (Bezirksklasse) mit dem Spielergebnis von 2:2 gefeiert werden. Hans A\u00dffalg und Hermann Hilpert waren die Torsch\u00fctzen.\nEine vorhandene Statistik der&nbsp;SVU-Fu\u00dfballer ab dem 1. Pflichtspiel am 8. Februar 1948 bis Ende Juni 1949 weist 45 Spiele auf. Gesiegt wurde in 31 Spielen, 12 wurden verloren und 2mal spielte man Remis. Dann der Aufstieg in die Bezirksklasse Donau im Spieljahr 1949\/50.&nbsp; Ein sch\u00f6ner Meisterwimpel des S\u00fcdw\u00fcrttemberg-Hohenzollerischen Fu\u00dfball-Verband h\u00e4ngt noch heute im Untermarchtaler Sportheim. Wegen Spielermangel musste man 152 von der Bezirksklasse absteigen. Von 1954 bis 1956 zog man die aktiven Fu\u00dfballer zur\u00fcck und es spielten nur noch&nbsp;mit einer 4:1 Niederlage. Jugendteams. Dann gab es einen Neustart in der Kreisklasse C mit dem Spiel in Nasgenstadt. Der Neuanfang war schwer. 5 ehemalige Bezirksklassenspieler waren noch bis 1959 dabei. Dann gab es im Spieljahr 1960\/61 die C-Klassen-Meisterschaft und damit den Aufstieg in die Kreisklasse B. Ein erstes Fu\u00dfball-Pokalturnier wurde 1963 in Hayingen gewonnen. Der Lohn daf\u00fcr, eine gro\u00dfe Schale ziert noch nach Jahrzehnten die Pokal-Galerie im Sportheim. Eine AH-Senioren Mannschaft wurde mit dem Leiter Karl Lock 164 gegr\u00fcndet.\nAuch neben dem Fu\u00dfballspielen waren die Sportler aktiv. Die Tradition des Theaterspielens wurde in den 1950-iger Jahre bis in die 60-iger Jahre von Fu\u00dfballern und sowie jungen Frauen weitergef\u00fchrt. Spielort war der \u201eHirschsaal\u201c oder im Saal des Klosters\u201e Guter Hirte\u201c.\nAuch die Leichtathleten des Vereins standen beim Kreissportfest auf dem Siegerpodest. Hans A\u00dffalg siegte im Fu\u00dfball-Dreikampf, Stefan Bierer gewann den 3000-Meterlauf, Willi Tripp den 600-Meterlauf und der A-Jugendlich Alfons Hilpert siegte gleich in 3 Disziplinen; 100- Meterlauf in 12.2 Sek., das Kugelsto\u00dfen mit 9.20 Meter und seine Paradedisziplin, den Weitsprung mit 6.05 Meter.\nBei den Leichtathletik-Meisterschaften von S\u00fcdw\u00fcrttemberg-Hohenzollern in Tailfingen wurde Stefan Bierer im 5000-Meterlauf 3. und Alfons Hilpert belegte im Weitsprung Rang 4.\nIm sportlich so erfolgreichen Jahr 1948 war der SV Untermarchtal Ausrichter der Kreiswaldlaufmeisterschaften. Die Hauptstreckenf\u00fchrung f\u00fchrte durch die Waldstrecken beim Soldatenfriedhof. Deshalb musste die Veranstaltungs-Genehmigung beim F\u00fcrstlich Thurn- und Taxischen Forstamt in Obermarchtal eingeholt werden. Bei verschiedenen Leichtathletik-Veranstaltungen und Bahner\u00f6ffnungsk\u00e4mpfen, sowie Waldlaufmeisterschaften schnitten die Leichtathleten von der Jugend bis zu den Aktiven mit hervorragenden Platzierungen ab. Beim Kreis-Turn- und Sportfest in Ehingen 1963 wurde der SV Untermarchtal aufgrund seiner Vereinsgr\u00f6\u00dfe und&nbsp;Teilnehmerzahl von 33 Sportlern mit dem Pokal des Landrats Dr. Tauscher ausgezeichnet. Diese Auszeichnung wiederholte der Verein auch im Jahr 1964. 1965 war der SV Untermarchtal wieder Ausrichter der Kreis-Waldlaufmeisterschaften unter Leitung von Alfons Roth vom Veranstalter. Ein \u201ewundersch\u00f6ner Tag\u201c so der damalige Chronist Josef Bierer.\n<h2>Erweiterung in den Jahren 2000\/01<\/h2>\nSchaffung von Sportheim und Sportplatz\/Leichtathletikanlage\nDie Sportler und Mitgliedes SV Untermarchtal planten und legten flei\u00dfig die Hand an zur Schaffung und Erneuerung einer kompletten bereits bestehenden Sportanlage im Gewann \u201eDornen\u201c. In den Jahren 1973 bis 1975 wurde das Sportheim des Vereins gebaut und vom 4. bis 7. Juli 1975 mit einer Festlichkeit \u00fcbergeben und eingeweiht. 10 000 freiwillige Arbeitsstunden wurden von den Mitgliedern und Sportler geleistet. Der Verein hatte jetzt f\u00fcr Sportler und G\u00e4ste ein eigenes Haus. F\u00fcr die Sportsch\u00fctzen des Vereins wurde mit erheblichem Aufwand 1977\/78 im Untergescho\u00df des Sportheim eine Luftgewehr-Schie\u00dfanlage erstellt. Ab 1993 richtete sich ebenfalls im UG die Dart-Sportler ger\u00e4umig ein. Beides sind vorbildlich eingerichtete Sportzweck-Anlagen.\nDanach im Jahre 1977 wurde mit der Planung zur vollst\u00e4ndigen Renovierung und Neubau eines Sportplatzes samt Leichtathletikanlage und Flutlichtanlage f\u00fcr beide Pl\u00e4tze aufgenommen. Auch dabei leisteten die Sportler Eigenleistungen von rund 13 000 Stunden. Hier sind jetzt Werte f\u00fcr den Verein geschaffen worden. Finanzhilfen bei beiden Projekten wurden von der Gemeinde, dem W\u00fcrttembergischen Landessportbund sowie vom Verein selbst aufgebracht. In diesen Zeiten des Sportheim- und Sportplatzbau stand Karl Blersch als 1. Vorsitzender vor. Ihm zur Seite stand stets eine gut funktionierende, solidarische und unterst\u00fctzende Vorstandschaft zur Seite. In den Jahren 2000\/01 wagte der Verein eine umfassende, notwendige Sportheim-Sanierung und Bau eines Ger\u00e4teschuppens die in Teilen sogar einem Neubau glich. Wieder konnte sich der Verein mit seinem 1. Vorsitzenden Josef Faad, der Vereinsvorstandschaft und flei\u00dfigen Helfern am Bau verlassen. Das Dach des Sportheim wurde komplett in ein neues Satteldach umgebaut (vorher Flachdach), die Umkleider\u00e4ume ver\u00e4ndert, ein Sportler-Eingang neu gebaut und der Sportheim-Gastraum sowie die Einrichtung der K\u00fcche, Heizung und die Parkpl\u00e4tze erweitert.\n<h2>Sportliche Erfolge der Fu\u00dfballer<\/h2>\nDass neben den Zeitaufwendungen f\u00fcr den Bau der Sportanlagen auch noch der Sportbetrieb stattfand war lobenswert. Die sportlichen Erfolge in 70-iger und 80-iger Jahre waren \u201egoldige Jahre\u201c. Von 1976 bis 1978 errang die Reserve-Mannschaft des Vereins 3 Meistertitel. Der I. Mannschaft gelang im Spieljahr 1977\/78 ebenfalls den Meistertitel in der C-Klasse zu erringen und damit war der Aufstieg in die B-Klasse perfekt. Auch die C-Jugend des SVU wurde im Spieljahr 1977\/78 Meister der Kreisstaffel.\n<h2>Vereinsveranstaltungen<\/h2>\nIn den 70-iger und 80-iger Jahre wurden j\u00e4hrlich Fu\u00dfball-Pokalturniere der Aktiven und Jugendteams veranstaltet. Die Sportler durften sich auf und in den gepflegten Sportanlagen stets wohlf\u00fchlen. Seit 1979 veranstaltete der Verein mit den Jugendleitern und Helfern ein Jugend-Zeltlager an verschieden geeigneten Pl\u00e4tzen. Ab 1980 gibt es j\u00e4hrlich das beliebte Herbst- und Weinfest im Sportheim. Von 1992 an f\u00fchrt der Verein ein gut besuchtes Preisbinokel-Turnier durch. Ebenso war der Verein Gastgeber f\u00fcr das Vereine-Wettschie\u00dfen der Sportsch\u00fctzen. Seit Vereinsbestehen gibt es eine Weihnachtsfeier und ab 1976 das beliebte Rosenmontags-Kaffeekr\u00e4nzchen. J\u00e4hrlich findet das Vereinssportfest an 2 Tagen vor den Sommerferien statt.\nIm Jahre 1992 wurde zusammen mit dem Nachbarverein SpVgg Obermarchtal der Fu\u00dfball Club Marchtal gegr\u00fcndet. Die Gr\u00fcndung und Zusammenschluss der Fu\u00dfballer war notwendig, weil zu wenig Fu\u00dfballer in beiden Vereine vorhanden waren. Die Erfolge mit mehreren Meisterschaften bei Jugendteams und Aktiven des FC Marchtal seit 1992 gibt dem Recht der Gr\u00fcndung des Vereins recht.\nDas 25-j\u00e4hrige Vereinsbestehen beginn man 1971, Das 40-j\u00e4hrige Vereinsjubil\u00e4um 1986 und das 50. Jahre SV Untermarchtal 1996 mit gro\u00dfem Sportfest sowie 3 Wohlt\u00e4tigkeitssammlungen mit Tombola und Spenden von der Jubil\u00e4umsveranstaltung. Unterst\u00fctzt wurde dabei die Missionsarbeit des Klosters Untermarchtal in Tansania\/Afrika, der \u201eF\u00f6rderkreis f\u00fcr tumor- und leuk\u00e4miekranker Kinder Ulm e.V.\u201c und die Karl-Heinz-B\u00f6hm-Stiftung \u201eMenschen f\u00fcr Menschen in Afrika. 7O Jahre SV Untermarchtal wurde 2016 im kleinen Rahmen begangen. Dabei konnten 5 ehemalige Fu\u00dfballer vom Gr\u00fcndungsjahr 1946 eingeladen und begr\u00fc\u00dft werden.\nWas besonderes: Mehrere Male stellte der SVU seine Vereinsanlage mit Sportheim in den letzten 25 Jahren den Bundesliga-Vereinen VfB Stuttgart (Fu\u00dfballjugend) und dem 1. FSV Mainz 05 (II Mannschaft) jeweils f\u00fcr mehrere Tage f\u00fcr ein Trainingslager zur Verf\u00fcgung. In Testspielen auf unserem Platz wurde toller Fu\u00dfball geboten.\n<h2>Sportheim-Verpachtung ab 2020<\/h2>\nDie neueste Entwicklung im Verein zog die Verpachtung des Sportheim als Restaurant &amp; Pizzeria an die P\u00e4chterfamilie G. Guerrera nach sich. Grund der Verpachtung: Ab 2020 standen dem Verein zu wenig freiwillige Bewirter des Sportheimes zur Verf\u00fcgung.\n\nFazit und dazu ein Sprichwort, das den Einsatz f\u00fcr den Verein verbunden mit gro\u00dfem Dank an Sportler, Mitglieder, Helfer und der Vorstandschaft seit Vereinsbestehen in Kameradschaft gewidmet sein soll:\n\n\u201eWer seine Pflicht im Stillen tut, ohne je nach Lob und Ehr` zu fragen, der darf f\u00fcr sich zum eigenen Ruhm \u2013 unsichtbar eine Krone tragen \u201e!","protected":false},"excerpt":{"rendered":"<p>Untermarchtal (hi) Die Vereinsverantwortlichen des Vereins mit den beiden Vereinsvorst\u00e4nden Harald Fischer und Christoph Lock an der Vereinsspitze, haben sich wegen der vielen Unsicherheiten im laufenden Jahr angemessen mehrere, individuelle Veranstaltungen und Aktionen zu organisieren. So wird am Vereinsgr\u00fcndungstag, Dienstag 27. Juli 2021 gleich die \u201eSummer of`75\u201c \u2013 Benefiz-Aktion gestartet. Wohlt\u00e4tigkeitsprojekt Bei dieser&nbsp;Wohlt\u00e4tigkeits-Charity-Aktion k\u00f6nnen die [&hellip;]<\/p>\n","protected":false},"author":1,"featured_media":0,"parent":0,"menu_order":0,"comment_status":"closed","ping_status":"closed","template":"page-templates\/standard_seite.php","meta":{"_acf_changed":false,"footnotes":""},"class_list":["post-3975","page","type-page","status-publish","hentry"],"acf":[],"yoast_head":"<!-- This site is optimized with the Yoast SEO plugin v26.7 - https:\/\/yoast.com\/wordpress\/plugins\/seo\/ -->\n<title>75 Jahre Sportverein Untetrmarchtal \u2013 Ein R\u00fcckblick der Erinnerungen weckt - Gemeinde Untermarchtal<\/title>\n<meta name=\"robots\" content=\"index, follow, max-snippet:-1, max-image-preview:large, max-video-preview:-1\" \/>\n<link rel=\"canonical\" href=\"https:\/\/www.gemeinde-untermarchtal.de\/index.php\/75-jahre-sportverein-untetrmarchtal-ein-rueckblick-der-erinnerungen-weckt\/\" \/>\n<meta property=\"og:locale\" content=\"de_DE\" \/>\n<meta property=\"og:type\" content=\"article\" \/>\n<meta property=\"og:title\" content=\"75 Jahre Sportverein Untetrmarchtal \u2013 Ein R\u00fcckblick der Erinnerungen weckt - Gemeinde Untermarchtal\" \/>\n<meta property=\"og:description\" content=\"Untermarchtal (hi) Die Vereinsverantwortlichen des Vereins mit den beiden Vereinsvorst\u00e4nden Harald Fischer und Christoph Lock an der Vereinsspitze, haben sich wegen der vielen Unsicherheiten im laufenden Jahr angemessen mehrere, individuelle Veranstaltungen und Aktionen zu organisieren. So wird am Vereinsgr\u00fcndungstag, Dienstag 27. Juli 2021 gleich die \u201eSummer of`75\u201c \u2013 Benefiz-Aktion gestartet. Wohlt\u00e4tigkeitsprojekt Bei dieser&nbsp;Wohlt\u00e4tigkeits-Charity-Aktion k\u00f6nnen die [&hellip;]\" \/>\n<meta property=\"og:url\" content=\"https:\/\/www.gemeinde-untermarchtal.de\/index.php\/75-jahre-sportverein-untetrmarchtal-ein-rueckblick-der-erinnerungen-weckt\/\" \/>\n<meta property=\"og:site_name\" content=\"Gemeinde Untermarchtal\" \/>\n<meta property=\"article:modified_time\" content=\"2021-08-11T14:54:56+00:00\" \/>\n<meta name=\"twitter:card\" content=\"summary_large_image\" \/>\n<meta name=\"twitter:label1\" content=\"Gesch\u00e4tzte Lesezeit\" \/>\n\t<meta name=\"twitter:data1\" content=\"9\u00a0Minuten\" \/>\n<script type=\"application\/ld+json\" class=\"yoast-schema-graph\">{\"@context\":\"https:\/\/schema.org\",\"@graph\":[{\"@type\":\"WebPage\",\"@id\":\"https:\/\/www.gemeinde-untermarchtal.de\/index.php\/75-jahre-sportverein-untetrmarchtal-ein-rueckblick-der-erinnerungen-weckt\/\",\"url\":\"https:\/\/www.gemeinde-untermarchtal.de\/index.php\/75-jahre-sportverein-untetrmarchtal-ein-rueckblick-der-erinnerungen-weckt\/\",\"name\":\"75 Jahre Sportverein Untetrmarchtal \u2013 Ein R\u00fcckblick der Erinnerungen weckt - Gemeinde Untermarchtal\",\"isPartOf\":{\"@id\":\"https:\/\/www.gemeinde-untermarchtal.de\/#website\"},\"datePublished\":\"2021-08-11T14:44:44+00:00\",\"dateModified\":\"2021-08-11T14:54:56+00:00\",\"breadcrumb\":{\"@id\":\"https:\/\/www.gemeinde-untermarchtal.de\/index.php\/75-jahre-sportverein-untetrmarchtal-ein-rueckblick-der-erinnerungen-weckt\/#breadcrumb\"},\"inLanguage\":\"de\",\"potentialAction\":[{\"@type\":\"ReadAction\",\"target\":[\"https:\/\/www.gemeinde-untermarchtal.de\/index.php\/75-jahre-sportverein-untetrmarchtal-ein-rueckblick-der-erinnerungen-weckt\/\"]}]},{\"@type\":\"BreadcrumbList\",\"@id\":\"https:\/\/www.gemeinde-untermarchtal.de\/index.php\/75-jahre-sportverein-untetrmarchtal-ein-rueckblick-der-erinnerungen-weckt\/#breadcrumb\",\"itemListElement\":[{\"@type\":\"ListItem\",\"position\":1,\"name\":\"Startseite\",\"item\":\"https:\/\/www.gemeinde-untermarchtal.de\/\"},{\"@type\":\"ListItem\",\"position\":2,\"name\":\"75 Jahre Sportverein Untetrmarchtal \u2013 Ein R\u00fcckblick der Erinnerungen weckt\"}]},{\"@type\":\"WebSite\",\"@id\":\"https:\/\/www.gemeinde-untermarchtal.de\/#website\",\"url\":\"https:\/\/www.gemeinde-untermarchtal.de\/\",\"name\":\"Gemeinde Untermarchtal\",\"description\":\"Gemeinde Untermarchtal\",\"potentialAction\":[{\"@type\":\"SearchAction\",\"target\":{\"@type\":\"EntryPoint\",\"urlTemplate\":\"https:\/\/www.gemeinde-untermarchtal.de\/?s={search_term_string}\"},\"query-input\":{\"@type\":\"PropertyValueSpecification\",\"valueRequired\":true,\"valueName\":\"search_term_string\"}}],\"inLanguage\":\"de\"}]}<\/script>\n<!-- \/ Yoast SEO plugin. -->","yoast_head_json":{"title":"75 Jahre Sportverein Untetrmarchtal \u2013 Ein R\u00fcckblick der Erinnerungen weckt - Gemeinde Untermarchtal","robots":{"index":"index","follow":"follow","max-snippet":"max-snippet:-1","max-image-preview":"max-image-preview:large","max-video-preview":"max-video-preview:-1"},"canonical":"https:\/\/www.gemeinde-untermarchtal.de\/index.php\/75-jahre-sportverein-untetrmarchtal-ein-rueckblick-der-erinnerungen-weckt\/","og_locale":"de_DE","og_type":"article","og_title":"75 Jahre Sportverein Untetrmarchtal \u2013 Ein R\u00fcckblick der Erinnerungen weckt - Gemeinde Untermarchtal","og_description":"Untermarchtal (hi) Die Vereinsverantwortlichen des Vereins mit den beiden Vereinsvorst\u00e4nden Harald Fischer und Christoph Lock an der Vereinsspitze, haben sich wegen der vielen Unsicherheiten im laufenden Jahr angemessen mehrere, individuelle Veranstaltungen und Aktionen zu organisieren. So wird am Vereinsgr\u00fcndungstag, Dienstag 27. Juli 2021 gleich die \u201eSummer of`75\u201c \u2013 Benefiz-Aktion gestartet. Wohlt\u00e4tigkeitsprojekt Bei dieser&nbsp;Wohlt\u00e4tigkeits-Charity-Aktion k\u00f6nnen die [&hellip;]","og_url":"https:\/\/www.gemeinde-untermarchtal.de\/index.php\/75-jahre-sportverein-untetrmarchtal-ein-rueckblick-der-erinnerungen-weckt\/","og_site_name":"Gemeinde Untermarchtal","article_modified_time":"2021-08-11T14:54:56+00:00","twitter_card":"summary_large_image","twitter_misc":{"Gesch\u00e4tzte Lesezeit":"9\u00a0Minuten"},"schema":{"@context":"https:\/\/schema.org","@graph":[{"@type":"WebPage","@id":"https:\/\/www.gemeinde-untermarchtal.de\/index.php\/75-jahre-sportverein-untetrmarchtal-ein-rueckblick-der-erinnerungen-weckt\/","url":"https:\/\/www.gemeinde-untermarchtal.de\/index.php\/75-jahre-sportverein-untetrmarchtal-ein-rueckblick-der-erinnerungen-weckt\/","name":"75 Jahre Sportverein Untetrmarchtal \u2013 Ein R\u00fcckblick der Erinnerungen weckt - Gemeinde Untermarchtal","isPartOf":{"@id":"https:\/\/www.gemeinde-untermarchtal.de\/#website"},"datePublished":"2021-08-11T14:44:44+00:00","dateModified":"2021-08-11T14:54:56+00:00","breadcrumb":{"@id":"https:\/\/www.gemeinde-untermarchtal.de\/index.php\/75-jahre-sportverein-untetrmarchtal-ein-rueckblick-der-erinnerungen-weckt\/#breadcrumb"},"inLanguage":"de","potentialAction":[{"@type":"ReadAction","target":["https:\/\/www.gemeinde-untermarchtal.de\/index.php\/75-jahre-sportverein-untetrmarchtal-ein-rueckblick-der-erinnerungen-weckt\/"]}]},{"@type":"BreadcrumbList","@id":"https:\/\/www.gemeinde-untermarchtal.de\/index.php\/75-jahre-sportverein-untetrmarchtal-ein-rueckblick-der-erinnerungen-weckt\/#breadcrumb","itemListElement":[{"@type":"ListItem","position":1,"name":"Startseite","item":"https:\/\/www.gemeinde-untermarchtal.de\/"},{"@type":"ListItem","position":2,"name":"75 Jahre Sportverein Untetrmarchtal \u2013 Ein R\u00fcckblick der Erinnerungen weckt"}]},{"@type":"WebSite","@id":"https:\/\/www.gemeinde-untermarchtal.de\/#website","url":"https:\/\/www.gemeinde-untermarchtal.de\/","name":"Gemeinde Untermarchtal","description":"Gemeinde Untermarchtal","potentialAction":[{"@type":"SearchAction","target":{"@type":"EntryPoint","urlTemplate":"https:\/\/www.gemeinde-untermarchtal.de\/?s={search_term_string}"},"query-input":{"@type":"PropertyValueSpecification","valueRequired":true,"valueName":"search_term_string"}}],"inLanguage":"de"}]}},"_links":{"self":[{"href":"https:\/\/www.gemeinde-untermarchtal.de\/index.php\/wp-json\/wp\/v2\/pages\/3975","targetHints":{"allow":["GET"]}}],"collection":[{"href":"https:\/\/www.gemeinde-untermarchtal.de\/index.php\/wp-json\/wp\/v2\/pages"}],"about":[{"href":"https:\/\/www.gemeinde-untermarchtal.de\/index.php\/wp-json\/wp\/v2\/types\/page"}],"author":[{"embeddable":true,"href":"https:\/\/www.gemeinde-untermarchtal.de\/index.php\/wp-json\/wp\/v2\/users\/1"}],"replies":[{"embeddable":true,"href":"https:\/\/www.gemeinde-untermarchtal.de\/index.php\/wp-json\/wp\/v2\/comments?post=3975"}],"version-history":[{"count":6,"href":"https:\/\/www.gemeinde-untermarchtal.de\/index.php\/wp-json\/wp\/v2\/pages\/3975\/revisions"}],"predecessor-version":[{"id":3989,"href":"https:\/\/www.gemeinde-untermarchtal.de\/index.php\/wp-json\/wp\/v2\/pages\/3975\/revisions\/3989"}],"wp:attachment":[{"href":"https:\/\/www.gemeinde-untermarchtal.de\/index.php\/wp-json\/wp\/v2\/media?parent=3975"}],"curies":[{"name":"wp","href":"https:\/\/api.w.org\/{rel}","templated":true}]}}