{"id":3993,"date":"2021-08-17T18:28:55","date_gmt":"2021-08-17T16:28:55","guid":{"rendered":"https:\/\/www.gemeinde-untermarchtal.de\/?page_id=3993"},"modified":"2021-08-17T18:37:18","modified_gmt":"2021-08-17T16:37:18","slug":"vor-150-jahren-pflanzung-der-3-friedenslinden-bei-untermarchtal","status":"publish","type":"page","link":"https:\/\/www.gemeinde-untermarchtal.de\/index.php\/vor-150-jahren-pflanzung-der-3-friedenslinden-bei-untermarchtal\/","title":{"rendered":"Vor 150 Jahren Pflanzung der \u201e3 Friedenslinden\u201c bei Untermarchtal"},"content":{"rendered":"<p>Untermarchtal (hi) Wichtigster Satz des Originaltextes von der Aufschreibung in der Pfarrchronik Untermarchtal vom damaligen Ortspfarrer Franz Josef Schwithelm, dem seinerzeitigen historischen Ereignis, lautet wohl: \u201eM\u00f6gen die 3 Linden den k\u00fcnftigen Geschlechtern Frieden verk\u00fcnden und wie Kaiser und Reich erstanden und dass die blutigen Kriege von 1870\/71 sinnvoll f\u00fcr Deutschland und Frankreich sind\u201c. Nach der Segnung der 3 Friedenslinden legten der Ortsgeistliche Franz Josef Schwithelm, die Tr\u00e4ger der Deutschen Fahnen und Veteranen aus den Befreiungskriegen 1815\/16, Josef Ziegler, Weber und Ege aus Algershofen -beide standen vor 56 Jahren in den Befreiungskriegen als Soldaten vor Paris gegen Napoleon im Krieg-, Hand an der Schaufel, gaben Boden an die Linden und pflanzten diese ein.<\/p>\n<h2>Aus der Pfarrchronik weiteres zu diesem Ereignis<\/h2>\n<p>Am 19. M\u00e4rz 1871, dem denkw\u00fcrdigen Ereignis und an \u201emeinem Namenstag\u201c so Pfarrer Schwitthelm, wurden die 3 Friedenslinden bei Untermarchtal gepflanzt. Voraus gingen politische und kriegerische Ereignisse zwischen Deutschland Frankreich. Am 19. Juli 1870 erkl\u00e4rte Frankreich Deutschland den Krieg. Die kriegerischen Auseinandersetzungen zogen sich zun\u00e4chst hin bis zur \u00dcbergabe Paris an die Deutschen am 28. Januar 1871 der die Unterzeichnung eines Waffenstillstands-Vertrag, zur Folge hatte. Zuvor schon am 18. Januar 1871 wurde K\u00f6nig Wilhelm I, K\u00f6nig von Preussen im Spiegelsaal von Schloss Versailles zum Deutschen Kaiser Wilhelm I ausgerufen. Dies war gleichzeitig die zweite deutsche Reichsgr\u00fcndung.\u00a0 Eine damalige Schmach f\u00fcr Frankreich. Die Siegeslaune Deutschlands wurde am 27.Februar 1871 mit einem 1-st\u00fcndigen Glockenleuten bekundet. Doch schlie\u00dflich wurde am 10. Mai 1871 mit dem Frieden von Frankfurt am Main, endg\u00fcltig der Krieg beendet. Die L\u00e4nder Elsass-Lothringen kamen zu Deutschland. \u00dcber 180 000 Soldaten kamen ums Leben, davon rund 44 000 Deutsche und 138 000 Franzosen, so die schreckliche Kriegsbilanz.<\/p>\n<h2>Die Festlichkeit zur Friedenslinden-Pflanzung<\/h2>\n<p>Wie schon eingangs beschrieben, war der Tag mit Feiern begr\u00fcndet. Der Tag begann mit einem Gottesdienst. Danach bewegte sich ein Festzug zum Ort der Lindenpflanzung in folgender Ordnung: Musik aus Munderkingen, die Tr\u00e4ger der Deutschen Fahnen gef\u00fchrt von den Veteranen Josef Ziegler und Ege, Algershofen. Hinter diesen gingen die Sch\u00fcler mit Fahnen, die Sch\u00fclerinnen mit Blumenkr\u00e4nzen. Hinter der zweiten Fahne gingen die Frauen der im Felde gestandenen Soldaten. Nach der dritten Fahne kam der Gemeinderat und Schulthei\u00df Johann Bierer, die J\u00fcnglinge und M\u00e4nner, darauf Frauen und M\u00e4dchen. Dann folgten Sebastian Br\u00f6ckel, Stra\u00dfenw\u00e4rter. Er war 2 Stunden zuvor als beurlaubter Soldat an der Festung \u201eBelfort\u201c in Frankreich vom Felde mit dem Zug heimgekommen in Uniform.<br \/>Auf Anordnung der Oberschulbeh\u00f6rde hielt Lehrer August Butscher auf dem Festplatz die Festrede mit den geschichtlichen Ereignissen von der Kriegserkl\u00e4rung am 19. Juli 1870 bis zum Friedensschluss mit Waffenstillstands-Erkl\u00e4rung am 28. Januar 1871. Nach der Weihe der 3 Linden wurde ein Hoch auf den Deutschen Kaiser Wilhelm I und die Tapferkeit der Soldaten angestimmt. Im Gasthaus \u201eAdler\u201c (heute Haus St. Josef des Klosters) feierte die ganze Gemeinde diesen Tag.<\/p>\n<h2>Weitere Notizen aus der Chronik<\/h2>\n<p>Aus Veranlassung der \u00dcbergabe von Paris an Deutschland, wurde hier am 1. Februar 1871 mit einer Schlittenfahrt der Schulkinder nach Kirchbierlingen dies gefeiert. Es nahmen daran teil; der Ortsgeistliche Pfarrer Franz Josef Schwithelm, Lehrer August Butscher, Schulthei\u00df Johann Bierer, der Gemeinderat sowie die Eltern der Sch\u00fcler aus Untermarchtal und G\u00fctelhofen. Am 5. M\u00e4rz 1871 war Pfarrer Schwithelm, ein geb\u00fcrtiger Ulmer, aus Anlass der Feier zum Friedensabschluss mit dem Zug nach Ulm gereist. Auf der Wilhelmsburg und auf dem M\u00fcnsterplatz wurden Feuerwerke abgebrannt. Am selben Tag hatte auch die Stadt Munderkingen ein \u201eFriedensfest\u201c mit Feuerwerk, Fackelzug und Musik veranstaltet.<\/p>\n<p>Am 24. M\u00e4rz 1871 fuhr ein Milit\u00e4rzug mit einer W\u00fcrttembergischen Companie von ca. 170 Mann durch Untermarchtal von der Festung Belfort kommend. Der Zug hielt an und es entstieg der Untermarchtaler Soldat und Schmied Carl Ege. Mit Blumen wurden Soldaten von den Schulkindern beschenkt. In der Garnisonsstadt Ulm wurden die siegreichen Truppen geehrt und gefeiert. Chronikschreiber Pfarrer Schwithelm und seine Amtskollegen von Neuburg, Kirchen, Hausen, Unterwachingen und Munderkingen waren dabei in Ulm.<br \/><br \/>Ein Trauergottesdienst f\u00fcr die Gefallenen mit Predigt, Amt und dem \u201eGro\u00dfen Te Deum\u201c, wurde in der Pfarrkirche am 19. Juli 1871 abgehalten. Das war 1 Jahr nach der Kriegserkl\u00e4rung. An den Gottesdienst\u00a0anschlie\u00dfend gingen die Soldaten, die \u00f6rtlichen Kollegien, Schulkinder und das Volk in gleicher Ordnung folgend durch den beflaggten und bekr\u00e4nzten Ort zu den \u201e3 Friedenslinden\u201c. Der Ortsgeistliche erinnerte an diesen Tagen des 25-j\u00e4hrigen Ehejubil\u00e4um des W\u00fcrttembergischen K\u00f6nigspaar Carl und K\u00f6nigin Olga und brachte ein Hoch auf Kaiser und K\u00f6nig.<\/p>\n<h2>Beschreibung der heutigen \u201e3 Friedenslinden\u201c an der Landstra\u00dfe nach Munderkingen<\/h2>\n<p>Nicht ganz spurlos gingen die 150 Jahre an den Lindenb\u00e4umen vorbei. Am 4. und 8. August 2013 wurden die B\u00e4ume schwer von einem Gewittersturm besch\u00e4digt. Gro\u00dfe \u00c4ste der Baumkronen und Teile der St\u00e4mme wurden abgerissen oder gespalten. Zusammen mit der Gemeinde und dem Baumpfleger Wolf Louis aus Munderkingen wurden die B\u00e4ume wieder einigerma\u00dfen restauriert. Die Wunden jedoch sind heute noch an den Naturdenkm\u00e4lern zu sehen. Doch ist festzustellen, dass die B\u00e4ume dieses Unheil \u00fcberstanden haben und das weitere Wachstum der historischen \u201e3 Friedenslinden\u201c sowie das \u201eGedenken des Friedens\u201c auch in Zukunft gesichert ist. Dies danken allj\u00e4hrlich die vielen Donaurad-Wanderer, die den Schatten der B\u00e4ume und die Sitzgelegenheit durch aufgestellte B\u00e4nke und Tische von der Gemeinde, genie\u00dfen. Eine aufgestellte Schrifttafel erinnert in kurzen Worten an die Historie der Friedenslinden. Gleichartige Friedenslinden wurden zur gleichen Zeit vor 150 Jahren in vielen Gemeinden und St\u00e4dten der Umgebung gepflanzt.<\/p>\n\n\n<figure class=\"wp-block-image size-full\"><img loading=\"lazy\" decoding=\"async\" width=\"760\" height=\"570\" src=\"https:\/\/www.gemeinde-untermarchtal.de\/bilder\/3_friedenslinden.jpg\" alt=\"\" class=\"wp-image-3998\"\/><\/figure>\n\n\n\n<figure class=\"wp-block-image size-full\"><img loading=\"lazy\" decoding=\"async\" width=\"570\" height=\"760\" src=\"https:\/\/www.gemeinde-untermarchtal.de\/bilder\/infotafel_3_friedenslinden.jpg\" alt=\"\" class=\"wp-image-4005\"\/><\/figure>\n","protected":false},"excerpt":{"rendered":"<p>Untermarchtal (hi) Wichtigster Satz des Originaltextes von der Aufschreibung in der Pfarrchronik Untermarchtal vom damaligen Ortspfarrer Franz Josef Schwithelm, dem seinerzeitigen historischen Ereignis, lautet wohl: \u201eM\u00f6gen die 3 Linden den k\u00fcnftigen Geschlechtern Frieden verk\u00fcnden und wie Kaiser und Reich erstanden und dass die blutigen Kriege von 1870\/71 sinnvoll f\u00fcr Deutschland und Frankreich sind\u201c. Nach der [&hellip;]<\/p>\n","protected":false},"author":1,"featured_media":0,"parent":0,"menu_order":0,"comment_status":"closed","ping_status":"closed","template":"page-templates\/standard_seite.php","meta":{"_acf_changed":false,"footnotes":""},"class_list":["post-3993","page","type-page","status-publish","hentry"],"acf":[],"yoast_head":"<!-- This site is optimized with the Yoast SEO plugin v26.7 - https:\/\/yoast.com\/wordpress\/plugins\/seo\/ -->\n<title>Vor 150 Jahren Pflanzung der \u201e3 Friedenslinden\u201c bei Untermarchtal - Gemeinde Untermarchtal<\/title>\n<meta name=\"robots\" content=\"index, follow, max-snippet:-1, max-image-preview:large, max-video-preview:-1\" \/>\n<link rel=\"canonical\" href=\"https:\/\/www.gemeinde-untermarchtal.de\/index.php\/vor-150-jahren-pflanzung-der-3-friedenslinden-bei-untermarchtal\/\" \/>\n<meta property=\"og:locale\" content=\"de_DE\" \/>\n<meta property=\"og:type\" content=\"article\" \/>\n<meta property=\"og:title\" content=\"Vor 150 Jahren Pflanzung der \u201e3 Friedenslinden\u201c bei Untermarchtal - Gemeinde Untermarchtal\" \/>\n<meta property=\"og:description\" content=\"Untermarchtal (hi) Wichtigster Satz des Originaltextes von der Aufschreibung in der Pfarrchronik Untermarchtal vom damaligen Ortspfarrer Franz Josef Schwithelm, dem seinerzeitigen historischen Ereignis, lautet wohl: \u201eM\u00f6gen die 3 Linden den k\u00fcnftigen Geschlechtern Frieden verk\u00fcnden und wie Kaiser und Reich erstanden und dass die blutigen Kriege von 1870\/71 sinnvoll f\u00fcr Deutschland und Frankreich sind\u201c. Nach der [&hellip;]\" \/>\n<meta property=\"og:url\" content=\"https:\/\/www.gemeinde-untermarchtal.de\/index.php\/vor-150-jahren-pflanzung-der-3-friedenslinden-bei-untermarchtal\/\" \/>\n<meta property=\"og:site_name\" content=\"Gemeinde Untermarchtal\" \/>\n<meta property=\"article:modified_time\" content=\"2021-08-17T16:37:18+00:00\" \/>\n<meta property=\"og:image\" content=\"https:\/\/www.gemeinde-untermarchtal.de\/bilder\/3_friedenslinden.jpg\" \/>\n<meta name=\"twitter:card\" content=\"summary_large_image\" \/>\n<meta name=\"twitter:label1\" content=\"Gesch\u00e4tzte Lesezeit\" \/>\n\t<meta name=\"twitter:data1\" content=\"5\u00a0Minuten\" \/>\n<script type=\"application\/ld+json\" class=\"yoast-schema-graph\">{\"@context\":\"https:\/\/schema.org\",\"@graph\":[{\"@type\":\"WebPage\",\"@id\":\"https:\/\/www.gemeinde-untermarchtal.de\/index.php\/vor-150-jahren-pflanzung-der-3-friedenslinden-bei-untermarchtal\/\",\"url\":\"https:\/\/www.gemeinde-untermarchtal.de\/index.php\/vor-150-jahren-pflanzung-der-3-friedenslinden-bei-untermarchtal\/\",\"name\":\"Vor 150 Jahren Pflanzung der \u201e3 Friedenslinden\u201c bei Untermarchtal - Gemeinde Untermarchtal\",\"isPartOf\":{\"@id\":\"https:\/\/www.gemeinde-untermarchtal.de\/#website\"},\"primaryImageOfPage\":{\"@id\":\"https:\/\/www.gemeinde-untermarchtal.de\/index.php\/vor-150-jahren-pflanzung-der-3-friedenslinden-bei-untermarchtal\/#primaryimage\"},\"image\":{\"@id\":\"https:\/\/www.gemeinde-untermarchtal.de\/index.php\/vor-150-jahren-pflanzung-der-3-friedenslinden-bei-untermarchtal\/#primaryimage\"},\"thumbnailUrl\":\"https:\/\/www.gemeinde-untermarchtal.de\/bilder\/3_friedenslinden.jpg\",\"datePublished\":\"2021-08-17T16:28:55+00:00\",\"dateModified\":\"2021-08-17T16:37:18+00:00\",\"breadcrumb\":{\"@id\":\"https:\/\/www.gemeinde-untermarchtal.de\/index.php\/vor-150-jahren-pflanzung-der-3-friedenslinden-bei-untermarchtal\/#breadcrumb\"},\"inLanguage\":\"de\",\"potentialAction\":[{\"@type\":\"ReadAction\",\"target\":[\"https:\/\/www.gemeinde-untermarchtal.de\/index.php\/vor-150-jahren-pflanzung-der-3-friedenslinden-bei-untermarchtal\/\"]}]},{\"@type\":\"ImageObject\",\"inLanguage\":\"de\",\"@id\":\"https:\/\/www.gemeinde-untermarchtal.de\/index.php\/vor-150-jahren-pflanzung-der-3-friedenslinden-bei-untermarchtal\/#primaryimage\",\"url\":\"https:\/\/www.gemeinde-untermarchtal.de\/bilder\/3_friedenslinden.jpg\",\"contentUrl\":\"https:\/\/www.gemeinde-untermarchtal.de\/bilder\/3_friedenslinden.jpg\",\"width\":760,\"height\":570},{\"@type\":\"BreadcrumbList\",\"@id\":\"https:\/\/www.gemeinde-untermarchtal.de\/index.php\/vor-150-jahren-pflanzung-der-3-friedenslinden-bei-untermarchtal\/#breadcrumb\",\"itemListElement\":[{\"@type\":\"ListItem\",\"position\":1,\"name\":\"Startseite\",\"item\":\"https:\/\/www.gemeinde-untermarchtal.de\/\"},{\"@type\":\"ListItem\",\"position\":2,\"name\":\"Vor 150 Jahren Pflanzung der \u201e3 Friedenslinden\u201c bei Untermarchtal\"}]},{\"@type\":\"WebSite\",\"@id\":\"https:\/\/www.gemeinde-untermarchtal.de\/#website\",\"url\":\"https:\/\/www.gemeinde-untermarchtal.de\/\",\"name\":\"Gemeinde Untermarchtal\",\"description\":\"Gemeinde Untermarchtal\",\"potentialAction\":[{\"@type\":\"SearchAction\",\"target\":{\"@type\":\"EntryPoint\",\"urlTemplate\":\"https:\/\/www.gemeinde-untermarchtal.de\/?s={search_term_string}\"},\"query-input\":{\"@type\":\"PropertyValueSpecification\",\"valueRequired\":true,\"valueName\":\"search_term_string\"}}],\"inLanguage\":\"de\"}]}<\/script>\n<!-- \/ Yoast SEO plugin. -->","yoast_head_json":{"title":"Vor 150 Jahren Pflanzung der \u201e3 Friedenslinden\u201c bei Untermarchtal - Gemeinde Untermarchtal","robots":{"index":"index","follow":"follow","max-snippet":"max-snippet:-1","max-image-preview":"max-image-preview:large","max-video-preview":"max-video-preview:-1"},"canonical":"https:\/\/www.gemeinde-untermarchtal.de\/index.php\/vor-150-jahren-pflanzung-der-3-friedenslinden-bei-untermarchtal\/","og_locale":"de_DE","og_type":"article","og_title":"Vor 150 Jahren Pflanzung der \u201e3 Friedenslinden\u201c bei Untermarchtal - Gemeinde Untermarchtal","og_description":"Untermarchtal (hi) Wichtigster Satz des Originaltextes von der Aufschreibung in der Pfarrchronik Untermarchtal vom damaligen Ortspfarrer Franz Josef Schwithelm, dem seinerzeitigen historischen Ereignis, lautet wohl: \u201eM\u00f6gen die 3 Linden den k\u00fcnftigen Geschlechtern Frieden verk\u00fcnden und wie Kaiser und Reich erstanden und dass die blutigen Kriege von 1870\/71 sinnvoll f\u00fcr Deutschland und Frankreich sind\u201c. Nach der [&hellip;]","og_url":"https:\/\/www.gemeinde-untermarchtal.de\/index.php\/vor-150-jahren-pflanzung-der-3-friedenslinden-bei-untermarchtal\/","og_site_name":"Gemeinde Untermarchtal","article_modified_time":"2021-08-17T16:37:18+00:00","og_image":[{"url":"https:\/\/www.gemeinde-untermarchtal.de\/bilder\/3_friedenslinden.jpg","type":"","width":"","height":""}],"twitter_card":"summary_large_image","twitter_misc":{"Gesch\u00e4tzte Lesezeit":"5\u00a0Minuten"},"schema":{"@context":"https:\/\/schema.org","@graph":[{"@type":"WebPage","@id":"https:\/\/www.gemeinde-untermarchtal.de\/index.php\/vor-150-jahren-pflanzung-der-3-friedenslinden-bei-untermarchtal\/","url":"https:\/\/www.gemeinde-untermarchtal.de\/index.php\/vor-150-jahren-pflanzung-der-3-friedenslinden-bei-untermarchtal\/","name":"Vor 150 Jahren Pflanzung der \u201e3 Friedenslinden\u201c bei Untermarchtal - Gemeinde Untermarchtal","isPartOf":{"@id":"https:\/\/www.gemeinde-untermarchtal.de\/#website"},"primaryImageOfPage":{"@id":"https:\/\/www.gemeinde-untermarchtal.de\/index.php\/vor-150-jahren-pflanzung-der-3-friedenslinden-bei-untermarchtal\/#primaryimage"},"image":{"@id":"https:\/\/www.gemeinde-untermarchtal.de\/index.php\/vor-150-jahren-pflanzung-der-3-friedenslinden-bei-untermarchtal\/#primaryimage"},"thumbnailUrl":"https:\/\/www.gemeinde-untermarchtal.de\/bilder\/3_friedenslinden.jpg","datePublished":"2021-08-17T16:28:55+00:00","dateModified":"2021-08-17T16:37:18+00:00","breadcrumb":{"@id":"https:\/\/www.gemeinde-untermarchtal.de\/index.php\/vor-150-jahren-pflanzung-der-3-friedenslinden-bei-untermarchtal\/#breadcrumb"},"inLanguage":"de","potentialAction":[{"@type":"ReadAction","target":["https:\/\/www.gemeinde-untermarchtal.de\/index.php\/vor-150-jahren-pflanzung-der-3-friedenslinden-bei-untermarchtal\/"]}]},{"@type":"ImageObject","inLanguage":"de","@id":"https:\/\/www.gemeinde-untermarchtal.de\/index.php\/vor-150-jahren-pflanzung-der-3-friedenslinden-bei-untermarchtal\/#primaryimage","url":"https:\/\/www.gemeinde-untermarchtal.de\/bilder\/3_friedenslinden.jpg","contentUrl":"https:\/\/www.gemeinde-untermarchtal.de\/bilder\/3_friedenslinden.jpg","width":760,"height":570},{"@type":"BreadcrumbList","@id":"https:\/\/www.gemeinde-untermarchtal.de\/index.php\/vor-150-jahren-pflanzung-der-3-friedenslinden-bei-untermarchtal\/#breadcrumb","itemListElement":[{"@type":"ListItem","position":1,"name":"Startseite","item":"https:\/\/www.gemeinde-untermarchtal.de\/"},{"@type":"ListItem","position":2,"name":"Vor 150 Jahren Pflanzung der \u201e3 Friedenslinden\u201c bei Untermarchtal"}]},{"@type":"WebSite","@id":"https:\/\/www.gemeinde-untermarchtal.de\/#website","url":"https:\/\/www.gemeinde-untermarchtal.de\/","name":"Gemeinde Untermarchtal","description":"Gemeinde Untermarchtal","potentialAction":[{"@type":"SearchAction","target":{"@type":"EntryPoint","urlTemplate":"https:\/\/www.gemeinde-untermarchtal.de\/?s={search_term_string}"},"query-input":{"@type":"PropertyValueSpecification","valueRequired":true,"valueName":"search_term_string"}}],"inLanguage":"de"}]}},"_links":{"self":[{"href":"https:\/\/www.gemeinde-untermarchtal.de\/index.php\/wp-json\/wp\/v2\/pages\/3993","targetHints":{"allow":["GET"]}}],"collection":[{"href":"https:\/\/www.gemeinde-untermarchtal.de\/index.php\/wp-json\/wp\/v2\/pages"}],"about":[{"href":"https:\/\/www.gemeinde-untermarchtal.de\/index.php\/wp-json\/wp\/v2\/types\/page"}],"author":[{"embeddable":true,"href":"https:\/\/www.gemeinde-untermarchtal.de\/index.php\/wp-json\/wp\/v2\/users\/1"}],"replies":[{"embeddable":true,"href":"https:\/\/www.gemeinde-untermarchtal.de\/index.php\/wp-json\/wp\/v2\/comments?post=3993"}],"version-history":[{"count":6,"href":"https:\/\/www.gemeinde-untermarchtal.de\/index.php\/wp-json\/wp\/v2\/pages\/3993\/revisions"}],"predecessor-version":[{"id":4007,"href":"https:\/\/www.gemeinde-untermarchtal.de\/index.php\/wp-json\/wp\/v2\/pages\/3993\/revisions\/4007"}],"wp:attachment":[{"href":"https:\/\/www.gemeinde-untermarchtal.de\/index.php\/wp-json\/wp\/v2\/media?parent=3993"}],"curies":[{"name":"wp","href":"https:\/\/api.w.org\/{rel}","templated":true}]}}