{"id":4182,"date":"2022-04-21T19:40:50","date_gmt":"2022-04-21T17:40:50","guid":{"rendered":"https:\/\/www.gemeinde-untermarchtal.de\/?page_id=4182"},"modified":"2022-04-21T19:47:09","modified_gmt":"2022-04-21T17:47:09","slug":"fussball-club-marchtal-besteht-seit-30-jahren","status":"publish","type":"page","link":"https:\/\/www.gemeinde-untermarchtal.de\/index.php\/fussball-club-marchtal-besteht-seit-30-jahren\/","title":{"rendered":"Fu\u00dfball Club Marchtal besteht seit 30 Jahren"},"content":{"rendered":"\n<p>Die Fu\u00dfballfreunde beider \u201eMarchtal-Fu\u00dfball-Fans\u201c und weitere Fu\u00dfball-Anh\u00e4nger in der Region haben vor 30 Jahren die Fusion beider Stammvereine SV Untermarchtal und SpVgg Obermarchtal mit einer gewissen Skepsis beobachtet. Gewiss nicht zu Unrecht. Aber im Laufe von 30 Jahren \u201eFC Marchtal e.V.\u201c sind diese Zweifel ausger\u00e4umt und Bedenken dar\u00fcber geh\u00f6ren der Vergangenheit an. Treue Anh\u00e4nger, Fans und Fu\u00dfballfreunde geh\u00f6ren schon l\u00e4ngst zur festen Instution \u201eFC Marchtal\u201c. Auch deswegen, weil doch erhoffte Erfolge mit 10 Meisterschaften der Aktiven, davon je 5 der I. Mannschaft und der Reserve eingefahren wurden. Verbunden waren damit 5-mal der Aufstieg von der Kreisliga B in die Kreisliga A. Der damalige erste Trainer der Anfangssaison 1992\/93 in der KL B war ein Marchtaler Eigengew\u00e4chs in Person von Erwin M\u00f6nch. Er hatte die Saison 1991\/92 mit dem Nachbarverein VfL Munderkingen den Aufstieg in die Bezirkslage geschafft. In einem Gespr\u00e4ch \u00fcber die damalige Zeit vor 30 Jahren mit der Traineramts-\u00dcbernahme beim Neugegr\u00fcndeten FC Marchtal war seine Erkenntnis, \u201edie Mannschaft war sehr gut besetzt, hat aber aus ihrem Potential zu wenig gemacht\u201c. Die gleiche Sichtweise hatte auch der damalige erste Fu\u00dfball-Abteilungsleiter Anton Baur, urspr\u00fcnglich ein Nachbar-Fu\u00dfballer vom VfL Munderkingen, nach der ersten Saison. Die Erwartungshaltung an das Fu\u00dfballern war so gesehen \u201eeinen Tick zu hoch\u201c. &nbsp;Dennoch, am Ende der ersten Spielzeit belegte das Team einen guten 4. Tabellenrang, hatte ein \u00fcberragendes Torverh\u00e4ltnis von 115:46 und ein Punktekonto -bei damaligen \u201e2 Punktesiegregelung\u201c- mit 42:18 vorzuweisen. Die Reserve belegte am Saisonende den guten 3. Tabellenrang. Apropos Reserve: Der \u201ezweite Anzug des FCM\u201c passte stets ins Spielkonzept des FCM. Nur der damalige Meister SF Kirchen hatte ein besseres Tor- und Punktekonto eingespielt. Zur Erinnerung: Bester Torsch\u00fctze beim FCM war Wolfgang Epp mit 35 Treffer! Langweilig gings beim FC Marchtal nie zu, denn die Aufstiegsfreude w\u00e4hrte jedoch immer nur kurz. Der erste Aufstieg in die Kreisliga A gelang im Spieljahr 1996\/97 mit Trainer Konrad Wei\u00df. &nbsp;Insgesamt f\u00fcnfmal ging es f\u00fcr die \u201eErste\u201c dann zur\u00fcck in die Kreisliga B. &nbsp;Aktuell spielt der FCM in der Kreisliga A und belegt den zweitletzten Platz und liegt so leider im Trend der vergangenen Spieljahre. Die Jugendteams errangen in diesen 30 Jahren 5 Staffelmeisterschaften der Kreisstaffeln. Hier war die D-Jugend des FC Marchtal 1-mal erfolgreich. Die A- und B- Jugend sowie die C-Jugend und wieder die D-Jugend waren in Spielgemeinschaften mit dem SSV Emerkingen 1-mal mit der B-Jugend und 3-mal mit den Spielgemeinschaften mit dem SC Lauterach und den SF Kirchen mit Staffelmeisterschaften an ihr Klassenziel gelangt. &nbsp;<\/p>\n\n\n\n<h2 class=\"wp-block-heading\">Vereinsgr\u00fcndung<\/h2>\n\n\n\n<p>Am 3. April 1992 wurde in Anwesenheit von 65 Vereinsvertreter beider Stammvereine im Sportheim des SV Untermarchtal die Gr\u00fcndung des FC Marchtal ohne Gegenstimmen beschlossen. Dies nach gr\u00fcndlichen Diskussionen und Fragenstellungen. Diskussions- und Versammlungsleiter August Tress, selbst langj\u00e4hriger Fu\u00dfballer in Obermarchtal, wies auf die \u00f6rtliche und bedeutende historische Situation der Fu\u00dfballer in \u201eMarchtal\u201c hin. &nbsp;Die Gr\u00fcnde zur Vereinigung der \u201eMarchtaler Fu\u00dfballer\u201c zum FC Marchtal waren tiefgreifend. In beiden Vereinen hatte die Personalnot der aktiven Fu\u00dfballer um sich gegriffen. Beispiele von gelungenen aber vom Fu\u00dfball-Verband nicht so gern gesehenen Fusionen von Fu\u00dfballvereinen in der Region gab es schon. Wie zum Beispiel SG Justingen mit dem TSV Ingstetten zum Verein FC Schelklingen-Alb. Oder SSV H\u00fctten mit dem TSV Schmiechen zum FC Schmiechtal. August Tress konnte die Fragen stets beantworten und die Satzungs-Formalit\u00e4ten sowie Spiel- und Trainingsorte, Sportger\u00e4te, Spielanlagen und Vereinsfarben blau-wei\u00df-gr\u00fcn in ein fertiges und abzustimmendes Ergebnis bringen. &nbsp;Als Vereinssitz wurde der Ort Untermarchtal bestimmt.<br><\/p>\n\n\n\n<p>Die Wahlen: Als 1. Vorsitzender wurde Herbert Bosler gew\u00e4hlt sein Stellvertreter ist August Tress, Kassier Erich Orzek, Schriftf\u00fchrer Stefan Fundel, Abteilungsleiter Anton Baur, Jugendleiter Josef H\u00e4nle. Dessen Stellvertreter Norbert Sch\u00e4dler. Zu Beisitzer gew\u00e4hlt wurden Hans Foydl, Klaus St\u00f6hr, Roland Gehlhoff und Peter H\u00e4rle. Kassenpr\u00fcfer Walter St\u00fctzle und Kurt Stoo\u00df.<br>Aktuell im Jahre 2022 steht dem FC Marchtal mit Dominik Rammelmayr als 1. Vorsitzender und Fabian Georgescu als sein Stellvertreter vor. Kassier ist Felix Koch, Schriftf\u00fchrer ist Florian Gl\u00f6kler, Jugendleiter ist Matthias H\u00e4nle, Beisitzer sind Thomas M\u00fcllersch\u00f6n und Markus Kobylka. Kassenpr\u00fcfer sind Florian Burgmaier und Johannes Striegel. Derzeitig hat der Verein rund 150 Mitglieder. Aktuell stehen dem FC Marchtal gen\u00fcgend Aktive und auch Jugendliche zur Verf\u00fcgung. Mit Erwin Braun steht zurzeit leider nur 1 Schiedsrichter dem FCM zur Verf\u00fcgung. Ob es eine \u201eGeburtstagsfeier\u201c zum 30-j\u00e4hrigen FC Marchtal Bestehen gibt, ist derzeit noch unklar.<\/p>\n\n\n\n<p>Fazit: Was fast immer \u00fcber die 30 Jahre FC Marchtal ein Mangel war und vielleicht auch ein Grund zur Festigung und Erhaltung eines besseren Spielklassenniveau: Die Stellung und damit Einstellung zur Mitarbeit bei der Jugendbetreuung samt Traineramt. Dies w\u00e4re eine gute Grundlage zur Weiterentwicklung und doch immer guten und anhaltenden Vereinsstimmung des FC Marchtal.<\/p>\n\n\n\n<figure class=\"wp-block-image size-full\"><img loading=\"lazy\" decoding=\"async\" width=\"1386\" height=\"874\" src=\"https:\/\/www.gemeinde-untermarchtal.de\/bilder\/fc_marchtal-1.jpg\" alt=\"FC Marchtal - Mannschaftsfoto\" class=\"wp-image-4185\" srcset=\"https:\/\/www.gemeinde-untermarchtal.de\/bilder\/fc_marchtal-1.jpg 1386w, https:\/\/www.gemeinde-untermarchtal.de\/bilder\/fc_marchtal-1-768x484.jpg 768w\" sizes=\"auto, (max-width: 1386px) 100vw, 1386px\" \/><figcaption>FC Marchtal - Mannschaftsfoto<\/figcaption><\/figure>\n\n\n\n<p>Mannschaftsfoto vom Gr\u00fcndungsjahr 1992: Beim ersten Spiel der 1. Mannschaft des neugegr\u00fcndeten FC Marchtal am 18.Juli 1992 beim TSV Ri\u00dftissen waren folgende Spieler im Aufgebot: Vorderer Reihe knieend v li: Stefan Fundel, Anton Buck, Bernd Kitzke, Karl Wicker, J\u00fcrgen Illenberger, Ralf Schlenker, Elmar Fischer. Hintere Reihe stehend v li: Erwin M\u00f6nch (Trainer) Josef Fischer, Theo Hagel, Josef H\u00e4nle, Erich Orzek, Wolfgang Epp, Klaus Bonelli, Max Kopp, Tobias Lang.<br>Es fehlen auf dem Foto: Stefan Flach, Dietmar Fundel, Ingo Fischer. Das Spielergebnis: 3:2 f\u00fcr den TSV Ri\u00dftissen. \u00a0<br>(Bericht und Foto: Hermann Josef Illenberger)<\/p>\n","protected":false},"excerpt":{"rendered":"<p>Die Fu\u00dfballfreunde beider \u201eMarchtal-Fu\u00dfball-Fans\u201c und weitere Fu\u00dfball-Anh\u00e4nger in der Region haben vor 30 Jahren die Fusion beider Stammvereine SV Untermarchtal und SpVgg Obermarchtal mit einer gewissen Skepsis beobachtet. Gewiss nicht zu Unrecht. Aber im Laufe von 30 Jahren \u201eFC Marchtal e.V.\u201c sind diese Zweifel ausger\u00e4umt und Bedenken dar\u00fcber geh\u00f6ren der Vergangenheit an. Treue Anh\u00e4nger, Fans [&hellip;]<\/p>\n","protected":false},"author":1,"featured_media":0,"parent":0,"menu_order":0,"comment_status":"closed","ping_status":"closed","template":"page-templates\/_template_historische_beitraege.php","meta":{"_acf_changed":false,"footnotes":""},"class_list":["post-4182","page","type-page","status-publish","hentry"],"acf":[],"yoast_head":"<!-- This site is optimized with the Yoast SEO plugin v26.7 - https:\/\/yoast.com\/wordpress\/plugins\/seo\/ -->\n<title>Fu\u00dfball Club Marchtal besteht seit 30 Jahren - Gemeinde Untermarchtal<\/title>\n<meta name=\"robots\" content=\"index, follow, max-snippet:-1, max-image-preview:large, max-video-preview:-1\" \/>\n<link rel=\"canonical\" href=\"https:\/\/www.gemeinde-untermarchtal.de\/index.php\/fussball-club-marchtal-besteht-seit-30-jahren\/\" \/>\n<meta property=\"og:locale\" content=\"de_DE\" \/>\n<meta property=\"og:type\" content=\"article\" \/>\n<meta property=\"og:title\" content=\"Fu\u00dfball Club Marchtal besteht seit 30 Jahren - Gemeinde Untermarchtal\" \/>\n<meta property=\"og:description\" content=\"Die Fu\u00dfballfreunde beider \u201eMarchtal-Fu\u00dfball-Fans\u201c und weitere Fu\u00dfball-Anh\u00e4nger in der Region haben vor 30 Jahren die Fusion beider Stammvereine SV Untermarchtal und SpVgg Obermarchtal mit einer gewissen Skepsis beobachtet. Gewiss nicht zu Unrecht. Aber im Laufe von 30 Jahren \u201eFC Marchtal e.V.\u201c sind diese Zweifel ausger\u00e4umt und Bedenken dar\u00fcber geh\u00f6ren der Vergangenheit an. Treue Anh\u00e4nger, Fans [&hellip;]\" \/>\n<meta property=\"og:url\" content=\"https:\/\/www.gemeinde-untermarchtal.de\/index.php\/fussball-club-marchtal-besteht-seit-30-jahren\/\" \/>\n<meta property=\"og:site_name\" content=\"Gemeinde Untermarchtal\" \/>\n<meta property=\"article:modified_time\" content=\"2022-04-21T17:47:09+00:00\" \/>\n<meta property=\"og:image\" content=\"https:\/\/www.gemeinde-untermarchtal.de\/bilder\/fc_marchtal-1.jpg\" \/>\n<meta name=\"twitter:card\" content=\"summary_large_image\" \/>\n<meta name=\"twitter:label1\" content=\"Gesch\u00e4tzte Lesezeit\" \/>\n\t<meta name=\"twitter:data1\" content=\"5\u00a0Minuten\" \/>\n<script type=\"application\/ld+json\" class=\"yoast-schema-graph\">{\"@context\":\"https:\/\/schema.org\",\"@graph\":[{\"@type\":\"WebPage\",\"@id\":\"https:\/\/www.gemeinde-untermarchtal.de\/index.php\/fussball-club-marchtal-besteht-seit-30-jahren\/\",\"url\":\"https:\/\/www.gemeinde-untermarchtal.de\/index.php\/fussball-club-marchtal-besteht-seit-30-jahren\/\",\"name\":\"Fu\u00dfball Club Marchtal besteht seit 30 Jahren - Gemeinde Untermarchtal\",\"isPartOf\":{\"@id\":\"https:\/\/www.gemeinde-untermarchtal.de\/#website\"},\"primaryImageOfPage\":{\"@id\":\"https:\/\/www.gemeinde-untermarchtal.de\/index.php\/fussball-club-marchtal-besteht-seit-30-jahren\/#primaryimage\"},\"image\":{\"@id\":\"https:\/\/www.gemeinde-untermarchtal.de\/index.php\/fussball-club-marchtal-besteht-seit-30-jahren\/#primaryimage\"},\"thumbnailUrl\":\"https:\/\/www.gemeinde-untermarchtal.de\/bilder\/fc_marchtal-1.jpg\",\"datePublished\":\"2022-04-21T17:40:50+00:00\",\"dateModified\":\"2022-04-21T17:47:09+00:00\",\"breadcrumb\":{\"@id\":\"https:\/\/www.gemeinde-untermarchtal.de\/index.php\/fussball-club-marchtal-besteht-seit-30-jahren\/#breadcrumb\"},\"inLanguage\":\"de\",\"potentialAction\":[{\"@type\":\"ReadAction\",\"target\":[\"https:\/\/www.gemeinde-untermarchtal.de\/index.php\/fussball-club-marchtal-besteht-seit-30-jahren\/\"]}]},{\"@type\":\"ImageObject\",\"inLanguage\":\"de\",\"@id\":\"https:\/\/www.gemeinde-untermarchtal.de\/index.php\/fussball-club-marchtal-besteht-seit-30-jahren\/#primaryimage\",\"url\":\"https:\/\/www.gemeinde-untermarchtal.de\/bilder\/fc_marchtal-1.jpg\",\"contentUrl\":\"https:\/\/www.gemeinde-untermarchtal.de\/bilder\/fc_marchtal-1.jpg\",\"width\":1386,\"height\":874,\"caption\":\"FC Marchtal - Mannschaftsfoto\"},{\"@type\":\"BreadcrumbList\",\"@id\":\"https:\/\/www.gemeinde-untermarchtal.de\/index.php\/fussball-club-marchtal-besteht-seit-30-jahren\/#breadcrumb\",\"itemListElement\":[{\"@type\":\"ListItem\",\"position\":1,\"name\":\"Startseite\",\"item\":\"https:\/\/www.gemeinde-untermarchtal.de\/\"},{\"@type\":\"ListItem\",\"position\":2,\"name\":\"Fu\u00dfball Club Marchtal besteht seit 30 Jahren\"}]},{\"@type\":\"WebSite\",\"@id\":\"https:\/\/www.gemeinde-untermarchtal.de\/#website\",\"url\":\"https:\/\/www.gemeinde-untermarchtal.de\/\",\"name\":\"Gemeinde Untermarchtal\",\"description\":\"Gemeinde Untermarchtal\",\"potentialAction\":[{\"@type\":\"SearchAction\",\"target\":{\"@type\":\"EntryPoint\",\"urlTemplate\":\"https:\/\/www.gemeinde-untermarchtal.de\/?s={search_term_string}\"},\"query-input\":{\"@type\":\"PropertyValueSpecification\",\"valueRequired\":true,\"valueName\":\"search_term_string\"}}],\"inLanguage\":\"de\"}]}<\/script>\n<!-- \/ Yoast SEO plugin. -->","yoast_head_json":{"title":"Fu\u00dfball Club Marchtal besteht seit 30 Jahren - Gemeinde Untermarchtal","robots":{"index":"index","follow":"follow","max-snippet":"max-snippet:-1","max-image-preview":"max-image-preview:large","max-video-preview":"max-video-preview:-1"},"canonical":"https:\/\/www.gemeinde-untermarchtal.de\/index.php\/fussball-club-marchtal-besteht-seit-30-jahren\/","og_locale":"de_DE","og_type":"article","og_title":"Fu\u00dfball Club Marchtal besteht seit 30 Jahren - Gemeinde Untermarchtal","og_description":"Die Fu\u00dfballfreunde beider \u201eMarchtal-Fu\u00dfball-Fans\u201c und weitere Fu\u00dfball-Anh\u00e4nger in der Region haben vor 30 Jahren die Fusion beider Stammvereine SV Untermarchtal und SpVgg Obermarchtal mit einer gewissen Skepsis beobachtet. Gewiss nicht zu Unrecht. Aber im Laufe von 30 Jahren \u201eFC Marchtal e.V.\u201c sind diese Zweifel ausger\u00e4umt und Bedenken dar\u00fcber geh\u00f6ren der Vergangenheit an. Treue Anh\u00e4nger, Fans [&hellip;]","og_url":"https:\/\/www.gemeinde-untermarchtal.de\/index.php\/fussball-club-marchtal-besteht-seit-30-jahren\/","og_site_name":"Gemeinde Untermarchtal","article_modified_time":"2022-04-21T17:47:09+00:00","og_image":[{"url":"https:\/\/www.gemeinde-untermarchtal.de\/bilder\/fc_marchtal-1.jpg","type":"","width":"","height":""}],"twitter_card":"summary_large_image","twitter_misc":{"Gesch\u00e4tzte Lesezeit":"5\u00a0Minuten"},"schema":{"@context":"https:\/\/schema.org","@graph":[{"@type":"WebPage","@id":"https:\/\/www.gemeinde-untermarchtal.de\/index.php\/fussball-club-marchtal-besteht-seit-30-jahren\/","url":"https:\/\/www.gemeinde-untermarchtal.de\/index.php\/fussball-club-marchtal-besteht-seit-30-jahren\/","name":"Fu\u00dfball Club Marchtal besteht seit 30 Jahren - Gemeinde Untermarchtal","isPartOf":{"@id":"https:\/\/www.gemeinde-untermarchtal.de\/#website"},"primaryImageOfPage":{"@id":"https:\/\/www.gemeinde-untermarchtal.de\/index.php\/fussball-club-marchtal-besteht-seit-30-jahren\/#primaryimage"},"image":{"@id":"https:\/\/www.gemeinde-untermarchtal.de\/index.php\/fussball-club-marchtal-besteht-seit-30-jahren\/#primaryimage"},"thumbnailUrl":"https:\/\/www.gemeinde-untermarchtal.de\/bilder\/fc_marchtal-1.jpg","datePublished":"2022-04-21T17:40:50+00:00","dateModified":"2022-04-21T17:47:09+00:00","breadcrumb":{"@id":"https:\/\/www.gemeinde-untermarchtal.de\/index.php\/fussball-club-marchtal-besteht-seit-30-jahren\/#breadcrumb"},"inLanguage":"de","potentialAction":[{"@type":"ReadAction","target":["https:\/\/www.gemeinde-untermarchtal.de\/index.php\/fussball-club-marchtal-besteht-seit-30-jahren\/"]}]},{"@type":"ImageObject","inLanguage":"de","@id":"https:\/\/www.gemeinde-untermarchtal.de\/index.php\/fussball-club-marchtal-besteht-seit-30-jahren\/#primaryimage","url":"https:\/\/www.gemeinde-untermarchtal.de\/bilder\/fc_marchtal-1.jpg","contentUrl":"https:\/\/www.gemeinde-untermarchtal.de\/bilder\/fc_marchtal-1.jpg","width":1386,"height":874,"caption":"FC Marchtal - Mannschaftsfoto"},{"@type":"BreadcrumbList","@id":"https:\/\/www.gemeinde-untermarchtal.de\/index.php\/fussball-club-marchtal-besteht-seit-30-jahren\/#breadcrumb","itemListElement":[{"@type":"ListItem","position":1,"name":"Startseite","item":"https:\/\/www.gemeinde-untermarchtal.de\/"},{"@type":"ListItem","position":2,"name":"Fu\u00dfball Club Marchtal besteht seit 30 Jahren"}]},{"@type":"WebSite","@id":"https:\/\/www.gemeinde-untermarchtal.de\/#website","url":"https:\/\/www.gemeinde-untermarchtal.de\/","name":"Gemeinde Untermarchtal","description":"Gemeinde Untermarchtal","potentialAction":[{"@type":"SearchAction","target":{"@type":"EntryPoint","urlTemplate":"https:\/\/www.gemeinde-untermarchtal.de\/?s={search_term_string}"},"query-input":{"@type":"PropertyValueSpecification","valueRequired":true,"valueName":"search_term_string"}}],"inLanguage":"de"}]}},"_links":{"self":[{"href":"https:\/\/www.gemeinde-untermarchtal.de\/index.php\/wp-json\/wp\/v2\/pages\/4182","targetHints":{"allow":["GET"]}}],"collection":[{"href":"https:\/\/www.gemeinde-untermarchtal.de\/index.php\/wp-json\/wp\/v2\/pages"}],"about":[{"href":"https:\/\/www.gemeinde-untermarchtal.de\/index.php\/wp-json\/wp\/v2\/types\/page"}],"author":[{"embeddable":true,"href":"https:\/\/www.gemeinde-untermarchtal.de\/index.php\/wp-json\/wp\/v2\/users\/1"}],"replies":[{"embeddable":true,"href":"https:\/\/www.gemeinde-untermarchtal.de\/index.php\/wp-json\/wp\/v2\/comments?post=4182"}],"version-history":[{"count":3,"href":"https:\/\/www.gemeinde-untermarchtal.de\/index.php\/wp-json\/wp\/v2\/pages\/4182\/revisions"}],"predecessor-version":[{"id":4187,"href":"https:\/\/www.gemeinde-untermarchtal.de\/index.php\/wp-json\/wp\/v2\/pages\/4182\/revisions\/4187"}],"wp:attachment":[{"href":"https:\/\/www.gemeinde-untermarchtal.de\/index.php\/wp-json\/wp\/v2\/media?parent=4182"}],"curies":[{"name":"wp","href":"https:\/\/api.w.org\/{rel}","templated":true}]}}