{"id":4197,"date":"2022-05-04T11:12:11","date_gmt":"2022-05-04T09:12:11","guid":{"rendered":"https:\/\/www.gemeinde-untermarchtal.de\/?page_id=4197"},"modified":"2022-05-04T11:22:27","modified_gmt":"2022-05-04T09:22:27","slug":"vor-70-jahren-baubeginn-der-neuen-ortsdonaubruecke-in-untermarchtal","status":"publish","type":"page","link":"https:\/\/www.gemeinde-untermarchtal.de\/index.php\/vor-70-jahren-baubeginn-der-neuen-ortsdonaubruecke-in-untermarchtal\/","title":{"rendered":"Vor 70 Jahren Baubeginn der neuen Ortsdonaubr\u00fccke in Untermarchtal"},"content":{"rendered":"\n<p>Text und Bilder: Hermann Josef Illenberger, Untermarchtal<\/p>\n\n\n\n<p>Nachdem die seit Juni 1945 bestehende Notholzbr\u00fccke mit 14 Jochpfeiler bauf\u00e4llig war, wurde die Stahlbetonbr\u00fccke ab exaktem Baubeginn am 12. Mai 1952 -also vor genau 70 Jahren- neu erstellt. Die \u00e4lteren Untermarchtaler B\u00fcrger erinnern sich noch. Allerdings war diese Br\u00fccke von 1952 nur mit einer Lastgrenze von 16 Tonnen versehen. Den Br\u00fcckenbau fertigte die Ehinger Baufirma Freudigmann. Und jetzt erstaunlich; am 26. Oktober 1952, also nach nur knapp 6 Monaten wurde die Br\u00fccke, die 4 Pfeiler hatte, eingeweiht und dem Verkehr \u00fcbergeben. Bautr\u00e4ger war zu 75 % das vor wenigen Tagen neugegr\u00fcndete Land Baden-W\u00fcrttemberg, weil diese Br\u00fccke bis zur Fertigstellung des Donautalviadukt im Herbst 1953 den Verkehr der Bundesstra\u00dfe 311 aufnehmen musste. Die Restkosten \u00fcbernahm der Landkreis Ehingen. Die Gesamtkosten der Stahlverbundbr\u00fccke beliefen sich auf 140 000 DM.<\/p>\n\n\n\n<p>Verkehrs\u00fcbergabe durch Landrat Gnann, kirchliche Weihe durch Ortspfarrer Erwin Scherrmann, Untermarchtals B\u00fcrgermeister war Helmut Winter. Im Gasthaus \u201eHirsch\u201c war dann die Feier.<br>Die schmale und bauf\u00e4llige Notholzbr\u00fccke wurde im November 1952 abgebaut. Beim oben erw\u00e4hnten und neu zu bauenden Donautal-Viadukt war bereits im Februar 1952 ebenfalls Baubeginn. Die 1952 gebaute Ortsdonaubr\u00fccke wurde im Jahr 2007 abgebrochen und an gleicher Stelle wieder neu ohne Grenzbelastung erstellt und im September 2008 dem Verkehr \u00fcbergeben. Dieser Akt wurde vom Regierungspr\u00e4sidenten Hermann Strampfer aus T\u00fcbingen \u00fcbernommen. Die kirchliche Weihe versah Klostersuperior Edgar Briemle. Da gleichzeitig die Untermarchtaler Klostergemeinschaft das \u201e150-j\u00e4hrige Jubil\u00e4um in W\u00fcrttemberg\u201c feierten, wurde an der Donaubr\u00fccke zu diesem Festtag eine Jubil\u00e4umslinde, die auch gleichzeitig der Br\u00fcckenbaum ist, gepflanzt.<\/p>\n\n\n\n<p>Verkehrs\u00fcbergabe durch Landrat Gnann, kirchliche Weihe durch Ortspfarrer Erwin Scherrmann, Untermarchtals B\u00fcrgermeister war Helmut Winter. Im Gasthaus \u201eHirsch\u201c war dann die Feier.<br>Doch auch Br\u00fccken baut man nicht f\u00fcr die Ewigkeit, sondern nur f\u00fcr Zukunft und wie es aber in einem Gedicht von Frau Else Lambert, fr\u00fcher in Maria Hilf wohnend, hei\u00dft: Bleibe fest und halt aus, bis auch deine Zeit ist aus!<\/p>\n\n\n\n<figure class=\"wp-block-image size-full\"><img loading=\"lazy\" decoding=\"async\" width=\"771\" height=\"578\" src=\"https:\/\/www.gemeinde-untermarchtal.de\/bilder\/ortsdonaubruecke_01.jpg\" alt=\"Ortsdonaubr\u00fccke Untermarchtal\" class=\"wp-image-4201\" srcset=\"https:\/\/www.gemeinde-untermarchtal.de\/bilder\/ortsdonaubruecke_01.jpg 771w, https:\/\/www.gemeinde-untermarchtal.de\/bilder\/ortsdonaubruecke_01-768x576.jpg 768w\" sizes=\"auto, (max-width: 771px) 100vw, 771px\" \/><figcaption>Ortsdonaubr\u00fccke Untermarchtal<\/figcaption><\/figure>\n\n\n\n<figure class=\"wp-block-image size-full\"><img loading=\"lazy\" decoding=\"async\" width=\"771\" height=\"578\" src=\"https:\/\/www.gemeinde-untermarchtal.de\/bilder\/ortsdonaubruecke_02.jpg\" alt=\"Ortsdonaubr\u00fccke Untermarchtal\" class=\"wp-image-4202\" srcset=\"https:\/\/www.gemeinde-untermarchtal.de\/bilder\/ortsdonaubruecke_02.jpg 771w, https:\/\/www.gemeinde-untermarchtal.de\/bilder\/ortsdonaubruecke_02-768x576.jpg 768w\" sizes=\"auto, (max-width: 771px) 100vw, 771px\" \/><figcaption>Das zweite Bild zeigt die Donaubr\u00fccke die im Jahre 1952 gebaut wurde.<\/figcaption><\/figure>\n\n\n\n<figure class=\"wp-block-image size-full\"><img loading=\"lazy\" decoding=\"async\" width=\"771\" height=\"578\" src=\"https:\/\/www.gemeinde-untermarchtal.de\/bilder\/ortsdonaubruecke_03.jpg\" alt=\"Ortsdonaubr\u00fccke Untermarchtal\" class=\"wp-image-4203\" srcset=\"https:\/\/www.gemeinde-untermarchtal.de\/bilder\/ortsdonaubruecke_03.jpg 771w, https:\/\/www.gemeinde-untermarchtal.de\/bilder\/ortsdonaubruecke_03-768x576.jpg 768w\" sizes=\"auto, (max-width: 771px) 100vw, 771px\" \/><figcaption>Das dritte Bild zeigt die heutige Donaubr\u00fccke die<br>2008 dem Verkehr \u00fcbergeben wurde.<\/figcaption><\/figure>\n","protected":false},"excerpt":{"rendered":"<p>Text und Bilder: Hermann Josef Illenberger, Untermarchtal Nachdem die seit Juni 1945 bestehende Notholzbr\u00fccke mit 14 Jochpfeiler bauf\u00e4llig war, wurde die Stahlbetonbr\u00fccke ab exaktem Baubeginn am 12. Mai 1952 -also vor genau 70 Jahren- neu erstellt. Die \u00e4lteren Untermarchtaler B\u00fcrger erinnern sich noch. Allerdings war diese Br\u00fccke von 1952 nur mit einer Lastgrenze von 16 [&hellip;]<\/p>\n","protected":false},"author":1,"featured_media":0,"parent":0,"menu_order":0,"comment_status":"closed","ping_status":"closed","template":"page-templates\/_template_historische_beitraege.php","meta":{"_acf_changed":false,"footnotes":""},"class_list":["post-4197","page","type-page","status-publish","hentry"],"acf":[],"yoast_head":"<!-- This site is optimized with the Yoast SEO plugin v26.7 - https:\/\/yoast.com\/wordpress\/plugins\/seo\/ -->\n<title>Vor 70 Jahren Baubeginn der neuen Ortsdonaubr\u00fccke in Untermarchtal - Gemeinde Untermarchtal<\/title>\n<meta name=\"robots\" content=\"index, follow, max-snippet:-1, max-image-preview:large, max-video-preview:-1\" \/>\n<link rel=\"canonical\" href=\"https:\/\/www.gemeinde-untermarchtal.de\/index.php\/vor-70-jahren-baubeginn-der-neuen-ortsdonaubruecke-in-untermarchtal\/\" \/>\n<meta property=\"og:locale\" content=\"de_DE\" \/>\n<meta property=\"og:type\" content=\"article\" \/>\n<meta property=\"og:title\" content=\"Vor 70 Jahren Baubeginn der neuen Ortsdonaubr\u00fccke in Untermarchtal - Gemeinde Untermarchtal\" \/>\n<meta property=\"og:description\" content=\"Text und Bilder: Hermann Josef Illenberger, Untermarchtal Nachdem die seit Juni 1945 bestehende Notholzbr\u00fccke mit 14 Jochpfeiler bauf\u00e4llig war, wurde die Stahlbetonbr\u00fccke ab exaktem Baubeginn am 12. Mai 1952 -also vor genau 70 Jahren- neu erstellt. Die \u00e4lteren Untermarchtaler B\u00fcrger erinnern sich noch. Allerdings war diese Br\u00fccke von 1952 nur mit einer Lastgrenze von 16 [&hellip;]\" \/>\n<meta property=\"og:url\" content=\"https:\/\/www.gemeinde-untermarchtal.de\/index.php\/vor-70-jahren-baubeginn-der-neuen-ortsdonaubruecke-in-untermarchtal\/\" \/>\n<meta property=\"og:site_name\" content=\"Gemeinde Untermarchtal\" \/>\n<meta property=\"article:modified_time\" content=\"2022-05-04T09:22:27+00:00\" \/>\n<meta property=\"og:image\" content=\"https:\/\/www.gemeinde-untermarchtal.de\/bilder\/ortsdonaubruecke_01.jpg\" \/>\n<meta name=\"twitter:card\" content=\"summary_large_image\" \/>\n<meta name=\"twitter:label1\" content=\"Gesch\u00e4tzte Lesezeit\" \/>\n\t<meta name=\"twitter:data1\" content=\"3\u00a0Minuten\" \/>\n<script type=\"application\/ld+json\" class=\"yoast-schema-graph\">{\"@context\":\"https:\/\/schema.org\",\"@graph\":[{\"@type\":\"WebPage\",\"@id\":\"https:\/\/www.gemeinde-untermarchtal.de\/index.php\/vor-70-jahren-baubeginn-der-neuen-ortsdonaubruecke-in-untermarchtal\/\",\"url\":\"https:\/\/www.gemeinde-untermarchtal.de\/index.php\/vor-70-jahren-baubeginn-der-neuen-ortsdonaubruecke-in-untermarchtal\/\",\"name\":\"Vor 70 Jahren Baubeginn der neuen Ortsdonaubr\u00fccke in Untermarchtal - Gemeinde Untermarchtal\",\"isPartOf\":{\"@id\":\"https:\/\/www.gemeinde-untermarchtal.de\/#website\"},\"primaryImageOfPage\":{\"@id\":\"https:\/\/www.gemeinde-untermarchtal.de\/index.php\/vor-70-jahren-baubeginn-der-neuen-ortsdonaubruecke-in-untermarchtal\/#primaryimage\"},\"image\":{\"@id\":\"https:\/\/www.gemeinde-untermarchtal.de\/index.php\/vor-70-jahren-baubeginn-der-neuen-ortsdonaubruecke-in-untermarchtal\/#primaryimage\"},\"thumbnailUrl\":\"https:\/\/www.gemeinde-untermarchtal.de\/bilder\/ortsdonaubruecke_01.jpg\",\"datePublished\":\"2022-05-04T09:12:11+00:00\",\"dateModified\":\"2022-05-04T09:22:27+00:00\",\"breadcrumb\":{\"@id\":\"https:\/\/www.gemeinde-untermarchtal.de\/index.php\/vor-70-jahren-baubeginn-der-neuen-ortsdonaubruecke-in-untermarchtal\/#breadcrumb\"},\"inLanguage\":\"de\",\"potentialAction\":[{\"@type\":\"ReadAction\",\"target\":[\"https:\/\/www.gemeinde-untermarchtal.de\/index.php\/vor-70-jahren-baubeginn-der-neuen-ortsdonaubruecke-in-untermarchtal\/\"]}]},{\"@type\":\"ImageObject\",\"inLanguage\":\"de\",\"@id\":\"https:\/\/www.gemeinde-untermarchtal.de\/index.php\/vor-70-jahren-baubeginn-der-neuen-ortsdonaubruecke-in-untermarchtal\/#primaryimage\",\"url\":\"https:\/\/www.gemeinde-untermarchtal.de\/bilder\/ortsdonaubruecke_01.jpg\",\"contentUrl\":\"https:\/\/www.gemeinde-untermarchtal.de\/bilder\/ortsdonaubruecke_01.jpg\",\"width\":771,\"height\":578,\"caption\":\"Ortsdonaubr\u00fccke Untermarchtal\"},{\"@type\":\"BreadcrumbList\",\"@id\":\"https:\/\/www.gemeinde-untermarchtal.de\/index.php\/vor-70-jahren-baubeginn-der-neuen-ortsdonaubruecke-in-untermarchtal\/#breadcrumb\",\"itemListElement\":[{\"@type\":\"ListItem\",\"position\":1,\"name\":\"Startseite\",\"item\":\"https:\/\/www.gemeinde-untermarchtal.de\/\"},{\"@type\":\"ListItem\",\"position\":2,\"name\":\"Vor 70 Jahren Baubeginn der neuen Ortsdonaubr\u00fccke in Untermarchtal\"}]},{\"@type\":\"WebSite\",\"@id\":\"https:\/\/www.gemeinde-untermarchtal.de\/#website\",\"url\":\"https:\/\/www.gemeinde-untermarchtal.de\/\",\"name\":\"Gemeinde Untermarchtal\",\"description\":\"Gemeinde Untermarchtal\",\"potentialAction\":[{\"@type\":\"SearchAction\",\"target\":{\"@type\":\"EntryPoint\",\"urlTemplate\":\"https:\/\/www.gemeinde-untermarchtal.de\/?s={search_term_string}\"},\"query-input\":{\"@type\":\"PropertyValueSpecification\",\"valueRequired\":true,\"valueName\":\"search_term_string\"}}],\"inLanguage\":\"de\"}]}<\/script>\n<!-- \/ Yoast SEO plugin. -->","yoast_head_json":{"title":"Vor 70 Jahren Baubeginn der neuen Ortsdonaubr\u00fccke in Untermarchtal - Gemeinde Untermarchtal","robots":{"index":"index","follow":"follow","max-snippet":"max-snippet:-1","max-image-preview":"max-image-preview:large","max-video-preview":"max-video-preview:-1"},"canonical":"https:\/\/www.gemeinde-untermarchtal.de\/index.php\/vor-70-jahren-baubeginn-der-neuen-ortsdonaubruecke-in-untermarchtal\/","og_locale":"de_DE","og_type":"article","og_title":"Vor 70 Jahren Baubeginn der neuen Ortsdonaubr\u00fccke in Untermarchtal - Gemeinde Untermarchtal","og_description":"Text und Bilder: Hermann Josef Illenberger, Untermarchtal Nachdem die seit Juni 1945 bestehende Notholzbr\u00fccke mit 14 Jochpfeiler bauf\u00e4llig war, wurde die Stahlbetonbr\u00fccke ab exaktem Baubeginn am 12. Mai 1952 -also vor genau 70 Jahren- neu erstellt. Die \u00e4lteren Untermarchtaler B\u00fcrger erinnern sich noch. Allerdings war diese Br\u00fccke von 1952 nur mit einer Lastgrenze von 16 [&hellip;]","og_url":"https:\/\/www.gemeinde-untermarchtal.de\/index.php\/vor-70-jahren-baubeginn-der-neuen-ortsdonaubruecke-in-untermarchtal\/","og_site_name":"Gemeinde Untermarchtal","article_modified_time":"2022-05-04T09:22:27+00:00","og_image":[{"url":"https:\/\/www.gemeinde-untermarchtal.de\/bilder\/ortsdonaubruecke_01.jpg","type":"","width":"","height":""}],"twitter_card":"summary_large_image","twitter_misc":{"Gesch\u00e4tzte Lesezeit":"3\u00a0Minuten"},"schema":{"@context":"https:\/\/schema.org","@graph":[{"@type":"WebPage","@id":"https:\/\/www.gemeinde-untermarchtal.de\/index.php\/vor-70-jahren-baubeginn-der-neuen-ortsdonaubruecke-in-untermarchtal\/","url":"https:\/\/www.gemeinde-untermarchtal.de\/index.php\/vor-70-jahren-baubeginn-der-neuen-ortsdonaubruecke-in-untermarchtal\/","name":"Vor 70 Jahren Baubeginn der neuen Ortsdonaubr\u00fccke in Untermarchtal - Gemeinde Untermarchtal","isPartOf":{"@id":"https:\/\/www.gemeinde-untermarchtal.de\/#website"},"primaryImageOfPage":{"@id":"https:\/\/www.gemeinde-untermarchtal.de\/index.php\/vor-70-jahren-baubeginn-der-neuen-ortsdonaubruecke-in-untermarchtal\/#primaryimage"},"image":{"@id":"https:\/\/www.gemeinde-untermarchtal.de\/index.php\/vor-70-jahren-baubeginn-der-neuen-ortsdonaubruecke-in-untermarchtal\/#primaryimage"},"thumbnailUrl":"https:\/\/www.gemeinde-untermarchtal.de\/bilder\/ortsdonaubruecke_01.jpg","datePublished":"2022-05-04T09:12:11+00:00","dateModified":"2022-05-04T09:22:27+00:00","breadcrumb":{"@id":"https:\/\/www.gemeinde-untermarchtal.de\/index.php\/vor-70-jahren-baubeginn-der-neuen-ortsdonaubruecke-in-untermarchtal\/#breadcrumb"},"inLanguage":"de","potentialAction":[{"@type":"ReadAction","target":["https:\/\/www.gemeinde-untermarchtal.de\/index.php\/vor-70-jahren-baubeginn-der-neuen-ortsdonaubruecke-in-untermarchtal\/"]}]},{"@type":"ImageObject","inLanguage":"de","@id":"https:\/\/www.gemeinde-untermarchtal.de\/index.php\/vor-70-jahren-baubeginn-der-neuen-ortsdonaubruecke-in-untermarchtal\/#primaryimage","url":"https:\/\/www.gemeinde-untermarchtal.de\/bilder\/ortsdonaubruecke_01.jpg","contentUrl":"https:\/\/www.gemeinde-untermarchtal.de\/bilder\/ortsdonaubruecke_01.jpg","width":771,"height":578,"caption":"Ortsdonaubr\u00fccke Untermarchtal"},{"@type":"BreadcrumbList","@id":"https:\/\/www.gemeinde-untermarchtal.de\/index.php\/vor-70-jahren-baubeginn-der-neuen-ortsdonaubruecke-in-untermarchtal\/#breadcrumb","itemListElement":[{"@type":"ListItem","position":1,"name":"Startseite","item":"https:\/\/www.gemeinde-untermarchtal.de\/"},{"@type":"ListItem","position":2,"name":"Vor 70 Jahren Baubeginn der neuen Ortsdonaubr\u00fccke in Untermarchtal"}]},{"@type":"WebSite","@id":"https:\/\/www.gemeinde-untermarchtal.de\/#website","url":"https:\/\/www.gemeinde-untermarchtal.de\/","name":"Gemeinde Untermarchtal","description":"Gemeinde Untermarchtal","potentialAction":[{"@type":"SearchAction","target":{"@type":"EntryPoint","urlTemplate":"https:\/\/www.gemeinde-untermarchtal.de\/?s={search_term_string}"},"query-input":{"@type":"PropertyValueSpecification","valueRequired":true,"valueName":"search_term_string"}}],"inLanguage":"de"}]}},"_links":{"self":[{"href":"https:\/\/www.gemeinde-untermarchtal.de\/index.php\/wp-json\/wp\/v2\/pages\/4197","targetHints":{"allow":["GET"]}}],"collection":[{"href":"https:\/\/www.gemeinde-untermarchtal.de\/index.php\/wp-json\/wp\/v2\/pages"}],"about":[{"href":"https:\/\/www.gemeinde-untermarchtal.de\/index.php\/wp-json\/wp\/v2\/types\/page"}],"author":[{"embeddable":true,"href":"https:\/\/www.gemeinde-untermarchtal.de\/index.php\/wp-json\/wp\/v2\/users\/1"}],"replies":[{"embeddable":true,"href":"https:\/\/www.gemeinde-untermarchtal.de\/index.php\/wp-json\/wp\/v2\/comments?post=4197"}],"version-history":[{"count":7,"href":"https:\/\/www.gemeinde-untermarchtal.de\/index.php\/wp-json\/wp\/v2\/pages\/4197\/revisions"}],"predecessor-version":[{"id":4210,"href":"https:\/\/www.gemeinde-untermarchtal.de\/index.php\/wp-json\/wp\/v2\/pages\/4197\/revisions\/4210"}],"wp:attachment":[{"href":"https:\/\/www.gemeinde-untermarchtal.de\/index.php\/wp-json\/wp\/v2\/media?parent=4197"}],"curies":[{"name":"wp","href":"https:\/\/api.w.org\/{rel}","templated":true}]}}