{"id":434,"date":"2016-09-10T16:35:26","date_gmt":"2016-09-10T14:35:26","guid":{"rendered":"http:\/\/dev.gemeinde-untermarchtal.de\/?page_id=434"},"modified":"2026-03-18T10:56:15","modified_gmt":"2026-03-18T09:56:15","slug":"kalkofenmuseum","status":"publish","type":"page","link":"https:\/\/www.gemeinde-untermarchtal.de\/index.php\/kalkofenmuseum\/","title":{"rendered":"Kalkofenmuseum"},"content":{"rendered":"Der Kalkofen in Untermarchtal ist das letzte vollst\u00e4ndig erhaltene Bauwerk dieser Art im Alb-Donau-Kreis und legt Zeugnis ab vom Gewerbezweig der Kalkbrennerei, der die Industriealisierung dieses Gebietes eingeleitet und gepr\u00e4gt hat. Er wurde 1922 zur Herstellung von Schwarz- und Wei\u00dfkalk errichtet und war bis 1939 in Betrieb. Der Kalkofen veranschaulicht auf Grund seiner vollst\u00e4ndig erhaltenen Anlage die verschiedenen Phasen der fr\u00fchindustriellen Kalkproduktion. Alle Ger\u00e4tschaften wie F\u00f6rderschnecke, Elevator, Wasserpumpe, Trommelsieb und der Benzinmotor Baujahr 1927, 5 PS, sind funktionsf\u00e4hig. Die Besucher erfahren unter welchen Bedingungen die Arbeiter den Kalk brechen, brennen und l\u00f6schen mussten.","protected":false},"excerpt":{"rendered":"<p>Der Kalkofen in Untermarchtal ist das letzte vollst\u00e4ndig erhaltene Bauwerk dieser Art im Alb-Donau-Kreis und legt Zeugnis ab vom Gewerbezweig der Kalkbrennerei, der die Industriealisierung dieses Gebietes eingeleitet und gepr\u00e4gt hat. Er wurde 1922 zur Herstellung von Schwarz- und Wei\u00dfkalk errichtet und war bis 1939 in Betrieb. Der Kalkofen veranschaulicht auf Grund seiner vollst\u00e4ndig erhaltenen [&hellip;]<\/p>\n","protected":false},"author":1,"featured_media":0,"parent":0,"menu_order":0,"comment_status":"closed","ping_status":"closed","template":"page-templates\/template_unterseite_sidebar.php","meta":{"_acf_changed":false,"footnotes":""},"class_list":["post-434","page","type-page","status-publish","hentry"],"acf":[],"yoast_head":"<!-- This site is optimized with the Yoast SEO plugin v26.7 - https:\/\/yoast.com\/wordpress\/plugins\/seo\/ -->\n<title>Kalkofenmuseum vollst\u00e4ndig erhaltenes Bauwerk im Alb-Donau-Kreis<\/title>\n<meta name=\"description\" content=\"Der Kalkofen in Untermarchtal veranschaulicht auf Grund seiner vollst\u00e4ndig erhaltenen Anlage die verschiedenen Phasen der fr\u00fchindustriellen Kalkproduktion.\" \/>\n<meta name=\"robots\" content=\"index, follow, max-snippet:-1, max-image-preview:large, max-video-preview:-1\" \/>\n<link rel=\"canonical\" href=\"https:\/\/www.gemeinde-untermarchtal.de\/index.php\/kalkofenmuseum\/\" \/>\n<meta property=\"og:locale\" content=\"de_DE\" \/>\n<meta property=\"og:type\" content=\"article\" \/>\n<meta property=\"og:title\" content=\"Kalkofenmuseum vollst\u00e4ndig erhaltenes Bauwerk im Alb-Donau-Kreis\" \/>\n<meta property=\"og:description\" content=\"Der Kalkofen in Untermarchtal veranschaulicht auf Grund seiner vollst\u00e4ndig erhaltenen Anlage die verschiedenen Phasen der fr\u00fchindustriellen Kalkproduktion.\" \/>\n<meta property=\"og:url\" content=\"https:\/\/www.gemeinde-untermarchtal.de\/index.php\/kalkofenmuseum\/\" \/>\n<meta property=\"og:site_name\" content=\"Gemeinde Untermarchtal\" \/>\n<meta property=\"article:modified_time\" content=\"2026-03-18T09:56:15+00:00\" \/>\n<meta name=\"twitter:card\" content=\"summary_large_image\" \/>\n<script type=\"application\/ld+json\" class=\"yoast-schema-graph\">{\"@context\":\"https:\/\/schema.org\",\"@graph\":[{\"@type\":\"WebPage\",\"@id\":\"https:\/\/www.gemeinde-untermarchtal.de\/index.php\/kalkofenmuseum\/\",\"url\":\"https:\/\/www.gemeinde-untermarchtal.de\/index.php\/kalkofenmuseum\/\",\"name\":\"Kalkofenmuseum vollst\u00e4ndig erhaltenes Bauwerk im Alb-Donau-Kreis\",\"isPartOf\":{\"@id\":\"https:\/\/www.gemeinde-untermarchtal.de\/#website\"},\"datePublished\":\"2016-09-10T14:35:26+00:00\",\"dateModified\":\"2026-03-18T09:56:15+00:00\",\"description\":\"Der Kalkofen in Untermarchtal veranschaulicht auf Grund seiner vollst\u00e4ndig erhaltenen Anlage die verschiedenen Phasen der fr\u00fchindustriellen Kalkproduktion.\",\"breadcrumb\":{\"@id\":\"https:\/\/www.gemeinde-untermarchtal.de\/index.php\/kalkofenmuseum\/#breadcrumb\"},\"inLanguage\":\"de\",\"potentialAction\":[{\"@type\":\"ReadAction\",\"target\":[\"https:\/\/www.gemeinde-untermarchtal.de\/index.php\/kalkofenmuseum\/\"]}]},{\"@type\":\"BreadcrumbList\",\"@id\":\"https:\/\/www.gemeinde-untermarchtal.de\/index.php\/kalkofenmuseum\/#breadcrumb\",\"itemListElement\":[{\"@type\":\"ListItem\",\"position\":1,\"name\":\"Startseite\",\"item\":\"https:\/\/www.gemeinde-untermarchtal.de\/\"},{\"@type\":\"ListItem\",\"position\":2,\"name\":\"Kalkofenmuseum\"}]},{\"@type\":\"WebSite\",\"@id\":\"https:\/\/www.gemeinde-untermarchtal.de\/#website\",\"url\":\"https:\/\/www.gemeinde-untermarchtal.de\/\",\"name\":\"Gemeinde Untermarchtal\",\"description\":\"Gemeinde Untermarchtal\",\"potentialAction\":[{\"@type\":\"SearchAction\",\"target\":{\"@type\":\"EntryPoint\",\"urlTemplate\":\"https:\/\/www.gemeinde-untermarchtal.de\/?s={search_term_string}\"},\"query-input\":{\"@type\":\"PropertyValueSpecification\",\"valueRequired\":true,\"valueName\":\"search_term_string\"}}],\"inLanguage\":\"de\"}]}<\/script>\n<!-- \/ Yoast SEO plugin. -->","yoast_head_json":{"title":"Kalkofenmuseum vollst\u00e4ndig erhaltenes Bauwerk im Alb-Donau-Kreis","description":"Der Kalkofen in Untermarchtal veranschaulicht auf Grund seiner vollst\u00e4ndig erhaltenen Anlage die verschiedenen Phasen der fr\u00fchindustriellen Kalkproduktion.","robots":{"index":"index","follow":"follow","max-snippet":"max-snippet:-1","max-image-preview":"max-image-preview:large","max-video-preview":"max-video-preview:-1"},"canonical":"https:\/\/www.gemeinde-untermarchtal.de\/index.php\/kalkofenmuseum\/","og_locale":"de_DE","og_type":"article","og_title":"Kalkofenmuseum vollst\u00e4ndig erhaltenes Bauwerk im Alb-Donau-Kreis","og_description":"Der Kalkofen in Untermarchtal veranschaulicht auf Grund seiner vollst\u00e4ndig erhaltenen Anlage die verschiedenen Phasen der fr\u00fchindustriellen Kalkproduktion.","og_url":"https:\/\/www.gemeinde-untermarchtal.de\/index.php\/kalkofenmuseum\/","og_site_name":"Gemeinde Untermarchtal","article_modified_time":"2026-03-18T09:56:15+00:00","twitter_card":"summary_large_image","schema":{"@context":"https:\/\/schema.org","@graph":[{"@type":"WebPage","@id":"https:\/\/www.gemeinde-untermarchtal.de\/index.php\/kalkofenmuseum\/","url":"https:\/\/www.gemeinde-untermarchtal.de\/index.php\/kalkofenmuseum\/","name":"Kalkofenmuseum vollst\u00e4ndig erhaltenes Bauwerk im Alb-Donau-Kreis","isPartOf":{"@id":"https:\/\/www.gemeinde-untermarchtal.de\/#website"},"datePublished":"2016-09-10T14:35:26+00:00","dateModified":"2026-03-18T09:56:15+00:00","description":"Der Kalkofen in Untermarchtal veranschaulicht auf Grund seiner vollst\u00e4ndig erhaltenen Anlage die verschiedenen Phasen der fr\u00fchindustriellen Kalkproduktion.","breadcrumb":{"@id":"https:\/\/www.gemeinde-untermarchtal.de\/index.php\/kalkofenmuseum\/#breadcrumb"},"inLanguage":"de","potentialAction":[{"@type":"ReadAction","target":["https:\/\/www.gemeinde-untermarchtal.de\/index.php\/kalkofenmuseum\/"]}]},{"@type":"BreadcrumbList","@id":"https:\/\/www.gemeinde-untermarchtal.de\/index.php\/kalkofenmuseum\/#breadcrumb","itemListElement":[{"@type":"ListItem","position":1,"name":"Startseite","item":"https:\/\/www.gemeinde-untermarchtal.de\/"},{"@type":"ListItem","position":2,"name":"Kalkofenmuseum"}]},{"@type":"WebSite","@id":"https:\/\/www.gemeinde-untermarchtal.de\/#website","url":"https:\/\/www.gemeinde-untermarchtal.de\/","name":"Gemeinde Untermarchtal","description":"Gemeinde Untermarchtal","potentialAction":[{"@type":"SearchAction","target":{"@type":"EntryPoint","urlTemplate":"https:\/\/www.gemeinde-untermarchtal.de\/?s={search_term_string}"},"query-input":{"@type":"PropertyValueSpecification","valueRequired":true,"valueName":"search_term_string"}}],"inLanguage":"de"}]}},"_links":{"self":[{"href":"https:\/\/www.gemeinde-untermarchtal.de\/index.php\/wp-json\/wp\/v2\/pages\/434","targetHints":{"allow":["GET"]}}],"collection":[{"href":"https:\/\/www.gemeinde-untermarchtal.de\/index.php\/wp-json\/wp\/v2\/pages"}],"about":[{"href":"https:\/\/www.gemeinde-untermarchtal.de\/index.php\/wp-json\/wp\/v2\/types\/page"}],"author":[{"embeddable":true,"href":"https:\/\/www.gemeinde-untermarchtal.de\/index.php\/wp-json\/wp\/v2\/users\/1"}],"replies":[{"embeddable":true,"href":"https:\/\/www.gemeinde-untermarchtal.de\/index.php\/wp-json\/wp\/v2\/comments?post=434"}],"version-history":[{"count":8,"href":"https:\/\/www.gemeinde-untermarchtal.de\/index.php\/wp-json\/wp\/v2\/pages\/434\/revisions"}],"predecessor-version":[{"id":5468,"href":"https:\/\/www.gemeinde-untermarchtal.de\/index.php\/wp-json\/wp\/v2\/pages\/434\/revisions\/5468"}],"wp:attachment":[{"href":"https:\/\/www.gemeinde-untermarchtal.de\/index.php\/wp-json\/wp\/v2\/media?parent=434"}],"curies":[{"name":"wp","href":"https:\/\/api.w.org\/{rel}","templated":true}]}}