{"id":440,"date":"2016-09-10T16:59:30","date_gmt":"2016-09-10T14:59:30","guid":{"rendered":"http:\/\/dev.gemeinde-untermarchtal.de\/?page_id=440"},"modified":"2016-09-17T13:11:53","modified_gmt":"2016-09-17T11:11:53","slug":"pfarrkirche-st-andreas","status":"publish","type":"page","link":"https:\/\/www.gemeinde-untermarchtal.de\/index.php\/pfarrkirche-st-andreas\/","title":{"rendered":"Pfarrkirche St. Andreas"},"content":{"rendered":"Die Pfarrkirche St. Andreas wurde 1465 von den Herren Speth erstellt. Zerst\u00f6rt wurde die Kirche 1517 von Herzog Wilhelm von Wirtemberg. Aufgebaut wurde die Andreaskirche wieder 1613 von der Linie Speth aus Untermarchtal. Die hochgelegene vom Friedhof umgebene Kirche mit Zwiebelturm ist mit ihrer reichen Barock-Ausstattung sehenswert. Der hervortretende West-Turm bildet im Erdgescho\u00df die Vorhalle. \u00dcber dem viereckigen Sockel mit Schlitz\u00f6ffnung verj\u00fcngt er sich zu zwei Achteckgeschossen mit Rundfenster, dar\u00fcber eine Kuppel. Innen flachgedecktes Schiff, eingezogener Chor mit Dreiachtelschlu\u00df. Flache Decken aus runden und achteckigen Stuckrahmen. S\u00fcdlich am Chor die Sakristei, dar\u00fcber befindet sich das Oratorium.In der Gruft unter dem Chor der heutigen Pfarrkirche ruhen seit 1631 die Herren und Damen derer von Speth.","protected":false},"excerpt":{"rendered":"<p>Die Pfarrkirche St. Andreas wurde 1465 von den Herren Speth erstellt. Zerst\u00f6rt wurde die Kirche 1517 von Herzog Wilhelm von Wirtemberg. Aufgebaut wurde die Andreaskirche wieder 1613 von der Linie Speth aus Untermarchtal. Die hochgelegene vom Friedhof umgebene Kirche mit Zwiebelturm ist mit ihrer reichen Barock-Ausstattung sehenswert. Der hervortretende West-Turm bildet im Erdgescho\u00df die Vorhalle. [&hellip;]<\/p>\n","protected":false},"author":1,"featured_media":0,"parent":0,"menu_order":0,"comment_status":"closed","ping_status":"closed","template":"page-templates\/template_unterseite_sidebar.php","meta":{"_acf_changed":false,"footnotes":""},"class_list":["post-440","page","type-page","status-publish","hentry"],"acf":[],"yoast_head":"<!-- This site is optimized with the Yoast SEO plugin v26.7 - https:\/\/yoast.com\/wordpress\/plugins\/seo\/ -->\n<title>Pfarrkirche St. Andreas - Gemeinde Untermarchtal<\/title>\n<meta name=\"robots\" content=\"index, follow, max-snippet:-1, max-image-preview:large, max-video-preview:-1\" \/>\n<link rel=\"canonical\" href=\"https:\/\/www.gemeinde-untermarchtal.de\/index.php\/pfarrkirche-st-andreas\/\" \/>\n<meta property=\"og:locale\" content=\"de_DE\" \/>\n<meta property=\"og:type\" content=\"article\" \/>\n<meta property=\"og:title\" content=\"Pfarrkirche St. Andreas - Gemeinde Untermarchtal\" \/>\n<meta property=\"og:description\" content=\"Die Pfarrkirche St. Andreas wurde 1465 von den Herren Speth erstellt. Zerst\u00f6rt wurde die Kirche 1517 von Herzog Wilhelm von Wirtemberg. Aufgebaut wurde die Andreaskirche wieder 1613 von der Linie Speth aus Untermarchtal. Die hochgelegene vom Friedhof umgebene Kirche mit Zwiebelturm ist mit ihrer reichen Barock-Ausstattung sehenswert. Der hervortretende West-Turm bildet im Erdgescho\u00df die Vorhalle. [&hellip;]\" \/>\n<meta property=\"og:url\" content=\"https:\/\/www.gemeinde-untermarchtal.de\/index.php\/pfarrkirche-st-andreas\/\" \/>\n<meta property=\"og:site_name\" content=\"Gemeinde Untermarchtal\" \/>\n<meta property=\"article:modified_time\" content=\"2016-09-17T11:11:53+00:00\" \/>\n<meta name=\"twitter:card\" content=\"summary_large_image\" \/>\n<meta name=\"twitter:label1\" content=\"Gesch\u00e4tzte Lesezeit\" \/>\n\t<meta name=\"twitter:data1\" content=\"1\u00a0Minute\" \/>\n<script type=\"application\/ld+json\" class=\"yoast-schema-graph\">{\"@context\":\"https:\/\/schema.org\",\"@graph\":[{\"@type\":\"WebPage\",\"@id\":\"https:\/\/www.gemeinde-untermarchtal.de\/index.php\/pfarrkirche-st-andreas\/\",\"url\":\"https:\/\/www.gemeinde-untermarchtal.de\/index.php\/pfarrkirche-st-andreas\/\",\"name\":\"Pfarrkirche St. Andreas - Gemeinde Untermarchtal\",\"isPartOf\":{\"@id\":\"https:\/\/www.gemeinde-untermarchtal.de\/#website\"},\"datePublished\":\"2016-09-10T14:59:30+00:00\",\"dateModified\":\"2016-09-17T11:11:53+00:00\",\"breadcrumb\":{\"@id\":\"https:\/\/www.gemeinde-untermarchtal.de\/index.php\/pfarrkirche-st-andreas\/#breadcrumb\"},\"inLanguage\":\"de\",\"potentialAction\":[{\"@type\":\"ReadAction\",\"target\":[\"https:\/\/www.gemeinde-untermarchtal.de\/index.php\/pfarrkirche-st-andreas\/\"]}]},{\"@type\":\"BreadcrumbList\",\"@id\":\"https:\/\/www.gemeinde-untermarchtal.de\/index.php\/pfarrkirche-st-andreas\/#breadcrumb\",\"itemListElement\":[{\"@type\":\"ListItem\",\"position\":1,\"name\":\"Startseite\",\"item\":\"https:\/\/www.gemeinde-untermarchtal.de\/\"},{\"@type\":\"ListItem\",\"position\":2,\"name\":\"Pfarrkirche St. Andreas\"}]},{\"@type\":\"WebSite\",\"@id\":\"https:\/\/www.gemeinde-untermarchtal.de\/#website\",\"url\":\"https:\/\/www.gemeinde-untermarchtal.de\/\",\"name\":\"Gemeinde Untermarchtal\",\"description\":\"Gemeinde Untermarchtal\",\"potentialAction\":[{\"@type\":\"SearchAction\",\"target\":{\"@type\":\"EntryPoint\",\"urlTemplate\":\"https:\/\/www.gemeinde-untermarchtal.de\/?s={search_term_string}\"},\"query-input\":{\"@type\":\"PropertyValueSpecification\",\"valueRequired\":true,\"valueName\":\"search_term_string\"}}],\"inLanguage\":\"de\"}]}<\/script>\n<!-- \/ Yoast SEO plugin. -->","yoast_head_json":{"title":"Pfarrkirche St. Andreas - Gemeinde Untermarchtal","robots":{"index":"index","follow":"follow","max-snippet":"max-snippet:-1","max-image-preview":"max-image-preview:large","max-video-preview":"max-video-preview:-1"},"canonical":"https:\/\/www.gemeinde-untermarchtal.de\/index.php\/pfarrkirche-st-andreas\/","og_locale":"de_DE","og_type":"article","og_title":"Pfarrkirche St. Andreas - Gemeinde Untermarchtal","og_description":"Die Pfarrkirche St. Andreas wurde 1465 von den Herren Speth erstellt. Zerst\u00f6rt wurde die Kirche 1517 von Herzog Wilhelm von Wirtemberg. Aufgebaut wurde die Andreaskirche wieder 1613 von der Linie Speth aus Untermarchtal. Die hochgelegene vom Friedhof umgebene Kirche mit Zwiebelturm ist mit ihrer reichen Barock-Ausstattung sehenswert. Der hervortretende West-Turm bildet im Erdgescho\u00df die Vorhalle. [&hellip;]","og_url":"https:\/\/www.gemeinde-untermarchtal.de\/index.php\/pfarrkirche-st-andreas\/","og_site_name":"Gemeinde Untermarchtal","article_modified_time":"2016-09-17T11:11:53+00:00","twitter_card":"summary_large_image","twitter_misc":{"Gesch\u00e4tzte Lesezeit":"1\u00a0Minute"},"schema":{"@context":"https:\/\/schema.org","@graph":[{"@type":"WebPage","@id":"https:\/\/www.gemeinde-untermarchtal.de\/index.php\/pfarrkirche-st-andreas\/","url":"https:\/\/www.gemeinde-untermarchtal.de\/index.php\/pfarrkirche-st-andreas\/","name":"Pfarrkirche St. Andreas - Gemeinde Untermarchtal","isPartOf":{"@id":"https:\/\/www.gemeinde-untermarchtal.de\/#website"},"datePublished":"2016-09-10T14:59:30+00:00","dateModified":"2016-09-17T11:11:53+00:00","breadcrumb":{"@id":"https:\/\/www.gemeinde-untermarchtal.de\/index.php\/pfarrkirche-st-andreas\/#breadcrumb"},"inLanguage":"de","potentialAction":[{"@type":"ReadAction","target":["https:\/\/www.gemeinde-untermarchtal.de\/index.php\/pfarrkirche-st-andreas\/"]}]},{"@type":"BreadcrumbList","@id":"https:\/\/www.gemeinde-untermarchtal.de\/index.php\/pfarrkirche-st-andreas\/#breadcrumb","itemListElement":[{"@type":"ListItem","position":1,"name":"Startseite","item":"https:\/\/www.gemeinde-untermarchtal.de\/"},{"@type":"ListItem","position":2,"name":"Pfarrkirche St. Andreas"}]},{"@type":"WebSite","@id":"https:\/\/www.gemeinde-untermarchtal.de\/#website","url":"https:\/\/www.gemeinde-untermarchtal.de\/","name":"Gemeinde Untermarchtal","description":"Gemeinde Untermarchtal","potentialAction":[{"@type":"SearchAction","target":{"@type":"EntryPoint","urlTemplate":"https:\/\/www.gemeinde-untermarchtal.de\/?s={search_term_string}"},"query-input":{"@type":"PropertyValueSpecification","valueRequired":true,"valueName":"search_term_string"}}],"inLanguage":"de"}]}},"_links":{"self":[{"href":"https:\/\/www.gemeinde-untermarchtal.de\/index.php\/wp-json\/wp\/v2\/pages\/440","targetHints":{"allow":["GET"]}}],"collection":[{"href":"https:\/\/www.gemeinde-untermarchtal.de\/index.php\/wp-json\/wp\/v2\/pages"}],"about":[{"href":"https:\/\/www.gemeinde-untermarchtal.de\/index.php\/wp-json\/wp\/v2\/types\/page"}],"author":[{"embeddable":true,"href":"https:\/\/www.gemeinde-untermarchtal.de\/index.php\/wp-json\/wp\/v2\/users\/1"}],"replies":[{"embeddable":true,"href":"https:\/\/www.gemeinde-untermarchtal.de\/index.php\/wp-json\/wp\/v2\/comments?post=440"}],"version-history":[{"count":6,"href":"https:\/\/www.gemeinde-untermarchtal.de\/index.php\/wp-json\/wp\/v2\/pages\/440\/revisions"}],"predecessor-version":[{"id":783,"href":"https:\/\/www.gemeinde-untermarchtal.de\/index.php\/wp-json\/wp\/v2\/pages\/440\/revisions\/783"}],"wp:attachment":[{"href":"https:\/\/www.gemeinde-untermarchtal.de\/index.php\/wp-json\/wp\/v2\/media?parent=440"}],"curies":[{"name":"wp","href":"https:\/\/api.w.org\/{rel}","templated":true}]}}