{"id":444,"date":"2016-09-10T17:04:47","date_gmt":"2016-09-10T15:04:47","guid":{"rendered":"http:\/\/dev.gemeinde-untermarchtal.de\/?page_id=444"},"modified":"2016-11-07T15:29:42","modified_gmt":"2016-11-07T14:29:42","slug":"donau-bei-untermarchtal","status":"publish","type":"page","link":"https:\/\/www.gemeinde-untermarchtal.de\/index.php\/donau-bei-untermarchtal\/","title":{"rendered":"Donau bei Untermarchtal"},"content":{"rendered":"Zum letzten Mal durchbricht die Donau den Schw\u00e4bischen Jura bei Untermarchtal. Diesen Durchbruch zeigt das anmutige Landschaftsbild. Die Ur-Donau: In grauer Vorzeit war unsere Gegend ringsum voller Seen und seenartiger Erweiterungen der Donau. Auch vor Untermarchtal bildete die Donau einen See, der durch das Buchtal im Nordosten \u00fcber Schlo\u00df Mochental und das Kirchener Tal nach Ehingen abfloss. Die Felspartien unserer Gegend verhinderten den freien Lauf der Donau und schufen so Seen, welche das ganze Tal ausf\u00fcllten. Als die Donau die Felsen von Untermarchtal durchbrochen hatte, wurde das Buchtal und das Kirchener Tal von der Donau ger\u00e4umt, und sie flo\u00df \u00fcber Munderkingen nach Ehingen, so wie sie es heute noch tut. Dieser Durchbruch der Donau geschah am Ende der letzten Eiszeit vor etwa 15.000 Jahren. Die zerrissenen, baumgekr\u00f6nten Epsilonfelsen der Waldkappele, die als Brandungsfelsen aus dem Jura-Erdzeitalter stammen, spiegeln sich in der Donau. Dieses Landschaftsbild zeigt noch die ganze Juraherrlichkeit, welche donauabw\u00e4rts zu Ende geht. Wenn die Donau unterhalb von Munderkingen aus den harten felsigen Kalken des wei\u00dfen Jura in die weichen Terti\u00e4rschichten heraustritt, verbreitet sich das Tal und der Fluss nimmt in dem meist sandigen und kiesigen Untergrund seinen Lauf in Kr\u00fcmmungen und Schleifen. Ab Untermarchtal hat das Donautal meist den Charakter eines entleerten Seebeckens als das eines Tales. Die Seitenw\u00e4nde sind meist flach und unbestimmt, der Grund oft sumpfig. Aus diesem Grund wird der Talboden gelegentlich nicht Tal, sondern Ried genannt. Bis Untermarchtal verl\u00e4uft die Donau in den meist festen Kalken des oberen wei\u00dfen Jura und hat hier ein ziemlich geregeltes Bett. Durch kleinere Verlagerungen des Flussbettes entstanden im 18. und 19. Jahrhundert mehrere Altlachen bzw. kleine Seitenarme der Donau, auch M\u00e4ander genannt.","protected":false},"excerpt":{"rendered":"<p>Zum letzten Mal durchbricht die Donau den Schw\u00e4bischen Jura bei Untermarchtal. Diesen Durchbruch zeigt das anmutige Landschaftsbild. Die Ur-Donau: In grauer Vorzeit war unsere Gegend ringsum voller Seen und seenartiger Erweiterungen der Donau. Auch vor Untermarchtal bildete die Donau einen See, der durch das Buchtal im Nordosten \u00fcber Schlo\u00df Mochental und das Kirchener Tal nach [&hellip;]<\/p>\n","protected":false},"author":1,"featured_media":0,"parent":0,"menu_order":0,"comment_status":"closed","ping_status":"closed","template":"page-templates\/template_unterseite_sidebar.php","meta":{"_acf_changed":false,"footnotes":""},"class_list":["post-444","page","type-page","status-publish","hentry"],"acf":[],"yoast_head":"<!-- This site is optimized with the Yoast SEO plugin v26.7 - https:\/\/yoast.com\/wordpress\/plugins\/seo\/ -->\n<title>Donau bei Untermarchtal - Gemeinde Untermarchtal<\/title>\n<meta name=\"robots\" content=\"index, follow, max-snippet:-1, max-image-preview:large, max-video-preview:-1\" \/>\n<link rel=\"canonical\" href=\"https:\/\/www.gemeinde-untermarchtal.de\/index.php\/donau-bei-untermarchtal\/\" \/>\n<meta property=\"og:locale\" content=\"de_DE\" \/>\n<meta property=\"og:type\" content=\"article\" \/>\n<meta property=\"og:title\" content=\"Donau bei Untermarchtal - Gemeinde Untermarchtal\" \/>\n<meta property=\"og:description\" content=\"Zum letzten Mal durchbricht die Donau den Schw\u00e4bischen Jura bei Untermarchtal. Diesen Durchbruch zeigt das anmutige Landschaftsbild. Die Ur-Donau: In grauer Vorzeit war unsere Gegend ringsum voller Seen und seenartiger Erweiterungen der Donau. Auch vor Untermarchtal bildete die Donau einen See, der durch das Buchtal im Nordosten \u00fcber Schlo\u00df Mochental und das Kirchener Tal nach [&hellip;]\" \/>\n<meta property=\"og:url\" content=\"https:\/\/www.gemeinde-untermarchtal.de\/index.php\/donau-bei-untermarchtal\/\" \/>\n<meta property=\"og:site_name\" content=\"Gemeinde Untermarchtal\" \/>\n<meta property=\"article:modified_time\" content=\"2016-11-07T14:29:42+00:00\" \/>\n<meta name=\"twitter:card\" content=\"summary_large_image\" \/>\n<meta name=\"twitter:label1\" content=\"Gesch\u00e4tzte Lesezeit\" \/>\n\t<meta name=\"twitter:data1\" content=\"1\u00a0Minute\" \/>\n<script type=\"application\/ld+json\" class=\"yoast-schema-graph\">{\"@context\":\"https:\/\/schema.org\",\"@graph\":[{\"@type\":\"WebPage\",\"@id\":\"https:\/\/www.gemeinde-untermarchtal.de\/index.php\/donau-bei-untermarchtal\/\",\"url\":\"https:\/\/www.gemeinde-untermarchtal.de\/index.php\/donau-bei-untermarchtal\/\",\"name\":\"Donau bei Untermarchtal - Gemeinde Untermarchtal\",\"isPartOf\":{\"@id\":\"https:\/\/www.gemeinde-untermarchtal.de\/#website\"},\"datePublished\":\"2016-09-10T15:04:47+00:00\",\"dateModified\":\"2016-11-07T14:29:42+00:00\",\"breadcrumb\":{\"@id\":\"https:\/\/www.gemeinde-untermarchtal.de\/index.php\/donau-bei-untermarchtal\/#breadcrumb\"},\"inLanguage\":\"de\",\"potentialAction\":[{\"@type\":\"ReadAction\",\"target\":[\"https:\/\/www.gemeinde-untermarchtal.de\/index.php\/donau-bei-untermarchtal\/\"]}]},{\"@type\":\"BreadcrumbList\",\"@id\":\"https:\/\/www.gemeinde-untermarchtal.de\/index.php\/donau-bei-untermarchtal\/#breadcrumb\",\"itemListElement\":[{\"@type\":\"ListItem\",\"position\":1,\"name\":\"Startseite\",\"item\":\"https:\/\/www.gemeinde-untermarchtal.de\/\"},{\"@type\":\"ListItem\",\"position\":2,\"name\":\"Donau bei Untermarchtal\"}]},{\"@type\":\"WebSite\",\"@id\":\"https:\/\/www.gemeinde-untermarchtal.de\/#website\",\"url\":\"https:\/\/www.gemeinde-untermarchtal.de\/\",\"name\":\"Gemeinde Untermarchtal\",\"description\":\"Gemeinde Untermarchtal\",\"potentialAction\":[{\"@type\":\"SearchAction\",\"target\":{\"@type\":\"EntryPoint\",\"urlTemplate\":\"https:\/\/www.gemeinde-untermarchtal.de\/?s={search_term_string}\"},\"query-input\":{\"@type\":\"PropertyValueSpecification\",\"valueRequired\":true,\"valueName\":\"search_term_string\"}}],\"inLanguage\":\"de\"}]}<\/script>\n<!-- \/ Yoast SEO plugin. -->","yoast_head_json":{"title":"Donau bei Untermarchtal - Gemeinde Untermarchtal","robots":{"index":"index","follow":"follow","max-snippet":"max-snippet:-1","max-image-preview":"max-image-preview:large","max-video-preview":"max-video-preview:-1"},"canonical":"https:\/\/www.gemeinde-untermarchtal.de\/index.php\/donau-bei-untermarchtal\/","og_locale":"de_DE","og_type":"article","og_title":"Donau bei Untermarchtal - Gemeinde Untermarchtal","og_description":"Zum letzten Mal durchbricht die Donau den Schw\u00e4bischen Jura bei Untermarchtal. Diesen Durchbruch zeigt das anmutige Landschaftsbild. Die Ur-Donau: In grauer Vorzeit war unsere Gegend ringsum voller Seen und seenartiger Erweiterungen der Donau. Auch vor Untermarchtal bildete die Donau einen See, der durch das Buchtal im Nordosten \u00fcber Schlo\u00df Mochental und das Kirchener Tal nach [&hellip;]","og_url":"https:\/\/www.gemeinde-untermarchtal.de\/index.php\/donau-bei-untermarchtal\/","og_site_name":"Gemeinde Untermarchtal","article_modified_time":"2016-11-07T14:29:42+00:00","twitter_card":"summary_large_image","twitter_misc":{"Gesch\u00e4tzte Lesezeit":"1\u00a0Minute"},"schema":{"@context":"https:\/\/schema.org","@graph":[{"@type":"WebPage","@id":"https:\/\/www.gemeinde-untermarchtal.de\/index.php\/donau-bei-untermarchtal\/","url":"https:\/\/www.gemeinde-untermarchtal.de\/index.php\/donau-bei-untermarchtal\/","name":"Donau bei Untermarchtal - Gemeinde Untermarchtal","isPartOf":{"@id":"https:\/\/www.gemeinde-untermarchtal.de\/#website"},"datePublished":"2016-09-10T15:04:47+00:00","dateModified":"2016-11-07T14:29:42+00:00","breadcrumb":{"@id":"https:\/\/www.gemeinde-untermarchtal.de\/index.php\/donau-bei-untermarchtal\/#breadcrumb"},"inLanguage":"de","potentialAction":[{"@type":"ReadAction","target":["https:\/\/www.gemeinde-untermarchtal.de\/index.php\/donau-bei-untermarchtal\/"]}]},{"@type":"BreadcrumbList","@id":"https:\/\/www.gemeinde-untermarchtal.de\/index.php\/donau-bei-untermarchtal\/#breadcrumb","itemListElement":[{"@type":"ListItem","position":1,"name":"Startseite","item":"https:\/\/www.gemeinde-untermarchtal.de\/"},{"@type":"ListItem","position":2,"name":"Donau bei Untermarchtal"}]},{"@type":"WebSite","@id":"https:\/\/www.gemeinde-untermarchtal.de\/#website","url":"https:\/\/www.gemeinde-untermarchtal.de\/","name":"Gemeinde Untermarchtal","description":"Gemeinde Untermarchtal","potentialAction":[{"@type":"SearchAction","target":{"@type":"EntryPoint","urlTemplate":"https:\/\/www.gemeinde-untermarchtal.de\/?s={search_term_string}"},"query-input":{"@type":"PropertyValueSpecification","valueRequired":true,"valueName":"search_term_string"}}],"inLanguage":"de"}]}},"_links":{"self":[{"href":"https:\/\/www.gemeinde-untermarchtal.de\/index.php\/wp-json\/wp\/v2\/pages\/444","targetHints":{"allow":["GET"]}}],"collection":[{"href":"https:\/\/www.gemeinde-untermarchtal.de\/index.php\/wp-json\/wp\/v2\/pages"}],"about":[{"href":"https:\/\/www.gemeinde-untermarchtal.de\/index.php\/wp-json\/wp\/v2\/types\/page"}],"author":[{"embeddable":true,"href":"https:\/\/www.gemeinde-untermarchtal.de\/index.php\/wp-json\/wp\/v2\/users\/1"}],"replies":[{"embeddable":true,"href":"https:\/\/www.gemeinde-untermarchtal.de\/index.php\/wp-json\/wp\/v2\/comments?post=444"}],"version-history":[{"count":26,"href":"https:\/\/www.gemeinde-untermarchtal.de\/index.php\/wp-json\/wp\/v2\/pages\/444\/revisions"}],"predecessor-version":[{"id":847,"href":"https:\/\/www.gemeinde-untermarchtal.de\/index.php\/wp-json\/wp\/v2\/pages\/444\/revisions\/847"}],"wp:attachment":[{"href":"https:\/\/www.gemeinde-untermarchtal.de\/index.php\/wp-json\/wp\/v2\/media?parent=444"}],"curies":[{"name":"wp","href":"https:\/\/api.w.org\/{rel}","templated":true}]}}