{"id":457,"date":"2016-09-10T17:15:58","date_gmt":"2016-09-10T15:15:58","guid":{"rendered":"http:\/\/dev.gemeinde-untermarchtal.de\/?page_id=457"},"modified":"2016-09-18T09:08:32","modified_gmt":"2016-09-18T07:08:32","slug":"denket-felsen-und-denket-wald","status":"publish","type":"page","link":"https:\/\/www.gemeinde-untermarchtal.de\/index.php\/denket-felsen-und-denket-wald\/","title":{"rendered":"Denket-Felsen und Denket-Wald"},"content":{"rendered":"Auf dem Felsen im Walddistrikt Sch\u00f6pple am s\u00fcd\u00f6stlichen Ortsrand gelegen, welcher von \u00e4lteren Mitb\u00fcrgern bisweilen als altes Schlo\u00df bezeichnet wird, und auf dessen Spitze sich ein Kreuz befindet, stand im Mittelalter eine Burg. Schon die Bezeichnung \u201ealtes Schlo\u00df\u201c und die Sage von dem unterirdischen Gang zwischen diesem angeblichen Schlo\u00df zu dem 3-4 km entfernten Schlo\u00df Mochental deuten auf eine mittelalterliche Burg hin. Des Weiteren hat man bei Trittsicherheit einen wundersch\u00f6nen Ausblick auf das Panorama des durch die Donau geteilten Untermarchtals.","protected":false},"excerpt":{"rendered":"<p>Auf dem Felsen im Walddistrikt Sch\u00f6pple am s\u00fcd\u00f6stlichen Ortsrand gelegen, welcher von \u00e4lteren Mitb\u00fcrgern bisweilen als altes Schlo\u00df bezeichnet wird, und auf dessen Spitze sich ein Kreuz befindet, stand im Mittelalter eine Burg. Schon die Bezeichnung \u201ealtes Schlo\u00df\u201c und die Sage von dem unterirdischen Gang zwischen diesem angeblichen Schlo\u00df zu dem 3-4 km entfernten Schlo\u00df [&hellip;]<\/p>\n","protected":false},"author":1,"featured_media":0,"parent":0,"menu_order":0,"comment_status":"closed","ping_status":"closed","template":"page-templates\/template_unterseite_sidebar.php","meta":{"_acf_changed":false,"footnotes":""},"class_list":["post-457","page","type-page","status-publish","hentry"],"acf":[],"yoast_head":"<!-- This site is optimized with the Yoast SEO plugin v26.7 - https:\/\/yoast.com\/wordpress\/plugins\/seo\/ -->\n<title>Denket-Felsen und Denket-Wald - Gemeinde Untermarchtal<\/title>\n<meta name=\"robots\" content=\"index, follow, max-snippet:-1, max-image-preview:large, max-video-preview:-1\" \/>\n<link rel=\"canonical\" href=\"https:\/\/www.gemeinde-untermarchtal.de\/index.php\/denket-felsen-und-denket-wald\/\" \/>\n<meta property=\"og:locale\" content=\"de_DE\" \/>\n<meta property=\"og:type\" content=\"article\" \/>\n<meta property=\"og:title\" content=\"Denket-Felsen und Denket-Wald - Gemeinde Untermarchtal\" \/>\n<meta property=\"og:description\" content=\"Auf dem Felsen im Walddistrikt Sch\u00f6pple am s\u00fcd\u00f6stlichen Ortsrand gelegen, welcher von \u00e4lteren Mitb\u00fcrgern bisweilen als altes Schlo\u00df bezeichnet wird, und auf dessen Spitze sich ein Kreuz befindet, stand im Mittelalter eine Burg. Schon die Bezeichnung \u201ealtes Schlo\u00df\u201c und die Sage von dem unterirdischen Gang zwischen diesem angeblichen Schlo\u00df zu dem 3-4 km entfernten Schlo\u00df [&hellip;]\" \/>\n<meta property=\"og:url\" content=\"https:\/\/www.gemeinde-untermarchtal.de\/index.php\/denket-felsen-und-denket-wald\/\" \/>\n<meta property=\"og:site_name\" content=\"Gemeinde Untermarchtal\" \/>\n<meta property=\"article:modified_time\" content=\"2016-09-18T07:08:32+00:00\" \/>\n<meta name=\"twitter:card\" content=\"summary_large_image\" \/>\n<script type=\"application\/ld+json\" class=\"yoast-schema-graph\">{\"@context\":\"https:\/\/schema.org\",\"@graph\":[{\"@type\":\"WebPage\",\"@id\":\"https:\/\/www.gemeinde-untermarchtal.de\/index.php\/denket-felsen-und-denket-wald\/\",\"url\":\"https:\/\/www.gemeinde-untermarchtal.de\/index.php\/denket-felsen-und-denket-wald\/\",\"name\":\"Denket-Felsen und Denket-Wald - Gemeinde Untermarchtal\",\"isPartOf\":{\"@id\":\"https:\/\/www.gemeinde-untermarchtal.de\/#website\"},\"datePublished\":\"2016-09-10T15:15:58+00:00\",\"dateModified\":\"2016-09-18T07:08:32+00:00\",\"breadcrumb\":{\"@id\":\"https:\/\/www.gemeinde-untermarchtal.de\/index.php\/denket-felsen-und-denket-wald\/#breadcrumb\"},\"inLanguage\":\"de\",\"potentialAction\":[{\"@type\":\"ReadAction\",\"target\":[\"https:\/\/www.gemeinde-untermarchtal.de\/index.php\/denket-felsen-und-denket-wald\/\"]}]},{\"@type\":\"BreadcrumbList\",\"@id\":\"https:\/\/www.gemeinde-untermarchtal.de\/index.php\/denket-felsen-und-denket-wald\/#breadcrumb\",\"itemListElement\":[{\"@type\":\"ListItem\",\"position\":1,\"name\":\"Startseite\",\"item\":\"https:\/\/www.gemeinde-untermarchtal.de\/\"},{\"@type\":\"ListItem\",\"position\":2,\"name\":\"Denket-Felsen und Denket-Wald\"}]},{\"@type\":\"WebSite\",\"@id\":\"https:\/\/www.gemeinde-untermarchtal.de\/#website\",\"url\":\"https:\/\/www.gemeinde-untermarchtal.de\/\",\"name\":\"Gemeinde Untermarchtal\",\"description\":\"Gemeinde Untermarchtal\",\"potentialAction\":[{\"@type\":\"SearchAction\",\"target\":{\"@type\":\"EntryPoint\",\"urlTemplate\":\"https:\/\/www.gemeinde-untermarchtal.de\/?s={search_term_string}\"},\"query-input\":{\"@type\":\"PropertyValueSpecification\",\"valueRequired\":true,\"valueName\":\"search_term_string\"}}],\"inLanguage\":\"de\"}]}<\/script>\n<!-- \/ Yoast SEO plugin. -->","yoast_head_json":{"title":"Denket-Felsen und Denket-Wald - Gemeinde Untermarchtal","robots":{"index":"index","follow":"follow","max-snippet":"max-snippet:-1","max-image-preview":"max-image-preview:large","max-video-preview":"max-video-preview:-1"},"canonical":"https:\/\/www.gemeinde-untermarchtal.de\/index.php\/denket-felsen-und-denket-wald\/","og_locale":"de_DE","og_type":"article","og_title":"Denket-Felsen und Denket-Wald - Gemeinde Untermarchtal","og_description":"Auf dem Felsen im Walddistrikt Sch\u00f6pple am s\u00fcd\u00f6stlichen Ortsrand gelegen, welcher von \u00e4lteren Mitb\u00fcrgern bisweilen als altes Schlo\u00df bezeichnet wird, und auf dessen Spitze sich ein Kreuz befindet, stand im Mittelalter eine Burg. Schon die Bezeichnung \u201ealtes Schlo\u00df\u201c und die Sage von dem unterirdischen Gang zwischen diesem angeblichen Schlo\u00df zu dem 3-4 km entfernten Schlo\u00df [&hellip;]","og_url":"https:\/\/www.gemeinde-untermarchtal.de\/index.php\/denket-felsen-und-denket-wald\/","og_site_name":"Gemeinde Untermarchtal","article_modified_time":"2016-09-18T07:08:32+00:00","twitter_card":"summary_large_image","schema":{"@context":"https:\/\/schema.org","@graph":[{"@type":"WebPage","@id":"https:\/\/www.gemeinde-untermarchtal.de\/index.php\/denket-felsen-und-denket-wald\/","url":"https:\/\/www.gemeinde-untermarchtal.de\/index.php\/denket-felsen-und-denket-wald\/","name":"Denket-Felsen und Denket-Wald - Gemeinde Untermarchtal","isPartOf":{"@id":"https:\/\/www.gemeinde-untermarchtal.de\/#website"},"datePublished":"2016-09-10T15:15:58+00:00","dateModified":"2016-09-18T07:08:32+00:00","breadcrumb":{"@id":"https:\/\/www.gemeinde-untermarchtal.de\/index.php\/denket-felsen-und-denket-wald\/#breadcrumb"},"inLanguage":"de","potentialAction":[{"@type":"ReadAction","target":["https:\/\/www.gemeinde-untermarchtal.de\/index.php\/denket-felsen-und-denket-wald\/"]}]},{"@type":"BreadcrumbList","@id":"https:\/\/www.gemeinde-untermarchtal.de\/index.php\/denket-felsen-und-denket-wald\/#breadcrumb","itemListElement":[{"@type":"ListItem","position":1,"name":"Startseite","item":"https:\/\/www.gemeinde-untermarchtal.de\/"},{"@type":"ListItem","position":2,"name":"Denket-Felsen und Denket-Wald"}]},{"@type":"WebSite","@id":"https:\/\/www.gemeinde-untermarchtal.de\/#website","url":"https:\/\/www.gemeinde-untermarchtal.de\/","name":"Gemeinde Untermarchtal","description":"Gemeinde Untermarchtal","potentialAction":[{"@type":"SearchAction","target":{"@type":"EntryPoint","urlTemplate":"https:\/\/www.gemeinde-untermarchtal.de\/?s={search_term_string}"},"query-input":{"@type":"PropertyValueSpecification","valueRequired":true,"valueName":"search_term_string"}}],"inLanguage":"de"}]}},"_links":{"self":[{"href":"https:\/\/www.gemeinde-untermarchtal.de\/index.php\/wp-json\/wp\/v2\/pages\/457","targetHints":{"allow":["GET"]}}],"collection":[{"href":"https:\/\/www.gemeinde-untermarchtal.de\/index.php\/wp-json\/wp\/v2\/pages"}],"about":[{"href":"https:\/\/www.gemeinde-untermarchtal.de\/index.php\/wp-json\/wp\/v2\/types\/page"}],"author":[{"embeddable":true,"href":"https:\/\/www.gemeinde-untermarchtal.de\/index.php\/wp-json\/wp\/v2\/users\/1"}],"replies":[{"embeddable":true,"href":"https:\/\/www.gemeinde-untermarchtal.de\/index.php\/wp-json\/wp\/v2\/comments?post=457"}],"version-history":[{"count":6,"href":"https:\/\/www.gemeinde-untermarchtal.de\/index.php\/wp-json\/wp\/v2\/pages\/457\/revisions"}],"predecessor-version":[{"id":856,"href":"https:\/\/www.gemeinde-untermarchtal.de\/index.php\/wp-json\/wp\/v2\/pages\/457\/revisions\/856"}],"wp:attachment":[{"href":"https:\/\/www.gemeinde-untermarchtal.de\/index.php\/wp-json\/wp\/v2\/media?parent=457"}],"curies":[{"name":"wp","href":"https:\/\/api.w.org\/{rel}","templated":true}]}}