{"id":4594,"date":"2023-11-20T10:34:54","date_gmt":"2023-11-20T09:34:54","guid":{"rendered":"https:\/\/www.gemeinde-untermarchtal.de\/?page_id=4594"},"modified":"2023-11-20T10:39:30","modified_gmt":"2023-11-20T09:39:30","slug":"wir-erinnern-uns-vor-70-jahren-erstes-donauviadukt-bei-untermarchtal-dem-verkehr-uebergeben","status":"publish","type":"page","link":"https:\/\/www.gemeinde-untermarchtal.de\/index.php\/wir-erinnern-uns-vor-70-jahren-erstes-donauviadukt-bei-untermarchtal-dem-verkehr-uebergeben\/","title":{"rendered":"Wir erinnern uns; vor 70 Jahren"},"content":{"rendered":"\n<h2 class=\"wp-block-heading\">Erstes Donauviadukt bei Untermarchtal dem Verkehr \u00fcbergeben<\/h2>\n\n\n\n<p>Untermarchtal. (hi) Es gibt noch Zeitzeugen, die sich noch an die Verkehrs\u00fcbergabe des damaligen ersten Untermarchtaler Donauviadukt vor 70 Jahren am 20. November 1953 erinnern. Wie die Zeit schnelllebig vor\u00fcbergeht, weist heute dieses Br\u00fcckenbauwerk schon als vergangene Geschichte des seinerzeitigen Viadukt-Bauwerk von 1953. Die Abl\u00f6sung durch ein neu erstelltes Donauviadukt in den Jahren 2012\/13 weist dies aus. Gerademal 60 Jahre hatte das erste Viadukt dem Verkehr standgehalten. (Siehe Foto)<\/p>\n\n\n\n<figure class=\"wp-block-image size-full\"><img loading=\"lazy\" decoding=\"async\" width=\"694\" height=\"520\" src=\"https:\/\/www.gemeinde-untermarchtal.de\/bilder\/Donauviadukt_70_2011202_01.jpg\" alt=\"\" class=\"wp-image-4595\"\/><\/figure>\n\n\n\n<p>Zur\u00fcck zum Bau und Verkehrs\u00fcbergabe des ersten Br\u00fcckenbauwerk am besagten grauen, nebeligen 20. November 1953 \u2013 also vor 70 Jahren. \u201eNach einer denkw\u00fcrdigen Bauzeit von 18 Monaten ist heute in unserer Gemeinde die l\u00e4ngste Spannbetonbr\u00fccke Europas gl\u00fccklich vollendet worden. (Erster Bauabschnitt Fr\u00fchjahr\/Sommer 1952, s. Foto) Stolz blickt die Gemeinde auf dieses epochemachenden neuen Br\u00fcckenbaukunst der deutschen Technik. Elegant schwingt sich der 375 Meter lange und 23 Meter hohe Viadukt \u00fcber das Donautal, Fluss und Eisenbahn \u00fcberquerend. Heimischer Stein, Beton und Stahl f\u00fcgt den Kunstbau menschlichen Geistes vorz\u00fcglich in die liebliche Landschaft\u2026\u2026\u2026\u201c. (Siehe Foto) Dies sind die ersten S\u00e4tze vom damaligen Untermarchtaler B\u00fcrgermeister Helmut Winter in seinem Begr\u00fc\u00dfungswort. Da steckt das Wissen und die Gedanken angstvoller, vergangener Kriegstage mit der sinnlosen Zerst\u00f6rungswut von vielen Br\u00fcckenbauwerken im ganzen Land.\u00a0Erinnert wird noch an die Holz-Hilfsbr\u00fccke im Dorf \u00fcber die Donau und jetzt steht ein Viadukt am Ortsrand\u00a0 von Untermarchtal das den Namen \u201eFriedensbr\u00fccke\u201c auch in Verbindung wachsenden Verkehrs mit der Umgehung des Ortes, verdient. Ein Lob f\u00fcr die Br\u00fcckenbautechnik mit Dank an den Sch\u00f6pfer der das Werk beh\u00fcten und menschlich-friedliche Verbindungen zueinander bewahren m\u00f6ge. <\/p>\n\n\n\n<p>(Siehe Foto. Bauwerksansicht Sommer 1952)<\/p>\n\n\n\n<figure class=\"wp-block-image size-full\"><img loading=\"lazy\" decoding=\"async\" width=\"841\" height=\"631\" src=\"https:\/\/www.gemeinde-untermarchtal.de\/bilder\/Donauviadukt_70_2011202_02.jpg\" alt=\"\" class=\"wp-image-4596\" srcset=\"https:\/\/www.gemeinde-untermarchtal.de\/bilder\/Donauviadukt_70_2011202_02.jpg 841w, https:\/\/www.gemeinde-untermarchtal.de\/bilder\/Donauviadukt_70_2011202_02-768x576.jpg 768w\" sizes=\"auto, (max-width: 841px) 100vw, 841px\" \/><\/figure>\n\n\n\n<p>Zu der bewegenden Feier an der \u201eEhinger Seite\u201c der Br\u00fccke, kann folgendes Programm der Feierlichkeit erw\u00e4hnt werden: Um 10.30 Uhr Beginn mit Begr\u00fc\u00dfung B\u00fcrgermeister Helmut Winter. Kirchliche Weihe von Generalvikar Hagen, Rottenburg und Pr\u00e4lat Aichele, Ulm mit den 4 Ministranten vom Ort. (Siehe Foto.) Gemeinsamer Choral: Lobet den Herren. Kinderchor Untermarchtal -hier sind noch mehrere Zeitzeugen nach 70 Jahren noch zu finden. Richtspruch von Polier Hermann Eblen. (Sein Name ist am Widerlager \u201eRiedlingen\u201c mit noch mehreren Namen von Arbeitern am Bauwerk vermerkt). \u00dcbergabe der Br\u00fccke von Dir. Reg. Baum. E. K\u00fcbler. Spiel Musikkapelle Obermarchtal, Leitung Fidel Endele. Ansprache Ministerialrat Dr. Klingenberg, Bundesverkehrsministerium Bonn. Verkehrs\u00fcbergabe und Ansprache Innenminister Ulrich, Stuttgart.\u00a0 Die Tochter von BM Helmut Winter assistiert beim durchschneiden des Bandes von Minister Ulrich als Zeichen der Verkehrsfreigabe. (Siehe Foto)\u00a0<\/p>\n\n\n\n<figure class=\"wp-block-image size-full is-resized\"><img loading=\"lazy\" decoding=\"async\" width=\"798\" height=\"599\" src=\"https:\/\/www.gemeinde-untermarchtal.de\/bilder\/Donauviadukt_70_2011202_03.jpg\" alt=\"\" class=\"wp-image-4599\" style=\"aspect-ratio:1.332220367278798;width:840px;height:auto\" srcset=\"https:\/\/www.gemeinde-untermarchtal.de\/bilder\/Donauviadukt_70_2011202_03.jpg 798w, https:\/\/www.gemeinde-untermarchtal.de\/bilder\/Donauviadukt_70_2011202_03-768x576.jpg 768w\" sizes=\"auto, (max-width: 798px) 100vw, 798px\" \/><\/figure>\n\n\n\n<figure class=\"wp-block-image size-full is-resized\"><img loading=\"lazy\" decoding=\"async\" width=\"802\" height=\"602\" src=\"https:\/\/www.gemeinde-untermarchtal.de\/bilder\/Donauviadukt_70_2011202_04.jpg\" alt=\"\" class=\"wp-image-4602\" style=\"aspect-ratio:1.3322259136212624;width:840px;height:auto\" srcset=\"https:\/\/www.gemeinde-untermarchtal.de\/bilder\/Donauviadukt_70_2011202_04.jpg 802w, https:\/\/www.gemeinde-untermarchtal.de\/bilder\/Donauviadukt_70_2011202_04-768x576.jpg 768w\" sizes=\"auto, (max-width: 802px) 100vw, 802px\" \/><\/figure>\n\n\n\n<figure class=\"wp-block-image size-full\"><img loading=\"lazy\" decoding=\"async\" width=\"1386\" height=\"1040\" src=\"https:\/\/www.gemeinde-untermarchtal.de\/bilder\/Donauviadukt_70_2011202_05.jpg\" alt=\"\" class=\"wp-image-4605\" srcset=\"https:\/\/www.gemeinde-untermarchtal.de\/bilder\/Donauviadukt_70_2011202_05.jpg 1386w, https:\/\/www.gemeinde-untermarchtal.de\/bilder\/Donauviadukt_70_2011202_05-768x576.jpg 768w\" sizes=\"auto, (max-width: 1386px) 100vw, 1386px\" \/><\/figure>\n","protected":false},"excerpt":{"rendered":"<p>Erstes Donauviadukt bei Untermarchtal dem Verkehr \u00fcbergeben Untermarchtal. (hi) Es gibt noch Zeitzeugen, die sich noch an die Verkehrs\u00fcbergabe des damaligen ersten Untermarchtaler Donauviadukt vor 70 Jahren am 20. November 1953 erinnern. Wie die Zeit schnelllebig vor\u00fcbergeht, weist heute dieses Br\u00fcckenbauwerk schon als vergangene Geschichte des seinerzeitigen Viadukt-Bauwerk von 1953. Die Abl\u00f6sung durch ein neu [&hellip;]<\/p>\n","protected":false},"author":1,"featured_media":0,"parent":0,"menu_order":0,"comment_status":"closed","ping_status":"closed","template":"page-templates\/_template_historische_beitraege.php","meta":{"_acf_changed":false,"footnotes":""},"class_list":["post-4594","page","type-page","status-publish","hentry"],"acf":[],"yoast_head":"<!-- This site is optimized with the Yoast SEO plugin v26.7 - https:\/\/yoast.com\/wordpress\/plugins\/seo\/ -->\n<title>Wir erinnern uns; vor 70 Jahren - Gemeinde Untermarchtal<\/title>\n<meta name=\"robots\" content=\"index, follow, max-snippet:-1, max-image-preview:large, max-video-preview:-1\" \/>\n<link rel=\"canonical\" href=\"https:\/\/www.gemeinde-untermarchtal.de\/index.php\/wir-erinnern-uns-vor-70-jahren-erstes-donauviadukt-bei-untermarchtal-dem-verkehr-uebergeben\/\" \/>\n<meta property=\"og:locale\" content=\"de_DE\" \/>\n<meta property=\"og:type\" content=\"article\" \/>\n<meta property=\"og:title\" content=\"Wir erinnern uns; vor 70 Jahren - Gemeinde Untermarchtal\" \/>\n<meta property=\"og:description\" content=\"Erstes Donauviadukt bei Untermarchtal dem Verkehr \u00fcbergeben Untermarchtal. (hi) Es gibt noch Zeitzeugen, die sich noch an die Verkehrs\u00fcbergabe des damaligen ersten Untermarchtaler Donauviadukt vor 70 Jahren am 20. November 1953 erinnern. Wie die Zeit schnelllebig vor\u00fcbergeht, weist heute dieses Br\u00fcckenbauwerk schon als vergangene Geschichte des seinerzeitigen Viadukt-Bauwerk von 1953. Die Abl\u00f6sung durch ein neu [&hellip;]\" \/>\n<meta property=\"og:url\" content=\"https:\/\/www.gemeinde-untermarchtal.de\/index.php\/wir-erinnern-uns-vor-70-jahren-erstes-donauviadukt-bei-untermarchtal-dem-verkehr-uebergeben\/\" \/>\n<meta property=\"og:site_name\" content=\"Gemeinde Untermarchtal\" \/>\n<meta property=\"article:modified_time\" content=\"2023-11-20T09:39:30+00:00\" \/>\n<meta property=\"og:image\" content=\"https:\/\/www.gemeinde-untermarchtal.de\/bilder\/Donauviadukt_70_2011202_01.jpg\" \/>\n<meta name=\"twitter:card\" content=\"summary_large_image\" \/>\n<meta name=\"twitter:label1\" content=\"Gesch\u00e4tzte Lesezeit\" \/>\n\t<meta name=\"twitter:data1\" content=\"4\u00a0Minuten\" \/>\n<script type=\"application\/ld+json\" class=\"yoast-schema-graph\">{\"@context\":\"https:\/\/schema.org\",\"@graph\":[{\"@type\":\"WebPage\",\"@id\":\"https:\/\/www.gemeinde-untermarchtal.de\/index.php\/wir-erinnern-uns-vor-70-jahren-erstes-donauviadukt-bei-untermarchtal-dem-verkehr-uebergeben\/\",\"url\":\"https:\/\/www.gemeinde-untermarchtal.de\/index.php\/wir-erinnern-uns-vor-70-jahren-erstes-donauviadukt-bei-untermarchtal-dem-verkehr-uebergeben\/\",\"name\":\"Wir erinnern uns; vor 70 Jahren - Gemeinde Untermarchtal\",\"isPartOf\":{\"@id\":\"https:\/\/www.gemeinde-untermarchtal.de\/#website\"},\"primaryImageOfPage\":{\"@id\":\"https:\/\/www.gemeinde-untermarchtal.de\/index.php\/wir-erinnern-uns-vor-70-jahren-erstes-donauviadukt-bei-untermarchtal-dem-verkehr-uebergeben\/#primaryimage\"},\"image\":{\"@id\":\"https:\/\/www.gemeinde-untermarchtal.de\/index.php\/wir-erinnern-uns-vor-70-jahren-erstes-donauviadukt-bei-untermarchtal-dem-verkehr-uebergeben\/#primaryimage\"},\"thumbnailUrl\":\"https:\/\/www.gemeinde-untermarchtal.de\/bilder\/Donauviadukt_70_2011202_01.jpg\",\"datePublished\":\"2023-11-20T09:34:54+00:00\",\"dateModified\":\"2023-11-20T09:39:30+00:00\",\"breadcrumb\":{\"@id\":\"https:\/\/www.gemeinde-untermarchtal.de\/index.php\/wir-erinnern-uns-vor-70-jahren-erstes-donauviadukt-bei-untermarchtal-dem-verkehr-uebergeben\/#breadcrumb\"},\"inLanguage\":\"de\",\"potentialAction\":[{\"@type\":\"ReadAction\",\"target\":[\"https:\/\/www.gemeinde-untermarchtal.de\/index.php\/wir-erinnern-uns-vor-70-jahren-erstes-donauviadukt-bei-untermarchtal-dem-verkehr-uebergeben\/\"]}]},{\"@type\":\"ImageObject\",\"inLanguage\":\"de\",\"@id\":\"https:\/\/www.gemeinde-untermarchtal.de\/index.php\/wir-erinnern-uns-vor-70-jahren-erstes-donauviadukt-bei-untermarchtal-dem-verkehr-uebergeben\/#primaryimage\",\"url\":\"https:\/\/www.gemeinde-untermarchtal.de\/bilder\/Donauviadukt_70_2011202_01.jpg\",\"contentUrl\":\"https:\/\/www.gemeinde-untermarchtal.de\/bilder\/Donauviadukt_70_2011202_01.jpg\",\"width\":694,\"height\":520},{\"@type\":\"BreadcrumbList\",\"@id\":\"https:\/\/www.gemeinde-untermarchtal.de\/index.php\/wir-erinnern-uns-vor-70-jahren-erstes-donauviadukt-bei-untermarchtal-dem-verkehr-uebergeben\/#breadcrumb\",\"itemListElement\":[{\"@type\":\"ListItem\",\"position\":1,\"name\":\"Startseite\",\"item\":\"https:\/\/www.gemeinde-untermarchtal.de\/\"},{\"@type\":\"ListItem\",\"position\":2,\"name\":\"Wir erinnern uns; vor 70 Jahren\"}]},{\"@type\":\"WebSite\",\"@id\":\"https:\/\/www.gemeinde-untermarchtal.de\/#website\",\"url\":\"https:\/\/www.gemeinde-untermarchtal.de\/\",\"name\":\"Gemeinde Untermarchtal\",\"description\":\"Gemeinde Untermarchtal\",\"potentialAction\":[{\"@type\":\"SearchAction\",\"target\":{\"@type\":\"EntryPoint\",\"urlTemplate\":\"https:\/\/www.gemeinde-untermarchtal.de\/?s={search_term_string}\"},\"query-input\":{\"@type\":\"PropertyValueSpecification\",\"valueRequired\":true,\"valueName\":\"search_term_string\"}}],\"inLanguage\":\"de\"}]}<\/script>\n<!-- \/ Yoast SEO plugin. -->","yoast_head_json":{"title":"Wir erinnern uns; vor 70 Jahren - Gemeinde Untermarchtal","robots":{"index":"index","follow":"follow","max-snippet":"max-snippet:-1","max-image-preview":"max-image-preview:large","max-video-preview":"max-video-preview:-1"},"canonical":"https:\/\/www.gemeinde-untermarchtal.de\/index.php\/wir-erinnern-uns-vor-70-jahren-erstes-donauviadukt-bei-untermarchtal-dem-verkehr-uebergeben\/","og_locale":"de_DE","og_type":"article","og_title":"Wir erinnern uns; vor 70 Jahren - Gemeinde Untermarchtal","og_description":"Erstes Donauviadukt bei Untermarchtal dem Verkehr \u00fcbergeben Untermarchtal. (hi) Es gibt noch Zeitzeugen, die sich noch an die Verkehrs\u00fcbergabe des damaligen ersten Untermarchtaler Donauviadukt vor 70 Jahren am 20. November 1953 erinnern. Wie die Zeit schnelllebig vor\u00fcbergeht, weist heute dieses Br\u00fcckenbauwerk schon als vergangene Geschichte des seinerzeitigen Viadukt-Bauwerk von 1953. Die Abl\u00f6sung durch ein neu [&hellip;]","og_url":"https:\/\/www.gemeinde-untermarchtal.de\/index.php\/wir-erinnern-uns-vor-70-jahren-erstes-donauviadukt-bei-untermarchtal-dem-verkehr-uebergeben\/","og_site_name":"Gemeinde Untermarchtal","article_modified_time":"2023-11-20T09:39:30+00:00","og_image":[{"url":"https:\/\/www.gemeinde-untermarchtal.de\/bilder\/Donauviadukt_70_2011202_01.jpg","type":"","width":"","height":""}],"twitter_card":"summary_large_image","twitter_misc":{"Gesch\u00e4tzte Lesezeit":"4\u00a0Minuten"},"schema":{"@context":"https:\/\/schema.org","@graph":[{"@type":"WebPage","@id":"https:\/\/www.gemeinde-untermarchtal.de\/index.php\/wir-erinnern-uns-vor-70-jahren-erstes-donauviadukt-bei-untermarchtal-dem-verkehr-uebergeben\/","url":"https:\/\/www.gemeinde-untermarchtal.de\/index.php\/wir-erinnern-uns-vor-70-jahren-erstes-donauviadukt-bei-untermarchtal-dem-verkehr-uebergeben\/","name":"Wir erinnern uns; vor 70 Jahren - Gemeinde Untermarchtal","isPartOf":{"@id":"https:\/\/www.gemeinde-untermarchtal.de\/#website"},"primaryImageOfPage":{"@id":"https:\/\/www.gemeinde-untermarchtal.de\/index.php\/wir-erinnern-uns-vor-70-jahren-erstes-donauviadukt-bei-untermarchtal-dem-verkehr-uebergeben\/#primaryimage"},"image":{"@id":"https:\/\/www.gemeinde-untermarchtal.de\/index.php\/wir-erinnern-uns-vor-70-jahren-erstes-donauviadukt-bei-untermarchtal-dem-verkehr-uebergeben\/#primaryimage"},"thumbnailUrl":"https:\/\/www.gemeinde-untermarchtal.de\/bilder\/Donauviadukt_70_2011202_01.jpg","datePublished":"2023-11-20T09:34:54+00:00","dateModified":"2023-11-20T09:39:30+00:00","breadcrumb":{"@id":"https:\/\/www.gemeinde-untermarchtal.de\/index.php\/wir-erinnern-uns-vor-70-jahren-erstes-donauviadukt-bei-untermarchtal-dem-verkehr-uebergeben\/#breadcrumb"},"inLanguage":"de","potentialAction":[{"@type":"ReadAction","target":["https:\/\/www.gemeinde-untermarchtal.de\/index.php\/wir-erinnern-uns-vor-70-jahren-erstes-donauviadukt-bei-untermarchtal-dem-verkehr-uebergeben\/"]}]},{"@type":"ImageObject","inLanguage":"de","@id":"https:\/\/www.gemeinde-untermarchtal.de\/index.php\/wir-erinnern-uns-vor-70-jahren-erstes-donauviadukt-bei-untermarchtal-dem-verkehr-uebergeben\/#primaryimage","url":"https:\/\/www.gemeinde-untermarchtal.de\/bilder\/Donauviadukt_70_2011202_01.jpg","contentUrl":"https:\/\/www.gemeinde-untermarchtal.de\/bilder\/Donauviadukt_70_2011202_01.jpg","width":694,"height":520},{"@type":"BreadcrumbList","@id":"https:\/\/www.gemeinde-untermarchtal.de\/index.php\/wir-erinnern-uns-vor-70-jahren-erstes-donauviadukt-bei-untermarchtal-dem-verkehr-uebergeben\/#breadcrumb","itemListElement":[{"@type":"ListItem","position":1,"name":"Startseite","item":"https:\/\/www.gemeinde-untermarchtal.de\/"},{"@type":"ListItem","position":2,"name":"Wir erinnern uns; vor 70 Jahren"}]},{"@type":"WebSite","@id":"https:\/\/www.gemeinde-untermarchtal.de\/#website","url":"https:\/\/www.gemeinde-untermarchtal.de\/","name":"Gemeinde Untermarchtal","description":"Gemeinde Untermarchtal","potentialAction":[{"@type":"SearchAction","target":{"@type":"EntryPoint","urlTemplate":"https:\/\/www.gemeinde-untermarchtal.de\/?s={search_term_string}"},"query-input":{"@type":"PropertyValueSpecification","valueRequired":true,"valueName":"search_term_string"}}],"inLanguage":"de"}]}},"_links":{"self":[{"href":"https:\/\/www.gemeinde-untermarchtal.de\/index.php\/wp-json\/wp\/v2\/pages\/4594","targetHints":{"allow":["GET"]}}],"collection":[{"href":"https:\/\/www.gemeinde-untermarchtal.de\/index.php\/wp-json\/wp\/v2\/pages"}],"about":[{"href":"https:\/\/www.gemeinde-untermarchtal.de\/index.php\/wp-json\/wp\/v2\/types\/page"}],"author":[{"embeddable":true,"href":"https:\/\/www.gemeinde-untermarchtal.de\/index.php\/wp-json\/wp\/v2\/users\/1"}],"replies":[{"embeddable":true,"href":"https:\/\/www.gemeinde-untermarchtal.de\/index.php\/wp-json\/wp\/v2\/comments?post=4594"}],"version-history":[{"count":7,"href":"https:\/\/www.gemeinde-untermarchtal.de\/index.php\/wp-json\/wp\/v2\/pages\/4594\/revisions"}],"predecessor-version":[{"id":4608,"href":"https:\/\/www.gemeinde-untermarchtal.de\/index.php\/wp-json\/wp\/v2\/pages\/4594\/revisions\/4608"}],"wp:attachment":[{"href":"https:\/\/www.gemeinde-untermarchtal.de\/index.php\/wp-json\/wp\/v2\/media?parent=4594"}],"curies":[{"name":"wp","href":"https:\/\/api.w.org\/{rel}","templated":true}]}}