{"id":479,"date":"2016-09-10T17:42:44","date_gmt":"2016-09-10T15:42:44","guid":{"rendered":"http:\/\/dev.gemeinde-untermarchtal.de\/?page_id=479"},"modified":"2016-09-18T08:43:51","modified_gmt":"2016-09-18T06:43:51","slug":"donauradwanderweg-eurovelo-6","status":"publish","type":"page","link":"https:\/\/www.gemeinde-untermarchtal.de\/index.php\/donauradwanderweg-eurovelo-6\/","title":{"rendered":"Donauradwanderweg - Eurovelo 6"},"content":{"rendered":"Die Donau, ein faszinierender Flu\u00df mit 2.845 Kilometer Gesamtl\u00e4nge bietet, mit dem gleichnamigen Radweg eine der sch\u00f6nsten M\u00f6glichkeiten, entspannt in die Pedale zu treten. Die Route f\u00fchrt im gr\u00f6\u00dften Teil am Flu\u00df entlang. Durch eine unglaubliche Vielfalt an abwechslungsreichen Landschaften, unber\u00fchrter Natur, vorbei an imposanten Bauten und durch einige der sch\u00f6nsten St\u00e4dte Mitteleuropas. Untermarchtal liegt direkt an diesem ber\u00fchmten Radweg und kann eine wundersch\u00f6ne Alternativroute ab Rechtenstein bieten. Diese f\u00fchrt entlang des n\u00f6rdlichen, bzw. linken Flu\u00dfufers durch eine wundervolle, mit Felsen best\u00fcckte Landschaft. Abseits von Hauptverkehrsstra\u00dfen kann man die Tour gefahrlos genie\u00dfen und trifft in Untermarchtal wieder auf die Hauptroute des Donauradwanderweges. Untermarchtal liegt an dem europ\u00e4ischen Fernradwanderweg vom &#8222;Atlantik&#8220; bis ans &#8222;Schwarze Meer&#8220;. Der Donauradwanderweg ist ein go\u00dfer Teilabschnitt des 6. von bisher 12 Euroradwanderwegen, genannt Eurovelo6.\r\n\r\nDer EuroVelo6 Atlantik-Schwarzes Meer wurde 1994 vom Europ\u00e4ischen Radfahrer-Verband (ECF) ins Leben gerufen und ist eine der 12 Strecken des EuroVelo-Netzes. Von 2004 bis 2006 haben 18 franz\u00f6sische, deutsche und Schweizer Partner am Bau des westlichen Teils der Euroradweges vom Atlantik bis Ulm zusammengearbeitet. Dieser Radweg folgt den drei gr\u00f6\u00dften europ\u00e4ischen Fl\u00fcssen, die zugleich Wiege der europ\u00e4ischen Zivilisation sind: der Loire, dem Rhein und der Donau. Er f\u00fchrt somit durch Frankreich, die Schweiz, Deutschland, \u00d6sterreich, die Slowakei, Ungarn, Serbien, Kroatien, Bulgarien und Rum\u00e4nien. Ziel des EuroVelo6-Programms ist es, den Radfahrern au\u00dfergew\u00f6hnliche Landschaften entlang der Fl\u00fcsse zu zeigen und zum Schutz derselben zu sensibilisieren.\r\n","protected":false},"excerpt":{"rendered":"<p>Die Donau, ein faszinierender Flu\u00df mit 2.845 Kilometer Gesamtl\u00e4nge bietet, mit dem gleichnamigen Radweg eine der sch\u00f6nsten M\u00f6glichkeiten, entspannt in die Pedale zu treten. Die Route f\u00fchrt im gr\u00f6\u00dften Teil am Flu\u00df entlang. Durch eine unglaubliche Vielfalt an abwechslungsreichen Landschaften, unber\u00fchrter Natur, vorbei an imposanten Bauten und durch einige der sch\u00f6nsten St\u00e4dte Mitteleuropas. Untermarchtal liegt [&hellip;]<\/p>\n","protected":false},"author":1,"featured_media":0,"parent":0,"menu_order":0,"comment_status":"closed","ping_status":"closed","template":"page-templates\/template_unterseite_sidebar.php","meta":{"_acf_changed":false,"footnotes":""},"class_list":["post-479","page","type-page","status-publish","hentry"],"acf":[],"yoast_head":"<!-- This site is optimized with the Yoast SEO plugin v26.7 - https:\/\/yoast.com\/wordpress\/plugins\/seo\/ -->\n<title>Donauradwanderweg - Eurovelo 6 - Gemeinde Untermarchtal<\/title>\n<meta name=\"robots\" content=\"index, follow, max-snippet:-1, max-image-preview:large, max-video-preview:-1\" \/>\n<link rel=\"canonical\" href=\"https:\/\/www.gemeinde-untermarchtal.de\/index.php\/donauradwanderweg-eurovelo-6\/\" \/>\n<meta property=\"og:locale\" content=\"de_DE\" \/>\n<meta property=\"og:type\" content=\"article\" \/>\n<meta property=\"og:title\" content=\"Donauradwanderweg - Eurovelo 6 - Gemeinde Untermarchtal\" \/>\n<meta property=\"og:description\" content=\"Die Donau, ein faszinierender Flu\u00df mit 2.845 Kilometer Gesamtl\u00e4nge bietet, mit dem gleichnamigen Radweg eine der sch\u00f6nsten M\u00f6glichkeiten, entspannt in die Pedale zu treten. Die Route f\u00fchrt im gr\u00f6\u00dften Teil am Flu\u00df entlang. Durch eine unglaubliche Vielfalt an abwechslungsreichen Landschaften, unber\u00fchrter Natur, vorbei an imposanten Bauten und durch einige der sch\u00f6nsten St\u00e4dte Mitteleuropas. Untermarchtal liegt [&hellip;]\" \/>\n<meta property=\"og:url\" content=\"https:\/\/www.gemeinde-untermarchtal.de\/index.php\/donauradwanderweg-eurovelo-6\/\" \/>\n<meta property=\"og:site_name\" content=\"Gemeinde Untermarchtal\" \/>\n<meta property=\"article:modified_time\" content=\"2016-09-18T06:43:51+00:00\" \/>\n<meta name=\"twitter:card\" content=\"summary_large_image\" \/>\n<meta name=\"twitter:label1\" content=\"Gesch\u00e4tzte Lesezeit\" \/>\n\t<meta name=\"twitter:data1\" content=\"1\u00a0Minute\" \/>\n<script type=\"application\/ld+json\" class=\"yoast-schema-graph\">{\"@context\":\"https:\/\/schema.org\",\"@graph\":[{\"@type\":\"WebPage\",\"@id\":\"https:\/\/www.gemeinde-untermarchtal.de\/index.php\/donauradwanderweg-eurovelo-6\/\",\"url\":\"https:\/\/www.gemeinde-untermarchtal.de\/index.php\/donauradwanderweg-eurovelo-6\/\",\"name\":\"Donauradwanderweg - Eurovelo 6 - Gemeinde Untermarchtal\",\"isPartOf\":{\"@id\":\"https:\/\/www.gemeinde-untermarchtal.de\/#website\"},\"datePublished\":\"2016-09-10T15:42:44+00:00\",\"dateModified\":\"2016-09-18T06:43:51+00:00\",\"breadcrumb\":{\"@id\":\"https:\/\/www.gemeinde-untermarchtal.de\/index.php\/donauradwanderweg-eurovelo-6\/#breadcrumb\"},\"inLanguage\":\"de\",\"potentialAction\":[{\"@type\":\"ReadAction\",\"target\":[\"https:\/\/www.gemeinde-untermarchtal.de\/index.php\/donauradwanderweg-eurovelo-6\/\"]}]},{\"@type\":\"BreadcrumbList\",\"@id\":\"https:\/\/www.gemeinde-untermarchtal.de\/index.php\/donauradwanderweg-eurovelo-6\/#breadcrumb\",\"itemListElement\":[{\"@type\":\"ListItem\",\"position\":1,\"name\":\"Startseite\",\"item\":\"https:\/\/www.gemeinde-untermarchtal.de\/\"},{\"@type\":\"ListItem\",\"position\":2,\"name\":\"Donauradwanderweg - Eurovelo 6\"}]},{\"@type\":\"WebSite\",\"@id\":\"https:\/\/www.gemeinde-untermarchtal.de\/#website\",\"url\":\"https:\/\/www.gemeinde-untermarchtal.de\/\",\"name\":\"Gemeinde Untermarchtal\",\"description\":\"Gemeinde Untermarchtal\",\"potentialAction\":[{\"@type\":\"SearchAction\",\"target\":{\"@type\":\"EntryPoint\",\"urlTemplate\":\"https:\/\/www.gemeinde-untermarchtal.de\/?s={search_term_string}\"},\"query-input\":{\"@type\":\"PropertyValueSpecification\",\"valueRequired\":true,\"valueName\":\"search_term_string\"}}],\"inLanguage\":\"de\"}]}<\/script>\n<!-- \/ Yoast SEO plugin. -->","yoast_head_json":{"title":"Donauradwanderweg - Eurovelo 6 - Gemeinde Untermarchtal","robots":{"index":"index","follow":"follow","max-snippet":"max-snippet:-1","max-image-preview":"max-image-preview:large","max-video-preview":"max-video-preview:-1"},"canonical":"https:\/\/www.gemeinde-untermarchtal.de\/index.php\/donauradwanderweg-eurovelo-6\/","og_locale":"de_DE","og_type":"article","og_title":"Donauradwanderweg - Eurovelo 6 - Gemeinde Untermarchtal","og_description":"Die Donau, ein faszinierender Flu\u00df mit 2.845 Kilometer Gesamtl\u00e4nge bietet, mit dem gleichnamigen Radweg eine der sch\u00f6nsten M\u00f6glichkeiten, entspannt in die Pedale zu treten. Die Route f\u00fchrt im gr\u00f6\u00dften Teil am Flu\u00df entlang. Durch eine unglaubliche Vielfalt an abwechslungsreichen Landschaften, unber\u00fchrter Natur, vorbei an imposanten Bauten und durch einige der sch\u00f6nsten St\u00e4dte Mitteleuropas. Untermarchtal liegt [&hellip;]","og_url":"https:\/\/www.gemeinde-untermarchtal.de\/index.php\/donauradwanderweg-eurovelo-6\/","og_site_name":"Gemeinde Untermarchtal","article_modified_time":"2016-09-18T06:43:51+00:00","twitter_card":"summary_large_image","twitter_misc":{"Gesch\u00e4tzte Lesezeit":"1\u00a0Minute"},"schema":{"@context":"https:\/\/schema.org","@graph":[{"@type":"WebPage","@id":"https:\/\/www.gemeinde-untermarchtal.de\/index.php\/donauradwanderweg-eurovelo-6\/","url":"https:\/\/www.gemeinde-untermarchtal.de\/index.php\/donauradwanderweg-eurovelo-6\/","name":"Donauradwanderweg - Eurovelo 6 - Gemeinde Untermarchtal","isPartOf":{"@id":"https:\/\/www.gemeinde-untermarchtal.de\/#website"},"datePublished":"2016-09-10T15:42:44+00:00","dateModified":"2016-09-18T06:43:51+00:00","breadcrumb":{"@id":"https:\/\/www.gemeinde-untermarchtal.de\/index.php\/donauradwanderweg-eurovelo-6\/#breadcrumb"},"inLanguage":"de","potentialAction":[{"@type":"ReadAction","target":["https:\/\/www.gemeinde-untermarchtal.de\/index.php\/donauradwanderweg-eurovelo-6\/"]}]},{"@type":"BreadcrumbList","@id":"https:\/\/www.gemeinde-untermarchtal.de\/index.php\/donauradwanderweg-eurovelo-6\/#breadcrumb","itemListElement":[{"@type":"ListItem","position":1,"name":"Startseite","item":"https:\/\/www.gemeinde-untermarchtal.de\/"},{"@type":"ListItem","position":2,"name":"Donauradwanderweg - Eurovelo 6"}]},{"@type":"WebSite","@id":"https:\/\/www.gemeinde-untermarchtal.de\/#website","url":"https:\/\/www.gemeinde-untermarchtal.de\/","name":"Gemeinde Untermarchtal","description":"Gemeinde Untermarchtal","potentialAction":[{"@type":"SearchAction","target":{"@type":"EntryPoint","urlTemplate":"https:\/\/www.gemeinde-untermarchtal.de\/?s={search_term_string}"},"query-input":{"@type":"PropertyValueSpecification","valueRequired":true,"valueName":"search_term_string"}}],"inLanguage":"de"}]}},"_links":{"self":[{"href":"https:\/\/www.gemeinde-untermarchtal.de\/index.php\/wp-json\/wp\/v2\/pages\/479","targetHints":{"allow":["GET"]}}],"collection":[{"href":"https:\/\/www.gemeinde-untermarchtal.de\/index.php\/wp-json\/wp\/v2\/pages"}],"about":[{"href":"https:\/\/www.gemeinde-untermarchtal.de\/index.php\/wp-json\/wp\/v2\/types\/page"}],"author":[{"embeddable":true,"href":"https:\/\/www.gemeinde-untermarchtal.de\/index.php\/wp-json\/wp\/v2\/users\/1"}],"replies":[{"embeddable":true,"href":"https:\/\/www.gemeinde-untermarchtal.de\/index.php\/wp-json\/wp\/v2\/comments?post=479"}],"version-history":[{"count":6,"href":"https:\/\/www.gemeinde-untermarchtal.de\/index.php\/wp-json\/wp\/v2\/pages\/479\/revisions"}],"predecessor-version":[{"id":849,"href":"https:\/\/www.gemeinde-untermarchtal.de\/index.php\/wp-json\/wp\/v2\/pages\/479\/revisions\/849"}],"wp:attachment":[{"href":"https:\/\/www.gemeinde-untermarchtal.de\/index.php\/wp-json\/wp\/v2\/media?parent=479"}],"curies":[{"name":"wp","href":"https:\/\/api.w.org\/{rel}","templated":true}]}}