{"id":4995,"date":"2024-12-11T15:58:42","date_gmt":"2024-12-11T14:58:42","guid":{"rendered":"https:\/\/www.gemeinde-untermarchtal.de\/?page_id=4995"},"modified":"2024-12-11T16:00:13","modified_gmt":"2024-12-11T15:00:13","slug":"wohnpark-maria-hilf-und-haus-guter-hirte","status":"publish","type":"page","link":"https:\/\/www.gemeinde-untermarchtal.de\/index.php\/wohnpark-maria-hilf-und-haus-guter-hirte\/","title":{"rendered":"Wohnpark \u201eMaria Hilf\u201c und Haus \u201eGuter Hirte\u201c"},"content":{"rendered":"\n<p>In den modern ausgestatteten H\u00e4usern \u201eMaria Hilf\u201c -Wohnpark- und \u201eGuter Hirte\u201c sind heute untergebracht: In \u201eMaria Hilf\u201c leben derzeitig etwa 100 Ordensschwestern in\u00a0Altersruhe oder teilweise in der Kranken- und Altenpflege t\u00e4tig. Im Pflegeheim wird auch \u201eWohnen im Alter\u201c und Demenzpflege angeboten.\u00a0 Platz bietet das Haus zur Kurzzeitpflege. Dort k\u00f6nnen 41 Personen aufgenommen werden oder k\u00f6nnen auch in begrenzter Zahl in Tagespflege \u00fcbernommen werden. Ein ambulanter Pflegedienst f\u00fcr nicht im Wohnheim lebende Personen wird angeboten. Die aktuelle Au\u00dfenanlage gliedert sich in \u201eGarten Eden\u201c mit Blumen, Str\u00e4ucher, Hochbeete als Gem\u00fcsegarten und altem Baumbestand. Aufgestellt sind Spielger\u00e4te und Sitzgelegenheiten. Im nahen \u201eKleintierpark\u201c\u00a0sind H\u00fchner, Enten, Kaninchen, Schafe, Esel zu sehen.<\/p>\n\n\n\n<p>Der Wohnpark bietet einen t\u00e4glichen, offenen Mittagstisch sowie Kaffee und Kuchen f\u00fcr G\u00e4ste und Besucher in freundlichem Ambiente.<\/p>\n\n\n\n<p>In der Zeit des 2. Weltkrieg diente besonders das Haus \u201eGuter Hirte\u201c als Lazarett, als Wohnheim f\u00fcr Zwangs\u00fcbersiedler aus Osteuropa, zur Unterbringung des \u201eMusischen und evakuierten Musischen Gymnasium Frankfurt\/M\u201c, am Ende des Krieges diente es der franz\u00f6sischen Besatzungsmacht als Quartier, dann als Erziehungsheim zum Schutz f\u00fcr M\u00e4dchen und junge Frauen sowie als Kinderheim bis in die 1970-iger Jahre. Zusammenfassend dienten beide H\u00e4user dem wichtigen und immer notwendiger werdenden karitativ-sozialen Zweck f\u00fcr die Menschen.<\/p>\n\n\n\n<figure class=\"wp-block-image size-full\"><img loading=\"lazy\" decoding=\"async\" width=\"1386\" height=\"1039\" src=\"https:\/\/www.gemeinde-untermarchtal.de\/bilder\/wohnpark-maria-hilf.jpg\" alt=\"wohnpark-maria-hilf\" class=\"wp-image-4996\" srcset=\"https:\/\/www.gemeinde-untermarchtal.de\/bilder\/wohnpark-maria-hilf.jpg 1386w, https:\/\/www.gemeinde-untermarchtal.de\/bilder\/wohnpark-maria-hilf-768x576.jpg 768w\" sizes=\"auto, (max-width: 1386px) 100vw, 1386px\" \/><figcaption class=\"wp-element-caption\">Wohnpark Maria-Hilf. Untermarchtal.<\/figcaption><\/figure>\n","protected":false},"excerpt":{"rendered":"<p>In den modern ausgestatteten H\u00e4usern \u201eMaria Hilf\u201c -Wohnpark- und \u201eGuter Hirte\u201c sind heute untergebracht: In \u201eMaria Hilf\u201c leben derzeitig etwa 100 Ordensschwestern in\u00a0Altersruhe oder teilweise in der Kranken- und Altenpflege t\u00e4tig. Im Pflegeheim wird auch \u201eWohnen im Alter\u201c und Demenzpflege angeboten.\u00a0 Platz bietet das Haus zur Kurzzeitpflege. Dort k\u00f6nnen 41 Personen aufgenommen werden oder k\u00f6nnen [&hellip;]<\/p>\n","protected":false},"author":1,"featured_media":0,"parent":0,"menu_order":0,"comment_status":"closed","ping_status":"closed","template":"page-templates\/_template_historische_beitraege.php","meta":{"_acf_changed":false,"footnotes":""},"class_list":["post-4995","page","type-page","status-publish","hentry"],"acf":[],"yoast_head":"<!-- This site is optimized with the Yoast SEO plugin v26.7 - https:\/\/yoast.com\/wordpress\/plugins\/seo\/ -->\n<title>Wohnpark \u201eMaria Hilf\u201c und Haus \u201eGuter Hirte\u201c - Gemeinde Untermarchtal<\/title>\n<meta name=\"robots\" content=\"index, follow, max-snippet:-1, max-image-preview:large, max-video-preview:-1\" \/>\n<link rel=\"canonical\" href=\"https:\/\/www.gemeinde-untermarchtal.de\/index.php\/wohnpark-maria-hilf-und-haus-guter-hirte\/\" \/>\n<meta property=\"og:locale\" content=\"de_DE\" \/>\n<meta property=\"og:type\" content=\"article\" \/>\n<meta property=\"og:title\" content=\"Wohnpark \u201eMaria Hilf\u201c und Haus \u201eGuter Hirte\u201c - Gemeinde Untermarchtal\" \/>\n<meta property=\"og:description\" content=\"In den modern ausgestatteten H\u00e4usern \u201eMaria Hilf\u201c -Wohnpark- und \u201eGuter Hirte\u201c sind heute untergebracht: In \u201eMaria Hilf\u201c leben derzeitig etwa 100 Ordensschwestern in\u00a0Altersruhe oder teilweise in der Kranken- und Altenpflege t\u00e4tig. Im Pflegeheim wird auch \u201eWohnen im Alter\u201c und Demenzpflege angeboten.\u00a0 Platz bietet das Haus zur Kurzzeitpflege. Dort k\u00f6nnen 41 Personen aufgenommen werden oder k\u00f6nnen [&hellip;]\" \/>\n<meta property=\"og:url\" content=\"https:\/\/www.gemeinde-untermarchtal.de\/index.php\/wohnpark-maria-hilf-und-haus-guter-hirte\/\" \/>\n<meta property=\"og:site_name\" content=\"Gemeinde Untermarchtal\" \/>\n<meta property=\"article:modified_time\" content=\"2024-12-11T15:00:13+00:00\" \/>\n<meta property=\"og:image\" content=\"https:\/\/www.gemeinde-untermarchtal.de\/bilder\/wohnpark-maria-hilf.jpg\" \/>\n<meta name=\"twitter:card\" content=\"summary_large_image\" \/>\n<meta name=\"twitter:label1\" content=\"Gesch\u00e4tzte Lesezeit\" \/>\n\t<meta name=\"twitter:data1\" content=\"2\u00a0Minuten\" \/>\n<script type=\"application\/ld+json\" class=\"yoast-schema-graph\">{\"@context\":\"https:\/\/schema.org\",\"@graph\":[{\"@type\":\"WebPage\",\"@id\":\"https:\/\/www.gemeinde-untermarchtal.de\/index.php\/wohnpark-maria-hilf-und-haus-guter-hirte\/\",\"url\":\"https:\/\/www.gemeinde-untermarchtal.de\/index.php\/wohnpark-maria-hilf-und-haus-guter-hirte\/\",\"name\":\"Wohnpark \u201eMaria Hilf\u201c und Haus \u201eGuter Hirte\u201c - Gemeinde Untermarchtal\",\"isPartOf\":{\"@id\":\"https:\/\/www.gemeinde-untermarchtal.de\/#website\"},\"primaryImageOfPage\":{\"@id\":\"https:\/\/www.gemeinde-untermarchtal.de\/index.php\/wohnpark-maria-hilf-und-haus-guter-hirte\/#primaryimage\"},\"image\":{\"@id\":\"https:\/\/www.gemeinde-untermarchtal.de\/index.php\/wohnpark-maria-hilf-und-haus-guter-hirte\/#primaryimage\"},\"thumbnailUrl\":\"https:\/\/www.gemeinde-untermarchtal.de\/bilder\/wohnpark-maria-hilf.jpg\",\"datePublished\":\"2024-12-11T14:58:42+00:00\",\"dateModified\":\"2024-12-11T15:00:13+00:00\",\"breadcrumb\":{\"@id\":\"https:\/\/www.gemeinde-untermarchtal.de\/index.php\/wohnpark-maria-hilf-und-haus-guter-hirte\/#breadcrumb\"},\"inLanguage\":\"de\",\"potentialAction\":[{\"@type\":\"ReadAction\",\"target\":[\"https:\/\/www.gemeinde-untermarchtal.de\/index.php\/wohnpark-maria-hilf-und-haus-guter-hirte\/\"]}]},{\"@type\":\"ImageObject\",\"inLanguage\":\"de\",\"@id\":\"https:\/\/www.gemeinde-untermarchtal.de\/index.php\/wohnpark-maria-hilf-und-haus-guter-hirte\/#primaryimage\",\"url\":\"https:\/\/www.gemeinde-untermarchtal.de\/bilder\/wohnpark-maria-hilf.jpg\",\"contentUrl\":\"https:\/\/www.gemeinde-untermarchtal.de\/bilder\/wohnpark-maria-hilf.jpg\",\"width\":1386,\"height\":1039,\"caption\":\"wohnpark-maria-hilf\"},{\"@type\":\"BreadcrumbList\",\"@id\":\"https:\/\/www.gemeinde-untermarchtal.de\/index.php\/wohnpark-maria-hilf-und-haus-guter-hirte\/#breadcrumb\",\"itemListElement\":[{\"@type\":\"ListItem\",\"position\":1,\"name\":\"Startseite\",\"item\":\"https:\/\/www.gemeinde-untermarchtal.de\/\"},{\"@type\":\"ListItem\",\"position\":2,\"name\":\"Wohnpark \u201eMaria Hilf\u201c und Haus \u201eGuter Hirte\u201c\"}]},{\"@type\":\"WebSite\",\"@id\":\"https:\/\/www.gemeinde-untermarchtal.de\/#website\",\"url\":\"https:\/\/www.gemeinde-untermarchtal.de\/\",\"name\":\"Gemeinde Untermarchtal\",\"description\":\"Gemeinde Untermarchtal\",\"potentialAction\":[{\"@type\":\"SearchAction\",\"target\":{\"@type\":\"EntryPoint\",\"urlTemplate\":\"https:\/\/www.gemeinde-untermarchtal.de\/?s={search_term_string}\"},\"query-input\":{\"@type\":\"PropertyValueSpecification\",\"valueRequired\":true,\"valueName\":\"search_term_string\"}}],\"inLanguage\":\"de\"}]}<\/script>\n<!-- \/ Yoast SEO plugin. -->","yoast_head_json":{"title":"Wohnpark \u201eMaria Hilf\u201c und Haus \u201eGuter Hirte\u201c - Gemeinde Untermarchtal","robots":{"index":"index","follow":"follow","max-snippet":"max-snippet:-1","max-image-preview":"max-image-preview:large","max-video-preview":"max-video-preview:-1"},"canonical":"https:\/\/www.gemeinde-untermarchtal.de\/index.php\/wohnpark-maria-hilf-und-haus-guter-hirte\/","og_locale":"de_DE","og_type":"article","og_title":"Wohnpark \u201eMaria Hilf\u201c und Haus \u201eGuter Hirte\u201c - Gemeinde Untermarchtal","og_description":"In den modern ausgestatteten H\u00e4usern \u201eMaria Hilf\u201c -Wohnpark- und \u201eGuter Hirte\u201c sind heute untergebracht: In \u201eMaria Hilf\u201c leben derzeitig etwa 100 Ordensschwestern in\u00a0Altersruhe oder teilweise in der Kranken- und Altenpflege t\u00e4tig. Im Pflegeheim wird auch \u201eWohnen im Alter\u201c und Demenzpflege angeboten.\u00a0 Platz bietet das Haus zur Kurzzeitpflege. Dort k\u00f6nnen 41 Personen aufgenommen werden oder k\u00f6nnen [&hellip;]","og_url":"https:\/\/www.gemeinde-untermarchtal.de\/index.php\/wohnpark-maria-hilf-und-haus-guter-hirte\/","og_site_name":"Gemeinde Untermarchtal","article_modified_time":"2024-12-11T15:00:13+00:00","og_image":[{"url":"https:\/\/www.gemeinde-untermarchtal.de\/bilder\/wohnpark-maria-hilf.jpg","type":"","width":"","height":""}],"twitter_card":"summary_large_image","twitter_misc":{"Gesch\u00e4tzte Lesezeit":"2\u00a0Minuten"},"schema":{"@context":"https:\/\/schema.org","@graph":[{"@type":"WebPage","@id":"https:\/\/www.gemeinde-untermarchtal.de\/index.php\/wohnpark-maria-hilf-und-haus-guter-hirte\/","url":"https:\/\/www.gemeinde-untermarchtal.de\/index.php\/wohnpark-maria-hilf-und-haus-guter-hirte\/","name":"Wohnpark \u201eMaria Hilf\u201c und Haus \u201eGuter Hirte\u201c - Gemeinde Untermarchtal","isPartOf":{"@id":"https:\/\/www.gemeinde-untermarchtal.de\/#website"},"primaryImageOfPage":{"@id":"https:\/\/www.gemeinde-untermarchtal.de\/index.php\/wohnpark-maria-hilf-und-haus-guter-hirte\/#primaryimage"},"image":{"@id":"https:\/\/www.gemeinde-untermarchtal.de\/index.php\/wohnpark-maria-hilf-und-haus-guter-hirte\/#primaryimage"},"thumbnailUrl":"https:\/\/www.gemeinde-untermarchtal.de\/bilder\/wohnpark-maria-hilf.jpg","datePublished":"2024-12-11T14:58:42+00:00","dateModified":"2024-12-11T15:00:13+00:00","breadcrumb":{"@id":"https:\/\/www.gemeinde-untermarchtal.de\/index.php\/wohnpark-maria-hilf-und-haus-guter-hirte\/#breadcrumb"},"inLanguage":"de","potentialAction":[{"@type":"ReadAction","target":["https:\/\/www.gemeinde-untermarchtal.de\/index.php\/wohnpark-maria-hilf-und-haus-guter-hirte\/"]}]},{"@type":"ImageObject","inLanguage":"de","@id":"https:\/\/www.gemeinde-untermarchtal.de\/index.php\/wohnpark-maria-hilf-und-haus-guter-hirte\/#primaryimage","url":"https:\/\/www.gemeinde-untermarchtal.de\/bilder\/wohnpark-maria-hilf.jpg","contentUrl":"https:\/\/www.gemeinde-untermarchtal.de\/bilder\/wohnpark-maria-hilf.jpg","width":1386,"height":1039,"caption":"wohnpark-maria-hilf"},{"@type":"BreadcrumbList","@id":"https:\/\/www.gemeinde-untermarchtal.de\/index.php\/wohnpark-maria-hilf-und-haus-guter-hirte\/#breadcrumb","itemListElement":[{"@type":"ListItem","position":1,"name":"Startseite","item":"https:\/\/www.gemeinde-untermarchtal.de\/"},{"@type":"ListItem","position":2,"name":"Wohnpark \u201eMaria Hilf\u201c und Haus \u201eGuter Hirte\u201c"}]},{"@type":"WebSite","@id":"https:\/\/www.gemeinde-untermarchtal.de\/#website","url":"https:\/\/www.gemeinde-untermarchtal.de\/","name":"Gemeinde Untermarchtal","description":"Gemeinde Untermarchtal","potentialAction":[{"@type":"SearchAction","target":{"@type":"EntryPoint","urlTemplate":"https:\/\/www.gemeinde-untermarchtal.de\/?s={search_term_string}"},"query-input":{"@type":"PropertyValueSpecification","valueRequired":true,"valueName":"search_term_string"}}],"inLanguage":"de"}]}},"_links":{"self":[{"href":"https:\/\/www.gemeinde-untermarchtal.de\/index.php\/wp-json\/wp\/v2\/pages\/4995","targetHints":{"allow":["GET"]}}],"collection":[{"href":"https:\/\/www.gemeinde-untermarchtal.de\/index.php\/wp-json\/wp\/v2\/pages"}],"about":[{"href":"https:\/\/www.gemeinde-untermarchtal.de\/index.php\/wp-json\/wp\/v2\/types\/page"}],"author":[{"embeddable":true,"href":"https:\/\/www.gemeinde-untermarchtal.de\/index.php\/wp-json\/wp\/v2\/users\/1"}],"replies":[{"embeddable":true,"href":"https:\/\/www.gemeinde-untermarchtal.de\/index.php\/wp-json\/wp\/v2\/comments?post=4995"}],"version-history":[{"count":3,"href":"https:\/\/www.gemeinde-untermarchtal.de\/index.php\/wp-json\/wp\/v2\/pages\/4995\/revisions"}],"predecessor-version":[{"id":5000,"href":"https:\/\/www.gemeinde-untermarchtal.de\/index.php\/wp-json\/wp\/v2\/pages\/4995\/revisions\/5000"}],"wp:attachment":[{"href":"https:\/\/www.gemeinde-untermarchtal.de\/index.php\/wp-json\/wp\/v2\/media?parent=4995"}],"curies":[{"name":"wp","href":"https:\/\/api.w.org\/{rel}","templated":true}]}}